{"id":831,"date":"2024-02-06T19:43:18","date_gmt":"2024-02-06T17:43:18","guid":{"rendered":"https:\/\/glasir.com.ua\/?post_type=product&#038;p=831"},"modified":"2026-02-12T14:39:21","modified_gmt":"2026-02-12T12:39:21","slug":"%d0%b5%d0%bb%d0%b5%d0%ba%d1%82%d1%80%d0%be-%d1%80%d0%be%d0%b7%d1%94%d0%bc-camozzi-122-800-din-43650","status":"publish","type":"product","link":"https:\/\/glasir.com.ua\/pl\/product\/%d0%b5%d0%bb%d0%b5%d0%ba%d1%82%d1%80%d0%be-%d1%80%d0%be%d0%b7%d1%94%d0%bc-camozzi-122-800-din-43650\/","title":{"rendered":"Z\u0142\u0105cze elektryczne Camozzi 122-800 din 43650"},"content":{"rendered":"<p>Z\u0142\u0105cze elektryczne Camozzi 122-800 din 43650<\/p>\n<p>Z\u0142\u0105cze elektryczne Camozzi 122-800 jest z\u0142\u0105czem przeznaczonym do cewek elektromagnes\u00f3w stosowanych w uk\u0142adach sterowania pneumatycznego. Jest to standardowe z\u0142\u0105cze stosowane w wielu cewkach elektromagnetycznych, umo\u017cliwiaj\u0105ce wygodne i bezpieczne pod\u0142\u0105czenie cewek do sieci elektrycznej.<br \/>\nG\u0142\u00f3wne cechy z\u0142\u0105cza elektrycznego Camozzi 122-800:<br \/>\nPosiada 3 styki.<br \/>\n\u015arednica zewn\u0119trznego okr\u0105g\u0142ego korpusu wynosi 18 mm, a \u015brednica wewn\u0119trznego otworu wynosi 10 mm.<br \/>\nNapi\u0119cie robocze wynosi 24 V pr\u0105du sta\u0142ego (DC) lub 220 V pr\u0105du przemiennego (AC).<br \/>\nPosiada klas\u0119 ochrony IP65, kt\u00f3ra zapewnia ochron\u0119 przed kurzem i wilgoci\u0105.<br \/>\nMaksymalne dopuszczalne nat\u0119\u017cenie pr\u0105du wynosi 1,5 A.<br \/>\nZ\u0142\u0105cze Camozzi 122-800 mo\u017cna stosowa\u0107 z r\u00f3\u017cnymi cewkami elektromagnetycznymi wyposa\u017conymi w standardowe z\u0142\u0105cze. Umo\u017cliwia to wygodn\u0105 i szybk\u0105 wymian\u0119 cewek oraz gwarantuje niezawodn\u0105 prac\u0119 uk\u0142adu sterowania pneumatycznego.<br \/>\nAby zapewni\u0107 trwa\u0142o\u015b\u0107 z\u0142\u0105cza, zaleca si\u0119 zapewnienie odpowiedniej ochrony przed wilgoci\u0105 i zanieczyszczeniami. Nale\u017cy r\u00f3wnie\u017c sprawdzi\u0107, czy styki z\u0142\u0105cza s\u0105 prawid\u0142owo pod\u0142\u0105czone do styk\u00f3w cewki, aby unikn\u0105\u0107 uszkodze\u0144 i awarii w uk\u0142adzie sterowania pneumatycznego.<\/p>\n<p>Je\u017celi szukasz konkretnego kodu produktu Camozzi, ale nie znalaz\u0142e\u015b go w naszych ofertach, <a href=\"https:\/\/glasir.com.ua\/pl\/kontakt\/\">wy\u015blij nam zapytanie<\/a>.<br \/>\nZesp\u00f3\u0142 Glasir ch\u0119tnie udzieli Pa\u0144stwu pomocy i przygotuje ofert\u0119 handlow\u0105.<br \/>\nJeste\u015bmy zawsze gotowi udzieli\u0107 Ci niezb\u0119dnych informacji i znale\u017a\u0107 optymalne rozwi\u0105zanie dla Twojego biznesu.<br \/>\nWy\u015blij nam swoje zapytania, a my ch\u0119tnie Ci pomo\u017cemy!<\/p>","protected":false},"excerpt":{"rendered":"<p>Z\u0142\u0105cze elektryczne Camozzi 122-800 din 43650<\/p>","protected":false},"featured_media":832,"comment_status":"open","ping_status":"closed","template":"","meta":[],"product_brand":[],"product_cat":[122],"product_tag":[124],"class_list":{"0":"post-831","1":"product","2":"type-product","3":"status-publish","4":"has-post-thumbnail","6":"product_cat-122","7":"product_tag-camozzi","9":"first","10":"instock","11":"taxable","12":"shipping-taxable","13":"purchasable","14":"product-type-simple"},"yoast_head":"<!-- This site is optimized with the Yoast SEO plugin v27.2 - https:\/\/yoast.com\/product\/yoast-seo-wordpress\/ -->\n<title>\u0415\u043b\u0435\u043a\u0442\u0440\u043e \u0440\u043e\u0437&#039;\u0454\u043c Camozzi 122-800 din 43650 - Glasir<\/title>\n<meta name=\"robots\" content=\"index, follow, max-snippet:-1, max-image-preview:large, max-video-preview:-1\" \/>\n<link rel=\"canonical\" href=\"https:\/\/glasir.com.ua\/pl\/product\/\u0435\u043b\u0435\u043a\u0442\u0440\u043e-\u0440\u043e\u0437\u0454\u043c-camozzi-122-800-din-43650\/\" \/>\n<meta property=\"og:locale\" content=\"pl_PL\" \/>\n<meta property=\"og:type\" content=\"article\" \/>\n<meta property=\"og:title\" content=\"\u0415\u043b\u0435\u043a\u0442\u0440\u043e \u0440\u043e\u0437&#039;\u0454\u043c Camozzi 122-800 din 43650 - Glasir\" \/>\n<meta property=\"og:description\" content=\"\u0415\u043b\u0435\u043a\u0442\u0440\u043e \u0440\u043e\u0437&#039;\u0454\u043c Camozzi 122-800 din 43650\" \/>\n<meta property=\"og:url\" content=\"https:\/\/glasir.com.ua\/pl\/product\/\u0435\u043b\u0435\u043a\u0442\u0440\u043e-\u0440\u043e\u0437\u0454\u043c-camozzi-122-800-din-43650\/\" \/>\n<meta property=\"og:site_name\" content=\"Glasir\" \/>\n<meta property=\"article:modified_time\" content=\"2026-02-12T12:39:21+00:00\" \/>\n<meta property=\"og:image\" content=\"http:\/\/glasir.com.ua\/wp-content\/uploads\/2024\/02\/camozzi-122-800.jpg\" \/>\n\t<meta property=\"og:image:width\" content=\"1200\" \/>\n\t<meta property=\"og:image:height\" content=\"1200\" \/>\n\t<meta property=\"og:image:type\" content=\"image\/jpeg\" \/>\n<meta name=\"twitter:card\" content=\"summary_large_image\" \/>\n<meta name=\"twitter:label1\" content=\"Szacowany czas czytania\" \/>\n\t<meta name=\"twitter:data1\" content=\"2 minuty\" \/>\n<script type=\"application\/ld+json\" class=\"yoast-schema-graph\">{\"@context\":\"https:\/\/schema.org\",\"@graph\":[{\"@type\":[\"WebPage\",\"ItemPage\"],\"@id\":\"https:\/\/glasir.com.ua\/product\/%d0%b5%d0%bb%d0%b5%d0%ba%d1%82%d1%80%d0%be-%d1%80%d0%be%d0%b7%d1%94%d0%bc-camozzi-122-800-din-43650\/\",\"url\":\"https:\/\/glasir.com.ua\/product\/%d0%b5%d0%bb%d0%b5%d0%ba%d1%82%d1%80%d0%be-%d1%80%d0%be%d0%b7%d1%94%d0%bc-camozzi-122-800-din-43650\/\",\"name\":\"\u0415\u043b\u0435\u043a\u0442\u0440\u043e \u0440\u043e\u0437'\u0454\u043c Camozzi 122-800 din 43650 - Glasir\",\"isPartOf\":{\"@id\":\"https:\/\/glasir.com.ua\/#website\"},\"primaryImageOfPage\":{\"@id\":\"https:\/\/glasir.com.ua\/product\/%d0%b5%d0%bb%d0%b5%d0%ba%d1%82%d1%80%d0%be-%d1%80%d0%be%d0%b7%d1%94%d0%bc-camozzi-122-800-din-43650\/#primaryimage\"},\"image\":{\"@id\":\"https:\/\/glasir.com.ua\/product\/%d0%b5%d0%bb%d0%b5%d0%ba%d1%82%d1%80%d0%be-%d1%80%d0%be%d0%b7%d1%94%d0%bc-camozzi-122-800-din-43650\/#primaryimage\"},\"thumbnailUrl\":\"https:\/\/glasir.com.ua\/wp-content\/uploads\/2024\/02\/camozzi-122-800.jpg\",\"datePublished\":\"2024-02-06T17:43:18+00:00\",\"dateModified\":\"2026-02-12T12:39:21+00:00\",\"breadcrumb\":{\"@id\":\"https:\/\/glasir.com.ua\/product\/%d0%b5%d0%bb%d0%b5%d0%ba%d1%82%d1%80%d0%be-%d1%80%d0%be%d0%b7%d1%94%d0%bc-camozzi-122-800-din-43650\/#breadcrumb\"},\"inLanguage\":\"pl-PL\",\"potentialAction\":[{\"@type\":\"ReadAction\",\"target\":[\"https:\/\/glasir.com.ua\/product\/%d0%b5%d0%bb%d0%b5%d0%ba%d1%82%d1%80%d0%be-%d1%80%d0%be%d0%b7%d1%94%d0%bc-camozzi-122-800-din-43650\/\"]}]},{\"@type\":\"ImageObject\",\"inLanguage\":\"pl-PL\",\"@id\":\"https:\/\/glasir.com.ua\/product\/%d0%b5%d0%bb%d0%b5%d0%ba%d1%82%d1%80%d0%be-%d1%80%d0%be%d0%b7%d1%94%d0%bc-camozzi-122-800-din-43650\/#primaryimage\",\"url\":\"https:\/\/glasir.com.ua\/wp-content\/uploads\/2024\/02\/camozzi-122-800.jpg\",\"contentUrl\":\"https:\/\/glasir.com.ua\/wp-content\/uploads\/2024\/02\/camozzi-122-800.jpg\",\"width\":1200,\"height\":1200,\"caption\":\"Camozzi 122-800\"},{\"@type\":\"BreadcrumbList\",\"@id\":\"https:\/\/glasir.com.ua\/product\/%d0%b5%d0%bb%d0%b5%d0%ba%d1%82%d1%80%d0%be-%d1%80%d0%be%d0%b7%d1%94%d0%bc-camozzi-122-800-din-43650\/#breadcrumb\",\"itemListElement\":[{\"@type\":\"ListItem\",\"position\":1,\"name\":\"Home\",\"item\":\"https:\/\/glasir.com.ua\/\"},{\"@type\":\"ListItem\",\"position\":2,\"name\":\"\u0406\u043d\u0442\u0435\u0440\u043d\u0435\u0442-\u043c\u0430\u0433\u0430\u0437\u0438\u043d\",\"item\":\"https:\/\/glasir.com.ua\/shop\/\"},{\"@type\":\"ListItem\",\"position\":3,\"name\":\"\u0415\u043b\u0435\u043a\u0442\u0440\u043e \u0440\u043e\u0437&#8217;\u0454\u043c Camozzi 122-800 din 43650\"}]},{\"@type\":\"WebSite\",\"@id\":\"https:\/\/glasir.com.ua\/#website\",\"url\":\"https:\/\/glasir.com.ua\/\",\"name\":\"Glasir\",\"description\":\"\u041d\u0435\u043c\u0430\u0454 \u043f\u043e\u0440\u0456\u0432\u043d\u044f\u043d\u043d\u044f.\",\"publisher\":{\"@id\":\"https:\/\/glasir.com.ua\/#organization\"},\"potentialAction\":[{\"@type\":\"SearchAction\",\"target\":{\"@type\":\"EntryPoint\",\"urlTemplate\":\"https:\/\/glasir.com.ua\/?s={search_term_string}\"},\"query-input\":{\"@type\":\"PropertyValueSpecification\",\"valueRequired\":true,\"valueName\":\"search_term_string\"}}],\"inLanguage\":\"pl-PL\"},{\"@type\":\"Organization\",\"@id\":\"https:\/\/glasir.com.ua\/#organization\",\"name\":\"Glasir\",\"url\":\"https:\/\/glasir.com.ua\/\",\"logo\":{\"@type\":\"ImageObject\",\"inLanguage\":\"pl-PL\",\"@id\":\"https:\/\/glasir.com.ua\/#\/schema\/logo\/image\/\",\"url\":\"https:\/\/glasir.com.ua\/wp-content\/uploads\/2023\/06\/cropped-llc-glasir.png\",\"contentUrl\":\"https:\/\/glasir.com.ua\/wp-content\/uploads\/2023\/06\/cropped-llc-glasir.png\",\"width\":250,\"height\":250,\"caption\":\"Glasir\"},\"image\":{\"@id\":\"https:\/\/glasir.com.ua\/#\/schema\/logo\/image\/\"},\"sameAs\":[\"https:\/\/www.pinterest.com\/llc_glasir\",\"https:\/\/g.co\/kgs\/7CK1iZr\"]}]}<\/script>\n<!-- \/ Yoast SEO plugin. -->","yoast_head_json":{"title":"Z\u0142\u0105cze elektryczne Camozzi 122-800 din 43650 - Glasir","robots":{"index":"index","follow":"follow","max-snippet":"max-snippet:-1","max-image-preview":"max-image-preview:large","max-video-preview":"max-video-preview:-1"},"canonical":"https:\/\/glasir.com.ua\/pl\/product\/\u0435\u043b\u0435\u043a\u0442\u0440\u043e-\u0440\u043e\u0437\u0454\u043c-camozzi-122-800-din-43650\/","og_locale":"pl_PL","og_type":"article","og_title":"\u0415\u043b\u0435\u043a\u0442\u0440\u043e \u0440\u043e\u0437'\u0454\u043c Camozzi 122-800 din 43650 - Glasir","og_description":"\u0415\u043b\u0435\u043a\u0442\u0440\u043e \u0440\u043e\u0437'\u0454\u043c Camozzi 122-800 din 43650","og_url":"https:\/\/glasir.com.ua\/pl\/product\/\u0435\u043b\u0435\u043a\u0442\u0440\u043e-\u0440\u043e\u0437\u0454\u043c-camozzi-122-800-din-43650\/","og_site_name":"Glasir","article_modified_time":"2026-02-12T12:39:21+00:00","og_image":[{"width":1200,"height":1200,"url":"http:\/\/glasir.com.ua\/wp-content\/uploads\/2024\/02\/camozzi-122-800.jpg","type":"image\/jpeg"}],"twitter_card":"summary_large_image","twitter_misc":{"Szacowany czas czytania":"2 minuty"},"schema":{"@context":"https:\/\/schema.org","@graph":[{"@type":["WebPage","ItemPage"],"@id":"https:\/\/glasir.com.ua\/product\/%d0%b5%d0%bb%d0%b5%d0%ba%d1%82%d1%80%d0%be-%d1%80%d0%be%d0%b7%d1%94%d0%bc-camozzi-122-800-din-43650\/","url":"https:\/\/glasir.com.ua\/product\/%d0%b5%d0%bb%d0%b5%d0%ba%d1%82%d1%80%d0%be-%d1%80%d0%be%d0%b7%d1%94%d0%bc-camozzi-122-800-din-43650\/","name":"Z\u0142\u0105cze elektryczne Camozzi 122-800 din 43650 - Glasir","isPartOf":{"@id":"https:\/\/glasir.com.ua\/#website"},"primaryImageOfPage":{"@id":"https:\/\/glasir.com.ua\/product\/%d0%b5%d0%bb%d0%b5%d0%ba%d1%82%d1%80%d0%be-%d1%80%d0%be%d0%b7%d1%94%d0%bc-camozzi-122-800-din-43650\/#primaryimage"},"image":{"@id":"https:\/\/glasir.com.ua\/product\/%d0%b5%d0%bb%d0%b5%d0%ba%d1%82%d1%80%d0%be-%d1%80%d0%be%d0%b7%d1%94%d0%bc-camozzi-122-800-din-43650\/#primaryimage"},"thumbnailUrl":"https:\/\/glasir.com.ua\/wp-content\/uploads\/2024\/02\/camozzi-122-800.jpg","datePublished":"2024-02-06T17:43:18+00:00","dateModified":"2026-02-12T12:39:21+00:00","breadcrumb":{"@id":"https:\/\/glasir.com.ua\/product\/%d0%b5%d0%bb%d0%b5%d0%ba%d1%82%d1%80%d0%be-%d1%80%d0%be%d0%b7%d1%94%d0%bc-camozzi-122-800-din-43650\/#breadcrumb"},"inLanguage":"pl-PL","potentialAction":[{"@type":"ReadAction","target":["https:\/\/glasir.com.ua\/product\/%d0%b5%d0%bb%d0%b5%d0%ba%d1%82%d1%80%d0%be-%d1%80%d0%be%d0%b7%d1%94%d0%bc-camozzi-122-800-din-43650\/"]}]},{"@type":"ImageObject","inLanguage":"pl-PL","@id":"https:\/\/glasir.com.ua\/product\/%d0%b5%d0%bb%d0%b5%d0%ba%d1%82%d1%80%d0%be-%d1%80%d0%be%d0%b7%d1%94%d0%bc-camozzi-122-800-din-43650\/#primaryimage","url":"https:\/\/glasir.com.ua\/wp-content\/uploads\/2024\/02\/camozzi-122-800.jpg","contentUrl":"https:\/\/glasir.com.ua\/wp-content\/uploads\/2024\/02\/camozzi-122-800.jpg","width":1200,"height":1200,"caption":"Camozzi 122-800"},{"@type":"BreadcrumbList","@id":"https:\/\/glasir.com.ua\/product\/%d0%b5%d0%bb%d0%b5%d0%ba%d1%82%d1%80%d0%be-%d1%80%d0%be%d0%b7%d1%94%d0%bc-camozzi-122-800-din-43650\/#breadcrumb","itemListElement":[{"@type":"ListItem","position":1,"name":"Home","item":"https:\/\/glasir.com.ua\/"},{"@type":"ListItem","position":2,"name":"\u0406\u043d\u0442\u0435\u0440\u043d\u0435\u0442-\u043c\u0430\u0433\u0430\u0437\u0438\u043d","item":"https:\/\/glasir.com.ua\/shop\/"},{"@type":"ListItem","position":3,"name":"\u0415\u043b\u0435\u043a\u0442\u0440\u043e \u0440\u043e\u0437&#8217;\u0454\u043c Camozzi 122-800 din 43650"}]},{"@type":"WebSite","@id":"https:\/\/glasir.com.ua\/#website","url":"https:\/\/glasir.com.ua\/","name":"Glasir","description":"Nie ma por\u00f3wnania.","publisher":{"@id":"https:\/\/glasir.com.ua\/#organization"},"potentialAction":[{"@type":"SearchAction","target":{"@type":"EntryPoint","urlTemplate":"https:\/\/glasir.com.ua\/?s={search_term_string}"},"query-input":{"@type":"PropertyValueSpecification","valueRequired":true,"valueName":"search_term_string"}}],"inLanguage":"pl-PL"},{"@type":"Organization","@id":"https:\/\/glasir.com.ua\/#organization","name":"Glasir","url":"https:\/\/glasir.com.ua\/","logo":{"@type":"ImageObject","inLanguage":"pl-PL","@id":"https:\/\/glasir.com.ua\/#\/schema\/logo\/image\/","url":"https:\/\/glasir.com.ua\/wp-content\/uploads\/2023\/06\/cropped-llc-glasir.png","contentUrl":"https:\/\/glasir.com.ua\/wp-content\/uploads\/2023\/06\/cropped-llc-glasir.png","width":250,"height":250,"caption":"Glasir"},"image":{"@id":"https:\/\/glasir.com.ua\/#\/schema\/logo\/image\/"},"sameAs":["https:\/\/www.pinterest.com\/llc_glasir","https:\/\/g.co\/kgs\/7CK1iZr"]}]}},"_links":{"self":[{"href":"https:\/\/glasir.com.ua\/pl\/wp-json\/wp\/v2\/product\/831","targetHints":{"allow":["GET"]}}],"collection":[{"href":"https:\/\/glasir.com.ua\/pl\/wp-json\/wp\/v2\/product"}],"about":[{"href":"https:\/\/glasir.com.ua\/pl\/wp-json\/wp\/v2\/types\/product"}],"replies":[{"embeddable":true,"href":"https:\/\/glasir.com.ua\/pl\/wp-json\/wp\/v2\/comments?post=831"}],"wp:featuredmedia":[{"embeddable":true,"href":"https:\/\/glasir.com.ua\/pl\/wp-json\/wp\/v2\/media\/832"}],"wp:attachment":[{"href":"https:\/\/glasir.com.ua\/pl\/wp-json\/wp\/v2\/media?parent=831"}],"wp:term":[{"taxonomy":"product_brand","embeddable":true,"href":"https:\/\/glasir.com.ua\/pl\/wp-json\/wp\/v2\/product_brand?post=831"},{"taxonomy":"product_cat","embeddable":true,"href":"https:\/\/glasir.com.ua\/pl\/wp-json\/wp\/v2\/product_cat?post=831"},{"taxonomy":"product_tag","embeddable":true,"href":"https:\/\/glasir.com.ua\/pl\/wp-json\/wp\/v2\/product_tag?post=831"}],"curies":[{"name":"wp","href":"https:\/\/api.w.org\/{rel}","templated":true}]}}