{"id":830,"date":"2024-02-06T19:35:36","date_gmt":"2024-02-06T17:35:36","guid":{"rendered":"https:\/\/glasir.com.ua\/?post_type=product&#038;p=830"},"modified":"2026-02-12T14:06:02","modified_gmt":"2026-02-12T12:06:02","slug":"%d0%ba%d0%b0%d1%82%d1%83%d1%88%d0%ba%d0%b0-camozzi-u77-24v-dc-31w","status":"publish","type":"product","link":"https:\/\/glasir.com.ua\/pl\/product\/%d0%ba%d0%b0%d1%82%d1%83%d1%88%d0%ba%d0%b0-camozzi-u77-24v-dc-31w\/","title":{"rendered":"Cewka Camozzi U77 24V DC 3,1W"},"content":{"rendered":"<p>Cewka Camozzi U77 24V DC 3,1W<\/p>\n<p>Cewka elektromagnesu Camozzi U77<br \/>\nNapi\u0119cie: 24V\/DC, moc 3,1W lub 48V\/AC50\/60 Hz, moc 3,5VA. \u015arednica otworu do l\u0105dowania wynosi 10,3 mm.<br \/>\nNapi\u0119cie: 48V\/AC-50\/60 Hz, moc 3,5 VA.<br \/>\nWymiary ca\u0142kowite: 27,5 x 22 x 29,5 mm.<br \/>\nMateria\u0142 elektromagnesu: czarny polietylen z odporn\u0105 na wilgo\u0107 impregnacj\u0105 PET.<br \/>\nDopuszczalne wahania napi\u0119cia V\/DC: +\/-10%.<br \/>\nDopuszczalny zakres napi\u0119cia V\/AC: -15%\/+10%.<br \/>\nKlasa ochrony: IP65 z dodatkowym z\u0142\u0105czem 122-800.<br \/>\nTemperatura: -55\u00ba\u0421\u2026+80\u00ba\u0421.<br \/>\nIzolacja: Klasa F (155\u00baC)<br \/>\nZ\u0142\u0105cze standardowej odpowiedzi: 122-800.<br \/>\nZ\u0142\u0105cze z diod\u0105 LED: 122-601.<br \/>\nTryb pracy: tryb pracy 100%.<br \/>\n\u015arodowisko pracy: wilgotno\u015b\u0107 umiarkowana do wysokiej.<br \/>\nDost\u0119pna wersja: z certyfikatem ATEX.<\/p>\n<p>Je\u017celi szukasz konkretnego kodu produktu Camozzi, ale nie znalaz\u0142e\u015b go w naszych ofertach, <a href=\"https:\/\/glasir.com.ua\/pl\/kontakt\/\">wy\u015blij nam zapytanie<\/a>.<br \/>\nZesp\u00f3\u0142 Glasir ch\u0119tnie udzieli Pa\u0144stwu pomocy i przygotuje ofert\u0119 handlow\u0105.<br \/>\nJeste\u015bmy zawsze gotowi udzieli\u0107 Ci niezb\u0119dnych informacji i znale\u017a\u0107 optymalne rozwi\u0105zanie dla Twojego biznesu.<br \/>\nWy\u015blij nam swoje zapytania, a my ch\u0119tnie Ci pomo\u017cemy!<\/p>","protected":false},"excerpt":{"rendered":"<p>Cewka Camozzi U77 24V DC 3,1W<\/p>","protected":false},"featured_media":829,"comment_status":"open","ping_status":"closed","template":"","meta":[],"product_brand":[],"product_cat":[122],"product_tag":[124],"class_list":{"0":"post-830","1":"product","2":"type-product","3":"status-publish","4":"has-post-thumbnail","6":"product_cat-122","7":"product_tag-camozzi","9":"first","10":"instock","11":"taxable","12":"shipping-taxable","13":"purchasable","14":"product-type-simple"},"yoast_head":"<!-- This site is optimized with the Yoast SEO plugin v27.2 - https:\/\/yoast.com\/product\/yoast-seo-wordpress\/ -->\n<title>\u041a\u0430\u0442\u0443\u0448\u043a\u0430 Camozzi U77 24V DC 3,1W - Glasir<\/title>\n<meta name=\"robots\" content=\"index, follow, max-snippet:-1, max-image-preview:large, max-video-preview:-1\" \/>\n<link rel=\"canonical\" href=\"https:\/\/glasir.com.ua\/pl\/product\/\u043a\u0430\u0442\u0443\u0448\u043a\u0430-camozzi-u77-24v-dc-31w\/\" \/>\n<meta property=\"og:locale\" content=\"pl_PL\" \/>\n<meta property=\"og:type\" content=\"article\" \/>\n<meta property=\"og:title\" content=\"\u041a\u0430\u0442\u0443\u0448\u043a\u0430 Camozzi U77 24V DC 3,1W - Glasir\" \/>\n<meta property=\"og:description\" content=\"\u041a\u0430\u0442\u0443\u0448\u043a\u0430 Camozzi U77 24V DC 3,1W\" \/>\n<meta property=\"og:url\" content=\"https:\/\/glasir.com.ua\/pl\/product\/\u043a\u0430\u0442\u0443\u0448\u043a\u0430-camozzi-u77-24v-dc-31w\/\" \/>\n<meta property=\"og:site_name\" content=\"Glasir\" \/>\n<meta property=\"article:modified_time\" content=\"2026-02-12T12:06:02+00:00\" \/>\n<meta property=\"og:image\" content=\"http:\/\/glasir.com.ua\/wp-content\/uploads\/2024\/02\/camozzi-u77.jpg\" \/>\n\t<meta property=\"og:image:width\" content=\"515\" \/>\n\t<meta property=\"og:image:height\" content=\"515\" \/>\n\t<meta property=\"og:image:type\" content=\"image\/jpeg\" \/>\n<meta name=\"twitter:card\" content=\"summary_large_image\" \/>\n<meta name=\"twitter:label1\" content=\"Szacowany czas czytania\" \/>\n\t<meta name=\"twitter:data1\" content=\"1 minuta\" \/>\n<script type=\"application\/ld+json\" class=\"yoast-schema-graph\">{\"@context\":\"https:\/\/schema.org\",\"@graph\":[{\"@type\":[\"WebPage\",\"ItemPage\"],\"@id\":\"https:\/\/glasir.com.ua\/product\/%d0%ba%d0%b0%d1%82%d1%83%d1%88%d0%ba%d0%b0-camozzi-u77-24v-dc-31w\/\",\"url\":\"https:\/\/glasir.com.ua\/product\/%d0%ba%d0%b0%d1%82%d1%83%d1%88%d0%ba%d0%b0-camozzi-u77-24v-dc-31w\/\",\"name\":\"\u041a\u0430\u0442\u0443\u0448\u043a\u0430 Camozzi U77 24V DC 3,1W - Glasir\",\"isPartOf\":{\"@id\":\"https:\/\/glasir.com.ua\/#website\"},\"primaryImageOfPage\":{\"@id\":\"https:\/\/glasir.com.ua\/product\/%d0%ba%d0%b0%d1%82%d1%83%d1%88%d0%ba%d0%b0-camozzi-u77-24v-dc-31w\/#primaryimage\"},\"image\":{\"@id\":\"https:\/\/glasir.com.ua\/product\/%d0%ba%d0%b0%d1%82%d1%83%d1%88%d0%ba%d0%b0-camozzi-u77-24v-dc-31w\/#primaryimage\"},\"thumbnailUrl\":\"https:\/\/glasir.com.ua\/wp-content\/uploads\/2024\/02\/camozzi-u77.jpg\",\"datePublished\":\"2024-02-06T17:35:36+00:00\",\"dateModified\":\"2026-02-12T12:06:02+00:00\",\"breadcrumb\":{\"@id\":\"https:\/\/glasir.com.ua\/product\/%d0%ba%d0%b0%d1%82%d1%83%d1%88%d0%ba%d0%b0-camozzi-u77-24v-dc-31w\/#breadcrumb\"},\"inLanguage\":\"pl-PL\",\"potentialAction\":[{\"@type\":\"ReadAction\",\"target\":[\"https:\/\/glasir.com.ua\/product\/%d0%ba%d0%b0%d1%82%d1%83%d1%88%d0%ba%d0%b0-camozzi-u77-24v-dc-31w\/\"]}]},{\"@type\":\"ImageObject\",\"inLanguage\":\"pl-PL\",\"@id\":\"https:\/\/glasir.com.ua\/product\/%d0%ba%d0%b0%d1%82%d1%83%d1%88%d0%ba%d0%b0-camozzi-u77-24v-dc-31w\/#primaryimage\",\"url\":\"https:\/\/glasir.com.ua\/wp-content\/uploads\/2024\/02\/camozzi-u77.jpg\",\"contentUrl\":\"https:\/\/glasir.com.ua\/wp-content\/uploads\/2024\/02\/camozzi-u77.jpg\",\"width\":515,\"height\":515,\"caption\":\"Camozzi U77\"},{\"@type\":\"BreadcrumbList\",\"@id\":\"https:\/\/glasir.com.ua\/product\/%d0%ba%d0%b0%d1%82%d1%83%d1%88%d0%ba%d0%b0-camozzi-u77-24v-dc-31w\/#breadcrumb\",\"itemListElement\":[{\"@type\":\"ListItem\",\"position\":1,\"name\":\"Home\",\"item\":\"https:\/\/glasir.com.ua\/\"},{\"@type\":\"ListItem\",\"position\":2,\"name\":\"\u0406\u043d\u0442\u0435\u0440\u043d\u0435\u0442-\u043c\u0430\u0433\u0430\u0437\u0438\u043d\",\"item\":\"https:\/\/glasir.com.ua\/shop\/\"},{\"@type\":\"ListItem\",\"position\":3,\"name\":\"\u041a\u0430\u0442\u0443\u0448\u043a\u0430 Camozzi U77 24V DC 3,1W\"}]},{\"@type\":\"WebSite\",\"@id\":\"https:\/\/glasir.com.ua\/#website\",\"url\":\"https:\/\/glasir.com.ua\/\",\"name\":\"Glasir\",\"description\":\"\u041d\u0435\u043c\u0430\u0454 \u043f\u043e\u0440\u0456\u0432\u043d\u044f\u043d\u043d\u044f.\",\"publisher\":{\"@id\":\"https:\/\/glasir.com.ua\/#organization\"},\"potentialAction\":[{\"@type\":\"SearchAction\",\"target\":{\"@type\":\"EntryPoint\",\"urlTemplate\":\"https:\/\/glasir.com.ua\/?s={search_term_string}\"},\"query-input\":{\"@type\":\"PropertyValueSpecification\",\"valueRequired\":true,\"valueName\":\"search_term_string\"}}],\"inLanguage\":\"pl-PL\"},{\"@type\":\"Organization\",\"@id\":\"https:\/\/glasir.com.ua\/#organization\",\"name\":\"Glasir\",\"url\":\"https:\/\/glasir.com.ua\/\",\"logo\":{\"@type\":\"ImageObject\",\"inLanguage\":\"pl-PL\",\"@id\":\"https:\/\/glasir.com.ua\/#\/schema\/logo\/image\/\",\"url\":\"https:\/\/glasir.com.ua\/wp-content\/uploads\/2023\/06\/cropped-llc-glasir.png\",\"contentUrl\":\"https:\/\/glasir.com.ua\/wp-content\/uploads\/2023\/06\/cropped-llc-glasir.png\",\"width\":250,\"height\":250,\"caption\":\"Glasir\"},\"image\":{\"@id\":\"https:\/\/glasir.com.ua\/#\/schema\/logo\/image\/\"},\"sameAs\":[\"https:\/\/www.pinterest.com\/llc_glasir\",\"https:\/\/g.co\/kgs\/7CK1iZr\"]}]}<\/script>\n<!-- \/ Yoast SEO plugin. -->","yoast_head_json":{"title":"Cewka Camozzi U77 24V DC 3.1W - Glasir","robots":{"index":"index","follow":"follow","max-snippet":"max-snippet:-1","max-image-preview":"max-image-preview:large","max-video-preview":"max-video-preview:-1"},"canonical":"https:\/\/glasir.com.ua\/pl\/product\/\u043a\u0430\u0442\u0443\u0448\u043a\u0430-camozzi-u77-24v-dc-31w\/","og_locale":"pl_PL","og_type":"article","og_title":"\u041a\u0430\u0442\u0443\u0448\u043a\u0430 Camozzi U77 24V DC 3,1W - Glasir","og_description":"\u041a\u0430\u0442\u0443\u0448\u043a\u0430 Camozzi U77 24V DC 3,1W","og_url":"https:\/\/glasir.com.ua\/pl\/product\/\u043a\u0430\u0442\u0443\u0448\u043a\u0430-camozzi-u77-24v-dc-31w\/","og_site_name":"Glasir","article_modified_time":"2026-02-12T12:06:02+00:00","og_image":[{"width":515,"height":515,"url":"http:\/\/glasir.com.ua\/wp-content\/uploads\/2024\/02\/camozzi-u77.jpg","type":"image\/jpeg"}],"twitter_card":"summary_large_image","twitter_misc":{"Szacowany czas czytania":"1 minuta"},"schema":{"@context":"https:\/\/schema.org","@graph":[{"@type":["WebPage","ItemPage"],"@id":"https:\/\/glasir.com.ua\/product\/%d0%ba%d0%b0%d1%82%d1%83%d1%88%d0%ba%d0%b0-camozzi-u77-24v-dc-31w\/","url":"https:\/\/glasir.com.ua\/product\/%d0%ba%d0%b0%d1%82%d1%83%d1%88%d0%ba%d0%b0-camozzi-u77-24v-dc-31w\/","name":"Cewka Camozzi U77 24V DC 3.1W - Glasir","isPartOf":{"@id":"https:\/\/glasir.com.ua\/#website"},"primaryImageOfPage":{"@id":"https:\/\/glasir.com.ua\/product\/%d0%ba%d0%b0%d1%82%d1%83%d1%88%d0%ba%d0%b0-camozzi-u77-24v-dc-31w\/#primaryimage"},"image":{"@id":"https:\/\/glasir.com.ua\/product\/%d0%ba%d0%b0%d1%82%d1%83%d1%88%d0%ba%d0%b0-camozzi-u77-24v-dc-31w\/#primaryimage"},"thumbnailUrl":"https:\/\/glasir.com.ua\/wp-content\/uploads\/2024\/02\/camozzi-u77.jpg","datePublished":"2024-02-06T17:35:36+00:00","dateModified":"2026-02-12T12:06:02+00:00","breadcrumb":{"@id":"https:\/\/glasir.com.ua\/product\/%d0%ba%d0%b0%d1%82%d1%83%d1%88%d0%ba%d0%b0-camozzi-u77-24v-dc-31w\/#breadcrumb"},"inLanguage":"pl-PL","potentialAction":[{"@type":"ReadAction","target":["https:\/\/glasir.com.ua\/product\/%d0%ba%d0%b0%d1%82%d1%83%d1%88%d0%ba%d0%b0-camozzi-u77-24v-dc-31w\/"]}]},{"@type":"ImageObject","inLanguage":"pl-PL","@id":"https:\/\/glasir.com.ua\/product\/%d0%ba%d0%b0%d1%82%d1%83%d1%88%d0%ba%d0%b0-camozzi-u77-24v-dc-31w\/#primaryimage","url":"https:\/\/glasir.com.ua\/wp-content\/uploads\/2024\/02\/camozzi-u77.jpg","contentUrl":"https:\/\/glasir.com.ua\/wp-content\/uploads\/2024\/02\/camozzi-u77.jpg","width":515,"height":515,"caption":"Camozzi U77"},{"@type":"BreadcrumbList","@id":"https:\/\/glasir.com.ua\/product\/%d0%ba%d0%b0%d1%82%d1%83%d1%88%d0%ba%d0%b0-camozzi-u77-24v-dc-31w\/#breadcrumb","itemListElement":[{"@type":"ListItem","position":1,"name":"Home","item":"https:\/\/glasir.com.ua\/"},{"@type":"ListItem","position":2,"name":"\u0406\u043d\u0442\u0435\u0440\u043d\u0435\u0442-\u043c\u0430\u0433\u0430\u0437\u0438\u043d","item":"https:\/\/glasir.com.ua\/shop\/"},{"@type":"ListItem","position":3,"name":"\u041a\u0430\u0442\u0443\u0448\u043a\u0430 Camozzi U77 24V DC 3,1W"}]},{"@type":"WebSite","@id":"https:\/\/glasir.com.ua\/#website","url":"https:\/\/glasir.com.ua\/","name":"Glasir","description":"Nie ma por\u00f3wnania.","publisher":{"@id":"https:\/\/glasir.com.ua\/#organization"},"potentialAction":[{"@type":"SearchAction","target":{"@type":"EntryPoint","urlTemplate":"https:\/\/glasir.com.ua\/?s={search_term_string}"},"query-input":{"@type":"PropertyValueSpecification","valueRequired":true,"valueName":"search_term_string"}}],"inLanguage":"pl-PL"},{"@type":"Organization","@id":"https:\/\/glasir.com.ua\/#organization","name":"Glasir","url":"https:\/\/glasir.com.ua\/","logo":{"@type":"ImageObject","inLanguage":"pl-PL","@id":"https:\/\/glasir.com.ua\/#\/schema\/logo\/image\/","url":"https:\/\/glasir.com.ua\/wp-content\/uploads\/2023\/06\/cropped-llc-glasir.png","contentUrl":"https:\/\/glasir.com.ua\/wp-content\/uploads\/2023\/06\/cropped-llc-glasir.png","width":250,"height":250,"caption":"Glasir"},"image":{"@id":"https:\/\/glasir.com.ua\/#\/schema\/logo\/image\/"},"sameAs":["https:\/\/www.pinterest.com\/llc_glasir","https:\/\/g.co\/kgs\/7CK1iZr"]}]}},"_links":{"self":[{"href":"https:\/\/glasir.com.ua\/pl\/wp-json\/wp\/v2\/product\/830","targetHints":{"allow":["GET"]}}],"collection":[{"href":"https:\/\/glasir.com.ua\/pl\/wp-json\/wp\/v2\/product"}],"about":[{"href":"https:\/\/glasir.com.ua\/pl\/wp-json\/wp\/v2\/types\/product"}],"replies":[{"embeddable":true,"href":"https:\/\/glasir.com.ua\/pl\/wp-json\/wp\/v2\/comments?post=830"}],"wp:featuredmedia":[{"embeddable":true,"href":"https:\/\/glasir.com.ua\/pl\/wp-json\/wp\/v2\/media\/829"}],"wp:attachment":[{"href":"https:\/\/glasir.com.ua\/pl\/wp-json\/wp\/v2\/media?parent=830"}],"wp:term":[{"taxonomy":"product_brand","embeddable":true,"href":"https:\/\/glasir.com.ua\/pl\/wp-json\/wp\/v2\/product_brand?post=830"},{"taxonomy":"product_cat","embeddable":true,"href":"https:\/\/glasir.com.ua\/pl\/wp-json\/wp\/v2\/product_cat?post=830"},{"taxonomy":"product_tag","embeddable":true,"href":"https:\/\/glasir.com.ua\/pl\/wp-json\/wp\/v2\/product_tag?post=830"}],"curies":[{"name":"wp","href":"https:\/\/api.w.org\/{rel}","templated":true}]}}