{"id":825,"date":"2024-02-06T19:07:43","date_gmt":"2024-02-06T17:07:43","guid":{"rendered":"https:\/\/glasir.com.ua\/?post_type=product&#038;p=825"},"modified":"2026-01-23T16:35:34","modified_gmt":"2026-01-23T14:35:34","slug":"%d1%80%d0%be%d0%b7%d0%bf%d0%be%d0%b4%d1%96%d0%bb%d1%8c%d0%bd%d0%b8%d0%ba-camozzi-a331-1c2-3-2-nc-g1-8","status":"publish","type":"product","link":"https:\/\/glasir.com.ua\/pl\/product\/%d1%80%d0%be%d0%b7%d0%bf%d0%be%d0%b4%d1%96%d0%bb%d1%8c%d0%bd%d0%b8%d0%ba-camozzi-a331-1c2-3-2-nc-g1-8\/","title":{"rendered":"Dystrybutor Camozzi A331-1C2 3\/2 NC G1\/8"},"content":{"rendered":"<p>Dystrybutor Camozzi A331-1C2 3\/2 NC G1\/8<\/p>\n<p>Typ po\u0142\u0105czenia: Wtyczka<br \/>\nGwint wewn\u0119trzny: 1\/8\u2033<br \/>\nTyp po\u0142\u0105czenia wtykowego: Proste<br \/>\nTyp: Rozdzielacz pneumatyczny<br \/>\nMateria\u0142 produktu: Mosi\u0105dz<br \/>\nWaga: 0,2 kg<br \/>\nPo\u0142\u0105czenie: gwintowane<br \/>\nDost\u0119pno\u015b\u0107 cewki i z\u0142\u0105cza: dostarczane bez cewki i z\u0142\u0105cza<\/p>\n<p>Je\u017celi szukasz konkretnego kodu produktu Camozzi, ale nie znalaz\u0142e\u015b go w naszych ofertach, <a href=\"https:\/\/glasir.com.ua\/pl\/kontakt\/\">wy\u015blij nam zapytanie<\/a>.<br \/>\nZesp\u00f3\u0142 Glasir ch\u0119tnie udzieli Pa\u0144stwu pomocy i przygotuje ofert\u0119 handlow\u0105.<br \/>\nJeste\u015bmy zawsze gotowi udzieli\u0107 Ci niezb\u0119dnych informacji i znale\u017a\u0107 optymalne rozwi\u0105zanie dla Twojego biznesu.<br \/>\nWy\u015blij nam swoje zapytania, a my ch\u0119tnie Ci pomo\u017cemy!<\/p>","protected":false},"excerpt":{"rendered":"<p>Dystrybutor Camozzi A331-1C2 3\/2 NC G1\/8<\/p>","protected":false},"featured_media":883,"comment_status":"open","ping_status":"closed","template":"","meta":[],"product_brand":[],"product_cat":[122],"product_tag":[124],"class_list":{"0":"post-825","1":"product","2":"type-product","3":"status-publish","4":"has-post-thumbnail","6":"product_cat-122","7":"product_tag-camozzi","9":"first","10":"instock","11":"taxable","12":"shipping-taxable","13":"purchasable","14":"product-type-simple"},"yoast_head":"<!-- This site is optimized with the Yoast SEO plugin v27.2 - https:\/\/yoast.com\/product\/yoast-seo-wordpress\/ -->\n<title>\u0420\u043e\u0437\u043f\u043e\u0434\u0456\u043b\u044c\u043d\u0438\u043a Camozzi A331-1C2 3\/2 NC G1\/8 - Glasir<\/title>\n<meta name=\"robots\" content=\"index, follow, max-snippet:-1, max-image-preview:large, max-video-preview:-1\" \/>\n<link rel=\"canonical\" href=\"https:\/\/glasir.com.ua\/pl\/product\/\u0440\u043e\u0437\u043f\u043e\u0434\u0456\u043b\u044c\u043d\u0438\u043a-camozzi-a331-1c2-3-2-nc-g1-8\/\" \/>\n<meta property=\"og:locale\" content=\"pl_PL\" \/>\n<meta property=\"og:type\" content=\"article\" \/>\n<meta property=\"og:title\" content=\"\u0420\u043e\u0437\u043f\u043e\u0434\u0456\u043b\u044c\u043d\u0438\u043a Camozzi A331-1C2 3\/2 NC G1\/8 - Glasir\" \/>\n<meta property=\"og:description\" content=\"\u0420\u043e\u0437\u043f\u043e\u0434\u0456\u043b\u044c\u043d\u0438\u043a Camozzi A331-1C2 3\/2 NC G1\/8\" \/>\n<meta property=\"og:url\" content=\"https:\/\/glasir.com.ua\/pl\/product\/\u0440\u043e\u0437\u043f\u043e\u0434\u0456\u043b\u044c\u043d\u0438\u043a-camozzi-a331-1c2-3-2-nc-g1-8\/\" \/>\n<meta property=\"og:site_name\" content=\"Glasir\" \/>\n<meta property=\"article:modified_time\" content=\"2026-01-23T14:35:34+00:00\" \/>\n<meta property=\"og:image\" content=\"http:\/\/glasir.com.ua\/wp-content\/uploads\/2024\/02\/a331-1c2.jpg\" \/>\n\t<meta property=\"og:image:width\" content=\"1152\" \/>\n\t<meta property=\"og:image:height\" content=\"648\" \/>\n\t<meta property=\"og:image:type\" content=\"image\/jpeg\" \/>\n<meta name=\"twitter:card\" content=\"summary_large_image\" \/>\n<meta name=\"twitter:label1\" content=\"Szacowany czas czytania\" \/>\n\t<meta name=\"twitter:data1\" content=\"1 minuta\" \/>\n<script type=\"application\/ld+json\" class=\"yoast-schema-graph\">{\"@context\":\"https:\/\/schema.org\",\"@graph\":[{\"@type\":[\"WebPage\",\"ItemPage\"],\"@id\":\"https:\/\/glasir.com.ua\/product\/%d1%80%d0%be%d0%b7%d0%bf%d0%be%d0%b4%d1%96%d0%bb%d1%8c%d0%bd%d0%b8%d0%ba-camozzi-a331-1c2-3-2-nc-g1-8\/\",\"url\":\"https:\/\/glasir.com.ua\/product\/%d1%80%d0%be%d0%b7%d0%bf%d0%be%d0%b4%d1%96%d0%bb%d1%8c%d0%bd%d0%b8%d0%ba-camozzi-a331-1c2-3-2-nc-g1-8\/\",\"name\":\"\u0420\u043e\u0437\u043f\u043e\u0434\u0456\u043b\u044c\u043d\u0438\u043a Camozzi A331-1C2 3\/2 NC G1\/8 - Glasir\",\"isPartOf\":{\"@id\":\"https:\/\/glasir.com.ua\/#website\"},\"primaryImageOfPage\":{\"@id\":\"https:\/\/glasir.com.ua\/product\/%d1%80%d0%be%d0%b7%d0%bf%d0%be%d0%b4%d1%96%d0%bb%d1%8c%d0%bd%d0%b8%d0%ba-camozzi-a331-1c2-3-2-nc-g1-8\/#primaryimage\"},\"image\":{\"@id\":\"https:\/\/glasir.com.ua\/product\/%d1%80%d0%be%d0%b7%d0%bf%d0%be%d0%b4%d1%96%d0%bb%d1%8c%d0%bd%d0%b8%d0%ba-camozzi-a331-1c2-3-2-nc-g1-8\/#primaryimage\"},\"thumbnailUrl\":\"https:\/\/glasir.com.ua\/wp-content\/uploads\/2024\/02\/a331-1c2.jpg\",\"datePublished\":\"2024-02-06T17:07:43+00:00\",\"dateModified\":\"2026-01-23T14:35:34+00:00\",\"breadcrumb\":{\"@id\":\"https:\/\/glasir.com.ua\/product\/%d1%80%d0%be%d0%b7%d0%bf%d0%be%d0%b4%d1%96%d0%bb%d1%8c%d0%bd%d0%b8%d0%ba-camozzi-a331-1c2-3-2-nc-g1-8\/#breadcrumb\"},\"inLanguage\":\"pl-PL\",\"potentialAction\":[{\"@type\":\"ReadAction\",\"target\":[\"https:\/\/glasir.com.ua\/product\/%d1%80%d0%be%d0%b7%d0%bf%d0%be%d0%b4%d1%96%d0%bb%d1%8c%d0%bd%d0%b8%d0%ba-camozzi-a331-1c2-3-2-nc-g1-8\/\"]}]},{\"@type\":\"ImageObject\",\"inLanguage\":\"pl-PL\",\"@id\":\"https:\/\/glasir.com.ua\/product\/%d1%80%d0%be%d0%b7%d0%bf%d0%be%d0%b4%d1%96%d0%bb%d1%8c%d0%bd%d0%b8%d0%ba-camozzi-a331-1c2-3-2-nc-g1-8\/#primaryimage\",\"url\":\"https:\/\/glasir.com.ua\/wp-content\/uploads\/2024\/02\/a331-1c2.jpg\",\"contentUrl\":\"https:\/\/glasir.com.ua\/wp-content\/uploads\/2024\/02\/a331-1c2.jpg\",\"width\":1152,\"height\":648,\"caption\":\"Camozzi A331-1C2\"},{\"@type\":\"BreadcrumbList\",\"@id\":\"https:\/\/glasir.com.ua\/product\/%d1%80%d0%be%d0%b7%d0%bf%d0%be%d0%b4%d1%96%d0%bb%d1%8c%d0%bd%d0%b8%d0%ba-camozzi-a331-1c2-3-2-nc-g1-8\/#breadcrumb\",\"itemListElement\":[{\"@type\":\"ListItem\",\"position\":1,\"name\":\"Home\",\"item\":\"https:\/\/glasir.com.ua\/\"},{\"@type\":\"ListItem\",\"position\":2,\"name\":\"\u0406\u043d\u0442\u0435\u0440\u043d\u0435\u0442-\u043c\u0430\u0433\u0430\u0437\u0438\u043d\",\"item\":\"https:\/\/glasir.com.ua\/shop\/\"},{\"@type\":\"ListItem\",\"position\":3,\"name\":\"\u0420\u043e\u0437\u043f\u043e\u0434\u0456\u043b\u044c\u043d\u0438\u043a Camozzi A331-1C2 3\/2 NC G1\/8\"}]},{\"@type\":\"WebSite\",\"@id\":\"https:\/\/glasir.com.ua\/#website\",\"url\":\"https:\/\/glasir.com.ua\/\",\"name\":\"Glasir\",\"description\":\"\u041d\u0435\u043c\u0430\u0454 \u043f\u043e\u0440\u0456\u0432\u043d\u044f\u043d\u043d\u044f.\",\"publisher\":{\"@id\":\"https:\/\/glasir.com.ua\/#organization\"},\"potentialAction\":[{\"@type\":\"SearchAction\",\"target\":{\"@type\":\"EntryPoint\",\"urlTemplate\":\"https:\/\/glasir.com.ua\/?s={search_term_string}\"},\"query-input\":{\"@type\":\"PropertyValueSpecification\",\"valueRequired\":true,\"valueName\":\"search_term_string\"}}],\"inLanguage\":\"pl-PL\"},{\"@type\":\"Organization\",\"@id\":\"https:\/\/glasir.com.ua\/#organization\",\"name\":\"Glasir\",\"url\":\"https:\/\/glasir.com.ua\/\",\"logo\":{\"@type\":\"ImageObject\",\"inLanguage\":\"pl-PL\",\"@id\":\"https:\/\/glasir.com.ua\/#\/schema\/logo\/image\/\",\"url\":\"https:\/\/glasir.com.ua\/wp-content\/uploads\/2023\/06\/cropped-llc-glasir.png\",\"contentUrl\":\"https:\/\/glasir.com.ua\/wp-content\/uploads\/2023\/06\/cropped-llc-glasir.png\",\"width\":250,\"height\":250,\"caption\":\"Glasir\"},\"image\":{\"@id\":\"https:\/\/glasir.com.ua\/#\/schema\/logo\/image\/\"},\"sameAs\":[\"https:\/\/www.pinterest.com\/llc_glasir\",\"https:\/\/g.co\/kgs\/7CK1iZr\"]}]}<\/script>\n<!-- \/ Yoast SEO plugin. -->","yoast_head_json":{"title":"Dystrybutor Camozzi A331-1C2 3\/2 NC G1\/8 - Glasir","robots":{"index":"index","follow":"follow","max-snippet":"max-snippet:-1","max-image-preview":"max-image-preview:large","max-video-preview":"max-video-preview:-1"},"canonical":"https:\/\/glasir.com.ua\/pl\/product\/\u0440\u043e\u0437\u043f\u043e\u0434\u0456\u043b\u044c\u043d\u0438\u043a-camozzi-a331-1c2-3-2-nc-g1-8\/","og_locale":"pl_PL","og_type":"article","og_title":"\u0420\u043e\u0437\u043f\u043e\u0434\u0456\u043b\u044c\u043d\u0438\u043a Camozzi A331-1C2 3\/2 NC G1\/8 - Glasir","og_description":"\u0420\u043e\u0437\u043f\u043e\u0434\u0456\u043b\u044c\u043d\u0438\u043a Camozzi A331-1C2 3\/2 NC G1\/8","og_url":"https:\/\/glasir.com.ua\/pl\/product\/\u0440\u043e\u0437\u043f\u043e\u0434\u0456\u043b\u044c\u043d\u0438\u043a-camozzi-a331-1c2-3-2-nc-g1-8\/","og_site_name":"Glasir","article_modified_time":"2026-01-23T14:35:34+00:00","og_image":[{"width":1152,"height":648,"url":"http:\/\/glasir.com.ua\/wp-content\/uploads\/2024\/02\/a331-1c2.jpg","type":"image\/jpeg"}],"twitter_card":"summary_large_image","twitter_misc":{"Szacowany czas czytania":"1 minuta"},"schema":{"@context":"https:\/\/schema.org","@graph":[{"@type":["WebPage","ItemPage"],"@id":"https:\/\/glasir.com.ua\/product\/%d1%80%d0%be%d0%b7%d0%bf%d0%be%d0%b4%d1%96%d0%bb%d1%8c%d0%bd%d0%b8%d0%ba-camozzi-a331-1c2-3-2-nc-g1-8\/","url":"https:\/\/glasir.com.ua\/product\/%d1%80%d0%be%d0%b7%d0%bf%d0%be%d0%b4%d1%96%d0%bb%d1%8c%d0%bd%d0%b8%d0%ba-camozzi-a331-1c2-3-2-nc-g1-8\/","name":"Dystrybutor Camozzi A331-1C2 3\/2 NC G1\/8 - Glasir","isPartOf":{"@id":"https:\/\/glasir.com.ua\/#website"},"primaryImageOfPage":{"@id":"https:\/\/glasir.com.ua\/product\/%d1%80%d0%be%d0%b7%d0%bf%d0%be%d0%b4%d1%96%d0%bb%d1%8c%d0%bd%d0%b8%d0%ba-camozzi-a331-1c2-3-2-nc-g1-8\/#primaryimage"},"image":{"@id":"https:\/\/glasir.com.ua\/product\/%d1%80%d0%be%d0%b7%d0%bf%d0%be%d0%b4%d1%96%d0%bb%d1%8c%d0%bd%d0%b8%d0%ba-camozzi-a331-1c2-3-2-nc-g1-8\/#primaryimage"},"thumbnailUrl":"https:\/\/glasir.com.ua\/wp-content\/uploads\/2024\/02\/a331-1c2.jpg","datePublished":"2024-02-06T17:07:43+00:00","dateModified":"2026-01-23T14:35:34+00:00","breadcrumb":{"@id":"https:\/\/glasir.com.ua\/product\/%d1%80%d0%be%d0%b7%d0%bf%d0%be%d0%b4%d1%96%d0%bb%d1%8c%d0%bd%d0%b8%d0%ba-camozzi-a331-1c2-3-2-nc-g1-8\/#breadcrumb"},"inLanguage":"pl-PL","potentialAction":[{"@type":"ReadAction","target":["https:\/\/glasir.com.ua\/product\/%d1%80%d0%be%d0%b7%d0%bf%d0%be%d0%b4%d1%96%d0%bb%d1%8c%d0%bd%d0%b8%d0%ba-camozzi-a331-1c2-3-2-nc-g1-8\/"]}]},{"@type":"ImageObject","inLanguage":"pl-PL","@id":"https:\/\/glasir.com.ua\/product\/%d1%80%d0%be%d0%b7%d0%bf%d0%be%d0%b4%d1%96%d0%bb%d1%8c%d0%bd%d0%b8%d0%ba-camozzi-a331-1c2-3-2-nc-g1-8\/#primaryimage","url":"https:\/\/glasir.com.ua\/wp-content\/uploads\/2024\/02\/a331-1c2.jpg","contentUrl":"https:\/\/glasir.com.ua\/wp-content\/uploads\/2024\/02\/a331-1c2.jpg","width":1152,"height":648,"caption":"Camozzi A331-1C2"},{"@type":"BreadcrumbList","@id":"https:\/\/glasir.com.ua\/product\/%d1%80%d0%be%d0%b7%d0%bf%d0%be%d0%b4%d1%96%d0%bb%d1%8c%d0%bd%d0%b8%d0%ba-camozzi-a331-1c2-3-2-nc-g1-8\/#breadcrumb","itemListElement":[{"@type":"ListItem","position":1,"name":"Home","item":"https:\/\/glasir.com.ua\/"},{"@type":"ListItem","position":2,"name":"\u0406\u043d\u0442\u0435\u0440\u043d\u0435\u0442-\u043c\u0430\u0433\u0430\u0437\u0438\u043d","item":"https:\/\/glasir.com.ua\/shop\/"},{"@type":"ListItem","position":3,"name":"\u0420\u043e\u0437\u043f\u043e\u0434\u0456\u043b\u044c\u043d\u0438\u043a Camozzi A331-1C2 3\/2 NC G1\/8"}]},{"@type":"WebSite","@id":"https:\/\/glasir.com.ua\/#website","url":"https:\/\/glasir.com.ua\/","name":"Glasir","description":"Nie ma por\u00f3wnania.","publisher":{"@id":"https:\/\/glasir.com.ua\/#organization"},"potentialAction":[{"@type":"SearchAction","target":{"@type":"EntryPoint","urlTemplate":"https:\/\/glasir.com.ua\/?s={search_term_string}"},"query-input":{"@type":"PropertyValueSpecification","valueRequired":true,"valueName":"search_term_string"}}],"inLanguage":"pl-PL"},{"@type":"Organization","@id":"https:\/\/glasir.com.ua\/#organization","name":"Glasir","url":"https:\/\/glasir.com.ua\/","logo":{"@type":"ImageObject","inLanguage":"pl-PL","@id":"https:\/\/glasir.com.ua\/#\/schema\/logo\/image\/","url":"https:\/\/glasir.com.ua\/wp-content\/uploads\/2023\/06\/cropped-llc-glasir.png","contentUrl":"https:\/\/glasir.com.ua\/wp-content\/uploads\/2023\/06\/cropped-llc-glasir.png","width":250,"height":250,"caption":"Glasir"},"image":{"@id":"https:\/\/glasir.com.ua\/#\/schema\/logo\/image\/"},"sameAs":["https:\/\/www.pinterest.com\/llc_glasir","https:\/\/g.co\/kgs\/7CK1iZr"]}]}},"_links":{"self":[{"href":"https:\/\/glasir.com.ua\/pl\/wp-json\/wp\/v2\/product\/825","targetHints":{"allow":["GET"]}}],"collection":[{"href":"https:\/\/glasir.com.ua\/pl\/wp-json\/wp\/v2\/product"}],"about":[{"href":"https:\/\/glasir.com.ua\/pl\/wp-json\/wp\/v2\/types\/product"}],"replies":[{"embeddable":true,"href":"https:\/\/glasir.com.ua\/pl\/wp-json\/wp\/v2\/comments?post=825"}],"wp:featuredmedia":[{"embeddable":true,"href":"https:\/\/glasir.com.ua\/pl\/wp-json\/wp\/v2\/media\/883"}],"wp:attachment":[{"href":"https:\/\/glasir.com.ua\/pl\/wp-json\/wp\/v2\/media?parent=825"}],"wp:term":[{"taxonomy":"product_brand","embeddable":true,"href":"https:\/\/glasir.com.ua\/pl\/wp-json\/wp\/v2\/product_brand?post=825"},{"taxonomy":"product_cat","embeddable":true,"href":"https:\/\/glasir.com.ua\/pl\/wp-json\/wp\/v2\/product_cat?post=825"},{"taxonomy":"product_tag","embeddable":true,"href":"https:\/\/glasir.com.ua\/pl\/wp-json\/wp\/v2\/product_tag?post=825"}],"curies":[{"name":"wp","href":"https:\/\/api.w.org\/{rel}","templated":true}]}}