{"id":1835,"date":"2025-03-09T11:54:53","date_gmt":"2025-03-09T09:54:53","guid":{"rendered":"https:\/\/glasir.com.ua\/?post_type=product&#038;p=1835"},"modified":"2025-03-10T17:04:42","modified_gmt":"2025-03-10T15:04:42","slug":"%d1%82%d0%b5%d1%80%d0%bc%d0%be%d1%81-%d0%b7-%d0%bd%d0%b5%d1%80%d0%b6%d0%b0%d0%b2%d1%96%d1%8e%d1%87%d0%be%d1%97-%d1%81%d1%82%d0%b0%d0%bb%d1%96-600-%d0%bc%d0%bb-apiyoo-super-goom","status":"publish","type":"product","link":"https:\/\/glasir.com.ua\/pl\/product\/%d1%82%d0%b5%d1%80%d0%bc%d0%be%d1%81-%d0%b7-%d0%bd%d0%b5%d1%80%d0%b6%d0%b0%d0%b2%d1%96%d1%8e%d1%87%d0%be%d1%97-%d1%81%d1%82%d0%b0%d0%bb%d1%96-600-%d0%bc%d0%bb-apiyoo-super-goom\/","title":{"rendered":"Termos ze stali nierdzewnej 600 ml ApiYoo Super Goom"},"content":{"rendered":"<p>Termos ze stali nierdzewnej 600 ml ApiYoo Super Goom<\/p>\n<p>Przedstawiamy Pa\u0144stwu idealnego towarzysza do utrzymania temperatury Pa\u0144stwa napoj\u00f3w \u2013 metalowy termos o pojemno\u015bci 600 ml. Nowoczesny design i niezawodne utrzymywanie ciep\u0142a i zimna sprawiaj\u0105, \u017ce termos ten stanie si\u0119 niezast\u0105pionym akcesorium w codziennym \u017cyciu.<\/p>\n<p>Trwa\u0142a obudowa termosu wykonana jest z wysokiej jako\u015bci stali nierdzewnej, co gwarantuje trwa\u0142o\u015b\u0107 i pozwala zachowa\u0107 smak napoj\u00f3w. Brak BPA i innych szkodliwych substancji sprawia, \u017ce jest on przyjazny dla \u015brodowiska i bezpieczny dla zdrowia.<\/p>\n<p>Kompaktowe wymiary sprawiaj\u0105, \u017ce termos sprawdzi si\u0119 w ka\u017cdej sytuacji: w podr\u00f3\u017cy i na spacerze, w pracy i podczas uprawiania sportu.<br \/>\nSzklanka energii, dodaj motywacji do swojego \u017cycia!<\/p>\n<p>Typ: termos<br \/>\nPrzeznaczenie: do napoj\u00f3w<br \/>\nObj\u0119to\u015b\u0107: 600 ml<br \/>\nMateria\u0142: wk\u0142adka ze stali nierdzewnej 316, pow\u0142oka zewn\u0119trzna ze stali nierdzewnej 304. Pokrycie: PP, PU + sznurek woskowy, guma silikonowa.<br \/>\nRozmiar produktu: 80mm*225mm<\/p>\n<p>Zapoznaj si\u0119 z naszymi wskaz\u00f3wkami dotycz\u0105cymi u\u017cytkowania i czyszczenia termos\u00f3w ze stali nierdzewnej: <a href=\"https:\/\/glasir.com.ua\/pl\/blog\/2025\/03\/08\/\u043f\u043e\u0440\u0430\u0434\u0438-\u0442\u0430-\u0440\u0435\u043a\u043e\u043c\u0435\u043d\u0434\u0430\u0446\u0456\u0457-glasir-\u0449\u043e\u0434\u043e-\u0432\u0438\u043a\u043e\u0440\u0438\u0441-2\/\">https:\/\/glasir.com.ua\/blog\/2025\/03\/08\/porady-i-zalecenia-glasir-do-uzycia-2\/<\/a><\/p>","protected":false},"excerpt":{"rendered":"<p>Termos ze stali nierdzewnej 600 ml ApiYoo Super Goom<\/p>","protected":false},"featured_media":1858,"comment_status":"open","ping_status":"closed","template":"","meta":[],"product_brand":[],"product_cat":[141],"product_tag":[33],"class_list":{"0":"post-1835","1":"product","2":"type-product","3":"status-publish","4":"has-post-thumbnail","6":"product_cat-141","7":"product_tag-apiyoo","9":"first","10":"onbackorder","11":"featured","12":"taxable","13":"shipping-taxable","14":"purchasable","15":"product-type-variable"},"yoast_head":"<!-- This site is optimized with the Yoast SEO plugin v27.2 - https:\/\/yoast.com\/product\/yoast-seo-wordpress\/ -->\n<title>\u0422\u0435\u0440\u043c\u043e\u0441 \u0437 \u043d\u0435\u0440\u0436\u0430\u0432\u0456\u044e\u0447\u043e\u0457 \u0441\u0442\u0430\u043b\u0456 600 \u043c\u043b ApiYoo Super Goom - Glasir<\/title>\n<meta name=\"robots\" content=\"index, follow, max-snippet:-1, max-image-preview:large, max-video-preview:-1\" \/>\n<link rel=\"canonical\" href=\"https:\/\/glasir.com.ua\/pl\/product\/\u0442\u0435\u0440\u043c\u043e\u0441-\u0437-\u043d\u0435\u0440\u0436\u0430\u0432\u0456\u044e\u0447\u043e\u0457-\u0441\u0442\u0430\u043b\u0456-600-\u043c\u043b-apiyoo-super-goom\/\" \/>\n<meta property=\"og:locale\" content=\"pl_PL\" \/>\n<meta property=\"og:type\" content=\"article\" \/>\n<meta property=\"og:title\" content=\"\u0422\u0435\u0440\u043c\u043e\u0441 \u0437 \u043d\u0435\u0440\u0436\u0430\u0432\u0456\u044e\u0447\u043e\u0457 \u0441\u0442\u0430\u043b\u0456 600 \u043c\u043b ApiYoo Super Goom - Glasir\" \/>\n<meta property=\"og:description\" content=\"\u0422\u0435\u0440\u043c\u043e\u0441 \u0437 \u043d\u0435\u0440\u0436\u0430\u0432\u0456\u044e\u0447\u043e\u0457 \u0441\u0442\u0430\u043b\u0456 600 \u043c\u043b ApiYoo Super Goom\" \/>\n<meta property=\"og:url\" content=\"https:\/\/glasir.com.ua\/pl\/product\/\u0442\u0435\u0440\u043c\u043e\u0441-\u0437-\u043d\u0435\u0440\u0436\u0430\u0432\u0456\u044e\u0447\u043e\u0457-\u0441\u0442\u0430\u043b\u0456-600-\u043c\u043b-apiyoo-super-goom\/\" \/>\n<meta property=\"og:site_name\" content=\"Glasir\" \/>\n<meta property=\"article:modified_time\" content=\"2025-03-10T15:04:42+00:00\" \/>\n<meta property=\"og:image\" content=\"https:\/\/glasir.com.ua\/wp-content\/uploads\/2025\/03\/apiyoo-super-goom-by-glasir-thermal-cup15.jpg\" \/>\n\t<meta property=\"og:image:width\" content=\"1280\" \/>\n\t<meta property=\"og:image:height\" content=\"1707\" \/>\n\t<meta property=\"og:image:type\" content=\"image\/jpeg\" \/>\n<meta name=\"twitter:card\" content=\"summary_large_image\" \/>\n<script type=\"application\/ld+json\" class=\"yoast-schema-graph\">{\"@context\":\"https:\/\/schema.org\",\"@graph\":[{\"@type\":[\"WebPage\",\"ItemPage\"],\"@id\":\"https:\/\/glasir.com.ua\/product\/%d1%82%d0%b5%d1%80%d0%bc%d0%be%d1%81-%d0%b7-%d0%bd%d0%b5%d1%80%d0%b6%d0%b0%d0%b2%d1%96%d1%8e%d1%87%d0%be%d1%97-%d1%81%d1%82%d0%b0%d0%bb%d1%96-600-%d0%bc%d0%bb-apiyoo-super-goom\/\",\"url\":\"https:\/\/glasir.com.ua\/product\/%d1%82%d0%b5%d1%80%d0%bc%d0%be%d1%81-%d0%b7-%d0%bd%d0%b5%d1%80%d0%b6%d0%b0%d0%b2%d1%96%d1%8e%d1%87%d0%be%d1%97-%d1%81%d1%82%d0%b0%d0%bb%d1%96-600-%d0%bc%d0%bb-apiyoo-super-goom\/\",\"name\":\"\u0422\u0435\u0440\u043c\u043e\u0441 \u0437 \u043d\u0435\u0440\u0436\u0430\u0432\u0456\u044e\u0447\u043e\u0457 \u0441\u0442\u0430\u043b\u0456 600 \u043c\u043b ApiYoo Super Goom - Glasir\",\"isPartOf\":{\"@id\":\"https:\/\/glasir.com.ua\/#website\"},\"primaryImageOfPage\":{\"@id\":\"https:\/\/glasir.com.ua\/product\/%d1%82%d0%b5%d1%80%d0%bc%d0%be%d1%81-%d0%b7-%d0%bd%d0%b5%d1%80%d0%b6%d0%b0%d0%b2%d1%96%d1%8e%d1%87%d0%be%d1%97-%d1%81%d1%82%d0%b0%d0%bb%d1%96-600-%d0%bc%d0%bb-apiyoo-super-goom\/#primaryimage\"},\"image\":{\"@id\":\"https:\/\/glasir.com.ua\/product\/%d1%82%d0%b5%d1%80%d0%bc%d0%be%d1%81-%d0%b7-%d0%bd%d0%b5%d1%80%d0%b6%d0%b0%d0%b2%d1%96%d1%8e%d1%87%d0%be%d1%97-%d1%81%d1%82%d0%b0%d0%bb%d1%96-600-%d0%bc%d0%bb-apiyoo-super-goom\/#primaryimage\"},\"thumbnailUrl\":\"https:\/\/glasir.com.ua\/wp-content\/uploads\/2025\/03\/apiyoo-super-goom-by-glasir-thermal-cup15.jpg\",\"datePublished\":\"2025-03-09T09:54:53+00:00\",\"dateModified\":\"2025-03-10T15:04:42+00:00\",\"breadcrumb\":{\"@id\":\"https:\/\/glasir.com.ua\/product\/%d1%82%d0%b5%d1%80%d0%bc%d0%be%d1%81-%d0%b7-%d0%bd%d0%b5%d1%80%d0%b6%d0%b0%d0%b2%d1%96%d1%8e%d1%87%d0%be%d1%97-%d1%81%d1%82%d0%b0%d0%bb%d1%96-600-%d0%bc%d0%bb-apiyoo-super-goom\/#breadcrumb\"},\"inLanguage\":\"pl-PL\",\"potentialAction\":[{\"@type\":\"ReadAction\",\"target\":[\"https:\/\/glasir.com.ua\/product\/%d1%82%d0%b5%d1%80%d0%bc%d0%be%d1%81-%d0%b7-%d0%bd%d0%b5%d1%80%d0%b6%d0%b0%d0%b2%d1%96%d1%8e%d1%87%d0%be%d1%97-%d1%81%d1%82%d0%b0%d0%bb%d1%96-600-%d0%bc%d0%bb-apiyoo-super-goom\/\"]}]},{\"@type\":\"ImageObject\",\"inLanguage\":\"pl-PL\",\"@id\":\"https:\/\/glasir.com.ua\/product\/%d1%82%d0%b5%d1%80%d0%bc%d0%be%d1%81-%d0%b7-%d0%bd%d0%b5%d1%80%d0%b6%d0%b0%d0%b2%d1%96%d1%8e%d1%87%d0%be%d1%97-%d1%81%d1%82%d0%b0%d0%bb%d1%96-600-%d0%bc%d0%bb-apiyoo-super-goom\/#primaryimage\",\"url\":\"https:\/\/glasir.com.ua\/wp-content\/uploads\/2025\/03\/apiyoo-super-goom-by-glasir-thermal-cup15.jpg\",\"contentUrl\":\"https:\/\/glasir.com.ua\/wp-content\/uploads\/2025\/03\/apiyoo-super-goom-by-glasir-thermal-cup15.jpg\",\"width\":1280,\"height\":1707,\"caption\":\"\u0422\u0435\u0440\u043c\u043e\u0441 \u0437 \u043d\u0435\u0440\u0436\u0430\u0432\u0456\u044e\u0447\u043e\u0457 \u0441\u0442\u0430\u043b\u0456 600 \u043c\u043b ApiYoo Super Goom\"},{\"@type\":\"BreadcrumbList\",\"@id\":\"https:\/\/glasir.com.ua\/product\/%d1%82%d0%b5%d1%80%d0%bc%d0%be%d1%81-%d0%b7-%d0%bd%d0%b5%d1%80%d0%b6%d0%b0%d0%b2%d1%96%d1%8e%d1%87%d0%be%d1%97-%d1%81%d1%82%d0%b0%d0%bb%d1%96-600-%d0%bc%d0%bb-apiyoo-super-goom\/#breadcrumb\",\"itemListElement\":[{\"@type\":\"ListItem\",\"position\":1,\"name\":\"Home\",\"item\":\"https:\/\/glasir.com.ua\/\"},{\"@type\":\"ListItem\",\"position\":2,\"name\":\"\u0406\u043d\u0442\u0435\u0440\u043d\u0435\u0442-\u043c\u0430\u0433\u0430\u0437\u0438\u043d\",\"item\":\"https:\/\/glasir.com.ua\/shop\/\"},{\"@type\":\"ListItem\",\"position\":3,\"name\":\"\u0422\u0435\u0440\u043c\u043e\u0441 \u0437 \u043d\u0435\u0440\u0436\u0430\u0432\u0456\u044e\u0447\u043e\u0457 \u0441\u0442\u0430\u043b\u0456 600 \u043c\u043b ApiYoo Super Goom\"}]},{\"@type\":\"WebSite\",\"@id\":\"https:\/\/glasir.com.ua\/#website\",\"url\":\"https:\/\/glasir.com.ua\/\",\"name\":\"Glasir\",\"description\":\"\u041d\u0435\u043c\u0430\u0454 \u043f\u043e\u0440\u0456\u0432\u043d\u044f\u043d\u043d\u044f.\",\"publisher\":{\"@id\":\"https:\/\/glasir.com.ua\/#organization\"},\"potentialAction\":[{\"@type\":\"SearchAction\",\"target\":{\"@type\":\"EntryPoint\",\"urlTemplate\":\"https:\/\/glasir.com.ua\/?s={search_term_string}\"},\"query-input\":{\"@type\":\"PropertyValueSpecification\",\"valueRequired\":true,\"valueName\":\"search_term_string\"}}],\"inLanguage\":\"pl-PL\"},{\"@type\":\"Organization\",\"@id\":\"https:\/\/glasir.com.ua\/#organization\",\"name\":\"Glasir\",\"url\":\"https:\/\/glasir.com.ua\/\",\"logo\":{\"@type\":\"ImageObject\",\"inLanguage\":\"pl-PL\",\"@id\":\"https:\/\/glasir.com.ua\/#\/schema\/logo\/image\/\",\"url\":\"https:\/\/glasir.com.ua\/wp-content\/uploads\/2023\/06\/cropped-llc-glasir.png\",\"contentUrl\":\"https:\/\/glasir.com.ua\/wp-content\/uploads\/2023\/06\/cropped-llc-glasir.png\",\"width\":250,\"height\":250,\"caption\":\"Glasir\"},\"image\":{\"@id\":\"https:\/\/glasir.com.ua\/#\/schema\/logo\/image\/\"},\"sameAs\":[\"https:\/\/www.pinterest.com\/llc_glasir\",\"https:\/\/g.co\/kgs\/7CK1iZr\"]}]}<\/script>\n<!-- \/ Yoast SEO plugin. -->","yoast_head_json":{"title":"Termos ze stali nierdzewnej 600 ml ApiYoo Super Goom - Glasir","robots":{"index":"index","follow":"follow","max-snippet":"max-snippet:-1","max-image-preview":"max-image-preview:large","max-video-preview":"max-video-preview:-1"},"canonical":"https:\/\/glasir.com.ua\/pl\/product\/\u0442\u0435\u0440\u043c\u043e\u0441-\u0437-\u043d\u0435\u0440\u0436\u0430\u0432\u0456\u044e\u0447\u043e\u0457-\u0441\u0442\u0430\u043b\u0456-600-\u043c\u043b-apiyoo-super-goom\/","og_locale":"pl_PL","og_type":"article","og_title":"\u0422\u0435\u0440\u043c\u043e\u0441 \u0437 \u043d\u0435\u0440\u0436\u0430\u0432\u0456\u044e\u0447\u043e\u0457 \u0441\u0442\u0430\u043b\u0456 600 \u043c\u043b ApiYoo Super Goom - Glasir","og_description":"\u0422\u0435\u0440\u043c\u043e\u0441 \u0437 \u043d\u0435\u0440\u0436\u0430\u0432\u0456\u044e\u0447\u043e\u0457 \u0441\u0442\u0430\u043b\u0456 600 \u043c\u043b ApiYoo Super Goom","og_url":"https:\/\/glasir.com.ua\/pl\/product\/\u0442\u0435\u0440\u043c\u043e\u0441-\u0437-\u043d\u0435\u0440\u0436\u0430\u0432\u0456\u044e\u0447\u043e\u0457-\u0441\u0442\u0430\u043b\u0456-600-\u043c\u043b-apiyoo-super-goom\/","og_site_name":"Glasir","article_modified_time":"2025-03-10T15:04:42+00:00","og_image":[{"width":1280,"height":1707,"url":"https:\/\/glasir.com.ua\/wp-content\/uploads\/2025\/03\/apiyoo-super-goom-by-glasir-thermal-cup15.jpg","type":"image\/jpeg"}],"twitter_card":"summary_large_image","schema":{"@context":"https:\/\/schema.org","@graph":[{"@type":["WebPage","ItemPage"],"@id":"https:\/\/glasir.com.ua\/product\/%d1%82%d0%b5%d1%80%d0%bc%d0%be%d1%81-%d0%b7-%d0%bd%d0%b5%d1%80%d0%b6%d0%b0%d0%b2%d1%96%d1%8e%d1%87%d0%be%d1%97-%d1%81%d1%82%d0%b0%d0%bb%d1%96-600-%d0%bc%d0%bb-apiyoo-super-goom\/","url":"https:\/\/glasir.com.ua\/product\/%d1%82%d0%b5%d1%80%d0%bc%d0%be%d1%81-%d0%b7-%d0%bd%d0%b5%d1%80%d0%b6%d0%b0%d0%b2%d1%96%d1%8e%d1%87%d0%be%d1%97-%d1%81%d1%82%d0%b0%d0%bb%d1%96-600-%d0%bc%d0%bb-apiyoo-super-goom\/","name":"Termos ze stali nierdzewnej 600 ml ApiYoo Super Goom - Glasir","isPartOf":{"@id":"https:\/\/glasir.com.ua\/#website"},"primaryImageOfPage":{"@id":"https:\/\/glasir.com.ua\/product\/%d1%82%d0%b5%d1%80%d0%bc%d0%be%d1%81-%d0%b7-%d0%bd%d0%b5%d1%80%d0%b6%d0%b0%d0%b2%d1%96%d1%8e%d1%87%d0%be%d1%97-%d1%81%d1%82%d0%b0%d0%bb%d1%96-600-%d0%bc%d0%bb-apiyoo-super-goom\/#primaryimage"},"image":{"@id":"https:\/\/glasir.com.ua\/product\/%d1%82%d0%b5%d1%80%d0%bc%d0%be%d1%81-%d0%b7-%d0%bd%d0%b5%d1%80%d0%b6%d0%b0%d0%b2%d1%96%d1%8e%d1%87%d0%be%d1%97-%d1%81%d1%82%d0%b0%d0%bb%d1%96-600-%d0%bc%d0%bb-apiyoo-super-goom\/#primaryimage"},"thumbnailUrl":"https:\/\/glasir.com.ua\/wp-content\/uploads\/2025\/03\/apiyoo-super-goom-by-glasir-thermal-cup15.jpg","datePublished":"2025-03-09T09:54:53+00:00","dateModified":"2025-03-10T15:04:42+00:00","breadcrumb":{"@id":"https:\/\/glasir.com.ua\/product\/%d1%82%d0%b5%d1%80%d0%bc%d0%be%d1%81-%d0%b7-%d0%bd%d0%b5%d1%80%d0%b6%d0%b0%d0%b2%d1%96%d1%8e%d1%87%d0%be%d1%97-%d1%81%d1%82%d0%b0%d0%bb%d1%96-600-%d0%bc%d0%bb-apiyoo-super-goom\/#breadcrumb"},"inLanguage":"pl-PL","potentialAction":[{"@type":"ReadAction","target":["https:\/\/glasir.com.ua\/product\/%d1%82%d0%b5%d1%80%d0%bc%d0%be%d1%81-%d0%b7-%d0%bd%d0%b5%d1%80%d0%b6%d0%b0%d0%b2%d1%96%d1%8e%d1%87%d0%be%d1%97-%d1%81%d1%82%d0%b0%d0%bb%d1%96-600-%d0%bc%d0%bb-apiyoo-super-goom\/"]}]},{"@type":"ImageObject","inLanguage":"pl-PL","@id":"https:\/\/glasir.com.ua\/product\/%d1%82%d0%b5%d1%80%d0%bc%d0%be%d1%81-%d0%b7-%d0%bd%d0%b5%d1%80%d0%b6%d0%b0%d0%b2%d1%96%d1%8e%d1%87%d0%be%d1%97-%d1%81%d1%82%d0%b0%d0%bb%d1%96-600-%d0%bc%d0%bb-apiyoo-super-goom\/#primaryimage","url":"https:\/\/glasir.com.ua\/wp-content\/uploads\/2025\/03\/apiyoo-super-goom-by-glasir-thermal-cup15.jpg","contentUrl":"https:\/\/glasir.com.ua\/wp-content\/uploads\/2025\/03\/apiyoo-super-goom-by-glasir-thermal-cup15.jpg","width":1280,"height":1707,"caption":"\u0422\u0435\u0440\u043c\u043e\u0441 \u0437 \u043d\u0435\u0440\u0436\u0430\u0432\u0456\u044e\u0447\u043e\u0457 \u0441\u0442\u0430\u043b\u0456 600 \u043c\u043b ApiYoo Super Goom"},{"@type":"BreadcrumbList","@id":"https:\/\/glasir.com.ua\/product\/%d1%82%d0%b5%d1%80%d0%bc%d0%be%d1%81-%d0%b7-%d0%bd%d0%b5%d1%80%d0%b6%d0%b0%d0%b2%d1%96%d1%8e%d1%87%d0%be%d1%97-%d1%81%d1%82%d0%b0%d0%bb%d1%96-600-%d0%bc%d0%bb-apiyoo-super-goom\/#breadcrumb","itemListElement":[{"@type":"ListItem","position":1,"name":"Home","item":"https:\/\/glasir.com.ua\/"},{"@type":"ListItem","position":2,"name":"\u0406\u043d\u0442\u0435\u0440\u043d\u0435\u0442-\u043c\u0430\u0433\u0430\u0437\u0438\u043d","item":"https:\/\/glasir.com.ua\/shop\/"},{"@type":"ListItem","position":3,"name":"\u0422\u0435\u0440\u043c\u043e\u0441 \u0437 \u043d\u0435\u0440\u0436\u0430\u0432\u0456\u044e\u0447\u043e\u0457 \u0441\u0442\u0430\u043b\u0456 600 \u043c\u043b ApiYoo Super Goom"}]},{"@type":"WebSite","@id":"https:\/\/glasir.com.ua\/#website","url":"https:\/\/glasir.com.ua\/","name":"Glasir","description":"Nie ma por\u00f3wnania.","publisher":{"@id":"https:\/\/glasir.com.ua\/#organization"},"potentialAction":[{"@type":"SearchAction","target":{"@type":"EntryPoint","urlTemplate":"https:\/\/glasir.com.ua\/?s={search_term_string}"},"query-input":{"@type":"PropertyValueSpecification","valueRequired":true,"valueName":"search_term_string"}}],"inLanguage":"pl-PL"},{"@type":"Organization","@id":"https:\/\/glasir.com.ua\/#organization","name":"Glasir","url":"https:\/\/glasir.com.ua\/","logo":{"@type":"ImageObject","inLanguage":"pl-PL","@id":"https:\/\/glasir.com.ua\/#\/schema\/logo\/image\/","url":"https:\/\/glasir.com.ua\/wp-content\/uploads\/2023\/06\/cropped-llc-glasir.png","contentUrl":"https:\/\/glasir.com.ua\/wp-content\/uploads\/2023\/06\/cropped-llc-glasir.png","width":250,"height":250,"caption":"Glasir"},"image":{"@id":"https:\/\/glasir.com.ua\/#\/schema\/logo\/image\/"},"sameAs":["https:\/\/www.pinterest.com\/llc_glasir","https:\/\/g.co\/kgs\/7CK1iZr"]}]}},"_links":{"self":[{"href":"https:\/\/glasir.com.ua\/pl\/wp-json\/wp\/v2\/product\/1835","targetHints":{"allow":["GET"]}}],"collection":[{"href":"https:\/\/glasir.com.ua\/pl\/wp-json\/wp\/v2\/product"}],"about":[{"href":"https:\/\/glasir.com.ua\/pl\/wp-json\/wp\/v2\/types\/product"}],"replies":[{"embeddable":true,"href":"https:\/\/glasir.com.ua\/pl\/wp-json\/wp\/v2\/comments?post=1835"}],"wp:featuredmedia":[{"embeddable":true,"href":"https:\/\/glasir.com.ua\/pl\/wp-json\/wp\/v2\/media\/1858"}],"wp:attachment":[{"href":"https:\/\/glasir.com.ua\/pl\/wp-json\/wp\/v2\/media?parent=1835"}],"wp:term":[{"taxonomy":"product_brand","embeddable":true,"href":"https:\/\/glasir.com.ua\/pl\/wp-json\/wp\/v2\/product_brand?post=1835"},{"taxonomy":"product_cat","embeddable":true,"href":"https:\/\/glasir.com.ua\/pl\/wp-json\/wp\/v2\/product_cat?post=1835"},{"taxonomy":"product_tag","embeddable":true,"href":"https:\/\/glasir.com.ua\/pl\/wp-json\/wp\/v2\/product_tag?post=1835"}],"curies":[{"name":"wp","href":"https:\/\/api.w.org\/{rel}","templated":true}]}}