{"id":1512,"date":"2025-02-22T15:15:27","date_gmt":"2025-02-22T13:15:27","guid":{"rendered":"https:\/\/glasir.com.ua\/?post_type=product&#038;p=1512"},"modified":"2026-01-01T01:19:35","modified_gmt":"2025-12-31T23:19:35","slug":"%d1%83%d0%bb%d1%8c%d1%82%d1%80%d0%b0%d0%b7%d0%b2%d1%83%d0%ba%d0%be%d0%b2%d0%b0-%d0%b7%d1%83%d0%b1%d0%bd%d0%b0-%d1%89%d1%96%d1%82%d0%ba%d0%b0-%d0%b7%d1%96-%d1%81%d0%b2%d1%96%d1%82%d0%bb%d0%be%d0%b4","status":"publish","type":"product","link":"https:\/\/glasir.com.ua\/pl\/product\/%d1%83%d0%bb%d1%8c%d1%82%d1%80%d0%b0%d0%b7%d0%b2%d1%83%d0%ba%d0%be%d0%b2%d0%b0-%d0%b7%d1%83%d0%b1%d0%bd%d0%b0-%d1%89%d1%96%d1%82%d0%ba%d0%b0-%d0%b7%d1%96-%d1%81%d0%b2%d1%96%d1%82%d0%bb%d0%be%d0%b4\/","title":{"rendered":"Szczoteczka ultrad\u017awi\u0119kowa z ekranem LED ApiYoo S1"},"content":{"rendered":"<p>Szczoteczka ultrad\u017awi\u0119kowa z ekranem LED ApiYoo S1.<br \/>\nJeden z najnowszych produkt\u00f3w ApiYoo. Na chwil\u0119 obecn\u0105 otrzymali\u015bmy tylko kilka szczoteczek do z\u0119b\u00f3w. Po zako\u0144czeniu wyprzeda\u017cy b\u0119dziemy mogli realizowa\u0107 nowe zam\u00f3wienia dopiero jesieni\u0105. Pospiesz si\u0119 i kup teraz ze specjalnym rabatem!<br \/>\nDost\u0119pne w kolorach Acquamarina (akwamaryna), Celeste Pastello (pastelowy b\u0142\u0119kit), Rosa Pastello (pastelowy r\u00f3\u017c)<\/p>\n<p>Zestaw zawiera:<br \/>\n\u2013 instrukcja obs\u0142ugi<br \/>\n\u2013 szczoteczka elektryczna<br \/>\n\u2013 \u0141adowarka USB<br \/>\n\u2013 6 wymiennych dysz<br \/>\n\u2013 etui podr\u00f3\u017cne<\/p>\n<div style=\"width: 525px;\" class=\"wp-video\"><video class=\"wp-video-shortcode\" id=\"video-1512-1\" width=\"525\" height=\"700\" preload=\"metadata\" controls=\"controls\"><source type=\"video\/mp4\" src=\"http:\/\/glasir.com.ua\/wp-content\/uploads\/2025\/02\/apiyoo-s1-by-glasir.mp4?_=1\" \/><a href=\"http:\/\/glasir.com.ua\/wp-content\/uploads\/2025\/02\/apiyoo-s1-by-glasir.mp4\">http:\/\/glasir.com.ua\/wp-content\/uploads\/2025\/02\/apiyoo-s1-by-glasir.mp4<\/a><\/video><\/div>","protected":false},"excerpt":{"rendered":"<p>Szczoteczka ultrad\u017awi\u0119kowa z ekranem LED ApiYoo S1.<\/p>","protected":false},"featured_media":1515,"comment_status":"open","ping_status":"closed","template":"","meta":[],"product_brand":[],"product_cat":[19],"product_tag":[33],"class_list":{"0":"post-1512","1":"product","2":"type-product","3":"status-publish","4":"has-post-thumbnail","6":"product_cat-19","7":"product_tag-apiyoo","9":"first","10":"onbackorder","11":"featured","12":"taxable","13":"shipping-taxable","14":"purchasable","15":"product-type-variable"},"yoast_head":"<!-- This site is optimized with the Yoast SEO plugin v27.2 - https:\/\/yoast.com\/product\/yoast-seo-wordpress\/ -->\n<title>\u0423\u043b\u044c\u0442\u0440\u0430\u0437\u0432\u0443\u043a\u043e\u0432\u0430 \u0437\u0443\u0431\u043d\u0430 \u0449\u0456\u0442\u043a\u0430 \u0437\u0456 \u0441\u0432\u0456\u0442\u043b\u043e\u0434\u0456\u043e\u0434\u043d\u0438\u043c \u0435\u043a\u0440\u0430\u043d\u043e\u043c ApiYoo S1 - Glasir<\/title>\n<meta name=\"robots\" content=\"index, follow, max-snippet:-1, max-image-preview:large, max-video-preview:-1\" \/>\n<link rel=\"canonical\" href=\"https:\/\/glasir.com.ua\/pl\/product\/\u0443\u043b\u044c\u0442\u0440\u0430\u0437\u0432\u0443\u043a\u043e\u0432\u0430-\u0437\u0443\u0431\u043d\u0430-\u0449\u0456\u0442\u043a\u0430-\u0437\u0456-\u0441\u0432\u0456\u0442\u043b\u043e\u0434\/\" \/>\n<meta property=\"og:locale\" content=\"pl_PL\" \/>\n<meta property=\"og:type\" content=\"article\" \/>\n<meta property=\"og:title\" content=\"\u0423\u043b\u044c\u0442\u0440\u0430\u0437\u0432\u0443\u043a\u043e\u0432\u0430 \u0437\u0443\u0431\u043d\u0430 \u0449\u0456\u0442\u043a\u0430 \u0437\u0456 \u0441\u0432\u0456\u0442\u043b\u043e\u0434\u0456\u043e\u0434\u043d\u0438\u043c \u0435\u043a\u0440\u0430\u043d\u043e\u043c ApiYoo S1 - Glasir\" \/>\n<meta property=\"og:description\" content=\"\u0423\u043b\u044c\u0442\u0440\u0430\u0437\u0432\u0443\u043a\u043e\u0432\u0430 \u0437\u0443\u0431\u043d\u0430 \u0449\u0456\u0442\u043a\u0430 \u0437\u0456 \u0441\u0432\u0456\u0442\u043b\u043e\u0434\u0456\u043e\u0434\u043d\u0438\u043c \u0435\u043a\u0440\u0430\u043d\u043e\u043c ApiYoo S1.\" \/>\n<meta property=\"og:url\" content=\"https:\/\/glasir.com.ua\/pl\/product\/\u0443\u043b\u044c\u0442\u0440\u0430\u0437\u0432\u0443\u043a\u043e\u0432\u0430-\u0437\u0443\u0431\u043d\u0430-\u0449\u0456\u0442\u043a\u0430-\u0437\u0456-\u0441\u0432\u0456\u0442\u043b\u043e\u0434\/\" \/>\n<meta property=\"og:site_name\" content=\"Glasir\" \/>\n<meta property=\"article:modified_time\" content=\"2025-12-31T23:19:35+00:00\" \/>\n<meta property=\"og:image\" content=\"https:\/\/glasir.com.ua\/wp-content\/uploads\/2025\/02\/3.png\" \/>\n\t<meta property=\"og:image:width\" content=\"678\" \/>\n\t<meta property=\"og:image:height\" content=\"622\" \/>\n\t<meta property=\"og:image:type\" content=\"image\/png\" \/>\n<meta name=\"twitter:card\" content=\"summary_large_image\" \/>\n<script type=\"application\/ld+json\" class=\"yoast-schema-graph\">{\"@context\":\"https:\/\/schema.org\",\"@graph\":[{\"@type\":[\"WebPage\",\"ItemPage\"],\"@id\":\"https:\/\/glasir.com.ua\/product\/%d1%83%d0%bb%d1%8c%d1%82%d1%80%d0%b0%d0%b7%d0%b2%d1%83%d0%ba%d0%be%d0%b2%d0%b0-%d0%b7%d1%83%d0%b1%d0%bd%d0%b0-%d1%89%d1%96%d1%82%d0%ba%d0%b0-%d0%b7%d1%96-%d1%81%d0%b2%d1%96%d1%82%d0%bb%d0%be%d0%b4\/\",\"url\":\"https:\/\/glasir.com.ua\/product\/%d1%83%d0%bb%d1%8c%d1%82%d1%80%d0%b0%d0%b7%d0%b2%d1%83%d0%ba%d0%be%d0%b2%d0%b0-%d0%b7%d1%83%d0%b1%d0%bd%d0%b0-%d1%89%d1%96%d1%82%d0%ba%d0%b0-%d0%b7%d1%96-%d1%81%d0%b2%d1%96%d1%82%d0%bb%d0%be%d0%b4\/\",\"name\":\"\u0423\u043b\u044c\u0442\u0440\u0430\u0437\u0432\u0443\u043a\u043e\u0432\u0430 \u0437\u0443\u0431\u043d\u0430 \u0449\u0456\u0442\u043a\u0430 \u0437\u0456 \u0441\u0432\u0456\u0442\u043b\u043e\u0434\u0456\u043e\u0434\u043d\u0438\u043c \u0435\u043a\u0440\u0430\u043d\u043e\u043c ApiYoo S1 - Glasir\",\"isPartOf\":{\"@id\":\"https:\/\/glasir.com.ua\/#website\"},\"primaryImageOfPage\":{\"@id\":\"https:\/\/glasir.com.ua\/product\/%d1%83%d0%bb%d1%8c%d1%82%d1%80%d0%b0%d0%b7%d0%b2%d1%83%d0%ba%d0%be%d0%b2%d0%b0-%d0%b7%d1%83%d0%b1%d0%bd%d0%b0-%d1%89%d1%96%d1%82%d0%ba%d0%b0-%d0%b7%d1%96-%d1%81%d0%b2%d1%96%d1%82%d0%bb%d0%be%d0%b4\/#primaryimage\"},\"image\":{\"@id\":\"https:\/\/glasir.com.ua\/product\/%d1%83%d0%bb%d1%8c%d1%82%d1%80%d0%b0%d0%b7%d0%b2%d1%83%d0%ba%d0%be%d0%b2%d0%b0-%d0%b7%d1%83%d0%b1%d0%bd%d0%b0-%d1%89%d1%96%d1%82%d0%ba%d0%b0-%d0%b7%d1%96-%d1%81%d0%b2%d1%96%d1%82%d0%bb%d0%be%d0%b4\/#primaryimage\"},\"thumbnailUrl\":\"https:\/\/glasir.com.ua\/wp-content\/uploads\/2025\/02\/3.png\",\"datePublished\":\"2025-02-22T13:15:27+00:00\",\"dateModified\":\"2025-12-31T23:19:35+00:00\",\"breadcrumb\":{\"@id\":\"https:\/\/glasir.com.ua\/product\/%d1%83%d0%bb%d1%8c%d1%82%d1%80%d0%b0%d0%b7%d0%b2%d1%83%d0%ba%d0%be%d0%b2%d0%b0-%d0%b7%d1%83%d0%b1%d0%bd%d0%b0-%d1%89%d1%96%d1%82%d0%ba%d0%b0-%d0%b7%d1%96-%d1%81%d0%b2%d1%96%d1%82%d0%bb%d0%be%d0%b4\/#breadcrumb\"},\"inLanguage\":\"pl-PL\",\"potentialAction\":[{\"@type\":\"ReadAction\",\"target\":[\"https:\/\/glasir.com.ua\/product\/%d1%83%d0%bb%d1%8c%d1%82%d1%80%d0%b0%d0%b7%d0%b2%d1%83%d0%ba%d0%be%d0%b2%d0%b0-%d0%b7%d1%83%d0%b1%d0%bd%d0%b0-%d1%89%d1%96%d1%82%d0%ba%d0%b0-%d0%b7%d1%96-%d1%81%d0%b2%d1%96%d1%82%d0%bb%d0%be%d0%b4\/\"]}]},{\"@type\":\"ImageObject\",\"inLanguage\":\"pl-PL\",\"@id\":\"https:\/\/glasir.com.ua\/product\/%d1%83%d0%bb%d1%8c%d1%82%d1%80%d0%b0%d0%b7%d0%b2%d1%83%d0%ba%d0%be%d0%b2%d0%b0-%d0%b7%d1%83%d0%b1%d0%bd%d0%b0-%d1%89%d1%96%d1%82%d0%ba%d0%b0-%d0%b7%d1%96-%d1%81%d0%b2%d1%96%d1%82%d0%bb%d0%be%d0%b4\/#primaryimage\",\"url\":\"https:\/\/glasir.com.ua\/wp-content\/uploads\/2025\/02\/3.png\",\"contentUrl\":\"https:\/\/glasir.com.ua\/wp-content\/uploads\/2025\/02\/3.png\",\"width\":678,\"height\":622,\"caption\":\"ApiYoo S1 spazzolino ultrasonico con schermo LED\"},{\"@type\":\"BreadcrumbList\",\"@id\":\"https:\/\/glasir.com.ua\/product\/%d1%83%d0%bb%d1%8c%d1%82%d1%80%d0%b0%d0%b7%d0%b2%d1%83%d0%ba%d0%be%d0%b2%d0%b0-%d0%b7%d1%83%d0%b1%d0%bd%d0%b0-%d1%89%d1%96%d1%82%d0%ba%d0%b0-%d0%b7%d1%96-%d1%81%d0%b2%d1%96%d1%82%d0%bb%d0%be%d0%b4\/#breadcrumb\",\"itemListElement\":[{\"@type\":\"ListItem\",\"position\":1,\"name\":\"Home\",\"item\":\"https:\/\/glasir.com.ua\/\"},{\"@type\":\"ListItem\",\"position\":2,\"name\":\"\u0406\u043d\u0442\u0435\u0440\u043d\u0435\u0442-\u043c\u0430\u0433\u0430\u0437\u0438\u043d\",\"item\":\"https:\/\/glasir.com.ua\/shop\/\"},{\"@type\":\"ListItem\",\"position\":3,\"name\":\"\u0423\u043b\u044c\u0442\u0440\u0430\u0437\u0432\u0443\u043a\u043e\u0432\u0430 \u0437\u0443\u0431\u043d\u0430 \u0449\u0456\u0442\u043a\u0430 \u0437\u0456 \u0441\u0432\u0456\u0442\u043b\u043e\u0434\u0456\u043e\u0434\u043d\u0438\u043c \u0435\u043a\u0440\u0430\u043d\u043e\u043c ApiYoo S1\"}]},{\"@type\":\"WebSite\",\"@id\":\"https:\/\/glasir.com.ua\/#website\",\"url\":\"https:\/\/glasir.com.ua\/\",\"name\":\"Glasir\",\"description\":\"\u041d\u0435\u043c\u0430\u0454 \u043f\u043e\u0440\u0456\u0432\u043d\u044f\u043d\u043d\u044f.\",\"publisher\":{\"@id\":\"https:\/\/glasir.com.ua\/#organization\"},\"potentialAction\":[{\"@type\":\"SearchAction\",\"target\":{\"@type\":\"EntryPoint\",\"urlTemplate\":\"https:\/\/glasir.com.ua\/?s={search_term_string}\"},\"query-input\":{\"@type\":\"PropertyValueSpecification\",\"valueRequired\":true,\"valueName\":\"search_term_string\"}}],\"inLanguage\":\"pl-PL\"},{\"@type\":\"Organization\",\"@id\":\"https:\/\/glasir.com.ua\/#organization\",\"name\":\"Glasir\",\"url\":\"https:\/\/glasir.com.ua\/\",\"logo\":{\"@type\":\"ImageObject\",\"inLanguage\":\"pl-PL\",\"@id\":\"https:\/\/glasir.com.ua\/#\/schema\/logo\/image\/\",\"url\":\"https:\/\/glasir.com.ua\/wp-content\/uploads\/2023\/06\/cropped-llc-glasir.png\",\"contentUrl\":\"https:\/\/glasir.com.ua\/wp-content\/uploads\/2023\/06\/cropped-llc-glasir.png\",\"width\":250,\"height\":250,\"caption\":\"Glasir\"},\"image\":{\"@id\":\"https:\/\/glasir.com.ua\/#\/schema\/logo\/image\/\"},\"sameAs\":[\"https:\/\/www.pinterest.com\/llc_glasir\",\"https:\/\/g.co\/kgs\/7CK1iZr\"]}]}<\/script>\n<!-- \/ Yoast SEO plugin. -->","yoast_head_json":{"title":"Szczoteczka ultrad\u017awi\u0119kowa z ekranem LED ApiYoo S1 - Glasir","robots":{"index":"index","follow":"follow","max-snippet":"max-snippet:-1","max-image-preview":"max-image-preview:large","max-video-preview":"max-video-preview:-1"},"canonical":"https:\/\/glasir.com.ua\/pl\/product\/\u0443\u043b\u044c\u0442\u0440\u0430\u0437\u0432\u0443\u043a\u043e\u0432\u0430-\u0437\u0443\u0431\u043d\u0430-\u0449\u0456\u0442\u043a\u0430-\u0437\u0456-\u0441\u0432\u0456\u0442\u043b\u043e\u0434\/","og_locale":"pl_PL","og_type":"article","og_title":"\u0423\u043b\u044c\u0442\u0440\u0430\u0437\u0432\u0443\u043a\u043e\u0432\u0430 \u0437\u0443\u0431\u043d\u0430 \u0449\u0456\u0442\u043a\u0430 \u0437\u0456 \u0441\u0432\u0456\u0442\u043b\u043e\u0434\u0456\u043e\u0434\u043d\u0438\u043c \u0435\u043a\u0440\u0430\u043d\u043e\u043c ApiYoo S1 - Glasir","og_description":"\u0423\u043b\u044c\u0442\u0440\u0430\u0437\u0432\u0443\u043a\u043e\u0432\u0430 \u0437\u0443\u0431\u043d\u0430 \u0449\u0456\u0442\u043a\u0430 \u0437\u0456 \u0441\u0432\u0456\u0442\u043b\u043e\u0434\u0456\u043e\u0434\u043d\u0438\u043c \u0435\u043a\u0440\u0430\u043d\u043e\u043c ApiYoo S1.","og_url":"https:\/\/glasir.com.ua\/pl\/product\/\u0443\u043b\u044c\u0442\u0440\u0430\u0437\u0432\u0443\u043a\u043e\u0432\u0430-\u0437\u0443\u0431\u043d\u0430-\u0449\u0456\u0442\u043a\u0430-\u0437\u0456-\u0441\u0432\u0456\u0442\u043b\u043e\u0434\/","og_site_name":"Glasir","article_modified_time":"2025-12-31T23:19:35+00:00","og_image":[{"width":678,"height":622,"url":"https:\/\/glasir.com.ua\/wp-content\/uploads\/2025\/02\/3.png","type":"image\/png"}],"twitter_card":"summary_large_image","schema":{"@context":"https:\/\/schema.org","@graph":[{"@type":["WebPage","ItemPage"],"@id":"https:\/\/glasir.com.ua\/product\/%d1%83%d0%bb%d1%8c%d1%82%d1%80%d0%b0%d0%b7%d0%b2%d1%83%d0%ba%d0%be%d0%b2%d0%b0-%d0%b7%d1%83%d0%b1%d0%bd%d0%b0-%d1%89%d1%96%d1%82%d0%ba%d0%b0-%d0%b7%d1%96-%d1%81%d0%b2%d1%96%d1%82%d0%bb%d0%be%d0%b4\/","url":"https:\/\/glasir.com.ua\/product\/%d1%83%d0%bb%d1%8c%d1%82%d1%80%d0%b0%d0%b7%d0%b2%d1%83%d0%ba%d0%be%d0%b2%d0%b0-%d0%b7%d1%83%d0%b1%d0%bd%d0%b0-%d1%89%d1%96%d1%82%d0%ba%d0%b0-%d0%b7%d1%96-%d1%81%d0%b2%d1%96%d1%82%d0%bb%d0%be%d0%b4\/","name":"Szczoteczka ultrad\u017awi\u0119kowa z ekranem LED ApiYoo S1 - Glasir","isPartOf":{"@id":"https:\/\/glasir.com.ua\/#website"},"primaryImageOfPage":{"@id":"https:\/\/glasir.com.ua\/product\/%d1%83%d0%bb%d1%8c%d1%82%d1%80%d0%b0%d0%b7%d0%b2%d1%83%d0%ba%d0%be%d0%b2%d0%b0-%d0%b7%d1%83%d0%b1%d0%bd%d0%b0-%d1%89%d1%96%d1%82%d0%ba%d0%b0-%d0%b7%d1%96-%d1%81%d0%b2%d1%96%d1%82%d0%bb%d0%be%d0%b4\/#primaryimage"},"image":{"@id":"https:\/\/glasir.com.ua\/product\/%d1%83%d0%bb%d1%8c%d1%82%d1%80%d0%b0%d0%b7%d0%b2%d1%83%d0%ba%d0%be%d0%b2%d0%b0-%d0%b7%d1%83%d0%b1%d0%bd%d0%b0-%d1%89%d1%96%d1%82%d0%ba%d0%b0-%d0%b7%d1%96-%d1%81%d0%b2%d1%96%d1%82%d0%bb%d0%be%d0%b4\/#primaryimage"},"thumbnailUrl":"https:\/\/glasir.com.ua\/wp-content\/uploads\/2025\/02\/3.png","datePublished":"2025-02-22T13:15:27+00:00","dateModified":"2025-12-31T23:19:35+00:00","breadcrumb":{"@id":"https:\/\/glasir.com.ua\/product\/%d1%83%d0%bb%d1%8c%d1%82%d1%80%d0%b0%d0%b7%d0%b2%d1%83%d0%ba%d0%be%d0%b2%d0%b0-%d0%b7%d1%83%d0%b1%d0%bd%d0%b0-%d1%89%d1%96%d1%82%d0%ba%d0%b0-%d0%b7%d1%96-%d1%81%d0%b2%d1%96%d1%82%d0%bb%d0%be%d0%b4\/#breadcrumb"},"inLanguage":"pl-PL","potentialAction":[{"@type":"ReadAction","target":["https:\/\/glasir.com.ua\/product\/%d1%83%d0%bb%d1%8c%d1%82%d1%80%d0%b0%d0%b7%d0%b2%d1%83%d0%ba%d0%be%d0%b2%d0%b0-%d0%b7%d1%83%d0%b1%d0%bd%d0%b0-%d1%89%d1%96%d1%82%d0%ba%d0%b0-%d0%b7%d1%96-%d1%81%d0%b2%d1%96%d1%82%d0%bb%d0%be%d0%b4\/"]}]},{"@type":"ImageObject","inLanguage":"pl-PL","@id":"https:\/\/glasir.com.ua\/product\/%d1%83%d0%bb%d1%8c%d1%82%d1%80%d0%b0%d0%b7%d0%b2%d1%83%d0%ba%d0%be%d0%b2%d0%b0-%d0%b7%d1%83%d0%b1%d0%bd%d0%b0-%d1%89%d1%96%d1%82%d0%ba%d0%b0-%d0%b7%d1%96-%d1%81%d0%b2%d1%96%d1%82%d0%bb%d0%be%d0%b4\/#primaryimage","url":"https:\/\/glasir.com.ua\/wp-content\/uploads\/2025\/02\/3.png","contentUrl":"https:\/\/glasir.com.ua\/wp-content\/uploads\/2025\/02\/3.png","width":678,"height":622,"caption":"ApiYoo S1 spazzolino ultrasonico con schermo LED"},{"@type":"BreadcrumbList","@id":"https:\/\/glasir.com.ua\/product\/%d1%83%d0%bb%d1%8c%d1%82%d1%80%d0%b0%d0%b7%d0%b2%d1%83%d0%ba%d0%be%d0%b2%d0%b0-%d0%b7%d1%83%d0%b1%d0%bd%d0%b0-%d1%89%d1%96%d1%82%d0%ba%d0%b0-%d0%b7%d1%96-%d1%81%d0%b2%d1%96%d1%82%d0%bb%d0%be%d0%b4\/#breadcrumb","itemListElement":[{"@type":"ListItem","position":1,"name":"Home","item":"https:\/\/glasir.com.ua\/"},{"@type":"ListItem","position":2,"name":"\u0406\u043d\u0442\u0435\u0440\u043d\u0435\u0442-\u043c\u0430\u0433\u0430\u0437\u0438\u043d","item":"https:\/\/glasir.com.ua\/shop\/"},{"@type":"ListItem","position":3,"name":"\u0423\u043b\u044c\u0442\u0440\u0430\u0437\u0432\u0443\u043a\u043e\u0432\u0430 \u0437\u0443\u0431\u043d\u0430 \u0449\u0456\u0442\u043a\u0430 \u0437\u0456 \u0441\u0432\u0456\u0442\u043b\u043e\u0434\u0456\u043e\u0434\u043d\u0438\u043c \u0435\u043a\u0440\u0430\u043d\u043e\u043c ApiYoo S1"}]},{"@type":"WebSite","@id":"https:\/\/glasir.com.ua\/#website","url":"https:\/\/glasir.com.ua\/","name":"Glasir","description":"Nie ma por\u00f3wnania.","publisher":{"@id":"https:\/\/glasir.com.ua\/#organization"},"potentialAction":[{"@type":"SearchAction","target":{"@type":"EntryPoint","urlTemplate":"https:\/\/glasir.com.ua\/?s={search_term_string}"},"query-input":{"@type":"PropertyValueSpecification","valueRequired":true,"valueName":"search_term_string"}}],"inLanguage":"pl-PL"},{"@type":"Organization","@id":"https:\/\/glasir.com.ua\/#organization","name":"Glasir","url":"https:\/\/glasir.com.ua\/","logo":{"@type":"ImageObject","inLanguage":"pl-PL","@id":"https:\/\/glasir.com.ua\/#\/schema\/logo\/image\/","url":"https:\/\/glasir.com.ua\/wp-content\/uploads\/2023\/06\/cropped-llc-glasir.png","contentUrl":"https:\/\/glasir.com.ua\/wp-content\/uploads\/2023\/06\/cropped-llc-glasir.png","width":250,"height":250,"caption":"Glasir"},"image":{"@id":"https:\/\/glasir.com.ua\/#\/schema\/logo\/image\/"},"sameAs":["https:\/\/www.pinterest.com\/llc_glasir","https:\/\/g.co\/kgs\/7CK1iZr"]}]}},"_links":{"self":[{"href":"https:\/\/glasir.com.ua\/pl\/wp-json\/wp\/v2\/product\/1512","targetHints":{"allow":["GET"]}}],"collection":[{"href":"https:\/\/glasir.com.ua\/pl\/wp-json\/wp\/v2\/product"}],"about":[{"href":"https:\/\/glasir.com.ua\/pl\/wp-json\/wp\/v2\/types\/product"}],"replies":[{"embeddable":true,"href":"https:\/\/glasir.com.ua\/pl\/wp-json\/wp\/v2\/comments?post=1512"}],"wp:featuredmedia":[{"embeddable":true,"href":"https:\/\/glasir.com.ua\/pl\/wp-json\/wp\/v2\/media\/1515"}],"wp:attachment":[{"href":"https:\/\/glasir.com.ua\/pl\/wp-json\/wp\/v2\/media?parent=1512"}],"wp:term":[{"taxonomy":"product_brand","embeddable":true,"href":"https:\/\/glasir.com.ua\/pl\/wp-json\/wp\/v2\/product_brand?post=1512"},{"taxonomy":"product_cat","embeddable":true,"href":"https:\/\/glasir.com.ua\/pl\/wp-json\/wp\/v2\/product_cat?post=1512"},{"taxonomy":"product_tag","embeddable":true,"href":"https:\/\/glasir.com.ua\/pl\/wp-json\/wp\/v2\/product_tag?post=1512"}],"curies":[{"name":"wp","href":"https:\/\/api.w.org\/{rel}","templated":true}]}}