{"id":1494,"date":"2025-02-22T13:08:16","date_gmt":"2025-02-22T11:08:16","guid":{"rendered":"https:\/\/glasir.com.ua\/?post_type=product&#038;p=1494"},"modified":"2025-03-08T16:38:06","modified_gmt":"2025-03-08T14:38:06","slug":"%d0%b0%d0%ba%d1%83%d0%bc%d1%83%d0%bb%d1%8f%d1%82%d0%be%d1%80%d0%bd%d0%b0-%d0%b1%d0%b5%d0%b7%d0%b4%d1%80%d0%be%d1%82%d0%be%d0%b2%d0%b0-%d0%bc%d1%96%d0%bd%d1%96-%d0%b1%d1%80%d0%b8%d1%82%d0%b2%d0%b0-ap-2","status":"publish","type":"product","link":"https:\/\/glasir.com.ua\/pl\/product\/%d0%b0%d0%ba%d1%83%d0%bc%d1%83%d0%bb%d1%8f%d1%82%d0%be%d1%80%d0%bd%d0%b0-%d0%b1%d0%b5%d0%b7%d0%b4%d1%80%d0%be%d1%82%d0%be%d0%b2%d0%b0-%d0%bc%d1%96%d0%bd%d1%96-%d0%b1%d1%80%d0%b8%d1%82%d0%b2%d0%b0-ap-2\/","title":{"rendered":"ApiYoo T3 Leggero Mini Golarka Bezprzewodowa"},"content":{"rendered":"<p>ApiYoo T3 Leggero Mini Golarka Bezprzewodowa<\/p>\n<p>Kompaktowa i stylowa mini maszynka do golenia wyposa\u017cona jest w system siateczki przeznaczony do golenia na sucho i na mokro. Ta maszynka jest idealna dla m\u0119\u017cczyzn o wra\u017cliwej sk\u00f3rze twarzy. Dzi\u0119ki zastosowaniu specjalnej siateczki sk\u00f3ra jest mniej podra\u017cniona i nie powoduje uszkodze\u0144.<\/p>\n<p>Miniaturowa golarka jest akumulatorowa i ma niewielkie rozmiary, dzi\u0119ki czemu mo\u017cna j\u0105 wygodnie nosi\u0107 ze sob\u0105, a tak\u017ce \u0142adowa\u0107 w dowolnym miejscu za pomoc\u0105 kabla USB. Maszynka do golenia sprawdzi si\u0119 \u015bwietnie w podr\u00f3\u017cy, podczas wyjazd\u00f3w s\u0142u\u017cbowych lub w pracy. Dzi\u0119ki niemu zachowasz styl i schludny wygl\u0105d bez wzgl\u0119du na okoliczno\u015bci.<br \/>\nZaleca si\u0119 golenie na sucho, przed umyciem twarzy lub jaki\u015b czas po jej umyciu \u2013 pozwoli to zoptymalizowa\u0107 jako\u015b\u0107 golenia i zapewni komfort. <\/p>\n<p>Funkcja:<br \/>\n\u2013 Stal nierdzewna<br \/>\n\u2013 Prze\u0142\u0105cznik dotykowy,<br \/>\n\u2013 Inteligentna sztuczna inteligencja zapobiegaj\u0105ca przycinaniu<br \/>\n\u2013 P\u0142ywaj\u0105ce podw\u00f3jne g\u0142owice gol\u0105ce<\/p>\n<p>Zestaw zawiera:<br \/>\n\u2013 instrukcja obs\u0142ugi<br \/>\n\u2013 brzytwa<br \/>\n\u2013 \u0141adowarka USB<br \/>\n- szczotka<br \/>\n\u2013 torba flanelowa<\/p>\n<div style=\"width: 525px;\" class=\"wp-video\"><video class=\"wp-video-shortcode\" id=\"video-1494-1\" width=\"525\" height=\"700\" preload=\"metadata\" controls=\"controls\"><source type=\"video\/mp4\" src=\"http:\/\/glasir.com.ua\/wp-content\/uploads\/2025\/02\/rasoio-apiyoo-t3-leggero.mp4?_=1\" \/><a href=\"http:\/\/glasir.com.ua\/wp-content\/uploads\/2025\/02\/rasoio-apiyoo-t3-leggero.mp4\">http:\/\/glasir.com.ua\/wp-content\/uploads\/2025\/02\/rasoio-apiyoo-t3-leggero.mp4<\/a><\/video><\/div>","protected":false},"excerpt":{"rendered":"<p>ApiYoo T3 Leggero Mini Golarka Bezprzewodowa<\/p>","protected":false},"featured_media":1496,"comment_status":"open","ping_status":"closed","template":"","meta":[],"product_brand":[],"product_cat":[135],"product_tag":[33],"class_list":{"0":"post-1494","1":"product","2":"type-product","3":"status-publish","4":"has-post-thumbnail","6":"product_cat-135","7":"product_tag-apiyoo","9":"first","10":"onbackorder","11":"taxable","12":"shipping-taxable","13":"purchasable","14":"product-type-variable"},"yoast_head":"<!-- This site is optimized with the Yoast SEO plugin v27.2 - https:\/\/yoast.com\/product\/yoast-seo-wordpress\/ -->\n<title>\u0410\u043a\u0443\u043c\u0443\u043b\u044f\u0442\u043e\u0440\u043d\u0430 \u0431\u0435\u0437\u0434\u0440\u043e\u0442\u043e\u0432\u0430 \u043c\u0456\u043d\u0456 \u0431\u0440\u0438\u0442\u0432\u0430 ApiYoo T3 Leggero - Glasir<\/title>\n<meta name=\"robots\" content=\"index, follow, max-snippet:-1, max-image-preview:large, max-video-preview:-1\" \/>\n<link rel=\"canonical\" href=\"https:\/\/glasir.com.ua\/pl\/product\/\u0430\u043a\u0443\u043c\u0443\u043b\u044f\u0442\u043e\u0440\u043d\u0430-\u0431\u0435\u0437\u0434\u0440\u043e\u0442\u043e\u0432\u0430-\u043c\u0456\u043d\u0456-\u0431\u0440\u0438\u0442\u0432\u0430-ap-2\/\" \/>\n<meta property=\"og:locale\" content=\"pl_PL\" \/>\n<meta property=\"og:type\" content=\"article\" \/>\n<meta property=\"og:title\" content=\"\u0410\u043a\u0443\u043c\u0443\u043b\u044f\u0442\u043e\u0440\u043d\u0430 \u0431\u0435\u0437\u0434\u0440\u043e\u0442\u043e\u0432\u0430 \u043c\u0456\u043d\u0456 \u0431\u0440\u0438\u0442\u0432\u0430 ApiYoo T3 Leggero - Glasir\" \/>\n<meta property=\"og:description\" content=\"\u0410\u043a\u0443\u043c\u0443\u043b\u044f\u0442\u043e\u0440\u043d\u0430 \u0431\u0435\u0437\u0434\u0440\u043e\u0442\u043e\u0432\u0430 \u043c\u0456\u043d\u0456 \u0431\u0440\u0438\u0442\u0432\u0430 ApiYoo T3 Leggero\" \/>\n<meta property=\"og:url\" content=\"https:\/\/glasir.com.ua\/pl\/product\/\u0430\u043a\u0443\u043c\u0443\u043b\u044f\u0442\u043e\u0440\u043d\u0430-\u0431\u0435\u0437\u0434\u0440\u043e\u0442\u043e\u0432\u0430-\u043c\u0456\u043d\u0456-\u0431\u0440\u0438\u0442\u0432\u0430-ap-2\/\" \/>\n<meta property=\"og:site_name\" content=\"Glasir\" \/>\n<meta property=\"article:modified_time\" content=\"2025-03-08T14:38:06+00:00\" \/>\n<meta property=\"og:image\" content=\"https:\/\/glasir.com.ua\/wp-content\/uploads\/2025\/02\/rasoio-apiyoo-t3-leggero2.jpg\" \/>\n\t<meta property=\"og:image:width\" content=\"800\" \/>\n\t<meta property=\"og:image:height\" content=\"800\" \/>\n\t<meta property=\"og:image:type\" content=\"image\/jpeg\" \/>\n<meta name=\"twitter:card\" content=\"summary_large_image\" \/>\n<script type=\"application\/ld+json\" class=\"yoast-schema-graph\">{\"@context\":\"https:\/\/schema.org\",\"@graph\":[{\"@type\":[\"WebPage\",\"ItemPage\"],\"@id\":\"https:\/\/glasir.com.ua\/product\/%d0%b0%d0%ba%d1%83%d0%bc%d1%83%d0%bb%d1%8f%d1%82%d0%be%d1%80%d0%bd%d0%b0-%d0%b1%d0%b5%d0%b7%d0%b4%d1%80%d0%be%d1%82%d0%be%d0%b2%d0%b0-%d0%bc%d1%96%d0%bd%d1%96-%d0%b1%d1%80%d0%b8%d1%82%d0%b2%d0%b0-ap-2\/\",\"url\":\"https:\/\/glasir.com.ua\/product\/%d0%b0%d0%ba%d1%83%d0%bc%d1%83%d0%bb%d1%8f%d1%82%d0%be%d1%80%d0%bd%d0%b0-%d0%b1%d0%b5%d0%b7%d0%b4%d1%80%d0%be%d1%82%d0%be%d0%b2%d0%b0-%d0%bc%d1%96%d0%bd%d1%96-%d0%b1%d1%80%d0%b8%d1%82%d0%b2%d0%b0-ap-2\/\",\"name\":\"\u0410\u043a\u0443\u043c\u0443\u043b\u044f\u0442\u043e\u0440\u043d\u0430 \u0431\u0435\u0437\u0434\u0440\u043e\u0442\u043e\u0432\u0430 \u043c\u0456\u043d\u0456 \u0431\u0440\u0438\u0442\u0432\u0430 ApiYoo T3 Leggero - Glasir\",\"isPartOf\":{\"@id\":\"https:\/\/glasir.com.ua\/#website\"},\"primaryImageOfPage\":{\"@id\":\"https:\/\/glasir.com.ua\/product\/%d0%b0%d0%ba%d1%83%d0%bc%d1%83%d0%bb%d1%8f%d1%82%d0%be%d1%80%d0%bd%d0%b0-%d0%b1%d0%b5%d0%b7%d0%b4%d1%80%d0%be%d1%82%d0%be%d0%b2%d0%b0-%d0%bc%d1%96%d0%bd%d1%96-%d0%b1%d1%80%d0%b8%d1%82%d0%b2%d0%b0-ap-2\/#primaryimage\"},\"image\":{\"@id\":\"https:\/\/glasir.com.ua\/product\/%d0%b0%d0%ba%d1%83%d0%bc%d1%83%d0%bb%d1%8f%d1%82%d0%be%d1%80%d0%bd%d0%b0-%d0%b1%d0%b5%d0%b7%d0%b4%d1%80%d0%be%d1%82%d0%be%d0%b2%d0%b0-%d0%bc%d1%96%d0%bd%d1%96-%d0%b1%d1%80%d0%b8%d1%82%d0%b2%d0%b0-ap-2\/#primaryimage\"},\"thumbnailUrl\":\"https:\/\/glasir.com.ua\/wp-content\/uploads\/2025\/02\/rasoio-apiyoo-t3-leggero2.jpg\",\"datePublished\":\"2025-02-22T11:08:16+00:00\",\"dateModified\":\"2025-03-08T14:38:06+00:00\",\"breadcrumb\":{\"@id\":\"https:\/\/glasir.com.ua\/product\/%d0%b0%d0%ba%d1%83%d0%bc%d1%83%d0%bb%d1%8f%d1%82%d0%be%d1%80%d0%bd%d0%b0-%d0%b1%d0%b5%d0%b7%d0%b4%d1%80%d0%be%d1%82%d0%be%d0%b2%d0%b0-%d0%bc%d1%96%d0%bd%d1%96-%d0%b1%d1%80%d0%b8%d1%82%d0%b2%d0%b0-ap-2\/#breadcrumb\"},\"inLanguage\":\"pl-PL\",\"potentialAction\":[{\"@type\":\"ReadAction\",\"target\":[\"https:\/\/glasir.com.ua\/product\/%d0%b0%d0%ba%d1%83%d0%bc%d1%83%d0%bb%d1%8f%d1%82%d0%be%d1%80%d0%bd%d0%b0-%d0%b1%d0%b5%d0%b7%d0%b4%d1%80%d0%be%d1%82%d0%be%d0%b2%d0%b0-%d0%bc%d1%96%d0%bd%d1%96-%d0%b1%d1%80%d0%b8%d1%82%d0%b2%d0%b0-ap-2\/\"]}]},{\"@type\":\"ImageObject\",\"inLanguage\":\"pl-PL\",\"@id\":\"https:\/\/glasir.com.ua\/product\/%d0%b0%d0%ba%d1%83%d0%bc%d1%83%d0%bb%d1%8f%d1%82%d0%be%d1%80%d0%bd%d0%b0-%d0%b1%d0%b5%d0%b7%d0%b4%d1%80%d0%be%d1%82%d0%be%d0%b2%d0%b0-%d0%bc%d1%96%d0%bd%d1%96-%d0%b1%d1%80%d0%b8%d1%82%d0%b2%d0%b0-ap-2\/#primaryimage\",\"url\":\"https:\/\/glasir.com.ua\/wp-content\/uploads\/2025\/02\/rasoio-apiyoo-t3-leggero2.jpg\",\"contentUrl\":\"https:\/\/glasir.com.ua\/wp-content\/uploads\/2025\/02\/rasoio-apiyoo-t3-leggero2.jpg\",\"width\":800,\"height\":800,\"caption\":\"ApiYoo T3 Leggero\"},{\"@type\":\"BreadcrumbList\",\"@id\":\"https:\/\/glasir.com.ua\/product\/%d0%b0%d0%ba%d1%83%d0%bc%d1%83%d0%bb%d1%8f%d1%82%d0%be%d1%80%d0%bd%d0%b0-%d0%b1%d0%b5%d0%b7%d0%b4%d1%80%d0%be%d1%82%d0%be%d0%b2%d0%b0-%d0%bc%d1%96%d0%bd%d1%96-%d0%b1%d1%80%d0%b8%d1%82%d0%b2%d0%b0-ap-2\/#breadcrumb\",\"itemListElement\":[{\"@type\":\"ListItem\",\"position\":1,\"name\":\"Home\",\"item\":\"https:\/\/glasir.com.ua\/\"},{\"@type\":\"ListItem\",\"position\":2,\"name\":\"\u0406\u043d\u0442\u0435\u0440\u043d\u0435\u0442-\u043c\u0430\u0433\u0430\u0437\u0438\u043d\",\"item\":\"https:\/\/glasir.com.ua\/shop\/\"},{\"@type\":\"ListItem\",\"position\":3,\"name\":\"\u0410\u043a\u0443\u043c\u0443\u043b\u044f\u0442\u043e\u0440\u043d\u0430 \u0431\u0435\u0437\u0434\u0440\u043e\u0442\u043e\u0432\u0430 \u043c\u0456\u043d\u0456 \u0431\u0440\u0438\u0442\u0432\u0430 ApiYoo T3 Leggero\"}]},{\"@type\":\"WebSite\",\"@id\":\"https:\/\/glasir.com.ua\/#website\",\"url\":\"https:\/\/glasir.com.ua\/\",\"name\":\"Glasir\",\"description\":\"\u041d\u0435\u043c\u0430\u0454 \u043f\u043e\u0440\u0456\u0432\u043d\u044f\u043d\u043d\u044f.\",\"publisher\":{\"@id\":\"https:\/\/glasir.com.ua\/#organization\"},\"potentialAction\":[{\"@type\":\"SearchAction\",\"target\":{\"@type\":\"EntryPoint\",\"urlTemplate\":\"https:\/\/glasir.com.ua\/?s={search_term_string}\"},\"query-input\":{\"@type\":\"PropertyValueSpecification\",\"valueRequired\":true,\"valueName\":\"search_term_string\"}}],\"inLanguage\":\"pl-PL\"},{\"@type\":\"Organization\",\"@id\":\"https:\/\/glasir.com.ua\/#organization\",\"name\":\"Glasir\",\"url\":\"https:\/\/glasir.com.ua\/\",\"logo\":{\"@type\":\"ImageObject\",\"inLanguage\":\"pl-PL\",\"@id\":\"https:\/\/glasir.com.ua\/#\/schema\/logo\/image\/\",\"url\":\"https:\/\/glasir.com.ua\/wp-content\/uploads\/2023\/06\/cropped-llc-glasir.png\",\"contentUrl\":\"https:\/\/glasir.com.ua\/wp-content\/uploads\/2023\/06\/cropped-llc-glasir.png\",\"width\":250,\"height\":250,\"caption\":\"Glasir\"},\"image\":{\"@id\":\"https:\/\/glasir.com.ua\/#\/schema\/logo\/image\/\"},\"sameAs\":[\"https:\/\/www.pinterest.com\/llc_glasir\",\"https:\/\/g.co\/kgs\/7CK1iZr\"]}]}<\/script>\n<!-- \/ Yoast SEO plugin. -->","yoast_head_json":{"title":"Bezprzewodowa minigolarka ApiYoo T3 Leggero \u2013 Glasir","robots":{"index":"index","follow":"follow","max-snippet":"max-snippet:-1","max-image-preview":"max-image-preview:large","max-video-preview":"max-video-preview:-1"},"canonical":"https:\/\/glasir.com.ua\/pl\/product\/\u0430\u043a\u0443\u043c\u0443\u043b\u044f\u0442\u043e\u0440\u043d\u0430-\u0431\u0435\u0437\u0434\u0440\u043e\u0442\u043e\u0432\u0430-\u043c\u0456\u043d\u0456-\u0431\u0440\u0438\u0442\u0432\u0430-ap-2\/","og_locale":"pl_PL","og_type":"article","og_title":"\u0410\u043a\u0443\u043c\u0443\u043b\u044f\u0442\u043e\u0440\u043d\u0430 \u0431\u0435\u0437\u0434\u0440\u043e\u0442\u043e\u0432\u0430 \u043c\u0456\u043d\u0456 \u0431\u0440\u0438\u0442\u0432\u0430 ApiYoo T3 Leggero - Glasir","og_description":"\u0410\u043a\u0443\u043c\u0443\u043b\u044f\u0442\u043e\u0440\u043d\u0430 \u0431\u0435\u0437\u0434\u0440\u043e\u0442\u043e\u0432\u0430 \u043c\u0456\u043d\u0456 \u0431\u0440\u0438\u0442\u0432\u0430 ApiYoo T3 Leggero","og_url":"https:\/\/glasir.com.ua\/pl\/product\/\u0430\u043a\u0443\u043c\u0443\u043b\u044f\u0442\u043e\u0440\u043d\u0430-\u0431\u0435\u0437\u0434\u0440\u043e\u0442\u043e\u0432\u0430-\u043c\u0456\u043d\u0456-\u0431\u0440\u0438\u0442\u0432\u0430-ap-2\/","og_site_name":"Glasir","article_modified_time":"2025-03-08T14:38:06+00:00","og_image":[{"width":800,"height":800,"url":"https:\/\/glasir.com.ua\/wp-content\/uploads\/2025\/02\/rasoio-apiyoo-t3-leggero2.jpg","type":"image\/jpeg"}],"twitter_card":"summary_large_image","schema":{"@context":"https:\/\/schema.org","@graph":[{"@type":["WebPage","ItemPage"],"@id":"https:\/\/glasir.com.ua\/product\/%d0%b0%d0%ba%d1%83%d0%bc%d1%83%d0%bb%d1%8f%d1%82%d0%be%d1%80%d0%bd%d0%b0-%d0%b1%d0%b5%d0%b7%d0%b4%d1%80%d0%be%d1%82%d0%be%d0%b2%d0%b0-%d0%bc%d1%96%d0%bd%d1%96-%d0%b1%d1%80%d0%b8%d1%82%d0%b2%d0%b0-ap-2\/","url":"https:\/\/glasir.com.ua\/product\/%d0%b0%d0%ba%d1%83%d0%bc%d1%83%d0%bb%d1%8f%d1%82%d0%be%d1%80%d0%bd%d0%b0-%d0%b1%d0%b5%d0%b7%d0%b4%d1%80%d0%be%d1%82%d0%be%d0%b2%d0%b0-%d0%bc%d1%96%d0%bd%d1%96-%d0%b1%d1%80%d0%b8%d1%82%d0%b2%d0%b0-ap-2\/","name":"Bezprzewodowa minigolarka ApiYoo T3 Leggero \u2013 Glasir","isPartOf":{"@id":"https:\/\/glasir.com.ua\/#website"},"primaryImageOfPage":{"@id":"https:\/\/glasir.com.ua\/product\/%d0%b0%d0%ba%d1%83%d0%bc%d1%83%d0%bb%d1%8f%d1%82%d0%be%d1%80%d0%bd%d0%b0-%d0%b1%d0%b5%d0%b7%d0%b4%d1%80%d0%be%d1%82%d0%be%d0%b2%d0%b0-%d0%bc%d1%96%d0%bd%d1%96-%d0%b1%d1%80%d0%b8%d1%82%d0%b2%d0%b0-ap-2\/#primaryimage"},"image":{"@id":"https:\/\/glasir.com.ua\/product\/%d0%b0%d0%ba%d1%83%d0%bc%d1%83%d0%bb%d1%8f%d1%82%d0%be%d1%80%d0%bd%d0%b0-%d0%b1%d0%b5%d0%b7%d0%b4%d1%80%d0%be%d1%82%d0%be%d0%b2%d0%b0-%d0%bc%d1%96%d0%bd%d1%96-%d0%b1%d1%80%d0%b8%d1%82%d0%b2%d0%b0-ap-2\/#primaryimage"},"thumbnailUrl":"https:\/\/glasir.com.ua\/wp-content\/uploads\/2025\/02\/rasoio-apiyoo-t3-leggero2.jpg","datePublished":"2025-02-22T11:08:16+00:00","dateModified":"2025-03-08T14:38:06+00:00","breadcrumb":{"@id":"https:\/\/glasir.com.ua\/product\/%d0%b0%d0%ba%d1%83%d0%bc%d1%83%d0%bb%d1%8f%d1%82%d0%be%d1%80%d0%bd%d0%b0-%d0%b1%d0%b5%d0%b7%d0%b4%d1%80%d0%be%d1%82%d0%be%d0%b2%d0%b0-%d0%bc%d1%96%d0%bd%d1%96-%d0%b1%d1%80%d0%b8%d1%82%d0%b2%d0%b0-ap-2\/#breadcrumb"},"inLanguage":"pl-PL","potentialAction":[{"@type":"ReadAction","target":["https:\/\/glasir.com.ua\/product\/%d0%b0%d0%ba%d1%83%d0%bc%d1%83%d0%bb%d1%8f%d1%82%d0%be%d1%80%d0%bd%d0%b0-%d0%b1%d0%b5%d0%b7%d0%b4%d1%80%d0%be%d1%82%d0%be%d0%b2%d0%b0-%d0%bc%d1%96%d0%bd%d1%96-%d0%b1%d1%80%d0%b8%d1%82%d0%b2%d0%b0-ap-2\/"]}]},{"@type":"ImageObject","inLanguage":"pl-PL","@id":"https:\/\/glasir.com.ua\/product\/%d0%b0%d0%ba%d1%83%d0%bc%d1%83%d0%bb%d1%8f%d1%82%d0%be%d1%80%d0%bd%d0%b0-%d0%b1%d0%b5%d0%b7%d0%b4%d1%80%d0%be%d1%82%d0%be%d0%b2%d0%b0-%d0%bc%d1%96%d0%bd%d1%96-%d0%b1%d1%80%d0%b8%d1%82%d0%b2%d0%b0-ap-2\/#primaryimage","url":"https:\/\/glasir.com.ua\/wp-content\/uploads\/2025\/02\/rasoio-apiyoo-t3-leggero2.jpg","contentUrl":"https:\/\/glasir.com.ua\/wp-content\/uploads\/2025\/02\/rasoio-apiyoo-t3-leggero2.jpg","width":800,"height":800,"caption":"ApiYoo T3 Leggero"},{"@type":"BreadcrumbList","@id":"https:\/\/glasir.com.ua\/product\/%d0%b0%d0%ba%d1%83%d0%bc%d1%83%d0%bb%d1%8f%d1%82%d0%be%d1%80%d0%bd%d0%b0-%d0%b1%d0%b5%d0%b7%d0%b4%d1%80%d0%be%d1%82%d0%be%d0%b2%d0%b0-%d0%bc%d1%96%d0%bd%d1%96-%d0%b1%d1%80%d0%b8%d1%82%d0%b2%d0%b0-ap-2\/#breadcrumb","itemListElement":[{"@type":"ListItem","position":1,"name":"Home","item":"https:\/\/glasir.com.ua\/"},{"@type":"ListItem","position":2,"name":"\u0406\u043d\u0442\u0435\u0440\u043d\u0435\u0442-\u043c\u0430\u0433\u0430\u0437\u0438\u043d","item":"https:\/\/glasir.com.ua\/shop\/"},{"@type":"ListItem","position":3,"name":"\u0410\u043a\u0443\u043c\u0443\u043b\u044f\u0442\u043e\u0440\u043d\u0430 \u0431\u0435\u0437\u0434\u0440\u043e\u0442\u043e\u0432\u0430 \u043c\u0456\u043d\u0456 \u0431\u0440\u0438\u0442\u0432\u0430 ApiYoo T3 Leggero"}]},{"@type":"WebSite","@id":"https:\/\/glasir.com.ua\/#website","url":"https:\/\/glasir.com.ua\/","name":"Glasir","description":"Nie ma por\u00f3wnania.","publisher":{"@id":"https:\/\/glasir.com.ua\/#organization"},"potentialAction":[{"@type":"SearchAction","target":{"@type":"EntryPoint","urlTemplate":"https:\/\/glasir.com.ua\/?s={search_term_string}"},"query-input":{"@type":"PropertyValueSpecification","valueRequired":true,"valueName":"search_term_string"}}],"inLanguage":"pl-PL"},{"@type":"Organization","@id":"https:\/\/glasir.com.ua\/#organization","name":"Glasir","url":"https:\/\/glasir.com.ua\/","logo":{"@type":"ImageObject","inLanguage":"pl-PL","@id":"https:\/\/glasir.com.ua\/#\/schema\/logo\/image\/","url":"https:\/\/glasir.com.ua\/wp-content\/uploads\/2023\/06\/cropped-llc-glasir.png","contentUrl":"https:\/\/glasir.com.ua\/wp-content\/uploads\/2023\/06\/cropped-llc-glasir.png","width":250,"height":250,"caption":"Glasir"},"image":{"@id":"https:\/\/glasir.com.ua\/#\/schema\/logo\/image\/"},"sameAs":["https:\/\/www.pinterest.com\/llc_glasir","https:\/\/g.co\/kgs\/7CK1iZr"]}]}},"_links":{"self":[{"href":"https:\/\/glasir.com.ua\/pl\/wp-json\/wp\/v2\/product\/1494","targetHints":{"allow":["GET"]}}],"collection":[{"href":"https:\/\/glasir.com.ua\/pl\/wp-json\/wp\/v2\/product"}],"about":[{"href":"https:\/\/glasir.com.ua\/pl\/wp-json\/wp\/v2\/types\/product"}],"replies":[{"embeddable":true,"href":"https:\/\/glasir.com.ua\/pl\/wp-json\/wp\/v2\/comments?post=1494"}],"wp:featuredmedia":[{"embeddable":true,"href":"https:\/\/glasir.com.ua\/pl\/wp-json\/wp\/v2\/media\/1496"}],"wp:attachment":[{"href":"https:\/\/glasir.com.ua\/pl\/wp-json\/wp\/v2\/media?parent=1494"}],"wp:term":[{"taxonomy":"product_brand","embeddable":true,"href":"https:\/\/glasir.com.ua\/pl\/wp-json\/wp\/v2\/product_brand?post=1494"},{"taxonomy":"product_cat","embeddable":true,"href":"https:\/\/glasir.com.ua\/pl\/wp-json\/wp\/v2\/product_cat?post=1494"},{"taxonomy":"product_tag","embeddable":true,"href":"https:\/\/glasir.com.ua\/pl\/wp-json\/wp\/v2\/product_tag?post=1494"}],"curies":[{"name":"wp","href":"https:\/\/api.w.org\/{rel}","templated":true}]}}