{"id":1356,"date":"2025-01-25T15:02:00","date_gmt":"2025-01-25T13:02:00","guid":{"rendered":"https:\/\/glasir.com.ua\/?post_type=product&#038;p=1356"},"modified":"2025-11-27T10:37:41","modified_gmt":"2025-11-27T08:37:41","slug":"%d1%82%d1%80%d1%83%d0%b1%d0%be%d1%80%d1%96%d0%b7-%d0%b4%d0%bb%d1%8f-%d0%bf%d0%bd%d0%b5%d0%b2%d0%bc%d0%b0%d1%82%d0%b8%d1%87%d0%bd%d0%b8%d1%85-%d1%82%d1%80%d1%83%d0%b1-3-15-%d0%bc%d0%bc-scu-1052a","status":"publish","type":"product","link":"https:\/\/glasir.com.ua\/pl\/product\/%d1%82%d1%80%d1%83%d0%b1%d0%be%d1%80%d1%96%d0%b7-%d0%b4%d0%bb%d1%8f-%d0%bf%d0%bd%d0%b5%d0%b2%d0%bc%d0%b0%d1%82%d0%b8%d1%87%d0%bd%d0%b8%d1%85-%d1%82%d1%80%d1%83%d0%b1-3-15-%d0%bc%d0%bc-scu-1052a\/","title":{"rendered":"Obcinak do rur pneumatycznych 3-15 mm SCU 1052A"},"content":{"rendered":"<p>Pneumatyczny przecinak do rur SCU 1052A<br \/>\nD\u0142ugo\u015b\u0107 130 mm<br \/>\nDo ci\u0119cia rur \u00d8 3-15 mm<\/p>\n<p>Je\u017celi szukasz konkretnego kodu produktu od SCU, ale nie znalaz\u0142e\u015b go w\u015br\u00f3d naszych ofert, <a href=\"https:\/\/glasir.com.ua\/pl\/kontakt\/\">wy\u015blij nam zapytanie<\/a>.<br \/>\nZesp\u00f3\u0142 Glasir ch\u0119tnie udzieli Pa\u0144stwu pomocy i przygotuje ofert\u0119 handlow\u0105.<br \/>\nJeste\u015bmy zawsze gotowi udzieli\u0107 Ci niezb\u0119dnych informacji i znale\u017a\u0107 optymalne rozwi\u0105zanie dla Twojego biznesu.<br \/>\nWy\u015blij nam swoje zapytania, a my ch\u0119tnie Ci pomo\u017cemy!<\/p>","protected":false},"excerpt":{"rendered":"<p>Obcinak do rur pneumatycznych 3-15 mm SCU 1052A<\/p>","protected":false},"featured_media":1359,"comment_status":"open","ping_status":"closed","template":"","meta":[],"product_brand":[],"product_cat":[179],"product_tag":[186],"class_list":{"0":"post-1356","1":"product","2":"type-product","3":"status-publish","4":"has-post-thumbnail","6":"product_cat---mebra-plastik-italia","7":"product_tag-scu","9":"first","10":"instock","11":"taxable","12":"shipping-taxable","13":"purchasable","14":"product-type-simple"},"yoast_head":"<!-- This site is optimized with the Yoast SEO plugin v27.2 - https:\/\/yoast.com\/product\/yoast-seo-wordpress\/ -->\n<title>\u0422\u0440\u0443\u0431\u043e\u0440\u0456\u0437 \u0434\u043b\u044f \u043f\u043d\u0435\u0432\u043c\u0430\u0442\u0438\u0447\u043d\u0438\u0445 \u0442\u0440\u0443\u0431 3-15 \u043c\u043c SCU 1052A - Glasir<\/title>\n<meta name=\"robots\" content=\"index, follow, max-snippet:-1, max-image-preview:large, max-video-preview:-1\" \/>\n<link rel=\"canonical\" href=\"https:\/\/glasir.com.ua\/pl\/product\/\u0442\u0440\u0443\u0431\u043e\u0440\u0456\u0437-\u0434\u043b\u044f-\u043f\u043d\u0435\u0432\u043c\u0430\u0442\u0438\u0447\u043d\u0438\u0445-\u0442\u0440\u0443\u0431-3-15-\u043c\u043c-scu-1052a\/\" \/>\n<meta property=\"og:locale\" content=\"pl_PL\" \/>\n<meta property=\"og:type\" content=\"article\" \/>\n<meta property=\"og:title\" content=\"\u0422\u0440\u0443\u0431\u043e\u0440\u0456\u0437 \u0434\u043b\u044f \u043f\u043d\u0435\u0432\u043c\u0430\u0442\u0438\u0447\u043d\u0438\u0445 \u0442\u0440\u0443\u0431 3-15 \u043c\u043c SCU 1052A - Glasir\" \/>\n<meta property=\"og:description\" content=\"\u0422\u0440\u0443\u0431\u043e\u0440\u0456\u0437 \u0434\u043b\u044f \u043f\u043d\u0435\u0432\u043c\u0430\u0442\u0438\u0447\u043d\u0438\u0445 \u0442\u0440\u0443\u0431 3-15 \u043c\u043c SCU 1052A\" \/>\n<meta property=\"og:url\" content=\"https:\/\/glasir.com.ua\/pl\/product\/\u0442\u0440\u0443\u0431\u043e\u0440\u0456\u0437-\u0434\u043b\u044f-\u043f\u043d\u0435\u0432\u043c\u0430\u0442\u0438\u0447\u043d\u0438\u0445-\u0442\u0440\u0443\u0431-3-15-\u043c\u043c-scu-1052a\/\" \/>\n<meta property=\"og:site_name\" content=\"Glasir\" \/>\n<meta property=\"article:modified_time\" content=\"2025-11-27T08:37:41+00:00\" \/>\n<meta property=\"og:image\" content=\"http:\/\/glasir.com.ua\/wp-content\/uploads\/2025\/01\/1052A.jpg\" \/>\n\t<meta property=\"og:image:width\" content=\"300\" \/>\n\t<meta property=\"og:image:height\" content=\"300\" \/>\n\t<meta property=\"og:image:type\" content=\"image\/jpeg\" \/>\n<meta name=\"twitter:card\" content=\"summary_large_image\" \/>\n<meta name=\"twitter:label1\" content=\"Szacowany czas czytania\" \/>\n\t<meta name=\"twitter:data1\" content=\"1 minuta\" \/>\n<script type=\"application\/ld+json\" class=\"yoast-schema-graph\">{\"@context\":\"https:\/\/schema.org\",\"@graph\":[{\"@type\":[\"WebPage\",\"ItemPage\"],\"@id\":\"https:\/\/glasir.com.ua\/product\/%d1%82%d1%80%d1%83%d0%b1%d0%be%d1%80%d1%96%d0%b7-%d0%b4%d0%bb%d1%8f-%d0%bf%d0%bd%d0%b5%d0%b2%d0%bc%d0%b0%d1%82%d0%b8%d1%87%d0%bd%d0%b8%d1%85-%d1%82%d1%80%d1%83%d0%b1-3-15-%d0%bc%d0%bc-scu-1052a\/\",\"url\":\"https:\/\/glasir.com.ua\/product\/%d1%82%d1%80%d1%83%d0%b1%d0%be%d1%80%d1%96%d0%b7-%d0%b4%d0%bb%d1%8f-%d0%bf%d0%bd%d0%b5%d0%b2%d0%bc%d0%b0%d1%82%d0%b8%d1%87%d0%bd%d0%b8%d1%85-%d1%82%d1%80%d1%83%d0%b1-3-15-%d0%bc%d0%bc-scu-1052a\/\",\"name\":\"\u0422\u0440\u0443\u0431\u043e\u0440\u0456\u0437 \u0434\u043b\u044f \u043f\u043d\u0435\u0432\u043c\u0430\u0442\u0438\u0447\u043d\u0438\u0445 \u0442\u0440\u0443\u0431 3-15 \u043c\u043c SCU 1052A - Glasir\",\"isPartOf\":{\"@id\":\"https:\/\/glasir.com.ua\/#website\"},\"primaryImageOfPage\":{\"@id\":\"https:\/\/glasir.com.ua\/product\/%d1%82%d1%80%d1%83%d0%b1%d0%be%d1%80%d1%96%d0%b7-%d0%b4%d0%bb%d1%8f-%d0%bf%d0%bd%d0%b5%d0%b2%d0%bc%d0%b0%d1%82%d0%b8%d1%87%d0%bd%d0%b8%d1%85-%d1%82%d1%80%d1%83%d0%b1-3-15-%d0%bc%d0%bc-scu-1052a\/#primaryimage\"},\"image\":{\"@id\":\"https:\/\/glasir.com.ua\/product\/%d1%82%d1%80%d1%83%d0%b1%d0%be%d1%80%d1%96%d0%b7-%d0%b4%d0%bb%d1%8f-%d0%bf%d0%bd%d0%b5%d0%b2%d0%bc%d0%b0%d1%82%d0%b8%d1%87%d0%bd%d0%b8%d1%85-%d1%82%d1%80%d1%83%d0%b1-3-15-%d0%bc%d0%bc-scu-1052a\/#primaryimage\"},\"thumbnailUrl\":\"https:\/\/glasir.com.ua\/wp-content\/uploads\/2025\/01\/1052A.jpg\",\"datePublished\":\"2025-01-25T13:02:00+00:00\",\"dateModified\":\"2025-11-27T08:37:41+00:00\",\"breadcrumb\":{\"@id\":\"https:\/\/glasir.com.ua\/product\/%d1%82%d1%80%d1%83%d0%b1%d0%be%d1%80%d1%96%d0%b7-%d0%b4%d0%bb%d1%8f-%d0%bf%d0%bd%d0%b5%d0%b2%d0%bc%d0%b0%d1%82%d0%b8%d1%87%d0%bd%d0%b8%d1%85-%d1%82%d1%80%d1%83%d0%b1-3-15-%d0%bc%d0%bc-scu-1052a\/#breadcrumb\"},\"inLanguage\":\"pl-PL\",\"potentialAction\":[{\"@type\":\"ReadAction\",\"target\":[\"https:\/\/glasir.com.ua\/product\/%d1%82%d1%80%d1%83%d0%b1%d0%be%d1%80%d1%96%d0%b7-%d0%b4%d0%bb%d1%8f-%d0%bf%d0%bd%d0%b5%d0%b2%d0%bc%d0%b0%d1%82%d0%b8%d1%87%d0%bd%d0%b8%d1%85-%d1%82%d1%80%d1%83%d0%b1-3-15-%d0%bc%d0%bc-scu-1052a\/\"]}]},{\"@type\":\"ImageObject\",\"inLanguage\":\"pl-PL\",\"@id\":\"https:\/\/glasir.com.ua\/product\/%d1%82%d1%80%d1%83%d0%b1%d0%be%d1%80%d1%96%d0%b7-%d0%b4%d0%bb%d1%8f-%d0%bf%d0%bd%d0%b5%d0%b2%d0%bc%d0%b0%d1%82%d0%b8%d1%87%d0%bd%d0%b8%d1%85-%d1%82%d1%80%d1%83%d0%b1-3-15-%d0%bc%d0%bc-scu-1052a\/#primaryimage\",\"url\":\"https:\/\/glasir.com.ua\/wp-content\/uploads\/2025\/01\/1052A.jpg\",\"contentUrl\":\"https:\/\/glasir.com.ua\/wp-content\/uploads\/2025\/01\/1052A.jpg\",\"width\":300,\"height\":300,\"caption\":\"\u0422\u0440\u0443\u0431\u043e\u0440\u0456\u0437 \u0434\u043b\u044f \u043f\u043d\u0435\u0432\u043c\u0430\u0442\u0438\u0447\u043d\u0438\u0445 \u0442\u0440\u0443\u0431 3-15 \u043c\u043c SCU 1052A\"},{\"@type\":\"BreadcrumbList\",\"@id\":\"https:\/\/glasir.com.ua\/product\/%d1%82%d1%80%d1%83%d0%b1%d0%be%d1%80%d1%96%d0%b7-%d0%b4%d0%bb%d1%8f-%d0%bf%d0%bd%d0%b5%d0%b2%d0%bc%d0%b0%d1%82%d0%b8%d1%87%d0%bd%d0%b8%d1%85-%d1%82%d1%80%d1%83%d0%b1-3-15-%d0%bc%d0%bc-scu-1052a\/#breadcrumb\",\"itemListElement\":[{\"@type\":\"ListItem\",\"position\":1,\"name\":\"Home\",\"item\":\"https:\/\/glasir.com.ua\/\"},{\"@type\":\"ListItem\",\"position\":2,\"name\":\"\u0406\u043d\u0442\u0435\u0440\u043d\u0435\u0442-\u043c\u0430\u0433\u0430\u0437\u0438\u043d\",\"item\":\"https:\/\/glasir.com.ua\/shop\/\"},{\"@type\":\"ListItem\",\"position\":3,\"name\":\"\u0422\u0440\u0443\u0431\u043e\u0440\u0456\u0437 \u0434\u043b\u044f \u043f\u043d\u0435\u0432\u043c\u0430\u0442\u0438\u0447\u043d\u0438\u0445 \u0442\u0440\u0443\u0431 3-15 \u043c\u043c SCU 1052A\"}]},{\"@type\":\"WebSite\",\"@id\":\"https:\/\/glasir.com.ua\/#website\",\"url\":\"https:\/\/glasir.com.ua\/\",\"name\":\"Glasir\",\"description\":\"\u041d\u0435\u043c\u0430\u0454 \u043f\u043e\u0440\u0456\u0432\u043d\u044f\u043d\u043d\u044f.\",\"publisher\":{\"@id\":\"https:\/\/glasir.com.ua\/#organization\"},\"potentialAction\":[{\"@type\":\"SearchAction\",\"target\":{\"@type\":\"EntryPoint\",\"urlTemplate\":\"https:\/\/glasir.com.ua\/?s={search_term_string}\"},\"query-input\":{\"@type\":\"PropertyValueSpecification\",\"valueRequired\":true,\"valueName\":\"search_term_string\"}}],\"inLanguage\":\"pl-PL\"},{\"@type\":\"Organization\",\"@id\":\"https:\/\/glasir.com.ua\/#organization\",\"name\":\"Glasir\",\"url\":\"https:\/\/glasir.com.ua\/\",\"logo\":{\"@type\":\"ImageObject\",\"inLanguage\":\"pl-PL\",\"@id\":\"https:\/\/glasir.com.ua\/#\/schema\/logo\/image\/\",\"url\":\"https:\/\/glasir.com.ua\/wp-content\/uploads\/2023\/06\/cropped-llc-glasir.png\",\"contentUrl\":\"https:\/\/glasir.com.ua\/wp-content\/uploads\/2023\/06\/cropped-llc-glasir.png\",\"width\":250,\"height\":250,\"caption\":\"Glasir\"},\"image\":{\"@id\":\"https:\/\/glasir.com.ua\/#\/schema\/logo\/image\/\"},\"sameAs\":[\"https:\/\/www.pinterest.com\/llc_glasir\",\"https:\/\/g.co\/kgs\/7CK1iZr\"]}]}<\/script>\n<!-- \/ Yoast SEO plugin. -->","yoast_head_json":{"title":"Obcinak do rur pneumatycznych 3-15 mm SCU 1052A - Glasir","robots":{"index":"index","follow":"follow","max-snippet":"max-snippet:-1","max-image-preview":"max-image-preview:large","max-video-preview":"max-video-preview:-1"},"canonical":"https:\/\/glasir.com.ua\/pl\/product\/\u0442\u0440\u0443\u0431\u043e\u0440\u0456\u0437-\u0434\u043b\u044f-\u043f\u043d\u0435\u0432\u043c\u0430\u0442\u0438\u0447\u043d\u0438\u0445-\u0442\u0440\u0443\u0431-3-15-\u043c\u043c-scu-1052a\/","og_locale":"pl_PL","og_type":"article","og_title":"\u0422\u0440\u0443\u0431\u043e\u0440\u0456\u0437 \u0434\u043b\u044f \u043f\u043d\u0435\u0432\u043c\u0430\u0442\u0438\u0447\u043d\u0438\u0445 \u0442\u0440\u0443\u0431 3-15 \u043c\u043c SCU 1052A - Glasir","og_description":"\u0422\u0440\u0443\u0431\u043e\u0440\u0456\u0437 \u0434\u043b\u044f \u043f\u043d\u0435\u0432\u043c\u0430\u0442\u0438\u0447\u043d\u0438\u0445 \u0442\u0440\u0443\u0431 3-15 \u043c\u043c SCU 1052A","og_url":"https:\/\/glasir.com.ua\/pl\/product\/\u0442\u0440\u0443\u0431\u043e\u0440\u0456\u0437-\u0434\u043b\u044f-\u043f\u043d\u0435\u0432\u043c\u0430\u0442\u0438\u0447\u043d\u0438\u0445-\u0442\u0440\u0443\u0431-3-15-\u043c\u043c-scu-1052a\/","og_site_name":"Glasir","article_modified_time":"2025-11-27T08:37:41+00:00","og_image":[{"width":300,"height":300,"url":"http:\/\/glasir.com.ua\/wp-content\/uploads\/2025\/01\/1052A.jpg","type":"image\/jpeg"}],"twitter_card":"summary_large_image","twitter_misc":{"Szacowany czas czytania":"1 minuta"},"schema":{"@context":"https:\/\/schema.org","@graph":[{"@type":["WebPage","ItemPage"],"@id":"https:\/\/glasir.com.ua\/product\/%d1%82%d1%80%d1%83%d0%b1%d0%be%d1%80%d1%96%d0%b7-%d0%b4%d0%bb%d1%8f-%d0%bf%d0%bd%d0%b5%d0%b2%d0%bc%d0%b0%d1%82%d0%b8%d1%87%d0%bd%d0%b8%d1%85-%d1%82%d1%80%d1%83%d0%b1-3-15-%d0%bc%d0%bc-scu-1052a\/","url":"https:\/\/glasir.com.ua\/product\/%d1%82%d1%80%d1%83%d0%b1%d0%be%d1%80%d1%96%d0%b7-%d0%b4%d0%bb%d1%8f-%d0%bf%d0%bd%d0%b5%d0%b2%d0%bc%d0%b0%d1%82%d0%b8%d1%87%d0%bd%d0%b8%d1%85-%d1%82%d1%80%d1%83%d0%b1-3-15-%d0%bc%d0%bc-scu-1052a\/","name":"Obcinak do rur pneumatycznych 3-15 mm SCU 1052A - Glasir","isPartOf":{"@id":"https:\/\/glasir.com.ua\/#website"},"primaryImageOfPage":{"@id":"https:\/\/glasir.com.ua\/product\/%d1%82%d1%80%d1%83%d0%b1%d0%be%d1%80%d1%96%d0%b7-%d0%b4%d0%bb%d1%8f-%d0%bf%d0%bd%d0%b5%d0%b2%d0%bc%d0%b0%d1%82%d0%b8%d1%87%d0%bd%d0%b8%d1%85-%d1%82%d1%80%d1%83%d0%b1-3-15-%d0%bc%d0%bc-scu-1052a\/#primaryimage"},"image":{"@id":"https:\/\/glasir.com.ua\/product\/%d1%82%d1%80%d1%83%d0%b1%d0%be%d1%80%d1%96%d0%b7-%d0%b4%d0%bb%d1%8f-%d0%bf%d0%bd%d0%b5%d0%b2%d0%bc%d0%b0%d1%82%d0%b8%d1%87%d0%bd%d0%b8%d1%85-%d1%82%d1%80%d1%83%d0%b1-3-15-%d0%bc%d0%bc-scu-1052a\/#primaryimage"},"thumbnailUrl":"https:\/\/glasir.com.ua\/wp-content\/uploads\/2025\/01\/1052A.jpg","datePublished":"2025-01-25T13:02:00+00:00","dateModified":"2025-11-27T08:37:41+00:00","breadcrumb":{"@id":"https:\/\/glasir.com.ua\/product\/%d1%82%d1%80%d1%83%d0%b1%d0%be%d1%80%d1%96%d0%b7-%d0%b4%d0%bb%d1%8f-%d0%bf%d0%bd%d0%b5%d0%b2%d0%bc%d0%b0%d1%82%d0%b8%d1%87%d0%bd%d0%b8%d1%85-%d1%82%d1%80%d1%83%d0%b1-3-15-%d0%bc%d0%bc-scu-1052a\/#breadcrumb"},"inLanguage":"pl-PL","potentialAction":[{"@type":"ReadAction","target":["https:\/\/glasir.com.ua\/product\/%d1%82%d1%80%d1%83%d0%b1%d0%be%d1%80%d1%96%d0%b7-%d0%b4%d0%bb%d1%8f-%d0%bf%d0%bd%d0%b5%d0%b2%d0%bc%d0%b0%d1%82%d0%b8%d1%87%d0%bd%d0%b8%d1%85-%d1%82%d1%80%d1%83%d0%b1-3-15-%d0%bc%d0%bc-scu-1052a\/"]}]},{"@type":"ImageObject","inLanguage":"pl-PL","@id":"https:\/\/glasir.com.ua\/product\/%d1%82%d1%80%d1%83%d0%b1%d0%be%d1%80%d1%96%d0%b7-%d0%b4%d0%bb%d1%8f-%d0%bf%d0%bd%d0%b5%d0%b2%d0%bc%d0%b0%d1%82%d0%b8%d1%87%d0%bd%d0%b8%d1%85-%d1%82%d1%80%d1%83%d0%b1-3-15-%d0%bc%d0%bc-scu-1052a\/#primaryimage","url":"https:\/\/glasir.com.ua\/wp-content\/uploads\/2025\/01\/1052A.jpg","contentUrl":"https:\/\/glasir.com.ua\/wp-content\/uploads\/2025\/01\/1052A.jpg","width":300,"height":300,"caption":"\u0422\u0440\u0443\u0431\u043e\u0440\u0456\u0437 \u0434\u043b\u044f \u043f\u043d\u0435\u0432\u043c\u0430\u0442\u0438\u0447\u043d\u0438\u0445 \u0442\u0440\u0443\u0431 3-15 \u043c\u043c SCU 1052A"},{"@type":"BreadcrumbList","@id":"https:\/\/glasir.com.ua\/product\/%d1%82%d1%80%d1%83%d0%b1%d0%be%d1%80%d1%96%d0%b7-%d0%b4%d0%bb%d1%8f-%d0%bf%d0%bd%d0%b5%d0%b2%d0%bc%d0%b0%d1%82%d0%b8%d1%87%d0%bd%d0%b8%d1%85-%d1%82%d1%80%d1%83%d0%b1-3-15-%d0%bc%d0%bc-scu-1052a\/#breadcrumb","itemListElement":[{"@type":"ListItem","position":1,"name":"Home","item":"https:\/\/glasir.com.ua\/"},{"@type":"ListItem","position":2,"name":"\u0406\u043d\u0442\u0435\u0440\u043d\u0435\u0442-\u043c\u0430\u0433\u0430\u0437\u0438\u043d","item":"https:\/\/glasir.com.ua\/shop\/"},{"@type":"ListItem","position":3,"name":"\u0422\u0440\u0443\u0431\u043e\u0440\u0456\u0437 \u0434\u043b\u044f \u043f\u043d\u0435\u0432\u043c\u0430\u0442\u0438\u0447\u043d\u0438\u0445 \u0442\u0440\u0443\u0431 3-15 \u043c\u043c SCU 1052A"}]},{"@type":"WebSite","@id":"https:\/\/glasir.com.ua\/#website","url":"https:\/\/glasir.com.ua\/","name":"Glasir","description":"Nie ma por\u00f3wnania.","publisher":{"@id":"https:\/\/glasir.com.ua\/#organization"},"potentialAction":[{"@type":"SearchAction","target":{"@type":"EntryPoint","urlTemplate":"https:\/\/glasir.com.ua\/?s={search_term_string}"},"query-input":{"@type":"PropertyValueSpecification","valueRequired":true,"valueName":"search_term_string"}}],"inLanguage":"pl-PL"},{"@type":"Organization","@id":"https:\/\/glasir.com.ua\/#organization","name":"Glasir","url":"https:\/\/glasir.com.ua\/","logo":{"@type":"ImageObject","inLanguage":"pl-PL","@id":"https:\/\/glasir.com.ua\/#\/schema\/logo\/image\/","url":"https:\/\/glasir.com.ua\/wp-content\/uploads\/2023\/06\/cropped-llc-glasir.png","contentUrl":"https:\/\/glasir.com.ua\/wp-content\/uploads\/2023\/06\/cropped-llc-glasir.png","width":250,"height":250,"caption":"Glasir"},"image":{"@id":"https:\/\/glasir.com.ua\/#\/schema\/logo\/image\/"},"sameAs":["https:\/\/www.pinterest.com\/llc_glasir","https:\/\/g.co\/kgs\/7CK1iZr"]}]}},"_links":{"self":[{"href":"https:\/\/glasir.com.ua\/pl\/wp-json\/wp\/v2\/product\/1356","targetHints":{"allow":["GET"]}}],"collection":[{"href":"https:\/\/glasir.com.ua\/pl\/wp-json\/wp\/v2\/product"}],"about":[{"href":"https:\/\/glasir.com.ua\/pl\/wp-json\/wp\/v2\/types\/product"}],"replies":[{"embeddable":true,"href":"https:\/\/glasir.com.ua\/pl\/wp-json\/wp\/v2\/comments?post=1356"}],"wp:featuredmedia":[{"embeddable":true,"href":"https:\/\/glasir.com.ua\/pl\/wp-json\/wp\/v2\/media\/1359"}],"wp:attachment":[{"href":"https:\/\/glasir.com.ua\/pl\/wp-json\/wp\/v2\/media?parent=1356"}],"wp:term":[{"taxonomy":"product_brand","embeddable":true,"href":"https:\/\/glasir.com.ua\/pl\/wp-json\/wp\/v2\/product_brand?post=1356"},{"taxonomy":"product_cat","embeddable":true,"href":"https:\/\/glasir.com.ua\/pl\/wp-json\/wp\/v2\/product_cat?post=1356"},{"taxonomy":"product_tag","embeddable":true,"href":"https:\/\/glasir.com.ua\/pl\/wp-json\/wp\/v2\/product_tag?post=1356"}],"curies":[{"name":"wp","href":"https:\/\/api.w.org\/{rel}","templated":true}]}}