{"id":1314,"date":"2025-01-24T14:20:03","date_gmt":"2025-01-24T12:20:03","guid":{"rendered":"https:\/\/glasir.com.ua\/?post_type=product&#038;p=1314"},"modified":"2025-11-26T16:08:21","modified_gmt":"2025-11-26T14:08:21","slug":"%d1%88%d0%b2%d0%b8%d0%b4%d0%ba%d0%be%d1%80%d0%be%d0%b7%d1%94%d0%bc%d0%bd%d1%96-%d0%b7%d1%94%d0%b4%d0%bd%d0%b0%d0%bd%d0%bd%d1%8f-camozzi-5850-%d1%82%d0%b0-5880","status":"publish","type":"product","link":"https:\/\/glasir.com.ua\/pl\/product\/%d1%88%d0%b2%d0%b8%d0%b4%d0%ba%d0%be%d1%80%d0%be%d0%b7%d1%94%d0%bc%d0%bd%d1%96-%d0%b7%d1%94%d0%b4%d0%bd%d0%b0%d0%bd%d0%bd%d1%8f-camozzi-5850-%d1%82%d0%b0-5880\/","title":{"rendered":"Szybkoz\u0142\u0105czki Camozzi 5850 i 5880"},"content":{"rendered":"<p>Szybkoz\u0142\u0105czki Camozzi 5850 i 5880<\/p>\n<p>Szybkoz\u0142\u0105cza z blokad\u0105 s\u0142u\u017c\u0105 do pod\u0142\u0105czania i od\u0142\u0105czania przeno\u015bnych narz\u0119dzi i urz\u0105dze\u0144 pneumatycznych od linii spr\u0119\u017conego powietrza, bez konieczno\u015bci odcinania ci\u015bnienia. Oszcz\u0119dza to znaczn\u0105 ilo\u015b\u0107 czasu.<\/p>\n<p><img loading=\"lazy\" decoding=\"async\" class=\"alignnone size-medium wp-image-1317\" src=\"http:\/\/glasir.com.ua\/wp-content\/uploads\/2025\/01\/immagine_2025-01-24_142331507-500x354.png\" alt=\"Szybkoz\u0142\u0105czki Camozzi 5850 i 5880\" width=\"500\" height=\"354\" srcset=\"https:\/\/glasir.com.ua\/wp-content\/uploads\/2025\/01\/immagine_2025-01-24_142331507-500x354.png 500w, https:\/\/glasir.com.ua\/wp-content\/uploads\/2025\/01\/immagine_2025-01-24_142331507-350x248.png 350w, https:\/\/glasir.com.ua\/wp-content\/uploads\/2025\/01\/immagine_2025-01-24_142331507-64x45.png 64w, https:\/\/glasir.com.ua\/wp-content\/uploads\/2025\/01\/immagine_2025-01-24_142331507-768x544.png 768w, https:\/\/glasir.com.ua\/wp-content\/uploads\/2025\/01\/immagine_2025-01-24_142331507.png 800w\" sizes=\"auto, (max-width: 500px) 100vw, 500px\" \/><\/p>\n<p>Je\u017celi szukasz konkretnego kodu produktu Camozzi, ale nie znalaz\u0142e\u015b go w naszych ofertach, <a href=\"https:\/\/glasir.com.ua\/pl\/kontakt\/\">wy\u015blij nam zapytanie<\/a>.<br \/>\nZesp\u00f3\u0142 Glasir ch\u0119tnie udzieli Pa\u0144stwu pomocy i przygotuje ofert\u0119 handlow\u0105.<br \/>\nJeste\u015bmy zawsze gotowi udzieli\u0107 Ci niezb\u0119dnych informacji i znale\u017a\u0107 optymalne rozwi\u0105zanie dla Twojego biznesu.<br \/>\nWy\u015blij nam swoje zapytania, a my ch\u0119tnie Ci pomo\u017cemy!<\/p>","protected":false},"excerpt":{"rendered":"<p>Szybkoz\u0142\u0105czki Camozzi 5850 i 5880<\/p>","protected":false},"featured_media":1318,"comment_status":"open","ping_status":"closed","template":"","meta":[],"product_brand":[],"product_cat":[171],"product_tag":[124],"class_list":{"0":"post-1314","1":"product","2":"type-product","3":"status-publish","4":"has-post-thumbnail","6":"product_cat-171","7":"product_tag-camozzi","9":"first","10":"onbackorder","11":"taxable","12":"shipping-taxable","13":"purchasable","14":"product-type-variable"},"yoast_head":"<!-- This site is optimized with the Yoast SEO plugin v27.2 - https:\/\/yoast.com\/product\/yoast-seo-wordpress\/ -->\n<title>\u0428\u0432\u0438\u0434\u043a\u043e\u0440\u043e\u0437&#039;\u0454\u043c\u043d\u0456 \u0437&#039;\u0454\u0434\u043d\u0430\u043d\u043d\u044f Camozzi 5850 \u0442\u0430 5880 - Glasir<\/title>\n<meta name=\"robots\" content=\"index, follow, max-snippet:-1, max-image-preview:large, max-video-preview:-1\" \/>\n<link rel=\"canonical\" href=\"https:\/\/glasir.com.ua\/pl\/product\/\u0448\u0432\u0438\u0434\u043a\u043e\u0440\u043e\u0437\u0454\u043c\u043d\u0456-\u0437\u0454\u0434\u043d\u0430\u043d\u043d\u044f-camozzi-5850-\u0442\u0430-5880\/\" \/>\n<meta property=\"og:locale\" content=\"pl_PL\" \/>\n<meta property=\"og:type\" content=\"article\" \/>\n<meta property=\"og:title\" content=\"\u0428\u0432\u0438\u0434\u043a\u043e\u0440\u043e\u0437&#039;\u0454\u043c\u043d\u0456 \u0437&#039;\u0454\u0434\u043d\u0430\u043d\u043d\u044f Camozzi 5850 \u0442\u0430 5880 - Glasir\" \/>\n<meta property=\"og:description\" content=\"\u0428\u0432\u0438\u0434\u043a\u043e\u0440\u043e\u0437&#039;\u0454\u043c\u043d\u0456 \u0437&#039;\u0454\u0434\u043d\u0430\u043d\u043d\u044f Camozzi 5850 \u0442\u0430 5880\" \/>\n<meta property=\"og:url\" content=\"https:\/\/glasir.com.ua\/pl\/product\/\u0448\u0432\u0438\u0434\u043a\u043e\u0440\u043e\u0437\u0454\u043c\u043d\u0456-\u0437\u0454\u0434\u043d\u0430\u043d\u043d\u044f-camozzi-5850-\u0442\u0430-5880\/\" \/>\n<meta property=\"og:site_name\" content=\"Glasir\" \/>\n<meta property=\"article:modified_time\" content=\"2025-11-26T14:08:21+00:00\" \/>\n<meta property=\"og:image\" content=\"http:\/\/glasir.com.ua\/wp-content\/uploads\/2025\/01\/camozzi-5880.png\" \/>\n\t<meta property=\"og:image:width\" content=\"293\" \/>\n\t<meta property=\"og:image:height\" content=\"347\" \/>\n\t<meta property=\"og:image:type\" content=\"image\/png\" \/>\n<meta name=\"twitter:card\" content=\"summary_large_image\" \/>\n<meta name=\"twitter:label1\" content=\"Szacowany czas czytania\" \/>\n\t<meta name=\"twitter:data1\" content=\"1 minuta\" \/>\n<script type=\"application\/ld+json\" class=\"yoast-schema-graph\">{\"@context\":\"https:\/\/schema.org\",\"@graph\":[{\"@type\":[\"WebPage\",\"ItemPage\"],\"@id\":\"https:\/\/glasir.com.ua\/product\/%d1%88%d0%b2%d0%b8%d0%b4%d0%ba%d0%be%d1%80%d0%be%d0%b7%d1%94%d0%bc%d0%bd%d1%96-%d0%b7%d1%94%d0%b4%d0%bd%d0%b0%d0%bd%d0%bd%d1%8f-camozzi-5850-%d1%82%d0%b0-5880\/\",\"url\":\"https:\/\/glasir.com.ua\/product\/%d1%88%d0%b2%d0%b8%d0%b4%d0%ba%d0%be%d1%80%d0%be%d0%b7%d1%94%d0%bc%d0%bd%d1%96-%d0%b7%d1%94%d0%b4%d0%bd%d0%b0%d0%bd%d0%bd%d1%8f-camozzi-5850-%d1%82%d0%b0-5880\/\",\"name\":\"\u0428\u0432\u0438\u0434\u043a\u043e\u0440\u043e\u0437'\u0454\u043c\u043d\u0456 \u0437'\u0454\u0434\u043d\u0430\u043d\u043d\u044f Camozzi 5850 \u0442\u0430 5880 - Glasir\",\"isPartOf\":{\"@id\":\"https:\/\/glasir.com.ua\/#website\"},\"primaryImageOfPage\":{\"@id\":\"https:\/\/glasir.com.ua\/product\/%d1%88%d0%b2%d0%b8%d0%b4%d0%ba%d0%be%d1%80%d0%be%d0%b7%d1%94%d0%bc%d0%bd%d1%96-%d0%b7%d1%94%d0%b4%d0%bd%d0%b0%d0%bd%d0%bd%d1%8f-camozzi-5850-%d1%82%d0%b0-5880\/#primaryimage\"},\"image\":{\"@id\":\"https:\/\/glasir.com.ua\/product\/%d1%88%d0%b2%d0%b8%d0%b4%d0%ba%d0%be%d1%80%d0%be%d0%b7%d1%94%d0%bc%d0%bd%d1%96-%d0%b7%d1%94%d0%b4%d0%bd%d0%b0%d0%bd%d0%bd%d1%8f-camozzi-5850-%d1%82%d0%b0-5880\/#primaryimage\"},\"thumbnailUrl\":\"https:\/\/glasir.com.ua\/wp-content\/uploads\/2025\/01\/camozzi-5880.png\",\"datePublished\":\"2025-01-24T12:20:03+00:00\",\"dateModified\":\"2025-11-26T14:08:21+00:00\",\"breadcrumb\":{\"@id\":\"https:\/\/glasir.com.ua\/product\/%d1%88%d0%b2%d0%b8%d0%b4%d0%ba%d0%be%d1%80%d0%be%d0%b7%d1%94%d0%bc%d0%bd%d1%96-%d0%b7%d1%94%d0%b4%d0%bd%d0%b0%d0%bd%d0%bd%d1%8f-camozzi-5850-%d1%82%d0%b0-5880\/#breadcrumb\"},\"inLanguage\":\"pl-PL\",\"potentialAction\":[{\"@type\":\"ReadAction\",\"target\":[\"https:\/\/glasir.com.ua\/product\/%d1%88%d0%b2%d0%b8%d0%b4%d0%ba%d0%be%d1%80%d0%be%d0%b7%d1%94%d0%bc%d0%bd%d1%96-%d0%b7%d1%94%d0%b4%d0%bd%d0%b0%d0%bd%d0%bd%d1%8f-camozzi-5850-%d1%82%d0%b0-5880\/\"]}]},{\"@type\":\"ImageObject\",\"inLanguage\":\"pl-PL\",\"@id\":\"https:\/\/glasir.com.ua\/product\/%d1%88%d0%b2%d0%b8%d0%b4%d0%ba%d0%be%d1%80%d0%be%d0%b7%d1%94%d0%bc%d0%bd%d1%96-%d0%b7%d1%94%d0%b4%d0%bd%d0%b0%d0%bd%d0%bd%d1%8f-camozzi-5850-%d1%82%d0%b0-5880\/#primaryimage\",\"url\":\"https:\/\/glasir.com.ua\/wp-content\/uploads\/2025\/01\/camozzi-5880.png\",\"contentUrl\":\"https:\/\/glasir.com.ua\/wp-content\/uploads\/2025\/01\/camozzi-5880.png\",\"width\":293,\"height\":347,\"caption\":\"\u0428\u0432\u0438\u0434\u043a\u043e\u0440\u043e\u0437'\u0454\u043c\u043d\u0456 \u0437'\u0454\u0434\u043d\u0430\u043d\u043d\u044f Camozzi 5850 \u0442\u0430 5880\"},{\"@type\":\"BreadcrumbList\",\"@id\":\"https:\/\/glasir.com.ua\/product\/%d1%88%d0%b2%d0%b8%d0%b4%d0%ba%d0%be%d1%80%d0%be%d0%b7%d1%94%d0%bc%d0%bd%d1%96-%d0%b7%d1%94%d0%b4%d0%bd%d0%b0%d0%bd%d0%bd%d1%8f-camozzi-5850-%d1%82%d0%b0-5880\/#breadcrumb\",\"itemListElement\":[{\"@type\":\"ListItem\",\"position\":1,\"name\":\"Home\",\"item\":\"https:\/\/glasir.com.ua\/\"},{\"@type\":\"ListItem\",\"position\":2,\"name\":\"\u0406\u043d\u0442\u0435\u0440\u043d\u0435\u0442-\u043c\u0430\u0433\u0430\u0437\u0438\u043d\",\"item\":\"https:\/\/glasir.com.ua\/shop\/\"},{\"@type\":\"ListItem\",\"position\":3,\"name\":\"\u0428\u0432\u0438\u0434\u043a\u043e\u0440\u043e\u0437&#8217;\u0454\u043c\u043d\u0456 \u0437&#8217;\u0454\u0434\u043d\u0430\u043d\u043d\u044f Camozzi 5850 \u0442\u0430 5880\"}]},{\"@type\":\"WebSite\",\"@id\":\"https:\/\/glasir.com.ua\/#website\",\"url\":\"https:\/\/glasir.com.ua\/\",\"name\":\"Glasir\",\"description\":\"\u041d\u0435\u043c\u0430\u0454 \u043f\u043e\u0440\u0456\u0432\u043d\u044f\u043d\u043d\u044f.\",\"publisher\":{\"@id\":\"https:\/\/glasir.com.ua\/#organization\"},\"potentialAction\":[{\"@type\":\"SearchAction\",\"target\":{\"@type\":\"EntryPoint\",\"urlTemplate\":\"https:\/\/glasir.com.ua\/?s={search_term_string}\"},\"query-input\":{\"@type\":\"PropertyValueSpecification\",\"valueRequired\":true,\"valueName\":\"search_term_string\"}}],\"inLanguage\":\"pl-PL\"},{\"@type\":\"Organization\",\"@id\":\"https:\/\/glasir.com.ua\/#organization\",\"name\":\"Glasir\",\"url\":\"https:\/\/glasir.com.ua\/\",\"logo\":{\"@type\":\"ImageObject\",\"inLanguage\":\"pl-PL\",\"@id\":\"https:\/\/glasir.com.ua\/#\/schema\/logo\/image\/\",\"url\":\"https:\/\/glasir.com.ua\/wp-content\/uploads\/2023\/06\/cropped-llc-glasir.png\",\"contentUrl\":\"https:\/\/glasir.com.ua\/wp-content\/uploads\/2023\/06\/cropped-llc-glasir.png\",\"width\":250,\"height\":250,\"caption\":\"Glasir\"},\"image\":{\"@id\":\"https:\/\/glasir.com.ua\/#\/schema\/logo\/image\/\"},\"sameAs\":[\"https:\/\/www.pinterest.com\/llc_glasir\",\"https:\/\/g.co\/kgs\/7CK1iZr\"]}]}<\/script>\n<!-- \/ Yoast SEO plugin. -->","yoast_head_json":{"title":"Szybkoz\u0142\u0105czki Camozzi 5850 i 5880 - Glasir","robots":{"index":"index","follow":"follow","max-snippet":"max-snippet:-1","max-image-preview":"max-image-preview:large","max-video-preview":"max-video-preview:-1"},"canonical":"https:\/\/glasir.com.ua\/pl\/product\/\u0448\u0432\u0438\u0434\u043a\u043e\u0440\u043e\u0437\u0454\u043c\u043d\u0456-\u0437\u0454\u0434\u043d\u0430\u043d\u043d\u044f-camozzi-5850-\u0442\u0430-5880\/","og_locale":"pl_PL","og_type":"article","og_title":"\u0428\u0432\u0438\u0434\u043a\u043e\u0440\u043e\u0437'\u0454\u043c\u043d\u0456 \u0437'\u0454\u0434\u043d\u0430\u043d\u043d\u044f Camozzi 5850 \u0442\u0430 5880 - Glasir","og_description":"\u0428\u0432\u0438\u0434\u043a\u043e\u0440\u043e\u0437'\u0454\u043c\u043d\u0456 \u0437'\u0454\u0434\u043d\u0430\u043d\u043d\u044f Camozzi 5850 \u0442\u0430 5880","og_url":"https:\/\/glasir.com.ua\/pl\/product\/\u0448\u0432\u0438\u0434\u043a\u043e\u0440\u043e\u0437\u0454\u043c\u043d\u0456-\u0437\u0454\u0434\u043d\u0430\u043d\u043d\u044f-camozzi-5850-\u0442\u0430-5880\/","og_site_name":"Glasir","article_modified_time":"2025-11-26T14:08:21+00:00","og_image":[{"width":293,"height":347,"url":"http:\/\/glasir.com.ua\/wp-content\/uploads\/2025\/01\/camozzi-5880.png","type":"image\/png"}],"twitter_card":"summary_large_image","twitter_misc":{"Szacowany czas czytania":"1 minuta"},"schema":{"@context":"https:\/\/schema.org","@graph":[{"@type":["WebPage","ItemPage"],"@id":"https:\/\/glasir.com.ua\/product\/%d1%88%d0%b2%d0%b8%d0%b4%d0%ba%d0%be%d1%80%d0%be%d0%b7%d1%94%d0%bc%d0%bd%d1%96-%d0%b7%d1%94%d0%b4%d0%bd%d0%b0%d0%bd%d0%bd%d1%8f-camozzi-5850-%d1%82%d0%b0-5880\/","url":"https:\/\/glasir.com.ua\/product\/%d1%88%d0%b2%d0%b8%d0%b4%d0%ba%d0%be%d1%80%d0%be%d0%b7%d1%94%d0%bc%d0%bd%d1%96-%d0%b7%d1%94%d0%b4%d0%bd%d0%b0%d0%bd%d0%bd%d1%8f-camozzi-5850-%d1%82%d0%b0-5880\/","name":"Szybkoz\u0142\u0105czki Camozzi 5850 i 5880 - Glasir","isPartOf":{"@id":"https:\/\/glasir.com.ua\/#website"},"primaryImageOfPage":{"@id":"https:\/\/glasir.com.ua\/product\/%d1%88%d0%b2%d0%b8%d0%b4%d0%ba%d0%be%d1%80%d0%be%d0%b7%d1%94%d0%bc%d0%bd%d1%96-%d0%b7%d1%94%d0%b4%d0%bd%d0%b0%d0%bd%d0%bd%d1%8f-camozzi-5850-%d1%82%d0%b0-5880\/#primaryimage"},"image":{"@id":"https:\/\/glasir.com.ua\/product\/%d1%88%d0%b2%d0%b8%d0%b4%d0%ba%d0%be%d1%80%d0%be%d0%b7%d1%94%d0%bc%d0%bd%d1%96-%d0%b7%d1%94%d0%b4%d0%bd%d0%b0%d0%bd%d0%bd%d1%8f-camozzi-5850-%d1%82%d0%b0-5880\/#primaryimage"},"thumbnailUrl":"https:\/\/glasir.com.ua\/wp-content\/uploads\/2025\/01\/camozzi-5880.png","datePublished":"2025-01-24T12:20:03+00:00","dateModified":"2025-11-26T14:08:21+00:00","breadcrumb":{"@id":"https:\/\/glasir.com.ua\/product\/%d1%88%d0%b2%d0%b8%d0%b4%d0%ba%d0%be%d1%80%d0%be%d0%b7%d1%94%d0%bc%d0%bd%d1%96-%d0%b7%d1%94%d0%b4%d0%bd%d0%b0%d0%bd%d0%bd%d1%8f-camozzi-5850-%d1%82%d0%b0-5880\/#breadcrumb"},"inLanguage":"pl-PL","potentialAction":[{"@type":"ReadAction","target":["https:\/\/glasir.com.ua\/product\/%d1%88%d0%b2%d0%b8%d0%b4%d0%ba%d0%be%d1%80%d0%be%d0%b7%d1%94%d0%bc%d0%bd%d1%96-%d0%b7%d1%94%d0%b4%d0%bd%d0%b0%d0%bd%d0%bd%d1%8f-camozzi-5850-%d1%82%d0%b0-5880\/"]}]},{"@type":"ImageObject","inLanguage":"pl-PL","@id":"https:\/\/glasir.com.ua\/product\/%d1%88%d0%b2%d0%b8%d0%b4%d0%ba%d0%be%d1%80%d0%be%d0%b7%d1%94%d0%bc%d0%bd%d1%96-%d0%b7%d1%94%d0%b4%d0%bd%d0%b0%d0%bd%d0%bd%d1%8f-camozzi-5850-%d1%82%d0%b0-5880\/#primaryimage","url":"https:\/\/glasir.com.ua\/wp-content\/uploads\/2025\/01\/camozzi-5880.png","contentUrl":"https:\/\/glasir.com.ua\/wp-content\/uploads\/2025\/01\/camozzi-5880.png","width":293,"height":347,"caption":"\u0428\u0432\u0438\u0434\u043a\u043e\u0440\u043e\u0437'\u0454\u043c\u043d\u0456 \u0437'\u0454\u0434\u043d\u0430\u043d\u043d\u044f Camozzi 5850 \u0442\u0430 5880"},{"@type":"BreadcrumbList","@id":"https:\/\/glasir.com.ua\/product\/%d1%88%d0%b2%d0%b8%d0%b4%d0%ba%d0%be%d1%80%d0%be%d0%b7%d1%94%d0%bc%d0%bd%d1%96-%d0%b7%d1%94%d0%b4%d0%bd%d0%b0%d0%bd%d0%bd%d1%8f-camozzi-5850-%d1%82%d0%b0-5880\/#breadcrumb","itemListElement":[{"@type":"ListItem","position":1,"name":"Home","item":"https:\/\/glasir.com.ua\/"},{"@type":"ListItem","position":2,"name":"\u0406\u043d\u0442\u0435\u0440\u043d\u0435\u0442-\u043c\u0430\u0433\u0430\u0437\u0438\u043d","item":"https:\/\/glasir.com.ua\/shop\/"},{"@type":"ListItem","position":3,"name":"\u0428\u0432\u0438\u0434\u043a\u043e\u0440\u043e\u0437&#8217;\u0454\u043c\u043d\u0456 \u0437&#8217;\u0454\u0434\u043d\u0430\u043d\u043d\u044f Camozzi 5850 \u0442\u0430 5880"}]},{"@type":"WebSite","@id":"https:\/\/glasir.com.ua\/#website","url":"https:\/\/glasir.com.ua\/","name":"Glasir","description":"Nie ma por\u00f3wnania.","publisher":{"@id":"https:\/\/glasir.com.ua\/#organization"},"potentialAction":[{"@type":"SearchAction","target":{"@type":"EntryPoint","urlTemplate":"https:\/\/glasir.com.ua\/?s={search_term_string}"},"query-input":{"@type":"PropertyValueSpecification","valueRequired":true,"valueName":"search_term_string"}}],"inLanguage":"pl-PL"},{"@type":"Organization","@id":"https:\/\/glasir.com.ua\/#organization","name":"Glasir","url":"https:\/\/glasir.com.ua\/","logo":{"@type":"ImageObject","inLanguage":"pl-PL","@id":"https:\/\/glasir.com.ua\/#\/schema\/logo\/image\/","url":"https:\/\/glasir.com.ua\/wp-content\/uploads\/2023\/06\/cropped-llc-glasir.png","contentUrl":"https:\/\/glasir.com.ua\/wp-content\/uploads\/2023\/06\/cropped-llc-glasir.png","width":250,"height":250,"caption":"Glasir"},"image":{"@id":"https:\/\/glasir.com.ua\/#\/schema\/logo\/image\/"},"sameAs":["https:\/\/www.pinterest.com\/llc_glasir","https:\/\/g.co\/kgs\/7CK1iZr"]}]}},"_links":{"self":[{"href":"https:\/\/glasir.com.ua\/pl\/wp-json\/wp\/v2\/product\/1314","targetHints":{"allow":["GET"]}}],"collection":[{"href":"https:\/\/glasir.com.ua\/pl\/wp-json\/wp\/v2\/product"}],"about":[{"href":"https:\/\/glasir.com.ua\/pl\/wp-json\/wp\/v2\/types\/product"}],"replies":[{"embeddable":true,"href":"https:\/\/glasir.com.ua\/pl\/wp-json\/wp\/v2\/comments?post=1314"}],"wp:featuredmedia":[{"embeddable":true,"href":"https:\/\/glasir.com.ua\/pl\/wp-json\/wp\/v2\/media\/1318"}],"wp:attachment":[{"href":"https:\/\/glasir.com.ua\/pl\/wp-json\/wp\/v2\/media?parent=1314"}],"wp:term":[{"taxonomy":"product_brand","embeddable":true,"href":"https:\/\/glasir.com.ua\/pl\/wp-json\/wp\/v2\/product_brand?post=1314"},{"taxonomy":"product_cat","embeddable":true,"href":"https:\/\/glasir.com.ua\/pl\/wp-json\/wp\/v2\/product_cat?post=1314"},{"taxonomy":"product_tag","embeddable":true,"href":"https:\/\/glasir.com.ua\/pl\/wp-json\/wp\/v2\/product_tag?post=1314"}],"curies":[{"name":"wp","href":"https:\/\/api.w.org\/{rel}","templated":true}]}}