{"id":451,"date":"2023-09-17T14:03:41","date_gmt":"2023-09-17T11:03:41","guid":{"rendered":"https:\/\/glasir.com.ua\/?post_type=product&#038;p=451"},"modified":"2026-01-08T13:33:11","modified_gmt":"2026-01-08T11:33:11","slug":"%d0%b2%d0%b8%d1%81%d0%be%d0%ba%d0%b8%d0%b9-%d0%b7%d0%bc%d1%96%d1%88%d1%83%d0%b2%d0%b0%d1%87-%d0%b4%d0%bb%d1%8f-%d1%83%d0%bc%d0%b8%d0%b2%d0%b0%d0%bb%d1%8c%d0%bd%d0%b8%d0%ba%d0%b0-rea-duet-gold","status":"publish","type":"product","link":"https:\/\/glasir.com.ua\/it\/product\/%d0%b2%d0%b8%d1%81%d0%be%d0%ba%d0%b8%d0%b9-%d0%b7%d0%bc%d1%96%d1%88%d1%83%d0%b2%d0%b0%d1%87-%d0%b4%d0%bb%d1%8f-%d1%83%d0%bc%d0%b8%d0%b2%d0%b0%d0%bb%d1%8c%d0%bd%d0%b8%d0%ba%d0%b0-rea-duet-gold\/","title":{"rendered":"Miscelatore lavabo alto Rea Duet Gold"},"content":{"rendered":"<p>Il rubinetto \u00e8 progettato tenendo conto sia della funzionalit\u00e0 che dell&#039;estetica, e si adatter\u00e0 perfettamente allo spazio del tuo bagno, preservando l&#039;aspetto impeccabile e l&#039;estetica degli interni. Il miscelatore \u00e8 progettato per l&#039;installazione su un lavandino o su un piano di lavoro. Vi invitiamo a scoprire la nostra offerta!<\/p>\n<p><a href=\"http:\/\/glasir.com.ua\/wp-content\/uploads\/2023\/09\/Instrukcja.pdf\">Scarica il manuale<\/a><\/p>","protected":false},"excerpt":{"rendered":"<p>Il rubinetto \u00e8 progettato tenendo conto sia della funzionalit\u00e0 che dell&#039;estetica, e si adatter\u00e0 perfettamente allo spazio del tuo bagno, preservando l&#039;aspetto impeccabile e l&#039;estetica degli interni. Il miscelatore \u00e8 progettato per l&#039;installazione su un lavandino o su un piano di lavoro. Vi invitiamo a scoprire la nostra offerta!<\/p>","protected":false},"featured_media":458,"comment_status":"open","ping_status":"closed","template":"","meta":[],"product_brand":[],"product_cat":[32],"product_tag":[35],"class_list":{"0":"post-451","1":"product","2":"type-product","3":"status-publish","4":"has-post-thumbnail","6":"product_cat-32","7":"product_tag-rea","9":"first","10":"instock","11":"taxable","12":"shipping-taxable","13":"purchasable","14":"product-type-simple"},"yoast_head":"<!-- This site is optimized with the Yoast SEO plugin v27.2 - https:\/\/yoast.com\/product\/yoast-seo-wordpress\/ -->\n<title>\u0412\u0438\u0441\u043e\u043a\u0438\u0439 \u0437\u043c\u0456\u0448\u0443\u0432\u0430\u0447 \u0434\u043b\u044f \u0443\u043c\u0438\u0432\u0430\u043b\u044c\u043d\u0438\u043a\u0430 Rea Duet Gold - Glasir<\/title>\n<meta name=\"robots\" content=\"index, follow, max-snippet:-1, max-image-preview:large, max-video-preview:-1\" \/>\n<link rel=\"canonical\" href=\"https:\/\/glasir.com.ua\/it\/product\/\u0432\u0438\u0441\u043e\u043a\u0438\u0439-\u0437\u043c\u0456\u0448\u0443\u0432\u0430\u0447-\u0434\u043b\u044f-\u0443\u043c\u0438\u0432\u0430\u043b\u044c\u043d\u0438\u043a\u0430-rea-duet-gold\/\" \/>\n<meta property=\"og:locale\" content=\"it_IT\" \/>\n<meta property=\"og:type\" content=\"article\" \/>\n<meta property=\"og:title\" content=\"\u0412\u0438\u0441\u043e\u043a\u0438\u0439 \u0437\u043c\u0456\u0448\u0443\u0432\u0430\u0447 \u0434\u043b\u044f \u0443\u043c\u0438\u0432\u0430\u043b\u044c\u043d\u0438\u043a\u0430 Rea Duet Gold - Glasir\" \/>\n<meta property=\"og:description\" content=\"\u0417\u043c\u0456\u0448\u0443\u0432\u0430\u0447 \u0441\u0442\u0432\u043e\u0440\u0435\u043d\u0438\u0439 \u0437 \u0434\u0443\u043c\u043a\u043e\u044e \u043f\u0440\u043e \u0444\u0443\u043d\u043a\u0446\u0456\u043e\u043d\u0430\u043b\u044c\u043d\u0456\u0441\u0442\u044c \u0456 \u0437\u043e\u0432\u043d\u0456\u0448\u043d\u0456\u0439 \u0432\u0438\u0433\u043b\u044f\u0434, \u044f\u043a\u0438\u0439 \u0456\u0434\u0435\u0430\u043b\u044c\u043d\u043e \u0437\u0430\u043f\u043e\u0432\u043d\u0438\u0442\u044c \u043f\u0440\u043e\u0441\u0442\u0456\u0440 \u0432\u0430\u0448\u043e\u0457 \u0432\u0430\u043d\u043d\u043e\u0457 \u043a\u0456\u043c\u043d\u0430\u0442\u0438, \u0437\u0431\u0435\u0440\u0456\u0433\u0448\u0438 \u0431\u0435\u0437\u0434\u043e\u0433\u0430\u043d\u043d\u0438\u0439 \u0432\u0438\u0433\u043b\u044f\u0434 \u0456 \u0435\u0441\u0442\u0435\u0442\u0438\u043a\u0443 \u0456\u043d\u0442\u0435\u0440\u2019\u0454\u0440\u0443. \u0417\u043c\u0456\u0448\u0443\u0432\u0430\u0447 \u043f\u0440\u0438\u0441\u0442\u043e\u0441\u043e\u0432\u0430\u043d\u0438\u0439 \u0434\u043b\u044f \u0443\u0441\u0442\u0430\u043d\u043e\u0432\u043a\u0438 \u043d\u0430 \u0440\u0430\u043a\u043e\u0432\u0438\u043d\u0443 \u0430\u0431\u043e \u0441\u0442\u0456\u043b\u044c\u043d\u0438\u0446\u044e. \u0417\u0430\u043f\u0440\u043e\u0448\u0443\u0454\u043c\u043e \u043e\u0437\u043d\u0430\u0439\u043e\u043c\u0438\u0442\u0438\u0441\u044f \u0437 \u043d\u0430\u0448\u043e\u044e \u043f\u0440\u043e\u043f\u043e\u0437\u0438\u0446\u0456\u0454\u044e!\" \/>\n<meta property=\"og:url\" content=\"https:\/\/glasir.com.ua\/it\/product\/\u0432\u0438\u0441\u043e\u043a\u0438\u0439-\u0437\u043c\u0456\u0448\u0443\u0432\u0430\u0447-\u0434\u043b\u044f-\u0443\u043c\u0438\u0432\u0430\u043b\u044c\u043d\u0438\u043a\u0430-rea-duet-gold\/\" \/>\n<meta property=\"og:site_name\" content=\"Glasir\" \/>\n<meta property=\"article:modified_time\" content=\"2026-01-08T11:33:11+00:00\" \/>\n<meta property=\"og:image\" content=\"http:\/\/glasir.com.ua\/wp-content\/uploads\/2023\/09\/e166412e0099d34a755aeda3ad382f3a.webp\" \/>\n\t<meta property=\"og:image:width\" content=\"1280\" \/>\n\t<meta property=\"og:image:height\" content=\"720\" \/>\n\t<meta property=\"og:image:type\" content=\"image\/webp\" \/>\n<meta name=\"twitter:card\" content=\"summary_large_image\" \/>\n<meta name=\"twitter:label1\" content=\"Tempo di lettura stimato\" \/>\n\t<meta name=\"twitter:data1\" content=\"1 minuto\" \/>\n<script type=\"application\/ld+json\" class=\"yoast-schema-graph\">{\"@context\":\"https:\/\/schema.org\",\"@graph\":[{\"@type\":[\"WebPage\",\"ItemPage\"],\"@id\":\"https:\/\/glasir.com.ua\/product\/%d0%b2%d0%b8%d1%81%d0%be%d0%ba%d0%b8%d0%b9-%d0%b7%d0%bc%d1%96%d1%88%d1%83%d0%b2%d0%b0%d1%87-%d0%b4%d0%bb%d1%8f-%d1%83%d0%bc%d0%b8%d0%b2%d0%b0%d0%bb%d1%8c%d0%bd%d0%b8%d0%ba%d0%b0-rea-duet-gold\/\",\"url\":\"https:\/\/glasir.com.ua\/product\/%d0%b2%d0%b8%d1%81%d0%be%d0%ba%d0%b8%d0%b9-%d0%b7%d0%bc%d1%96%d1%88%d1%83%d0%b2%d0%b0%d1%87-%d0%b4%d0%bb%d1%8f-%d1%83%d0%bc%d0%b8%d0%b2%d0%b0%d0%bb%d1%8c%d0%bd%d0%b8%d0%ba%d0%b0-rea-duet-gold\/\",\"name\":\"\u0412\u0438\u0441\u043e\u043a\u0438\u0439 \u0437\u043c\u0456\u0448\u0443\u0432\u0430\u0447 \u0434\u043b\u044f \u0443\u043c\u0438\u0432\u0430\u043b\u044c\u043d\u0438\u043a\u0430 Rea Duet Gold - Glasir\",\"isPartOf\":{\"@id\":\"https:\/\/glasir.com.ua\/#website\"},\"primaryImageOfPage\":{\"@id\":\"https:\/\/glasir.com.ua\/product\/%d0%b2%d0%b8%d1%81%d0%be%d0%ba%d0%b8%d0%b9-%d0%b7%d0%bc%d1%96%d1%88%d1%83%d0%b2%d0%b0%d1%87-%d0%b4%d0%bb%d1%8f-%d1%83%d0%bc%d0%b8%d0%b2%d0%b0%d0%bb%d1%8c%d0%bd%d0%b8%d0%ba%d0%b0-rea-duet-gold\/#primaryimage\"},\"image\":{\"@id\":\"https:\/\/glasir.com.ua\/product\/%d0%b2%d0%b8%d1%81%d0%be%d0%ba%d0%b8%d0%b9-%d0%b7%d0%bc%d1%96%d1%88%d1%83%d0%b2%d0%b0%d1%87-%d0%b4%d0%bb%d1%8f-%d1%83%d0%bc%d0%b8%d0%b2%d0%b0%d0%bb%d1%8c%d0%bd%d0%b8%d0%ba%d0%b0-rea-duet-gold\/#primaryimage\"},\"thumbnailUrl\":\"https:\/\/glasir.com.ua\/wp-content\/uploads\/2023\/09\/e166412e0099d34a755aeda3ad382f3a.webp\",\"datePublished\":\"2023-09-17T11:03:41+00:00\",\"dateModified\":\"2026-01-08T11:33:11+00:00\",\"breadcrumb\":{\"@id\":\"https:\/\/glasir.com.ua\/product\/%d0%b2%d0%b8%d1%81%d0%be%d0%ba%d0%b8%d0%b9-%d0%b7%d0%bc%d1%96%d1%88%d1%83%d0%b2%d0%b0%d1%87-%d0%b4%d0%bb%d1%8f-%d1%83%d0%bc%d0%b8%d0%b2%d0%b0%d0%bb%d1%8c%d0%bd%d0%b8%d0%ba%d0%b0-rea-duet-gold\/#breadcrumb\"},\"inLanguage\":\"it-IT\",\"potentialAction\":[{\"@type\":\"ReadAction\",\"target\":[\"https:\/\/glasir.com.ua\/product\/%d0%b2%d0%b8%d1%81%d0%be%d0%ba%d0%b8%d0%b9-%d0%b7%d0%bc%d1%96%d1%88%d1%83%d0%b2%d0%b0%d1%87-%d0%b4%d0%bb%d1%8f-%d1%83%d0%bc%d0%b8%d0%b2%d0%b0%d0%bb%d1%8c%d0%bd%d0%b8%d0%ba%d0%b0-rea-duet-gold\/\"]}]},{\"@type\":\"ImageObject\",\"inLanguage\":\"it-IT\",\"@id\":\"https:\/\/glasir.com.ua\/product\/%d0%b2%d0%b8%d1%81%d0%be%d0%ba%d0%b8%d0%b9-%d0%b7%d0%bc%d1%96%d1%88%d1%83%d0%b2%d0%b0%d1%87-%d0%b4%d0%bb%d1%8f-%d1%83%d0%bc%d0%b8%d0%b2%d0%b0%d0%bb%d1%8c%d0%bd%d0%b8%d0%ba%d0%b0-rea-duet-gold\/#primaryimage\",\"url\":\"https:\/\/glasir.com.ua\/wp-content\/uploads\/2023\/09\/e166412e0099d34a755aeda3ad382f3a.webp\",\"contentUrl\":\"https:\/\/glasir.com.ua\/wp-content\/uploads\/2023\/09\/e166412e0099d34a755aeda3ad382f3a.webp\",\"width\":1280,\"height\":720},{\"@type\":\"BreadcrumbList\",\"@id\":\"https:\/\/glasir.com.ua\/product\/%d0%b2%d0%b8%d1%81%d0%be%d0%ba%d0%b8%d0%b9-%d0%b7%d0%bc%d1%96%d1%88%d1%83%d0%b2%d0%b0%d1%87-%d0%b4%d0%bb%d1%8f-%d1%83%d0%bc%d0%b8%d0%b2%d0%b0%d0%bb%d1%8c%d0%bd%d0%b8%d0%ba%d0%b0-rea-duet-gold\/#breadcrumb\",\"itemListElement\":[{\"@type\":\"ListItem\",\"position\":1,\"name\":\"Home\",\"item\":\"https:\/\/glasir.com.ua\/\"},{\"@type\":\"ListItem\",\"position\":2,\"name\":\"\u0406\u043d\u0442\u0435\u0440\u043d\u0435\u0442-\u043c\u0430\u0433\u0430\u0437\u0438\u043d\",\"item\":\"https:\/\/glasir.com.ua\/shop\/\"},{\"@type\":\"ListItem\",\"position\":3,\"name\":\"\u0412\u0438\u0441\u043e\u043a\u0438\u0439 \u0437\u043c\u0456\u0448\u0443\u0432\u0430\u0447 \u0434\u043b\u044f \u0443\u043c\u0438\u0432\u0430\u043b\u044c\u043d\u0438\u043a\u0430 Rea Duet Gold\"}]},{\"@type\":\"WebSite\",\"@id\":\"https:\/\/glasir.com.ua\/#website\",\"url\":\"https:\/\/glasir.com.ua\/\",\"name\":\"Glasir\",\"description\":\"\u041d\u0435\u043c\u0430\u0454 \u043f\u043e\u0440\u0456\u0432\u043d\u044f\u043d\u043d\u044f.\",\"publisher\":{\"@id\":\"https:\/\/glasir.com.ua\/#organization\"},\"potentialAction\":[{\"@type\":\"SearchAction\",\"target\":{\"@type\":\"EntryPoint\",\"urlTemplate\":\"https:\/\/glasir.com.ua\/?s={search_term_string}\"},\"query-input\":{\"@type\":\"PropertyValueSpecification\",\"valueRequired\":true,\"valueName\":\"search_term_string\"}}],\"inLanguage\":\"it-IT\"},{\"@type\":\"Organization\",\"@id\":\"https:\/\/glasir.com.ua\/#organization\",\"name\":\"Glasir\",\"url\":\"https:\/\/glasir.com.ua\/\",\"logo\":{\"@type\":\"ImageObject\",\"inLanguage\":\"it-IT\",\"@id\":\"https:\/\/glasir.com.ua\/#\/schema\/logo\/image\/\",\"url\":\"https:\/\/glasir.com.ua\/wp-content\/uploads\/2023\/06\/cropped-llc-glasir.png\",\"contentUrl\":\"https:\/\/glasir.com.ua\/wp-content\/uploads\/2023\/06\/cropped-llc-glasir.png\",\"width\":250,\"height\":250,\"caption\":\"Glasir\"},\"image\":{\"@id\":\"https:\/\/glasir.com.ua\/#\/schema\/logo\/image\/\"},\"sameAs\":[\"https:\/\/www.pinterest.com\/llc_glasir\",\"https:\/\/g.co\/kgs\/7CK1iZr\"]}]}<\/script>\n<!-- \/ Yoast SEO plugin. -->","yoast_head_json":{"title":"Miscelatore lavabo alto Rea Duet Gold - Glasir","robots":{"index":"index","follow":"follow","max-snippet":"max-snippet:-1","max-image-preview":"max-image-preview:large","max-video-preview":"max-video-preview:-1"},"canonical":"https:\/\/glasir.com.ua\/it\/product\/\u0432\u0438\u0441\u043e\u043a\u0438\u0439-\u0437\u043c\u0456\u0448\u0443\u0432\u0430\u0447-\u0434\u043b\u044f-\u0443\u043c\u0438\u0432\u0430\u043b\u044c\u043d\u0438\u043a\u0430-rea-duet-gold\/","og_locale":"it_IT","og_type":"article","og_title":"\u0412\u0438\u0441\u043e\u043a\u0438\u0439 \u0437\u043c\u0456\u0448\u0443\u0432\u0430\u0447 \u0434\u043b\u044f \u0443\u043c\u0438\u0432\u0430\u043b\u044c\u043d\u0438\u043a\u0430 Rea Duet Gold - Glasir","og_description":"\u0417\u043c\u0456\u0448\u0443\u0432\u0430\u0447 \u0441\u0442\u0432\u043e\u0440\u0435\u043d\u0438\u0439 \u0437 \u0434\u0443\u043c\u043a\u043e\u044e \u043f\u0440\u043e \u0444\u0443\u043d\u043a\u0446\u0456\u043e\u043d\u0430\u043b\u044c\u043d\u0456\u0441\u0442\u044c \u0456 \u0437\u043e\u0432\u043d\u0456\u0448\u043d\u0456\u0439 \u0432\u0438\u0433\u043b\u044f\u0434, \u044f\u043a\u0438\u0439 \u0456\u0434\u0435\u0430\u043b\u044c\u043d\u043e \u0437\u0430\u043f\u043e\u0432\u043d\u0438\u0442\u044c \u043f\u0440\u043e\u0441\u0442\u0456\u0440 \u0432\u0430\u0448\u043e\u0457 \u0432\u0430\u043d\u043d\u043e\u0457 \u043a\u0456\u043c\u043d\u0430\u0442\u0438, \u0437\u0431\u0435\u0440\u0456\u0433\u0448\u0438 \u0431\u0435\u0437\u0434\u043e\u0433\u0430\u043d\u043d\u0438\u0439 \u0432\u0438\u0433\u043b\u044f\u0434 \u0456 \u0435\u0441\u0442\u0435\u0442\u0438\u043a\u0443 \u0456\u043d\u0442\u0435\u0440\u2019\u0454\u0440\u0443. \u0417\u043c\u0456\u0448\u0443\u0432\u0430\u0447 \u043f\u0440\u0438\u0441\u0442\u043e\u0441\u043e\u0432\u0430\u043d\u0438\u0439 \u0434\u043b\u044f \u0443\u0441\u0442\u0430\u043d\u043e\u0432\u043a\u0438 \u043d\u0430 \u0440\u0430\u043a\u043e\u0432\u0438\u043d\u0443 \u0430\u0431\u043e \u0441\u0442\u0456\u043b\u044c\u043d\u0438\u0446\u044e. \u0417\u0430\u043f\u0440\u043e\u0448\u0443\u0454\u043c\u043e \u043e\u0437\u043d\u0430\u0439\u043e\u043c\u0438\u0442\u0438\u0441\u044f \u0437 \u043d\u0430\u0448\u043e\u044e \u043f\u0440\u043e\u043f\u043e\u0437\u0438\u0446\u0456\u0454\u044e!","og_url":"https:\/\/glasir.com.ua\/it\/product\/\u0432\u0438\u0441\u043e\u043a\u0438\u0439-\u0437\u043c\u0456\u0448\u0443\u0432\u0430\u0447-\u0434\u043b\u044f-\u0443\u043c\u0438\u0432\u0430\u043b\u044c\u043d\u0438\u043a\u0430-rea-duet-gold\/","og_site_name":"Glasir","article_modified_time":"2026-01-08T11:33:11+00:00","og_image":[{"width":1280,"height":720,"url":"http:\/\/glasir.com.ua\/wp-content\/uploads\/2023\/09\/e166412e0099d34a755aeda3ad382f3a.webp","type":"image\/webp"}],"twitter_card":"summary_large_image","twitter_misc":{"Tempo di lettura stimato":"1 minuto"},"schema":{"@context":"https:\/\/schema.org","@graph":[{"@type":["WebPage","ItemPage"],"@id":"https:\/\/glasir.com.ua\/product\/%d0%b2%d0%b8%d1%81%d0%be%d0%ba%d0%b8%d0%b9-%d0%b7%d0%bc%d1%96%d1%88%d1%83%d0%b2%d0%b0%d1%87-%d0%b4%d0%bb%d1%8f-%d1%83%d0%bc%d0%b8%d0%b2%d0%b0%d0%bb%d1%8c%d0%bd%d0%b8%d0%ba%d0%b0-rea-duet-gold\/","url":"https:\/\/glasir.com.ua\/product\/%d0%b2%d0%b8%d1%81%d0%be%d0%ba%d0%b8%d0%b9-%d0%b7%d0%bc%d1%96%d1%88%d1%83%d0%b2%d0%b0%d1%87-%d0%b4%d0%bb%d1%8f-%d1%83%d0%bc%d0%b8%d0%b2%d0%b0%d0%bb%d1%8c%d0%bd%d0%b8%d0%ba%d0%b0-rea-duet-gold\/","name":"Miscelatore lavabo alto Rea Duet Gold - Glasir","isPartOf":{"@id":"https:\/\/glasir.com.ua\/#website"},"primaryImageOfPage":{"@id":"https:\/\/glasir.com.ua\/product\/%d0%b2%d0%b8%d1%81%d0%be%d0%ba%d0%b8%d0%b9-%d0%b7%d0%bc%d1%96%d1%88%d1%83%d0%b2%d0%b0%d1%87-%d0%b4%d0%bb%d1%8f-%d1%83%d0%bc%d0%b8%d0%b2%d0%b0%d0%bb%d1%8c%d0%bd%d0%b8%d0%ba%d0%b0-rea-duet-gold\/#primaryimage"},"image":{"@id":"https:\/\/glasir.com.ua\/product\/%d0%b2%d0%b8%d1%81%d0%be%d0%ba%d0%b8%d0%b9-%d0%b7%d0%bc%d1%96%d1%88%d1%83%d0%b2%d0%b0%d1%87-%d0%b4%d0%bb%d1%8f-%d1%83%d0%bc%d0%b8%d0%b2%d0%b0%d0%bb%d1%8c%d0%bd%d0%b8%d0%ba%d0%b0-rea-duet-gold\/#primaryimage"},"thumbnailUrl":"https:\/\/glasir.com.ua\/wp-content\/uploads\/2023\/09\/e166412e0099d34a755aeda3ad382f3a.webp","datePublished":"2023-09-17T11:03:41+00:00","dateModified":"2026-01-08T11:33:11+00:00","breadcrumb":{"@id":"https:\/\/glasir.com.ua\/product\/%d0%b2%d0%b8%d1%81%d0%be%d0%ba%d0%b8%d0%b9-%d0%b7%d0%bc%d1%96%d1%88%d1%83%d0%b2%d0%b0%d1%87-%d0%b4%d0%bb%d1%8f-%d1%83%d0%bc%d0%b8%d0%b2%d0%b0%d0%bb%d1%8c%d0%bd%d0%b8%d0%ba%d0%b0-rea-duet-gold\/#breadcrumb"},"inLanguage":"it-IT","potentialAction":[{"@type":"ReadAction","target":["https:\/\/glasir.com.ua\/product\/%d0%b2%d0%b8%d1%81%d0%be%d0%ba%d0%b8%d0%b9-%d0%b7%d0%bc%d1%96%d1%88%d1%83%d0%b2%d0%b0%d1%87-%d0%b4%d0%bb%d1%8f-%d1%83%d0%bc%d0%b8%d0%b2%d0%b0%d0%bb%d1%8c%d0%bd%d0%b8%d0%ba%d0%b0-rea-duet-gold\/"]}]},{"@type":"ImageObject","inLanguage":"it-IT","@id":"https:\/\/glasir.com.ua\/product\/%d0%b2%d0%b8%d1%81%d0%be%d0%ba%d0%b8%d0%b9-%d0%b7%d0%bc%d1%96%d1%88%d1%83%d0%b2%d0%b0%d1%87-%d0%b4%d0%bb%d1%8f-%d1%83%d0%bc%d0%b8%d0%b2%d0%b0%d0%bb%d1%8c%d0%bd%d0%b8%d0%ba%d0%b0-rea-duet-gold\/#primaryimage","url":"https:\/\/glasir.com.ua\/wp-content\/uploads\/2023\/09\/e166412e0099d34a755aeda3ad382f3a.webp","contentUrl":"https:\/\/glasir.com.ua\/wp-content\/uploads\/2023\/09\/e166412e0099d34a755aeda3ad382f3a.webp","width":1280,"height":720},{"@type":"BreadcrumbList","@id":"https:\/\/glasir.com.ua\/product\/%d0%b2%d0%b8%d1%81%d0%be%d0%ba%d0%b8%d0%b9-%d0%b7%d0%bc%d1%96%d1%88%d1%83%d0%b2%d0%b0%d1%87-%d0%b4%d0%bb%d1%8f-%d1%83%d0%bc%d0%b8%d0%b2%d0%b0%d0%bb%d1%8c%d0%bd%d0%b8%d0%ba%d0%b0-rea-duet-gold\/#breadcrumb","itemListElement":[{"@type":"ListItem","position":1,"name":"Home","item":"https:\/\/glasir.com.ua\/"},{"@type":"ListItem","position":2,"name":"\u0406\u043d\u0442\u0435\u0440\u043d\u0435\u0442-\u043c\u0430\u0433\u0430\u0437\u0438\u043d","item":"https:\/\/glasir.com.ua\/shop\/"},{"@type":"ListItem","position":3,"name":"\u0412\u0438\u0441\u043e\u043a\u0438\u0439 \u0437\u043c\u0456\u0448\u0443\u0432\u0430\u0447 \u0434\u043b\u044f \u0443\u043c\u0438\u0432\u0430\u043b\u044c\u043d\u0438\u043a\u0430 Rea Duet Gold"}]},{"@type":"WebSite","@id":"https:\/\/glasir.com.ua\/#website","url":"https:\/\/glasir.com.ua\/","name":"Glasir","description":"Non c&#039;\u00e8 paragone.","publisher":{"@id":"https:\/\/glasir.com.ua\/#organization"},"potentialAction":[{"@type":"SearchAction","target":{"@type":"EntryPoint","urlTemplate":"https:\/\/glasir.com.ua\/?s={search_term_string}"},"query-input":{"@type":"PropertyValueSpecification","valueRequired":true,"valueName":"search_term_string"}}],"inLanguage":"it-IT"},{"@type":"Organization","@id":"https:\/\/glasir.com.ua\/#organization","name":"Glasir","url":"https:\/\/glasir.com.ua\/","logo":{"@type":"ImageObject","inLanguage":"it-IT","@id":"https:\/\/glasir.com.ua\/#\/schema\/logo\/image\/","url":"https:\/\/glasir.com.ua\/wp-content\/uploads\/2023\/06\/cropped-llc-glasir.png","contentUrl":"https:\/\/glasir.com.ua\/wp-content\/uploads\/2023\/06\/cropped-llc-glasir.png","width":250,"height":250,"caption":"Glasir"},"image":{"@id":"https:\/\/glasir.com.ua\/#\/schema\/logo\/image\/"},"sameAs":["https:\/\/www.pinterest.com\/llc_glasir","https:\/\/g.co\/kgs\/7CK1iZr"]}]}},"_links":{"self":[{"href":"https:\/\/glasir.com.ua\/it\/wp-json\/wp\/v2\/product\/451","targetHints":{"allow":["GET"]}}],"collection":[{"href":"https:\/\/glasir.com.ua\/it\/wp-json\/wp\/v2\/product"}],"about":[{"href":"https:\/\/glasir.com.ua\/it\/wp-json\/wp\/v2\/types\/product"}],"replies":[{"embeddable":true,"href":"https:\/\/glasir.com.ua\/it\/wp-json\/wp\/v2\/comments?post=451"}],"wp:featuredmedia":[{"embeddable":true,"href":"https:\/\/glasir.com.ua\/it\/wp-json\/wp\/v2\/media\/458"}],"wp:attachment":[{"href":"https:\/\/glasir.com.ua\/it\/wp-json\/wp\/v2\/media?parent=451"}],"wp:term":[{"taxonomy":"product_brand","embeddable":true,"href":"https:\/\/glasir.com.ua\/it\/wp-json\/wp\/v2\/product_brand?post=451"},{"taxonomy":"product_cat","embeddable":true,"href":"https:\/\/glasir.com.ua\/it\/wp-json\/wp\/v2\/product_cat?post=451"},{"taxonomy":"product_tag","embeddable":true,"href":"https:\/\/glasir.com.ua\/it\/wp-json\/wp\/v2\/product_tag?post=451"}],"curies":[{"name":"wp","href":"https:\/\/api.w.org\/{rel}","templated":true}]}}