{"id":1494,"date":"2025-02-22T13:08:16","date_gmt":"2025-02-22T11:08:16","guid":{"rendered":"https:\/\/glasir.com.ua\/?post_type=product&#038;p=1494"},"modified":"2025-03-08T16:38:06","modified_gmt":"2025-03-08T14:38:06","slug":"%d0%b0%d0%ba%d1%83%d0%bc%d1%83%d0%bb%d1%8f%d1%82%d0%be%d1%80%d0%bd%d0%b0-%d0%b1%d0%b5%d0%b7%d0%b4%d1%80%d0%be%d1%82%d0%be%d0%b2%d0%b0-%d0%bc%d1%96%d0%bd%d1%96-%d0%b1%d1%80%d0%b8%d1%82%d0%b2%d0%b0-ap-2","status":"publish","type":"product","link":"https:\/\/glasir.com.ua\/it\/product\/%d0%b0%d0%ba%d1%83%d0%bc%d1%83%d0%bb%d1%8f%d1%82%d0%be%d1%80%d0%bd%d0%b0-%d0%b1%d0%b5%d0%b7%d0%b4%d1%80%d0%be%d1%82%d0%be%d0%b2%d0%b0-%d0%bc%d1%96%d0%bd%d1%96-%d0%b1%d1%80%d0%b8%d1%82%d0%b2%d0%b0-ap-2\/","title":{"rendered":"ApiYoo T3 Leggero Mini Rasoio Senza Fili"},"content":{"rendered":"<p>ApiYoo T3 Leggero Mini Rasoio Senza Fili<\/p>\n<p>Il mini rasoio compatto ed elegante \u00e8 dotato di un sistema a rete progettato per la rasatura a secco e a umido. Questo rasoio \u00e8 particolarmente adatto agli uomini con pelle sensibile del viso. Grazie all&#039;utilizzo di una speciale rete, la pelle viene meno ferita e non provoca irritazioni.<\/p>\n<p>Il mini rasoio \u00e8 ricaricabile e di piccole dimensioni, quindi \u00e8 comodo da portare con s\u00e9 e pu\u00f2 essere ricaricato ovunque tramite un cavo di ricarica USB. Il rasoio sar\u00e0 un&#039;ottima soluzione per i viaggi, gli spostamenti di lavoro o per l&#039;uso sul posto di lavoro. Grazie a questo, puoi mantenere il tuo stile e il tuo aspetto ordinato indipendentemente dalle circostanze.<br \/>\nSi consiglia di radersi quando il viso \u00e8 asciutto, quindi radersi prima o qualche tempo dopo aver lavato il viso: questo ottimizzer\u00e0 la qualit\u00e0 della rasatura e garantir\u00e0 il massimo comfort. <\/p>\n<p>Caratteristica:<br \/>\n\u2013 Acciaio inossidabile<br \/>\n\u2013 Interruttore touch,<br \/>\n\u2013 Anti-clipping intelligente tramite AI<br \/>\n\u2013 Doppie testine di rasatura flottanti<\/p>\n<p>Il kit comprende:<br \/>\n\u2013 istruzioni per l\u2019uso<br \/>\n\u2013 rasoio<br \/>\n\u2013 Caricabatterie USB<br \/>\n- spazzola<br \/>\n\u2013 borsa di flanella<\/p>\n<div style=\"width: 525px;\" class=\"wp-video\"><video class=\"wp-video-shortcode\" id=\"video-1494-1\" width=\"525\" height=\"700\" preload=\"metadata\" controls=\"controls\"><source type=\"video\/mp4\" src=\"http:\/\/glasir.com.ua\/wp-content\/uploads\/2025\/02\/rasoio-apiyoo-t3-leggero.mp4?_=1\" \/><a href=\"http:\/\/glasir.com.ua\/wp-content\/uploads\/2025\/02\/rasoio-apiyoo-t3-leggero.mp4\">http:\/\/glasir.com.ua\/wp-content\/uploads\/2025\/02\/rasoio-apiyoo-t3-leggero.mp4<\/a><\/video><\/div>","protected":false},"excerpt":{"rendered":"<p>ApiYoo T3 Leggero Mini Rasoio Senza Fili<\/p>","protected":false},"featured_media":1496,"comment_status":"open","ping_status":"closed","template":"","meta":[],"product_brand":[],"product_cat":[135],"product_tag":[33],"class_list":{"0":"post-1494","1":"product","2":"type-product","3":"status-publish","4":"has-post-thumbnail","6":"product_cat-135","7":"product_tag-apiyoo","9":"first","10":"onbackorder","11":"taxable","12":"shipping-taxable","13":"purchasable","14":"product-type-variable"},"yoast_head":"<!-- This site is optimized with the Yoast SEO plugin v27.2 - https:\/\/yoast.com\/product\/yoast-seo-wordpress\/ -->\n<title>\u0410\u043a\u0443\u043c\u0443\u043b\u044f\u0442\u043e\u0440\u043d\u0430 \u0431\u0435\u0437\u0434\u0440\u043e\u0442\u043e\u0432\u0430 \u043c\u0456\u043d\u0456 \u0431\u0440\u0438\u0442\u0432\u0430 ApiYoo T3 Leggero - Glasir<\/title>\n<meta name=\"robots\" content=\"index, follow, max-snippet:-1, max-image-preview:large, max-video-preview:-1\" \/>\n<link rel=\"canonical\" href=\"https:\/\/glasir.com.ua\/it\/product\/\u0430\u043a\u0443\u043c\u0443\u043b\u044f\u0442\u043e\u0440\u043d\u0430-\u0431\u0435\u0437\u0434\u0440\u043e\u0442\u043e\u0432\u0430-\u043c\u0456\u043d\u0456-\u0431\u0440\u0438\u0442\u0432\u0430-ap-2\/\" \/>\n<meta property=\"og:locale\" content=\"it_IT\" \/>\n<meta property=\"og:type\" content=\"article\" \/>\n<meta property=\"og:title\" content=\"\u0410\u043a\u0443\u043c\u0443\u043b\u044f\u0442\u043e\u0440\u043d\u0430 \u0431\u0435\u0437\u0434\u0440\u043e\u0442\u043e\u0432\u0430 \u043c\u0456\u043d\u0456 \u0431\u0440\u0438\u0442\u0432\u0430 ApiYoo T3 Leggero - Glasir\" \/>\n<meta property=\"og:description\" content=\"\u0410\u043a\u0443\u043c\u0443\u043b\u044f\u0442\u043e\u0440\u043d\u0430 \u0431\u0435\u0437\u0434\u0440\u043e\u0442\u043e\u0432\u0430 \u043c\u0456\u043d\u0456 \u0431\u0440\u0438\u0442\u0432\u0430 ApiYoo T3 Leggero\" \/>\n<meta property=\"og:url\" content=\"https:\/\/glasir.com.ua\/it\/product\/\u0430\u043a\u0443\u043c\u0443\u043b\u044f\u0442\u043e\u0440\u043d\u0430-\u0431\u0435\u0437\u0434\u0440\u043e\u0442\u043e\u0432\u0430-\u043c\u0456\u043d\u0456-\u0431\u0440\u0438\u0442\u0432\u0430-ap-2\/\" \/>\n<meta property=\"og:site_name\" content=\"Glasir\" \/>\n<meta property=\"article:modified_time\" content=\"2025-03-08T14:38:06+00:00\" \/>\n<meta property=\"og:image\" content=\"https:\/\/glasir.com.ua\/wp-content\/uploads\/2025\/02\/rasoio-apiyoo-t3-leggero2.jpg\" \/>\n\t<meta property=\"og:image:width\" content=\"800\" \/>\n\t<meta property=\"og:image:height\" content=\"800\" \/>\n\t<meta property=\"og:image:type\" content=\"image\/jpeg\" \/>\n<meta name=\"twitter:card\" content=\"summary_large_image\" \/>\n<script type=\"application\/ld+json\" class=\"yoast-schema-graph\">{\"@context\":\"https:\/\/schema.org\",\"@graph\":[{\"@type\":[\"WebPage\",\"ItemPage\"],\"@id\":\"https:\/\/glasir.com.ua\/product\/%d0%b0%d0%ba%d1%83%d0%bc%d1%83%d0%bb%d1%8f%d1%82%d0%be%d1%80%d0%bd%d0%b0-%d0%b1%d0%b5%d0%b7%d0%b4%d1%80%d0%be%d1%82%d0%be%d0%b2%d0%b0-%d0%bc%d1%96%d0%bd%d1%96-%d0%b1%d1%80%d0%b8%d1%82%d0%b2%d0%b0-ap-2\/\",\"url\":\"https:\/\/glasir.com.ua\/product\/%d0%b0%d0%ba%d1%83%d0%bc%d1%83%d0%bb%d1%8f%d1%82%d0%be%d1%80%d0%bd%d0%b0-%d0%b1%d0%b5%d0%b7%d0%b4%d1%80%d0%be%d1%82%d0%be%d0%b2%d0%b0-%d0%bc%d1%96%d0%bd%d1%96-%d0%b1%d1%80%d0%b8%d1%82%d0%b2%d0%b0-ap-2\/\",\"name\":\"\u0410\u043a\u0443\u043c\u0443\u043b\u044f\u0442\u043e\u0440\u043d\u0430 \u0431\u0435\u0437\u0434\u0440\u043e\u0442\u043e\u0432\u0430 \u043c\u0456\u043d\u0456 \u0431\u0440\u0438\u0442\u0432\u0430 ApiYoo T3 Leggero - Glasir\",\"isPartOf\":{\"@id\":\"https:\/\/glasir.com.ua\/#website\"},\"primaryImageOfPage\":{\"@id\":\"https:\/\/glasir.com.ua\/product\/%d0%b0%d0%ba%d1%83%d0%bc%d1%83%d0%bb%d1%8f%d1%82%d0%be%d1%80%d0%bd%d0%b0-%d0%b1%d0%b5%d0%b7%d0%b4%d1%80%d0%be%d1%82%d0%be%d0%b2%d0%b0-%d0%bc%d1%96%d0%bd%d1%96-%d0%b1%d1%80%d0%b8%d1%82%d0%b2%d0%b0-ap-2\/#primaryimage\"},\"image\":{\"@id\":\"https:\/\/glasir.com.ua\/product\/%d0%b0%d0%ba%d1%83%d0%bc%d1%83%d0%bb%d1%8f%d1%82%d0%be%d1%80%d0%bd%d0%b0-%d0%b1%d0%b5%d0%b7%d0%b4%d1%80%d0%be%d1%82%d0%be%d0%b2%d0%b0-%d0%bc%d1%96%d0%bd%d1%96-%d0%b1%d1%80%d0%b8%d1%82%d0%b2%d0%b0-ap-2\/#primaryimage\"},\"thumbnailUrl\":\"https:\/\/glasir.com.ua\/wp-content\/uploads\/2025\/02\/rasoio-apiyoo-t3-leggero2.jpg\",\"datePublished\":\"2025-02-22T11:08:16+00:00\",\"dateModified\":\"2025-03-08T14:38:06+00:00\",\"breadcrumb\":{\"@id\":\"https:\/\/glasir.com.ua\/product\/%d0%b0%d0%ba%d1%83%d0%bc%d1%83%d0%bb%d1%8f%d1%82%d0%be%d1%80%d0%bd%d0%b0-%d0%b1%d0%b5%d0%b7%d0%b4%d1%80%d0%be%d1%82%d0%be%d0%b2%d0%b0-%d0%bc%d1%96%d0%bd%d1%96-%d0%b1%d1%80%d0%b8%d1%82%d0%b2%d0%b0-ap-2\/#breadcrumb\"},\"inLanguage\":\"it-IT\",\"potentialAction\":[{\"@type\":\"ReadAction\",\"target\":[\"https:\/\/glasir.com.ua\/product\/%d0%b0%d0%ba%d1%83%d0%bc%d1%83%d0%bb%d1%8f%d1%82%d0%be%d1%80%d0%bd%d0%b0-%d0%b1%d0%b5%d0%b7%d0%b4%d1%80%d0%be%d1%82%d0%be%d0%b2%d0%b0-%d0%bc%d1%96%d0%bd%d1%96-%d0%b1%d1%80%d0%b8%d1%82%d0%b2%d0%b0-ap-2\/\"]}]},{\"@type\":\"ImageObject\",\"inLanguage\":\"it-IT\",\"@id\":\"https:\/\/glasir.com.ua\/product\/%d0%b0%d0%ba%d1%83%d0%bc%d1%83%d0%bb%d1%8f%d1%82%d0%be%d1%80%d0%bd%d0%b0-%d0%b1%d0%b5%d0%b7%d0%b4%d1%80%d0%be%d1%82%d0%be%d0%b2%d0%b0-%d0%bc%d1%96%d0%bd%d1%96-%d0%b1%d1%80%d0%b8%d1%82%d0%b2%d0%b0-ap-2\/#primaryimage\",\"url\":\"https:\/\/glasir.com.ua\/wp-content\/uploads\/2025\/02\/rasoio-apiyoo-t3-leggero2.jpg\",\"contentUrl\":\"https:\/\/glasir.com.ua\/wp-content\/uploads\/2025\/02\/rasoio-apiyoo-t3-leggero2.jpg\",\"width\":800,\"height\":800,\"caption\":\"ApiYoo T3 Leggero\"},{\"@type\":\"BreadcrumbList\",\"@id\":\"https:\/\/glasir.com.ua\/product\/%d0%b0%d0%ba%d1%83%d0%bc%d1%83%d0%bb%d1%8f%d1%82%d0%be%d1%80%d0%bd%d0%b0-%d0%b1%d0%b5%d0%b7%d0%b4%d1%80%d0%be%d1%82%d0%be%d0%b2%d0%b0-%d0%bc%d1%96%d0%bd%d1%96-%d0%b1%d1%80%d0%b8%d1%82%d0%b2%d0%b0-ap-2\/#breadcrumb\",\"itemListElement\":[{\"@type\":\"ListItem\",\"position\":1,\"name\":\"Home\",\"item\":\"https:\/\/glasir.com.ua\/\"},{\"@type\":\"ListItem\",\"position\":2,\"name\":\"\u0406\u043d\u0442\u0435\u0440\u043d\u0435\u0442-\u043c\u0430\u0433\u0430\u0437\u0438\u043d\",\"item\":\"https:\/\/glasir.com.ua\/shop\/\"},{\"@type\":\"ListItem\",\"position\":3,\"name\":\"\u0410\u043a\u0443\u043c\u0443\u043b\u044f\u0442\u043e\u0440\u043d\u0430 \u0431\u0435\u0437\u0434\u0440\u043e\u0442\u043e\u0432\u0430 \u043c\u0456\u043d\u0456 \u0431\u0440\u0438\u0442\u0432\u0430 ApiYoo T3 Leggero\"}]},{\"@type\":\"WebSite\",\"@id\":\"https:\/\/glasir.com.ua\/#website\",\"url\":\"https:\/\/glasir.com.ua\/\",\"name\":\"Glasir\",\"description\":\"\u041d\u0435\u043c\u0430\u0454 \u043f\u043e\u0440\u0456\u0432\u043d\u044f\u043d\u043d\u044f.\",\"publisher\":{\"@id\":\"https:\/\/glasir.com.ua\/#organization\"},\"potentialAction\":[{\"@type\":\"SearchAction\",\"target\":{\"@type\":\"EntryPoint\",\"urlTemplate\":\"https:\/\/glasir.com.ua\/?s={search_term_string}\"},\"query-input\":{\"@type\":\"PropertyValueSpecification\",\"valueRequired\":true,\"valueName\":\"search_term_string\"}}],\"inLanguage\":\"it-IT\"},{\"@type\":\"Organization\",\"@id\":\"https:\/\/glasir.com.ua\/#organization\",\"name\":\"Glasir\",\"url\":\"https:\/\/glasir.com.ua\/\",\"logo\":{\"@type\":\"ImageObject\",\"inLanguage\":\"it-IT\",\"@id\":\"https:\/\/glasir.com.ua\/#\/schema\/logo\/image\/\",\"url\":\"https:\/\/glasir.com.ua\/wp-content\/uploads\/2023\/06\/cropped-llc-glasir.png\",\"contentUrl\":\"https:\/\/glasir.com.ua\/wp-content\/uploads\/2023\/06\/cropped-llc-glasir.png\",\"width\":250,\"height\":250,\"caption\":\"Glasir\"},\"image\":{\"@id\":\"https:\/\/glasir.com.ua\/#\/schema\/logo\/image\/\"},\"sameAs\":[\"https:\/\/www.pinterest.com\/llc_glasir\",\"https:\/\/g.co\/kgs\/7CK1iZr\"]}]}<\/script>\n<!-- \/ Yoast SEO plugin. -->","yoast_head_json":{"title":"Mini rasoio a batteria ApiYoo T3 Leggero - Glasir","robots":{"index":"index","follow":"follow","max-snippet":"max-snippet:-1","max-image-preview":"max-image-preview:large","max-video-preview":"max-video-preview:-1"},"canonical":"https:\/\/glasir.com.ua\/it\/product\/\u0430\u043a\u0443\u043c\u0443\u043b\u044f\u0442\u043e\u0440\u043d\u0430-\u0431\u0435\u0437\u0434\u0440\u043e\u0442\u043e\u0432\u0430-\u043c\u0456\u043d\u0456-\u0431\u0440\u0438\u0442\u0432\u0430-ap-2\/","og_locale":"it_IT","og_type":"article","og_title":"\u0410\u043a\u0443\u043c\u0443\u043b\u044f\u0442\u043e\u0440\u043d\u0430 \u0431\u0435\u0437\u0434\u0440\u043e\u0442\u043e\u0432\u0430 \u043c\u0456\u043d\u0456 \u0431\u0440\u0438\u0442\u0432\u0430 ApiYoo T3 Leggero - Glasir","og_description":"\u0410\u043a\u0443\u043c\u0443\u043b\u044f\u0442\u043e\u0440\u043d\u0430 \u0431\u0435\u0437\u0434\u0440\u043e\u0442\u043e\u0432\u0430 \u043c\u0456\u043d\u0456 \u0431\u0440\u0438\u0442\u0432\u0430 ApiYoo T3 Leggero","og_url":"https:\/\/glasir.com.ua\/it\/product\/\u0430\u043a\u0443\u043c\u0443\u043b\u044f\u0442\u043e\u0440\u043d\u0430-\u0431\u0435\u0437\u0434\u0440\u043e\u0442\u043e\u0432\u0430-\u043c\u0456\u043d\u0456-\u0431\u0440\u0438\u0442\u0432\u0430-ap-2\/","og_site_name":"Glasir","article_modified_time":"2025-03-08T14:38:06+00:00","og_image":[{"width":800,"height":800,"url":"https:\/\/glasir.com.ua\/wp-content\/uploads\/2025\/02\/rasoio-apiyoo-t3-leggero2.jpg","type":"image\/jpeg"}],"twitter_card":"summary_large_image","schema":{"@context":"https:\/\/schema.org","@graph":[{"@type":["WebPage","ItemPage"],"@id":"https:\/\/glasir.com.ua\/product\/%d0%b0%d0%ba%d1%83%d0%bc%d1%83%d0%bb%d1%8f%d1%82%d0%be%d1%80%d0%bd%d0%b0-%d0%b1%d0%b5%d0%b7%d0%b4%d1%80%d0%be%d1%82%d0%be%d0%b2%d0%b0-%d0%bc%d1%96%d0%bd%d1%96-%d0%b1%d1%80%d0%b8%d1%82%d0%b2%d0%b0-ap-2\/","url":"https:\/\/glasir.com.ua\/product\/%d0%b0%d0%ba%d1%83%d0%bc%d1%83%d0%bb%d1%8f%d1%82%d0%be%d1%80%d0%bd%d0%b0-%d0%b1%d0%b5%d0%b7%d0%b4%d1%80%d0%be%d1%82%d0%be%d0%b2%d0%b0-%d0%bc%d1%96%d0%bd%d1%96-%d0%b1%d1%80%d0%b8%d1%82%d0%b2%d0%b0-ap-2\/","name":"Mini rasoio a batteria ApiYoo T3 Leggero - Glasir","isPartOf":{"@id":"https:\/\/glasir.com.ua\/#website"},"primaryImageOfPage":{"@id":"https:\/\/glasir.com.ua\/product\/%d0%b0%d0%ba%d1%83%d0%bc%d1%83%d0%bb%d1%8f%d1%82%d0%be%d1%80%d0%bd%d0%b0-%d0%b1%d0%b5%d0%b7%d0%b4%d1%80%d0%be%d1%82%d0%be%d0%b2%d0%b0-%d0%bc%d1%96%d0%bd%d1%96-%d0%b1%d1%80%d0%b8%d1%82%d0%b2%d0%b0-ap-2\/#primaryimage"},"image":{"@id":"https:\/\/glasir.com.ua\/product\/%d0%b0%d0%ba%d1%83%d0%bc%d1%83%d0%bb%d1%8f%d1%82%d0%be%d1%80%d0%bd%d0%b0-%d0%b1%d0%b5%d0%b7%d0%b4%d1%80%d0%be%d1%82%d0%be%d0%b2%d0%b0-%d0%bc%d1%96%d0%bd%d1%96-%d0%b1%d1%80%d0%b8%d1%82%d0%b2%d0%b0-ap-2\/#primaryimage"},"thumbnailUrl":"https:\/\/glasir.com.ua\/wp-content\/uploads\/2025\/02\/rasoio-apiyoo-t3-leggero2.jpg","datePublished":"2025-02-22T11:08:16+00:00","dateModified":"2025-03-08T14:38:06+00:00","breadcrumb":{"@id":"https:\/\/glasir.com.ua\/product\/%d0%b0%d0%ba%d1%83%d0%bc%d1%83%d0%bb%d1%8f%d1%82%d0%be%d1%80%d0%bd%d0%b0-%d0%b1%d0%b5%d0%b7%d0%b4%d1%80%d0%be%d1%82%d0%be%d0%b2%d0%b0-%d0%bc%d1%96%d0%bd%d1%96-%d0%b1%d1%80%d0%b8%d1%82%d0%b2%d0%b0-ap-2\/#breadcrumb"},"inLanguage":"it-IT","potentialAction":[{"@type":"ReadAction","target":["https:\/\/glasir.com.ua\/product\/%d0%b0%d0%ba%d1%83%d0%bc%d1%83%d0%bb%d1%8f%d1%82%d0%be%d1%80%d0%bd%d0%b0-%d0%b1%d0%b5%d0%b7%d0%b4%d1%80%d0%be%d1%82%d0%be%d0%b2%d0%b0-%d0%bc%d1%96%d0%bd%d1%96-%d0%b1%d1%80%d0%b8%d1%82%d0%b2%d0%b0-ap-2\/"]}]},{"@type":"ImageObject","inLanguage":"it-IT","@id":"https:\/\/glasir.com.ua\/product\/%d0%b0%d0%ba%d1%83%d0%bc%d1%83%d0%bb%d1%8f%d1%82%d0%be%d1%80%d0%bd%d0%b0-%d0%b1%d0%b5%d0%b7%d0%b4%d1%80%d0%be%d1%82%d0%be%d0%b2%d0%b0-%d0%bc%d1%96%d0%bd%d1%96-%d0%b1%d1%80%d0%b8%d1%82%d0%b2%d0%b0-ap-2\/#primaryimage","url":"https:\/\/glasir.com.ua\/wp-content\/uploads\/2025\/02\/rasoio-apiyoo-t3-leggero2.jpg","contentUrl":"https:\/\/glasir.com.ua\/wp-content\/uploads\/2025\/02\/rasoio-apiyoo-t3-leggero2.jpg","width":800,"height":800,"caption":"ApiYoo T3 Leggero"},{"@type":"BreadcrumbList","@id":"https:\/\/glasir.com.ua\/product\/%d0%b0%d0%ba%d1%83%d0%bc%d1%83%d0%bb%d1%8f%d1%82%d0%be%d1%80%d0%bd%d0%b0-%d0%b1%d0%b5%d0%b7%d0%b4%d1%80%d0%be%d1%82%d0%be%d0%b2%d0%b0-%d0%bc%d1%96%d0%bd%d1%96-%d0%b1%d1%80%d0%b8%d1%82%d0%b2%d0%b0-ap-2\/#breadcrumb","itemListElement":[{"@type":"ListItem","position":1,"name":"Home","item":"https:\/\/glasir.com.ua\/"},{"@type":"ListItem","position":2,"name":"\u0406\u043d\u0442\u0435\u0440\u043d\u0435\u0442-\u043c\u0430\u0433\u0430\u0437\u0438\u043d","item":"https:\/\/glasir.com.ua\/shop\/"},{"@type":"ListItem","position":3,"name":"\u0410\u043a\u0443\u043c\u0443\u043b\u044f\u0442\u043e\u0440\u043d\u0430 \u0431\u0435\u0437\u0434\u0440\u043e\u0442\u043e\u0432\u0430 \u043c\u0456\u043d\u0456 \u0431\u0440\u0438\u0442\u0432\u0430 ApiYoo T3 Leggero"}]},{"@type":"WebSite","@id":"https:\/\/glasir.com.ua\/#website","url":"https:\/\/glasir.com.ua\/","name":"Glasir","description":"Non c&#039;\u00e8 paragone.","publisher":{"@id":"https:\/\/glasir.com.ua\/#organization"},"potentialAction":[{"@type":"SearchAction","target":{"@type":"EntryPoint","urlTemplate":"https:\/\/glasir.com.ua\/?s={search_term_string}"},"query-input":{"@type":"PropertyValueSpecification","valueRequired":true,"valueName":"search_term_string"}}],"inLanguage":"it-IT"},{"@type":"Organization","@id":"https:\/\/glasir.com.ua\/#organization","name":"Glasir","url":"https:\/\/glasir.com.ua\/","logo":{"@type":"ImageObject","inLanguage":"it-IT","@id":"https:\/\/glasir.com.ua\/#\/schema\/logo\/image\/","url":"https:\/\/glasir.com.ua\/wp-content\/uploads\/2023\/06\/cropped-llc-glasir.png","contentUrl":"https:\/\/glasir.com.ua\/wp-content\/uploads\/2023\/06\/cropped-llc-glasir.png","width":250,"height":250,"caption":"Glasir"},"image":{"@id":"https:\/\/glasir.com.ua\/#\/schema\/logo\/image\/"},"sameAs":["https:\/\/www.pinterest.com\/llc_glasir","https:\/\/g.co\/kgs\/7CK1iZr"]}]}},"_links":{"self":[{"href":"https:\/\/glasir.com.ua\/it\/wp-json\/wp\/v2\/product\/1494","targetHints":{"allow":["GET"]}}],"collection":[{"href":"https:\/\/glasir.com.ua\/it\/wp-json\/wp\/v2\/product"}],"about":[{"href":"https:\/\/glasir.com.ua\/it\/wp-json\/wp\/v2\/types\/product"}],"replies":[{"embeddable":true,"href":"https:\/\/glasir.com.ua\/it\/wp-json\/wp\/v2\/comments?post=1494"}],"wp:featuredmedia":[{"embeddable":true,"href":"https:\/\/glasir.com.ua\/it\/wp-json\/wp\/v2\/media\/1496"}],"wp:attachment":[{"href":"https:\/\/glasir.com.ua\/it\/wp-json\/wp\/v2\/media?parent=1494"}],"wp:term":[{"taxonomy":"product_brand","embeddable":true,"href":"https:\/\/glasir.com.ua\/it\/wp-json\/wp\/v2\/product_brand?post=1494"},{"taxonomy":"product_cat","embeddable":true,"href":"https:\/\/glasir.com.ua\/it\/wp-json\/wp\/v2\/product_cat?post=1494"},{"taxonomy":"product_tag","embeddable":true,"href":"https:\/\/glasir.com.ua\/it\/wp-json\/wp\/v2\/product_tag?post=1494"}],"curies":[{"name":"wp","href":"https:\/\/api.w.org\/{rel}","templated":true}]}}