{"id":1248,"date":"2025-01-15T16:51:53","date_gmt":"2025-01-15T14:51:53","guid":{"rendered":"https:\/\/glasir.com.ua\/?post_type=product&#038;p=1248"},"modified":"2025-11-26T16:14:01","modified_gmt":"2025-11-26T14:14:01","slug":"y-%d0%bf%d0%be%d0%b4%d1%96%d0%b1%d0%bd%d0%b8%d0%b9-%d1%82%d1%80%d1%96%d0%b9%d0%bd%d0%b8%d0%ba-camozzi-6560","status":"publish","type":"product","link":"https:\/\/glasir.com.ua\/it\/product\/y-%d0%bf%d0%be%d0%b4%d1%96%d0%b1%d0%bd%d0%b8%d0%b9-%d1%82%d1%80%d1%96%d0%b9%d0%bd%d0%b8%d0%ba-camozzi-6560\/","title":{"rendered":"Camozzi 6560 Y-tee"},"content":{"rendered":"<p>Camozzi 6560 Y-tee<\/p>\n<p>I raccordi a sgancio rapido della serie 6000 sono progettati con una speciale pinza che garantisce una tenuta uniforme dell&#039;intera superficie dei tubi in plastica, garantendo cos\u00ec elevata affidabilit\u00e0 e lunga durata, consentendo di collegare e scollegare i tubi pi\u00f9 volte. L&#039;ampia gamma di questi raccordi comprende vari tipi di filettature di collegamento: metriche, BSP e BSPT.<\/p>\n<p><img loading=\"lazy\" decoding=\"async\" class=\"alignnone size-medium wp-image-1250\" src=\"http:\/\/glasir.com.ua\/wp-content\/uploads\/2025\/01\/immagine_2025-01-15_165554928-500x405.png\" alt=\"Camozzi 6560\" width=\"500\" height=\"405\" srcset=\"https:\/\/glasir.com.ua\/wp-content\/uploads\/2025\/01\/immagine_2025-01-15_165554928-500x405.png 500w, https:\/\/glasir.com.ua\/wp-content\/uploads\/2025\/01\/immagine_2025-01-15_165554928-350x284.png 350w, https:\/\/glasir.com.ua\/wp-content\/uploads\/2025\/01\/immagine_2025-01-15_165554928-64x52.png 64w, https:\/\/glasir.com.ua\/wp-content\/uploads\/2025\/01\/immagine_2025-01-15_165554928.png 756w\" sizes=\"auto, (max-width: 500px) 100vw, 500px\" \/><\/p>\n<p>Se stai cercando un codice prodotto specifico di Camozzi, ma non lo hai trovato tra le nostre offerte, ti preghiamo di <a href=\"https:\/\/glasir.com.ua\/it\/contatti\/\">inviaci una richiesta<\/a>.<br \/>\nIl team Glasir sar\u00e0 lieto di assistervi e di preparare un&#039;offerta commerciale.<br \/>\nSiamo sempre pronti a fornirti le informazioni necessarie e a trovare la soluzione ottimale per la tua attivit\u00e0.<br \/>\nInviateci le vostre richieste e saremo lieti di aiutarvi!<\/p>","protected":false},"excerpt":{"rendered":"<p>Camozzi 6560 Y-tee<\/p>","protected":false},"featured_media":1251,"comment_status":"open","ping_status":"closed","template":"","meta":[],"product_brand":[],"product_cat":[171],"product_tag":[124],"class_list":{"0":"post-1248","1":"product","2":"type-product","3":"status-publish","4":"has-post-thumbnail","6":"product_cat-171","7":"product_tag-camozzi","9":"first","10":"onbackorder","11":"taxable","12":"shipping-taxable","13":"purchasable","14":"product-type-variable"},"yoast_head":"<!-- This site is optimized with the Yoast SEO plugin v27.2 - https:\/\/yoast.com\/product\/yoast-seo-wordpress\/ -->\n<title>Y-\u043f\u043e\u0434\u0456\u0431\u043d\u0438\u0439 \u0442\u0440\u0456\u0439\u043d\u0438\u043a Camozzi 6560 - Glasir<\/title>\n<meta name=\"robots\" content=\"index, follow, max-snippet:-1, max-image-preview:large, max-video-preview:-1\" \/>\n<link rel=\"canonical\" href=\"https:\/\/glasir.com.ua\/it\/product\/y-\u043f\u043e\u0434\u0456\u0431\u043d\u0438\u0439-\u0442\u0440\u0456\u0439\u043d\u0438\u043a-camozzi-6560\/\" \/>\n<meta property=\"og:locale\" content=\"it_IT\" \/>\n<meta property=\"og:type\" content=\"article\" \/>\n<meta property=\"og:title\" content=\"Y-\u043f\u043e\u0434\u0456\u0431\u043d\u0438\u0439 \u0442\u0440\u0456\u0439\u043d\u0438\u043a Camozzi 6560 - Glasir\" \/>\n<meta property=\"og:description\" content=\"Y-\u043f\u043e\u0434\u0456\u0431\u043d\u0438\u0439 \u0442\u0440\u0456\u0439\u043d\u0438\u043a Camozzi 6560\" \/>\n<meta property=\"og:url\" content=\"https:\/\/glasir.com.ua\/it\/product\/y-\u043f\u043e\u0434\u0456\u0431\u043d\u0438\u0439-\u0442\u0440\u0456\u0439\u043d\u0438\u043a-camozzi-6560\/\" \/>\n<meta property=\"og:site_name\" content=\"Glasir\" \/>\n<meta property=\"article:modified_time\" content=\"2025-11-26T14:14:01+00:00\" \/>\n<meta property=\"og:image\" content=\"http:\/\/glasir.com.ua\/wp-content\/uploads\/2025\/01\/immagine_2025-01-15_165751865.png\" \/>\n\t<meta property=\"og:image:width\" content=\"233\" \/>\n\t<meta property=\"og:image:height\" content=\"260\" \/>\n\t<meta property=\"og:image:type\" content=\"image\/png\" \/>\n<meta name=\"twitter:card\" content=\"summary_large_image\" \/>\n<meta name=\"twitter:label1\" content=\"Tempo di lettura stimato\" \/>\n\t<meta name=\"twitter:data1\" content=\"1 minuto\" \/>\n<script type=\"application\/ld+json\" class=\"yoast-schema-graph\">{\"@context\":\"https:\/\/schema.org\",\"@graph\":[{\"@type\":[\"WebPage\",\"ItemPage\"],\"@id\":\"https:\/\/glasir.com.ua\/product\/y-%d0%bf%d0%be%d0%b4%d1%96%d0%b1%d0%bd%d0%b8%d0%b9-%d1%82%d1%80%d1%96%d0%b9%d0%bd%d0%b8%d0%ba-camozzi-6560\/\",\"url\":\"https:\/\/glasir.com.ua\/product\/y-%d0%bf%d0%be%d0%b4%d1%96%d0%b1%d0%bd%d0%b8%d0%b9-%d1%82%d1%80%d1%96%d0%b9%d0%bd%d0%b8%d0%ba-camozzi-6560\/\",\"name\":\"Y-\u043f\u043e\u0434\u0456\u0431\u043d\u0438\u0439 \u0442\u0440\u0456\u0439\u043d\u0438\u043a Camozzi 6560 - Glasir\",\"isPartOf\":{\"@id\":\"https:\/\/glasir.com.ua\/#website\"},\"primaryImageOfPage\":{\"@id\":\"https:\/\/glasir.com.ua\/product\/y-%d0%bf%d0%be%d0%b4%d1%96%d0%b1%d0%bd%d0%b8%d0%b9-%d1%82%d1%80%d1%96%d0%b9%d0%bd%d0%b8%d0%ba-camozzi-6560\/#primaryimage\"},\"image\":{\"@id\":\"https:\/\/glasir.com.ua\/product\/y-%d0%bf%d0%be%d0%b4%d1%96%d0%b1%d0%bd%d0%b8%d0%b9-%d1%82%d1%80%d1%96%d0%b9%d0%bd%d0%b8%d0%ba-camozzi-6560\/#primaryimage\"},\"thumbnailUrl\":\"https:\/\/glasir.com.ua\/wp-content\/uploads\/2025\/01\/immagine_2025-01-15_165751865.png\",\"datePublished\":\"2025-01-15T14:51:53+00:00\",\"dateModified\":\"2025-11-26T14:14:01+00:00\",\"breadcrumb\":{\"@id\":\"https:\/\/glasir.com.ua\/product\/y-%d0%bf%d0%be%d0%b4%d1%96%d0%b1%d0%bd%d0%b8%d0%b9-%d1%82%d1%80%d1%96%d0%b9%d0%bd%d0%b8%d0%ba-camozzi-6560\/#breadcrumb\"},\"inLanguage\":\"it-IT\",\"potentialAction\":[{\"@type\":\"ReadAction\",\"target\":[\"https:\/\/glasir.com.ua\/product\/y-%d0%bf%d0%be%d0%b4%d1%96%d0%b1%d0%bd%d0%b8%d0%b9-%d1%82%d1%80%d1%96%d0%b9%d0%bd%d0%b8%d0%ba-camozzi-6560\/\"]}]},{\"@type\":\"ImageObject\",\"inLanguage\":\"it-IT\",\"@id\":\"https:\/\/glasir.com.ua\/product\/y-%d0%bf%d0%be%d0%b4%d1%96%d0%b1%d0%bd%d0%b8%d0%b9-%d1%82%d1%80%d1%96%d0%b9%d0%bd%d0%b8%d0%ba-camozzi-6560\/#primaryimage\",\"url\":\"https:\/\/glasir.com.ua\/wp-content\/uploads\/2025\/01\/immagine_2025-01-15_165751865.png\",\"contentUrl\":\"https:\/\/glasir.com.ua\/wp-content\/uploads\/2025\/01\/immagine_2025-01-15_165751865.png\",\"width\":233,\"height\":260,\"caption\":\"Camozzi 6560\"},{\"@type\":\"BreadcrumbList\",\"@id\":\"https:\/\/glasir.com.ua\/product\/y-%d0%bf%d0%be%d0%b4%d1%96%d0%b1%d0%bd%d0%b8%d0%b9-%d1%82%d1%80%d1%96%d0%b9%d0%bd%d0%b8%d0%ba-camozzi-6560\/#breadcrumb\",\"itemListElement\":[{\"@type\":\"ListItem\",\"position\":1,\"name\":\"Home\",\"item\":\"https:\/\/glasir.com.ua\/\"},{\"@type\":\"ListItem\",\"position\":2,\"name\":\"\u0406\u043d\u0442\u0435\u0440\u043d\u0435\u0442-\u043c\u0430\u0433\u0430\u0437\u0438\u043d\",\"item\":\"https:\/\/glasir.com.ua\/shop\/\"},{\"@type\":\"ListItem\",\"position\":3,\"name\":\"Y-\u043f\u043e\u0434\u0456\u0431\u043d\u0438\u0439 \u0442\u0440\u0456\u0439\u043d\u0438\u043a Camozzi 6560\"}]},{\"@type\":\"WebSite\",\"@id\":\"https:\/\/glasir.com.ua\/#website\",\"url\":\"https:\/\/glasir.com.ua\/\",\"name\":\"Glasir\",\"description\":\"\u041d\u0435\u043c\u0430\u0454 \u043f\u043e\u0440\u0456\u0432\u043d\u044f\u043d\u043d\u044f.\",\"publisher\":{\"@id\":\"https:\/\/glasir.com.ua\/#organization\"},\"potentialAction\":[{\"@type\":\"SearchAction\",\"target\":{\"@type\":\"EntryPoint\",\"urlTemplate\":\"https:\/\/glasir.com.ua\/?s={search_term_string}\"},\"query-input\":{\"@type\":\"PropertyValueSpecification\",\"valueRequired\":true,\"valueName\":\"search_term_string\"}}],\"inLanguage\":\"it-IT\"},{\"@type\":\"Organization\",\"@id\":\"https:\/\/glasir.com.ua\/#organization\",\"name\":\"Glasir\",\"url\":\"https:\/\/glasir.com.ua\/\",\"logo\":{\"@type\":\"ImageObject\",\"inLanguage\":\"it-IT\",\"@id\":\"https:\/\/glasir.com.ua\/#\/schema\/logo\/image\/\",\"url\":\"https:\/\/glasir.com.ua\/wp-content\/uploads\/2023\/06\/cropped-llc-glasir.png\",\"contentUrl\":\"https:\/\/glasir.com.ua\/wp-content\/uploads\/2023\/06\/cropped-llc-glasir.png\",\"width\":250,\"height\":250,\"caption\":\"Glasir\"},\"image\":{\"@id\":\"https:\/\/glasir.com.ua\/#\/schema\/logo\/image\/\"},\"sameAs\":[\"https:\/\/www.pinterest.com\/llc_glasir\",\"https:\/\/g.co\/kgs\/7CK1iZr\"]}]}<\/script>\n<!-- \/ Yoast SEO plugin. -->","yoast_head_json":{"title":"Camozzi 6560 Y-tee - Glasir","robots":{"index":"index","follow":"follow","max-snippet":"max-snippet:-1","max-image-preview":"max-image-preview:large","max-video-preview":"max-video-preview:-1"},"canonical":"https:\/\/glasir.com.ua\/it\/product\/y-\u043f\u043e\u0434\u0456\u0431\u043d\u0438\u0439-\u0442\u0440\u0456\u0439\u043d\u0438\u043a-camozzi-6560\/","og_locale":"it_IT","og_type":"article","og_title":"Y-\u043f\u043e\u0434\u0456\u0431\u043d\u0438\u0439 \u0442\u0440\u0456\u0439\u043d\u0438\u043a Camozzi 6560 - Glasir","og_description":"Y-\u043f\u043e\u0434\u0456\u0431\u043d\u0438\u0439 \u0442\u0440\u0456\u0439\u043d\u0438\u043a Camozzi 6560","og_url":"https:\/\/glasir.com.ua\/it\/product\/y-\u043f\u043e\u0434\u0456\u0431\u043d\u0438\u0439-\u0442\u0440\u0456\u0439\u043d\u0438\u043a-camozzi-6560\/","og_site_name":"Glasir","article_modified_time":"2025-11-26T14:14:01+00:00","og_image":[{"width":233,"height":260,"url":"http:\/\/glasir.com.ua\/wp-content\/uploads\/2025\/01\/immagine_2025-01-15_165751865.png","type":"image\/png"}],"twitter_card":"summary_large_image","twitter_misc":{"Tempo di lettura stimato":"1 minuto"},"schema":{"@context":"https:\/\/schema.org","@graph":[{"@type":["WebPage","ItemPage"],"@id":"https:\/\/glasir.com.ua\/product\/y-%d0%bf%d0%be%d0%b4%d1%96%d0%b1%d0%bd%d0%b8%d0%b9-%d1%82%d1%80%d1%96%d0%b9%d0%bd%d0%b8%d0%ba-camozzi-6560\/","url":"https:\/\/glasir.com.ua\/product\/y-%d0%bf%d0%be%d0%b4%d1%96%d0%b1%d0%bd%d0%b8%d0%b9-%d1%82%d1%80%d1%96%d0%b9%d0%bd%d0%b8%d0%ba-camozzi-6560\/","name":"Camozzi 6560 Y-tee - Glasir","isPartOf":{"@id":"https:\/\/glasir.com.ua\/#website"},"primaryImageOfPage":{"@id":"https:\/\/glasir.com.ua\/product\/y-%d0%bf%d0%be%d0%b4%d1%96%d0%b1%d0%bd%d0%b8%d0%b9-%d1%82%d1%80%d1%96%d0%b9%d0%bd%d0%b8%d0%ba-camozzi-6560\/#primaryimage"},"image":{"@id":"https:\/\/glasir.com.ua\/product\/y-%d0%bf%d0%be%d0%b4%d1%96%d0%b1%d0%bd%d0%b8%d0%b9-%d1%82%d1%80%d1%96%d0%b9%d0%bd%d0%b8%d0%ba-camozzi-6560\/#primaryimage"},"thumbnailUrl":"https:\/\/glasir.com.ua\/wp-content\/uploads\/2025\/01\/immagine_2025-01-15_165751865.png","datePublished":"2025-01-15T14:51:53+00:00","dateModified":"2025-11-26T14:14:01+00:00","breadcrumb":{"@id":"https:\/\/glasir.com.ua\/product\/y-%d0%bf%d0%be%d0%b4%d1%96%d0%b1%d0%bd%d0%b8%d0%b9-%d1%82%d1%80%d1%96%d0%b9%d0%bd%d0%b8%d0%ba-camozzi-6560\/#breadcrumb"},"inLanguage":"it-IT","potentialAction":[{"@type":"ReadAction","target":["https:\/\/glasir.com.ua\/product\/y-%d0%bf%d0%be%d0%b4%d1%96%d0%b1%d0%bd%d0%b8%d0%b9-%d1%82%d1%80%d1%96%d0%b9%d0%bd%d0%b8%d0%ba-camozzi-6560\/"]}]},{"@type":"ImageObject","inLanguage":"it-IT","@id":"https:\/\/glasir.com.ua\/product\/y-%d0%bf%d0%be%d0%b4%d1%96%d0%b1%d0%bd%d0%b8%d0%b9-%d1%82%d1%80%d1%96%d0%b9%d0%bd%d0%b8%d0%ba-camozzi-6560\/#primaryimage","url":"https:\/\/glasir.com.ua\/wp-content\/uploads\/2025\/01\/immagine_2025-01-15_165751865.png","contentUrl":"https:\/\/glasir.com.ua\/wp-content\/uploads\/2025\/01\/immagine_2025-01-15_165751865.png","width":233,"height":260,"caption":"Camozzi 6560"},{"@type":"BreadcrumbList","@id":"https:\/\/glasir.com.ua\/product\/y-%d0%bf%d0%be%d0%b4%d1%96%d0%b1%d0%bd%d0%b8%d0%b9-%d1%82%d1%80%d1%96%d0%b9%d0%bd%d0%b8%d0%ba-camozzi-6560\/#breadcrumb","itemListElement":[{"@type":"ListItem","position":1,"name":"Home","item":"https:\/\/glasir.com.ua\/"},{"@type":"ListItem","position":2,"name":"\u0406\u043d\u0442\u0435\u0440\u043d\u0435\u0442-\u043c\u0430\u0433\u0430\u0437\u0438\u043d","item":"https:\/\/glasir.com.ua\/shop\/"},{"@type":"ListItem","position":3,"name":"Y-\u043f\u043e\u0434\u0456\u0431\u043d\u0438\u0439 \u0442\u0440\u0456\u0439\u043d\u0438\u043a Camozzi 6560"}]},{"@type":"WebSite","@id":"https:\/\/glasir.com.ua\/#website","url":"https:\/\/glasir.com.ua\/","name":"Glasir","description":"Non c&#039;\u00e8 paragone.","publisher":{"@id":"https:\/\/glasir.com.ua\/#organization"},"potentialAction":[{"@type":"SearchAction","target":{"@type":"EntryPoint","urlTemplate":"https:\/\/glasir.com.ua\/?s={search_term_string}"},"query-input":{"@type":"PropertyValueSpecification","valueRequired":true,"valueName":"search_term_string"}}],"inLanguage":"it-IT"},{"@type":"Organization","@id":"https:\/\/glasir.com.ua\/#organization","name":"Glasir","url":"https:\/\/glasir.com.ua\/","logo":{"@type":"ImageObject","inLanguage":"it-IT","@id":"https:\/\/glasir.com.ua\/#\/schema\/logo\/image\/","url":"https:\/\/glasir.com.ua\/wp-content\/uploads\/2023\/06\/cropped-llc-glasir.png","contentUrl":"https:\/\/glasir.com.ua\/wp-content\/uploads\/2023\/06\/cropped-llc-glasir.png","width":250,"height":250,"caption":"Glasir"},"image":{"@id":"https:\/\/glasir.com.ua\/#\/schema\/logo\/image\/"},"sameAs":["https:\/\/www.pinterest.com\/llc_glasir","https:\/\/g.co\/kgs\/7CK1iZr"]}]}},"_links":{"self":[{"href":"https:\/\/glasir.com.ua\/it\/wp-json\/wp\/v2\/product\/1248","targetHints":{"allow":["GET"]}}],"collection":[{"href":"https:\/\/glasir.com.ua\/it\/wp-json\/wp\/v2\/product"}],"about":[{"href":"https:\/\/glasir.com.ua\/it\/wp-json\/wp\/v2\/types\/product"}],"replies":[{"embeddable":true,"href":"https:\/\/glasir.com.ua\/it\/wp-json\/wp\/v2\/comments?post=1248"}],"wp:featuredmedia":[{"embeddable":true,"href":"https:\/\/glasir.com.ua\/it\/wp-json\/wp\/v2\/media\/1251"}],"wp:attachment":[{"href":"https:\/\/glasir.com.ua\/it\/wp-json\/wp\/v2\/media?parent=1248"}],"wp:term":[{"taxonomy":"product_brand","embeddable":true,"href":"https:\/\/glasir.com.ua\/it\/wp-json\/wp\/v2\/product_brand?post=1248"},{"taxonomy":"product_cat","embeddable":true,"href":"https:\/\/glasir.com.ua\/it\/wp-json\/wp\/v2\/product_cat?post=1248"},{"taxonomy":"product_tag","embeddable":true,"href":"https:\/\/glasir.com.ua\/it\/wp-json\/wp\/v2\/product_tag?post=1248"}],"curies":[{"name":"wp","href":"https:\/\/api.w.org\/{rel}","templated":true}]}}