{"id":587,"date":"2023-09-28T20:30:51","date_gmt":"2023-09-28T17:30:51","guid":{"rendered":"https:\/\/glasir.com.ua\/?page_id=587"},"modified":"2025-10-03T11:13:47","modified_gmt":"2025-10-03T08:13:47","slug":"%d1%83%d0%bc%d0%be%d0%b2%d0%b8-%d0%bf%d0%be%d0%b2%d0%b5%d1%80%d0%bd%d0%b5%d0%bd%d0%bd%d1%8f-%d1%82%d0%be%d0%b2%d0%b0%d1%80%d1%83","status":"publish","type":"page","link":"https:\/\/glasir.com.ua\/it\/%d1%83%d0%bc%d0%be%d0%b2%d0%b8-%d0%bf%d0%be%d0%b2%d0%b5%d1%80%d0%bd%d0%b5%d0%bd%d0%bd%d1%8f-%d1%82%d0%be%d0%b2%d0%b0%d1%80%d1%83\/","title":{"rendered":"Condizioni di restituzione della merce"},"content":{"rendered":"<p>La societ\u00e0 effettua i resi in conformit\u00e0 con la legge &quot;Sulla tutela dei consumatori&quot;.<br>L\u2019articolo 9 dell\u2019attuale legge ucraina \u201cSulla protezione dei diritti dei consumatori\u201d prevede il diritto del consumatore <strong>scambiare un prodotto non alimentare di buona qualit\u00e0 con uno simile<\/strong>, se la merce acquistata non era adatta per forma, dimensioni, stile, colore, taglia o per altri motivi non poteva essere utilizzata per lo scopo previsto, se la merce non \u00e8 stata utilizzata e se la sua presentazione, le propriet\u00e0 di consumo, i sigilli, le etichette e il documento di fatturazione rilasciato dal venditore insieme alla merce sono stati conservati.<br>Il venditore non ha il diritto di rifiutare la sostituzione (restituzione) di un prodotto che non \u00e8 incluso nell&#039;elenco, se soddisfa tutti i requisiti stabiliti nell&#039;art. 9 della Legge (la presentazione, le etichette, i sigilli sono conservati, esiste un documento di liquidazione, ecc.).<\/p>\n\n\n\n<p>Per i resi, contattateci telefonicamente. <a href=\"tel:+380632133808\" data-type=\"tel\" data-id=\"tel:0632133808\">+380 63 213 38 08<\/a> o via email <a href=\"mailto:info@glasir.com.ua\">info@glasir.com.ua<\/a>.<\/p>\n\n\n\n<p class=\"has-text-align-center\"><br><strong>Esclusione<\/strong><\/p>\n\n\n\n<p class=\"has-text-align-left\"><br>Il Consiglio dei Ministri dell&#039;Ucraina ha approvato un elenco di beni di qualit\u00e0 adeguata che non sono soggetti a cambio o reso (Risoluzione CMU n. 172 del 19 marzo 1994).<br>L&#039;elenco completo attuale \u00e8 disponibile al link: <a href=\"https:\/\/zakon.rada.gov.ua\/laws\/show\/172-94-\u043f#Text\">https:\/\/zakon.rada.gov.ua\/laws\/show\/172-94-\u043f#Text<\/a><\/p>\n\n\n\n<p>Estratto da <a data-type=\"link\" data-id=\"https:\/\/glasir.com.ua\/\u0434\u043e\u0433\u043e\u0432\u0456\u0440-\u043f\u0443\u0431\u043b\u0456\u0447\u043d\u043e\u0457-\u043e\u0444\u0435\u0440\u0442\u0438\/\" href=\"https:\/\/glasir.com.ua\/it\/\u0434\u043e\u0433\u043e\u0432\u0456\u0440-\u043f\u0443\u0431\u043b\u0456\u0447\u043d\u043e\u0457-\u043e\u0444\u0435\u0440\u0442\u0438\/\">accordo di offerta pubblica<\/a>:<br><em>3.8. L&#039;acquirente \u00e8 tenuto a leggere attentamente le informazioni sui beni, il loro prezzo, le condizioni di consegna e le altre condizioni relative all&#039;acquisto dei beni presenti sul sito web prima di effettuare un ordine. L&#039;acquirente \u00e8 responsabile dell&#039;elaborazione errata dell&#039;ordine.<br>3.9. Prima di ricevere la merce, l&#039;acquirente \u00e8 tenuto a verificare lo stato dell&#039;imballaggio e la merce stessa per eventuali difetti, nonch\u00e9 a controllare il set completo. L&#039;acquirente viene informato dei diritti e degli obblighi specificati nella Legge della Repubblica di Ucraina &quot;Sulla protezione dei diritti dei consumatori&quot;. Dopo l&#039;accettazione della merce, si ritiene che la merce sia pienamente conforme all&#039;ordine, di buona qualit\u00e0, priva di difetti e soddisfi pienamente i requisiti dell&#039;Acquirente. Eventuali differenze negli elementi di design o nel design rispetto alla descrizione riportata sul sito web non sono indice di qualit\u00e0 inadeguata.<br>3.10. Se il costo della merce ordinata non \u00e8 corretto. L&#039;Amministratore \u00e8 tenuto a informare l&#039;Acquirente per confermare o annullare l&#039;Ordine. Se l&#039;Acquirente non pu\u00f2 essere contattato, l&#039;Ordine verr\u00e0 automaticamente annullato. Se l&#039;Ordine \u00e8 stato pagato, l&#039;Amministratore restituisce l&#039;importo pagato all&#039;Acquirente secondo le modalit\u00e0 e nei termini stabiliti dalla legislazione ucraina.<br>3.11. In conformit\u00e0 con la legge ucraina &quot;Sulla tutela dei diritti dei consumatori&quot; e la risoluzione del Consiglio dei ministri dell&#039;Ucraina n. 172 del 19 marzo 1994 &quot;Sull&#039;attuazione di alcune disposizioni della legge ucraina&quot;, i beni inclusi nell&#039;elenco dei beni non alimentari di qualit\u00e0 adeguata non sono soggetti a reso o cambio.<br>3.12. L&#039;Acquirente ha il diritto di restituire i Beni di qualit\u00e0 inadeguata se presentano difetti e non possono garantire l&#039;adempimento delle loro qualit\u00e0 funzionali e il raggiungimento del loro scopo. In caso di restituzione di un Prodotto di scarsa qualit\u00e0 da parte dell&#039;Acquirente, il Venditore restituir\u00e0 l&#039;importo pagato per il Prodotto, nella misura indicata nella ricevuta di pagamento del Prodotto. Non sono soggette a reso le merci di qualit\u00e0 inadeguata, i cui difetti siano dovuti a colpa dell&#039;Acquirente.<\/em><br><em>3.13. Conformit\u00e0 alla clausola 28 delle Regole per il commercio al dettaglio di bevande alcoliche,<br>approvato dal Consiglio dei Ministri dell'Ucraina il 30 luglio 1996, n. 854,<br>le bevande alcoliche di qualit\u00e0 adeguata non sono soggette a cambio e restituzione.<br>3.14. I reclami per la restituzione dell'importo pagato per la merce devono essere presentati in<br>in conformit\u00e0 alla procedura stabilita dalla Legge ucraina \"Sulla protezione dei consumatori\".<\/em><\/p>","protected":false},"excerpt":{"rendered":"<p>La societ\u00e0 effettua i resi in conformit\u00e0 con la legge &quot;Sulla tutela dei consumatori&quot;. L&#039;articolo 9 dell&#039;attuale legge ucraina &quot;Sulla tutela dei consumatori&quot; prevede il diritto del consumatore di sostituire un prodotto non alimentare di buona qualit\u00e0 con uno simile se il prodotto acquistato non \u00e8 adatto per forma, dimensioni, stile, colore, taglia o per altri motivi non pu\u00f2 essere utilizzato per lo scopo previsto, se questo prodotto non \u00e8 stato utilizzato e ... <\/p>\n<p class=\"link-more\"><a href=\"https:\/\/glasir.com.ua\/it\/%d1%83%d0%bc%d0%be%d0%b2%d0%b8-%d0%bf%d0%be%d0%b2%d0%b5%d1%80%d0%bd%d0%b5%d0%bd%d0%bd%d1%8f-%d1%82%d0%be%d0%b2%d0%b0%d1%80%d1%83\/\" class=\"more-link\">Leggi tutto<span class=\"screen-reader-text\"> \u201cCondizioni di restituzione della merce\u201d<\/span><\/a><\/p>","protected":false},"author":1,"featured_media":591,"parent":0,"menu_order":0,"comment_status":"closed","ping_status":"closed","template":"","meta":{"footnotes":""},"class_list":["post-587","page","type-page","status-publish","has-post-thumbnail","hentry"],"yoast_head":"<!-- This site is optimized with the Yoast SEO plugin v27.2 - https:\/\/yoast.com\/product\/yoast-seo-wordpress\/ -->\n<title>\u0423\u043c\u043e\u0432\u0438 \u043f\u043e\u0432\u0435\u0440\u043d\u0435\u043d\u043d\u044f \u0442\u043e\u0432\u0430\u0440\u0443 - Glasir<\/title>\n<meta name=\"robots\" content=\"index, follow, max-snippet:-1, max-image-preview:large, max-video-preview:-1\" \/>\n<link rel=\"canonical\" href=\"https:\/\/glasir.com.ua\/it\/\u0443\u043c\u043e\u0432\u0438-\u043f\u043e\u0432\u0435\u0440\u043d\u0435\u043d\u043d\u044f-\u0442\u043e\u0432\u0430\u0440\u0443\/\" \/>\n<meta property=\"og:locale\" content=\"it_IT\" \/>\n<meta property=\"og:type\" content=\"article\" \/>\n<meta property=\"og:title\" content=\"\u0423\u043c\u043e\u0432\u0438 \u043f\u043e\u0432\u0435\u0440\u043d\u0435\u043d\u043d\u044f \u0442\u043e\u0432\u0430\u0440\u0443 - Glasir\" \/>\n<meta property=\"og:description\" content=\"\u041a\u043e\u043c\u043f\u0430\u043d\u0456\u044f \u0437\u0434\u0456\u0439\u0441\u043d\u044e\u0454 \u043f\u043e\u0432\u0435\u0440\u043d\u0435\u043d\u043d\u044f \u0432\u0456\u0434\u043f\u043e\u0432\u0456\u0434\u043d\u043e \u0434\u043e \u0417\u0430\u043a\u043e\u043d\u0443 \u00ab\u041f\u0440\u043e \u0437\u0430\u0445\u0438\u0441\u0442 \u043f\u0440\u0430\u0432 \u0441\u043f\u043e\u0436\u0438\u0432\u0430\u0447\u0456\u0432\u00bb.\u0421\u0442\u0430\u0442\u0442\u0435\u044e 9 \u0447\u0438\u043d\u043d\u043e\u0433\u043e \u0417\u0430\u043a\u043e\u043d\u0443 \u0423\u043a\u0440\u0430\u0457\u043d\u0438 \u00ab\u041f\u0440\u043e \u0437\u0430\u0445\u0438\u0441\u0442 \u043f\u0440\u0430\u0432 \u0441\u043f\u043e\u0436\u0438\u0432\u0430\u0447\u0456\u0432\u00bb \u043f\u0435\u0440\u0435\u0434\u0431\u0430\u0447\u0435\u043d\u043e \u043f\u0440\u0430\u0432\u043e \u0441\u043f\u043e\u0436\u0438\u0432\u0430\u0447\u0430 \u043e\u0431\u043c\u0456\u043d\u044f\u0442\u0438 \u043d\u0435\u043f\u0440\u043e\u0434\u043e\u0432\u043e\u043b\u044c\u0447\u0438\u0439 \u0442\u043e\u0432\u0430\u0440 \u043d\u0430\u043b\u0435\u0436\u043d\u043e\u0457 \u044f\u043a\u043e\u0441\u0442\u0456 \u043d\u0430 \u0430\u043d\u0430\u043b\u043e\u0433\u0456\u0447\u043d\u0438\u0439, \u044f\u043a\u0449\u043e \u043a\u0443\u043f\u043b\u0435\u043d\u0438\u0439 \u0442\u043e\u0432\u0430\u0440 \u043d\u0435 \u043f\u0456\u0434\u0456\u0439\u0448\u043e\u0432 \u0437\u0430 \u0444\u043e\u0440\u043c\u043e\u044e, \u0433\u0430\u0431\u0430\u0440\u0438\u0442\u0430\u043c\u0438, \u0444\u0430\u0441\u043e\u043d\u043e\u043c, \u043a\u043e\u043b\u044c\u043e\u0440\u043e\u043c, \u0440\u043e\u0437\u043c\u0456\u0440\u043e\u043c \u0430\u0431\u043e \u0437 \u0456\u043d\u0448\u0438\u0445 \u043f\u0440\u0438\u0447\u0438\u043d \u043d\u0435 \u043c\u043e\u0436\u0435 \u0431\u0443\u0442\u0438 \u0432\u0438\u043a\u043e\u0440\u0438\u0441\u0442\u0430\u043d\u0438\u0439 \u0437\u0430 \u043f\u0440\u0438\u0437\u043d\u0430\u0447\u0435\u043d\u043d\u044f\u043c, \u044f\u043a\u0449\u043e \u0434\u0430\u043d\u0438\u0439 \u0442\u043e\u0432\u0430\u0440 \u043d\u0435 \u0432\u0438\u043a\u043e\u0440\u0438\u0441\u0442\u043e\u0432\u0443\u0432\u0430\u0432\u0441\u044f \u0456 &hellip; Leggi tutto &quot;\u0423\u043c\u043e\u0432\u0438 \u043f\u043e\u0432\u0435\u0440\u043d\u0435\u043d\u043d\u044f \u0442\u043e\u0432\u0430\u0440\u0443&quot;\" \/>\n<meta property=\"og:url\" content=\"https:\/\/glasir.com.ua\/it\/\u0443\u043c\u043e\u0432\u0438-\u043f\u043e\u0432\u0435\u0440\u043d\u0435\u043d\u043d\u044f-\u0442\u043e\u0432\u0430\u0440\u0443\/\" \/>\n<meta property=\"og:site_name\" content=\"Glasir\" \/>\n<meta property=\"article:modified_time\" content=\"2025-10-03T08:13:47+00:00\" \/>\n<meta property=\"og:image\" content=\"http:\/\/glasir.com.ua\/wp-content\/uploads\/2023\/09\/giorgio-trovato-bYhDEWgqYLM-unsplash-scaled.jpg\" \/>\n\t<meta property=\"og:image:width\" content=\"2560\" \/>\n\t<meta property=\"og:image:height\" content=\"1706\" \/>\n\t<meta property=\"og:image:type\" content=\"image\/jpeg\" \/>\n<meta name=\"twitter:card\" content=\"summary_large_image\" \/>\n<meta name=\"twitter:label1\" content=\"Tempo di lettura stimato\" \/>\n\t<meta name=\"twitter:data1\" content=\"3 minuti\" \/>\n<script type=\"application\/ld+json\" class=\"yoast-schema-graph\">{\"@context\":\"https:\/\/schema.org\",\"@graph\":[{\"@type\":\"WebPage\",\"@id\":\"https:\/\/glasir.com.ua\/%d1%83%d0%bc%d0%be%d0%b2%d0%b8-%d0%bf%d0%be%d0%b2%d0%b5%d1%80%d0%bd%d0%b5%d0%bd%d0%bd%d1%8f-%d1%82%d0%be%d0%b2%d0%b0%d1%80%d1%83\/\",\"url\":\"https:\/\/glasir.com.ua\/%d1%83%d0%bc%d0%be%d0%b2%d0%b8-%d0%bf%d0%be%d0%b2%d0%b5%d1%80%d0%bd%d0%b5%d0%bd%d0%bd%d1%8f-%d1%82%d0%be%d0%b2%d0%b0%d1%80%d1%83\/\",\"name\":\"\u0423\u043c\u043e\u0432\u0438 \u043f\u043e\u0432\u0435\u0440\u043d\u0435\u043d\u043d\u044f \u0442\u043e\u0432\u0430\u0440\u0443 - Glasir\",\"isPartOf\":{\"@id\":\"https:\/\/glasir.com.ua\/#website\"},\"primaryImageOfPage\":{\"@id\":\"https:\/\/glasir.com.ua\/%d1%83%d0%bc%d0%be%d0%b2%d0%b8-%d0%bf%d0%be%d0%b2%d0%b5%d1%80%d0%bd%d0%b5%d0%bd%d0%bd%d1%8f-%d1%82%d0%be%d0%b2%d0%b0%d1%80%d1%83\/#primaryimage\"},\"image\":{\"@id\":\"https:\/\/glasir.com.ua\/%d1%83%d0%bc%d0%be%d0%b2%d0%b8-%d0%bf%d0%be%d0%b2%d0%b5%d1%80%d0%bd%d0%b5%d0%bd%d0%bd%d1%8f-%d1%82%d0%be%d0%b2%d0%b0%d1%80%d1%83\/#primaryimage\"},\"thumbnailUrl\":\"https:\/\/glasir.com.ua\/wp-content\/uploads\/2023\/09\/giorgio-trovato-bYhDEWgqYLM-unsplash-scaled.jpg\",\"datePublished\":\"2023-09-28T17:30:51+00:00\",\"dateModified\":\"2025-10-03T08:13:47+00:00\",\"breadcrumb\":{\"@id\":\"https:\/\/glasir.com.ua\/%d1%83%d0%bc%d0%be%d0%b2%d0%b8-%d0%bf%d0%be%d0%b2%d0%b5%d1%80%d0%bd%d0%b5%d0%bd%d0%bd%d1%8f-%d1%82%d0%be%d0%b2%d0%b0%d1%80%d1%83\/#breadcrumb\"},\"inLanguage\":\"it-IT\",\"potentialAction\":[{\"@type\":\"ReadAction\",\"target\":[\"https:\/\/glasir.com.ua\/%d1%83%d0%bc%d0%be%d0%b2%d0%b8-%d0%bf%d0%be%d0%b2%d0%b5%d1%80%d0%bd%d0%b5%d0%bd%d0%bd%d1%8f-%d1%82%d0%be%d0%b2%d0%b0%d1%80%d1%83\/\"]}]},{\"@type\":\"ImageObject\",\"inLanguage\":\"it-IT\",\"@id\":\"https:\/\/glasir.com.ua\/%d1%83%d0%bc%d0%be%d0%b2%d0%b8-%d0%bf%d0%be%d0%b2%d0%b5%d1%80%d0%bd%d0%b5%d0%bd%d0%bd%d1%8f-%d1%82%d0%be%d0%b2%d0%b0%d1%80%d1%83\/#primaryimage\",\"url\":\"https:\/\/glasir.com.ua\/wp-content\/uploads\/2023\/09\/giorgio-trovato-bYhDEWgqYLM-unsplash-scaled.jpg\",\"contentUrl\":\"https:\/\/glasir.com.ua\/wp-content\/uploads\/2023\/09\/giorgio-trovato-bYhDEWgqYLM-unsplash-scaled.jpg\",\"width\":2560,\"height\":1706},{\"@type\":\"BreadcrumbList\",\"@id\":\"https:\/\/glasir.com.ua\/%d1%83%d0%bc%d0%be%d0%b2%d0%b8-%d0%bf%d0%be%d0%b2%d0%b5%d1%80%d0%bd%d0%b5%d0%bd%d0%bd%d1%8f-%d1%82%d0%be%d0%b2%d0%b0%d1%80%d1%83\/#breadcrumb\",\"itemListElement\":[{\"@type\":\"ListItem\",\"position\":1,\"name\":\"Home\",\"item\":\"https:\/\/glasir.com.ua\/\"},{\"@type\":\"ListItem\",\"position\":2,\"name\":\"\u0423\u043c\u043e\u0432\u0438 \u043f\u043e\u0432\u0435\u0440\u043d\u0435\u043d\u043d\u044f \u0442\u043e\u0432\u0430\u0440\u0443\"}]},{\"@type\":\"WebSite\",\"@id\":\"https:\/\/glasir.com.ua\/#website\",\"url\":\"https:\/\/glasir.com.ua\/\",\"name\":\"Glasir\",\"description\":\"\u041d\u0435\u043c\u0430\u0454 \u043f\u043e\u0440\u0456\u0432\u043d\u044f\u043d\u043d\u044f.\",\"publisher\":{\"@id\":\"https:\/\/glasir.com.ua\/#organization\"},\"potentialAction\":[{\"@type\":\"SearchAction\",\"target\":{\"@type\":\"EntryPoint\",\"urlTemplate\":\"https:\/\/glasir.com.ua\/?s={search_term_string}\"},\"query-input\":{\"@type\":\"PropertyValueSpecification\",\"valueRequired\":true,\"valueName\":\"search_term_string\"}}],\"inLanguage\":\"it-IT\"},{\"@type\":\"Organization\",\"@id\":\"https:\/\/glasir.com.ua\/#organization\",\"name\":\"Glasir\",\"url\":\"https:\/\/glasir.com.ua\/\",\"logo\":{\"@type\":\"ImageObject\",\"inLanguage\":\"it-IT\",\"@id\":\"https:\/\/glasir.com.ua\/#\/schema\/logo\/image\/\",\"url\":\"https:\/\/glasir.com.ua\/wp-content\/uploads\/2023\/06\/cropped-llc-glasir.png\",\"contentUrl\":\"https:\/\/glasir.com.ua\/wp-content\/uploads\/2023\/06\/cropped-llc-glasir.png\",\"width\":250,\"height\":250,\"caption\":\"Glasir\"},\"image\":{\"@id\":\"https:\/\/glasir.com.ua\/#\/schema\/logo\/image\/\"},\"sameAs\":[\"https:\/\/www.pinterest.com\/llc_glasir\",\"https:\/\/g.co\/kgs\/7CK1iZr\"]}]}<\/script>\n<!-- \/ Yoast SEO plugin. -->","yoast_head_json":{"title":"Condizioni di reso della merce - Glasir","robots":{"index":"index","follow":"follow","max-snippet":"max-snippet:-1","max-image-preview":"max-image-preview:large","max-video-preview":"max-video-preview:-1"},"canonical":"https:\/\/glasir.com.ua\/it\/\u0443\u043c\u043e\u0432\u0438-\u043f\u043e\u0432\u0435\u0440\u043d\u0435\u043d\u043d\u044f-\u0442\u043e\u0432\u0430\u0440\u0443\/","og_locale":"it_IT","og_type":"article","og_title":"\u0423\u043c\u043e\u0432\u0438 \u043f\u043e\u0432\u0435\u0440\u043d\u0435\u043d\u043d\u044f \u0442\u043e\u0432\u0430\u0440\u0443 - Glasir","og_description":"\u041a\u043e\u043c\u043f\u0430\u043d\u0456\u044f \u0437\u0434\u0456\u0439\u0441\u043d\u044e\u0454 \u043f\u043e\u0432\u0435\u0440\u043d\u0435\u043d\u043d\u044f \u0432\u0456\u0434\u043f\u043e\u0432\u0456\u0434\u043d\u043e \u0434\u043e \u0417\u0430\u043a\u043e\u043d\u0443 \u00ab\u041f\u0440\u043e \u0437\u0430\u0445\u0438\u0441\u0442 \u043f\u0440\u0430\u0432 \u0441\u043f\u043e\u0436\u0438\u0432\u0430\u0447\u0456\u0432\u00bb.\u0421\u0442\u0430\u0442\u0442\u0435\u044e 9 \u0447\u0438\u043d\u043d\u043e\u0433\u043e \u0417\u0430\u043a\u043e\u043d\u0443 \u0423\u043a\u0440\u0430\u0457\u043d\u0438 \u00ab\u041f\u0440\u043e \u0437\u0430\u0445\u0438\u0441\u0442 \u043f\u0440\u0430\u0432 \u0441\u043f\u043e\u0436\u0438\u0432\u0430\u0447\u0456\u0432\u00bb \u043f\u0435\u0440\u0435\u0434\u0431\u0430\u0447\u0435\u043d\u043e \u043f\u0440\u0430\u0432\u043e \u0441\u043f\u043e\u0436\u0438\u0432\u0430\u0447\u0430 \u043e\u0431\u043c\u0456\u043d\u044f\u0442\u0438 \u043d\u0435\u043f\u0440\u043e\u0434\u043e\u0432\u043e\u043b\u044c\u0447\u0438\u0439 \u0442\u043e\u0432\u0430\u0440 \u043d\u0430\u043b\u0435\u0436\u043d\u043e\u0457 \u044f\u043a\u043e\u0441\u0442\u0456 \u043d\u0430 \u0430\u043d\u0430\u043b\u043e\u0433\u0456\u0447\u043d\u0438\u0439, \u044f\u043a\u0449\u043e \u043a\u0443\u043f\u043b\u0435\u043d\u0438\u0439 \u0442\u043e\u0432\u0430\u0440 \u043d\u0435 \u043f\u0456\u0434\u0456\u0439\u0448\u043e\u0432 \u0437\u0430 \u0444\u043e\u0440\u043c\u043e\u044e, \u0433\u0430\u0431\u0430\u0440\u0438\u0442\u0430\u043c\u0438, \u0444\u0430\u0441\u043e\u043d\u043e\u043c, \u043a\u043e\u043b\u044c\u043e\u0440\u043e\u043c, \u0440\u043e\u0437\u043c\u0456\u0440\u043e\u043c \u0430\u0431\u043e \u0437 \u0456\u043d\u0448\u0438\u0445 \u043f\u0440\u0438\u0447\u0438\u043d \u043d\u0435 \u043c\u043e\u0436\u0435 \u0431\u0443\u0442\u0438 \u0432\u0438\u043a\u043e\u0440\u0438\u0441\u0442\u0430\u043d\u0438\u0439 \u0437\u0430 \u043f\u0440\u0438\u0437\u043d\u0430\u0447\u0435\u043d\u043d\u044f\u043c, \u044f\u043a\u0449\u043e \u0434\u0430\u043d\u0438\u0439 \u0442\u043e\u0432\u0430\u0440 \u043d\u0435 \u0432\u0438\u043a\u043e\u0440\u0438\u0441\u0442\u043e\u0432\u0443\u0432\u0430\u0432\u0441\u044f \u0456 &hellip; Leggi tutto \"\u0423\u043c\u043e\u0432\u0438 \u043f\u043e\u0432\u0435\u0440\u043d\u0435\u043d\u043d\u044f \u0442\u043e\u0432\u0430\u0440\u0443\"","og_url":"https:\/\/glasir.com.ua\/it\/\u0443\u043c\u043e\u0432\u0438-\u043f\u043e\u0432\u0435\u0440\u043d\u0435\u043d\u043d\u044f-\u0442\u043e\u0432\u0430\u0440\u0443\/","og_site_name":"Glasir","article_modified_time":"2025-10-03T08:13:47+00:00","og_image":[{"width":2560,"height":1706,"url":"http:\/\/glasir.com.ua\/wp-content\/uploads\/2023\/09\/giorgio-trovato-bYhDEWgqYLM-unsplash-scaled.jpg","type":"image\/jpeg"}],"twitter_card":"summary_large_image","twitter_misc":{"Tempo di lettura stimato":"3 minuti"},"schema":{"@context":"https:\/\/schema.org","@graph":[{"@type":"WebPage","@id":"https:\/\/glasir.com.ua\/%d1%83%d0%bc%d0%be%d0%b2%d0%b8-%d0%bf%d0%be%d0%b2%d0%b5%d1%80%d0%bd%d0%b5%d0%bd%d0%bd%d1%8f-%d1%82%d0%be%d0%b2%d0%b0%d1%80%d1%83\/","url":"https:\/\/glasir.com.ua\/%d1%83%d0%bc%d0%be%d0%b2%d0%b8-%d0%bf%d0%be%d0%b2%d0%b5%d1%80%d0%bd%d0%b5%d0%bd%d0%bd%d1%8f-%d1%82%d0%be%d0%b2%d0%b0%d1%80%d1%83\/","name":"Condizioni di reso della merce - Glasir","isPartOf":{"@id":"https:\/\/glasir.com.ua\/#website"},"primaryImageOfPage":{"@id":"https:\/\/glasir.com.ua\/%d1%83%d0%bc%d0%be%d0%b2%d0%b8-%d0%bf%d0%be%d0%b2%d0%b5%d1%80%d0%bd%d0%b5%d0%bd%d0%bd%d1%8f-%d1%82%d0%be%d0%b2%d0%b0%d1%80%d1%83\/#primaryimage"},"image":{"@id":"https:\/\/glasir.com.ua\/%d1%83%d0%bc%d0%be%d0%b2%d0%b8-%d0%bf%d0%be%d0%b2%d0%b5%d1%80%d0%bd%d0%b5%d0%bd%d0%bd%d1%8f-%d1%82%d0%be%d0%b2%d0%b0%d1%80%d1%83\/#primaryimage"},"thumbnailUrl":"https:\/\/glasir.com.ua\/wp-content\/uploads\/2023\/09\/giorgio-trovato-bYhDEWgqYLM-unsplash-scaled.jpg","datePublished":"2023-09-28T17:30:51+00:00","dateModified":"2025-10-03T08:13:47+00:00","breadcrumb":{"@id":"https:\/\/glasir.com.ua\/%d1%83%d0%bc%d0%be%d0%b2%d0%b8-%d0%bf%d0%be%d0%b2%d0%b5%d1%80%d0%bd%d0%b5%d0%bd%d0%bd%d1%8f-%d1%82%d0%be%d0%b2%d0%b0%d1%80%d1%83\/#breadcrumb"},"inLanguage":"it-IT","potentialAction":[{"@type":"ReadAction","target":["https:\/\/glasir.com.ua\/%d1%83%d0%bc%d0%be%d0%b2%d0%b8-%d0%bf%d0%be%d0%b2%d0%b5%d1%80%d0%bd%d0%b5%d0%bd%d0%bd%d1%8f-%d1%82%d0%be%d0%b2%d0%b0%d1%80%d1%83\/"]}]},{"@type":"ImageObject","inLanguage":"it-IT","@id":"https:\/\/glasir.com.ua\/%d1%83%d0%bc%d0%be%d0%b2%d0%b8-%d0%bf%d0%be%d0%b2%d0%b5%d1%80%d0%bd%d0%b5%d0%bd%d0%bd%d1%8f-%d1%82%d0%be%d0%b2%d0%b0%d1%80%d1%83\/#primaryimage","url":"https:\/\/glasir.com.ua\/wp-content\/uploads\/2023\/09\/giorgio-trovato-bYhDEWgqYLM-unsplash-scaled.jpg","contentUrl":"https:\/\/glasir.com.ua\/wp-content\/uploads\/2023\/09\/giorgio-trovato-bYhDEWgqYLM-unsplash-scaled.jpg","width":2560,"height":1706},{"@type":"BreadcrumbList","@id":"https:\/\/glasir.com.ua\/%d1%83%d0%bc%d0%be%d0%b2%d0%b8-%d0%bf%d0%be%d0%b2%d0%b5%d1%80%d0%bd%d0%b5%d0%bd%d0%bd%d1%8f-%d1%82%d0%be%d0%b2%d0%b0%d1%80%d1%83\/#breadcrumb","itemListElement":[{"@type":"ListItem","position":1,"name":"Home","item":"https:\/\/glasir.com.ua\/"},{"@type":"ListItem","position":2,"name":"\u0423\u043c\u043e\u0432\u0438 \u043f\u043e\u0432\u0435\u0440\u043d\u0435\u043d\u043d\u044f \u0442\u043e\u0432\u0430\u0440\u0443"}]},{"@type":"WebSite","@id":"https:\/\/glasir.com.ua\/#website","url":"https:\/\/glasir.com.ua\/","name":"Glasir","description":"Non c&#039;\u00e8 paragone.","publisher":{"@id":"https:\/\/glasir.com.ua\/#organization"},"potentialAction":[{"@type":"SearchAction","target":{"@type":"EntryPoint","urlTemplate":"https:\/\/glasir.com.ua\/?s={search_term_string}"},"query-input":{"@type":"PropertyValueSpecification","valueRequired":true,"valueName":"search_term_string"}}],"inLanguage":"it-IT"},{"@type":"Organization","@id":"https:\/\/glasir.com.ua\/#organization","name":"Glasir","url":"https:\/\/glasir.com.ua\/","logo":{"@type":"ImageObject","inLanguage":"it-IT","@id":"https:\/\/glasir.com.ua\/#\/schema\/logo\/image\/","url":"https:\/\/glasir.com.ua\/wp-content\/uploads\/2023\/06\/cropped-llc-glasir.png","contentUrl":"https:\/\/glasir.com.ua\/wp-content\/uploads\/2023\/06\/cropped-llc-glasir.png","width":250,"height":250,"caption":"Glasir"},"image":{"@id":"https:\/\/glasir.com.ua\/#\/schema\/logo\/image\/"},"sameAs":["https:\/\/www.pinterest.com\/llc_glasir","https:\/\/g.co\/kgs\/7CK1iZr"]}]}},"_links":{"self":[{"href":"https:\/\/glasir.com.ua\/it\/wp-json\/wp\/v2\/pages\/587","targetHints":{"allow":["GET"]}}],"collection":[{"href":"https:\/\/glasir.com.ua\/it\/wp-json\/wp\/v2\/pages"}],"about":[{"href":"https:\/\/glasir.com.ua\/it\/wp-json\/wp\/v2\/types\/page"}],"author":[{"embeddable":true,"href":"https:\/\/glasir.com.ua\/it\/wp-json\/wp\/v2\/users\/1"}],"replies":[{"embeddable":true,"href":"https:\/\/glasir.com.ua\/it\/wp-json\/wp\/v2\/comments?post=587"}],"version-history":[{"count":1,"href":"https:\/\/glasir.com.ua\/it\/wp-json\/wp\/v2\/pages\/587\/revisions"}],"predecessor-version":[{"id":2106,"href":"https:\/\/glasir.com.ua\/it\/wp-json\/wp\/v2\/pages\/587\/revisions\/2106"}],"wp:featuredmedia":[{"embeddable":true,"href":"https:\/\/glasir.com.ua\/it\/wp-json\/wp\/v2\/media\/591"}],"wp:attachment":[{"href":"https:\/\/glasir.com.ua\/it\/wp-json\/wp\/v2\/media?parent=587"}],"curies":[{"name":"wp","href":"https:\/\/api.w.org\/{rel}","templated":true}]}}