{"id":840,"date":"2024-02-06T20:21:28","date_gmt":"2024-02-06T18:21:28","guid":{"rendered":"https:\/\/glasir.com.ua\/?post_type=product&#038;p=840"},"modified":"2025-11-26T16:38:55","modified_gmt":"2025-11-26T14:38:55","slug":"%d0%bc%d1%96%d0%ba%d1%80%d0%be%d1%80%d0%b5%d0%b3%d1%83%d0%bb%d1%8f%d1%82%d0%be%d1%80-%d1%82%d0%b8%d1%81%d0%ba%d1%83-camozzi-m004-r00","status":"publish","type":"product","link":"https:\/\/glasir.com.ua\/fr\/product\/%d0%bc%d1%96%d0%ba%d1%80%d0%be%d1%80%d0%b5%d0%b3%d1%83%d0%bb%d1%8f%d1%82%d0%be%d1%80-%d1%82%d0%b8%d1%81%d0%ba%d1%83-camozzi-m004-r00\/","title":{"rendered":"Micror\u00e9gulateur de pression Camozzi M004-R00"},"content":{"rendered":"<p>Micror\u00e9gulateur de pression Camozzi M004-R00<\/p>\n<p>\u00c9l\u00e9ment unitaire : R\u00e9gulateur de pression<br \/>\nConstruction : type membrane<br \/>\nType de montage (montage) : dans n&#039;importe quelle position<br \/>\nAttach\u00e9 : G1\/4\u2033<br \/>\nMat\u00e9riau du corps : laiton-acier inoxydable<br \/>\nMat\u00e9riau du joint : NBR<br \/>\nPression de service : de 0 \u00e0 16 bar<br \/>\nD\u00e9charge de pression : avec d\u00e9charge<br \/>\nPlage de r\u00e9glage de la pression de sortie : de 0,50 \u00e0 10 bar<br \/>\nD\u00e9bit d&#039;air nominal \u00e0 6 bar : 650 Nl\/min<br \/>\nPr\u00e9sence de manom\u00e8tre : non<br \/>\nType de poign\u00e9e : Poign\u00e9e rotative avec serrure<br \/>\nTemp\u00e9rature de fonctionnement : -5 \u00e0 50 \u00b0C<\/p>\n<p>Si vous recherchez un code produit sp\u00e9cifique de Camozzi, mais que vous ne l&#039;avez pas trouv\u00e9 parmi nos offres, veuillez <a href=\"https:\/\/glasir.com.ua\/fr\/contacts\/\">envoyez-nous une demande<\/a>.<br \/>\nL&#039;\u00e9quipe Glasir se fera un plaisir de vous accompagner et de vous pr\u00e9parer une offre commerciale.<br \/>\nNous sommes toujours pr\u00eats \u00e0 vous fournir les informations n\u00e9cessaires et \u00e0 trouver la solution optimale pour votre entreprise.<br \/>\nEnvoyez-nous vos demandes et nous serons heureux de vous aider !<\/p>","protected":false},"excerpt":{"rendered":"<p>Micror\u00e9gulateur de pression Camozzi M004-R00<\/p>","protected":false},"featured_media":839,"comment_status":"open","ping_status":"closed","template":"","meta":[],"product_brand":[],"product_cat":[130],"product_tag":[124],"class_list":{"0":"post-840","1":"product","2":"type-product","3":"status-publish","4":"has-post-thumbnail","6":"product_cat-130","7":"product_tag-camozzi","9":"first","10":"instock","11":"taxable","12":"shipping-taxable","13":"purchasable","14":"product-type-simple"},"yoast_head":"<!-- This site is optimized with the Yoast SEO plugin v27.2 - https:\/\/yoast.com\/product\/yoast-seo-wordpress\/ -->\n<title>\u041c\u0456\u043a\u0440\u043e\u0440\u0435\u0433\u0443\u043b\u044f\u0442\u043e\u0440 \u0442\u0438\u0441\u043a\u0443 Camozzi M004-R00 - Glasir<\/title>\n<meta name=\"robots\" content=\"index, follow, max-snippet:-1, max-image-preview:large, max-video-preview:-1\" \/>\n<link rel=\"canonical\" href=\"https:\/\/glasir.com.ua\/fr\/product\/\u043c\u0456\u043a\u0440\u043e\u0440\u0435\u0433\u0443\u043b\u044f\u0442\u043e\u0440-\u0442\u0438\u0441\u043a\u0443-camozzi-m004-r00\/\" \/>\n<meta property=\"og:locale\" content=\"fr_FR\" \/>\n<meta property=\"og:type\" content=\"article\" \/>\n<meta property=\"og:title\" content=\"\u041c\u0456\u043a\u0440\u043e\u0440\u0435\u0433\u0443\u043b\u044f\u0442\u043e\u0440 \u0442\u0438\u0441\u043a\u0443 Camozzi M004-R00 - Glasir\" \/>\n<meta property=\"og:description\" content=\"\u041c\u0456\u043a\u0440\u043e\u0440\u0435\u0433\u0443\u043b\u044f\u0442\u043e\u0440 \u0442\u0438\u0441\u043a\u0443 Camozzi M004-R00\" \/>\n<meta property=\"og:url\" content=\"https:\/\/glasir.com.ua\/fr\/product\/\u043c\u0456\u043a\u0440\u043e\u0440\u0435\u0433\u0443\u043b\u044f\u0442\u043e\u0440-\u0442\u0438\u0441\u043a\u0443-camozzi-m004-r00\/\" \/>\n<meta property=\"og:site_name\" content=\"Glasir\" \/>\n<meta property=\"article:modified_time\" content=\"2025-11-26T14:38:55+00:00\" \/>\n<meta property=\"og:image\" content=\"http:\/\/glasir.com.ua\/wp-content\/uploads\/2024\/02\/camozzi-m004-r00.jpg\" \/>\n\t<meta property=\"og:image:width\" content=\"515\" \/>\n\t<meta property=\"og:image:height\" content=\"515\" \/>\n\t<meta property=\"og:image:type\" content=\"image\/jpeg\" \/>\n<meta name=\"twitter:card\" content=\"summary_large_image\" \/>\n<meta name=\"twitter:label1\" content=\"Dur\u00e9e de lecture estim\u00e9e\" \/>\n\t<meta name=\"twitter:data1\" content=\"1 minute\" \/>\n<script type=\"application\/ld+json\" class=\"yoast-schema-graph\">{\"@context\":\"https:\/\/schema.org\",\"@graph\":[{\"@type\":[\"WebPage\",\"ItemPage\"],\"@id\":\"https:\/\/glasir.com.ua\/product\/%d0%bc%d1%96%d0%ba%d1%80%d0%be%d1%80%d0%b5%d0%b3%d1%83%d0%bb%d1%8f%d1%82%d0%be%d1%80-%d1%82%d0%b8%d1%81%d0%ba%d1%83-camozzi-m004-r00\/\",\"url\":\"https:\/\/glasir.com.ua\/product\/%d0%bc%d1%96%d0%ba%d1%80%d0%be%d1%80%d0%b5%d0%b3%d1%83%d0%bb%d1%8f%d1%82%d0%be%d1%80-%d1%82%d0%b8%d1%81%d0%ba%d1%83-camozzi-m004-r00\/\",\"name\":\"\u041c\u0456\u043a\u0440\u043e\u0440\u0435\u0433\u0443\u043b\u044f\u0442\u043e\u0440 \u0442\u0438\u0441\u043a\u0443 Camozzi M004-R00 - Glasir\",\"isPartOf\":{\"@id\":\"https:\/\/glasir.com.ua\/#website\"},\"primaryImageOfPage\":{\"@id\":\"https:\/\/glasir.com.ua\/product\/%d0%bc%d1%96%d0%ba%d1%80%d0%be%d1%80%d0%b5%d0%b3%d1%83%d0%bb%d1%8f%d1%82%d0%be%d1%80-%d1%82%d0%b8%d1%81%d0%ba%d1%83-camozzi-m004-r00\/#primaryimage\"},\"image\":{\"@id\":\"https:\/\/glasir.com.ua\/product\/%d0%bc%d1%96%d0%ba%d1%80%d0%be%d1%80%d0%b5%d0%b3%d1%83%d0%bb%d1%8f%d1%82%d0%be%d1%80-%d1%82%d0%b8%d1%81%d0%ba%d1%83-camozzi-m004-r00\/#primaryimage\"},\"thumbnailUrl\":\"https:\/\/glasir.com.ua\/wp-content\/uploads\/2024\/02\/camozzi-m004-r00.jpg\",\"datePublished\":\"2024-02-06T18:21:28+00:00\",\"dateModified\":\"2025-11-26T14:38:55+00:00\",\"breadcrumb\":{\"@id\":\"https:\/\/glasir.com.ua\/product\/%d0%bc%d1%96%d0%ba%d1%80%d0%be%d1%80%d0%b5%d0%b3%d1%83%d0%bb%d1%8f%d1%82%d0%be%d1%80-%d1%82%d0%b8%d1%81%d0%ba%d1%83-camozzi-m004-r00\/#breadcrumb\"},\"inLanguage\":\"fr-FR\",\"potentialAction\":[{\"@type\":\"ReadAction\",\"target\":[\"https:\/\/glasir.com.ua\/product\/%d0%bc%d1%96%d0%ba%d1%80%d0%be%d1%80%d0%b5%d0%b3%d1%83%d0%bb%d1%8f%d1%82%d0%be%d1%80-%d1%82%d0%b8%d1%81%d0%ba%d1%83-camozzi-m004-r00\/\"]}]},{\"@type\":\"ImageObject\",\"inLanguage\":\"fr-FR\",\"@id\":\"https:\/\/glasir.com.ua\/product\/%d0%bc%d1%96%d0%ba%d1%80%d0%be%d1%80%d0%b5%d0%b3%d1%83%d0%bb%d1%8f%d1%82%d0%be%d1%80-%d1%82%d0%b8%d1%81%d0%ba%d1%83-camozzi-m004-r00\/#primaryimage\",\"url\":\"https:\/\/glasir.com.ua\/wp-content\/uploads\/2024\/02\/camozzi-m004-r00.jpg\",\"contentUrl\":\"https:\/\/glasir.com.ua\/wp-content\/uploads\/2024\/02\/camozzi-m004-r00.jpg\",\"width\":515,\"height\":515,\"caption\":\"Camozzi M004-R00\"},{\"@type\":\"BreadcrumbList\",\"@id\":\"https:\/\/glasir.com.ua\/product\/%d0%bc%d1%96%d0%ba%d1%80%d0%be%d1%80%d0%b5%d0%b3%d1%83%d0%bb%d1%8f%d1%82%d0%be%d1%80-%d1%82%d0%b8%d1%81%d0%ba%d1%83-camozzi-m004-r00\/#breadcrumb\",\"itemListElement\":[{\"@type\":\"ListItem\",\"position\":1,\"name\":\"Home\",\"item\":\"https:\/\/glasir.com.ua\/\"},{\"@type\":\"ListItem\",\"position\":2,\"name\":\"\u0406\u043d\u0442\u0435\u0440\u043d\u0435\u0442-\u043c\u0430\u0433\u0430\u0437\u0438\u043d\",\"item\":\"https:\/\/glasir.com.ua\/shop\/\"},{\"@type\":\"ListItem\",\"position\":3,\"name\":\"\u041c\u0456\u043a\u0440\u043e\u0440\u0435\u0433\u0443\u043b\u044f\u0442\u043e\u0440 \u0442\u0438\u0441\u043a\u0443 Camozzi M004-R00\"}]},{\"@type\":\"WebSite\",\"@id\":\"https:\/\/glasir.com.ua\/#website\",\"url\":\"https:\/\/glasir.com.ua\/\",\"name\":\"Glasir\",\"description\":\"\u041d\u0435\u043c\u0430\u0454 \u043f\u043e\u0440\u0456\u0432\u043d\u044f\u043d\u043d\u044f.\",\"publisher\":{\"@id\":\"https:\/\/glasir.com.ua\/#organization\"},\"potentialAction\":[{\"@type\":\"SearchAction\",\"target\":{\"@type\":\"EntryPoint\",\"urlTemplate\":\"https:\/\/glasir.com.ua\/?s={search_term_string}\"},\"query-input\":{\"@type\":\"PropertyValueSpecification\",\"valueRequired\":true,\"valueName\":\"search_term_string\"}}],\"inLanguage\":\"fr-FR\"},{\"@type\":\"Organization\",\"@id\":\"https:\/\/glasir.com.ua\/#organization\",\"name\":\"Glasir\",\"url\":\"https:\/\/glasir.com.ua\/\",\"logo\":{\"@type\":\"ImageObject\",\"inLanguage\":\"fr-FR\",\"@id\":\"https:\/\/glasir.com.ua\/#\/schema\/logo\/image\/\",\"url\":\"https:\/\/glasir.com.ua\/wp-content\/uploads\/2023\/06\/cropped-llc-glasir.png\",\"contentUrl\":\"https:\/\/glasir.com.ua\/wp-content\/uploads\/2023\/06\/cropped-llc-glasir.png\",\"width\":250,\"height\":250,\"caption\":\"Glasir\"},\"image\":{\"@id\":\"https:\/\/glasir.com.ua\/#\/schema\/logo\/image\/\"},\"sameAs\":[\"https:\/\/www.pinterest.com\/llc_glasir\",\"https:\/\/g.co\/kgs\/7CK1iZr\"]}]}<\/script>\n<!-- \/ Yoast SEO plugin. -->","yoast_head_json":{"title":"Micror\u00e9gulateur de pression Camozzi M004-R00 - Glasir","robots":{"index":"index","follow":"follow","max-snippet":"max-snippet:-1","max-image-preview":"max-image-preview:large","max-video-preview":"max-video-preview:-1"},"canonical":"https:\/\/glasir.com.ua\/fr\/product\/\u043c\u0456\u043a\u0440\u043e\u0440\u0435\u0433\u0443\u043b\u044f\u0442\u043e\u0440-\u0442\u0438\u0441\u043a\u0443-camozzi-m004-r00\/","og_locale":"fr_FR","og_type":"article","og_title":"\u041c\u0456\u043a\u0440\u043e\u0440\u0435\u0433\u0443\u043b\u044f\u0442\u043e\u0440 \u0442\u0438\u0441\u043a\u0443 Camozzi M004-R00 - Glasir","og_description":"\u041c\u0456\u043a\u0440\u043e\u0440\u0435\u0433\u0443\u043b\u044f\u0442\u043e\u0440 \u0442\u0438\u0441\u043a\u0443 Camozzi M004-R00","og_url":"https:\/\/glasir.com.ua\/fr\/product\/\u043c\u0456\u043a\u0440\u043e\u0440\u0435\u0433\u0443\u043b\u044f\u0442\u043e\u0440-\u0442\u0438\u0441\u043a\u0443-camozzi-m004-r00\/","og_site_name":"Glasir","article_modified_time":"2025-11-26T14:38:55+00:00","og_image":[{"width":515,"height":515,"url":"http:\/\/glasir.com.ua\/wp-content\/uploads\/2024\/02\/camozzi-m004-r00.jpg","type":"image\/jpeg"}],"twitter_card":"summary_large_image","twitter_misc":{"Dur\u00e9e de lecture estim\u00e9e":"1 minute"},"schema":{"@context":"https:\/\/schema.org","@graph":[{"@type":["WebPage","ItemPage"],"@id":"https:\/\/glasir.com.ua\/product\/%d0%bc%d1%96%d0%ba%d1%80%d0%be%d1%80%d0%b5%d0%b3%d1%83%d0%bb%d1%8f%d1%82%d0%be%d1%80-%d1%82%d0%b8%d1%81%d0%ba%d1%83-camozzi-m004-r00\/","url":"https:\/\/glasir.com.ua\/product\/%d0%bc%d1%96%d0%ba%d1%80%d0%be%d1%80%d0%b5%d0%b3%d1%83%d0%bb%d1%8f%d1%82%d0%be%d1%80-%d1%82%d0%b8%d1%81%d0%ba%d1%83-camozzi-m004-r00\/","name":"Micror\u00e9gulateur de pression Camozzi M004-R00 - Glasir","isPartOf":{"@id":"https:\/\/glasir.com.ua\/#website"},"primaryImageOfPage":{"@id":"https:\/\/glasir.com.ua\/product\/%d0%bc%d1%96%d0%ba%d1%80%d0%be%d1%80%d0%b5%d0%b3%d1%83%d0%bb%d1%8f%d1%82%d0%be%d1%80-%d1%82%d0%b8%d1%81%d0%ba%d1%83-camozzi-m004-r00\/#primaryimage"},"image":{"@id":"https:\/\/glasir.com.ua\/product\/%d0%bc%d1%96%d0%ba%d1%80%d0%be%d1%80%d0%b5%d0%b3%d1%83%d0%bb%d1%8f%d1%82%d0%be%d1%80-%d1%82%d0%b8%d1%81%d0%ba%d1%83-camozzi-m004-r00\/#primaryimage"},"thumbnailUrl":"https:\/\/glasir.com.ua\/wp-content\/uploads\/2024\/02\/camozzi-m004-r00.jpg","datePublished":"2024-02-06T18:21:28+00:00","dateModified":"2025-11-26T14:38:55+00:00","breadcrumb":{"@id":"https:\/\/glasir.com.ua\/product\/%d0%bc%d1%96%d0%ba%d1%80%d0%be%d1%80%d0%b5%d0%b3%d1%83%d0%bb%d1%8f%d1%82%d0%be%d1%80-%d1%82%d0%b8%d1%81%d0%ba%d1%83-camozzi-m004-r00\/#breadcrumb"},"inLanguage":"fr-FR","potentialAction":[{"@type":"ReadAction","target":["https:\/\/glasir.com.ua\/product\/%d0%bc%d1%96%d0%ba%d1%80%d0%be%d1%80%d0%b5%d0%b3%d1%83%d0%bb%d1%8f%d1%82%d0%be%d1%80-%d1%82%d0%b8%d1%81%d0%ba%d1%83-camozzi-m004-r00\/"]}]},{"@type":"ImageObject","inLanguage":"fr-FR","@id":"https:\/\/glasir.com.ua\/product\/%d0%bc%d1%96%d0%ba%d1%80%d0%be%d1%80%d0%b5%d0%b3%d1%83%d0%bb%d1%8f%d1%82%d0%be%d1%80-%d1%82%d0%b8%d1%81%d0%ba%d1%83-camozzi-m004-r00\/#primaryimage","url":"https:\/\/glasir.com.ua\/wp-content\/uploads\/2024\/02\/camozzi-m004-r00.jpg","contentUrl":"https:\/\/glasir.com.ua\/wp-content\/uploads\/2024\/02\/camozzi-m004-r00.jpg","width":515,"height":515,"caption":"Camozzi M004-R00"},{"@type":"BreadcrumbList","@id":"https:\/\/glasir.com.ua\/product\/%d0%bc%d1%96%d0%ba%d1%80%d0%be%d1%80%d0%b5%d0%b3%d1%83%d0%bb%d1%8f%d1%82%d0%be%d1%80-%d1%82%d0%b8%d1%81%d0%ba%d1%83-camozzi-m004-r00\/#breadcrumb","itemListElement":[{"@type":"ListItem","position":1,"name":"Home","item":"https:\/\/glasir.com.ua\/"},{"@type":"ListItem","position":2,"name":"\u0406\u043d\u0442\u0435\u0440\u043d\u0435\u0442-\u043c\u0430\u0433\u0430\u0437\u0438\u043d","item":"https:\/\/glasir.com.ua\/shop\/"},{"@type":"ListItem","position":3,"name":"\u041c\u0456\u043a\u0440\u043e\u0440\u0435\u0433\u0443\u043b\u044f\u0442\u043e\u0440 \u0442\u0438\u0441\u043a\u0443 Camozzi M004-R00"}]},{"@type":"WebSite","@id":"https:\/\/glasir.com.ua\/#website","url":"https:\/\/glasir.com.ua\/","name":"Glasir","description":"Il n&#039;y a pas de comparaison.","publisher":{"@id":"https:\/\/glasir.com.ua\/#organization"},"potentialAction":[{"@type":"SearchAction","target":{"@type":"EntryPoint","urlTemplate":"https:\/\/glasir.com.ua\/?s={search_term_string}"},"query-input":{"@type":"PropertyValueSpecification","valueRequired":true,"valueName":"search_term_string"}}],"inLanguage":"fr-FR"},{"@type":"Organization","@id":"https:\/\/glasir.com.ua\/#organization","name":"Glasir","url":"https:\/\/glasir.com.ua\/","logo":{"@type":"ImageObject","inLanguage":"fr-FR","@id":"https:\/\/glasir.com.ua\/#\/schema\/logo\/image\/","url":"https:\/\/glasir.com.ua\/wp-content\/uploads\/2023\/06\/cropped-llc-glasir.png","contentUrl":"https:\/\/glasir.com.ua\/wp-content\/uploads\/2023\/06\/cropped-llc-glasir.png","width":250,"height":250,"caption":"Glasir"},"image":{"@id":"https:\/\/glasir.com.ua\/#\/schema\/logo\/image\/"},"sameAs":["https:\/\/www.pinterest.com\/llc_glasir","https:\/\/g.co\/kgs\/7CK1iZr"]}]}},"_links":{"self":[{"href":"https:\/\/glasir.com.ua\/fr\/wp-json\/wp\/v2\/product\/840","targetHints":{"allow":["GET"]}}],"collection":[{"href":"https:\/\/glasir.com.ua\/fr\/wp-json\/wp\/v2\/product"}],"about":[{"href":"https:\/\/glasir.com.ua\/fr\/wp-json\/wp\/v2\/types\/product"}],"replies":[{"embeddable":true,"href":"https:\/\/glasir.com.ua\/fr\/wp-json\/wp\/v2\/comments?post=840"}],"wp:featuredmedia":[{"embeddable":true,"href":"https:\/\/glasir.com.ua\/fr\/wp-json\/wp\/v2\/media\/839"}],"wp:attachment":[{"href":"https:\/\/glasir.com.ua\/fr\/wp-json\/wp\/v2\/media?parent=840"}],"wp:term":[{"taxonomy":"product_brand","embeddable":true,"href":"https:\/\/glasir.com.ua\/fr\/wp-json\/wp\/v2\/product_brand?post=840"},{"taxonomy":"product_cat","embeddable":true,"href":"https:\/\/glasir.com.ua\/fr\/wp-json\/wp\/v2\/product_cat?post=840"},{"taxonomy":"product_tag","embeddable":true,"href":"https:\/\/glasir.com.ua\/fr\/wp-json\/wp\/v2\/product_tag?post=840"}],"curies":[{"name":"wp","href":"https:\/\/api.w.org\/{rel}","templated":true}]}}