{"id":672,"date":"2023-11-29T15:51:15","date_gmt":"2023-11-29T13:51:15","guid":{"rendered":"https:\/\/glasir.com.ua\/?post_type=product&#038;p=672"},"modified":"2024-05-12T13:40:05","modified_gmt":"2024-05-12T10:40:05","slug":"%d0%bf%d1%80%d0%be%d0%b4%d0%be%d0%b2%d0%b6%d0%b5%d0%bd%d0%bd%d1%8f-%d0%b3%d0%b0%d1%80%d0%b0%d0%bd%d1%82%d1%96%d1%97-apiyoo-2-%d1%80%d0%be%d0%ba%d0%b8-%d0%bd%d0%b0-1-%d0%bf%d1%80%d0%be%d0%b4%d1%83","status":"publish","type":"product","link":"https:\/\/glasir.com.ua\/fr\/product\/%d0%bf%d1%80%d0%be%d0%b4%d0%be%d0%b2%d0%b6%d0%b5%d0%bd%d0%bd%d1%8f-%d0%b3%d0%b0%d1%80%d0%b0%d0%bd%d1%82%d1%96%d1%97-apiyoo-2-%d1%80%d0%be%d0%ba%d0%b8-%d0%bd%d0%b0-1-%d0%bf%d1%80%d0%be%d0%b4%d1%83\/","title":{"rendered":"Extension de garantie ApiYoo +2 ans pour 1 produit"},"content":{"rendered":"<p>En achetant ce service, vous b\u00e9n\u00e9ficierez d&#039;une extension de garantie de 2 ans pour le produit ApiYoo que vous avez s\u00e9lectionn\u00e9 dans votre panier pour un total de 3 ans (1 an de garantie constructeur + 2 ans de garantie Glasir).<br \/>\nNous vous rappelons que les clients <a href=\"https:\/\/glasir.com.ua\/fr\/product\/vip-%d0%ba%d0%b0%d1%80%d1%82%d0%b0-glasir-royal-purple-%d1%80%d1%96%d1%87%d0%bd%d0%b0-%d0%bf%d1%96%d0%b4%d0%bf%d0%b8%d1%81%d0%ba%d0%b0\/\">VIP Glasir Royal Purple<\/a> prolonger automatiquement la p\u00e9riode de garantie sur tous les produits ApiYoo dont ils disposent pour toute la p\u00e9riode d&#039;abonnement.<\/p>","protected":false},"excerpt":{"rendered":"<p>En achetant ce service, vous b\u00e9n\u00e9ficierez d&#039;une extension de garantie de 2 ans pour le produit ApiYoo que vous avez s\u00e9lectionn\u00e9 dans votre panier pour un total de 3 ans (1 an de garantie constructeur + 2 ans de garantie Glasir).<\/p>","protected":false},"featured_media":676,"comment_status":"open","ping_status":"closed","template":"","meta":[],"product_brand":[],"product_cat":[41],"product_tag":[37],"class_list":{"0":"post-672","1":"product","2":"type-product","3":"status-publish","4":"has-post-thumbnail","6":"product_cat-41","7":"product_tag-glasir","9":"first","10":"instock","11":"virtual","12":"taxable","13":"purchasable","14":"product-type-simple"},"yoast_head":"<!-- This site is optimized with the Yoast SEO plugin v27.2 - https:\/\/yoast.com\/product\/yoast-seo-wordpress\/ -->\n<title>\u041f\u0440\u043e\u0434\u043e\u0432\u0436\u0435\u043d\u043d\u044f \u0433\u0430\u0440\u0430\u043d\u0442\u0456\u0457 ApiYoo +2 \u0440\u043e\u043a\u0438 \u043d\u0430 1 \u043f\u0440\u043e\u0434\u0443\u043a\u0442 - Glasir<\/title>\n<meta name=\"robots\" content=\"index, follow, max-snippet:-1, max-image-preview:large, max-video-preview:-1\" \/>\n<link rel=\"canonical\" href=\"https:\/\/glasir.com.ua\/fr\/product\/\u043f\u0440\u043e\u0434\u043e\u0432\u0436\u0435\u043d\u043d\u044f-\u0433\u0430\u0440\u0430\u043d\u0442\u0456\u0457-apiyoo-2-\u0440\u043e\u043a\u0438-\u043d\u0430-1-\u043f\u0440\u043e\u0434\u0443\/\" \/>\n<meta property=\"og:locale\" content=\"fr_FR\" \/>\n<meta property=\"og:type\" content=\"article\" \/>\n<meta property=\"og:title\" content=\"\u041f\u0440\u043e\u0434\u043e\u0432\u0436\u0435\u043d\u043d\u044f \u0433\u0430\u0440\u0430\u043d\u0442\u0456\u0457 ApiYoo +2 \u0440\u043e\u043a\u0438 \u043d\u0430 1 \u043f\u0440\u043e\u0434\u0443\u043a\u0442 - Glasir\" \/>\n<meta property=\"og:description\" content=\"\u041f\u0440\u0438\u0434\u0431\u0430\u0432\u0448\u0438 \u0446\u044e \u043f\u043e\u0441\u043b\u0443\u0433\u0443, \u0432\u0438 \u043e\u0442\u0440\u0438\u043c\u0430\u0454\u0442\u0435 \u043f\u043e\u0434\u043e\u0432\u0436\u0435\u043d\u043d\u044f \u0433\u0430\u0440\u0430\u043d\u0442\u0456\u0457 \u043d\u0430 \u0432\u0438\u0431\u0440\u0430\u043d\u0438\u0439 \u0432\u0430\u043c\u0438 \u043f\u0440\u043e\u0434\u0443\u043a\u0442 ApiYoo \u0443 \u043a\u043e\u0448\u0438\u043a\u0443 \u043d\u0430 2 \u0440\u043e\u043a\u0438 \u043d\u0430 \u0437\u0430\u0433\u0430\u043b\u044c\u043d\u0443 \u0442\u0440\u0438\u0432\u0430\u043b\u0456\u0441\u0442\u044c 3 \u0440\u043e\u043a\u0438 (1 \u0440\u0456\u043a \u0433\u0430\u0440\u0430\u043d\u0442\u0456\u0457 \u0432\u0438\u0440\u043e\u0431\u043d\u0438\u043a\u0430 + 2 \u0440\u043e\u043a\u0438 \u0433\u0430\u0440\u0430\u043d\u0442\u0456\u0457 Glasir).\" \/>\n<meta property=\"og:url\" content=\"https:\/\/glasir.com.ua\/fr\/product\/\u043f\u0440\u043e\u0434\u043e\u0432\u0436\u0435\u043d\u043d\u044f-\u0433\u0430\u0440\u0430\u043d\u0442\u0456\u0457-apiyoo-2-\u0440\u043e\u043a\u0438-\u043d\u0430-1-\u043f\u0440\u043e\u0434\u0443\/\" \/>\n<meta property=\"og:site_name\" content=\"Glasir\" \/>\n<meta property=\"article:modified_time\" content=\"2024-05-12T10:40:05+00:00\" \/>\n<meta property=\"og:image\" content=\"https:\/\/glasir.com.ua\/wp-content\/uploads\/2023\/11\/charlesdeluvio-ew3sC-F6d_c-unsplash-scaled.jpg\" \/>\n\t<meta property=\"og:image:width\" content=\"1707\" \/>\n\t<meta property=\"og:image:height\" content=\"2560\" \/>\n\t<meta property=\"og:image:type\" content=\"image\/jpeg\" \/>\n<meta name=\"twitter:card\" content=\"summary_large_image\" \/>\n<script type=\"application\/ld+json\" class=\"yoast-schema-graph\">{\"@context\":\"https:\/\/schema.org\",\"@graph\":[{\"@type\":[\"WebPage\",\"ItemPage\"],\"@id\":\"https:\/\/glasir.com.ua\/product\/%d0%bf%d1%80%d0%be%d0%b4%d0%be%d0%b2%d0%b6%d0%b5%d0%bd%d0%bd%d1%8f-%d0%b3%d0%b0%d1%80%d0%b0%d0%bd%d1%82%d1%96%d1%97-apiyoo-2-%d1%80%d0%be%d0%ba%d0%b8-%d0%bd%d0%b0-1-%d0%bf%d1%80%d0%be%d0%b4%d1%83\/\",\"url\":\"https:\/\/glasir.com.ua\/product\/%d0%bf%d1%80%d0%be%d0%b4%d0%be%d0%b2%d0%b6%d0%b5%d0%bd%d0%bd%d1%8f-%d0%b3%d0%b0%d1%80%d0%b0%d0%bd%d1%82%d1%96%d1%97-apiyoo-2-%d1%80%d0%be%d0%ba%d0%b8-%d0%bd%d0%b0-1-%d0%bf%d1%80%d0%be%d0%b4%d1%83\/\",\"name\":\"\u041f\u0440\u043e\u0434\u043e\u0432\u0436\u0435\u043d\u043d\u044f \u0433\u0430\u0440\u0430\u043d\u0442\u0456\u0457 ApiYoo +2 \u0440\u043e\u043a\u0438 \u043d\u0430 1 \u043f\u0440\u043e\u0434\u0443\u043a\u0442 - Glasir\",\"isPartOf\":{\"@id\":\"https:\/\/glasir.com.ua\/#website\"},\"primaryImageOfPage\":{\"@id\":\"https:\/\/glasir.com.ua\/product\/%d0%bf%d1%80%d0%be%d0%b4%d0%be%d0%b2%d0%b6%d0%b5%d0%bd%d0%bd%d1%8f-%d0%b3%d0%b0%d1%80%d0%b0%d0%bd%d1%82%d1%96%d1%97-apiyoo-2-%d1%80%d0%be%d0%ba%d0%b8-%d0%bd%d0%b0-1-%d0%bf%d1%80%d0%be%d0%b4%d1%83\/#primaryimage\"},\"image\":{\"@id\":\"https:\/\/glasir.com.ua\/product\/%d0%bf%d1%80%d0%be%d0%b4%d0%be%d0%b2%d0%b6%d0%b5%d0%bd%d0%bd%d1%8f-%d0%b3%d0%b0%d1%80%d0%b0%d0%bd%d1%82%d1%96%d1%97-apiyoo-2-%d1%80%d0%be%d0%ba%d0%b8-%d0%bd%d0%b0-1-%d0%bf%d1%80%d0%be%d0%b4%d1%83\/#primaryimage\"},\"thumbnailUrl\":\"https:\/\/glasir.com.ua\/wp-content\/uploads\/2023\/11\/charlesdeluvio-ew3sC-F6d_c-unsplash-scaled.jpg\",\"datePublished\":\"2023-11-29T13:51:15+00:00\",\"dateModified\":\"2024-05-12T10:40:05+00:00\",\"breadcrumb\":{\"@id\":\"https:\/\/glasir.com.ua\/product\/%d0%bf%d1%80%d0%be%d0%b4%d0%be%d0%b2%d0%b6%d0%b5%d0%bd%d0%bd%d1%8f-%d0%b3%d0%b0%d1%80%d0%b0%d0%bd%d1%82%d1%96%d1%97-apiyoo-2-%d1%80%d0%be%d0%ba%d0%b8-%d0%bd%d0%b0-1-%d0%bf%d1%80%d0%be%d0%b4%d1%83\/#breadcrumb\"},\"inLanguage\":\"fr-FR\",\"potentialAction\":[{\"@type\":\"ReadAction\",\"target\":[\"https:\/\/glasir.com.ua\/product\/%d0%bf%d1%80%d0%be%d0%b4%d0%be%d0%b2%d0%b6%d0%b5%d0%bd%d0%bd%d1%8f-%d0%b3%d0%b0%d1%80%d0%b0%d0%bd%d1%82%d1%96%d1%97-apiyoo-2-%d1%80%d0%be%d0%ba%d0%b8-%d0%bd%d0%b0-1-%d0%bf%d1%80%d0%be%d0%b4%d1%83\/\"]}]},{\"@type\":\"ImageObject\",\"inLanguage\":\"fr-FR\",\"@id\":\"https:\/\/glasir.com.ua\/product\/%d0%bf%d1%80%d0%be%d0%b4%d0%be%d0%b2%d0%b6%d0%b5%d0%bd%d0%bd%d1%8f-%d0%b3%d0%b0%d1%80%d0%b0%d0%bd%d1%82%d1%96%d1%97-apiyoo-2-%d1%80%d0%be%d0%ba%d0%b8-%d0%bd%d0%b0-1-%d0%bf%d1%80%d0%be%d0%b4%d1%83\/#primaryimage\",\"url\":\"https:\/\/glasir.com.ua\/wp-content\/uploads\/2023\/11\/charlesdeluvio-ew3sC-F6d_c-unsplash-scaled.jpg\",\"contentUrl\":\"https:\/\/glasir.com.ua\/wp-content\/uploads\/2023\/11\/charlesdeluvio-ew3sC-F6d_c-unsplash-scaled.jpg\",\"width\":1707,\"height\":2560},{\"@type\":\"BreadcrumbList\",\"@id\":\"https:\/\/glasir.com.ua\/product\/%d0%bf%d1%80%d0%be%d0%b4%d0%be%d0%b2%d0%b6%d0%b5%d0%bd%d0%bd%d1%8f-%d0%b3%d0%b0%d1%80%d0%b0%d0%bd%d1%82%d1%96%d1%97-apiyoo-2-%d1%80%d0%be%d0%ba%d0%b8-%d0%bd%d0%b0-1-%d0%bf%d1%80%d0%be%d0%b4%d1%83\/#breadcrumb\",\"itemListElement\":[{\"@type\":\"ListItem\",\"position\":1,\"name\":\"Home\",\"item\":\"https:\/\/glasir.com.ua\/\"},{\"@type\":\"ListItem\",\"position\":2,\"name\":\"\u0406\u043d\u0442\u0435\u0440\u043d\u0435\u0442-\u043c\u0430\u0433\u0430\u0437\u0438\u043d\",\"item\":\"https:\/\/glasir.com.ua\/shop\/\"},{\"@type\":\"ListItem\",\"position\":3,\"name\":\"\u041f\u0440\u043e\u0434\u043e\u0432\u0436\u0435\u043d\u043d\u044f \u0433\u0430\u0440\u0430\u043d\u0442\u0456\u0457 ApiYoo +2 \u0440\u043e\u043a\u0438 \u043d\u0430 1 \u043f\u0440\u043e\u0434\u0443\u043a\u0442\"}]},{\"@type\":\"WebSite\",\"@id\":\"https:\/\/glasir.com.ua\/#website\",\"url\":\"https:\/\/glasir.com.ua\/\",\"name\":\"Glasir\",\"description\":\"\u041d\u0435\u043c\u0430\u0454 \u043f\u043e\u0440\u0456\u0432\u043d\u044f\u043d\u043d\u044f.\",\"publisher\":{\"@id\":\"https:\/\/glasir.com.ua\/#organization\"},\"potentialAction\":[{\"@type\":\"SearchAction\",\"target\":{\"@type\":\"EntryPoint\",\"urlTemplate\":\"https:\/\/glasir.com.ua\/?s={search_term_string}\"},\"query-input\":{\"@type\":\"PropertyValueSpecification\",\"valueRequired\":true,\"valueName\":\"search_term_string\"}}],\"inLanguage\":\"fr-FR\"},{\"@type\":\"Organization\",\"@id\":\"https:\/\/glasir.com.ua\/#organization\",\"name\":\"Glasir\",\"url\":\"https:\/\/glasir.com.ua\/\",\"logo\":{\"@type\":\"ImageObject\",\"inLanguage\":\"fr-FR\",\"@id\":\"https:\/\/glasir.com.ua\/#\/schema\/logo\/image\/\",\"url\":\"https:\/\/glasir.com.ua\/wp-content\/uploads\/2023\/06\/cropped-llc-glasir.png\",\"contentUrl\":\"https:\/\/glasir.com.ua\/wp-content\/uploads\/2023\/06\/cropped-llc-glasir.png\",\"width\":250,\"height\":250,\"caption\":\"Glasir\"},\"image\":{\"@id\":\"https:\/\/glasir.com.ua\/#\/schema\/logo\/image\/\"},\"sameAs\":[\"https:\/\/www.pinterest.com\/llc_glasir\",\"https:\/\/g.co\/kgs\/7CK1iZr\"]}]}<\/script>\n<!-- \/ Yoast SEO plugin. -->","yoast_head_json":{"title":"Extension de garantie ApiYoo +2 ans pour 1 produit - Glasir","robots":{"index":"index","follow":"follow","max-snippet":"max-snippet:-1","max-image-preview":"max-image-preview:large","max-video-preview":"max-video-preview:-1"},"canonical":"https:\/\/glasir.com.ua\/fr\/product\/\u043f\u0440\u043e\u0434\u043e\u0432\u0436\u0435\u043d\u043d\u044f-\u0433\u0430\u0440\u0430\u043d\u0442\u0456\u0457-apiyoo-2-\u0440\u043e\u043a\u0438-\u043d\u0430-1-\u043f\u0440\u043e\u0434\u0443\/","og_locale":"fr_FR","og_type":"article","og_title":"\u041f\u0440\u043e\u0434\u043e\u0432\u0436\u0435\u043d\u043d\u044f \u0433\u0430\u0440\u0430\u043d\u0442\u0456\u0457 ApiYoo +2 \u0440\u043e\u043a\u0438 \u043d\u0430 1 \u043f\u0440\u043e\u0434\u0443\u043a\u0442 - Glasir","og_description":"\u041f\u0440\u0438\u0434\u0431\u0430\u0432\u0448\u0438 \u0446\u044e \u043f\u043e\u0441\u043b\u0443\u0433\u0443, \u0432\u0438 \u043e\u0442\u0440\u0438\u043c\u0430\u0454\u0442\u0435 \u043f\u043e\u0434\u043e\u0432\u0436\u0435\u043d\u043d\u044f \u0433\u0430\u0440\u0430\u043d\u0442\u0456\u0457 \u043d\u0430 \u0432\u0438\u0431\u0440\u0430\u043d\u0438\u0439 \u0432\u0430\u043c\u0438 \u043f\u0440\u043e\u0434\u0443\u043a\u0442 ApiYoo \u0443 \u043a\u043e\u0448\u0438\u043a\u0443 \u043d\u0430 2 \u0440\u043e\u043a\u0438 \u043d\u0430 \u0437\u0430\u0433\u0430\u043b\u044c\u043d\u0443 \u0442\u0440\u0438\u0432\u0430\u043b\u0456\u0441\u0442\u044c 3 \u0440\u043e\u043a\u0438 (1 \u0440\u0456\u043a \u0433\u0430\u0440\u0430\u043d\u0442\u0456\u0457 \u0432\u0438\u0440\u043e\u0431\u043d\u0438\u043a\u0430 + 2 \u0440\u043e\u043a\u0438 \u0433\u0430\u0440\u0430\u043d\u0442\u0456\u0457 Glasir).","og_url":"https:\/\/glasir.com.ua\/fr\/product\/\u043f\u0440\u043e\u0434\u043e\u0432\u0436\u0435\u043d\u043d\u044f-\u0433\u0430\u0440\u0430\u043d\u0442\u0456\u0457-apiyoo-2-\u0440\u043e\u043a\u0438-\u043d\u0430-1-\u043f\u0440\u043e\u0434\u0443\/","og_site_name":"Glasir","article_modified_time":"2024-05-12T10:40:05+00:00","og_image":[{"width":1707,"height":2560,"url":"https:\/\/glasir.com.ua\/wp-content\/uploads\/2023\/11\/charlesdeluvio-ew3sC-F6d_c-unsplash-scaled.jpg","type":"image\/jpeg"}],"twitter_card":"summary_large_image","schema":{"@context":"https:\/\/schema.org","@graph":[{"@type":["WebPage","ItemPage"],"@id":"https:\/\/glasir.com.ua\/product\/%d0%bf%d1%80%d0%be%d0%b4%d0%be%d0%b2%d0%b6%d0%b5%d0%bd%d0%bd%d1%8f-%d0%b3%d0%b0%d1%80%d0%b0%d0%bd%d1%82%d1%96%d1%97-apiyoo-2-%d1%80%d0%be%d0%ba%d0%b8-%d0%bd%d0%b0-1-%d0%bf%d1%80%d0%be%d0%b4%d1%83\/","url":"https:\/\/glasir.com.ua\/product\/%d0%bf%d1%80%d0%be%d0%b4%d0%be%d0%b2%d0%b6%d0%b5%d0%bd%d0%bd%d1%8f-%d0%b3%d0%b0%d1%80%d0%b0%d0%bd%d1%82%d1%96%d1%97-apiyoo-2-%d1%80%d0%be%d0%ba%d0%b8-%d0%bd%d0%b0-1-%d0%bf%d1%80%d0%be%d0%b4%d1%83\/","name":"Extension de garantie ApiYoo +2 ans pour 1 produit - Glasir","isPartOf":{"@id":"https:\/\/glasir.com.ua\/#website"},"primaryImageOfPage":{"@id":"https:\/\/glasir.com.ua\/product\/%d0%bf%d1%80%d0%be%d0%b4%d0%be%d0%b2%d0%b6%d0%b5%d0%bd%d0%bd%d1%8f-%d0%b3%d0%b0%d1%80%d0%b0%d0%bd%d1%82%d1%96%d1%97-apiyoo-2-%d1%80%d0%be%d0%ba%d0%b8-%d0%bd%d0%b0-1-%d0%bf%d1%80%d0%be%d0%b4%d1%83\/#primaryimage"},"image":{"@id":"https:\/\/glasir.com.ua\/product\/%d0%bf%d1%80%d0%be%d0%b4%d0%be%d0%b2%d0%b6%d0%b5%d0%bd%d0%bd%d1%8f-%d0%b3%d0%b0%d1%80%d0%b0%d0%bd%d1%82%d1%96%d1%97-apiyoo-2-%d1%80%d0%be%d0%ba%d0%b8-%d0%bd%d0%b0-1-%d0%bf%d1%80%d0%be%d0%b4%d1%83\/#primaryimage"},"thumbnailUrl":"https:\/\/glasir.com.ua\/wp-content\/uploads\/2023\/11\/charlesdeluvio-ew3sC-F6d_c-unsplash-scaled.jpg","datePublished":"2023-11-29T13:51:15+00:00","dateModified":"2024-05-12T10:40:05+00:00","breadcrumb":{"@id":"https:\/\/glasir.com.ua\/product\/%d0%bf%d1%80%d0%be%d0%b4%d0%be%d0%b2%d0%b6%d0%b5%d0%bd%d0%bd%d1%8f-%d0%b3%d0%b0%d1%80%d0%b0%d0%bd%d1%82%d1%96%d1%97-apiyoo-2-%d1%80%d0%be%d0%ba%d0%b8-%d0%bd%d0%b0-1-%d0%bf%d1%80%d0%be%d0%b4%d1%83\/#breadcrumb"},"inLanguage":"fr-FR","potentialAction":[{"@type":"ReadAction","target":["https:\/\/glasir.com.ua\/product\/%d0%bf%d1%80%d0%be%d0%b4%d0%be%d0%b2%d0%b6%d0%b5%d0%bd%d0%bd%d1%8f-%d0%b3%d0%b0%d1%80%d0%b0%d0%bd%d1%82%d1%96%d1%97-apiyoo-2-%d1%80%d0%be%d0%ba%d0%b8-%d0%bd%d0%b0-1-%d0%bf%d1%80%d0%be%d0%b4%d1%83\/"]}]},{"@type":"ImageObject","inLanguage":"fr-FR","@id":"https:\/\/glasir.com.ua\/product\/%d0%bf%d1%80%d0%be%d0%b4%d0%be%d0%b2%d0%b6%d0%b5%d0%bd%d0%bd%d1%8f-%d0%b3%d0%b0%d1%80%d0%b0%d0%bd%d1%82%d1%96%d1%97-apiyoo-2-%d1%80%d0%be%d0%ba%d0%b8-%d0%bd%d0%b0-1-%d0%bf%d1%80%d0%be%d0%b4%d1%83\/#primaryimage","url":"https:\/\/glasir.com.ua\/wp-content\/uploads\/2023\/11\/charlesdeluvio-ew3sC-F6d_c-unsplash-scaled.jpg","contentUrl":"https:\/\/glasir.com.ua\/wp-content\/uploads\/2023\/11\/charlesdeluvio-ew3sC-F6d_c-unsplash-scaled.jpg","width":1707,"height":2560},{"@type":"BreadcrumbList","@id":"https:\/\/glasir.com.ua\/product\/%d0%bf%d1%80%d0%be%d0%b4%d0%be%d0%b2%d0%b6%d0%b5%d0%bd%d0%bd%d1%8f-%d0%b3%d0%b0%d1%80%d0%b0%d0%bd%d1%82%d1%96%d1%97-apiyoo-2-%d1%80%d0%be%d0%ba%d0%b8-%d0%bd%d0%b0-1-%d0%bf%d1%80%d0%be%d0%b4%d1%83\/#breadcrumb","itemListElement":[{"@type":"ListItem","position":1,"name":"Home","item":"https:\/\/glasir.com.ua\/"},{"@type":"ListItem","position":2,"name":"\u0406\u043d\u0442\u0435\u0440\u043d\u0435\u0442-\u043c\u0430\u0433\u0430\u0437\u0438\u043d","item":"https:\/\/glasir.com.ua\/shop\/"},{"@type":"ListItem","position":3,"name":"\u041f\u0440\u043e\u0434\u043e\u0432\u0436\u0435\u043d\u043d\u044f \u0433\u0430\u0440\u0430\u043d\u0442\u0456\u0457 ApiYoo +2 \u0440\u043e\u043a\u0438 \u043d\u0430 1 \u043f\u0440\u043e\u0434\u0443\u043a\u0442"}]},{"@type":"WebSite","@id":"https:\/\/glasir.com.ua\/#website","url":"https:\/\/glasir.com.ua\/","name":"Glasir","description":"Il n&#039;y a pas de comparaison.","publisher":{"@id":"https:\/\/glasir.com.ua\/#organization"},"potentialAction":[{"@type":"SearchAction","target":{"@type":"EntryPoint","urlTemplate":"https:\/\/glasir.com.ua\/?s={search_term_string}"},"query-input":{"@type":"PropertyValueSpecification","valueRequired":true,"valueName":"search_term_string"}}],"inLanguage":"fr-FR"},{"@type":"Organization","@id":"https:\/\/glasir.com.ua\/#organization","name":"Glasir","url":"https:\/\/glasir.com.ua\/","logo":{"@type":"ImageObject","inLanguage":"fr-FR","@id":"https:\/\/glasir.com.ua\/#\/schema\/logo\/image\/","url":"https:\/\/glasir.com.ua\/wp-content\/uploads\/2023\/06\/cropped-llc-glasir.png","contentUrl":"https:\/\/glasir.com.ua\/wp-content\/uploads\/2023\/06\/cropped-llc-glasir.png","width":250,"height":250,"caption":"Glasir"},"image":{"@id":"https:\/\/glasir.com.ua\/#\/schema\/logo\/image\/"},"sameAs":["https:\/\/www.pinterest.com\/llc_glasir","https:\/\/g.co\/kgs\/7CK1iZr"]}]}},"_links":{"self":[{"href":"https:\/\/glasir.com.ua\/fr\/wp-json\/wp\/v2\/product\/672","targetHints":{"allow":["GET"]}}],"collection":[{"href":"https:\/\/glasir.com.ua\/fr\/wp-json\/wp\/v2\/product"}],"about":[{"href":"https:\/\/glasir.com.ua\/fr\/wp-json\/wp\/v2\/types\/product"}],"replies":[{"embeddable":true,"href":"https:\/\/glasir.com.ua\/fr\/wp-json\/wp\/v2\/comments?post=672"}],"wp:featuredmedia":[{"embeddable":true,"href":"https:\/\/glasir.com.ua\/fr\/wp-json\/wp\/v2\/media\/676"}],"wp:attachment":[{"href":"https:\/\/glasir.com.ua\/fr\/wp-json\/wp\/v2\/media?parent=672"}],"wp:term":[{"taxonomy":"product_brand","embeddable":true,"href":"https:\/\/glasir.com.ua\/fr\/wp-json\/wp\/v2\/product_brand?post=672"},{"taxonomy":"product_cat","embeddable":true,"href":"https:\/\/glasir.com.ua\/fr\/wp-json\/wp\/v2\/product_cat?post=672"},{"taxonomy":"product_tag","embeddable":true,"href":"https:\/\/glasir.com.ua\/fr\/wp-json\/wp\/v2\/product_tag?post=672"}],"curies":[{"name":"wp","href":"https:\/\/api.w.org\/{rel}","templated":true}]}}