{"id":2402,"date":"2026-01-13T16:50:10","date_gmt":"2026-01-13T14:50:10","guid":{"rendered":"https:\/\/glasir.com.ua\/?post_type=product&#038;p=2402"},"modified":"2026-01-15T12:42:28","modified_gmt":"2026-01-15T10:42:28","slug":"%d0%bf%d0%bd%d0%b5%d0%b2%d0%bc%d0%be%d0%b4%d1%80%d0%be%d1%81%d0%b5%d0%bb%d1%8c-camozzi-mco-704-1-8","status":"publish","type":"product","link":"https:\/\/glasir.com.ua\/fr\/product\/%d0%bf%d0%bd%d0%b5%d0%b2%d0%bc%d0%be%d0%b4%d1%80%d0%be%d1%81%d0%b5%d0%bb%d1%8c-camozzi-mco-704-1-8\/","title":{"rendered":"Camozzi MCO 704-1\/8 air throttle"},"content":{"rendered":"<p><!--StartFragment --><\/p>\n<p><!--StartFragment --><\/p>\n<p><!--EndFragment --><\/p>\n<p><!--StartFragment --><\/p>\n<p class=\"pf0\"><!--StartFragment --><\/p>\n<p><!--StartFragment --><\/p>\n<p class=\"pf0\"><!--StartFragment --><\/p>\n<p><!--EndFragment --><\/p>\n<p><!--StartFragment --><\/p>\n<p><!--EndFragment --><\/p>\n<p><span dir=\"auto\">Camozzi MCO 704-1\/8<\/span><span dir=\"auto\"> - est un \u00e9trangleur pneumatique ou une vanne de r\u00e9glage fin de Camozzi, utilis\u00e9 pour contr\u00f4ler avec pr\u00e9cision le flux d'air dans les syst\u00e8mes pneumatiques. Elle a un raccord G1\/8\u2033 et un al\u00e9sage nominal de 2 mm.<br \/>\n<\/span><span dir=\"auto\">Construction : type d'aiguille.<br \/>\n<\/span><span dir=\"auto\">Raccordement : G1\/8\u2033.<br \/>\n<\/span><span dir=\"auto\">Hauteur totale : 46 mm.<br \/>\n<\/span><span dir=\"auto\">Pression de travail : 0,9...10 bar.<br \/>\n<\/span><span dir=\"auto\">Pression nominale : 6 bar.<br \/>\n<\/span><span dir=\"auto\">Passage conditionnel : 2mm.<br \/>\nTemp\u00e9rature de fonctionnement <\/span><span dir=\"auto\">0...80\u0421. <\/span><span dir=\"auto\"><br \/>\nEnvironnement de travail : air filtr\u00e9.<\/span><br \/>\n<span dir=\"auto\">Mat\u00e9riau. <\/span><span dir=\"auto\">corps : laiton. Joints d'\u00e9tanch\u00e9it\u00e9. <\/span><span dir=\"auto\">NBR.<\/span><\/p>\n<p>Si vous recherchez un code produit sp\u00e9cifique de Camozzi, mais que vous ne l&#039;avez pas trouv\u00e9 parmi nos offres, veuillez <a href=\"https:\/\/glasir.com.ua\/fr\/contacts\/\">envoyez-nous une demande<\/a>.<br \/>\nL&#039;\u00e9quipe Glasir se fera un plaisir de vous accompagner et de vous pr\u00e9parer une offre commerciale.<br \/>\nNous sommes toujours pr\u00eats \u00e0 vous fournir les informations n\u00e9cessaires et \u00e0 trouver la solution optimale pour votre entreprise.<br \/>\nEnvoyez-nous vos demandes et nous serons heureux de vous aider !<\/p>","protected":false},"excerpt":{"rendered":"<p>Camozzi MCO 704-1\/8 air throttle<\/p>","protected":false},"featured_media":2403,"comment_status":"open","ping_status":"closed","template":"","meta":[],"product_brand":[],"product_cat":[122],"product_tag":[124],"class_list":{"0":"post-2402","1":"product","2":"type-product","3":"status-publish","4":"has-post-thumbnail","6":"product_cat-122","7":"product_tag-camozzi","9":"first","10":"onbackorder","11":"taxable","12":"shipping-taxable","13":"purchasable","14":"product-type-simple"},"yoast_head":"<!-- This site is optimized with the Yoast SEO plugin v27.2 - https:\/\/yoast.com\/product\/yoast-seo-wordpress\/ -->\n<title>\u041f\u043d\u0435\u0432\u043c\u043e\u0434\u0440\u043e\u0441\u0435\u043b\u044c Camozzi MCO 704-1\/8 - Glasir<\/title>\n<meta name=\"robots\" content=\"index, follow, max-snippet:-1, max-image-preview:large, max-video-preview:-1\" \/>\n<link rel=\"canonical\" href=\"https:\/\/glasir.com.ua\/fr\/product\/\u043f\u043d\u0435\u0432\u043c\u043e\u0434\u0440\u043e\u0441\u0435\u043b\u044c-camozzi-mco-704-1-8\/\" \/>\n<meta property=\"og:locale\" content=\"fr_FR\" \/>\n<meta property=\"og:type\" content=\"article\" \/>\n<meta property=\"og:title\" content=\"\u041f\u043d\u0435\u0432\u043c\u043e\u0434\u0440\u043e\u0441\u0435\u043b\u044c Camozzi MCO 704-1\/8 - Glasir\" \/>\n<meta property=\"og:description\" content=\"\u041f\u043d\u0435\u0432\u043c\u043e\u0434\u0440\u043e\u0441\u0435\u043b\u044c Camozzi MCO 704-1\/8\" \/>\n<meta property=\"og:url\" content=\"https:\/\/glasir.com.ua\/fr\/product\/\u043f\u043d\u0435\u0432\u043c\u043e\u0434\u0440\u043e\u0441\u0435\u043b\u044c-camozzi-mco-704-1-8\/\" \/>\n<meta property=\"og:site_name\" content=\"Glasir\" \/>\n<meta property=\"article:modified_time\" content=\"2026-01-15T10:42:28+00:00\" \/>\n<meta property=\"og:image\" content=\"http:\/\/glasir.com.ua\/wp-content\/uploads\/2026\/01\/\u041f\u043d\u0435\u0432\u043c\u043e\u0434\u0440\u043e\u0441\u0435\u043b\u044c-Camozzi-MCO-704-1-8.jpg\" \/>\n\t<meta property=\"og:image:width\" content=\"1178\" \/>\n\t<meta property=\"og:image:height\" content=\"1178\" \/>\n\t<meta property=\"og:image:type\" content=\"image\/jpeg\" \/>\n<meta name=\"twitter:card\" content=\"summary_large_image\" \/>\n<meta name=\"twitter:label1\" content=\"Dur\u00e9e de lecture estim\u00e9e\" \/>\n\t<meta name=\"twitter:data1\" content=\"1 minute\" \/>\n<script type=\"application\/ld+json\" class=\"yoast-schema-graph\">{\"@context\":\"https:\/\/schema.org\",\"@graph\":[{\"@type\":[\"WebPage\",\"ItemPage\"],\"@id\":\"https:\/\/glasir.com.ua\/product\/%d0%bf%d0%bd%d0%b5%d0%b2%d0%bc%d0%be%d0%b4%d1%80%d0%be%d1%81%d0%b5%d0%bb%d1%8c-camozzi-mco-704-1-8\/\",\"url\":\"https:\/\/glasir.com.ua\/product\/%d0%bf%d0%bd%d0%b5%d0%b2%d0%bc%d0%be%d0%b4%d1%80%d0%be%d1%81%d0%b5%d0%bb%d1%8c-camozzi-mco-704-1-8\/\",\"name\":\"\u041f\u043d\u0435\u0432\u043c\u043e\u0434\u0440\u043e\u0441\u0435\u043b\u044c Camozzi MCO 704-1\/8 - Glasir\",\"isPartOf\":{\"@id\":\"https:\/\/glasir.com.ua\/#website\"},\"primaryImageOfPage\":{\"@id\":\"https:\/\/glasir.com.ua\/product\/%d0%bf%d0%bd%d0%b5%d0%b2%d0%bc%d0%be%d0%b4%d1%80%d0%be%d1%81%d0%b5%d0%bb%d1%8c-camozzi-mco-704-1-8\/#primaryimage\"},\"image\":{\"@id\":\"https:\/\/glasir.com.ua\/product\/%d0%bf%d0%bd%d0%b5%d0%b2%d0%bc%d0%be%d0%b4%d1%80%d0%be%d1%81%d0%b5%d0%bb%d1%8c-camozzi-mco-704-1-8\/#primaryimage\"},\"thumbnailUrl\":\"https:\/\/glasir.com.ua\/wp-content\/uploads\/2026\/01\/\u041f\u043d\u0435\u0432\u043c\u043e\u0434\u0440\u043e\u0441\u0435\u043b\u044c-Camozzi-MCO-704-1-8.jpg\",\"datePublished\":\"2026-01-13T14:50:10+00:00\",\"dateModified\":\"2026-01-15T10:42:28+00:00\",\"breadcrumb\":{\"@id\":\"https:\/\/glasir.com.ua\/product\/%d0%bf%d0%bd%d0%b5%d0%b2%d0%bc%d0%be%d0%b4%d1%80%d0%be%d1%81%d0%b5%d0%bb%d1%8c-camozzi-mco-704-1-8\/#breadcrumb\"},\"inLanguage\":\"fr-FR\",\"potentialAction\":[{\"@type\":\"ReadAction\",\"target\":[\"https:\/\/glasir.com.ua\/product\/%d0%bf%d0%bd%d0%b5%d0%b2%d0%bc%d0%be%d0%b4%d1%80%d0%be%d1%81%d0%b5%d0%bb%d1%8c-camozzi-mco-704-1-8\/\"]}]},{\"@type\":\"ImageObject\",\"inLanguage\":\"fr-FR\",\"@id\":\"https:\/\/glasir.com.ua\/product\/%d0%bf%d0%bd%d0%b5%d0%b2%d0%bc%d0%be%d0%b4%d1%80%d0%be%d1%81%d0%b5%d0%bb%d1%8c-camozzi-mco-704-1-8\/#primaryimage\",\"url\":\"https:\/\/glasir.com.ua\/wp-content\/uploads\/2026\/01\/\u041f\u043d\u0435\u0432\u043c\u043e\u0434\u0440\u043e\u0441\u0435\u043b\u044c-Camozzi-MCO-704-1-8.jpg\",\"contentUrl\":\"https:\/\/glasir.com.ua\/wp-content\/uploads\/2026\/01\/\u041f\u043d\u0435\u0432\u043c\u043e\u0434\u0440\u043e\u0441\u0435\u043b\u044c-Camozzi-MCO-704-1-8.jpg\",\"width\":1178,\"height\":1178,\"caption\":\"\u041f\u043d\u0435\u0432\u043c\u043e\u0434\u0440\u043e\u0441\u0435\u043b\u044c Camozzi MCO 704 1\/8\"},{\"@type\":\"BreadcrumbList\",\"@id\":\"https:\/\/glasir.com.ua\/product\/%d0%bf%d0%bd%d0%b5%d0%b2%d0%bc%d0%be%d0%b4%d1%80%d0%be%d1%81%d0%b5%d0%bb%d1%8c-camozzi-mco-704-1-8\/#breadcrumb\",\"itemListElement\":[{\"@type\":\"ListItem\",\"position\":1,\"name\":\"Home\",\"item\":\"https:\/\/glasir.com.ua\/\"},{\"@type\":\"ListItem\",\"position\":2,\"name\":\"\u0406\u043d\u0442\u0435\u0440\u043d\u0435\u0442-\u043c\u0430\u0433\u0430\u0437\u0438\u043d\",\"item\":\"https:\/\/glasir.com.ua\/shop\/\"},{\"@type\":\"ListItem\",\"position\":3,\"name\":\"\u041f\u043d\u0435\u0432\u043c\u043e\u0434\u0440\u043e\u0441\u0435\u043b\u044c Camozzi MCO 704-1\/8\"}]},{\"@type\":\"WebSite\",\"@id\":\"https:\/\/glasir.com.ua\/#website\",\"url\":\"https:\/\/glasir.com.ua\/\",\"name\":\"Glasir\",\"description\":\"\u041d\u0435\u043c\u0430\u0454 \u043f\u043e\u0440\u0456\u0432\u043d\u044f\u043d\u043d\u044f.\",\"publisher\":{\"@id\":\"https:\/\/glasir.com.ua\/#organization\"},\"potentialAction\":[{\"@type\":\"SearchAction\",\"target\":{\"@type\":\"EntryPoint\",\"urlTemplate\":\"https:\/\/glasir.com.ua\/?s={search_term_string}\"},\"query-input\":{\"@type\":\"PropertyValueSpecification\",\"valueRequired\":true,\"valueName\":\"search_term_string\"}}],\"inLanguage\":\"fr-FR\"},{\"@type\":\"Organization\",\"@id\":\"https:\/\/glasir.com.ua\/#organization\",\"name\":\"Glasir\",\"url\":\"https:\/\/glasir.com.ua\/\",\"logo\":{\"@type\":\"ImageObject\",\"inLanguage\":\"fr-FR\",\"@id\":\"https:\/\/glasir.com.ua\/#\/schema\/logo\/image\/\",\"url\":\"https:\/\/glasir.com.ua\/wp-content\/uploads\/2023\/06\/cropped-llc-glasir.png\",\"contentUrl\":\"https:\/\/glasir.com.ua\/wp-content\/uploads\/2023\/06\/cropped-llc-glasir.png\",\"width\":250,\"height\":250,\"caption\":\"Glasir\"},\"image\":{\"@id\":\"https:\/\/glasir.com.ua\/#\/schema\/logo\/image\/\"},\"sameAs\":[\"https:\/\/www.pinterest.com\/llc_glasir\",\"https:\/\/g.co\/kgs\/7CK1iZr\"]}]}<\/script>\n<!-- \/ Yoast SEO plugin. -->","yoast_head_json":{"title":"Camozzi MCO 704-1\/8 air throttle - Glasir","robots":{"index":"index","follow":"follow","max-snippet":"max-snippet:-1","max-image-preview":"max-image-preview:large","max-video-preview":"max-video-preview:-1"},"canonical":"https:\/\/glasir.com.ua\/fr\/product\/\u043f\u043d\u0435\u0432\u043c\u043e\u0434\u0440\u043e\u0441\u0435\u043b\u044c-camozzi-mco-704-1-8\/","og_locale":"fr_FR","og_type":"article","og_title":"\u041f\u043d\u0435\u0432\u043c\u043e\u0434\u0440\u043e\u0441\u0435\u043b\u044c Camozzi MCO 704-1\/8 - Glasir","og_description":"\u041f\u043d\u0435\u0432\u043c\u043e\u0434\u0440\u043e\u0441\u0435\u043b\u044c Camozzi MCO 704-1\/8","og_url":"https:\/\/glasir.com.ua\/fr\/product\/\u043f\u043d\u0435\u0432\u043c\u043e\u0434\u0440\u043e\u0441\u0435\u043b\u044c-camozzi-mco-704-1-8\/","og_site_name":"Glasir","article_modified_time":"2026-01-15T10:42:28+00:00","og_image":[{"width":1178,"height":1178,"url":"http:\/\/glasir.com.ua\/wp-content\/uploads\/2026\/01\/\u041f\u043d\u0435\u0432\u043c\u043e\u0434\u0440\u043e\u0441\u0435\u043b\u044c-Camozzi-MCO-704-1-8.jpg","type":"image\/jpeg"}],"twitter_card":"summary_large_image","twitter_misc":{"Dur\u00e9e de lecture estim\u00e9e":"1 minute"},"schema":{"@context":"https:\/\/schema.org","@graph":[{"@type":["WebPage","ItemPage"],"@id":"https:\/\/glasir.com.ua\/product\/%d0%bf%d0%bd%d0%b5%d0%b2%d0%bc%d0%be%d0%b4%d1%80%d0%be%d1%81%d0%b5%d0%bb%d1%8c-camozzi-mco-704-1-8\/","url":"https:\/\/glasir.com.ua\/product\/%d0%bf%d0%bd%d0%b5%d0%b2%d0%bc%d0%be%d0%b4%d1%80%d0%be%d1%81%d0%b5%d0%bb%d1%8c-camozzi-mco-704-1-8\/","name":"Camozzi MCO 704-1\/8 air throttle - Glasir","isPartOf":{"@id":"https:\/\/glasir.com.ua\/#website"},"primaryImageOfPage":{"@id":"https:\/\/glasir.com.ua\/product\/%d0%bf%d0%bd%d0%b5%d0%b2%d0%bc%d0%be%d0%b4%d1%80%d0%be%d1%81%d0%b5%d0%bb%d1%8c-camozzi-mco-704-1-8\/#primaryimage"},"image":{"@id":"https:\/\/glasir.com.ua\/product\/%d0%bf%d0%bd%d0%b5%d0%b2%d0%bc%d0%be%d0%b4%d1%80%d0%be%d1%81%d0%b5%d0%bb%d1%8c-camozzi-mco-704-1-8\/#primaryimage"},"thumbnailUrl":"https:\/\/glasir.com.ua\/wp-content\/uploads\/2026\/01\/\u041f\u043d\u0435\u0432\u043c\u043e\u0434\u0440\u043e\u0441\u0435\u043b\u044c-Camozzi-MCO-704-1-8.jpg","datePublished":"2026-01-13T14:50:10+00:00","dateModified":"2026-01-15T10:42:28+00:00","breadcrumb":{"@id":"https:\/\/glasir.com.ua\/product\/%d0%bf%d0%bd%d0%b5%d0%b2%d0%bc%d0%be%d0%b4%d1%80%d0%be%d1%81%d0%b5%d0%bb%d1%8c-camozzi-mco-704-1-8\/#breadcrumb"},"inLanguage":"fr-FR","potentialAction":[{"@type":"ReadAction","target":["https:\/\/glasir.com.ua\/product\/%d0%bf%d0%bd%d0%b5%d0%b2%d0%bc%d0%be%d0%b4%d1%80%d0%be%d1%81%d0%b5%d0%bb%d1%8c-camozzi-mco-704-1-8\/"]}]},{"@type":"ImageObject","inLanguage":"fr-FR","@id":"https:\/\/glasir.com.ua\/product\/%d0%bf%d0%bd%d0%b5%d0%b2%d0%bc%d0%be%d0%b4%d1%80%d0%be%d1%81%d0%b5%d0%bb%d1%8c-camozzi-mco-704-1-8\/#primaryimage","url":"https:\/\/glasir.com.ua\/wp-content\/uploads\/2026\/01\/\u041f\u043d\u0435\u0432\u043c\u043e\u0434\u0440\u043e\u0441\u0435\u043b\u044c-Camozzi-MCO-704-1-8.jpg","contentUrl":"https:\/\/glasir.com.ua\/wp-content\/uploads\/2026\/01\/\u041f\u043d\u0435\u0432\u043c\u043e\u0434\u0440\u043e\u0441\u0435\u043b\u044c-Camozzi-MCO-704-1-8.jpg","width":1178,"height":1178,"caption":"\u041f\u043d\u0435\u0432\u043c\u043e\u0434\u0440\u043e\u0441\u0435\u043b\u044c Camozzi MCO 704 1\/8"},{"@type":"BreadcrumbList","@id":"https:\/\/glasir.com.ua\/product\/%d0%bf%d0%bd%d0%b5%d0%b2%d0%bc%d0%be%d0%b4%d1%80%d0%be%d1%81%d0%b5%d0%bb%d1%8c-camozzi-mco-704-1-8\/#breadcrumb","itemListElement":[{"@type":"ListItem","position":1,"name":"Home","item":"https:\/\/glasir.com.ua\/"},{"@type":"ListItem","position":2,"name":"\u0406\u043d\u0442\u0435\u0440\u043d\u0435\u0442-\u043c\u0430\u0433\u0430\u0437\u0438\u043d","item":"https:\/\/glasir.com.ua\/shop\/"},{"@type":"ListItem","position":3,"name":"\u041f\u043d\u0435\u0432\u043c\u043e\u0434\u0440\u043e\u0441\u0435\u043b\u044c Camozzi MCO 704-1\/8"}]},{"@type":"WebSite","@id":"https:\/\/glasir.com.ua\/#website","url":"https:\/\/glasir.com.ua\/","name":"Glasir","description":"Il n&#039;y a pas de comparaison.","publisher":{"@id":"https:\/\/glasir.com.ua\/#organization"},"potentialAction":[{"@type":"SearchAction","target":{"@type":"EntryPoint","urlTemplate":"https:\/\/glasir.com.ua\/?s={search_term_string}"},"query-input":{"@type":"PropertyValueSpecification","valueRequired":true,"valueName":"search_term_string"}}],"inLanguage":"fr-FR"},{"@type":"Organization","@id":"https:\/\/glasir.com.ua\/#organization","name":"Glasir","url":"https:\/\/glasir.com.ua\/","logo":{"@type":"ImageObject","inLanguage":"fr-FR","@id":"https:\/\/glasir.com.ua\/#\/schema\/logo\/image\/","url":"https:\/\/glasir.com.ua\/wp-content\/uploads\/2023\/06\/cropped-llc-glasir.png","contentUrl":"https:\/\/glasir.com.ua\/wp-content\/uploads\/2023\/06\/cropped-llc-glasir.png","width":250,"height":250,"caption":"Glasir"},"image":{"@id":"https:\/\/glasir.com.ua\/#\/schema\/logo\/image\/"},"sameAs":["https:\/\/www.pinterest.com\/llc_glasir","https:\/\/g.co\/kgs\/7CK1iZr"]}]}},"_links":{"self":[{"href":"https:\/\/glasir.com.ua\/fr\/wp-json\/wp\/v2\/product\/2402","targetHints":{"allow":["GET"]}}],"collection":[{"href":"https:\/\/glasir.com.ua\/fr\/wp-json\/wp\/v2\/product"}],"about":[{"href":"https:\/\/glasir.com.ua\/fr\/wp-json\/wp\/v2\/types\/product"}],"replies":[{"embeddable":true,"href":"https:\/\/glasir.com.ua\/fr\/wp-json\/wp\/v2\/comments?post=2402"}],"wp:featuredmedia":[{"embeddable":true,"href":"https:\/\/glasir.com.ua\/fr\/wp-json\/wp\/v2\/media\/2403"}],"wp:attachment":[{"href":"https:\/\/glasir.com.ua\/fr\/wp-json\/wp\/v2\/media?parent=2402"}],"wp:term":[{"taxonomy":"product_brand","embeddable":true,"href":"https:\/\/glasir.com.ua\/fr\/wp-json\/wp\/v2\/product_brand?post=2402"},{"taxonomy":"product_cat","embeddable":true,"href":"https:\/\/glasir.com.ua\/fr\/wp-json\/wp\/v2\/product_cat?post=2402"},{"taxonomy":"product_tag","embeddable":true,"href":"https:\/\/glasir.com.ua\/fr\/wp-json\/wp\/v2\/product_tag?post=2402"}],"curies":[{"name":"wp","href":"https:\/\/api.w.org\/{rel}","templated":true}]}}