{"id":2241,"date":"2025-11-04T14:37:28","date_gmt":"2025-11-04T12:37:28","guid":{"rendered":"https:\/\/glasir.com.ua\/?post_type=product&#038;p=2241"},"modified":"2025-11-19T15:23:38","modified_gmt":"2025-11-19T13:23:38","slug":"%d0%ba%d0%b5%d1%82%d1%87%d1%83%d0%bf-%d0%b3%d0%be%d1%81%d1%82%d1%80%d0%b8%d0%b9-312-%d0%bc%d0%bb","status":"publish","type":"product","link":"https:\/\/glasir.com.ua\/fr\/product\/%d0%ba%d0%b5%d1%82%d1%87%d1%83%d0%bf-%d0%b3%d0%be%d1%81%d1%82%d1%80%d0%b8%d0%b9-312-%d0%bc%d0%bb\/","title":{"rendered":"Ketchup \u00abOsteriy\u00bb (312 ml)"},"content":{"rendered":"<p>Le Ketchup \u00e9pic\u00e9 au piment (312 ml) est une explosion de saveur pour les vrais gourmets ! Il poss\u00e8de un ar\u00f4me distinctif et un piquant agr\u00e9able.<\/p>","protected":false},"excerpt":{"rendered":"<p>Convient pour la viande, les hot-dogs, les saucisses grill\u00e9es et m\u00eame les p\u00e2tes ou les plats cuisin\u00e9s. Il peut \u00eatre utilis\u00e9 comme base pour les sauces piquantes et les marinades pour barbecue.<\/p>","protected":false},"featured_media":2254,"comment_status":"open","ping_status":"closed","template":"","meta":[],"product_brand":[],"product_cat":[245],"product_tag":[255],"class_list":{"0":"post-2241","1":"product","2":"type-product","3":"status-publish","4":"has-post-thumbnail","6":"product_cat-245","7":"product_tag-255","9":"first","10":"instock","11":"taxable","12":"shipping-taxable","13":"purchasable","14":"product-type-simple"},"yoast_head":"<!-- This site is optimized with the Yoast SEO plugin v27.2 - https:\/\/yoast.com\/product\/yoast-seo-wordpress\/ -->\n<title>\u041a\u0435\u0442\u0447\u0443\u043f \u00ab\u0413\u043e\u0441\u0442\u0440\u0438\u0439\u00bb (312 \u043c\u043b) - Glasir<\/title>\n<meta name=\"robots\" content=\"index, follow, max-snippet:-1, max-image-preview:large, max-video-preview:-1\" \/>\n<link rel=\"canonical\" href=\"https:\/\/glasir.com.ua\/fr\/product\/\u043a\u0435\u0442\u0447\u0443\u043f-\u0433\u043e\u0441\u0442\u0440\u0438\u0439-312-\u043c\u043b\/\" \/>\n<meta property=\"og:locale\" content=\"fr_FR\" \/>\n<meta property=\"og:type\" content=\"article\" \/>\n<meta property=\"og:title\" content=\"\u041a\u0435\u0442\u0447\u0443\u043f \u00ab\u0413\u043e\u0441\u0442\u0440\u0438\u0439\u00bb (312 \u043c\u043b) - Glasir\" \/>\n<meta property=\"og:description\" content=\"\u041f\u0456\u0434\u0445\u043e\u0434\u0438\u0442\u044c \u0434\u043e \u043c\u2019\u044f\u0441\u0430, \u0445\u043e\u0442-\u0434\u043e\u0433\u0456\u0432, \u043a\u043e\u0432\u0431\u0430\u0441\u043e\u043a-\u0433\u0440\u0438\u043b\u044c \u0456 \u043d\u0430\u0432\u0456\u0442\u044c \u0434\u043e \u043f\u0430\u0441\u0442\u0438 \u0430\u0431\u043e \u0437\u0430\u043f\u0456\u043a\u0430\u043d\u043a\u0438. \u041c\u043e\u0436\u0435 \u0441\u0442\u0430\u0442\u0438 \u043e\u0441\u043d\u043e\u0432\u043e\u044e \u0434\u043b\u044f \u0433\u043e\u0441\u0442\u0440\u0438\u0445 \u0441\u043e\u0443\u0441\u0456\u0432 \u0456 \u0431\u0430\u0440\u0431\u0435\u043a\u044e-\u043c\u0430\u0440\u0438\u043d\u0430\u0434\u0456\u0432.\" \/>\n<meta property=\"og:url\" content=\"https:\/\/glasir.com.ua\/fr\/product\/\u043a\u0435\u0442\u0447\u0443\u043f-\u0433\u043e\u0441\u0442\u0440\u0438\u0439-312-\u043c\u043b\/\" \/>\n<meta property=\"og:site_name\" content=\"Glasir\" \/>\n<meta property=\"article:modified_time\" content=\"2025-11-19T13:23:38+00:00\" \/>\n<meta property=\"og:image\" content=\"http:\/\/glasir.com.ua\/wp-content\/uploads\/2025\/11\/\u043a\u0435\u0442\u0447\u0443\u043f-\u0433\u043e\u0441\u0442\u0440\u0438\u0439.jpg\" \/>\n\t<meta property=\"og:image:width\" content=\"1000\" \/>\n\t<meta property=\"og:image:height\" content=\"1000\" \/>\n\t<meta property=\"og:image:type\" content=\"image\/jpeg\" \/>\n<meta name=\"twitter:card\" content=\"summary_large_image\" \/>\n<meta name=\"twitter:label1\" content=\"Dur\u00e9e de lecture estim\u00e9e\" \/>\n\t<meta name=\"twitter:data1\" content=\"1 minute\" \/>\n<script type=\"application\/ld+json\" class=\"yoast-schema-graph\">{\"@context\":\"https:\/\/schema.org\",\"@graph\":[{\"@type\":[\"WebPage\",\"ItemPage\"],\"@id\":\"https:\/\/glasir.com.ua\/product\/%d0%ba%d0%b5%d1%82%d1%87%d1%83%d0%bf-%d0%b3%d0%be%d1%81%d1%82%d1%80%d0%b8%d0%b9-312-%d0%bc%d0%bb\/\",\"url\":\"https:\/\/glasir.com.ua\/product\/%d0%ba%d0%b5%d1%82%d1%87%d1%83%d0%bf-%d0%b3%d0%be%d1%81%d1%82%d1%80%d0%b8%d0%b9-312-%d0%bc%d0%bb\/\",\"name\":\"\u041a\u0435\u0442\u0447\u0443\u043f \u00ab\u0413\u043e\u0441\u0442\u0440\u0438\u0439\u00bb (312 \u043c\u043b) - Glasir\",\"isPartOf\":{\"@id\":\"https:\/\/glasir.com.ua\/#website\"},\"primaryImageOfPage\":{\"@id\":\"https:\/\/glasir.com.ua\/product\/%d0%ba%d0%b5%d1%82%d1%87%d1%83%d0%bf-%d0%b3%d0%be%d1%81%d1%82%d1%80%d0%b8%d0%b9-312-%d0%bc%d0%bb\/#primaryimage\"},\"image\":{\"@id\":\"https:\/\/glasir.com.ua\/product\/%d0%ba%d0%b5%d1%82%d1%87%d1%83%d0%bf-%d0%b3%d0%be%d1%81%d1%82%d1%80%d0%b8%d0%b9-312-%d0%bc%d0%bb\/#primaryimage\"},\"thumbnailUrl\":\"https:\/\/glasir.com.ua\/wp-content\/uploads\/2025\/11\/\u043a\u0435\u0442\u0447\u0443\u043f-\u0433\u043e\u0441\u0442\u0440\u0438\u0439.jpg\",\"datePublished\":\"2025-11-04T12:37:28+00:00\",\"dateModified\":\"2025-11-19T13:23:38+00:00\",\"breadcrumb\":{\"@id\":\"https:\/\/glasir.com.ua\/product\/%d0%ba%d0%b5%d1%82%d1%87%d1%83%d0%bf-%d0%b3%d0%be%d1%81%d1%82%d1%80%d0%b8%d0%b9-312-%d0%bc%d0%bb\/#breadcrumb\"},\"inLanguage\":\"fr-FR\",\"potentialAction\":[{\"@type\":\"ReadAction\",\"target\":[\"https:\/\/glasir.com.ua\/product\/%d0%ba%d0%b5%d1%82%d1%87%d1%83%d0%bf-%d0%b3%d0%be%d1%81%d1%82%d1%80%d0%b8%d0%b9-312-%d0%bc%d0%bb\/\"]}]},{\"@type\":\"ImageObject\",\"inLanguage\":\"fr-FR\",\"@id\":\"https:\/\/glasir.com.ua\/product\/%d0%ba%d0%b5%d1%82%d1%87%d1%83%d0%bf-%d0%b3%d0%be%d1%81%d1%82%d1%80%d0%b8%d0%b9-312-%d0%bc%d0%bb\/#primaryimage\",\"url\":\"https:\/\/glasir.com.ua\/wp-content\/uploads\/2025\/11\/\u043a\u0435\u0442\u0447\u0443\u043f-\u0433\u043e\u0441\u0442\u0440\u0438\u0439.jpg\",\"contentUrl\":\"https:\/\/glasir.com.ua\/wp-content\/uploads\/2025\/11\/\u043a\u0435\u0442\u0447\u0443\u043f-\u0433\u043e\u0441\u0442\u0440\u0438\u0439.jpg\",\"width\":1000,\"height\":1000},{\"@type\":\"BreadcrumbList\",\"@id\":\"https:\/\/glasir.com.ua\/product\/%d0%ba%d0%b5%d1%82%d1%87%d1%83%d0%bf-%d0%b3%d0%be%d1%81%d1%82%d1%80%d0%b8%d0%b9-312-%d0%bc%d0%bb\/#breadcrumb\",\"itemListElement\":[{\"@type\":\"ListItem\",\"position\":1,\"name\":\"Home\",\"item\":\"https:\/\/glasir.com.ua\/\"},{\"@type\":\"ListItem\",\"position\":2,\"name\":\"\u0406\u043d\u0442\u0435\u0440\u043d\u0435\u0442-\u043c\u0430\u0433\u0430\u0437\u0438\u043d\",\"item\":\"https:\/\/glasir.com.ua\/shop\/\"},{\"@type\":\"ListItem\",\"position\":3,\"name\":\"\u041a\u0435\u0442\u0447\u0443\u043f \u00ab\u0413\u043e\u0441\u0442\u0440\u0438\u0439\u00bb (312 \u043c\u043b)\"}]},{\"@type\":\"WebSite\",\"@id\":\"https:\/\/glasir.com.ua\/#website\",\"url\":\"https:\/\/glasir.com.ua\/\",\"name\":\"Glasir\",\"description\":\"\u041d\u0435\u043c\u0430\u0454 \u043f\u043e\u0440\u0456\u0432\u043d\u044f\u043d\u043d\u044f.\",\"publisher\":{\"@id\":\"https:\/\/glasir.com.ua\/#organization\"},\"potentialAction\":[{\"@type\":\"SearchAction\",\"target\":{\"@type\":\"EntryPoint\",\"urlTemplate\":\"https:\/\/glasir.com.ua\/?s={search_term_string}\"},\"query-input\":{\"@type\":\"PropertyValueSpecification\",\"valueRequired\":true,\"valueName\":\"search_term_string\"}}],\"inLanguage\":\"fr-FR\"},{\"@type\":\"Organization\",\"@id\":\"https:\/\/glasir.com.ua\/#organization\",\"name\":\"Glasir\",\"url\":\"https:\/\/glasir.com.ua\/\",\"logo\":{\"@type\":\"ImageObject\",\"inLanguage\":\"fr-FR\",\"@id\":\"https:\/\/glasir.com.ua\/#\/schema\/logo\/image\/\",\"url\":\"https:\/\/glasir.com.ua\/wp-content\/uploads\/2023\/06\/cropped-llc-glasir.png\",\"contentUrl\":\"https:\/\/glasir.com.ua\/wp-content\/uploads\/2023\/06\/cropped-llc-glasir.png\",\"width\":250,\"height\":250,\"caption\":\"Glasir\"},\"image\":{\"@id\":\"https:\/\/glasir.com.ua\/#\/schema\/logo\/image\/\"},\"sameAs\":[\"https:\/\/www.pinterest.com\/llc_glasir\",\"https:\/\/g.co\/kgs\/7CK1iZr\"]}]}<\/script>\n<!-- \/ Yoast SEO plugin. -->","yoast_head_json":{"title":"Ketchup \u00abSpicy\u00bb (312 ml) - Glasir","robots":{"index":"index","follow":"follow","max-snippet":"max-snippet:-1","max-image-preview":"max-image-preview:large","max-video-preview":"max-video-preview:-1"},"canonical":"https:\/\/glasir.com.ua\/fr\/product\/\u043a\u0435\u0442\u0447\u0443\u043f-\u0433\u043e\u0441\u0442\u0440\u0438\u0439-312-\u043c\u043b\/","og_locale":"fr_FR","og_type":"article","og_title":"\u041a\u0435\u0442\u0447\u0443\u043f \u00ab\u0413\u043e\u0441\u0442\u0440\u0438\u0439\u00bb (312 \u043c\u043b) - Glasir","og_description":"\u041f\u0456\u0434\u0445\u043e\u0434\u0438\u0442\u044c \u0434\u043e \u043c\u2019\u044f\u0441\u0430, \u0445\u043e\u0442-\u0434\u043e\u0433\u0456\u0432, \u043a\u043e\u0432\u0431\u0430\u0441\u043e\u043a-\u0433\u0440\u0438\u043b\u044c \u0456 \u043d\u0430\u0432\u0456\u0442\u044c \u0434\u043e \u043f\u0430\u0441\u0442\u0438 \u0430\u0431\u043e \u0437\u0430\u043f\u0456\u043a\u0430\u043d\u043a\u0438. \u041c\u043e\u0436\u0435 \u0441\u0442\u0430\u0442\u0438 \u043e\u0441\u043d\u043e\u0432\u043e\u044e \u0434\u043b\u044f \u0433\u043e\u0441\u0442\u0440\u0438\u0445 \u0441\u043e\u0443\u0441\u0456\u0432 \u0456 \u0431\u0430\u0440\u0431\u0435\u043a\u044e-\u043c\u0430\u0440\u0438\u043d\u0430\u0434\u0456\u0432.","og_url":"https:\/\/glasir.com.ua\/fr\/product\/\u043a\u0435\u0442\u0447\u0443\u043f-\u0433\u043e\u0441\u0442\u0440\u0438\u0439-312-\u043c\u043b\/","og_site_name":"Glasir","article_modified_time":"2025-11-19T13:23:38+00:00","og_image":[{"width":1000,"height":1000,"url":"http:\/\/glasir.com.ua\/wp-content\/uploads\/2025\/11\/\u043a\u0435\u0442\u0447\u0443\u043f-\u0433\u043e\u0441\u0442\u0440\u0438\u0439.jpg","type":"image\/jpeg"}],"twitter_card":"summary_large_image","twitter_misc":{"Dur\u00e9e de lecture estim\u00e9e":"1 minute"},"schema":{"@context":"https:\/\/schema.org","@graph":[{"@type":["WebPage","ItemPage"],"@id":"https:\/\/glasir.com.ua\/product\/%d0%ba%d0%b5%d1%82%d1%87%d1%83%d0%bf-%d0%b3%d0%be%d1%81%d1%82%d1%80%d0%b8%d0%b9-312-%d0%bc%d0%bb\/","url":"https:\/\/glasir.com.ua\/product\/%d0%ba%d0%b5%d1%82%d1%87%d1%83%d0%bf-%d0%b3%d0%be%d1%81%d1%82%d1%80%d0%b8%d0%b9-312-%d0%bc%d0%bb\/","name":"Ketchup \u00abSpicy\u00bb (312 ml) - Glasir","isPartOf":{"@id":"https:\/\/glasir.com.ua\/#website"},"primaryImageOfPage":{"@id":"https:\/\/glasir.com.ua\/product\/%d0%ba%d0%b5%d1%82%d1%87%d1%83%d0%bf-%d0%b3%d0%be%d1%81%d1%82%d1%80%d0%b8%d0%b9-312-%d0%bc%d0%bb\/#primaryimage"},"image":{"@id":"https:\/\/glasir.com.ua\/product\/%d0%ba%d0%b5%d1%82%d1%87%d1%83%d0%bf-%d0%b3%d0%be%d1%81%d1%82%d1%80%d0%b8%d0%b9-312-%d0%bc%d0%bb\/#primaryimage"},"thumbnailUrl":"https:\/\/glasir.com.ua\/wp-content\/uploads\/2025\/11\/\u043a\u0435\u0442\u0447\u0443\u043f-\u0433\u043e\u0441\u0442\u0440\u0438\u0439.jpg","datePublished":"2025-11-04T12:37:28+00:00","dateModified":"2025-11-19T13:23:38+00:00","breadcrumb":{"@id":"https:\/\/glasir.com.ua\/product\/%d0%ba%d0%b5%d1%82%d1%87%d1%83%d0%bf-%d0%b3%d0%be%d1%81%d1%82%d1%80%d0%b8%d0%b9-312-%d0%bc%d0%bb\/#breadcrumb"},"inLanguage":"fr-FR","potentialAction":[{"@type":"ReadAction","target":["https:\/\/glasir.com.ua\/product\/%d0%ba%d0%b5%d1%82%d1%87%d1%83%d0%bf-%d0%b3%d0%be%d1%81%d1%82%d1%80%d0%b8%d0%b9-312-%d0%bc%d0%bb\/"]}]},{"@type":"ImageObject","inLanguage":"fr-FR","@id":"https:\/\/glasir.com.ua\/product\/%d0%ba%d0%b5%d1%82%d1%87%d1%83%d0%bf-%d0%b3%d0%be%d1%81%d1%82%d1%80%d0%b8%d0%b9-312-%d0%bc%d0%bb\/#primaryimage","url":"https:\/\/glasir.com.ua\/wp-content\/uploads\/2025\/11\/\u043a\u0435\u0442\u0447\u0443\u043f-\u0433\u043e\u0441\u0442\u0440\u0438\u0439.jpg","contentUrl":"https:\/\/glasir.com.ua\/wp-content\/uploads\/2025\/11\/\u043a\u0435\u0442\u0447\u0443\u043f-\u0433\u043e\u0441\u0442\u0440\u0438\u0439.jpg","width":1000,"height":1000},{"@type":"BreadcrumbList","@id":"https:\/\/glasir.com.ua\/product\/%d0%ba%d0%b5%d1%82%d1%87%d1%83%d0%bf-%d0%b3%d0%be%d1%81%d1%82%d1%80%d0%b8%d0%b9-312-%d0%bc%d0%bb\/#breadcrumb","itemListElement":[{"@type":"ListItem","position":1,"name":"Home","item":"https:\/\/glasir.com.ua\/"},{"@type":"ListItem","position":2,"name":"\u0406\u043d\u0442\u0435\u0440\u043d\u0435\u0442-\u043c\u0430\u0433\u0430\u0437\u0438\u043d","item":"https:\/\/glasir.com.ua\/shop\/"},{"@type":"ListItem","position":3,"name":"\u041a\u0435\u0442\u0447\u0443\u043f \u00ab\u0413\u043e\u0441\u0442\u0440\u0438\u0439\u00bb (312 \u043c\u043b)"}]},{"@type":"WebSite","@id":"https:\/\/glasir.com.ua\/#website","url":"https:\/\/glasir.com.ua\/","name":"Glasir","description":"Il n&#039;y a pas de comparaison.","publisher":{"@id":"https:\/\/glasir.com.ua\/#organization"},"potentialAction":[{"@type":"SearchAction","target":{"@type":"EntryPoint","urlTemplate":"https:\/\/glasir.com.ua\/?s={search_term_string}"},"query-input":{"@type":"PropertyValueSpecification","valueRequired":true,"valueName":"search_term_string"}}],"inLanguage":"fr-FR"},{"@type":"Organization","@id":"https:\/\/glasir.com.ua\/#organization","name":"Glasir","url":"https:\/\/glasir.com.ua\/","logo":{"@type":"ImageObject","inLanguage":"fr-FR","@id":"https:\/\/glasir.com.ua\/#\/schema\/logo\/image\/","url":"https:\/\/glasir.com.ua\/wp-content\/uploads\/2023\/06\/cropped-llc-glasir.png","contentUrl":"https:\/\/glasir.com.ua\/wp-content\/uploads\/2023\/06\/cropped-llc-glasir.png","width":250,"height":250,"caption":"Glasir"},"image":{"@id":"https:\/\/glasir.com.ua\/#\/schema\/logo\/image\/"},"sameAs":["https:\/\/www.pinterest.com\/llc_glasir","https:\/\/g.co\/kgs\/7CK1iZr"]}]}},"_links":{"self":[{"href":"https:\/\/glasir.com.ua\/fr\/wp-json\/wp\/v2\/product\/2241","targetHints":{"allow":["GET"]}}],"collection":[{"href":"https:\/\/glasir.com.ua\/fr\/wp-json\/wp\/v2\/product"}],"about":[{"href":"https:\/\/glasir.com.ua\/fr\/wp-json\/wp\/v2\/types\/product"}],"replies":[{"embeddable":true,"href":"https:\/\/glasir.com.ua\/fr\/wp-json\/wp\/v2\/comments?post=2241"}],"wp:featuredmedia":[{"embeddable":true,"href":"https:\/\/glasir.com.ua\/fr\/wp-json\/wp\/v2\/media\/2254"}],"wp:attachment":[{"href":"https:\/\/glasir.com.ua\/fr\/wp-json\/wp\/v2\/media?parent=2241"}],"wp:term":[{"taxonomy":"product_brand","embeddable":true,"href":"https:\/\/glasir.com.ua\/fr\/wp-json\/wp\/v2\/product_brand?post=2241"},{"taxonomy":"product_cat","embeddable":true,"href":"https:\/\/glasir.com.ua\/fr\/wp-json\/wp\/v2\/product_cat?post=2241"},{"taxonomy":"product_tag","embeddable":true,"href":"https:\/\/glasir.com.ua\/fr\/wp-json\/wp\/v2\/product_tag?post=2241"}],"curies":[{"name":"wp","href":"https:\/\/api.w.org\/{rel}","templated":true}]}}