{"id":2142,"date":"2025-10-24T15:38:55","date_gmt":"2025-10-24T12:38:55","guid":{"rendered":"https:\/\/glasir.com.ua\/?post_type=product&#038;p=2142"},"modified":"2025-10-29T15:07:11","modified_gmt":"2025-10-29T13:07:11","slug":"%d0%b2%d0%b8%d0%bd%d0%be-odessos-%d1%88%d0%b0%d1%80%d0%b4%d0%be%d0%bd%d0%b5-12-%d0%b1%d1%96%d0%bb%d0%b5-%d1%81%d1%83%d1%85%d0%b5-075-%d0%bb","status":"publish","type":"product","link":"https:\/\/glasir.com.ua\/fr\/product\/%d0%b2%d0%b8%d0%bd%d0%be-odessos-%d1%88%d0%b0%d1%80%d0%b4%d0%be%d0%bd%d0%b5-12-%d0%b1%d1%96%d0%bb%d0%b5-%d1%81%d1%83%d1%85%d0%b5-075-%d0%bb\/","title":{"rendered":"Odessos Chardonnay 2023 12% vin blanc sec 0,75 l"},"content":{"rendered":"<p><strong>Odessos Chardonnay 12% vin blanc sec 0,75 l<\/strong> Chardonnay classique avec un ar\u00f4me d\u00e9licat de fruits tropicaux, de vanille et d'amandes. En bouche, il est rond, l\u00e9g\u00e8rement gras et d'une agr\u00e9able fra\u00eecheur. Parfait avec du poulet, du poisson ou un plateau de fromage. Ce vin \u00e9voque la paix, l'harmonie et une journ\u00e9e ensoleill\u00e9e au bord de la mer. Une fin de repas \u00e9l\u00e9gante.<\/p>","protected":false},"excerpt":{"rendered":"<p>Mac\u00e9ration sur le muscle pendant 3 heures. Fermentation \u00e0 17\u00b0C pendant 14 jours. Fermentation sans NMK pour rafra\u00eechir le caract\u00e8re.<\/p>\n<p><strong>Temp\u00e9rature d'alimentation, \u00b0 C : 8<\/strong>\u2013<strong>10<\/strong><\/p>","protected":false},"featured_media":2210,"comment_status":"open","ping_status":"closed","template":"","meta":[],"product_brand":[],"product_cat":[246],"product_tag":[248],"class_list":{"0":"post-2142","1":"product","2":"type-product","3":"status-publish","4":"has-post-thumbnail","6":"product_cat-246","7":"product_tag-248","9":"first","10":"instock","11":"taxable","12":"shipping-taxable","13":"purchasable","14":"product-type-simple"},"yoast_head":"<!-- This site is optimized with the Yoast SEO plugin v27.2 - https:\/\/yoast.com\/product\/yoast-seo-wordpress\/ -->\n<title>\u0412\u0438\u043d\u043e Odessos \u0428\u0430\u0440\u0434\u043e\u043d\u0435 2023 12% \u0431\u0456\u043b\u0435 \u0441\u0443\u0445\u0435 0,75 \u043b - Glasir<\/title>\n<meta name=\"robots\" content=\"index, follow, max-snippet:-1, max-image-preview:large, max-video-preview:-1\" \/>\n<link rel=\"canonical\" href=\"https:\/\/glasir.com.ua\/fr\/product\/\u0432\u0438\u043d\u043e-odessos-\u0448\u0430\u0440\u0434\u043e\u043d\u0435-12-\u0431\u0456\u043b\u0435-\u0441\u0443\u0445\u0435-075-\u043b\/\" \/>\n<meta property=\"og:locale\" content=\"fr_FR\" \/>\n<meta property=\"og:type\" content=\"article\" \/>\n<meta property=\"og:title\" content=\"\u0412\u0438\u043d\u043e Odessos \u0428\u0430\u0440\u0434\u043e\u043d\u0435 2023 12% \u0431\u0456\u043b\u0435 \u0441\u0443\u0445\u0435 0,75 \u043b - Glasir\" \/>\n<meta property=\"og:description\" content=\"\u041c\u0430\u0446\u0435\u0440\u0430\u0446\u0456\u044f \u043d\u0430 \u043c\u2019\u044f\u0437\u0437\u0456 \u043f\u0440\u043e\u0442\u044f\u0433\u043e\u043c 3 \u0433\u043e\u0434\u0438\u043d. \u0424\u0435\u0440\u043c\u0435\u043d\u0442\u0430\u0446\u0456\u044f \u043f\u0440\u0438 17\u00b0\u0421 \u043f\u0440\u043e\u0442\u044f\u0433\u043e\u043c 14 \u0434\u043d\u0456\u0432. \u0424\u0435\u0440\u043c\u0435\u043d\u0442\u0430\u0446\u0456\u044f \u0431\u0435\u0437 \u042f\u041c\u041a \u0437 \u043c\u0435\u0442\u043e\u044e \u043e\u0441\u0432\u0456\u0436\u0438\u0442\u0438 \u0445\u0430\u0440\u0430\u043a\u0442\u0435\u0440  \u0422\u0435\u043c\u043f\u0435\u0440\u0430\u0442\u0443\u0440\u0430 \u043f\u043e\u0434\u0430\u0447\u0456, \u00b0 \u0421: 8-10\" \/>\n<meta property=\"og:url\" content=\"https:\/\/glasir.com.ua\/fr\/product\/\u0432\u0438\u043d\u043e-odessos-\u0448\u0430\u0440\u0434\u043e\u043d\u0435-12-\u0431\u0456\u043b\u0435-\u0441\u0443\u0445\u0435-075-\u043b\/\" \/>\n<meta property=\"og:site_name\" content=\"Glasir\" \/>\n<meta property=\"article:modified_time\" content=\"2025-10-29T13:07:11+00:00\" \/>\n<meta property=\"og:image\" content=\"http:\/\/glasir.com.ua\/wp-content\/uploads\/2025\/10\/Odesos-\u0428\u0430\u0440\u0434\u043e\u043d\u0435-2021.png\" \/>\n\t<meta property=\"og:image:width\" content=\"652\" \/>\n\t<meta property=\"og:image:height\" content=\"2500\" \/>\n\t<meta property=\"og:image:type\" content=\"image\/png\" \/>\n<meta name=\"twitter:card\" content=\"summary_large_image\" \/>\n<meta name=\"twitter:label1\" content=\"Dur\u00e9e de lecture estim\u00e9e\" \/>\n\t<meta name=\"twitter:data1\" content=\"1 minute\" \/>\n<script type=\"application\/ld+json\" class=\"yoast-schema-graph\">{\"@context\":\"https:\/\/schema.org\",\"@graph\":[{\"@type\":[\"WebPage\",\"ItemPage\"],\"@id\":\"https:\/\/glasir.com.ua\/product\/%d0%b2%d0%b8%d0%bd%d0%be-odessos-%d1%88%d0%b0%d1%80%d0%b4%d0%be%d0%bd%d0%b5-12-%d0%b1%d1%96%d0%bb%d0%b5-%d1%81%d1%83%d1%85%d0%b5-075-%d0%bb\/\",\"url\":\"https:\/\/glasir.com.ua\/product\/%d0%b2%d0%b8%d0%bd%d0%be-odessos-%d1%88%d0%b0%d1%80%d0%b4%d0%be%d0%bd%d0%b5-12-%d0%b1%d1%96%d0%bb%d0%b5-%d1%81%d1%83%d1%85%d0%b5-075-%d0%bb\/\",\"name\":\"\u0412\u0438\u043d\u043e Odessos \u0428\u0430\u0440\u0434\u043e\u043d\u0435 2023 12% \u0431\u0456\u043b\u0435 \u0441\u0443\u0445\u0435 0,75 \u043b - Glasir\",\"isPartOf\":{\"@id\":\"https:\/\/glasir.com.ua\/#website\"},\"primaryImageOfPage\":{\"@id\":\"https:\/\/glasir.com.ua\/product\/%d0%b2%d0%b8%d0%bd%d0%be-odessos-%d1%88%d0%b0%d1%80%d0%b4%d0%be%d0%bd%d0%b5-12-%d0%b1%d1%96%d0%bb%d0%b5-%d1%81%d1%83%d1%85%d0%b5-075-%d0%bb\/#primaryimage\"},\"image\":{\"@id\":\"https:\/\/glasir.com.ua\/product\/%d0%b2%d0%b8%d0%bd%d0%be-odessos-%d1%88%d0%b0%d1%80%d0%b4%d0%be%d0%bd%d0%b5-12-%d0%b1%d1%96%d0%bb%d0%b5-%d1%81%d1%83%d1%85%d0%b5-075-%d0%bb\/#primaryimage\"},\"thumbnailUrl\":\"https:\/\/glasir.com.ua\/wp-content\/uploads\/2025\/10\/Odesos-\u0428\u0430\u0440\u0434\u043e\u043d\u0435-2021.png\",\"datePublished\":\"2025-10-24T12:38:55+00:00\",\"dateModified\":\"2025-10-29T13:07:11+00:00\",\"breadcrumb\":{\"@id\":\"https:\/\/glasir.com.ua\/product\/%d0%b2%d0%b8%d0%bd%d0%be-odessos-%d1%88%d0%b0%d1%80%d0%b4%d0%be%d0%bd%d0%b5-12-%d0%b1%d1%96%d0%bb%d0%b5-%d1%81%d1%83%d1%85%d0%b5-075-%d0%bb\/#breadcrumb\"},\"inLanguage\":\"fr-FR\",\"potentialAction\":[{\"@type\":\"ReadAction\",\"target\":[\"https:\/\/glasir.com.ua\/product\/%d0%b2%d0%b8%d0%bd%d0%be-odessos-%d1%88%d0%b0%d1%80%d0%b4%d0%be%d0%bd%d0%b5-12-%d0%b1%d1%96%d0%bb%d0%b5-%d1%81%d1%83%d1%85%d0%b5-075-%d0%bb\/\"]}]},{\"@type\":\"ImageObject\",\"inLanguage\":\"fr-FR\",\"@id\":\"https:\/\/glasir.com.ua\/product\/%d0%b2%d0%b8%d0%bd%d0%be-odessos-%d1%88%d0%b0%d1%80%d0%b4%d0%be%d0%bd%d0%b5-12-%d0%b1%d1%96%d0%bb%d0%b5-%d1%81%d1%83%d1%85%d0%b5-075-%d0%bb\/#primaryimage\",\"url\":\"https:\/\/glasir.com.ua\/wp-content\/uploads\/2025\/10\/Odesos-\u0428\u0430\u0440\u0434\u043e\u043d\u0435-2021.png\",\"contentUrl\":\"https:\/\/glasir.com.ua\/wp-content\/uploads\/2025\/10\/Odesos-\u0428\u0430\u0440\u0434\u043e\u043d\u0435-2021.png\",\"width\":652,\"height\":2500},{\"@type\":\"BreadcrumbList\",\"@id\":\"https:\/\/glasir.com.ua\/product\/%d0%b2%d0%b8%d0%bd%d0%be-odessos-%d1%88%d0%b0%d1%80%d0%b4%d0%be%d0%bd%d0%b5-12-%d0%b1%d1%96%d0%bb%d0%b5-%d1%81%d1%83%d1%85%d0%b5-075-%d0%bb\/#breadcrumb\",\"itemListElement\":[{\"@type\":\"ListItem\",\"position\":1,\"name\":\"Home\",\"item\":\"https:\/\/glasir.com.ua\/\"},{\"@type\":\"ListItem\",\"position\":2,\"name\":\"\u0406\u043d\u0442\u0435\u0440\u043d\u0435\u0442-\u043c\u0430\u0433\u0430\u0437\u0438\u043d\",\"item\":\"https:\/\/glasir.com.ua\/shop\/\"},{\"@type\":\"ListItem\",\"position\":3,\"name\":\"\u0412\u0438\u043d\u043e Odessos \u0428\u0430\u0440\u0434\u043e\u043d\u0435 2023 12% \u0431\u0456\u043b\u0435 \u0441\u0443\u0445\u0435 0,75 \u043b\"}]},{\"@type\":\"WebSite\",\"@id\":\"https:\/\/glasir.com.ua\/#website\",\"url\":\"https:\/\/glasir.com.ua\/\",\"name\":\"Glasir\",\"description\":\"\u041d\u0435\u043c\u0430\u0454 \u043f\u043e\u0440\u0456\u0432\u043d\u044f\u043d\u043d\u044f.\",\"publisher\":{\"@id\":\"https:\/\/glasir.com.ua\/#organization\"},\"potentialAction\":[{\"@type\":\"SearchAction\",\"target\":{\"@type\":\"EntryPoint\",\"urlTemplate\":\"https:\/\/glasir.com.ua\/?s={search_term_string}\"},\"query-input\":{\"@type\":\"PropertyValueSpecification\",\"valueRequired\":true,\"valueName\":\"search_term_string\"}}],\"inLanguage\":\"fr-FR\"},{\"@type\":\"Organization\",\"@id\":\"https:\/\/glasir.com.ua\/#organization\",\"name\":\"Glasir\",\"url\":\"https:\/\/glasir.com.ua\/\",\"logo\":{\"@type\":\"ImageObject\",\"inLanguage\":\"fr-FR\",\"@id\":\"https:\/\/glasir.com.ua\/#\/schema\/logo\/image\/\",\"url\":\"https:\/\/glasir.com.ua\/wp-content\/uploads\/2023\/06\/cropped-llc-glasir.png\",\"contentUrl\":\"https:\/\/glasir.com.ua\/wp-content\/uploads\/2023\/06\/cropped-llc-glasir.png\",\"width\":250,\"height\":250,\"caption\":\"Glasir\"},\"image\":{\"@id\":\"https:\/\/glasir.com.ua\/#\/schema\/logo\/image\/\"},\"sameAs\":[\"https:\/\/www.pinterest.com\/llc_glasir\",\"https:\/\/g.co\/kgs\/7CK1iZr\"]}]}<\/script>\n<!-- \/ Yoast SEO plugin. -->","yoast_head_json":{"title":"Odessos Chardonnay 2023 12% vin blanc sec 0,75 l - Glasir","robots":{"index":"index","follow":"follow","max-snippet":"max-snippet:-1","max-image-preview":"max-image-preview:large","max-video-preview":"max-video-preview:-1"},"canonical":"https:\/\/glasir.com.ua\/fr\/product\/\u0432\u0438\u043d\u043e-odessos-\u0448\u0430\u0440\u0434\u043e\u043d\u0435-12-\u0431\u0456\u043b\u0435-\u0441\u0443\u0445\u0435-075-\u043b\/","og_locale":"fr_FR","og_type":"article","og_title":"\u0412\u0438\u043d\u043e Odessos \u0428\u0430\u0440\u0434\u043e\u043d\u0435 2023 12% \u0431\u0456\u043b\u0435 \u0441\u0443\u0445\u0435 0,75 \u043b - Glasir","og_description":"\u041c\u0430\u0446\u0435\u0440\u0430\u0446\u0456\u044f \u043d\u0430 \u043c\u2019\u044f\u0437\u0437\u0456 \u043f\u0440\u043e\u0442\u044f\u0433\u043e\u043c 3 \u0433\u043e\u0434\u0438\u043d. \u0424\u0435\u0440\u043c\u0435\u043d\u0442\u0430\u0446\u0456\u044f \u043f\u0440\u0438 17\u00b0\u0421 \u043f\u0440\u043e\u0442\u044f\u0433\u043e\u043c 14 \u0434\u043d\u0456\u0432. \u0424\u0435\u0440\u043c\u0435\u043d\u0442\u0430\u0446\u0456\u044f \u0431\u0435\u0437 \u042f\u041c\u041a \u0437 \u043c\u0435\u0442\u043e\u044e \u043e\u0441\u0432\u0456\u0436\u0438\u0442\u0438 \u0445\u0430\u0440\u0430\u043a\u0442\u0435\u0440  \u0422\u0435\u043c\u043f\u0435\u0440\u0430\u0442\u0443\u0440\u0430 \u043f\u043e\u0434\u0430\u0447\u0456, \u00b0 \u0421: 8-10","og_url":"https:\/\/glasir.com.ua\/fr\/product\/\u0432\u0438\u043d\u043e-odessos-\u0448\u0430\u0440\u0434\u043e\u043d\u0435-12-\u0431\u0456\u043b\u0435-\u0441\u0443\u0445\u0435-075-\u043b\/","og_site_name":"Glasir","article_modified_time":"2025-10-29T13:07:11+00:00","og_image":[{"width":652,"height":2500,"url":"http:\/\/glasir.com.ua\/wp-content\/uploads\/2025\/10\/Odesos-\u0428\u0430\u0440\u0434\u043e\u043d\u0435-2021.png","type":"image\/png"}],"twitter_card":"summary_large_image","twitter_misc":{"Dur\u00e9e de lecture estim\u00e9e":"1 minute"},"schema":{"@context":"https:\/\/schema.org","@graph":[{"@type":["WebPage","ItemPage"],"@id":"https:\/\/glasir.com.ua\/product\/%d0%b2%d0%b8%d0%bd%d0%be-odessos-%d1%88%d0%b0%d1%80%d0%b4%d0%be%d0%bd%d0%b5-12-%d0%b1%d1%96%d0%bb%d0%b5-%d1%81%d1%83%d1%85%d0%b5-075-%d0%bb\/","url":"https:\/\/glasir.com.ua\/product\/%d0%b2%d0%b8%d0%bd%d0%be-odessos-%d1%88%d0%b0%d1%80%d0%b4%d0%be%d0%bd%d0%b5-12-%d0%b1%d1%96%d0%bb%d0%b5-%d1%81%d1%83%d1%85%d0%b5-075-%d0%bb\/","name":"Odessos Chardonnay 2023 12% vin blanc sec 0,75 l - Glasir","isPartOf":{"@id":"https:\/\/glasir.com.ua\/#website"},"primaryImageOfPage":{"@id":"https:\/\/glasir.com.ua\/product\/%d0%b2%d0%b8%d0%bd%d0%be-odessos-%d1%88%d0%b0%d1%80%d0%b4%d0%be%d0%bd%d0%b5-12-%d0%b1%d1%96%d0%bb%d0%b5-%d1%81%d1%83%d1%85%d0%b5-075-%d0%bb\/#primaryimage"},"image":{"@id":"https:\/\/glasir.com.ua\/product\/%d0%b2%d0%b8%d0%bd%d0%be-odessos-%d1%88%d0%b0%d1%80%d0%b4%d0%be%d0%bd%d0%b5-12-%d0%b1%d1%96%d0%bb%d0%b5-%d1%81%d1%83%d1%85%d0%b5-075-%d0%bb\/#primaryimage"},"thumbnailUrl":"https:\/\/glasir.com.ua\/wp-content\/uploads\/2025\/10\/Odesos-\u0428\u0430\u0440\u0434\u043e\u043d\u0435-2021.png","datePublished":"2025-10-24T12:38:55+00:00","dateModified":"2025-10-29T13:07:11+00:00","breadcrumb":{"@id":"https:\/\/glasir.com.ua\/product\/%d0%b2%d0%b8%d0%bd%d0%be-odessos-%d1%88%d0%b0%d1%80%d0%b4%d0%be%d0%bd%d0%b5-12-%d0%b1%d1%96%d0%bb%d0%b5-%d1%81%d1%83%d1%85%d0%b5-075-%d0%bb\/#breadcrumb"},"inLanguage":"fr-FR","potentialAction":[{"@type":"ReadAction","target":["https:\/\/glasir.com.ua\/product\/%d0%b2%d0%b8%d0%bd%d0%be-odessos-%d1%88%d0%b0%d1%80%d0%b4%d0%be%d0%bd%d0%b5-12-%d0%b1%d1%96%d0%bb%d0%b5-%d1%81%d1%83%d1%85%d0%b5-075-%d0%bb\/"]}]},{"@type":"ImageObject","inLanguage":"fr-FR","@id":"https:\/\/glasir.com.ua\/product\/%d0%b2%d0%b8%d0%bd%d0%be-odessos-%d1%88%d0%b0%d1%80%d0%b4%d0%be%d0%bd%d0%b5-12-%d0%b1%d1%96%d0%bb%d0%b5-%d1%81%d1%83%d1%85%d0%b5-075-%d0%bb\/#primaryimage","url":"https:\/\/glasir.com.ua\/wp-content\/uploads\/2025\/10\/Odesos-\u0428\u0430\u0440\u0434\u043e\u043d\u0435-2021.png","contentUrl":"https:\/\/glasir.com.ua\/wp-content\/uploads\/2025\/10\/Odesos-\u0428\u0430\u0440\u0434\u043e\u043d\u0435-2021.png","width":652,"height":2500},{"@type":"BreadcrumbList","@id":"https:\/\/glasir.com.ua\/product\/%d0%b2%d0%b8%d0%bd%d0%be-odessos-%d1%88%d0%b0%d1%80%d0%b4%d0%be%d0%bd%d0%b5-12-%d0%b1%d1%96%d0%bb%d0%b5-%d1%81%d1%83%d1%85%d0%b5-075-%d0%bb\/#breadcrumb","itemListElement":[{"@type":"ListItem","position":1,"name":"Home","item":"https:\/\/glasir.com.ua\/"},{"@type":"ListItem","position":2,"name":"\u0406\u043d\u0442\u0435\u0440\u043d\u0435\u0442-\u043c\u0430\u0433\u0430\u0437\u0438\u043d","item":"https:\/\/glasir.com.ua\/shop\/"},{"@type":"ListItem","position":3,"name":"\u0412\u0438\u043d\u043e Odessos \u0428\u0430\u0440\u0434\u043e\u043d\u0435 2023 12% \u0431\u0456\u043b\u0435 \u0441\u0443\u0445\u0435 0,75 \u043b"}]},{"@type":"WebSite","@id":"https:\/\/glasir.com.ua\/#website","url":"https:\/\/glasir.com.ua\/","name":"Glasir","description":"Il n&#039;y a pas de comparaison.","publisher":{"@id":"https:\/\/glasir.com.ua\/#organization"},"potentialAction":[{"@type":"SearchAction","target":{"@type":"EntryPoint","urlTemplate":"https:\/\/glasir.com.ua\/?s={search_term_string}"},"query-input":{"@type":"PropertyValueSpecification","valueRequired":true,"valueName":"search_term_string"}}],"inLanguage":"fr-FR"},{"@type":"Organization","@id":"https:\/\/glasir.com.ua\/#organization","name":"Glasir","url":"https:\/\/glasir.com.ua\/","logo":{"@type":"ImageObject","inLanguage":"fr-FR","@id":"https:\/\/glasir.com.ua\/#\/schema\/logo\/image\/","url":"https:\/\/glasir.com.ua\/wp-content\/uploads\/2023\/06\/cropped-llc-glasir.png","contentUrl":"https:\/\/glasir.com.ua\/wp-content\/uploads\/2023\/06\/cropped-llc-glasir.png","width":250,"height":250,"caption":"Glasir"},"image":{"@id":"https:\/\/glasir.com.ua\/#\/schema\/logo\/image\/"},"sameAs":["https:\/\/www.pinterest.com\/llc_glasir","https:\/\/g.co\/kgs\/7CK1iZr"]}]}},"_links":{"self":[{"href":"https:\/\/glasir.com.ua\/fr\/wp-json\/wp\/v2\/product\/2142","targetHints":{"allow":["GET"]}}],"collection":[{"href":"https:\/\/glasir.com.ua\/fr\/wp-json\/wp\/v2\/product"}],"about":[{"href":"https:\/\/glasir.com.ua\/fr\/wp-json\/wp\/v2\/types\/product"}],"replies":[{"embeddable":true,"href":"https:\/\/glasir.com.ua\/fr\/wp-json\/wp\/v2\/comments?post=2142"}],"wp:featuredmedia":[{"embeddable":true,"href":"https:\/\/glasir.com.ua\/fr\/wp-json\/wp\/v2\/media\/2210"}],"wp:attachment":[{"href":"https:\/\/glasir.com.ua\/fr\/wp-json\/wp\/v2\/media?parent=2142"}],"wp:term":[{"taxonomy":"product_brand","embeddable":true,"href":"https:\/\/glasir.com.ua\/fr\/wp-json\/wp\/v2\/product_brand?post=2142"},{"taxonomy":"product_cat","embeddable":true,"href":"https:\/\/glasir.com.ua\/fr\/wp-json\/wp\/v2\/product_cat?post=2142"},{"taxonomy":"product_tag","embeddable":true,"href":"https:\/\/glasir.com.ua\/fr\/wp-json\/wp\/v2\/product_tag?post=2142"}],"curies":[{"name":"wp","href":"https:\/\/api.w.org\/{rel}","templated":true}]}}