{"id":210,"date":"2023-09-16T17:44:13","date_gmt":"2023-09-16T14:44:13","guid":{"rendered":"https:\/\/glasir.com.ua\/?post_type=product&#038;p=210"},"modified":"2025-02-22T18:13:36","modified_gmt":"2025-02-22T16:13:36","slug":"%d0%b5%d0%bb%d0%b5%d0%ba%d1%82%d1%80%d0%b8%d1%87%d0%bd%d0%b0-%d0%b7%d1%83%d0%b1%d0%bd%d0%b0-%d1%89%d1%96%d1%82%d0%ba%d0%b0-apiyoo-s10-bianco","status":"publish","type":"product","link":"https:\/\/glasir.com.ua\/fr\/product\/%d0%b5%d0%bb%d0%b5%d0%ba%d1%82%d1%80%d0%b8%d1%87%d0%bd%d0%b0-%d0%b7%d1%83%d0%b1%d0%bd%d0%b0-%d1%89%d1%96%d1%82%d0%ba%d0%b0-apiyoo-s10-bianco\/","title":{"rendered":"Brosse \u00e0 dents \u00e9lectrique sans fil ApiYoo S10 Bianco"},"content":{"rendered":"<p>Brosse \u00e0 dents \u00e9lectrique ApiYoo S10 Bianco pour tous les budgets.<\/p>\n<p>Le kit comprend :<br \/>\n\u2013 mode d&#039;emploi<br \/>\n\u2013 brosse \u00e0 dents \u00e9lectrique<br \/>\n\u2013 Chargeur USB<br \/>\n\u2013 3 t\u00eates de brosse interchangeables<\/p>","protected":false},"excerpt":{"rendered":"<p>Brosse \u00e0 dents \u00e9lectrique ApiYoo S10 Bianco pour tous les budgets.<\/p>","protected":false},"featured_media":212,"comment_status":"open","ping_status":"closed","template":"","meta":[],"product_brand":[],"product_cat":[19],"product_tag":[33],"class_list":{"0":"post-210","1":"product","2":"type-product","3":"status-publish","4":"has-post-thumbnail","6":"product_cat-19","7":"product_tag-apiyoo","9":"first","10":"instock","11":"taxable","12":"shipping-taxable","13":"purchasable","14":"product-type-simple"},"yoast_head":"<!-- This site is optimized with the Yoast SEO plugin v27.2 - https:\/\/yoast.com\/product\/yoast-seo-wordpress\/ -->\n<title>\u0411\u0435\u0437\u0434\u0440\u043e\u0442\u043e\u0432\u0430 \u0435\u043b\u0435\u043a\u0442\u0440\u0438\u0447\u043d\u0430 \u0437\u0443\u0431\u043d\u0430 \u0449\u0456\u0442\u043a\u0430 ApiYoo S10 Bianco - Glasir<\/title>\n<meta name=\"robots\" content=\"index, follow, max-snippet:-1, max-image-preview:large, max-video-preview:-1\" \/>\n<link rel=\"canonical\" href=\"https:\/\/glasir.com.ua\/fr\/product\/\u0435\u043b\u0435\u043a\u0442\u0440\u0438\u0447\u043d\u0430-\u0437\u0443\u0431\u043d\u0430-\u0449\u0456\u0442\u043a\u0430-apiyoo-s10-bianco\/\" \/>\n<meta property=\"og:locale\" content=\"fr_FR\" \/>\n<meta property=\"og:type\" content=\"article\" \/>\n<meta property=\"og:title\" content=\"\u0411\u0435\u0437\u0434\u0440\u043e\u0442\u043e\u0432\u0430 \u0435\u043b\u0435\u043a\u0442\u0440\u0438\u0447\u043d\u0430 \u0437\u0443\u0431\u043d\u0430 \u0449\u0456\u0442\u043a\u0430 ApiYoo S10 Bianco - Glasir\" \/>\n<meta property=\"og:description\" content=\"\u0415\u043b\u0435\u043a\u0442\u0440\u0438\u0447\u043d\u0430 \u0437\u0443\u0431\u043d\u0430 \u0449\u0456\u0442\u043a\u0430 ApiYoo S10 Bianco \u043d\u0430 \u0431\u0443\u0434\u044c-\u044f\u043a\u0438\u0439 \u0431\u044e\u0434\u0436\u0435\u0442.\" \/>\n<meta property=\"og:url\" content=\"https:\/\/glasir.com.ua\/fr\/product\/\u0435\u043b\u0435\u043a\u0442\u0440\u0438\u0447\u043d\u0430-\u0437\u0443\u0431\u043d\u0430-\u0449\u0456\u0442\u043a\u0430-apiyoo-s10-bianco\/\" \/>\n<meta property=\"og:site_name\" content=\"Glasir\" \/>\n<meta property=\"article:modified_time\" content=\"2025-02-22T16:13:36+00:00\" \/>\n<meta property=\"og:image\" content=\"https:\/\/glasir.com.ua\/wp-content\/uploads\/2023\/09\/S10-7.jpg\" \/>\n\t<meta property=\"og:image:width\" content=\"800\" \/>\n\t<meta property=\"og:image:height\" content=\"800\" \/>\n\t<meta property=\"og:image:type\" content=\"image\/jpeg\" \/>\n<meta name=\"twitter:card\" content=\"summary_large_image\" \/>\n<script type=\"application\/ld+json\" class=\"yoast-schema-graph\">{\"@context\":\"https:\/\/schema.org\",\"@graph\":[{\"@type\":[\"WebPage\",\"ItemPage\"],\"@id\":\"https:\/\/glasir.com.ua\/product\/%d0%b5%d0%bb%d0%b5%d0%ba%d1%82%d1%80%d0%b8%d1%87%d0%bd%d0%b0-%d0%b7%d1%83%d0%b1%d0%bd%d0%b0-%d1%89%d1%96%d1%82%d0%ba%d0%b0-apiyoo-s10-bianco\/\",\"url\":\"https:\/\/glasir.com.ua\/product\/%d0%b5%d0%bb%d0%b5%d0%ba%d1%82%d1%80%d0%b8%d1%87%d0%bd%d0%b0-%d0%b7%d1%83%d0%b1%d0%bd%d0%b0-%d1%89%d1%96%d1%82%d0%ba%d0%b0-apiyoo-s10-bianco\/\",\"name\":\"\u0411\u0435\u0437\u0434\u0440\u043e\u0442\u043e\u0432\u0430 \u0435\u043b\u0435\u043a\u0442\u0440\u0438\u0447\u043d\u0430 \u0437\u0443\u0431\u043d\u0430 \u0449\u0456\u0442\u043a\u0430 ApiYoo S10 Bianco - Glasir\",\"isPartOf\":{\"@id\":\"https:\/\/glasir.com.ua\/#website\"},\"primaryImageOfPage\":{\"@id\":\"https:\/\/glasir.com.ua\/product\/%d0%b5%d0%bb%d0%b5%d0%ba%d1%82%d1%80%d0%b8%d1%87%d0%bd%d0%b0-%d0%b7%d1%83%d0%b1%d0%bd%d0%b0-%d1%89%d1%96%d1%82%d0%ba%d0%b0-apiyoo-s10-bianco\/#primaryimage\"},\"image\":{\"@id\":\"https:\/\/glasir.com.ua\/product\/%d0%b5%d0%bb%d0%b5%d0%ba%d1%82%d1%80%d0%b8%d1%87%d0%bd%d0%b0-%d0%b7%d1%83%d0%b1%d0%bd%d0%b0-%d1%89%d1%96%d1%82%d0%ba%d0%b0-apiyoo-s10-bianco\/#primaryimage\"},\"thumbnailUrl\":\"https:\/\/glasir.com.ua\/wp-content\/uploads\/2023\/09\/S10-7.jpg\",\"datePublished\":\"2023-09-16T14:44:13+00:00\",\"dateModified\":\"2025-02-22T16:13:36+00:00\",\"breadcrumb\":{\"@id\":\"https:\/\/glasir.com.ua\/product\/%d0%b5%d0%bb%d0%b5%d0%ba%d1%82%d1%80%d0%b8%d1%87%d0%bd%d0%b0-%d0%b7%d1%83%d0%b1%d0%bd%d0%b0-%d1%89%d1%96%d1%82%d0%ba%d0%b0-apiyoo-s10-bianco\/#breadcrumb\"},\"inLanguage\":\"fr-FR\",\"potentialAction\":[{\"@type\":\"ReadAction\",\"target\":[\"https:\/\/glasir.com.ua\/product\/%d0%b5%d0%bb%d0%b5%d0%ba%d1%82%d1%80%d0%b8%d1%87%d0%bd%d0%b0-%d0%b7%d1%83%d0%b1%d0%bd%d0%b0-%d1%89%d1%96%d1%82%d0%ba%d0%b0-apiyoo-s10-bianco\/\"]}]},{\"@type\":\"ImageObject\",\"inLanguage\":\"fr-FR\",\"@id\":\"https:\/\/glasir.com.ua\/product\/%d0%b5%d0%bb%d0%b5%d0%ba%d1%82%d1%80%d0%b8%d1%87%d0%bd%d0%b0-%d0%b7%d1%83%d0%b1%d0%bd%d0%b0-%d1%89%d1%96%d1%82%d0%ba%d0%b0-apiyoo-s10-bianco\/#primaryimage\",\"url\":\"https:\/\/glasir.com.ua\/wp-content\/uploads\/2023\/09\/S10-7.jpg\",\"contentUrl\":\"https:\/\/glasir.com.ua\/wp-content\/uploads\/2023\/09\/S10-7.jpg\",\"width\":800,\"height\":800},{\"@type\":\"BreadcrumbList\",\"@id\":\"https:\/\/glasir.com.ua\/product\/%d0%b5%d0%bb%d0%b5%d0%ba%d1%82%d1%80%d0%b8%d1%87%d0%bd%d0%b0-%d0%b7%d1%83%d0%b1%d0%bd%d0%b0-%d1%89%d1%96%d1%82%d0%ba%d0%b0-apiyoo-s10-bianco\/#breadcrumb\",\"itemListElement\":[{\"@type\":\"ListItem\",\"position\":1,\"name\":\"Home\",\"item\":\"https:\/\/glasir.com.ua\/\"},{\"@type\":\"ListItem\",\"position\":2,\"name\":\"\u0406\u043d\u0442\u0435\u0440\u043d\u0435\u0442-\u043c\u0430\u0433\u0430\u0437\u0438\u043d\",\"item\":\"https:\/\/glasir.com.ua\/shop\/\"},{\"@type\":\"ListItem\",\"position\":3,\"name\":\"\u0411\u0435\u0437\u0434\u0440\u043e\u0442\u043e\u0432\u0430 \u0435\u043b\u0435\u043a\u0442\u0440\u0438\u0447\u043d\u0430 \u0437\u0443\u0431\u043d\u0430 \u0449\u0456\u0442\u043a\u0430 ApiYoo S10 Bianco\"}]},{\"@type\":\"WebSite\",\"@id\":\"https:\/\/glasir.com.ua\/#website\",\"url\":\"https:\/\/glasir.com.ua\/\",\"name\":\"Glasir\",\"description\":\"\u041d\u0435\u043c\u0430\u0454 \u043f\u043e\u0440\u0456\u0432\u043d\u044f\u043d\u043d\u044f.\",\"publisher\":{\"@id\":\"https:\/\/glasir.com.ua\/#organization\"},\"potentialAction\":[{\"@type\":\"SearchAction\",\"target\":{\"@type\":\"EntryPoint\",\"urlTemplate\":\"https:\/\/glasir.com.ua\/?s={search_term_string}\"},\"query-input\":{\"@type\":\"PropertyValueSpecification\",\"valueRequired\":true,\"valueName\":\"search_term_string\"}}],\"inLanguage\":\"fr-FR\"},{\"@type\":\"Organization\",\"@id\":\"https:\/\/glasir.com.ua\/#organization\",\"name\":\"Glasir\",\"url\":\"https:\/\/glasir.com.ua\/\",\"logo\":{\"@type\":\"ImageObject\",\"inLanguage\":\"fr-FR\",\"@id\":\"https:\/\/glasir.com.ua\/#\/schema\/logo\/image\/\",\"url\":\"https:\/\/glasir.com.ua\/wp-content\/uploads\/2023\/06\/cropped-llc-glasir.png\",\"contentUrl\":\"https:\/\/glasir.com.ua\/wp-content\/uploads\/2023\/06\/cropped-llc-glasir.png\",\"width\":250,\"height\":250,\"caption\":\"Glasir\"},\"image\":{\"@id\":\"https:\/\/glasir.com.ua\/#\/schema\/logo\/image\/\"},\"sameAs\":[\"https:\/\/www.pinterest.com\/llc_glasir\",\"https:\/\/g.co\/kgs\/7CK1iZr\"]}]}<\/script>\n<!-- \/ Yoast SEO plugin. -->","yoast_head_json":{"title":"Brosse \u00e0 dents \u00e9lectrique sans fil ApiYoo S10 Bianco - Glasir","robots":{"index":"index","follow":"follow","max-snippet":"max-snippet:-1","max-image-preview":"max-image-preview:large","max-video-preview":"max-video-preview:-1"},"canonical":"https:\/\/glasir.com.ua\/fr\/product\/\u0435\u043b\u0435\u043a\u0442\u0440\u0438\u0447\u043d\u0430-\u0437\u0443\u0431\u043d\u0430-\u0449\u0456\u0442\u043a\u0430-apiyoo-s10-bianco\/","og_locale":"fr_FR","og_type":"article","og_title":"\u0411\u0435\u0437\u0434\u0440\u043e\u0442\u043e\u0432\u0430 \u0435\u043b\u0435\u043a\u0442\u0440\u0438\u0447\u043d\u0430 \u0437\u0443\u0431\u043d\u0430 \u0449\u0456\u0442\u043a\u0430 ApiYoo S10 Bianco - Glasir","og_description":"\u0415\u043b\u0435\u043a\u0442\u0440\u0438\u0447\u043d\u0430 \u0437\u0443\u0431\u043d\u0430 \u0449\u0456\u0442\u043a\u0430 ApiYoo S10 Bianco \u043d\u0430 \u0431\u0443\u0434\u044c-\u044f\u043a\u0438\u0439 \u0431\u044e\u0434\u0436\u0435\u0442.","og_url":"https:\/\/glasir.com.ua\/fr\/product\/\u0435\u043b\u0435\u043a\u0442\u0440\u0438\u0447\u043d\u0430-\u0437\u0443\u0431\u043d\u0430-\u0449\u0456\u0442\u043a\u0430-apiyoo-s10-bianco\/","og_site_name":"Glasir","article_modified_time":"2025-02-22T16:13:36+00:00","og_image":[{"width":800,"height":800,"url":"https:\/\/glasir.com.ua\/wp-content\/uploads\/2023\/09\/S10-7.jpg","type":"image\/jpeg"}],"twitter_card":"summary_large_image","schema":{"@context":"https:\/\/schema.org","@graph":[{"@type":["WebPage","ItemPage"],"@id":"https:\/\/glasir.com.ua\/product\/%d0%b5%d0%bb%d0%b5%d0%ba%d1%82%d1%80%d0%b8%d1%87%d0%bd%d0%b0-%d0%b7%d1%83%d0%b1%d0%bd%d0%b0-%d1%89%d1%96%d1%82%d0%ba%d0%b0-apiyoo-s10-bianco\/","url":"https:\/\/glasir.com.ua\/product\/%d0%b5%d0%bb%d0%b5%d0%ba%d1%82%d1%80%d0%b8%d1%87%d0%bd%d0%b0-%d0%b7%d1%83%d0%b1%d0%bd%d0%b0-%d1%89%d1%96%d1%82%d0%ba%d0%b0-apiyoo-s10-bianco\/","name":"Brosse \u00e0 dents \u00e9lectrique sans fil ApiYoo S10 Bianco - Glasir","isPartOf":{"@id":"https:\/\/glasir.com.ua\/#website"},"primaryImageOfPage":{"@id":"https:\/\/glasir.com.ua\/product\/%d0%b5%d0%bb%d0%b5%d0%ba%d1%82%d1%80%d0%b8%d1%87%d0%bd%d0%b0-%d0%b7%d1%83%d0%b1%d0%bd%d0%b0-%d1%89%d1%96%d1%82%d0%ba%d0%b0-apiyoo-s10-bianco\/#primaryimage"},"image":{"@id":"https:\/\/glasir.com.ua\/product\/%d0%b5%d0%bb%d0%b5%d0%ba%d1%82%d1%80%d0%b8%d1%87%d0%bd%d0%b0-%d0%b7%d1%83%d0%b1%d0%bd%d0%b0-%d1%89%d1%96%d1%82%d0%ba%d0%b0-apiyoo-s10-bianco\/#primaryimage"},"thumbnailUrl":"https:\/\/glasir.com.ua\/wp-content\/uploads\/2023\/09\/S10-7.jpg","datePublished":"2023-09-16T14:44:13+00:00","dateModified":"2025-02-22T16:13:36+00:00","breadcrumb":{"@id":"https:\/\/glasir.com.ua\/product\/%d0%b5%d0%bb%d0%b5%d0%ba%d1%82%d1%80%d0%b8%d1%87%d0%bd%d0%b0-%d0%b7%d1%83%d0%b1%d0%bd%d0%b0-%d1%89%d1%96%d1%82%d0%ba%d0%b0-apiyoo-s10-bianco\/#breadcrumb"},"inLanguage":"fr-FR","potentialAction":[{"@type":"ReadAction","target":["https:\/\/glasir.com.ua\/product\/%d0%b5%d0%bb%d0%b5%d0%ba%d1%82%d1%80%d0%b8%d1%87%d0%bd%d0%b0-%d0%b7%d1%83%d0%b1%d0%bd%d0%b0-%d1%89%d1%96%d1%82%d0%ba%d0%b0-apiyoo-s10-bianco\/"]}]},{"@type":"ImageObject","inLanguage":"fr-FR","@id":"https:\/\/glasir.com.ua\/product\/%d0%b5%d0%bb%d0%b5%d0%ba%d1%82%d1%80%d0%b8%d1%87%d0%bd%d0%b0-%d0%b7%d1%83%d0%b1%d0%bd%d0%b0-%d1%89%d1%96%d1%82%d0%ba%d0%b0-apiyoo-s10-bianco\/#primaryimage","url":"https:\/\/glasir.com.ua\/wp-content\/uploads\/2023\/09\/S10-7.jpg","contentUrl":"https:\/\/glasir.com.ua\/wp-content\/uploads\/2023\/09\/S10-7.jpg","width":800,"height":800},{"@type":"BreadcrumbList","@id":"https:\/\/glasir.com.ua\/product\/%d0%b5%d0%bb%d0%b5%d0%ba%d1%82%d1%80%d0%b8%d1%87%d0%bd%d0%b0-%d0%b7%d1%83%d0%b1%d0%bd%d0%b0-%d1%89%d1%96%d1%82%d0%ba%d0%b0-apiyoo-s10-bianco\/#breadcrumb","itemListElement":[{"@type":"ListItem","position":1,"name":"Home","item":"https:\/\/glasir.com.ua\/"},{"@type":"ListItem","position":2,"name":"\u0406\u043d\u0442\u0435\u0440\u043d\u0435\u0442-\u043c\u0430\u0433\u0430\u0437\u0438\u043d","item":"https:\/\/glasir.com.ua\/shop\/"},{"@type":"ListItem","position":3,"name":"\u0411\u0435\u0437\u0434\u0440\u043e\u0442\u043e\u0432\u0430 \u0435\u043b\u0435\u043a\u0442\u0440\u0438\u0447\u043d\u0430 \u0437\u0443\u0431\u043d\u0430 \u0449\u0456\u0442\u043a\u0430 ApiYoo S10 Bianco"}]},{"@type":"WebSite","@id":"https:\/\/glasir.com.ua\/#website","url":"https:\/\/glasir.com.ua\/","name":"Glasir","description":"Il n&#039;y a pas de comparaison.","publisher":{"@id":"https:\/\/glasir.com.ua\/#organization"},"potentialAction":[{"@type":"SearchAction","target":{"@type":"EntryPoint","urlTemplate":"https:\/\/glasir.com.ua\/?s={search_term_string}"},"query-input":{"@type":"PropertyValueSpecification","valueRequired":true,"valueName":"search_term_string"}}],"inLanguage":"fr-FR"},{"@type":"Organization","@id":"https:\/\/glasir.com.ua\/#organization","name":"Glasir","url":"https:\/\/glasir.com.ua\/","logo":{"@type":"ImageObject","inLanguage":"fr-FR","@id":"https:\/\/glasir.com.ua\/#\/schema\/logo\/image\/","url":"https:\/\/glasir.com.ua\/wp-content\/uploads\/2023\/06\/cropped-llc-glasir.png","contentUrl":"https:\/\/glasir.com.ua\/wp-content\/uploads\/2023\/06\/cropped-llc-glasir.png","width":250,"height":250,"caption":"Glasir"},"image":{"@id":"https:\/\/glasir.com.ua\/#\/schema\/logo\/image\/"},"sameAs":["https:\/\/www.pinterest.com\/llc_glasir","https:\/\/g.co\/kgs\/7CK1iZr"]}]}},"_links":{"self":[{"href":"https:\/\/glasir.com.ua\/fr\/wp-json\/wp\/v2\/product\/210","targetHints":{"allow":["GET"]}}],"collection":[{"href":"https:\/\/glasir.com.ua\/fr\/wp-json\/wp\/v2\/product"}],"about":[{"href":"https:\/\/glasir.com.ua\/fr\/wp-json\/wp\/v2\/types\/product"}],"replies":[{"embeddable":true,"href":"https:\/\/glasir.com.ua\/fr\/wp-json\/wp\/v2\/comments?post=210"}],"wp:featuredmedia":[{"embeddable":true,"href":"https:\/\/glasir.com.ua\/fr\/wp-json\/wp\/v2\/media\/212"}],"wp:attachment":[{"href":"https:\/\/glasir.com.ua\/fr\/wp-json\/wp\/v2\/media?parent=210"}],"wp:term":[{"taxonomy":"product_brand","embeddable":true,"href":"https:\/\/glasir.com.ua\/fr\/wp-json\/wp\/v2\/product_brand?post=210"},{"taxonomy":"product_cat","embeddable":true,"href":"https:\/\/glasir.com.ua\/fr\/wp-json\/wp\/v2\/product_cat?post=210"},{"taxonomy":"product_tag","embeddable":true,"href":"https:\/\/glasir.com.ua\/fr\/wp-json\/wp\/v2\/product_tag?post=210"}],"curies":[{"name":"wp","href":"https:\/\/api.w.org\/{rel}","templated":true}]}}