{"id":1889,"date":"2025-03-18T15:30:33","date_gmt":"2025-03-18T13:30:33","guid":{"rendered":"https:\/\/glasir.com.ua\/?post_type=product&#038;p=1889"},"modified":"2026-02-12T14:18:04","modified_gmt":"2026-02-12T12:18:04","slug":"%d0%b5%d0%bb%d0%b5%d0%ba%d1%82%d1%80%d0%be%d0%ba%d0%bb%d0%b0%d0%bf%d0%b0%d0%bd-camozzi-458-015-22il-5-2-g1-8","status":"publish","type":"product","link":"https:\/\/glasir.com.ua\/fr\/product\/%d0%b5%d0%bb%d0%b5%d0%ba%d1%82%d1%80%d0%be%d0%ba%d0%bb%d0%b0%d0%bf%d0%b0%d0%bd-camozzi-458-015-22il-5-2-g1-8\/","title":{"rendered":"\u00c9lectrovanne Camozzi 458-015-22IL 5\/2 G1\/8"},"content":{"rendered":"<p>\u00c9lectrovanne Camozzi 458-015-22IL 5\/2 G1\/8<\/p>\n<p>Distributeur Camozzi \u00e0 commande \u00e9lectropneumatique unidirectionnelle, 5\/2 monostable avec rappel par ressort, d\u00e9bit d&#039;air : 1250 Nl\/min, raccord : G1\/8\u2033. Le distributeur est fourni sans bobine ni connecteurs, qui sont command\u00e9s s\u00e9par\u00e9ment.<\/p>\n<p>\u2022 Conception : type bobine.<br \/>\n\u2022 Type de vanne : 5\/2 monostable avec rappel par ressort.<br \/>\n\u2022 Raccord pneumatique : G1\/8\u2033.<br \/>\n\u2022 Sol\u00e9no\u00efdes : mod. A7*\/U7*\/G7*\/A8*\/H8*\/G9*.<br \/>\n\u2022 Connecteurs : 122-800, 124-800.<br \/>\n\u2022 Pression de service : 1,5 \u2026 10 bar.<br \/>\n\u2022 Consommation d&#039;air : 1250 Nl\/min.<br \/>\n\u2022 Temp\u00e9rature de fonctionnement : 0 \u2026 60\u00b0C.<br \/>\n\u2022 Temp\u00e9rature ambiante : 0 \u2026 50\u00b0C.<br \/>\n\u2022 Mat\u00e9riau du bo\u00eetier : aluminium.<br \/>\n\u2022 Mat\u00e9riau de la bobine : acier inoxydable.<br \/>\n\u2022 Joint : NBR.<br \/>\n\u2022 Installation : dans n\u2019importe quelle position.<br \/>\nCes distributeurs sont utilis\u00e9s pour alimenter des v\u00e9rins pneumatiques double face.<\/p>\n<p>Si vous recherchez un code produit sp\u00e9cifique de Camozzi, mais que vous ne l&#039;avez pas trouv\u00e9 parmi nos offres, veuillez <a href=\"https:\/\/glasir.com.ua\/fr\/contacts\/\">envoyez-nous une demande<\/a>.<br \/>\nL&#039;\u00e9quipe Glasir se fera un plaisir de vous accompagner et de vous pr\u00e9parer une offre commerciale.<br \/>\nNous sommes toujours pr\u00eats \u00e0 vous fournir les informations n\u00e9cessaires et \u00e0 trouver la solution optimale pour votre entreprise.<br \/>\nEnvoyez-nous vos demandes et nous serons heureux de vous aider !<\/p>","protected":false},"excerpt":{"rendered":"<p>\u00c9lectrovanne Camozzi 458-015-22IL 5\/2 G1\/8<\/p>","protected":false},"featured_media":1890,"comment_status":"open","ping_status":"closed","template":"","meta":[],"product_brand":[],"product_cat":[122],"product_tag":[124],"class_list":{"0":"post-1889","1":"product","2":"type-product","3":"status-publish","4":"has-post-thumbnail","6":"product_cat-122","7":"product_tag-camozzi","9":"first","10":"instock","11":"taxable","12":"shipping-taxable","13":"purchasable","14":"product-type-simple"},"yoast_head":"<!-- This site is optimized with the Yoast SEO plugin v27.2 - https:\/\/yoast.com\/product\/yoast-seo-wordpress\/ -->\n<title>\u0415\u043b\u0435\u043a\u0442\u0440\u043e\u043a\u043b\u0430\u043f\u0430\u043d Camozzi 458-015-22IL 5\/2 G1\/8 - Glasir<\/title>\n<meta name=\"robots\" content=\"index, follow, max-snippet:-1, max-image-preview:large, max-video-preview:-1\" \/>\n<link rel=\"canonical\" href=\"https:\/\/glasir.com.ua\/fr\/product\/\u0435\u043b\u0435\u043a\u0442\u0440\u043e\u043a\u043b\u0430\u043f\u0430\u043d-camozzi-458-015-22il-5-2-g1-8\/\" \/>\n<meta property=\"og:locale\" content=\"fr_FR\" \/>\n<meta property=\"og:type\" content=\"article\" \/>\n<meta property=\"og:title\" content=\"\u0415\u043b\u0435\u043a\u0442\u0440\u043e\u043a\u043b\u0430\u043f\u0430\u043d Camozzi 458-015-22IL 5\/2 G1\/8 - Glasir\" \/>\n<meta property=\"og:description\" content=\"\u0415\u043b\u0435\u043a\u0442\u0440\u043e\u043a\u043b\u0430\u043f\u0430\u043d Camozzi 458-015-22IL 5\/2 G1\/8\" \/>\n<meta property=\"og:url\" content=\"https:\/\/glasir.com.ua\/fr\/product\/\u0435\u043b\u0435\u043a\u0442\u0440\u043e\u043a\u043b\u0430\u043f\u0430\u043d-camozzi-458-015-22il-5-2-g1-8\/\" \/>\n<meta property=\"og:site_name\" content=\"Glasir\" \/>\n<meta property=\"article:modified_time\" content=\"2026-02-12T12:18:04+00:00\" \/>\n<meta property=\"og:image\" content=\"http:\/\/glasir.com.ua\/wp-content\/uploads\/2025\/03\/458-015.jpg\" \/>\n\t<meta property=\"og:image:width\" content=\"1200\" \/>\n\t<meta property=\"og:image:height\" content=\"1200\" \/>\n\t<meta property=\"og:image:type\" content=\"image\/jpeg\" \/>\n<meta name=\"twitter:card\" content=\"summary_large_image\" \/>\n<meta name=\"twitter:label1\" content=\"Dur\u00e9e de lecture estim\u00e9e\" \/>\n\t<meta name=\"twitter:data1\" content=\"2 minutes\" \/>\n<script type=\"application\/ld+json\" class=\"yoast-schema-graph\">{\"@context\":\"https:\/\/schema.org\",\"@graph\":[{\"@type\":[\"WebPage\",\"ItemPage\"],\"@id\":\"https:\/\/glasir.com.ua\/product\/%d0%b5%d0%bb%d0%b5%d0%ba%d1%82%d1%80%d0%be%d0%ba%d0%bb%d0%b0%d0%bf%d0%b0%d0%bd-camozzi-458-015-22il-5-2-g1-8\/\",\"url\":\"https:\/\/glasir.com.ua\/product\/%d0%b5%d0%bb%d0%b5%d0%ba%d1%82%d1%80%d0%be%d0%ba%d0%bb%d0%b0%d0%bf%d0%b0%d0%bd-camozzi-458-015-22il-5-2-g1-8\/\",\"name\":\"\u0415\u043b\u0435\u043a\u0442\u0440\u043e\u043a\u043b\u0430\u043f\u0430\u043d Camozzi 458-015-22IL 5\/2 G1\/8 - Glasir\",\"isPartOf\":{\"@id\":\"https:\/\/glasir.com.ua\/#website\"},\"primaryImageOfPage\":{\"@id\":\"https:\/\/glasir.com.ua\/product\/%d0%b5%d0%bb%d0%b5%d0%ba%d1%82%d1%80%d0%be%d0%ba%d0%bb%d0%b0%d0%bf%d0%b0%d0%bd-camozzi-458-015-22il-5-2-g1-8\/#primaryimage\"},\"image\":{\"@id\":\"https:\/\/glasir.com.ua\/product\/%d0%b5%d0%bb%d0%b5%d0%ba%d1%82%d1%80%d0%be%d0%ba%d0%bb%d0%b0%d0%bf%d0%b0%d0%bd-camozzi-458-015-22il-5-2-g1-8\/#primaryimage\"},\"thumbnailUrl\":\"https:\/\/glasir.com.ua\/wp-content\/uploads\/2025\/03\/458-015.jpg\",\"datePublished\":\"2025-03-18T13:30:33+00:00\",\"dateModified\":\"2026-02-12T12:18:04+00:00\",\"breadcrumb\":{\"@id\":\"https:\/\/glasir.com.ua\/product\/%d0%b5%d0%bb%d0%b5%d0%ba%d1%82%d1%80%d0%be%d0%ba%d0%bb%d0%b0%d0%bf%d0%b0%d0%bd-camozzi-458-015-22il-5-2-g1-8\/#breadcrumb\"},\"inLanguage\":\"fr-FR\",\"potentialAction\":[{\"@type\":\"ReadAction\",\"target\":[\"https:\/\/glasir.com.ua\/product\/%d0%b5%d0%bb%d0%b5%d0%ba%d1%82%d1%80%d0%be%d0%ba%d0%bb%d0%b0%d0%bf%d0%b0%d0%bd-camozzi-458-015-22il-5-2-g1-8\/\"]}]},{\"@type\":\"ImageObject\",\"inLanguage\":\"fr-FR\",\"@id\":\"https:\/\/glasir.com.ua\/product\/%d0%b5%d0%bb%d0%b5%d0%ba%d1%82%d1%80%d0%be%d0%ba%d0%bb%d0%b0%d0%bf%d0%b0%d0%bd-camozzi-458-015-22il-5-2-g1-8\/#primaryimage\",\"url\":\"https:\/\/glasir.com.ua\/wp-content\/uploads\/2025\/03\/458-015.jpg\",\"contentUrl\":\"https:\/\/glasir.com.ua\/wp-content\/uploads\/2025\/03\/458-015.jpg\",\"width\":1200,\"height\":1200,\"caption\":\"Camozzi 458-015-22IL\"},{\"@type\":\"BreadcrumbList\",\"@id\":\"https:\/\/glasir.com.ua\/product\/%d0%b5%d0%bb%d0%b5%d0%ba%d1%82%d1%80%d0%be%d0%ba%d0%bb%d0%b0%d0%bf%d0%b0%d0%bd-camozzi-458-015-22il-5-2-g1-8\/#breadcrumb\",\"itemListElement\":[{\"@type\":\"ListItem\",\"position\":1,\"name\":\"Home\",\"item\":\"https:\/\/glasir.com.ua\/\"},{\"@type\":\"ListItem\",\"position\":2,\"name\":\"\u0406\u043d\u0442\u0435\u0440\u043d\u0435\u0442-\u043c\u0430\u0433\u0430\u0437\u0438\u043d\",\"item\":\"https:\/\/glasir.com.ua\/shop\/\"},{\"@type\":\"ListItem\",\"position\":3,\"name\":\"\u0415\u043b\u0435\u043a\u0442\u0440\u043e\u043a\u043b\u0430\u043f\u0430\u043d Camozzi 458-015-22IL 5\/2 G1\/8\"}]},{\"@type\":\"WebSite\",\"@id\":\"https:\/\/glasir.com.ua\/#website\",\"url\":\"https:\/\/glasir.com.ua\/\",\"name\":\"Glasir\",\"description\":\"\u041d\u0435\u043c\u0430\u0454 \u043f\u043e\u0440\u0456\u0432\u043d\u044f\u043d\u043d\u044f.\",\"publisher\":{\"@id\":\"https:\/\/glasir.com.ua\/#organization\"},\"potentialAction\":[{\"@type\":\"SearchAction\",\"target\":{\"@type\":\"EntryPoint\",\"urlTemplate\":\"https:\/\/glasir.com.ua\/?s={search_term_string}\"},\"query-input\":{\"@type\":\"PropertyValueSpecification\",\"valueRequired\":true,\"valueName\":\"search_term_string\"}}],\"inLanguage\":\"fr-FR\"},{\"@type\":\"Organization\",\"@id\":\"https:\/\/glasir.com.ua\/#organization\",\"name\":\"Glasir\",\"url\":\"https:\/\/glasir.com.ua\/\",\"logo\":{\"@type\":\"ImageObject\",\"inLanguage\":\"fr-FR\",\"@id\":\"https:\/\/glasir.com.ua\/#\/schema\/logo\/image\/\",\"url\":\"https:\/\/glasir.com.ua\/wp-content\/uploads\/2023\/06\/cropped-llc-glasir.png\",\"contentUrl\":\"https:\/\/glasir.com.ua\/wp-content\/uploads\/2023\/06\/cropped-llc-glasir.png\",\"width\":250,\"height\":250,\"caption\":\"Glasir\"},\"image\":{\"@id\":\"https:\/\/glasir.com.ua\/#\/schema\/logo\/image\/\"},\"sameAs\":[\"https:\/\/www.pinterest.com\/llc_glasir\",\"https:\/\/g.co\/kgs\/7CK1iZr\"]}]}<\/script>\n<!-- \/ Yoast SEO plugin. -->","yoast_head_json":{"title":"\u00c9lectrovanne Camozzi 458-015-22IL 5\/2 G1\/8 - Glasir","robots":{"index":"index","follow":"follow","max-snippet":"max-snippet:-1","max-image-preview":"max-image-preview:large","max-video-preview":"max-video-preview:-1"},"canonical":"https:\/\/glasir.com.ua\/fr\/product\/\u0435\u043b\u0435\u043a\u0442\u0440\u043e\u043a\u043b\u0430\u043f\u0430\u043d-camozzi-458-015-22il-5-2-g1-8\/","og_locale":"fr_FR","og_type":"article","og_title":"\u0415\u043b\u0435\u043a\u0442\u0440\u043e\u043a\u043b\u0430\u043f\u0430\u043d Camozzi 458-015-22IL 5\/2 G1\/8 - Glasir","og_description":"\u0415\u043b\u0435\u043a\u0442\u0440\u043e\u043a\u043b\u0430\u043f\u0430\u043d Camozzi 458-015-22IL 5\/2 G1\/8","og_url":"https:\/\/glasir.com.ua\/fr\/product\/\u0435\u043b\u0435\u043a\u0442\u0440\u043e\u043a\u043b\u0430\u043f\u0430\u043d-camozzi-458-015-22il-5-2-g1-8\/","og_site_name":"Glasir","article_modified_time":"2026-02-12T12:18:04+00:00","og_image":[{"width":1200,"height":1200,"url":"http:\/\/glasir.com.ua\/wp-content\/uploads\/2025\/03\/458-015.jpg","type":"image\/jpeg"}],"twitter_card":"summary_large_image","twitter_misc":{"Dur\u00e9e de lecture estim\u00e9e":"2 minutes"},"schema":{"@context":"https:\/\/schema.org","@graph":[{"@type":["WebPage","ItemPage"],"@id":"https:\/\/glasir.com.ua\/product\/%d0%b5%d0%bb%d0%b5%d0%ba%d1%82%d1%80%d0%be%d0%ba%d0%bb%d0%b0%d0%bf%d0%b0%d0%bd-camozzi-458-015-22il-5-2-g1-8\/","url":"https:\/\/glasir.com.ua\/product\/%d0%b5%d0%bb%d0%b5%d0%ba%d1%82%d1%80%d0%be%d0%ba%d0%bb%d0%b0%d0%bf%d0%b0%d0%bd-camozzi-458-015-22il-5-2-g1-8\/","name":"\u00c9lectrovanne Camozzi 458-015-22IL 5\/2 G1\/8 - Glasir","isPartOf":{"@id":"https:\/\/glasir.com.ua\/#website"},"primaryImageOfPage":{"@id":"https:\/\/glasir.com.ua\/product\/%d0%b5%d0%bb%d0%b5%d0%ba%d1%82%d1%80%d0%be%d0%ba%d0%bb%d0%b0%d0%bf%d0%b0%d0%bd-camozzi-458-015-22il-5-2-g1-8\/#primaryimage"},"image":{"@id":"https:\/\/glasir.com.ua\/product\/%d0%b5%d0%bb%d0%b5%d0%ba%d1%82%d1%80%d0%be%d0%ba%d0%bb%d0%b0%d0%bf%d0%b0%d0%bd-camozzi-458-015-22il-5-2-g1-8\/#primaryimage"},"thumbnailUrl":"https:\/\/glasir.com.ua\/wp-content\/uploads\/2025\/03\/458-015.jpg","datePublished":"2025-03-18T13:30:33+00:00","dateModified":"2026-02-12T12:18:04+00:00","breadcrumb":{"@id":"https:\/\/glasir.com.ua\/product\/%d0%b5%d0%bb%d0%b5%d0%ba%d1%82%d1%80%d0%be%d0%ba%d0%bb%d0%b0%d0%bf%d0%b0%d0%bd-camozzi-458-015-22il-5-2-g1-8\/#breadcrumb"},"inLanguage":"fr-FR","potentialAction":[{"@type":"ReadAction","target":["https:\/\/glasir.com.ua\/product\/%d0%b5%d0%bb%d0%b5%d0%ba%d1%82%d1%80%d0%be%d0%ba%d0%bb%d0%b0%d0%bf%d0%b0%d0%bd-camozzi-458-015-22il-5-2-g1-8\/"]}]},{"@type":"ImageObject","inLanguage":"fr-FR","@id":"https:\/\/glasir.com.ua\/product\/%d0%b5%d0%bb%d0%b5%d0%ba%d1%82%d1%80%d0%be%d0%ba%d0%bb%d0%b0%d0%bf%d0%b0%d0%bd-camozzi-458-015-22il-5-2-g1-8\/#primaryimage","url":"https:\/\/glasir.com.ua\/wp-content\/uploads\/2025\/03\/458-015.jpg","contentUrl":"https:\/\/glasir.com.ua\/wp-content\/uploads\/2025\/03\/458-015.jpg","width":1200,"height":1200,"caption":"Camozzi 458-015-22IL"},{"@type":"BreadcrumbList","@id":"https:\/\/glasir.com.ua\/product\/%d0%b5%d0%bb%d0%b5%d0%ba%d1%82%d1%80%d0%be%d0%ba%d0%bb%d0%b0%d0%bf%d0%b0%d0%bd-camozzi-458-015-22il-5-2-g1-8\/#breadcrumb","itemListElement":[{"@type":"ListItem","position":1,"name":"Home","item":"https:\/\/glasir.com.ua\/"},{"@type":"ListItem","position":2,"name":"\u0406\u043d\u0442\u0435\u0440\u043d\u0435\u0442-\u043c\u0430\u0433\u0430\u0437\u0438\u043d","item":"https:\/\/glasir.com.ua\/shop\/"},{"@type":"ListItem","position":3,"name":"\u0415\u043b\u0435\u043a\u0442\u0440\u043e\u043a\u043b\u0430\u043f\u0430\u043d Camozzi 458-015-22IL 5\/2 G1\/8"}]},{"@type":"WebSite","@id":"https:\/\/glasir.com.ua\/#website","url":"https:\/\/glasir.com.ua\/","name":"Glasir","description":"Il n&#039;y a pas de comparaison.","publisher":{"@id":"https:\/\/glasir.com.ua\/#organization"},"potentialAction":[{"@type":"SearchAction","target":{"@type":"EntryPoint","urlTemplate":"https:\/\/glasir.com.ua\/?s={search_term_string}"},"query-input":{"@type":"PropertyValueSpecification","valueRequired":true,"valueName":"search_term_string"}}],"inLanguage":"fr-FR"},{"@type":"Organization","@id":"https:\/\/glasir.com.ua\/#organization","name":"Glasir","url":"https:\/\/glasir.com.ua\/","logo":{"@type":"ImageObject","inLanguage":"fr-FR","@id":"https:\/\/glasir.com.ua\/#\/schema\/logo\/image\/","url":"https:\/\/glasir.com.ua\/wp-content\/uploads\/2023\/06\/cropped-llc-glasir.png","contentUrl":"https:\/\/glasir.com.ua\/wp-content\/uploads\/2023\/06\/cropped-llc-glasir.png","width":250,"height":250,"caption":"Glasir"},"image":{"@id":"https:\/\/glasir.com.ua\/#\/schema\/logo\/image\/"},"sameAs":["https:\/\/www.pinterest.com\/llc_glasir","https:\/\/g.co\/kgs\/7CK1iZr"]}]}},"_links":{"self":[{"href":"https:\/\/glasir.com.ua\/fr\/wp-json\/wp\/v2\/product\/1889","targetHints":{"allow":["GET"]}}],"collection":[{"href":"https:\/\/glasir.com.ua\/fr\/wp-json\/wp\/v2\/product"}],"about":[{"href":"https:\/\/glasir.com.ua\/fr\/wp-json\/wp\/v2\/types\/product"}],"replies":[{"embeddable":true,"href":"https:\/\/glasir.com.ua\/fr\/wp-json\/wp\/v2\/comments?post=1889"}],"wp:featuredmedia":[{"embeddable":true,"href":"https:\/\/glasir.com.ua\/fr\/wp-json\/wp\/v2\/media\/1890"}],"wp:attachment":[{"href":"https:\/\/glasir.com.ua\/fr\/wp-json\/wp\/v2\/media?parent=1889"}],"wp:term":[{"taxonomy":"product_brand","embeddable":true,"href":"https:\/\/glasir.com.ua\/fr\/wp-json\/wp\/v2\/product_brand?post=1889"},{"taxonomy":"product_cat","embeddable":true,"href":"https:\/\/glasir.com.ua\/fr\/wp-json\/wp\/v2\/product_cat?post=1889"},{"taxonomy":"product_tag","embeddable":true,"href":"https:\/\/glasir.com.ua\/fr\/wp-json\/wp\/v2\/product_tag?post=1889"}],"curies":[{"name":"wp","href":"https:\/\/api.w.org\/{rel}","templated":true}]}}