{"id":1422,"date":"2025-02-09T12:16:38","date_gmt":"2025-02-09T10:16:38","guid":{"rendered":"https:\/\/glasir.com.ua\/?post_type=product&#038;p=1422"},"modified":"2025-02-22T13:05:19","modified_gmt":"2025-02-22T11:05:19","slug":"%d0%bc%d0%b0%d1%81%d0%b0%d0%b6%d0%bd%d0%b8%d0%b9-%d0%b3%d1%80%d0%b5%d0%b1%d1%96%d0%bd%d0%b5%d1%86%d1%8c-%d0%b4%d0%bb%d1%8f-%d0%b3%d0%be%d0%bb%d0%be%d0%b2%d0%b8-apiyoo-an8","status":"publish","type":"product","link":"https:\/\/glasir.com.ua\/fr\/product\/%d0%bc%d0%b0%d1%81%d0%b0%d0%b6%d0%bd%d0%b8%d0%b9-%d0%b3%d1%80%d0%b5%d0%b1%d1%96%d0%bd%d0%b5%d1%86%d1%8c-%d0%b4%d0%bb%d1%8f-%d0%b3%d0%be%d0%bb%d0%be%d0%b2%d0%b8-apiyoo-an8\/","title":{"rendered":"Peigne de massage de la t\u00eate ApiYoo AN8"},"content":{"rendered":"<p>Peigne de massage de t\u00eate ApiYoo AN8.<\/p>\n<p>Le peigne de massage masse parfaitement et en toute s\u00e9curit\u00e9 le cuir chevelu, stimule la circulation sanguine, \u00e9limine les cellules mortes de la peau, soulage le stress et aide \u00e0 d\u00e9tendre les muscles. Il aide \u00e9galement \u00e0 r\u00e9duire la perte de cheveux et favorise la croissance des cheveux. <\/p>\n<p>Convient \u00e0 tous les types de cheveux \u2013 des cheveux lisses et boucl\u00e9s aux cheveux fins, \u00e9pais et ab\u00eem\u00e9s. Id\u00e9al pour une utilisation sur des perruques et des extensions de cheveux.<br \/>\nUn peigne vous aidera non seulement \u00e0 garder vos cheveux en bon \u00e9tat, mais il sera \u00e9galement un excellent outil pour un massage relaxant de la t\u00eate.<\/p>\n<p>Mat\u00e9riau : Nylon PA66<br \/>\nCoussin gonflable \u00e9lastique tridimensionnel<br \/>\n9500 massages vibratoires par minute<\/p>\n<p>Le kit comprend :<br \/>\n\u2013 mode d&#039;emploi<br \/>\n\u2013 peigne de massage<br \/>\n\u2013 Chargeur USB<\/p>\n<div style=\"width: 525px;\" class=\"wp-video\"><video class=\"wp-video-shortcode\" id=\"video-1422-1\" width=\"525\" height=\"295\" preload=\"metadata\" controls=\"controls\"><source type=\"video\/mp4\" src=\"http:\/\/glasir.com.ua\/wp-content\/uploads\/2025\/02\/apiyoo-an8-comb.mp4?_=1\" \/><a href=\"http:\/\/glasir.com.ua\/wp-content\/uploads\/2025\/02\/apiyoo-an8-comb.mp4\">http:\/\/glasir.com.ua\/wp-content\/uploads\/2025\/02\/apiyoo-an8-comb.mp4<\/a><\/video><\/div>","protected":false},"excerpt":{"rendered":"<p>Peigne de massage de t\u00eate ApiYoo AN8.<\/p>","protected":false},"featured_media":1438,"comment_status":"open","ping_status":"closed","template":"","meta":[],"product_brand":[],"product_cat":[131,198],"product_tag":[33],"class_list":{"0":"post-1422","1":"product","2":"type-product","3":"status-publish","4":"has-post-thumbnail","6":"product_cat-131","7":"product_cat-198","8":"product_tag-apiyoo","10":"first","11":"instock","12":"taxable","13":"shipping-taxable","14":"purchasable","15":"product-type-simple"},"yoast_head":"<!-- This site is optimized with the Yoast SEO plugin v27.2 - https:\/\/yoast.com\/product\/yoast-seo-wordpress\/ -->\n<title>\u041c\u0430\u0441\u0430\u0436\u043d\u0438\u0439 \u0433\u0440\u0435\u0431\u0456\u043d\u0435\u0446\u044c \u0434\u043b\u044f \u0433\u043e\u043b\u043e\u0432\u0438 ApiYoo AN8 - Glasir<\/title>\n<meta name=\"robots\" content=\"index, follow, max-snippet:-1, max-image-preview:large, max-video-preview:-1\" \/>\n<link rel=\"canonical\" href=\"https:\/\/glasir.com.ua\/fr\/product\/\u043c\u0430\u0441\u0430\u0436\u043d\u0438\u0439-\u0433\u0440\u0435\u0431\u0456\u043d\u0435\u0446\u044c-\u0434\u043b\u044f-\u0433\u043e\u043b\u043e\u0432\u0438-apiyoo-an8\/\" \/>\n<meta property=\"og:locale\" content=\"fr_FR\" \/>\n<meta property=\"og:type\" content=\"article\" \/>\n<meta property=\"og:title\" content=\"\u041c\u0430\u0441\u0430\u0436\u043d\u0438\u0439 \u0433\u0440\u0435\u0431\u0456\u043d\u0435\u0446\u044c \u0434\u043b\u044f \u0433\u043e\u043b\u043e\u0432\u0438 ApiYoo AN8 - Glasir\" \/>\n<meta property=\"og:description\" content=\"\u041c\u0430\u0441\u0430\u0436\u043d\u0438\u0439 \u0433\u0440\u0435\u0431\u0456\u043d\u0435\u0446\u044c \u0434\u043b\u044f \u0433\u043e\u043b\u043e\u0432\u0438 ApiYoo AN8.\" \/>\n<meta property=\"og:url\" content=\"https:\/\/glasir.com.ua\/fr\/product\/\u043c\u0430\u0441\u0430\u0436\u043d\u0438\u0439-\u0433\u0440\u0435\u0431\u0456\u043d\u0435\u0446\u044c-\u0434\u043b\u044f-\u0433\u043e\u043b\u043e\u0432\u0438-apiyoo-an8\/\" \/>\n<meta property=\"og:site_name\" content=\"Glasir\" \/>\n<meta property=\"article:modified_time\" content=\"2025-02-22T11:05:19+00:00\" \/>\n<meta property=\"og:image\" content=\"https:\/\/glasir.com.ua\/wp-content\/uploads\/2025\/02\/\u4e3b\u56fe5-1.jpg\" \/>\n\t<meta property=\"og:image:width\" content=\"800\" \/>\n\t<meta property=\"og:image:height\" content=\"800\" \/>\n\t<meta property=\"og:image:type\" content=\"image\/jpeg\" \/>\n<meta name=\"twitter:card\" content=\"summary_large_image\" \/>\n<script type=\"application\/ld+json\" class=\"yoast-schema-graph\">{\"@context\":\"https:\/\/schema.org\",\"@graph\":[{\"@type\":[\"WebPage\",\"ItemPage\"],\"@id\":\"https:\/\/glasir.com.ua\/product\/%d0%bc%d0%b0%d1%81%d0%b0%d0%b6%d0%bd%d0%b8%d0%b9-%d0%b3%d1%80%d0%b5%d0%b1%d1%96%d0%bd%d0%b5%d1%86%d1%8c-%d0%b4%d0%bb%d1%8f-%d0%b3%d0%be%d0%bb%d0%be%d0%b2%d0%b8-apiyoo-an8\/\",\"url\":\"https:\/\/glasir.com.ua\/product\/%d0%bc%d0%b0%d1%81%d0%b0%d0%b6%d0%bd%d0%b8%d0%b9-%d0%b3%d1%80%d0%b5%d0%b1%d1%96%d0%bd%d0%b5%d1%86%d1%8c-%d0%b4%d0%bb%d1%8f-%d0%b3%d0%be%d0%bb%d0%be%d0%b2%d0%b8-apiyoo-an8\/\",\"name\":\"\u041c\u0430\u0441\u0430\u0436\u043d\u0438\u0439 \u0433\u0440\u0435\u0431\u0456\u043d\u0435\u0446\u044c \u0434\u043b\u044f \u0433\u043e\u043b\u043e\u0432\u0438 ApiYoo AN8 - Glasir\",\"isPartOf\":{\"@id\":\"https:\/\/glasir.com.ua\/#website\"},\"primaryImageOfPage\":{\"@id\":\"https:\/\/glasir.com.ua\/product\/%d0%bc%d0%b0%d1%81%d0%b0%d0%b6%d0%bd%d0%b8%d0%b9-%d0%b3%d1%80%d0%b5%d0%b1%d1%96%d0%bd%d0%b5%d1%86%d1%8c-%d0%b4%d0%bb%d1%8f-%d0%b3%d0%be%d0%bb%d0%be%d0%b2%d0%b8-apiyoo-an8\/#primaryimage\"},\"image\":{\"@id\":\"https:\/\/glasir.com.ua\/product\/%d0%bc%d0%b0%d1%81%d0%b0%d0%b6%d0%bd%d0%b8%d0%b9-%d0%b3%d1%80%d0%b5%d0%b1%d1%96%d0%bd%d0%b5%d1%86%d1%8c-%d0%b4%d0%bb%d1%8f-%d0%b3%d0%be%d0%bb%d0%be%d0%b2%d0%b8-apiyoo-an8\/#primaryimage\"},\"thumbnailUrl\":\"https:\/\/glasir.com.ua\/wp-content\/uploads\/2025\/02\/\u4e3b\u56fe5-1.jpg\",\"datePublished\":\"2025-02-09T10:16:38+00:00\",\"dateModified\":\"2025-02-22T11:05:19+00:00\",\"breadcrumb\":{\"@id\":\"https:\/\/glasir.com.ua\/product\/%d0%bc%d0%b0%d1%81%d0%b0%d0%b6%d0%bd%d0%b8%d0%b9-%d0%b3%d1%80%d0%b5%d0%b1%d1%96%d0%bd%d0%b5%d1%86%d1%8c-%d0%b4%d0%bb%d1%8f-%d0%b3%d0%be%d0%bb%d0%be%d0%b2%d0%b8-apiyoo-an8\/#breadcrumb\"},\"inLanguage\":\"fr-FR\",\"potentialAction\":[{\"@type\":\"ReadAction\",\"target\":[\"https:\/\/glasir.com.ua\/product\/%d0%bc%d0%b0%d1%81%d0%b0%d0%b6%d0%bd%d0%b8%d0%b9-%d0%b3%d1%80%d0%b5%d0%b1%d1%96%d0%bd%d0%b5%d1%86%d1%8c-%d0%b4%d0%bb%d1%8f-%d0%b3%d0%be%d0%bb%d0%be%d0%b2%d0%b8-apiyoo-an8\/\"]}]},{\"@type\":\"ImageObject\",\"inLanguage\":\"fr-FR\",\"@id\":\"https:\/\/glasir.com.ua\/product\/%d0%bc%d0%b0%d1%81%d0%b0%d0%b6%d0%bd%d0%b8%d0%b9-%d0%b3%d1%80%d0%b5%d0%b1%d1%96%d0%bd%d0%b5%d1%86%d1%8c-%d0%b4%d0%bb%d1%8f-%d0%b3%d0%be%d0%bb%d0%be%d0%b2%d0%b8-apiyoo-an8\/#primaryimage\",\"url\":\"https:\/\/glasir.com.ua\/wp-content\/uploads\/2025\/02\/\u4e3b\u56fe5-1.jpg\",\"contentUrl\":\"https:\/\/glasir.com.ua\/wp-content\/uploads\/2025\/02\/\u4e3b\u56fe5-1.jpg\",\"width\":800,\"height\":800,\"caption\":\"\u041c\u0430\u0441\u0430\u0436\u043d\u0438\u0439 \u0433\u0440\u0435\u0431\u0456\u043d\u0435\u0446\u044c \u0434\u043b\u044f \u0433\u043e\u043b\u043e\u0432\u0438 ApiYoo AN8\"},{\"@type\":\"BreadcrumbList\",\"@id\":\"https:\/\/glasir.com.ua\/product\/%d0%bc%d0%b0%d1%81%d0%b0%d0%b6%d0%bd%d0%b8%d0%b9-%d0%b3%d1%80%d0%b5%d0%b1%d1%96%d0%bd%d0%b5%d1%86%d1%8c-%d0%b4%d0%bb%d1%8f-%d0%b3%d0%be%d0%bb%d0%be%d0%b2%d0%b8-apiyoo-an8\/#breadcrumb\",\"itemListElement\":[{\"@type\":\"ListItem\",\"position\":1,\"name\":\"Home\",\"item\":\"https:\/\/glasir.com.ua\/\"},{\"@type\":\"ListItem\",\"position\":2,\"name\":\"\u0406\u043d\u0442\u0435\u0440\u043d\u0435\u0442-\u043c\u0430\u0433\u0430\u0437\u0438\u043d\",\"item\":\"https:\/\/glasir.com.ua\/shop\/\"},{\"@type\":\"ListItem\",\"position\":3,\"name\":\"\u041c\u0430\u0441\u0430\u0436\u043d\u0438\u0439 \u0433\u0440\u0435\u0431\u0456\u043d\u0435\u0446\u044c \u0434\u043b\u044f \u0433\u043e\u043b\u043e\u0432\u0438 ApiYoo AN8\"}]},{\"@type\":\"WebSite\",\"@id\":\"https:\/\/glasir.com.ua\/#website\",\"url\":\"https:\/\/glasir.com.ua\/\",\"name\":\"Glasir\",\"description\":\"\u041d\u0435\u043c\u0430\u0454 \u043f\u043e\u0440\u0456\u0432\u043d\u044f\u043d\u043d\u044f.\",\"publisher\":{\"@id\":\"https:\/\/glasir.com.ua\/#organization\"},\"potentialAction\":[{\"@type\":\"SearchAction\",\"target\":{\"@type\":\"EntryPoint\",\"urlTemplate\":\"https:\/\/glasir.com.ua\/?s={search_term_string}\"},\"query-input\":{\"@type\":\"PropertyValueSpecification\",\"valueRequired\":true,\"valueName\":\"search_term_string\"}}],\"inLanguage\":\"fr-FR\"},{\"@type\":\"Organization\",\"@id\":\"https:\/\/glasir.com.ua\/#organization\",\"name\":\"Glasir\",\"url\":\"https:\/\/glasir.com.ua\/\",\"logo\":{\"@type\":\"ImageObject\",\"inLanguage\":\"fr-FR\",\"@id\":\"https:\/\/glasir.com.ua\/#\/schema\/logo\/image\/\",\"url\":\"https:\/\/glasir.com.ua\/wp-content\/uploads\/2023\/06\/cropped-llc-glasir.png\",\"contentUrl\":\"https:\/\/glasir.com.ua\/wp-content\/uploads\/2023\/06\/cropped-llc-glasir.png\",\"width\":250,\"height\":250,\"caption\":\"Glasir\"},\"image\":{\"@id\":\"https:\/\/glasir.com.ua\/#\/schema\/logo\/image\/\"},\"sameAs\":[\"https:\/\/www.pinterest.com\/llc_glasir\",\"https:\/\/g.co\/kgs\/7CK1iZr\"]}]}<\/script>\n<!-- \/ Yoast SEO plugin. -->","yoast_head_json":{"title":"Peigne de massage pour la t\u00eate ApiYoo AN8 - Glasir","robots":{"index":"index","follow":"follow","max-snippet":"max-snippet:-1","max-image-preview":"max-image-preview:large","max-video-preview":"max-video-preview:-1"},"canonical":"https:\/\/glasir.com.ua\/fr\/product\/\u043c\u0430\u0441\u0430\u0436\u043d\u0438\u0439-\u0433\u0440\u0435\u0431\u0456\u043d\u0435\u0446\u044c-\u0434\u043b\u044f-\u0433\u043e\u043b\u043e\u0432\u0438-apiyoo-an8\/","og_locale":"fr_FR","og_type":"article","og_title":"\u041c\u0430\u0441\u0430\u0436\u043d\u0438\u0439 \u0433\u0440\u0435\u0431\u0456\u043d\u0435\u0446\u044c \u0434\u043b\u044f \u0433\u043e\u043b\u043e\u0432\u0438 ApiYoo AN8 - Glasir","og_description":"\u041c\u0430\u0441\u0430\u0436\u043d\u0438\u0439 \u0433\u0440\u0435\u0431\u0456\u043d\u0435\u0446\u044c \u0434\u043b\u044f \u0433\u043e\u043b\u043e\u0432\u0438 ApiYoo AN8.","og_url":"https:\/\/glasir.com.ua\/fr\/product\/\u043c\u0430\u0441\u0430\u0436\u043d\u0438\u0439-\u0433\u0440\u0435\u0431\u0456\u043d\u0435\u0446\u044c-\u0434\u043b\u044f-\u0433\u043e\u043b\u043e\u0432\u0438-apiyoo-an8\/","og_site_name":"Glasir","article_modified_time":"2025-02-22T11:05:19+00:00","og_image":[{"width":800,"height":800,"url":"https:\/\/glasir.com.ua\/wp-content\/uploads\/2025\/02\/\u4e3b\u56fe5-1.jpg","type":"image\/jpeg"}],"twitter_card":"summary_large_image","schema":{"@context":"https:\/\/schema.org","@graph":[{"@type":["WebPage","ItemPage"],"@id":"https:\/\/glasir.com.ua\/product\/%d0%bc%d0%b0%d1%81%d0%b0%d0%b6%d0%bd%d0%b8%d0%b9-%d0%b3%d1%80%d0%b5%d0%b1%d1%96%d0%bd%d0%b5%d1%86%d1%8c-%d0%b4%d0%bb%d1%8f-%d0%b3%d0%be%d0%bb%d0%be%d0%b2%d0%b8-apiyoo-an8\/","url":"https:\/\/glasir.com.ua\/product\/%d0%bc%d0%b0%d1%81%d0%b0%d0%b6%d0%bd%d0%b8%d0%b9-%d0%b3%d1%80%d0%b5%d0%b1%d1%96%d0%bd%d0%b5%d1%86%d1%8c-%d0%b4%d0%bb%d1%8f-%d0%b3%d0%be%d0%bb%d0%be%d0%b2%d0%b8-apiyoo-an8\/","name":"Peigne de massage pour la t\u00eate ApiYoo AN8 - Glasir","isPartOf":{"@id":"https:\/\/glasir.com.ua\/#website"},"primaryImageOfPage":{"@id":"https:\/\/glasir.com.ua\/product\/%d0%bc%d0%b0%d1%81%d0%b0%d0%b6%d0%bd%d0%b8%d0%b9-%d0%b3%d1%80%d0%b5%d0%b1%d1%96%d0%bd%d0%b5%d1%86%d1%8c-%d0%b4%d0%bb%d1%8f-%d0%b3%d0%be%d0%bb%d0%be%d0%b2%d0%b8-apiyoo-an8\/#primaryimage"},"image":{"@id":"https:\/\/glasir.com.ua\/product\/%d0%bc%d0%b0%d1%81%d0%b0%d0%b6%d0%bd%d0%b8%d0%b9-%d0%b3%d1%80%d0%b5%d0%b1%d1%96%d0%bd%d0%b5%d1%86%d1%8c-%d0%b4%d0%bb%d1%8f-%d0%b3%d0%be%d0%bb%d0%be%d0%b2%d0%b8-apiyoo-an8\/#primaryimage"},"thumbnailUrl":"https:\/\/glasir.com.ua\/wp-content\/uploads\/2025\/02\/\u4e3b\u56fe5-1.jpg","datePublished":"2025-02-09T10:16:38+00:00","dateModified":"2025-02-22T11:05:19+00:00","breadcrumb":{"@id":"https:\/\/glasir.com.ua\/product\/%d0%bc%d0%b0%d1%81%d0%b0%d0%b6%d0%bd%d0%b8%d0%b9-%d0%b3%d1%80%d0%b5%d0%b1%d1%96%d0%bd%d0%b5%d1%86%d1%8c-%d0%b4%d0%bb%d1%8f-%d0%b3%d0%be%d0%bb%d0%be%d0%b2%d0%b8-apiyoo-an8\/#breadcrumb"},"inLanguage":"fr-FR","potentialAction":[{"@type":"ReadAction","target":["https:\/\/glasir.com.ua\/product\/%d0%bc%d0%b0%d1%81%d0%b0%d0%b6%d0%bd%d0%b8%d0%b9-%d0%b3%d1%80%d0%b5%d0%b1%d1%96%d0%bd%d0%b5%d1%86%d1%8c-%d0%b4%d0%bb%d1%8f-%d0%b3%d0%be%d0%bb%d0%be%d0%b2%d0%b8-apiyoo-an8\/"]}]},{"@type":"ImageObject","inLanguage":"fr-FR","@id":"https:\/\/glasir.com.ua\/product\/%d0%bc%d0%b0%d1%81%d0%b0%d0%b6%d0%bd%d0%b8%d0%b9-%d0%b3%d1%80%d0%b5%d0%b1%d1%96%d0%bd%d0%b5%d1%86%d1%8c-%d0%b4%d0%bb%d1%8f-%d0%b3%d0%be%d0%bb%d0%be%d0%b2%d0%b8-apiyoo-an8\/#primaryimage","url":"https:\/\/glasir.com.ua\/wp-content\/uploads\/2025\/02\/\u4e3b\u56fe5-1.jpg","contentUrl":"https:\/\/glasir.com.ua\/wp-content\/uploads\/2025\/02\/\u4e3b\u56fe5-1.jpg","width":800,"height":800,"caption":"\u041c\u0430\u0441\u0430\u0436\u043d\u0438\u0439 \u0433\u0440\u0435\u0431\u0456\u043d\u0435\u0446\u044c \u0434\u043b\u044f \u0433\u043e\u043b\u043e\u0432\u0438 ApiYoo AN8"},{"@type":"BreadcrumbList","@id":"https:\/\/glasir.com.ua\/product\/%d0%bc%d0%b0%d1%81%d0%b0%d0%b6%d0%bd%d0%b8%d0%b9-%d0%b3%d1%80%d0%b5%d0%b1%d1%96%d0%bd%d0%b5%d1%86%d1%8c-%d0%b4%d0%bb%d1%8f-%d0%b3%d0%be%d0%bb%d0%be%d0%b2%d0%b8-apiyoo-an8\/#breadcrumb","itemListElement":[{"@type":"ListItem","position":1,"name":"Home","item":"https:\/\/glasir.com.ua\/"},{"@type":"ListItem","position":2,"name":"\u0406\u043d\u0442\u0435\u0440\u043d\u0435\u0442-\u043c\u0430\u0433\u0430\u0437\u0438\u043d","item":"https:\/\/glasir.com.ua\/shop\/"},{"@type":"ListItem","position":3,"name":"\u041c\u0430\u0441\u0430\u0436\u043d\u0438\u0439 \u0433\u0440\u0435\u0431\u0456\u043d\u0435\u0446\u044c \u0434\u043b\u044f \u0433\u043e\u043b\u043e\u0432\u0438 ApiYoo AN8"}]},{"@type":"WebSite","@id":"https:\/\/glasir.com.ua\/#website","url":"https:\/\/glasir.com.ua\/","name":"Glasir","description":"Il n&#039;y a pas de comparaison.","publisher":{"@id":"https:\/\/glasir.com.ua\/#organization"},"potentialAction":[{"@type":"SearchAction","target":{"@type":"EntryPoint","urlTemplate":"https:\/\/glasir.com.ua\/?s={search_term_string}"},"query-input":{"@type":"PropertyValueSpecification","valueRequired":true,"valueName":"search_term_string"}}],"inLanguage":"fr-FR"},{"@type":"Organization","@id":"https:\/\/glasir.com.ua\/#organization","name":"Glasir","url":"https:\/\/glasir.com.ua\/","logo":{"@type":"ImageObject","inLanguage":"fr-FR","@id":"https:\/\/glasir.com.ua\/#\/schema\/logo\/image\/","url":"https:\/\/glasir.com.ua\/wp-content\/uploads\/2023\/06\/cropped-llc-glasir.png","contentUrl":"https:\/\/glasir.com.ua\/wp-content\/uploads\/2023\/06\/cropped-llc-glasir.png","width":250,"height":250,"caption":"Glasir"},"image":{"@id":"https:\/\/glasir.com.ua\/#\/schema\/logo\/image\/"},"sameAs":["https:\/\/www.pinterest.com\/llc_glasir","https:\/\/g.co\/kgs\/7CK1iZr"]}]}},"_links":{"self":[{"href":"https:\/\/glasir.com.ua\/fr\/wp-json\/wp\/v2\/product\/1422","targetHints":{"allow":["GET"]}}],"collection":[{"href":"https:\/\/glasir.com.ua\/fr\/wp-json\/wp\/v2\/product"}],"about":[{"href":"https:\/\/glasir.com.ua\/fr\/wp-json\/wp\/v2\/types\/product"}],"replies":[{"embeddable":true,"href":"https:\/\/glasir.com.ua\/fr\/wp-json\/wp\/v2\/comments?post=1422"}],"wp:featuredmedia":[{"embeddable":true,"href":"https:\/\/glasir.com.ua\/fr\/wp-json\/wp\/v2\/media\/1438"}],"wp:attachment":[{"href":"https:\/\/glasir.com.ua\/fr\/wp-json\/wp\/v2\/media?parent=1422"}],"wp:term":[{"taxonomy":"product_brand","embeddable":true,"href":"https:\/\/glasir.com.ua\/fr\/wp-json\/wp\/v2\/product_brand?post=1422"},{"taxonomy":"product_cat","embeddable":true,"href":"https:\/\/glasir.com.ua\/fr\/wp-json\/wp\/v2\/product_cat?post=1422"},{"taxonomy":"product_tag","embeddable":true,"href":"https:\/\/glasir.com.ua\/fr\/wp-json\/wp\/v2\/product_tag?post=1422"}],"curies":[{"name":"wp","href":"https:\/\/api.w.org\/{rel}","templated":true}]}}