{"id":1119,"date":"2024-08-07T13:23:20","date_gmt":"2024-08-07T10:23:20","guid":{"rendered":"https:\/\/glasir.com.ua\/?post_type=product&#038;p=1119"},"modified":"2025-11-27T10:42:44","modified_gmt":"2025-11-27T08:42:44","slug":"%d0%bf%d0%bd%d0%b5%d0%b2%d0%bc%d0%be%d1%86%d0%b8%d0%bb%d1%96%d0%bd%d0%b4%d1%80-%d0%b4%d0%b2%d1%83%d1%85%d1%81%d1%82%d0%be%d1%80%d0%be%d0%bd%d0%bd%d0%b5%d0%b3%d0%be-%d0%b4%d0%b5%d0%b9%d1%81%d1%82%d0%b2","status":"publish","type":"product","link":"https:\/\/glasir.com.ua\/fr\/product\/%d0%bf%d0%bd%d0%b5%d0%b2%d0%bc%d0%be%d1%86%d0%b8%d0%bb%d1%96%d0%bd%d0%b4%d1%80-%d0%b4%d0%b2%d1%83%d1%85%d1%81%d1%82%d0%be%d1%80%d0%be%d0%bd%d0%bd%d0%b5%d0%b3%d0%be-%d0%b4%d0%b5%d0%b9%d1%81%d1%82%d0%b2\/","title":{"rendered":"V\u00e9rin pneumatique magn\u00e9tique \u00e0 double effet ISO 15552 Waircom 50\/50 XT\/M"},"content":{"rendered":"<p>V\u00e9rin pneumatique magn\u00e9tique \u00e0 double effet ISO 15552 Waircom 50\/50 XT\/M<br \/>\nDiam\u00e8tre int\u00e9rieur \u2013 50 mm<br \/>\nCourse de la tige \u2013 50 mm<\/p>\n<p><a href=\"http:\/\/glasir.com.ua\/wp-content\/uploads\/2024\/08\/WAIRCOM-7-SERIE-XT-ENG.pdf\">V\u00e9rins pneumatiques Waircom XT\/M \u2013 t\u00e9l\u00e9charger le catalogue<\/a><\/p>\n<p>Waircom est une entreprise italienne qui est l&#039;un des leaders europ\u00e9ens dans la production et la fourniture de v\u00e9rins pneumatiques industriels.<br \/>\nLes produits de cette marque se distinguent par une combinaison de co\u00fbt abordable et de la plus haute qualit\u00e9, ce qui est confirm\u00e9 par sa demande sur tous les continents.<br \/>\nLa base des produits est constitu\u00e9e de v\u00e9rins pneumatiques innovants de diff\u00e9rentes conceptions \u2013 \u00e0 tige et \u00e0 double tige, avec une tige mobile, fixe et rotative.<br \/>\nL&#039;avantage des v\u00e9rins du fabricant est la possibilit\u00e9 de les \u00e9quiper de capteurs magn\u00e9tiques pour assurer un positionnement et un contr\u00f4le pr\u00e9cis.<\/p>\n<p>Avantages des produits Waircom :<br \/>\nUne large gamme de produits \u2013 des mod\u00e8les aux caract\u00e9ristiques diff\u00e9rentes, aux tailles et aux nuances de fonctionnement diff\u00e9rentes, sont disponibles en lignes et en s\u00e9ries.<br \/>\nInnovation dans chaque mod\u00e8le d\u00e9velopp\u00e9 par le fabricant.<br \/>\nHaut niveau de fiabilit\u00e9, confirm\u00e9 par des certifications europ\u00e9ennes et mondiales de qualit\u00e9 et de s\u00e9curit\u00e9.<br \/>\nLongue dur\u00e9e de vie \u2013 nettement plus longue que la moyenne de tous les nouveaux v\u00e9rins pneumatiques.<br \/>\nPolyvalence d&#039;application \u2013 le fabricant propose des solutions industrielles standard et sp\u00e9cialis\u00e9es.<br \/>\nLe plus haut niveau de pr\u00e9cision de tous les v\u00e9rins pneumatiques Waircom.<br \/>\nLa conformit\u00e9 \u00e0 la norme ISO 15552 garantit une interchangeabilit\u00e9 totale de ces cylindres avec les normes ISO 6431 \/ VDMA 24562 pr\u00e9c\u00e9dentes. Les cylindres sont disponibles dans des tailles de \u00d8 32 \u00e0 \u00d8 100, profil\u00e9 en alliage d&#039;aluminium extrud\u00e9, avec deux, o\u00f9 les capteurs magn\u00e9tiques de la s\u00e9rie FM100 peuvent \u00eatre mont\u00e9s directement.<\/p>\n<p>Sp\u00e9cifications techniques :<br \/>\nType de v\u00e9rin \u2013 simple ou double effet, simple ou tandem.<br \/>\nPression de service \u2013 1-10 bar.<br \/>\nCourse de la tige \u2013 25-1000 mm.<br \/>\nDiam\u00e8tre int\u00e9rieur \u2013 32-100 mm.<br \/>\nLe mat\u00e9riau utilis\u00e9 pour fabriquer les bouchons est un alliage d&#039;aluminium.<br \/>\nLe mat\u00e9riau du corps est en aluminium.<br \/>\nLe mat\u00e9riau de la tige est un alliage d&#039;aluminium.<\/p>\n<p>Si vous recherchez un code produit sp\u00e9cifique de Waircom, mais que vous ne l&#039;avez pas trouv\u00e9 parmi nos offres, veuillez <a href=\"https:\/\/glasir.com.ua\/fr\/contacts\/\">envoyez-nous une demande<\/a>.<br \/>\nL&#039;\u00e9quipe Glasir se fera un plaisir de vous accompagner et de vous pr\u00e9parer une offre commerciale.<br \/>\nNous sommes toujours pr\u00eats \u00e0 vous fournir les informations n\u00e9cessaires et \u00e0 trouver la solution optimale pour votre entreprise.<br \/>\nEnvoyez-nous vos demandes et nous serons heureux de vous aider !<\/p>","protected":false},"excerpt":{"rendered":"<p>V\u00e9rin pneumatique magn\u00e9tique \u00e0 double effet ISO 15552 Waircom 50\/50 XT\/M<br \/>\nDiam\u00e8tre int\u00e9rieur \u2013 50 mm<br \/>\nCourse de la tige \u2013 50 mm<\/p>","protected":false},"featured_media":1121,"comment_status":"open","ping_status":"closed","template":"","meta":[],"product_brand":[],"product_cat":[176],"product_tag":[178],"class_list":{"0":"post-1119","1":"product","2":"type-product","3":"status-publish","4":"has-post-thumbnail","6":"product_cat-176","7":"product_tag-waircom","9":"first","10":"instock","11":"taxable","12":"shipping-taxable","13":"purchasable","14":"product-type-simple"},"yoast_head":"<!-- This site is optimized with the Yoast SEO plugin v27.2 - https:\/\/yoast.com\/product\/yoast-seo-wordpress\/ -->\n<title>\u041f\u043d\u0435\u0432\u043c\u043e\u0446\u0438\u043b\u0456\u043d\u0434\u0440 \u0434\u0432\u0443\u0445\u0441\u0442\u043e\u0440\u043e\u043d\u043d\u0435\u0433\u043e \u0434\u0435\u0439\u0441\u0442\u0432\u0438\u044f \u043c\u0430\u0433\u043d\u0438\u0442\u043d\u044b\u0439 ISO 15552 Waircom 50\/50 XT\/M - Glasir<\/title>\n<meta name=\"robots\" content=\"index, follow, max-snippet:-1, max-image-preview:large, max-video-preview:-1\" \/>\n<link rel=\"canonical\" href=\"https:\/\/glasir.com.ua\/fr\/product\/\u043f\u043d\u0435\u0432\u043c\u043e\u0446\u0438\u043b\u0456\u043d\u0434\u0440-\u0434\u0432\u0443\u0445\u0441\u0442\u043e\u0440\u043e\u043d\u043d\u0435\u0433\u043e-\u0434\u0435\u0439\u0441\u0442\u0432\/\" \/>\n<meta property=\"og:locale\" content=\"fr_FR\" \/>\n<meta property=\"og:type\" content=\"article\" \/>\n<meta property=\"og:title\" content=\"\u041f\u043d\u0435\u0432\u043c\u043e\u0446\u0438\u043b\u0456\u043d\u0434\u0440 \u0434\u0432\u0443\u0445\u0441\u0442\u043e\u0440\u043e\u043d\u043d\u0435\u0433\u043e \u0434\u0435\u0439\u0441\u0442\u0432\u0438\u044f \u043c\u0430\u0433\u043d\u0438\u0442\u043d\u044b\u0439 ISO 15552 Waircom 50\/50 XT\/M - Glasir\" \/>\n<meta property=\"og:description\" content=\"\u041f\u043d\u0435\u0432\u043c\u043e\u0446\u0438\u043b\u0456\u043d\u0434\u0440 \u0434\u0432\u0443\u0445\u0441\u0442\u043e\u0440\u043e\u043d\u043d\u0435\u0433\u043e \u0434\u0435\u0439\u0441\u0442\u0432\u0438\u044f \u043c\u0430\u0433\u043d\u0438\u0442\u043d\u044b\u0439 ISO 15552 Waircom 50\/50 XT\/M \u0412\u043d\u0443\u0442\u0440\u0456\u0448\u043d\u0456\u0439 \u0434\u0456\u0430\u043c\u0435\u0442\u0440 \u2013 50mm \u0425\u0456\u0434 \u0448\u0442\u043e\u043a\u0430 \u2013 50 \u043c\u043c\" \/>\n<meta property=\"og:url\" content=\"https:\/\/glasir.com.ua\/fr\/product\/\u043f\u043d\u0435\u0432\u043c\u043e\u0446\u0438\u043b\u0456\u043d\u0434\u0440-\u0434\u0432\u0443\u0445\u0441\u0442\u043e\u0440\u043e\u043d\u043d\u0435\u0433\u043e-\u0434\u0435\u0439\u0441\u0442\u0432\/\" \/>\n<meta property=\"og:site_name\" content=\"Glasir\" \/>\n<meta property=\"article:modified_time\" content=\"2025-11-27T08:42:44+00:00\" \/>\n<meta property=\"og:image\" content=\"http:\/\/glasir.com.ua\/wp-content\/uploads\/2024\/08\/waircom-xt-m.png\" \/>\n\t<meta property=\"og:image:width\" content=\"780\" \/>\n\t<meta property=\"og:image:height\" content=\"423\" \/>\n\t<meta property=\"og:image:type\" content=\"image\/png\" \/>\n<meta name=\"twitter:card\" content=\"summary_large_image\" \/>\n<meta name=\"twitter:label1\" content=\"Dur\u00e9e de lecture estim\u00e9e\" \/>\n\t<meta name=\"twitter:data1\" content=\"2 minutes\" \/>\n<script type=\"application\/ld+json\" class=\"yoast-schema-graph\">{\"@context\":\"https:\/\/schema.org\",\"@graph\":[{\"@type\":[\"WebPage\",\"ItemPage\"],\"@id\":\"https:\/\/glasir.com.ua\/product\/%d0%bf%d0%bd%d0%b5%d0%b2%d0%bc%d0%be%d1%86%d0%b8%d0%bb%d1%96%d0%bd%d0%b4%d1%80-%d0%b4%d0%b2%d1%83%d1%85%d1%81%d1%82%d0%be%d1%80%d0%be%d0%bd%d0%bd%d0%b5%d0%b3%d0%be-%d0%b4%d0%b5%d0%b9%d1%81%d1%82%d0%b2\/\",\"url\":\"https:\/\/glasir.com.ua\/product\/%d0%bf%d0%bd%d0%b5%d0%b2%d0%bc%d0%be%d1%86%d0%b8%d0%bb%d1%96%d0%bd%d0%b4%d1%80-%d0%b4%d0%b2%d1%83%d1%85%d1%81%d1%82%d0%be%d1%80%d0%be%d0%bd%d0%bd%d0%b5%d0%b3%d0%be-%d0%b4%d0%b5%d0%b9%d1%81%d1%82%d0%b2\/\",\"name\":\"\u041f\u043d\u0435\u0432\u043c\u043e\u0446\u0438\u043b\u0456\u043d\u0434\u0440 \u0434\u0432\u0443\u0445\u0441\u0442\u043e\u0440\u043e\u043d\u043d\u0435\u0433\u043e \u0434\u0435\u0439\u0441\u0442\u0432\u0438\u044f \u043c\u0430\u0433\u043d\u0438\u0442\u043d\u044b\u0439 ISO 15552 Waircom 50\/50 XT\/M - Glasir\",\"isPartOf\":{\"@id\":\"https:\/\/glasir.com.ua\/#website\"},\"primaryImageOfPage\":{\"@id\":\"https:\/\/glasir.com.ua\/product\/%d0%bf%d0%bd%d0%b5%d0%b2%d0%bc%d0%be%d1%86%d0%b8%d0%bb%d1%96%d0%bd%d0%b4%d1%80-%d0%b4%d0%b2%d1%83%d1%85%d1%81%d1%82%d0%be%d1%80%d0%be%d0%bd%d0%bd%d0%b5%d0%b3%d0%be-%d0%b4%d0%b5%d0%b9%d1%81%d1%82%d0%b2\/#primaryimage\"},\"image\":{\"@id\":\"https:\/\/glasir.com.ua\/product\/%d0%bf%d0%bd%d0%b5%d0%b2%d0%bc%d0%be%d1%86%d0%b8%d0%bb%d1%96%d0%bd%d0%b4%d1%80-%d0%b4%d0%b2%d1%83%d1%85%d1%81%d1%82%d0%be%d1%80%d0%be%d0%bd%d0%bd%d0%b5%d0%b3%d0%be-%d0%b4%d0%b5%d0%b9%d1%81%d1%82%d0%b2\/#primaryimage\"},\"thumbnailUrl\":\"https:\/\/glasir.com.ua\/wp-content\/uploads\/2024\/08\/waircom-xt-m.png\",\"datePublished\":\"2024-08-07T10:23:20+00:00\",\"dateModified\":\"2025-11-27T08:42:44+00:00\",\"breadcrumb\":{\"@id\":\"https:\/\/glasir.com.ua\/product\/%d0%bf%d0%bd%d0%b5%d0%b2%d0%bc%d0%be%d1%86%d0%b8%d0%bb%d1%96%d0%bd%d0%b4%d1%80-%d0%b4%d0%b2%d1%83%d1%85%d1%81%d1%82%d0%be%d1%80%d0%be%d0%bd%d0%bd%d0%b5%d0%b3%d0%be-%d0%b4%d0%b5%d0%b9%d1%81%d1%82%d0%b2\/#breadcrumb\"},\"inLanguage\":\"fr-FR\",\"potentialAction\":[{\"@type\":\"ReadAction\",\"target\":[\"https:\/\/glasir.com.ua\/product\/%d0%bf%d0%bd%d0%b5%d0%b2%d0%bc%d0%be%d1%86%d0%b8%d0%bb%d1%96%d0%bd%d0%b4%d1%80-%d0%b4%d0%b2%d1%83%d1%85%d1%81%d1%82%d0%be%d1%80%d0%be%d0%bd%d0%bd%d0%b5%d0%b3%d0%be-%d0%b4%d0%b5%d0%b9%d1%81%d1%82%d0%b2\/\"]}]},{\"@type\":\"ImageObject\",\"inLanguage\":\"fr-FR\",\"@id\":\"https:\/\/glasir.com.ua\/product\/%d0%bf%d0%bd%d0%b5%d0%b2%d0%bc%d0%be%d1%86%d0%b8%d0%bb%d1%96%d0%bd%d0%b4%d1%80-%d0%b4%d0%b2%d1%83%d1%85%d1%81%d1%82%d0%be%d1%80%d0%be%d0%bd%d0%bd%d0%b5%d0%b3%d0%be-%d0%b4%d0%b5%d0%b9%d1%81%d1%82%d0%b2\/#primaryimage\",\"url\":\"https:\/\/glasir.com.ua\/wp-content\/uploads\/2024\/08\/waircom-xt-m.png\",\"contentUrl\":\"https:\/\/glasir.com.ua\/wp-content\/uploads\/2024\/08\/waircom-xt-m.png\",\"width\":780,\"height\":423,\"caption\":\"Waircom XT\/M\"},{\"@type\":\"BreadcrumbList\",\"@id\":\"https:\/\/glasir.com.ua\/product\/%d0%bf%d0%bd%d0%b5%d0%b2%d0%bc%d0%be%d1%86%d0%b8%d0%bb%d1%96%d0%bd%d0%b4%d1%80-%d0%b4%d0%b2%d1%83%d1%85%d1%81%d1%82%d0%be%d1%80%d0%be%d0%bd%d0%bd%d0%b5%d0%b3%d0%be-%d0%b4%d0%b5%d0%b9%d1%81%d1%82%d0%b2\/#breadcrumb\",\"itemListElement\":[{\"@type\":\"ListItem\",\"position\":1,\"name\":\"Home\",\"item\":\"https:\/\/glasir.com.ua\/\"},{\"@type\":\"ListItem\",\"position\":2,\"name\":\"\u0406\u043d\u0442\u0435\u0440\u043d\u0435\u0442-\u043c\u0430\u0433\u0430\u0437\u0438\u043d\",\"item\":\"https:\/\/glasir.com.ua\/shop\/\"},{\"@type\":\"ListItem\",\"position\":3,\"name\":\"\u041f\u043d\u0435\u0432\u043c\u043e\u0446\u0438\u043b\u0456\u043d\u0434\u0440 \u0434\u0432\u0443\u0445\u0441\u0442\u043e\u0440\u043e\u043d\u043d\u0435\u0433\u043e \u0434\u0435\u0439\u0441\u0442\u0432\u0438\u044f \u043c\u0430\u0433\u043d\u0438\u0442\u043d\u044b\u0439 ISO 15552 Waircom 50\/50 XT\/M\"}]},{\"@type\":\"WebSite\",\"@id\":\"https:\/\/glasir.com.ua\/#website\",\"url\":\"https:\/\/glasir.com.ua\/\",\"name\":\"Glasir\",\"description\":\"\u041d\u0435\u043c\u0430\u0454 \u043f\u043e\u0440\u0456\u0432\u043d\u044f\u043d\u043d\u044f.\",\"publisher\":{\"@id\":\"https:\/\/glasir.com.ua\/#organization\"},\"potentialAction\":[{\"@type\":\"SearchAction\",\"target\":{\"@type\":\"EntryPoint\",\"urlTemplate\":\"https:\/\/glasir.com.ua\/?s={search_term_string}\"},\"query-input\":{\"@type\":\"PropertyValueSpecification\",\"valueRequired\":true,\"valueName\":\"search_term_string\"}}],\"inLanguage\":\"fr-FR\"},{\"@type\":\"Organization\",\"@id\":\"https:\/\/glasir.com.ua\/#organization\",\"name\":\"Glasir\",\"url\":\"https:\/\/glasir.com.ua\/\",\"logo\":{\"@type\":\"ImageObject\",\"inLanguage\":\"fr-FR\",\"@id\":\"https:\/\/glasir.com.ua\/#\/schema\/logo\/image\/\",\"url\":\"https:\/\/glasir.com.ua\/wp-content\/uploads\/2023\/06\/cropped-llc-glasir.png\",\"contentUrl\":\"https:\/\/glasir.com.ua\/wp-content\/uploads\/2023\/06\/cropped-llc-glasir.png\",\"width\":250,\"height\":250,\"caption\":\"Glasir\"},\"image\":{\"@id\":\"https:\/\/glasir.com.ua\/#\/schema\/logo\/image\/\"},\"sameAs\":[\"https:\/\/www.pinterest.com\/llc_glasir\",\"https:\/\/g.co\/kgs\/7CK1iZr\"]}]}<\/script>\n<!-- \/ Yoast SEO plugin. -->","yoast_head_json":{"title":"V\u00e9rin pneumatique magn\u00e9tique double effet ISO 15552 Waircom 50\/50 XT\/M - Glasir","robots":{"index":"index","follow":"follow","max-snippet":"max-snippet:-1","max-image-preview":"max-image-preview:large","max-video-preview":"max-video-preview:-1"},"canonical":"https:\/\/glasir.com.ua\/fr\/product\/\u043f\u043d\u0435\u0432\u043c\u043e\u0446\u0438\u043b\u0456\u043d\u0434\u0440-\u0434\u0432\u0443\u0445\u0441\u0442\u043e\u0440\u043e\u043d\u043d\u0435\u0433\u043e-\u0434\u0435\u0439\u0441\u0442\u0432\/","og_locale":"fr_FR","og_type":"article","og_title":"\u041f\u043d\u0435\u0432\u043c\u043e\u0446\u0438\u043b\u0456\u043d\u0434\u0440 \u0434\u0432\u0443\u0445\u0441\u0442\u043e\u0440\u043e\u043d\u043d\u0435\u0433\u043e \u0434\u0435\u0439\u0441\u0442\u0432\u0438\u044f \u043c\u0430\u0433\u043d\u0438\u0442\u043d\u044b\u0439 ISO 15552 Waircom 50\/50 XT\/M - Glasir","og_description":"\u041f\u043d\u0435\u0432\u043c\u043e\u0446\u0438\u043b\u0456\u043d\u0434\u0440 \u0434\u0432\u0443\u0445\u0441\u0442\u043e\u0440\u043e\u043d\u043d\u0435\u0433\u043e \u0434\u0435\u0439\u0441\u0442\u0432\u0438\u044f \u043c\u0430\u0433\u043d\u0438\u0442\u043d\u044b\u0439 ISO 15552 Waircom 50\/50 XT\/M \u0412\u043d\u0443\u0442\u0440\u0456\u0448\u043d\u0456\u0439 \u0434\u0456\u0430\u043c\u0435\u0442\u0440 \u2013 50mm \u0425\u0456\u0434 \u0448\u0442\u043e\u043a\u0430 \u2013 50 \u043c\u043c","og_url":"https:\/\/glasir.com.ua\/fr\/product\/\u043f\u043d\u0435\u0432\u043c\u043e\u0446\u0438\u043b\u0456\u043d\u0434\u0440-\u0434\u0432\u0443\u0445\u0441\u0442\u043e\u0440\u043e\u043d\u043d\u0435\u0433\u043e-\u0434\u0435\u0439\u0441\u0442\u0432\/","og_site_name":"Glasir","article_modified_time":"2025-11-27T08:42:44+00:00","og_image":[{"width":780,"height":423,"url":"http:\/\/glasir.com.ua\/wp-content\/uploads\/2024\/08\/waircom-xt-m.png","type":"image\/png"}],"twitter_card":"summary_large_image","twitter_misc":{"Dur\u00e9e de lecture estim\u00e9e":"2 minutes"},"schema":{"@context":"https:\/\/schema.org","@graph":[{"@type":["WebPage","ItemPage"],"@id":"https:\/\/glasir.com.ua\/product\/%d0%bf%d0%bd%d0%b5%d0%b2%d0%bc%d0%be%d1%86%d0%b8%d0%bb%d1%96%d0%bd%d0%b4%d1%80-%d0%b4%d0%b2%d1%83%d1%85%d1%81%d1%82%d0%be%d1%80%d0%be%d0%bd%d0%bd%d0%b5%d0%b3%d0%be-%d0%b4%d0%b5%d0%b9%d1%81%d1%82%d0%b2\/","url":"https:\/\/glasir.com.ua\/product\/%d0%bf%d0%bd%d0%b5%d0%b2%d0%bc%d0%be%d1%86%d0%b8%d0%bb%d1%96%d0%bd%d0%b4%d1%80-%d0%b4%d0%b2%d1%83%d1%85%d1%81%d1%82%d0%be%d1%80%d0%be%d0%bd%d0%bd%d0%b5%d0%b3%d0%be-%d0%b4%d0%b5%d0%b9%d1%81%d1%82%d0%b2\/","name":"V\u00e9rin pneumatique magn\u00e9tique double effet ISO 15552 Waircom 50\/50 XT\/M - Glasir","isPartOf":{"@id":"https:\/\/glasir.com.ua\/#website"},"primaryImageOfPage":{"@id":"https:\/\/glasir.com.ua\/product\/%d0%bf%d0%bd%d0%b5%d0%b2%d0%bc%d0%be%d1%86%d0%b8%d0%bb%d1%96%d0%bd%d0%b4%d1%80-%d0%b4%d0%b2%d1%83%d1%85%d1%81%d1%82%d0%be%d1%80%d0%be%d0%bd%d0%bd%d0%b5%d0%b3%d0%be-%d0%b4%d0%b5%d0%b9%d1%81%d1%82%d0%b2\/#primaryimage"},"image":{"@id":"https:\/\/glasir.com.ua\/product\/%d0%bf%d0%bd%d0%b5%d0%b2%d0%bc%d0%be%d1%86%d0%b8%d0%bb%d1%96%d0%bd%d0%b4%d1%80-%d0%b4%d0%b2%d1%83%d1%85%d1%81%d1%82%d0%be%d1%80%d0%be%d0%bd%d0%bd%d0%b5%d0%b3%d0%be-%d0%b4%d0%b5%d0%b9%d1%81%d1%82%d0%b2\/#primaryimage"},"thumbnailUrl":"https:\/\/glasir.com.ua\/wp-content\/uploads\/2024\/08\/waircom-xt-m.png","datePublished":"2024-08-07T10:23:20+00:00","dateModified":"2025-11-27T08:42:44+00:00","breadcrumb":{"@id":"https:\/\/glasir.com.ua\/product\/%d0%bf%d0%bd%d0%b5%d0%b2%d0%bc%d0%be%d1%86%d0%b8%d0%bb%d1%96%d0%bd%d0%b4%d1%80-%d0%b4%d0%b2%d1%83%d1%85%d1%81%d1%82%d0%be%d1%80%d0%be%d0%bd%d0%bd%d0%b5%d0%b3%d0%be-%d0%b4%d0%b5%d0%b9%d1%81%d1%82%d0%b2\/#breadcrumb"},"inLanguage":"fr-FR","potentialAction":[{"@type":"ReadAction","target":["https:\/\/glasir.com.ua\/product\/%d0%bf%d0%bd%d0%b5%d0%b2%d0%bc%d0%be%d1%86%d0%b8%d0%bb%d1%96%d0%bd%d0%b4%d1%80-%d0%b4%d0%b2%d1%83%d1%85%d1%81%d1%82%d0%be%d1%80%d0%be%d0%bd%d0%bd%d0%b5%d0%b3%d0%be-%d0%b4%d0%b5%d0%b9%d1%81%d1%82%d0%b2\/"]}]},{"@type":"ImageObject","inLanguage":"fr-FR","@id":"https:\/\/glasir.com.ua\/product\/%d0%bf%d0%bd%d0%b5%d0%b2%d0%bc%d0%be%d1%86%d0%b8%d0%bb%d1%96%d0%bd%d0%b4%d1%80-%d0%b4%d0%b2%d1%83%d1%85%d1%81%d1%82%d0%be%d1%80%d0%be%d0%bd%d0%bd%d0%b5%d0%b3%d0%be-%d0%b4%d0%b5%d0%b9%d1%81%d1%82%d0%b2\/#primaryimage","url":"https:\/\/glasir.com.ua\/wp-content\/uploads\/2024\/08\/waircom-xt-m.png","contentUrl":"https:\/\/glasir.com.ua\/wp-content\/uploads\/2024\/08\/waircom-xt-m.png","width":780,"height":423,"caption":"Waircom XT\/M"},{"@type":"BreadcrumbList","@id":"https:\/\/glasir.com.ua\/product\/%d0%bf%d0%bd%d0%b5%d0%b2%d0%bc%d0%be%d1%86%d0%b8%d0%bb%d1%96%d0%bd%d0%b4%d1%80-%d0%b4%d0%b2%d1%83%d1%85%d1%81%d1%82%d0%be%d1%80%d0%be%d0%bd%d0%bd%d0%b5%d0%b3%d0%be-%d0%b4%d0%b5%d0%b9%d1%81%d1%82%d0%b2\/#breadcrumb","itemListElement":[{"@type":"ListItem","position":1,"name":"Home","item":"https:\/\/glasir.com.ua\/"},{"@type":"ListItem","position":2,"name":"\u0406\u043d\u0442\u0435\u0440\u043d\u0435\u0442-\u043c\u0430\u0433\u0430\u0437\u0438\u043d","item":"https:\/\/glasir.com.ua\/shop\/"},{"@type":"ListItem","position":3,"name":"\u041f\u043d\u0435\u0432\u043c\u043e\u0446\u0438\u043b\u0456\u043d\u0434\u0440 \u0434\u0432\u0443\u0445\u0441\u0442\u043e\u0440\u043e\u043d\u043d\u0435\u0433\u043e \u0434\u0435\u0439\u0441\u0442\u0432\u0438\u044f \u043c\u0430\u0433\u043d\u0438\u0442\u043d\u044b\u0439 ISO 15552 Waircom 50\/50 XT\/M"}]},{"@type":"WebSite","@id":"https:\/\/glasir.com.ua\/#website","url":"https:\/\/glasir.com.ua\/","name":"Glasir","description":"Il n&#039;y a pas de comparaison.","publisher":{"@id":"https:\/\/glasir.com.ua\/#organization"},"potentialAction":[{"@type":"SearchAction","target":{"@type":"EntryPoint","urlTemplate":"https:\/\/glasir.com.ua\/?s={search_term_string}"},"query-input":{"@type":"PropertyValueSpecification","valueRequired":true,"valueName":"search_term_string"}}],"inLanguage":"fr-FR"},{"@type":"Organization","@id":"https:\/\/glasir.com.ua\/#organization","name":"Glasir","url":"https:\/\/glasir.com.ua\/","logo":{"@type":"ImageObject","inLanguage":"fr-FR","@id":"https:\/\/glasir.com.ua\/#\/schema\/logo\/image\/","url":"https:\/\/glasir.com.ua\/wp-content\/uploads\/2023\/06\/cropped-llc-glasir.png","contentUrl":"https:\/\/glasir.com.ua\/wp-content\/uploads\/2023\/06\/cropped-llc-glasir.png","width":250,"height":250,"caption":"Glasir"},"image":{"@id":"https:\/\/glasir.com.ua\/#\/schema\/logo\/image\/"},"sameAs":["https:\/\/www.pinterest.com\/llc_glasir","https:\/\/g.co\/kgs\/7CK1iZr"]}]}},"_links":{"self":[{"href":"https:\/\/glasir.com.ua\/fr\/wp-json\/wp\/v2\/product\/1119","targetHints":{"allow":["GET"]}}],"collection":[{"href":"https:\/\/glasir.com.ua\/fr\/wp-json\/wp\/v2\/product"}],"about":[{"href":"https:\/\/glasir.com.ua\/fr\/wp-json\/wp\/v2\/types\/product"}],"replies":[{"embeddable":true,"href":"https:\/\/glasir.com.ua\/fr\/wp-json\/wp\/v2\/comments?post=1119"}],"wp:featuredmedia":[{"embeddable":true,"href":"https:\/\/glasir.com.ua\/fr\/wp-json\/wp\/v2\/media\/1121"}],"wp:attachment":[{"href":"https:\/\/glasir.com.ua\/fr\/wp-json\/wp\/v2\/media?parent=1119"}],"wp:term":[{"taxonomy":"product_brand","embeddable":true,"href":"https:\/\/glasir.com.ua\/fr\/wp-json\/wp\/v2\/product_brand?post=1119"},{"taxonomy":"product_cat","embeddable":true,"href":"https:\/\/glasir.com.ua\/fr\/wp-json\/wp\/v2\/product_cat?post=1119"},{"taxonomy":"product_tag","embeddable":true,"href":"https:\/\/glasir.com.ua\/fr\/wp-json\/wp\/v2\/product_tag?post=1119"}],"curies":[{"name":"wp","href":"https:\/\/api.w.org\/{rel}","templated":true}]}}