{"id":1074,"date":"2024-08-03T12:32:53","date_gmt":"2024-08-03T09:32:53","guid":{"rendered":"https:\/\/glasir.com.ua\/?post_type=product&#038;p=1074"},"modified":"2025-11-27T09:30:45","modified_gmt":"2025-11-27T07:30:45","slug":"%d1%84%d1%96%d1%82%d0%b8%d0%bd%d0%b3-%d0%ba%d1%83%d1%82%d0%be%d0%b2%d0%b8%d0%b9-%d0%bf%d0%be%d0%b2%d0%be%d1%80%d0%be%d1%82%d0%bd%d0%b8%d0%b9-%d1%96%d0%b7-%d0%b7%d0%be%d0%b2%d0%bd%d1%96%d1%88%d0%bd","status":"publish","type":"product","link":"https:\/\/glasir.com.ua\/fr\/product\/%d1%84%d1%96%d1%82%d0%b8%d0%bd%d0%b3-%d0%ba%d1%83%d1%82%d0%be%d0%b2%d0%b8%d0%b9-%d0%bf%d0%be%d0%b2%d0%be%d1%80%d0%be%d1%82%d0%bd%d0%b8%d0%b9-%d1%96%d0%b7-%d0%b7%d0%be%d0%b2%d0%bd%d1%96%d1%88%d0%bd\/","title":{"rendered":"Raccord tournant coud\u00e9 avec filetage ext\u00e9rieur BSPP Camozzi S6520"},"content":{"rendered":"<p>Raccord coud\u00e9 pivotant avec filetage m\u00e2le BSPP avec joint torique Sprint\u00ae Camozzi S6520<\/p>\n<p>Les raccords \u00e0 d\u00e9connexion rapide de la s\u00e9rie 6000 sont con\u00e7us avec une pince sp\u00e9ciale qui assure une \u00e9tanch\u00e9it\u00e9 uniforme de toute la surface des tubes en plastique, garantissant ainsi une fiabilit\u00e9 \u00e9lev\u00e9e et une longue dur\u00e9e de vie, permettant aux tubes d&#039;\u00eatre connect\u00e9s et d\u00e9connect\u00e9s plusieurs fois. La large gamme de ces raccords comprend diff\u00e9rents types de filetages de connexion : m\u00e9trique, BSP et BSPT.<\/p>\n<p><img decoding=\"async\" src=\"http:\/\/glasir.com.ua\/wp-content\/uploads\/2024\/08\/immagine_2024-08-03_124441457.png\" alt=\"Camozzi S6520\" \/><\/p>\n<p>Si vous recherchez un code produit sp\u00e9cifique de Camozzi, mais que vous ne l&#039;avez pas trouv\u00e9 parmi nos offres, veuillez <a href=\"https:\/\/glasir.com.ua\/fr\/contacts\/\">envoyez-nous une demande<\/a>.<br \/>\nL&#039;\u00e9quipe Glasir se fera un plaisir de vous accompagner et de vous pr\u00e9parer une offre commerciale.<br \/>\nNous sommes toujours pr\u00eats \u00e0 vous fournir les informations n\u00e9cessaires et \u00e0 trouver la solution optimale pour votre entreprise.<br \/>\nEnvoyez-nous vos demandes et nous serons heureux de vous aider !<\/p>","protected":false},"excerpt":{"rendered":"<p>Raccord coud\u00e9 pivotant avec filetage m\u00e2le BSPP avec joint torique Sprint\u00ae Camozzi S6520<\/p>","protected":false},"featured_media":1079,"comment_status":"open","ping_status":"closed","template":"","meta":[],"product_brand":[],"product_cat":[171],"product_tag":[124],"class_list":{"0":"post-1074","1":"product","2":"type-product","3":"status-publish","4":"has-post-thumbnail","6":"product_cat-171","7":"product_tag-camozzi","9":"first","10":"onbackorder","11":"taxable","12":"shipping-taxable","13":"purchasable","14":"product-type-variable"},"yoast_head":"<!-- This site is optimized with the Yoast SEO plugin v27.2 - https:\/\/yoast.com\/product\/yoast-seo-wordpress\/ -->\n<title>\u0424\u0456\u0442\u0438\u043d\u0433 \u043a\u0443\u0442\u043e\u0432\u0438\u0439 \u043f\u043e\u0432\u043e\u0440\u043e\u0442\u043d\u0438\u0439 \u0456\u0437 \u0437\u043e\u0432\u043d\u0456\u0448\u043d\u044c\u043e\u044e \u0440\u0456\u0437\u044c\u0431\u043e\u044e BSPP Camozzi S6520 - Glasir<\/title>\n<meta name=\"robots\" content=\"index, follow, max-snippet:-1, max-image-preview:large, max-video-preview:-1\" \/>\n<link rel=\"canonical\" href=\"https:\/\/glasir.com.ua\/fr\/product\/\u0444\u0456\u0442\u0438\u043d\u0433-\u043a\u0443\u0442\u043e\u0432\u0438\u0439-\u043f\u043e\u0432\u043e\u0440\u043e\u0442\u043d\u0438\u0439-\u0456\u0437-\u0437\u043e\u0432\u043d\u0456\u0448\u043d\/\" \/>\n<meta property=\"og:locale\" content=\"fr_FR\" \/>\n<meta property=\"og:type\" content=\"article\" \/>\n<meta property=\"og:title\" content=\"\u0424\u0456\u0442\u0438\u043d\u0433 \u043a\u0443\u0442\u043e\u0432\u0438\u0439 \u043f\u043e\u0432\u043e\u0440\u043e\u0442\u043d\u0438\u0439 \u0456\u0437 \u0437\u043e\u0432\u043d\u0456\u0448\u043d\u044c\u043e\u044e \u0440\u0456\u0437\u044c\u0431\u043e\u044e BSPP Camozzi S6520 - Glasir\" \/>\n<meta property=\"og:description\" content=\"\u0424\u0456\u0442\u0438\u043d\u0433 \u043a\u0443\u0442\u043e\u0432\u0438\u0439 \u043f\u043e\u0432\u043e\u0440\u043e\u0442\u043d\u0438\u0439 \u0456\u0437 \u0437\u043e\u0432\u043d\u0456\u0448\u043d\u044c\u043e\u044e \u0440\u0456\u0437\u044c\u0431\u043e\u044e BSPP \u0437 \u0443\u0449\u0456\u043b\u044c\u043d\u044e\u044e\u0447\u0438\u043c \u043a\u0456\u043b\u044c\u0446\u0435\u043c Sprint\u00ae Camozzi S6520\" \/>\n<meta property=\"og:url\" content=\"https:\/\/glasir.com.ua\/fr\/product\/\u0444\u0456\u0442\u0438\u043d\u0433-\u043a\u0443\u0442\u043e\u0432\u0438\u0439-\u043f\u043e\u0432\u043e\u0440\u043e\u0442\u043d\u0438\u0439-\u0456\u0437-\u0437\u043e\u0432\u043d\u0456\u0448\u043d\/\" \/>\n<meta property=\"og:site_name\" content=\"Glasir\" \/>\n<meta property=\"article:modified_time\" content=\"2025-11-27T07:30:45+00:00\" \/>\n<meta property=\"og:image\" content=\"http:\/\/glasir.com.ua\/wp-content\/uploads\/2024\/08\/S6520.jpg\" \/>\n\t<meta property=\"og:image:width\" content=\"294\" \/>\n\t<meta property=\"og:image:height\" content=\"289\" \/>\n\t<meta property=\"og:image:type\" content=\"image\/jpeg\" \/>\n<meta name=\"twitter:card\" content=\"summary_large_image\" \/>\n<meta name=\"twitter:label1\" content=\"Dur\u00e9e de lecture estim\u00e9e\" \/>\n\t<meta name=\"twitter:data1\" content=\"2 minutes\" \/>\n<script type=\"application\/ld+json\" class=\"yoast-schema-graph\">{\"@context\":\"https:\/\/schema.org\",\"@graph\":[{\"@type\":[\"WebPage\",\"ItemPage\"],\"@id\":\"https:\/\/glasir.com.ua\/product\/%d1%84%d1%96%d1%82%d0%b8%d0%bd%d0%b3-%d0%ba%d1%83%d1%82%d0%be%d0%b2%d0%b8%d0%b9-%d0%bf%d0%be%d0%b2%d0%be%d1%80%d0%be%d1%82%d0%bd%d0%b8%d0%b9-%d1%96%d0%b7-%d0%b7%d0%be%d0%b2%d0%bd%d1%96%d1%88%d0%bd\/\",\"url\":\"https:\/\/glasir.com.ua\/product\/%d1%84%d1%96%d1%82%d0%b8%d0%bd%d0%b3-%d0%ba%d1%83%d1%82%d0%be%d0%b2%d0%b8%d0%b9-%d0%bf%d0%be%d0%b2%d0%be%d1%80%d0%be%d1%82%d0%bd%d0%b8%d0%b9-%d1%96%d0%b7-%d0%b7%d0%be%d0%b2%d0%bd%d1%96%d1%88%d0%bd\/\",\"name\":\"\u0424\u0456\u0442\u0438\u043d\u0433 \u043a\u0443\u0442\u043e\u0432\u0438\u0439 \u043f\u043e\u0432\u043e\u0440\u043e\u0442\u043d\u0438\u0439 \u0456\u0437 \u0437\u043e\u0432\u043d\u0456\u0448\u043d\u044c\u043e\u044e \u0440\u0456\u0437\u044c\u0431\u043e\u044e BSPP Camozzi S6520 - Glasir\",\"isPartOf\":{\"@id\":\"https:\/\/glasir.com.ua\/#website\"},\"primaryImageOfPage\":{\"@id\":\"https:\/\/glasir.com.ua\/product\/%d1%84%d1%96%d1%82%d0%b8%d0%bd%d0%b3-%d0%ba%d1%83%d1%82%d0%be%d0%b2%d0%b8%d0%b9-%d0%bf%d0%be%d0%b2%d0%be%d1%80%d0%be%d1%82%d0%bd%d0%b8%d0%b9-%d1%96%d0%b7-%d0%b7%d0%be%d0%b2%d0%bd%d1%96%d1%88%d0%bd\/#primaryimage\"},\"image\":{\"@id\":\"https:\/\/glasir.com.ua\/product\/%d1%84%d1%96%d1%82%d0%b8%d0%bd%d0%b3-%d0%ba%d1%83%d1%82%d0%be%d0%b2%d0%b8%d0%b9-%d0%bf%d0%be%d0%b2%d0%be%d1%80%d0%be%d1%82%d0%bd%d0%b8%d0%b9-%d1%96%d0%b7-%d0%b7%d0%be%d0%b2%d0%bd%d1%96%d1%88%d0%bd\/#primaryimage\"},\"thumbnailUrl\":\"https:\/\/glasir.com.ua\/wp-content\/uploads\/2024\/08\/S6520.jpg\",\"datePublished\":\"2024-08-03T09:32:53+00:00\",\"dateModified\":\"2025-11-27T07:30:45+00:00\",\"breadcrumb\":{\"@id\":\"https:\/\/glasir.com.ua\/product\/%d1%84%d1%96%d1%82%d0%b8%d0%bd%d0%b3-%d0%ba%d1%83%d1%82%d0%be%d0%b2%d0%b8%d0%b9-%d0%bf%d0%be%d0%b2%d0%be%d1%80%d0%be%d1%82%d0%bd%d0%b8%d0%b9-%d1%96%d0%b7-%d0%b7%d0%be%d0%b2%d0%bd%d1%96%d1%88%d0%bd\/#breadcrumb\"},\"inLanguage\":\"fr-FR\",\"potentialAction\":[{\"@type\":\"ReadAction\",\"target\":[\"https:\/\/glasir.com.ua\/product\/%d1%84%d1%96%d1%82%d0%b8%d0%bd%d0%b3-%d0%ba%d1%83%d1%82%d0%be%d0%b2%d0%b8%d0%b9-%d0%bf%d0%be%d0%b2%d0%be%d1%80%d0%be%d1%82%d0%bd%d0%b8%d0%b9-%d1%96%d0%b7-%d0%b7%d0%be%d0%b2%d0%bd%d1%96%d1%88%d0%bd\/\"]}]},{\"@type\":\"ImageObject\",\"inLanguage\":\"fr-FR\",\"@id\":\"https:\/\/glasir.com.ua\/product\/%d1%84%d1%96%d1%82%d0%b8%d0%bd%d0%b3-%d0%ba%d1%83%d1%82%d0%be%d0%b2%d0%b8%d0%b9-%d0%bf%d0%be%d0%b2%d0%be%d1%80%d0%be%d1%82%d0%bd%d0%b8%d0%b9-%d1%96%d0%b7-%d0%b7%d0%be%d0%b2%d0%bd%d1%96%d1%88%d0%bd\/#primaryimage\",\"url\":\"https:\/\/glasir.com.ua\/wp-content\/uploads\/2024\/08\/S6520.jpg\",\"contentUrl\":\"https:\/\/glasir.com.ua\/wp-content\/uploads\/2024\/08\/S6520.jpg\",\"width\":294,\"height\":289,\"caption\":\"Camozzi S6520\"},{\"@type\":\"BreadcrumbList\",\"@id\":\"https:\/\/glasir.com.ua\/product\/%d1%84%d1%96%d1%82%d0%b8%d0%bd%d0%b3-%d0%ba%d1%83%d1%82%d0%be%d0%b2%d0%b8%d0%b9-%d0%bf%d0%be%d0%b2%d0%be%d1%80%d0%be%d1%82%d0%bd%d0%b8%d0%b9-%d1%96%d0%b7-%d0%b7%d0%be%d0%b2%d0%bd%d1%96%d1%88%d0%bd\/#breadcrumb\",\"itemListElement\":[{\"@type\":\"ListItem\",\"position\":1,\"name\":\"Home\",\"item\":\"https:\/\/glasir.com.ua\/\"},{\"@type\":\"ListItem\",\"position\":2,\"name\":\"\u0406\u043d\u0442\u0435\u0440\u043d\u0435\u0442-\u043c\u0430\u0433\u0430\u0437\u0438\u043d\",\"item\":\"https:\/\/glasir.com.ua\/shop\/\"},{\"@type\":\"ListItem\",\"position\":3,\"name\":\"\u0424\u0456\u0442\u0438\u043d\u0433 \u043a\u0443\u0442\u043e\u0432\u0438\u0439 \u043f\u043e\u0432\u043e\u0440\u043e\u0442\u043d\u0438\u0439 \u0456\u0437 \u0437\u043e\u0432\u043d\u0456\u0448\u043d\u044c\u043e\u044e \u0440\u0456\u0437\u044c\u0431\u043e\u044e BSPP Camozzi S6520\"}]},{\"@type\":\"WebSite\",\"@id\":\"https:\/\/glasir.com.ua\/#website\",\"url\":\"https:\/\/glasir.com.ua\/\",\"name\":\"Glasir\",\"description\":\"\u041d\u0435\u043c\u0430\u0454 \u043f\u043e\u0440\u0456\u0432\u043d\u044f\u043d\u043d\u044f.\",\"publisher\":{\"@id\":\"https:\/\/glasir.com.ua\/#organization\"},\"potentialAction\":[{\"@type\":\"SearchAction\",\"target\":{\"@type\":\"EntryPoint\",\"urlTemplate\":\"https:\/\/glasir.com.ua\/?s={search_term_string}\"},\"query-input\":{\"@type\":\"PropertyValueSpecification\",\"valueRequired\":true,\"valueName\":\"search_term_string\"}}],\"inLanguage\":\"fr-FR\"},{\"@type\":\"Organization\",\"@id\":\"https:\/\/glasir.com.ua\/#organization\",\"name\":\"Glasir\",\"url\":\"https:\/\/glasir.com.ua\/\",\"logo\":{\"@type\":\"ImageObject\",\"inLanguage\":\"fr-FR\",\"@id\":\"https:\/\/glasir.com.ua\/#\/schema\/logo\/image\/\",\"url\":\"https:\/\/glasir.com.ua\/wp-content\/uploads\/2023\/06\/cropped-llc-glasir.png\",\"contentUrl\":\"https:\/\/glasir.com.ua\/wp-content\/uploads\/2023\/06\/cropped-llc-glasir.png\",\"width\":250,\"height\":250,\"caption\":\"Glasir\"},\"image\":{\"@id\":\"https:\/\/glasir.com.ua\/#\/schema\/logo\/image\/\"},\"sameAs\":[\"https:\/\/www.pinterest.com\/llc_glasir\",\"https:\/\/g.co\/kgs\/7CK1iZr\"]}]}<\/script>\n<!-- \/ Yoast SEO plugin. -->","yoast_head_json":{"title":"Raccord coud\u00e9 pivotant avec filetage ext\u00e9rieur BSPP Camozzi S6520 - Glasir","robots":{"index":"index","follow":"follow","max-snippet":"max-snippet:-1","max-image-preview":"max-image-preview:large","max-video-preview":"max-video-preview:-1"},"canonical":"https:\/\/glasir.com.ua\/fr\/product\/\u0444\u0456\u0442\u0438\u043d\u0433-\u043a\u0443\u0442\u043e\u0432\u0438\u0439-\u043f\u043e\u0432\u043e\u0440\u043e\u0442\u043d\u0438\u0439-\u0456\u0437-\u0437\u043e\u0432\u043d\u0456\u0448\u043d\/","og_locale":"fr_FR","og_type":"article","og_title":"\u0424\u0456\u0442\u0438\u043d\u0433 \u043a\u0443\u0442\u043e\u0432\u0438\u0439 \u043f\u043e\u0432\u043e\u0440\u043e\u0442\u043d\u0438\u0439 \u0456\u0437 \u0437\u043e\u0432\u043d\u0456\u0448\u043d\u044c\u043e\u044e \u0440\u0456\u0437\u044c\u0431\u043e\u044e BSPP Camozzi S6520 - Glasir","og_description":"\u0424\u0456\u0442\u0438\u043d\u0433 \u043a\u0443\u0442\u043e\u0432\u0438\u0439 \u043f\u043e\u0432\u043e\u0440\u043e\u0442\u043d\u0438\u0439 \u0456\u0437 \u0437\u043e\u0432\u043d\u0456\u0448\u043d\u044c\u043e\u044e \u0440\u0456\u0437\u044c\u0431\u043e\u044e BSPP \u0437 \u0443\u0449\u0456\u043b\u044c\u043d\u044e\u044e\u0447\u0438\u043c \u043a\u0456\u043b\u044c\u0446\u0435\u043c Sprint\u00ae Camozzi S6520","og_url":"https:\/\/glasir.com.ua\/fr\/product\/\u0444\u0456\u0442\u0438\u043d\u0433-\u043a\u0443\u0442\u043e\u0432\u0438\u0439-\u043f\u043e\u0432\u043e\u0440\u043e\u0442\u043d\u0438\u0439-\u0456\u0437-\u0437\u043e\u0432\u043d\u0456\u0448\u043d\/","og_site_name":"Glasir","article_modified_time":"2025-11-27T07:30:45+00:00","og_image":[{"width":294,"height":289,"url":"http:\/\/glasir.com.ua\/wp-content\/uploads\/2024\/08\/S6520.jpg","type":"image\/jpeg"}],"twitter_card":"summary_large_image","twitter_misc":{"Dur\u00e9e de lecture estim\u00e9e":"2 minutes"},"schema":{"@context":"https:\/\/schema.org","@graph":[{"@type":["WebPage","ItemPage"],"@id":"https:\/\/glasir.com.ua\/product\/%d1%84%d1%96%d1%82%d0%b8%d0%bd%d0%b3-%d0%ba%d1%83%d1%82%d0%be%d0%b2%d0%b8%d0%b9-%d0%bf%d0%be%d0%b2%d0%be%d1%80%d0%be%d1%82%d0%bd%d0%b8%d0%b9-%d1%96%d0%b7-%d0%b7%d0%be%d0%b2%d0%bd%d1%96%d1%88%d0%bd\/","url":"https:\/\/glasir.com.ua\/product\/%d1%84%d1%96%d1%82%d0%b8%d0%bd%d0%b3-%d0%ba%d1%83%d1%82%d0%be%d0%b2%d0%b8%d0%b9-%d0%bf%d0%be%d0%b2%d0%be%d1%80%d0%be%d1%82%d0%bd%d0%b8%d0%b9-%d1%96%d0%b7-%d0%b7%d0%be%d0%b2%d0%bd%d1%96%d1%88%d0%bd\/","name":"Raccord coud\u00e9 pivotant avec filetage ext\u00e9rieur BSPP Camozzi S6520 - Glasir","isPartOf":{"@id":"https:\/\/glasir.com.ua\/#website"},"primaryImageOfPage":{"@id":"https:\/\/glasir.com.ua\/product\/%d1%84%d1%96%d1%82%d0%b8%d0%bd%d0%b3-%d0%ba%d1%83%d1%82%d0%be%d0%b2%d0%b8%d0%b9-%d0%bf%d0%be%d0%b2%d0%be%d1%80%d0%be%d1%82%d0%bd%d0%b8%d0%b9-%d1%96%d0%b7-%d0%b7%d0%be%d0%b2%d0%bd%d1%96%d1%88%d0%bd\/#primaryimage"},"image":{"@id":"https:\/\/glasir.com.ua\/product\/%d1%84%d1%96%d1%82%d0%b8%d0%bd%d0%b3-%d0%ba%d1%83%d1%82%d0%be%d0%b2%d0%b8%d0%b9-%d0%bf%d0%be%d0%b2%d0%be%d1%80%d0%be%d1%82%d0%bd%d0%b8%d0%b9-%d1%96%d0%b7-%d0%b7%d0%be%d0%b2%d0%bd%d1%96%d1%88%d0%bd\/#primaryimage"},"thumbnailUrl":"https:\/\/glasir.com.ua\/wp-content\/uploads\/2024\/08\/S6520.jpg","datePublished":"2024-08-03T09:32:53+00:00","dateModified":"2025-11-27T07:30:45+00:00","breadcrumb":{"@id":"https:\/\/glasir.com.ua\/product\/%d1%84%d1%96%d1%82%d0%b8%d0%bd%d0%b3-%d0%ba%d1%83%d1%82%d0%be%d0%b2%d0%b8%d0%b9-%d0%bf%d0%be%d0%b2%d0%be%d1%80%d0%be%d1%82%d0%bd%d0%b8%d0%b9-%d1%96%d0%b7-%d0%b7%d0%be%d0%b2%d0%bd%d1%96%d1%88%d0%bd\/#breadcrumb"},"inLanguage":"fr-FR","potentialAction":[{"@type":"ReadAction","target":["https:\/\/glasir.com.ua\/product\/%d1%84%d1%96%d1%82%d0%b8%d0%bd%d0%b3-%d0%ba%d1%83%d1%82%d0%be%d0%b2%d0%b8%d0%b9-%d0%bf%d0%be%d0%b2%d0%be%d1%80%d0%be%d1%82%d0%bd%d0%b8%d0%b9-%d1%96%d0%b7-%d0%b7%d0%be%d0%b2%d0%bd%d1%96%d1%88%d0%bd\/"]}]},{"@type":"ImageObject","inLanguage":"fr-FR","@id":"https:\/\/glasir.com.ua\/product\/%d1%84%d1%96%d1%82%d0%b8%d0%bd%d0%b3-%d0%ba%d1%83%d1%82%d0%be%d0%b2%d0%b8%d0%b9-%d0%bf%d0%be%d0%b2%d0%be%d1%80%d0%be%d1%82%d0%bd%d0%b8%d0%b9-%d1%96%d0%b7-%d0%b7%d0%be%d0%b2%d0%bd%d1%96%d1%88%d0%bd\/#primaryimage","url":"https:\/\/glasir.com.ua\/wp-content\/uploads\/2024\/08\/S6520.jpg","contentUrl":"https:\/\/glasir.com.ua\/wp-content\/uploads\/2024\/08\/S6520.jpg","width":294,"height":289,"caption":"Camozzi S6520"},{"@type":"BreadcrumbList","@id":"https:\/\/glasir.com.ua\/product\/%d1%84%d1%96%d1%82%d0%b8%d0%bd%d0%b3-%d0%ba%d1%83%d1%82%d0%be%d0%b2%d0%b8%d0%b9-%d0%bf%d0%be%d0%b2%d0%be%d1%80%d0%be%d1%82%d0%bd%d0%b8%d0%b9-%d1%96%d0%b7-%d0%b7%d0%be%d0%b2%d0%bd%d1%96%d1%88%d0%bd\/#breadcrumb","itemListElement":[{"@type":"ListItem","position":1,"name":"Home","item":"https:\/\/glasir.com.ua\/"},{"@type":"ListItem","position":2,"name":"\u0406\u043d\u0442\u0435\u0440\u043d\u0435\u0442-\u043c\u0430\u0433\u0430\u0437\u0438\u043d","item":"https:\/\/glasir.com.ua\/shop\/"},{"@type":"ListItem","position":3,"name":"\u0424\u0456\u0442\u0438\u043d\u0433 \u043a\u0443\u0442\u043e\u0432\u0438\u0439 \u043f\u043e\u0432\u043e\u0440\u043e\u0442\u043d\u0438\u0439 \u0456\u0437 \u0437\u043e\u0432\u043d\u0456\u0448\u043d\u044c\u043e\u044e \u0440\u0456\u0437\u044c\u0431\u043e\u044e BSPP Camozzi S6520"}]},{"@type":"WebSite","@id":"https:\/\/glasir.com.ua\/#website","url":"https:\/\/glasir.com.ua\/","name":"Glasir","description":"Il n&#039;y a pas de comparaison.","publisher":{"@id":"https:\/\/glasir.com.ua\/#organization"},"potentialAction":[{"@type":"SearchAction","target":{"@type":"EntryPoint","urlTemplate":"https:\/\/glasir.com.ua\/?s={search_term_string}"},"query-input":{"@type":"PropertyValueSpecification","valueRequired":true,"valueName":"search_term_string"}}],"inLanguage":"fr-FR"},{"@type":"Organization","@id":"https:\/\/glasir.com.ua\/#organization","name":"Glasir","url":"https:\/\/glasir.com.ua\/","logo":{"@type":"ImageObject","inLanguage":"fr-FR","@id":"https:\/\/glasir.com.ua\/#\/schema\/logo\/image\/","url":"https:\/\/glasir.com.ua\/wp-content\/uploads\/2023\/06\/cropped-llc-glasir.png","contentUrl":"https:\/\/glasir.com.ua\/wp-content\/uploads\/2023\/06\/cropped-llc-glasir.png","width":250,"height":250,"caption":"Glasir"},"image":{"@id":"https:\/\/glasir.com.ua\/#\/schema\/logo\/image\/"},"sameAs":["https:\/\/www.pinterest.com\/llc_glasir","https:\/\/g.co\/kgs\/7CK1iZr"]}]}},"_links":{"self":[{"href":"https:\/\/glasir.com.ua\/fr\/wp-json\/wp\/v2\/product\/1074","targetHints":{"allow":["GET"]}}],"collection":[{"href":"https:\/\/glasir.com.ua\/fr\/wp-json\/wp\/v2\/product"}],"about":[{"href":"https:\/\/glasir.com.ua\/fr\/wp-json\/wp\/v2\/types\/product"}],"replies":[{"embeddable":true,"href":"https:\/\/glasir.com.ua\/fr\/wp-json\/wp\/v2\/comments?post=1074"}],"wp:featuredmedia":[{"embeddable":true,"href":"https:\/\/glasir.com.ua\/fr\/wp-json\/wp\/v2\/media\/1079"}],"wp:attachment":[{"href":"https:\/\/glasir.com.ua\/fr\/wp-json\/wp\/v2\/media?parent=1074"}],"wp:term":[{"taxonomy":"product_brand","embeddable":true,"href":"https:\/\/glasir.com.ua\/fr\/wp-json\/wp\/v2\/product_brand?post=1074"},{"taxonomy":"product_cat","embeddable":true,"href":"https:\/\/glasir.com.ua\/fr\/wp-json\/wp\/v2\/product_cat?post=1074"},{"taxonomy":"product_tag","embeddable":true,"href":"https:\/\/glasir.com.ua\/fr\/wp-json\/wp\/v2\/product_tag?post=1074"}],"curies":[{"name":"wp","href":"https:\/\/api.w.org\/{rel}","templated":true}]}}