{"id":560,"date":"2023-09-28T16:57:01","date_gmt":"2023-09-28T13:57:01","guid":{"rendered":"https:\/\/glasir.com.ua\/?page_id=560"},"modified":"2023-11-28T16:20:09","modified_gmt":"2023-11-28T14:20:09","slug":"%d0%b4%d0%be%d1%81%d1%82%d0%b0%d0%b2%d0%ba%d0%b0-%d1%82%d0%b0-%d0%be%d0%bf%d0%bb%d0%b0%d1%82%d0%b0","status":"publish","type":"page","link":"https:\/\/glasir.com.ua\/fr\/%d0%b4%d0%be%d1%81%d1%82%d0%b0%d0%b2%d0%ba%d0%b0-%d1%82%d0%b0-%d0%be%d0%bf%d0%bb%d0%b0%d1%82%d0%b0\/","title":{"rendered":"Livraison et paiement"},"content":{"rendered":"<h2 class=\"wp-block-heading has-text-align-center\"><strong>Options de livraison et modes de paiement<\/strong><\/h2>\n\n\n\n<p><strong>N&#039;oubliez pas !<\/strong> La livraison est toujours gratuite pour les commandes sup\u00e9rieures \u00e0 3000 UAH ou pour les clients disposant d&#039;un abonnement Glasir Gold ou Glasir Royal Purple actif : <a href=\"https:\/\/glasir.com.ua\/fr\/product-category\/%d0%bf%d1%96%d0%b4%d0%bf%d0%b8%d1%81%d0%ba%d0%b8\/\">https:\/\/glasir.com.ua\/product-category\/\u043f\u0456\u0434\u043f\u0438\u0441\u043a\u0438\/<\/a>.<\/p>\n\n\n\n<p class=\"has-text-align-left\"><br><strong>Retrait sur place<\/strong><br>R\u00e9cup\u00e9rez la marchandise en personne \u00e0 notre magasin. A cette occasion, nous pourrons faire votre connaissance et vous offrir un caf\u00e9.<br><strong>Faites attention!<\/strong>  Il n&#039;est pas possible de payer \u00e0 l&#039;entrep\u00f4t physique pour les commandes pass\u00e9es en ligne. La commande doit \u00eatre pay\u00e9e en totalit\u00e9 \u00e0 l&#039;avance et ne peut \u00eatre re\u00e7ue qu&#039;apr\u00e8s confirmation que la commande est pr\u00eate \u00e0 \u00eatre r\u00e9cup\u00e9r\u00e9e.<br>Le paiement est possible par virement bancaire ou par carte de d\u00e9bit\/cr\u00e9dit (Visa et Mastercard).<br>Si vous n&#039;avez pas v\u00e9rifi\u00e9 la marchandise \u00e0 la r\u00e9ception, nous ne pouvons pas garantir que tout litige sera r\u00e9solu en votre faveur.<\/p>\n\n\n\n<p><strong>Livraison \u00e0 l&#039;adresse ou \u00e0 la succursale de Nova Poshta (paiement \u00e0 r\u00e9ception)<\/strong><br>La livraison est effectu\u00e9e par un coursier Nova Poshta et les marchandises sont pay\u00e9es \u00e0 la livraison.<br>Les frais de livraison sont calcul\u00e9s forfaitairement dans le panier lors du paiement.<br>Si cela est possible pour le transporteur (il peut y avoir des restrictions sur la zone g\u00e9ographique ou le volume\/poids du colis) et \u00e0 la demande du Client, la livraison est effectu\u00e9e directement \u00e0 son adresse, sans frais suppl\u00e9mentaires. Dans le cas contraire, les marchandises seront envoy\u00e9es \u00e0 la succursale Nova Poshta sp\u00e9cifi\u00e9e par le Client.<br>Plus de d\u00e9tails sur les conditions de livraison : <a href=\"https:\/\/novaposhta.ua\/privatnim_klientam\/otrimati\">https:\/\/novaposhta.ua\/privatnim_klientam\/otrimati<\/a>.<br><strong>Faites attention!<\/strong> Si vous n&#039;avez pas v\u00e9rifi\u00e9 la marchandise \u00e0 la r\u00e9ception, nous ne pouvons pas garantir que tout litige sera r\u00e9solu en votre faveur.<\/p>\n\n\n\n<p><strong>Livraison \u00e0 l&#039;adresse ou \u00e0 la succursale de Nova Poshta (paiement anticip\u00e9)<\/strong><br>La livraison est effectu\u00e9e par un coursier Nova Poshta apr\u00e8s r\u00e9ception du paiement de la commande par virement bancaire ou carte de d\u00e9bit\/cr\u00e9dit (Visa et Mastercard).<br>Les frais de livraison sont calcul\u00e9s forfaitairement dans le panier lors du paiement.<br>Si cela est possible pour le transporteur (il peut y avoir des restrictions sur la zone g\u00e9ographique ou le volume\/poids du colis) et \u00e0 la demande du Client, la livraison est effectu\u00e9e directement \u00e0 son adresse, sans frais suppl\u00e9mentaires. Dans le cas contraire, les marchandises seront envoy\u00e9es \u00e0 la succursale Nova Poshta sp\u00e9cifi\u00e9e par le Client.<br>Plus de d\u00e9tails sur les conditions de livraison : <a href=\"https:\/\/novaposhta.ua\/privatnim_klientam\/otrimati\">https:\/\/novaposhta.ua\/privatnim_klientam\/otrimati<\/a>.<br><strong>Faites attention!<\/strong> Si vous n&#039;avez pas v\u00e9rifi\u00e9 la marchandise \u00e0 la r\u00e9ception, nous ne pouvons pas garantir que tout litige sera r\u00e9solu en votre faveur.<\/p>\n\n\n\n<p><strong>Si le produit ne correspond pas \u00e0 ce qui a \u00e9t\u00e9 command\u00e9 dans la boutique en ligne, ou est incomplet ou pr\u00e9sente des dommages ext\u00e9rieurs, vous n&#039;avez pas besoin de payer et de r\u00e9cup\u00e9rer un tel produit. Merci de nous le faire savoir par t\u00e9l\u00e9phone. <a href=\"tel:+380632133808\">+380 63 213 38 08<\/a>.<\/strong><\/p>\n\n\n\n<h2 class=\"wp-block-heading has-text-align-center\"><strong>D\u00e9lai d&#039;ex\u00e9cution de la commande<\/strong><\/h2>\n\n\n\n<p>Les commandes sont trait\u00e9es avant 11h00 chaque jour ouvrable et sont approuv\u00e9es par nos soins le jour m\u00eame.<br>Si votre commande a \u00e9t\u00e9 enti\u00e8rement pay\u00e9e par carte de cr\u00e9dit ou de d\u00e9bit, elle sera exp\u00e9di\u00e9e imm\u00e9diatement et vous recevrez un num\u00e9ro de suivi (si vous avez s\u00e9lectionn\u00e9 le ramassage local, vous recevrez une confirmation que l&#039;article est pr\u00eat \u00e0 \u00eatre r\u00e9cup\u00e9r\u00e9).<br>Si vous payez par virement bancaire, la commande ne sera pr\u00e9par\u00e9e pour l&#039;exp\u00e9dition ou le retrait en main propre qu&#039;apr\u00e8s la prise en compte du paiement.<br>Les commandes pay\u00e9es par Nova Poshta sont exp\u00e9di\u00e9es imm\u00e9diatement.<\/p>","protected":false},"excerpt":{"rendered":"<p>Options de livraison et modes de paiement N&#039;oubliez pas ! La livraison est toujours gratuite pour les commandes sup\u00e9rieures \u00e0 3 000 UAH ou pour les clients disposant d&#039;un abonnement Glasir Gold ou Glasir Royal Purple actif : https:\/\/glasir.com.ua\/product-category\/\u043f\u043e\u0434\u043f\u0438\u0441\u043a\u0438\/. Ramassage localR\u00e9cup\u00e9rez le produit en personne \u00e0 notre magasin. A cette occasion, nous pourrons faire votre connaissance et vous offrir un caf\u00e9. Faites attention! Il est impossible de payer une commande \u00e0 l\u2019entrep\u00f4t physique, \u2026 <\/p>\n<p class=\"link-more\"><a href=\"https:\/\/glasir.com.ua\/fr\/%d0%b4%d0%be%d1%81%d1%82%d0%b0%d0%b2%d0%ba%d0%b0-%d1%82%d0%b0-%d0%be%d0%bf%d0%bb%d0%b0%d1%82%d0%b0\/\" class=\"more-link\">Continuer \u00e0 lire<span class=\"screen-reader-text\"> de &quot;Livraison et paiement&quot;<\/span><\/a><\/p>","protected":false},"author":1,"featured_media":590,"parent":0,"menu_order":0,"comment_status":"closed","ping_status":"closed","template":"","meta":{"footnotes":""},"class_list":["post-560","page","type-page","status-publish","has-post-thumbnail","hentry"],"yoast_head":"<!-- This site is optimized with the Yoast SEO plugin v27.2 - https:\/\/yoast.com\/product\/yoast-seo-wordpress\/ -->\n<title>\u0414\u043e\u0441\u0442\u0430\u0432\u043a\u0430 \u0442\u0430 \u043e\u043f\u043b\u0430\u0442\u0430 - Glasir<\/title>\n<meta name=\"robots\" content=\"index, follow, max-snippet:-1, max-image-preview:large, max-video-preview:-1\" \/>\n<link rel=\"canonical\" href=\"https:\/\/glasir.com.ua\/fr\/\u0434\u043e\u0441\u0442\u0430\u0432\u043a\u0430-\u0442\u0430-\u043e\u043f\u043b\u0430\u0442\u0430\/\" \/>\n<meta property=\"og:locale\" content=\"fr_FR\" \/>\n<meta property=\"og:type\" content=\"article\" \/>\n<meta property=\"og:title\" content=\"\u0414\u043e\u0441\u0442\u0430\u0432\u043a\u0430 \u0442\u0430 \u043e\u043f\u043b\u0430\u0442\u0430 - Glasir\" \/>\n<meta property=\"og:description\" content=\"\u0412\u0430\u0440\u0456\u0430\u043d\u0442\u0438 \u0434\u043e\u0441\u0442\u0430\u0432\u043a\u0438 \u0442\u0430 \u0441\u043f\u043e\u0441\u043e\u0431\u0438 \u043e\u043f\u043b\u0430\u0442\u0438 \u041d\u0435 \u0437\u0430\u0431\u0443\u0432\u0430\u0439\u0442\u0435! \u0414\u043e\u0441\u0442\u0430\u0432\u043a\u0430 \u0437\u0430\u0432\u0436\u0434\u0438 \u0431\u0435\u0437\u043a\u043e\u0448\u0442\u043e\u0432\u043d\u0430 \u043f\u0440\u0438 \u0437\u0430\u043c\u043e\u0432\u043b\u0435\u043d\u043d\u0456 \u0432\u0456\u0434 3000 \u0433\u0440\u043d \u0430\u0431\u043e \u0434\u043b\u044f \u043a\u043b\u0456\u0454\u043d\u0442\u0456\u0432 \u0456\u0437 \u0430\u043a\u0442\u0438\u0432\u043d\u043e\u044e \u043f\u0456\u0434\u043f\u0438\u0441\u043a\u043e\u044e Glasir Gold \u0430\u0431\u043e Glasir Royal Purple: https:\/\/glasir.com.ua\/product-category\/\u043f\u0456\u0434\u043f\u0438\u0441\u043a\u0438\/. \u041c\u0456\u0441\u0446\u0435\u0432\u0438\u0439 \u0441\u0430\u043c\u043e\u0432\u0438\u0432\u0456\u0437\u0417\u0430\u0431\u0438\u0440\u0430\u0439\u0442\u0435 \u0442\u043e\u0432\u0430\u0440 \u043e\u0441\u043e\u0431\u0438\u0441\u0442\u043e \u0432 \u043d\u0430\u0448\u043e\u043c\u0443 \u043c\u0430\u0433\u0430\u0437\u0438\u043d\u0456. \u041f\u0440\u0438 \u0446\u0456\u0439 \u043d\u0430\u0433\u043e\u0434\u0456 \u043c\u0438 \u043c\u043e\u0436\u0435\u043c\u043e \u043f\u043e\u0437\u043d\u0430\u0439\u043e\u043c\u0438\u0442\u0438\u0441\u044f \u0437 \u0412\u0430\u043c\u0438 \u0442\u0430 \u0437\u0430\u043f\u0440\u043e\u043f\u043e\u043d\u0443\u0432\u0430\u0442\u0438 \u0412\u0430\u043c \u043a\u0430\u0432\u0443.\u0417\u0432\u0435\u0440\u043d\u0456\u0442\u044c \u0443\u0432\u0430\u0433\u0443! \u041d\u0435\u043c\u043e\u0436\u043b\u0438\u0432\u043e \u0440\u043e\u0437\u0440\u0430\u0445\u0443\u0432\u0430\u0442\u0438\u0441\u044f \u043d\u0430 \u0444\u0456\u0437\u0438\u0447\u043d\u043e\u043c\u0443 \u0441\u043a\u043b\u0430\u0434\u0456 \u0437\u0430 \u0437\u0430\u043c\u043e\u0432\u043b\u0435\u043d\u043d\u044f, &hellip; Continuer la lecture de &laquo;&nbsp;\u0414\u043e\u0441\u0442\u0430\u0432\u043a\u0430 \u0442\u0430 \u043e\u043f\u043b\u0430\u0442\u0430&nbsp;&raquo;\" \/>\n<meta property=\"og:url\" content=\"https:\/\/glasir.com.ua\/fr\/\u0434\u043e\u0441\u0442\u0430\u0432\u043a\u0430-\u0442\u0430-\u043e\u043f\u043b\u0430\u0442\u0430\/\" \/>\n<meta property=\"og:site_name\" content=\"Glasir\" \/>\n<meta property=\"article:modified_time\" content=\"2023-11-28T14:20:09+00:00\" \/>\n<meta property=\"og:image\" content=\"https:\/\/glasir.com.ua\/wp-content\/uploads\/2023\/09\/james-kovin-kzg5dp4Jjr0-unsplash-scaled.jpg\" \/>\n\t<meta property=\"og:image:width\" content=\"2560\" \/>\n\t<meta property=\"og:image:height\" content=\"1438\" \/>\n\t<meta property=\"og:image:type\" content=\"image\/jpeg\" \/>\n<meta name=\"twitter:card\" content=\"summary_large_image\" \/>\n<script type=\"application\/ld+json\" class=\"yoast-schema-graph\">{\"@context\":\"https:\/\/schema.org\",\"@graph\":[{\"@type\":\"WebPage\",\"@id\":\"https:\/\/glasir.com.ua\/%d0%b4%d0%be%d1%81%d1%82%d0%b0%d0%b2%d0%ba%d0%b0-%d1%82%d0%b0-%d0%be%d0%bf%d0%bb%d0%b0%d1%82%d0%b0\/\",\"url\":\"https:\/\/glasir.com.ua\/%d0%b4%d0%be%d1%81%d1%82%d0%b0%d0%b2%d0%ba%d0%b0-%d1%82%d0%b0-%d0%be%d0%bf%d0%bb%d0%b0%d1%82%d0%b0\/\",\"name\":\"\u0414\u043e\u0441\u0442\u0430\u0432\u043a\u0430 \u0442\u0430 \u043e\u043f\u043b\u0430\u0442\u0430 - Glasir\",\"isPartOf\":{\"@id\":\"https:\/\/glasir.com.ua\/#website\"},\"primaryImageOfPage\":{\"@id\":\"https:\/\/glasir.com.ua\/%d0%b4%d0%be%d1%81%d1%82%d0%b0%d0%b2%d0%ba%d0%b0-%d1%82%d0%b0-%d0%be%d0%bf%d0%bb%d0%b0%d1%82%d0%b0\/#primaryimage\"},\"image\":{\"@id\":\"https:\/\/glasir.com.ua\/%d0%b4%d0%be%d1%81%d1%82%d0%b0%d0%b2%d0%ba%d0%b0-%d1%82%d0%b0-%d0%be%d0%bf%d0%bb%d0%b0%d1%82%d0%b0\/#primaryimage\"},\"thumbnailUrl\":\"https:\/\/glasir.com.ua\/wp-content\/uploads\/2023\/09\/james-kovin-kzg5dp4Jjr0-unsplash-scaled.jpg\",\"datePublished\":\"2023-09-28T13:57:01+00:00\",\"dateModified\":\"2023-11-28T14:20:09+00:00\",\"breadcrumb\":{\"@id\":\"https:\/\/glasir.com.ua\/%d0%b4%d0%be%d1%81%d1%82%d0%b0%d0%b2%d0%ba%d0%b0-%d1%82%d0%b0-%d0%be%d0%bf%d0%bb%d0%b0%d1%82%d0%b0\/#breadcrumb\"},\"inLanguage\":\"fr-FR\",\"potentialAction\":[{\"@type\":\"ReadAction\",\"target\":[\"https:\/\/glasir.com.ua\/%d0%b4%d0%be%d1%81%d1%82%d0%b0%d0%b2%d0%ba%d0%b0-%d1%82%d0%b0-%d0%be%d0%bf%d0%bb%d0%b0%d1%82%d0%b0\/\"]}]},{\"@type\":\"ImageObject\",\"inLanguage\":\"fr-FR\",\"@id\":\"https:\/\/glasir.com.ua\/%d0%b4%d0%be%d1%81%d1%82%d0%b0%d0%b2%d0%ba%d0%b0-%d1%82%d0%b0-%d0%be%d0%bf%d0%bb%d0%b0%d1%82%d0%b0\/#primaryimage\",\"url\":\"https:\/\/glasir.com.ua\/wp-content\/uploads\/2023\/09\/james-kovin-kzg5dp4Jjr0-unsplash-scaled.jpg\",\"contentUrl\":\"https:\/\/glasir.com.ua\/wp-content\/uploads\/2023\/09\/james-kovin-kzg5dp4Jjr0-unsplash-scaled.jpg\",\"width\":2560,\"height\":1438},{\"@type\":\"BreadcrumbList\",\"@id\":\"https:\/\/glasir.com.ua\/%d0%b4%d0%be%d1%81%d1%82%d0%b0%d0%b2%d0%ba%d0%b0-%d1%82%d0%b0-%d0%be%d0%bf%d0%bb%d0%b0%d1%82%d0%b0\/#breadcrumb\",\"itemListElement\":[{\"@type\":\"ListItem\",\"position\":1,\"name\":\"Home\",\"item\":\"https:\/\/glasir.com.ua\/\"},{\"@type\":\"ListItem\",\"position\":2,\"name\":\"\u0414\u043e\u0441\u0442\u0430\u0432\u043a\u0430 \u0442\u0430 \u043e\u043f\u043b\u0430\u0442\u0430\"}]},{\"@type\":\"WebSite\",\"@id\":\"https:\/\/glasir.com.ua\/#website\",\"url\":\"https:\/\/glasir.com.ua\/\",\"name\":\"Glasir\",\"description\":\"\u041d\u0435\u043c\u0430\u0454 \u043f\u043e\u0440\u0456\u0432\u043d\u044f\u043d\u043d\u044f.\",\"publisher\":{\"@id\":\"https:\/\/glasir.com.ua\/#organization\"},\"potentialAction\":[{\"@type\":\"SearchAction\",\"target\":{\"@type\":\"EntryPoint\",\"urlTemplate\":\"https:\/\/glasir.com.ua\/?s={search_term_string}\"},\"query-input\":{\"@type\":\"PropertyValueSpecification\",\"valueRequired\":true,\"valueName\":\"search_term_string\"}}],\"inLanguage\":\"fr-FR\"},{\"@type\":\"Organization\",\"@id\":\"https:\/\/glasir.com.ua\/#organization\",\"name\":\"Glasir\",\"url\":\"https:\/\/glasir.com.ua\/\",\"logo\":{\"@type\":\"ImageObject\",\"inLanguage\":\"fr-FR\",\"@id\":\"https:\/\/glasir.com.ua\/#\/schema\/logo\/image\/\",\"url\":\"https:\/\/glasir.com.ua\/wp-content\/uploads\/2023\/06\/cropped-llc-glasir.png\",\"contentUrl\":\"https:\/\/glasir.com.ua\/wp-content\/uploads\/2023\/06\/cropped-llc-glasir.png\",\"width\":250,\"height\":250,\"caption\":\"Glasir\"},\"image\":{\"@id\":\"https:\/\/glasir.com.ua\/#\/schema\/logo\/image\/\"},\"sameAs\":[\"https:\/\/www.pinterest.com\/llc_glasir\",\"https:\/\/g.co\/kgs\/7CK1iZr\"]}]}<\/script>\n<!-- \/ Yoast SEO plugin. -->","yoast_head_json":{"title":"Livraison et paiement - Glasir","robots":{"index":"index","follow":"follow","max-snippet":"max-snippet:-1","max-image-preview":"max-image-preview:large","max-video-preview":"max-video-preview:-1"},"canonical":"https:\/\/glasir.com.ua\/fr\/\u0434\u043e\u0441\u0442\u0430\u0432\u043a\u0430-\u0442\u0430-\u043e\u043f\u043b\u0430\u0442\u0430\/","og_locale":"fr_FR","og_type":"article","og_title":"\u0414\u043e\u0441\u0442\u0430\u0432\u043a\u0430 \u0442\u0430 \u043e\u043f\u043b\u0430\u0442\u0430 - Glasir","og_description":"\u0412\u0430\u0440\u0456\u0430\u043d\u0442\u0438 \u0434\u043e\u0441\u0442\u0430\u0432\u043a\u0438 \u0442\u0430 \u0441\u043f\u043e\u0441\u043e\u0431\u0438 \u043e\u043f\u043b\u0430\u0442\u0438 \u041d\u0435 \u0437\u0430\u0431\u0443\u0432\u0430\u0439\u0442\u0435! \u0414\u043e\u0441\u0442\u0430\u0432\u043a\u0430 \u0437\u0430\u0432\u0436\u0434\u0438 \u0431\u0435\u0437\u043a\u043e\u0448\u0442\u043e\u0432\u043d\u0430 \u043f\u0440\u0438 \u0437\u0430\u043c\u043e\u0432\u043b\u0435\u043d\u043d\u0456 \u0432\u0456\u0434 3000 \u0433\u0440\u043d \u0430\u0431\u043e \u0434\u043b\u044f \u043a\u043b\u0456\u0454\u043d\u0442\u0456\u0432 \u0456\u0437 \u0430\u043a\u0442\u0438\u0432\u043d\u043e\u044e \u043f\u0456\u0434\u043f\u0438\u0441\u043a\u043e\u044e Glasir Gold \u0430\u0431\u043e Glasir Royal Purple: https:\/\/glasir.com.ua\/product-category\/\u043f\u0456\u0434\u043f\u0438\u0441\u043a\u0438\/. \u041c\u0456\u0441\u0446\u0435\u0432\u0438\u0439 \u0441\u0430\u043c\u043e\u0432\u0438\u0432\u0456\u0437\u0417\u0430\u0431\u0438\u0440\u0430\u0439\u0442\u0435 \u0442\u043e\u0432\u0430\u0440 \u043e\u0441\u043e\u0431\u0438\u0441\u0442\u043e \u0432 \u043d\u0430\u0448\u043e\u043c\u0443 \u043c\u0430\u0433\u0430\u0437\u0438\u043d\u0456. \u041f\u0440\u0438 \u0446\u0456\u0439 \u043d\u0430\u0433\u043e\u0434\u0456 \u043c\u0438 \u043c\u043e\u0436\u0435\u043c\u043e \u043f\u043e\u0437\u043d\u0430\u0439\u043e\u043c\u0438\u0442\u0438\u0441\u044f \u0437 \u0412\u0430\u043c\u0438 \u0442\u0430 \u0437\u0430\u043f\u0440\u043e\u043f\u043e\u043d\u0443\u0432\u0430\u0442\u0438 \u0412\u0430\u043c \u043a\u0430\u0432\u0443.\u0417\u0432\u0435\u0440\u043d\u0456\u0442\u044c \u0443\u0432\u0430\u0433\u0443! \u041d\u0435\u043c\u043e\u0436\u043b\u0438\u0432\u043e \u0440\u043e\u0437\u0440\u0430\u0445\u0443\u0432\u0430\u0442\u0438\u0441\u044f \u043d\u0430 \u0444\u0456\u0437\u0438\u0447\u043d\u043e\u043c\u0443 \u0441\u043a\u043b\u0430\u0434\u0456 \u0437\u0430 \u0437\u0430\u043c\u043e\u0432\u043b\u0435\u043d\u043d\u044f, &hellip; Continuer la lecture de &laquo;&nbsp;\u0414\u043e\u0441\u0442\u0430\u0432\u043a\u0430 \u0442\u0430 \u043e\u043f\u043b\u0430\u0442\u0430&nbsp;&raquo;","og_url":"https:\/\/glasir.com.ua\/fr\/\u0434\u043e\u0441\u0442\u0430\u0432\u043a\u0430-\u0442\u0430-\u043e\u043f\u043b\u0430\u0442\u0430\/","og_site_name":"Glasir","article_modified_time":"2023-11-28T14:20:09+00:00","og_image":[{"width":2560,"height":1438,"url":"https:\/\/glasir.com.ua\/wp-content\/uploads\/2023\/09\/james-kovin-kzg5dp4Jjr0-unsplash-scaled.jpg","type":"image\/jpeg"}],"twitter_card":"summary_large_image","schema":{"@context":"https:\/\/schema.org","@graph":[{"@type":"WebPage","@id":"https:\/\/glasir.com.ua\/%d0%b4%d0%be%d1%81%d1%82%d0%b0%d0%b2%d0%ba%d0%b0-%d1%82%d0%b0-%d0%be%d0%bf%d0%bb%d0%b0%d1%82%d0%b0\/","url":"https:\/\/glasir.com.ua\/%d0%b4%d0%be%d1%81%d1%82%d0%b0%d0%b2%d0%ba%d0%b0-%d1%82%d0%b0-%d0%be%d0%bf%d0%bb%d0%b0%d1%82%d0%b0\/","name":"Livraison et paiement - Glasir","isPartOf":{"@id":"https:\/\/glasir.com.ua\/#website"},"primaryImageOfPage":{"@id":"https:\/\/glasir.com.ua\/%d0%b4%d0%be%d1%81%d1%82%d0%b0%d0%b2%d0%ba%d0%b0-%d1%82%d0%b0-%d0%be%d0%bf%d0%bb%d0%b0%d1%82%d0%b0\/#primaryimage"},"image":{"@id":"https:\/\/glasir.com.ua\/%d0%b4%d0%be%d1%81%d1%82%d0%b0%d0%b2%d0%ba%d0%b0-%d1%82%d0%b0-%d0%be%d0%bf%d0%bb%d0%b0%d1%82%d0%b0\/#primaryimage"},"thumbnailUrl":"https:\/\/glasir.com.ua\/wp-content\/uploads\/2023\/09\/james-kovin-kzg5dp4Jjr0-unsplash-scaled.jpg","datePublished":"2023-09-28T13:57:01+00:00","dateModified":"2023-11-28T14:20:09+00:00","breadcrumb":{"@id":"https:\/\/glasir.com.ua\/%d0%b4%d0%be%d1%81%d1%82%d0%b0%d0%b2%d0%ba%d0%b0-%d1%82%d0%b0-%d0%be%d0%bf%d0%bb%d0%b0%d1%82%d0%b0\/#breadcrumb"},"inLanguage":"fr-FR","potentialAction":[{"@type":"ReadAction","target":["https:\/\/glasir.com.ua\/%d0%b4%d0%be%d1%81%d1%82%d0%b0%d0%b2%d0%ba%d0%b0-%d1%82%d0%b0-%d0%be%d0%bf%d0%bb%d0%b0%d1%82%d0%b0\/"]}]},{"@type":"ImageObject","inLanguage":"fr-FR","@id":"https:\/\/glasir.com.ua\/%d0%b4%d0%be%d1%81%d1%82%d0%b0%d0%b2%d0%ba%d0%b0-%d1%82%d0%b0-%d0%be%d0%bf%d0%bb%d0%b0%d1%82%d0%b0\/#primaryimage","url":"https:\/\/glasir.com.ua\/wp-content\/uploads\/2023\/09\/james-kovin-kzg5dp4Jjr0-unsplash-scaled.jpg","contentUrl":"https:\/\/glasir.com.ua\/wp-content\/uploads\/2023\/09\/james-kovin-kzg5dp4Jjr0-unsplash-scaled.jpg","width":2560,"height":1438},{"@type":"BreadcrumbList","@id":"https:\/\/glasir.com.ua\/%d0%b4%d0%be%d1%81%d1%82%d0%b0%d0%b2%d0%ba%d0%b0-%d1%82%d0%b0-%d0%be%d0%bf%d0%bb%d0%b0%d1%82%d0%b0\/#breadcrumb","itemListElement":[{"@type":"ListItem","position":1,"name":"Home","item":"https:\/\/glasir.com.ua\/"},{"@type":"ListItem","position":2,"name":"\u0414\u043e\u0441\u0442\u0430\u0432\u043a\u0430 \u0442\u0430 \u043e\u043f\u043b\u0430\u0442\u0430"}]},{"@type":"WebSite","@id":"https:\/\/glasir.com.ua\/#website","url":"https:\/\/glasir.com.ua\/","name":"Glasir","description":"Il n&#039;y a pas de comparaison.","publisher":{"@id":"https:\/\/glasir.com.ua\/#organization"},"potentialAction":[{"@type":"SearchAction","target":{"@type":"EntryPoint","urlTemplate":"https:\/\/glasir.com.ua\/?s={search_term_string}"},"query-input":{"@type":"PropertyValueSpecification","valueRequired":true,"valueName":"search_term_string"}}],"inLanguage":"fr-FR"},{"@type":"Organization","@id":"https:\/\/glasir.com.ua\/#organization","name":"Glasir","url":"https:\/\/glasir.com.ua\/","logo":{"@type":"ImageObject","inLanguage":"fr-FR","@id":"https:\/\/glasir.com.ua\/#\/schema\/logo\/image\/","url":"https:\/\/glasir.com.ua\/wp-content\/uploads\/2023\/06\/cropped-llc-glasir.png","contentUrl":"https:\/\/glasir.com.ua\/wp-content\/uploads\/2023\/06\/cropped-llc-glasir.png","width":250,"height":250,"caption":"Glasir"},"image":{"@id":"https:\/\/glasir.com.ua\/#\/schema\/logo\/image\/"},"sameAs":["https:\/\/www.pinterest.com\/llc_glasir","https:\/\/g.co\/kgs\/7CK1iZr"]}]}},"_links":{"self":[{"href":"https:\/\/glasir.com.ua\/fr\/wp-json\/wp\/v2\/pages\/560","targetHints":{"allow":["GET"]}}],"collection":[{"href":"https:\/\/glasir.com.ua\/fr\/wp-json\/wp\/v2\/pages"}],"about":[{"href":"https:\/\/glasir.com.ua\/fr\/wp-json\/wp\/v2\/types\/page"}],"author":[{"embeddable":true,"href":"https:\/\/glasir.com.ua\/fr\/wp-json\/wp\/v2\/users\/1"}],"replies":[{"embeddable":true,"href":"https:\/\/glasir.com.ua\/fr\/wp-json\/wp\/v2\/comments?post=560"}],"version-history":[{"count":0,"href":"https:\/\/glasir.com.ua\/fr\/wp-json\/wp\/v2\/pages\/560\/revisions"}],"wp:featuredmedia":[{"embeddable":true,"href":"https:\/\/glasir.com.ua\/fr\/wp-json\/wp\/v2\/media\/590"}],"wp:attachment":[{"href":"https:\/\/glasir.com.ua\/fr\/wp-json\/wp\/v2\/media?parent=560"}],"curies":[{"name":"wp","href":"https:\/\/api.w.org\/{rel}","templated":true}]}}