{"id":32,"date":"2023-05-19T13:58:49","date_gmt":"2023-05-19T10:58:49","guid":{"rendered":"http:\/\/glasir.com.ua\/?page_id=32"},"modified":"2026-01-14T12:10:37","modified_gmt":"2026-01-14T10:10:37","slug":"appartements","status":"publish","type":"page","link":"https:\/\/glasir.com.ua\/fr\/%d0%ba%d0%b2%d0%b0%d1%80%d1%82%d0%b8%d1%80%d0%b8\/","title":{"rendered":"Appartements"},"content":{"rendered":"<p>Vous voyagez \u00e0 Rivne pour affaires et recherchez un appartement pour la nuit ? <a href=\"http:\/\/glasir.com.ua\/fr\/shop\/\" data-type=\"URL\" data-id=\"http:\/\/glasir.com.ua\/shop\/\">V\u00e9rifier la disponibilit\u00e9<\/a>.<\/p>\n\n\n\n<p><strong>Le service sera disponible \u00e0 partir de mars 2027.<\/strong> <strong>Venez nous rendre visite plus tard.<\/strong><\/p>","protected":false},"excerpt":{"rendered":"<p>Vous \u00eates en voyage d'affaires \u00e0 Rivne et vous cherchez un appartement pour y passer la nuit ? V\u00e9rifiez la disponibilit\u00e9. Le service sera disponible \u00e0 partir de mars 2027. Revenez nous voir plus tard.<\/p>","protected":false},"author":1,"featured_media":84,"parent":0,"menu_order":0,"comment_status":"closed","ping_status":"closed","template":"","meta":{"footnotes":""},"class_list":["post-32","page","type-page","status-publish","has-post-thumbnail","hentry"],"yoast_head":"<!-- This site is optimized with the Yoast SEO plugin v27.2 - https:\/\/yoast.com\/product\/yoast-seo-wordpress\/ -->\n<title>\u041a\u0432\u0430\u0440\u0442\u0438\u0440\u0438 - Glasir<\/title>\n<meta name=\"robots\" content=\"index, follow, max-snippet:-1, max-image-preview:large, max-video-preview:-1\" \/>\n<link rel=\"canonical\" href=\"https:\/\/glasir.com.ua\/fr\/appartements\/\" \/>\n<meta property=\"og:locale\" content=\"fr_FR\" \/>\n<meta property=\"og:type\" content=\"article\" \/>\n<meta property=\"og:title\" content=\"\u041a\u0432\u0430\u0440\u0442\u0438\u0440\u0438 - Glasir\" \/>\n<meta property=\"og:description\" content=\"\u0412\u0438 \u0457\u0434\u0435\u0442\u0435 \u0432 \u0420\u0456\u0432\u043d\u0435 \u0443 \u0441\u043f\u0440\u0430\u0432\u0430\u0445 \u0456 \u0448\u0443\u043a\u0430\u0454\u0442\u0435 \u043a\u0432\u0430\u0440\u0442\u0438\u0440\u0443 \u043d\u0430 \u043d\u0456\u0447? \u0423\u0442\u043e\u0447\u043d\u044e\u0439\u0442\u0435 \u043d\u0430\u044f\u0432\u043d\u0456\u0441\u0442\u044c. \u041f\u043e\u0441\u043b\u0443\u0433\u0430 \u0431\u0443\u0434\u0435 \u0434\u043e\u0441\u0442\u0443\u043f\u043d\u0430 \u0437 \u0431\u0435\u0440\u0435\u0437\u043d\u044f 2027 \u0440\u043e\u043a\u0443. \u0417\u0430\u0432\u0456\u0442\u0430\u0439\u0442\u0435 \u0434\u043e \u043d\u0430\u0441 \u043f\u0456\u0437\u043d\u0456\u0448\u0435.\" \/>\n<meta property=\"og:url\" content=\"https:\/\/glasir.com.ua\/fr\/appartements\/\" \/>\n<meta property=\"og:site_name\" content=\"Glasir\" \/>\n<meta property=\"article:modified_time\" content=\"2026-01-14T10:10:37+00:00\" \/>\n<meta property=\"og:image\" content=\"http:\/\/glasir.com.ua\/wp-content\/uploads\/2023\/05\/ralph-ravi-kayden-FqqiAvJejto-unsplash.jpg\" \/>\n\t<meta property=\"og:image:width\" content=\"1950\" \/>\n\t<meta property=\"og:image:height\" content=\"1300\" \/>\n\t<meta property=\"og:image:type\" content=\"image\/jpeg\" \/>\n<meta name=\"twitter:card\" content=\"summary_large_image\" \/>\n<meta name=\"twitter:label1\" content=\"Dur\u00e9e de lecture estim\u00e9e\" \/>\n\t<meta name=\"twitter:data1\" content=\"1 minute\" \/>\n<script type=\"application\/ld+json\" class=\"yoast-schema-graph\">{\"@context\":\"https:\/\/schema.org\",\"@graph\":[{\"@type\":\"WebPage\",\"@id\":\"https:\/\/glasir.com.ua\/%d0%ba%d0%b2%d0%b0%d1%80%d1%82%d0%b8%d1%80%d0%b8\/\",\"url\":\"https:\/\/glasir.com.ua\/%d0%ba%d0%b2%d0%b0%d1%80%d1%82%d0%b8%d1%80%d0%b8\/\",\"name\":\"\u041a\u0432\u0430\u0440\u0442\u0438\u0440\u0438 - Glasir\",\"isPartOf\":{\"@id\":\"https:\/\/glasir.com.ua\/#website\"},\"primaryImageOfPage\":{\"@id\":\"https:\/\/glasir.com.ua\/%d0%ba%d0%b2%d0%b0%d1%80%d1%82%d0%b8%d1%80%d0%b8\/#primaryimage\"},\"image\":{\"@id\":\"https:\/\/glasir.com.ua\/%d0%ba%d0%b2%d0%b0%d1%80%d1%82%d0%b8%d1%80%d0%b8\/#primaryimage\"},\"thumbnailUrl\":\"https:\/\/glasir.com.ua\/wp-content\/uploads\/2023\/05\/ralph-ravi-kayden-FqqiAvJejto-unsplash.jpg\",\"datePublished\":\"2023-05-19T10:58:49+00:00\",\"dateModified\":\"2026-01-14T10:10:37+00:00\",\"breadcrumb\":{\"@id\":\"https:\/\/glasir.com.ua\/%d0%ba%d0%b2%d0%b0%d1%80%d1%82%d0%b8%d1%80%d0%b8\/#breadcrumb\"},\"inLanguage\":\"fr-FR\",\"potentialAction\":[{\"@type\":\"ReadAction\",\"target\":[\"https:\/\/glasir.com.ua\/%d0%ba%d0%b2%d0%b0%d1%80%d1%82%d0%b8%d1%80%d0%b8\/\"]}]},{\"@type\":\"ImageObject\",\"inLanguage\":\"fr-FR\",\"@id\":\"https:\/\/glasir.com.ua\/%d0%ba%d0%b2%d0%b0%d1%80%d1%82%d0%b8%d1%80%d0%b8\/#primaryimage\",\"url\":\"https:\/\/glasir.com.ua\/wp-content\/uploads\/2023\/05\/ralph-ravi-kayden-FqqiAvJejto-unsplash.jpg\",\"contentUrl\":\"https:\/\/glasir.com.ua\/wp-content\/uploads\/2023\/05\/ralph-ravi-kayden-FqqiAvJejto-unsplash.jpg\",\"width\":1950,\"height\":1300},{\"@type\":\"BreadcrumbList\",\"@id\":\"https:\/\/glasir.com.ua\/%d0%ba%d0%b2%d0%b0%d1%80%d1%82%d0%b8%d1%80%d0%b8\/#breadcrumb\",\"itemListElement\":[{\"@type\":\"ListItem\",\"position\":1,\"name\":\"Home\",\"item\":\"https:\/\/glasir.com.ua\/\"},{\"@type\":\"ListItem\",\"position\":2,\"name\":\"\u041a\u0432\u0430\u0440\u0442\u0438\u0440\u0438\"}]},{\"@type\":\"WebSite\",\"@id\":\"https:\/\/glasir.com.ua\/#website\",\"url\":\"https:\/\/glasir.com.ua\/\",\"name\":\"Glasir\",\"description\":\"\u041d\u0435\u043c\u0430\u0454 \u043f\u043e\u0440\u0456\u0432\u043d\u044f\u043d\u043d\u044f.\",\"publisher\":{\"@id\":\"https:\/\/glasir.com.ua\/#organization\"},\"potentialAction\":[{\"@type\":\"SearchAction\",\"target\":{\"@type\":\"EntryPoint\",\"urlTemplate\":\"https:\/\/glasir.com.ua\/?s={search_term_string}\"},\"query-input\":{\"@type\":\"PropertyValueSpecification\",\"valueRequired\":true,\"valueName\":\"search_term_string\"}}],\"inLanguage\":\"fr-FR\"},{\"@type\":\"Organization\",\"@id\":\"https:\/\/glasir.com.ua\/#organization\",\"name\":\"Glasir\",\"url\":\"https:\/\/glasir.com.ua\/\",\"logo\":{\"@type\":\"ImageObject\",\"inLanguage\":\"fr-FR\",\"@id\":\"https:\/\/glasir.com.ua\/#\/schema\/logo\/image\/\",\"url\":\"https:\/\/glasir.com.ua\/wp-content\/uploads\/2023\/06\/cropped-llc-glasir.png\",\"contentUrl\":\"https:\/\/glasir.com.ua\/wp-content\/uploads\/2023\/06\/cropped-llc-glasir.png\",\"width\":250,\"height\":250,\"caption\":\"Glasir\"},\"image\":{\"@id\":\"https:\/\/glasir.com.ua\/#\/schema\/logo\/image\/\"},\"sameAs\":[\"https:\/\/www.pinterest.com\/llc_glasir\",\"https:\/\/g.co\/kgs\/7CK1iZr\"]}]}<\/script>\n<!-- \/ Yoast SEO plugin. -->","yoast_head_json":{"title":"Appartements - Glasir","robots":{"index":"index","follow":"follow","max-snippet":"max-snippet:-1","max-image-preview":"max-image-preview:large","max-video-preview":"max-video-preview:-1"},"canonical":"https:\/\/glasir.com.ua\/fr\/appartements\/","og_locale":"fr_FR","og_type":"article","og_title":"\u041a\u0432\u0430\u0440\u0442\u0438\u0440\u0438 - Glasir","og_description":"\u0412\u0438 \u0457\u0434\u0435\u0442\u0435 \u0432 \u0420\u0456\u0432\u043d\u0435 \u0443 \u0441\u043f\u0440\u0430\u0432\u0430\u0445 \u0456 \u0448\u0443\u043a\u0430\u0454\u0442\u0435 \u043a\u0432\u0430\u0440\u0442\u0438\u0440\u0443 \u043d\u0430 \u043d\u0456\u0447? \u0423\u0442\u043e\u0447\u043d\u044e\u0439\u0442\u0435 \u043d\u0430\u044f\u0432\u043d\u0456\u0441\u0442\u044c. \u041f\u043e\u0441\u043b\u0443\u0433\u0430 \u0431\u0443\u0434\u0435 \u0434\u043e\u0441\u0442\u0443\u043f\u043d\u0430 \u0437 \u0431\u0435\u0440\u0435\u0437\u043d\u044f 2027 \u0440\u043e\u043a\u0443. \u0417\u0430\u0432\u0456\u0442\u0430\u0439\u0442\u0435 \u0434\u043e \u043d\u0430\u0441 \u043f\u0456\u0437\u043d\u0456\u0448\u0435.","og_url":"https:\/\/glasir.com.ua\/fr\/appartements\/","og_site_name":"Glasir","article_modified_time":"2026-01-14T10:10:37+00:00","og_image":[{"width":1950,"height":1300,"url":"http:\/\/glasir.com.ua\/wp-content\/uploads\/2023\/05\/ralph-ravi-kayden-FqqiAvJejto-unsplash.jpg","type":"image\/jpeg"}],"twitter_card":"summary_large_image","twitter_misc":{"Dur\u00e9e de lecture estim\u00e9e":"1 minute"},"schema":{"@context":"https:\/\/schema.org","@graph":[{"@type":"WebPage","@id":"https:\/\/glasir.com.ua\/%d0%ba%d0%b2%d0%b0%d1%80%d1%82%d0%b8%d1%80%d0%b8\/","url":"https:\/\/glasir.com.ua\/%d0%ba%d0%b2%d0%b0%d1%80%d1%82%d0%b8%d1%80%d0%b8\/","name":"Appartements - Glasir","isPartOf":{"@id":"https:\/\/glasir.com.ua\/#website"},"primaryImageOfPage":{"@id":"https:\/\/glasir.com.ua\/%d0%ba%d0%b2%d0%b0%d1%80%d1%82%d0%b8%d1%80%d0%b8\/#primaryimage"},"image":{"@id":"https:\/\/glasir.com.ua\/%d0%ba%d0%b2%d0%b0%d1%80%d1%82%d0%b8%d1%80%d0%b8\/#primaryimage"},"thumbnailUrl":"https:\/\/glasir.com.ua\/wp-content\/uploads\/2023\/05\/ralph-ravi-kayden-FqqiAvJejto-unsplash.jpg","datePublished":"2023-05-19T10:58:49+00:00","dateModified":"2026-01-14T10:10:37+00:00","breadcrumb":{"@id":"https:\/\/glasir.com.ua\/%d0%ba%d0%b2%d0%b0%d1%80%d1%82%d0%b8%d1%80%d0%b8\/#breadcrumb"},"inLanguage":"fr-FR","potentialAction":[{"@type":"ReadAction","target":["https:\/\/glasir.com.ua\/%d0%ba%d0%b2%d0%b0%d1%80%d1%82%d0%b8%d1%80%d0%b8\/"]}]},{"@type":"ImageObject","inLanguage":"fr-FR","@id":"https:\/\/glasir.com.ua\/%d0%ba%d0%b2%d0%b0%d1%80%d1%82%d0%b8%d1%80%d0%b8\/#primaryimage","url":"https:\/\/glasir.com.ua\/wp-content\/uploads\/2023\/05\/ralph-ravi-kayden-FqqiAvJejto-unsplash.jpg","contentUrl":"https:\/\/glasir.com.ua\/wp-content\/uploads\/2023\/05\/ralph-ravi-kayden-FqqiAvJejto-unsplash.jpg","width":1950,"height":1300},{"@type":"BreadcrumbList","@id":"https:\/\/glasir.com.ua\/%d0%ba%d0%b2%d0%b0%d1%80%d1%82%d0%b8%d1%80%d0%b8\/#breadcrumb","itemListElement":[{"@type":"ListItem","position":1,"name":"Home","item":"https:\/\/glasir.com.ua\/"},{"@type":"ListItem","position":2,"name":"\u041a\u0432\u0430\u0440\u0442\u0438\u0440\u0438"}]},{"@type":"WebSite","@id":"https:\/\/glasir.com.ua\/#website","url":"https:\/\/glasir.com.ua\/","name":"Glasir","description":"Il n&#039;y a pas de comparaison.","publisher":{"@id":"https:\/\/glasir.com.ua\/#organization"},"potentialAction":[{"@type":"SearchAction","target":{"@type":"EntryPoint","urlTemplate":"https:\/\/glasir.com.ua\/?s={search_term_string}"},"query-input":{"@type":"PropertyValueSpecification","valueRequired":true,"valueName":"search_term_string"}}],"inLanguage":"fr-FR"},{"@type":"Organization","@id":"https:\/\/glasir.com.ua\/#organization","name":"Glasir","url":"https:\/\/glasir.com.ua\/","logo":{"@type":"ImageObject","inLanguage":"fr-FR","@id":"https:\/\/glasir.com.ua\/#\/schema\/logo\/image\/","url":"https:\/\/glasir.com.ua\/wp-content\/uploads\/2023\/06\/cropped-llc-glasir.png","contentUrl":"https:\/\/glasir.com.ua\/wp-content\/uploads\/2023\/06\/cropped-llc-glasir.png","width":250,"height":250,"caption":"Glasir"},"image":{"@id":"https:\/\/glasir.com.ua\/#\/schema\/logo\/image\/"},"sameAs":["https:\/\/www.pinterest.com\/llc_glasir","https:\/\/g.co\/kgs\/7CK1iZr"]}]}},"_links":{"self":[{"href":"https:\/\/glasir.com.ua\/fr\/wp-json\/wp\/v2\/pages\/32","targetHints":{"allow":["GET"]}}],"collection":[{"href":"https:\/\/glasir.com.ua\/fr\/wp-json\/wp\/v2\/pages"}],"about":[{"href":"https:\/\/glasir.com.ua\/fr\/wp-json\/wp\/v2\/types\/page"}],"author":[{"embeddable":true,"href":"https:\/\/glasir.com.ua\/fr\/wp-json\/wp\/v2\/users\/1"}],"replies":[{"embeddable":true,"href":"https:\/\/glasir.com.ua\/fr\/wp-json\/wp\/v2\/comments?post=32"}],"version-history":[{"count":1,"href":"https:\/\/glasir.com.ua\/fr\/wp-json\/wp\/v2\/pages\/32\/revisions"}],"predecessor-version":[{"id":2410,"href":"https:\/\/glasir.com.ua\/fr\/wp-json\/wp\/v2\/pages\/32\/revisions\/2410"}],"wp:featuredmedia":[{"embeddable":true,"href":"https:\/\/glasir.com.ua\/fr\/wp-json\/wp\/v2\/media\/84"}],"wp:attachment":[{"href":"https:\/\/glasir.com.ua\/fr\/wp-json\/wp\/v2\/media?parent=32"}],"curies":[{"name":"wp","href":"https:\/\/api.w.org\/{rel}","templated":true}]}}