{"id":251,"date":"2023-09-16T20:33:18","date_gmt":"2023-09-16T17:33:18","guid":{"rendered":"https:\/\/glasir.com.ua\/?post_type=product&#038;p=251"},"modified":"2025-12-02T15:12:45","modified_gmt":"2025-12-02T13:12:45","slug":"%d0%b5%d0%bb%d0%b5%d0%ba%d1%82%d1%80%d0%b8%d1%87%d0%bd%d0%b0-%d0%b7%d1%83%d0%b1%d0%bd%d0%b0-%d1%89%d1%96%d1%82%d0%ba%d0%b0-apiyoo-a7-bambino","status":"publish","type":"product","link":"https:\/\/glasir.com.ua\/es\/product\/%d0%b5%d0%bb%d0%b5%d0%ba%d1%82%d1%80%d0%b8%d1%87%d0%bd%d0%b0-%d0%b7%d1%83%d0%b1%d0%bd%d0%b0-%d1%89%d1%96%d1%82%d0%ba%d0%b0-apiyoo-a7-bambino\/","title":{"rendered":"Cepillo de dientes el\u00e9ctrico inal\u00e1mbrico ApiYoo A7 Bambino"},"content":{"rendered":"<p>Cepillo de dientes el\u00e9ctrico ApiYoo A7 Bambino para empezar a ense\u00f1ar a los ni\u00f1os la higiene bucal de forma divertida. Con pegatinas para personalizar el cepillo de dientes de tu hijo.<\/p>\n<p>El kit incluye:<br \/>\n\u2013 instrucciones de funcionamiento<br \/>\n\u2013 cepillo de dientes el\u00e9ctrico<br \/>\n\u2013 Cargador USB<br \/>\n\u2013 4 cabezales de cepillo intercambiables<br \/>\n\u2013 pegatinas para personalizar tu cepillo de dientes<\/p>\n<div style=\"width: 525px;\" class=\"wp-video\"><video class=\"wp-video-shortcode\" id=\"video-251-1\" width=\"525\" height=\"700\" preload=\"metadata\" controls=\"controls\"><source type=\"video\/mp4\" src=\"http:\/\/glasir.com.ua\/wp-content\/uploads\/2023\/09\/A7-NEW.mp4?_=1\" \/><a href=\"http:\/\/glasir.com.ua\/wp-content\/uploads\/2023\/09\/A7-NEW.mp4\">http:\/\/glasir.com.ua\/wp-content\/uploads\/2023\/09\/A7-NEW.mp4<\/a><\/video><\/div>","protected":false},"excerpt":{"rendered":"<p>Cepillo de dientes el\u00e9ctrico ApiYoo A7 Bambino para empezar a ense\u00f1ar a los ni\u00f1os la higiene bucal de forma divertida. Con pegatinas para personalizar el cepillo de dientes de tu hijo.<\/p>","protected":false},"featured_media":252,"comment_status":"open","ping_status":"closed","template":"","meta":[],"product_brand":[],"product_cat":[19],"product_tag":[33],"class_list":{"0":"post-251","1":"product","2":"type-product","3":"status-publish","4":"has-post-thumbnail","6":"product_cat-19","7":"product_tag-apiyoo","9":"first","10":"instock","11":"featured","12":"taxable","13":"shipping-taxable","14":"purchasable","15":"product-type-simple"},"yoast_head":"<!-- This site is optimized with the Yoast SEO plugin v27.2 - https:\/\/yoast.com\/product\/yoast-seo-wordpress\/ -->\n<title>\u0411\u0435\u0437\u0434\u0440\u043e\u0442\u043e\u0432\u0430 \u0435\u043b\u0435\u043a\u0442\u0440\u0438\u0447\u043d\u0430 \u0437\u0443\u0431\u043d\u0430 \u0449\u0456\u0442\u043a\u0430 ApiYoo A7 Bambino - Glasir<\/title>\n<meta name=\"robots\" content=\"index, follow, max-snippet:-1, max-image-preview:large, max-video-preview:-1\" \/>\n<link rel=\"canonical\" href=\"https:\/\/glasir.com.ua\/es\/product\/\u0435\u043b\u0435\u043a\u0442\u0440\u0438\u0447\u043d\u0430-\u0437\u0443\u0431\u043d\u0430-\u0449\u0456\u0442\u043a\u0430-apiyoo-a7-bambino\/\" \/>\n<meta property=\"og:locale\" content=\"es_ES\" \/>\n<meta property=\"og:type\" content=\"article\" \/>\n<meta property=\"og:title\" content=\"\u0411\u0435\u0437\u0434\u0440\u043e\u0442\u043e\u0432\u0430 \u0435\u043b\u0435\u043a\u0442\u0440\u0438\u0447\u043d\u0430 \u0437\u0443\u0431\u043d\u0430 \u0449\u0456\u0442\u043a\u0430 ApiYoo A7 Bambino - Glasir\" \/>\n<meta property=\"og:description\" content=\"\u0415\u043b\u0435\u043a\u0442\u0440\u0438\u0447\u043d\u0430 \u0437\u0443\u0431\u043d\u0430 \u0449\u0456\u0442\u043a\u0430 ApiYoo A7 Bambino, \u0449\u043e\u0431 \u043f\u043e\u0447\u0430\u0442\u0438 \u043d\u0430\u0432\u0447\u0430\u0442\u0438 \u0434\u0456\u0442\u0435\u0439 \u0433\u0456\u0433\u0456\u0454\u043d\u0456 \u0440\u043e\u0442\u043e\u0432\u043e\u0457 \u043f\u043e\u0440\u043e\u0436\u043d\u0438\u043d\u0438 \u0443 \u0432\u0435\u0441\u0435\u043b\u0456\u0439 \u0444\u043e\u0440\u043c\u0456. \u0417 \u043d\u0430\u043a\u043b\u0435\u0439\u043a\u0430\u043c\u0438 \u0434\u043b\u044f \u043f\u0435\u0440\u0441\u043e\u043d\u0430\u043b\u0456\u0437\u0430\u0446\u0456\u0457 \u0437\u0443\u0431\u043d\u043e\u0457 \u0449\u0456\u0442\u043a\u0438 \u0432\u0430\u0448\u043e\u0457 \u0434\u0438\u0442\u0438\u043d\u0438.\" \/>\n<meta property=\"og:url\" content=\"https:\/\/glasir.com.ua\/es\/product\/\u0435\u043b\u0435\u043a\u0442\u0440\u0438\u0447\u043d\u0430-\u0437\u0443\u0431\u043d\u0430-\u0449\u0456\u0442\u043a\u0430-apiyoo-a7-bambino\/\" \/>\n<meta property=\"og:site_name\" content=\"Glasir\" \/>\n<meta property=\"article:modified_time\" content=\"2025-12-02T13:12:45+00:00\" \/>\n<meta property=\"og:image\" content=\"http:\/\/glasir.com.ua\/wp-content\/uploads\/2023\/09\/signal-2023-08-31-092158.jpeg\" \/>\n\t<meta property=\"og:image:width\" content=\"1200\" \/>\n\t<meta property=\"og:image:height\" content=\"1600\" \/>\n\t<meta property=\"og:image:type\" content=\"image\/jpeg\" \/>\n<meta name=\"twitter:card\" content=\"summary_large_image\" \/>\n<meta name=\"twitter:label1\" content=\"Tiempo de lectura\" \/>\n\t<meta name=\"twitter:data1\" content=\"1 minuto\" \/>\n<script type=\"application\/ld+json\" class=\"yoast-schema-graph\">{\"@context\":\"https:\/\/schema.org\",\"@graph\":[{\"@type\":[\"WebPage\",\"ItemPage\"],\"@id\":\"https:\/\/glasir.com.ua\/product\/%d0%b5%d0%bb%d0%b5%d0%ba%d1%82%d1%80%d0%b8%d1%87%d0%bd%d0%b0-%d0%b7%d1%83%d0%b1%d0%bd%d0%b0-%d1%89%d1%96%d1%82%d0%ba%d0%b0-apiyoo-a7-bambino\/\",\"url\":\"https:\/\/glasir.com.ua\/product\/%d0%b5%d0%bb%d0%b5%d0%ba%d1%82%d1%80%d0%b8%d1%87%d0%bd%d0%b0-%d0%b7%d1%83%d0%b1%d0%bd%d0%b0-%d1%89%d1%96%d1%82%d0%ba%d0%b0-apiyoo-a7-bambino\/\",\"name\":\"\u0411\u0435\u0437\u0434\u0440\u043e\u0442\u043e\u0432\u0430 \u0435\u043b\u0435\u043a\u0442\u0440\u0438\u0447\u043d\u0430 \u0437\u0443\u0431\u043d\u0430 \u0449\u0456\u0442\u043a\u0430 ApiYoo A7 Bambino - Glasir\",\"isPartOf\":{\"@id\":\"https:\/\/glasir.com.ua\/#website\"},\"primaryImageOfPage\":{\"@id\":\"https:\/\/glasir.com.ua\/product\/%d0%b5%d0%bb%d0%b5%d0%ba%d1%82%d1%80%d0%b8%d1%87%d0%bd%d0%b0-%d0%b7%d1%83%d0%b1%d0%bd%d0%b0-%d1%89%d1%96%d1%82%d0%ba%d0%b0-apiyoo-a7-bambino\/#primaryimage\"},\"image\":{\"@id\":\"https:\/\/glasir.com.ua\/product\/%d0%b5%d0%bb%d0%b5%d0%ba%d1%82%d1%80%d0%b8%d1%87%d0%bd%d0%b0-%d0%b7%d1%83%d0%b1%d0%bd%d0%b0-%d1%89%d1%96%d1%82%d0%ba%d0%b0-apiyoo-a7-bambino\/#primaryimage\"},\"thumbnailUrl\":\"https:\/\/glasir.com.ua\/wp-content\/uploads\/2023\/09\/signal-2023-08-31-092158.jpeg\",\"datePublished\":\"2023-09-16T17:33:18+00:00\",\"dateModified\":\"2025-12-02T13:12:45+00:00\",\"breadcrumb\":{\"@id\":\"https:\/\/glasir.com.ua\/product\/%d0%b5%d0%bb%d0%b5%d0%ba%d1%82%d1%80%d0%b8%d1%87%d0%bd%d0%b0-%d0%b7%d1%83%d0%b1%d0%bd%d0%b0-%d1%89%d1%96%d1%82%d0%ba%d0%b0-apiyoo-a7-bambino\/#breadcrumb\"},\"inLanguage\":\"es\",\"potentialAction\":[{\"@type\":\"ReadAction\",\"target\":[\"https:\/\/glasir.com.ua\/product\/%d0%b5%d0%bb%d0%b5%d0%ba%d1%82%d1%80%d0%b8%d1%87%d0%bd%d0%b0-%d0%b7%d1%83%d0%b1%d0%bd%d0%b0-%d1%89%d1%96%d1%82%d0%ba%d0%b0-apiyoo-a7-bambino\/\"]}]},{\"@type\":\"ImageObject\",\"inLanguage\":\"es\",\"@id\":\"https:\/\/glasir.com.ua\/product\/%d0%b5%d0%bb%d0%b5%d0%ba%d1%82%d1%80%d0%b8%d1%87%d0%bd%d0%b0-%d0%b7%d1%83%d0%b1%d0%bd%d0%b0-%d1%89%d1%96%d1%82%d0%ba%d0%b0-apiyoo-a7-bambino\/#primaryimage\",\"url\":\"https:\/\/glasir.com.ua\/wp-content\/uploads\/2023\/09\/signal-2023-08-31-092158.jpeg\",\"contentUrl\":\"https:\/\/glasir.com.ua\/wp-content\/uploads\/2023\/09\/signal-2023-08-31-092158.jpeg\",\"width\":1200,\"height\":1600},{\"@type\":\"BreadcrumbList\",\"@id\":\"https:\/\/glasir.com.ua\/product\/%d0%b5%d0%bb%d0%b5%d0%ba%d1%82%d1%80%d0%b8%d1%87%d0%bd%d0%b0-%d0%b7%d1%83%d0%b1%d0%bd%d0%b0-%d1%89%d1%96%d1%82%d0%ba%d0%b0-apiyoo-a7-bambino\/#breadcrumb\",\"itemListElement\":[{\"@type\":\"ListItem\",\"position\":1,\"name\":\"Home\",\"item\":\"https:\/\/glasir.com.ua\/\"},{\"@type\":\"ListItem\",\"position\":2,\"name\":\"\u0406\u043d\u0442\u0435\u0440\u043d\u0435\u0442-\u043c\u0430\u0433\u0430\u0437\u0438\u043d\",\"item\":\"https:\/\/glasir.com.ua\/shop\/\"},{\"@type\":\"ListItem\",\"position\":3,\"name\":\"\u0411\u0435\u0437\u0434\u0440\u043e\u0442\u043e\u0432\u0430 \u0435\u043b\u0435\u043a\u0442\u0440\u0438\u0447\u043d\u0430 \u0437\u0443\u0431\u043d\u0430 \u0449\u0456\u0442\u043a\u0430 ApiYoo A7 Bambino\"}]},{\"@type\":\"WebSite\",\"@id\":\"https:\/\/glasir.com.ua\/#website\",\"url\":\"https:\/\/glasir.com.ua\/\",\"name\":\"Glasir\",\"description\":\"\u041d\u0435\u043c\u0430\u0454 \u043f\u043e\u0440\u0456\u0432\u043d\u044f\u043d\u043d\u044f.\",\"publisher\":{\"@id\":\"https:\/\/glasir.com.ua\/#organization\"},\"potentialAction\":[{\"@type\":\"SearchAction\",\"target\":{\"@type\":\"EntryPoint\",\"urlTemplate\":\"https:\/\/glasir.com.ua\/?s={search_term_string}\"},\"query-input\":{\"@type\":\"PropertyValueSpecification\",\"valueRequired\":true,\"valueName\":\"search_term_string\"}}],\"inLanguage\":\"es\"},{\"@type\":\"Organization\",\"@id\":\"https:\/\/glasir.com.ua\/#organization\",\"name\":\"Glasir\",\"url\":\"https:\/\/glasir.com.ua\/\",\"logo\":{\"@type\":\"ImageObject\",\"inLanguage\":\"es\",\"@id\":\"https:\/\/glasir.com.ua\/#\/schema\/logo\/image\/\",\"url\":\"https:\/\/glasir.com.ua\/wp-content\/uploads\/2023\/06\/cropped-llc-glasir.png\",\"contentUrl\":\"https:\/\/glasir.com.ua\/wp-content\/uploads\/2023\/06\/cropped-llc-glasir.png\",\"width\":250,\"height\":250,\"caption\":\"Glasir\"},\"image\":{\"@id\":\"https:\/\/glasir.com.ua\/#\/schema\/logo\/image\/\"},\"sameAs\":[\"https:\/\/www.pinterest.com\/llc_glasir\",\"https:\/\/g.co\/kgs\/7CK1iZr\"]}]}<\/script>\n<!-- \/ Yoast SEO plugin. -->","yoast_head_json":{"title":"ApiYoo A7 Bambino Cepillo de dientes el\u00e9ctrico inal\u00e1mbrico - Glasir","robots":{"index":"index","follow":"follow","max-snippet":"max-snippet:-1","max-image-preview":"max-image-preview:large","max-video-preview":"max-video-preview:-1"},"canonical":"https:\/\/glasir.com.ua\/es\/product\/\u0435\u043b\u0435\u043a\u0442\u0440\u0438\u0447\u043d\u0430-\u0437\u0443\u0431\u043d\u0430-\u0449\u0456\u0442\u043a\u0430-apiyoo-a7-bambino\/","og_locale":"es_ES","og_type":"article","og_title":"\u0411\u0435\u0437\u0434\u0440\u043e\u0442\u043e\u0432\u0430 \u0435\u043b\u0435\u043a\u0442\u0440\u0438\u0447\u043d\u0430 \u0437\u0443\u0431\u043d\u0430 \u0449\u0456\u0442\u043a\u0430 ApiYoo A7 Bambino - Glasir","og_description":"\u0415\u043b\u0435\u043a\u0442\u0440\u0438\u0447\u043d\u0430 \u0437\u0443\u0431\u043d\u0430 \u0449\u0456\u0442\u043a\u0430 ApiYoo A7 Bambino, \u0449\u043e\u0431 \u043f\u043e\u0447\u0430\u0442\u0438 \u043d\u0430\u0432\u0447\u0430\u0442\u0438 \u0434\u0456\u0442\u0435\u0439 \u0433\u0456\u0433\u0456\u0454\u043d\u0456 \u0440\u043e\u0442\u043e\u0432\u043e\u0457 \u043f\u043e\u0440\u043e\u0436\u043d\u0438\u043d\u0438 \u0443 \u0432\u0435\u0441\u0435\u043b\u0456\u0439 \u0444\u043e\u0440\u043c\u0456. \u0417 \u043d\u0430\u043a\u043b\u0435\u0439\u043a\u0430\u043c\u0438 \u0434\u043b\u044f \u043f\u0435\u0440\u0441\u043e\u043d\u0430\u043b\u0456\u0437\u0430\u0446\u0456\u0457 \u0437\u0443\u0431\u043d\u043e\u0457 \u0449\u0456\u0442\u043a\u0438 \u0432\u0430\u0448\u043e\u0457 \u0434\u0438\u0442\u0438\u043d\u0438.","og_url":"https:\/\/glasir.com.ua\/es\/product\/\u0435\u043b\u0435\u043a\u0442\u0440\u0438\u0447\u043d\u0430-\u0437\u0443\u0431\u043d\u0430-\u0449\u0456\u0442\u043a\u0430-apiyoo-a7-bambino\/","og_site_name":"Glasir","article_modified_time":"2025-12-02T13:12:45+00:00","og_image":[{"width":1200,"height":1600,"url":"http:\/\/glasir.com.ua\/wp-content\/uploads\/2023\/09\/signal-2023-08-31-092158.jpeg","type":"image\/jpeg"}],"twitter_card":"summary_large_image","twitter_misc":{"Tiempo de lectura":"1 minuto"},"schema":{"@context":"https:\/\/schema.org","@graph":[{"@type":["WebPage","ItemPage"],"@id":"https:\/\/glasir.com.ua\/product\/%d0%b5%d0%bb%d0%b5%d0%ba%d1%82%d1%80%d0%b8%d1%87%d0%bd%d0%b0-%d0%b7%d1%83%d0%b1%d0%bd%d0%b0-%d1%89%d1%96%d1%82%d0%ba%d0%b0-apiyoo-a7-bambino\/","url":"https:\/\/glasir.com.ua\/product\/%d0%b5%d0%bb%d0%b5%d0%ba%d1%82%d1%80%d0%b8%d1%87%d0%bd%d0%b0-%d0%b7%d1%83%d0%b1%d0%bd%d0%b0-%d1%89%d1%96%d1%82%d0%ba%d0%b0-apiyoo-a7-bambino\/","name":"ApiYoo A7 Bambino Cepillo de dientes el\u00e9ctrico inal\u00e1mbrico - Glasir","isPartOf":{"@id":"https:\/\/glasir.com.ua\/#website"},"primaryImageOfPage":{"@id":"https:\/\/glasir.com.ua\/product\/%d0%b5%d0%bb%d0%b5%d0%ba%d1%82%d1%80%d0%b8%d1%87%d0%bd%d0%b0-%d0%b7%d1%83%d0%b1%d0%bd%d0%b0-%d1%89%d1%96%d1%82%d0%ba%d0%b0-apiyoo-a7-bambino\/#primaryimage"},"image":{"@id":"https:\/\/glasir.com.ua\/product\/%d0%b5%d0%bb%d0%b5%d0%ba%d1%82%d1%80%d0%b8%d1%87%d0%bd%d0%b0-%d0%b7%d1%83%d0%b1%d0%bd%d0%b0-%d1%89%d1%96%d1%82%d0%ba%d0%b0-apiyoo-a7-bambino\/#primaryimage"},"thumbnailUrl":"https:\/\/glasir.com.ua\/wp-content\/uploads\/2023\/09\/signal-2023-08-31-092158.jpeg","datePublished":"2023-09-16T17:33:18+00:00","dateModified":"2025-12-02T13:12:45+00:00","breadcrumb":{"@id":"https:\/\/glasir.com.ua\/product\/%d0%b5%d0%bb%d0%b5%d0%ba%d1%82%d1%80%d0%b8%d1%87%d0%bd%d0%b0-%d0%b7%d1%83%d0%b1%d0%bd%d0%b0-%d1%89%d1%96%d1%82%d0%ba%d0%b0-apiyoo-a7-bambino\/#breadcrumb"},"inLanguage":"es","potentialAction":[{"@type":"ReadAction","target":["https:\/\/glasir.com.ua\/product\/%d0%b5%d0%bb%d0%b5%d0%ba%d1%82%d1%80%d0%b8%d1%87%d0%bd%d0%b0-%d0%b7%d1%83%d0%b1%d0%bd%d0%b0-%d1%89%d1%96%d1%82%d0%ba%d0%b0-apiyoo-a7-bambino\/"]}]},{"@type":"ImageObject","inLanguage":"es","@id":"https:\/\/glasir.com.ua\/product\/%d0%b5%d0%bb%d0%b5%d0%ba%d1%82%d1%80%d0%b8%d1%87%d0%bd%d0%b0-%d0%b7%d1%83%d0%b1%d0%bd%d0%b0-%d1%89%d1%96%d1%82%d0%ba%d0%b0-apiyoo-a7-bambino\/#primaryimage","url":"https:\/\/glasir.com.ua\/wp-content\/uploads\/2023\/09\/signal-2023-08-31-092158.jpeg","contentUrl":"https:\/\/glasir.com.ua\/wp-content\/uploads\/2023\/09\/signal-2023-08-31-092158.jpeg","width":1200,"height":1600},{"@type":"BreadcrumbList","@id":"https:\/\/glasir.com.ua\/product\/%d0%b5%d0%bb%d0%b5%d0%ba%d1%82%d1%80%d0%b8%d1%87%d0%bd%d0%b0-%d0%b7%d1%83%d0%b1%d0%bd%d0%b0-%d1%89%d1%96%d1%82%d0%ba%d0%b0-apiyoo-a7-bambino\/#breadcrumb","itemListElement":[{"@type":"ListItem","position":1,"name":"Home","item":"https:\/\/glasir.com.ua\/"},{"@type":"ListItem","position":2,"name":"\u0406\u043d\u0442\u0435\u0440\u043d\u0435\u0442-\u043c\u0430\u0433\u0430\u0437\u0438\u043d","item":"https:\/\/glasir.com.ua\/shop\/"},{"@type":"ListItem","position":3,"name":"\u0411\u0435\u0437\u0434\u0440\u043e\u0442\u043e\u0432\u0430 \u0435\u043b\u0435\u043a\u0442\u0440\u0438\u0447\u043d\u0430 \u0437\u0443\u0431\u043d\u0430 \u0449\u0456\u0442\u043a\u0430 ApiYoo A7 Bambino"}]},{"@type":"WebSite","@id":"https:\/\/glasir.com.ua\/#website","url":"https:\/\/glasir.com.ua\/","name":"Glasir","description":"No hay comparaci\u00f3n","publisher":{"@id":"https:\/\/glasir.com.ua\/#organization"},"potentialAction":[{"@type":"SearchAction","target":{"@type":"EntryPoint","urlTemplate":"https:\/\/glasir.com.ua\/?s={search_term_string}"},"query-input":{"@type":"PropertyValueSpecification","valueRequired":true,"valueName":"search_term_string"}}],"inLanguage":"es"},{"@type":"Organization","@id":"https:\/\/glasir.com.ua\/#organization","name":"Glasir","url":"https:\/\/glasir.com.ua\/","logo":{"@type":"ImageObject","inLanguage":"es","@id":"https:\/\/glasir.com.ua\/#\/schema\/logo\/image\/","url":"https:\/\/glasir.com.ua\/wp-content\/uploads\/2023\/06\/cropped-llc-glasir.png","contentUrl":"https:\/\/glasir.com.ua\/wp-content\/uploads\/2023\/06\/cropped-llc-glasir.png","width":250,"height":250,"caption":"Glasir"},"image":{"@id":"https:\/\/glasir.com.ua\/#\/schema\/logo\/image\/"},"sameAs":["https:\/\/www.pinterest.com\/llc_glasir","https:\/\/g.co\/kgs\/7CK1iZr"]}]}},"_links":{"self":[{"href":"https:\/\/glasir.com.ua\/es\/wp-json\/wp\/v2\/product\/251","targetHints":{"allow":["GET"]}}],"collection":[{"href":"https:\/\/glasir.com.ua\/es\/wp-json\/wp\/v2\/product"}],"about":[{"href":"https:\/\/glasir.com.ua\/es\/wp-json\/wp\/v2\/types\/product"}],"replies":[{"embeddable":true,"href":"https:\/\/glasir.com.ua\/es\/wp-json\/wp\/v2\/comments?post=251"}],"wp:featuredmedia":[{"embeddable":true,"href":"https:\/\/glasir.com.ua\/es\/wp-json\/wp\/v2\/media\/252"}],"wp:attachment":[{"href":"https:\/\/glasir.com.ua\/es\/wp-json\/wp\/v2\/media?parent=251"}],"wp:term":[{"taxonomy":"product_brand","embeddable":true,"href":"https:\/\/glasir.com.ua\/es\/wp-json\/wp\/v2\/product_brand?post=251"},{"taxonomy":"product_cat","embeddable":true,"href":"https:\/\/glasir.com.ua\/es\/wp-json\/wp\/v2\/product_cat?post=251"},{"taxonomy":"product_tag","embeddable":true,"href":"https:\/\/glasir.com.ua\/es\/wp-json\/wp\/v2\/product_tag?post=251"}],"curies":[{"name":"wp","href":"https:\/\/api.w.org\/{rel}","templated":true}]}}