{"id":213,"date":"2023-09-16T17:56:40","date_gmt":"2023-09-16T14:56:40","guid":{"rendered":"https:\/\/glasir.com.ua\/?post_type=product&#038;p=213"},"modified":"2025-12-02T15:15:39","modified_gmt":"2025-12-02T13:15:39","slug":"%d0%b5%d0%bb%d0%b5%d0%ba%d1%82%d1%80%d0%b8%d1%87%d0%bd%d0%b0-%d0%b7%d1%83%d0%b1%d0%bd%d0%b0-%d1%89%d1%96%d1%82%d0%ba%d0%b0-apiyoo-s10-rosa","status":"publish","type":"product","link":"https:\/\/glasir.com.ua\/es\/product\/%d0%b5%d0%bb%d0%b5%d0%ba%d1%82%d1%80%d0%b8%d1%87%d0%bd%d0%b0-%d0%b7%d1%83%d0%b1%d0%bd%d0%b0-%d1%89%d1%96%d1%82%d0%ba%d0%b0-apiyoo-s10-rosa\/","title":{"rendered":"Cepillo de dientes el\u00e9ctrico inal\u00e1mbrico ApiYoo S10 Rosa"},"content":{"rendered":"<p>Cepillo de dientes el\u00e9ctrico ApiYoo S10 Rosa para cualquier presupuesto.<\/p>\n<p>El kit incluye:<br \/>\n\u2013 instrucciones de funcionamiento<br \/>\n\u2013 cepillo de dientes el\u00e9ctrico<br \/>\n\u2013 Cargador USB<br \/>\n\u2013 3 cabezales de cepillo intercambiables<\/p>","protected":false},"excerpt":{"rendered":"<p>Cepillo de dientes el\u00e9ctrico ApiYoo S10 Rosa para cualquier presupuesto.<\/p>","protected":false},"featured_media":214,"comment_status":"open","ping_status":"closed","template":"","meta":[],"product_brand":[],"product_cat":[19],"product_tag":[33],"class_list":{"0":"post-213","1":"product","2":"type-product","3":"status-publish","4":"has-post-thumbnail","6":"product_cat-19","7":"product_tag-apiyoo","9":"first","10":"instock","11":"taxable","12":"shipping-taxable","13":"purchasable","14":"product-type-simple"},"yoast_head":"<!-- This site is optimized with the Yoast SEO plugin v27.2 - https:\/\/yoast.com\/product\/yoast-seo-wordpress\/ -->\n<title>\u0411\u0435\u0437\u0434\u0440\u043e\u0442\u043e\u0432\u0430 \u0435\u043b\u0435\u043a\u0442\u0440\u0438\u0447\u043d\u0430 \u0437\u0443\u0431\u043d\u0430 \u0449\u0456\u0442\u043a\u0430 ApiYoo S10 Rosa - Glasir<\/title>\n<meta name=\"robots\" content=\"index, follow, max-snippet:-1, max-image-preview:large, max-video-preview:-1\" \/>\n<link rel=\"canonical\" href=\"https:\/\/glasir.com.ua\/es\/product\/\u0435\u043b\u0435\u043a\u0442\u0440\u0438\u0447\u043d\u0430-\u0437\u0443\u0431\u043d\u0430-\u0449\u0456\u0442\u043a\u0430-apiyoo-s10-rosa\/\" \/>\n<meta property=\"og:locale\" content=\"es_ES\" \/>\n<meta property=\"og:type\" content=\"article\" \/>\n<meta property=\"og:title\" content=\"\u0411\u0435\u0437\u0434\u0440\u043e\u0442\u043e\u0432\u0430 \u0435\u043b\u0435\u043a\u0442\u0440\u0438\u0447\u043d\u0430 \u0437\u0443\u0431\u043d\u0430 \u0449\u0456\u0442\u043a\u0430 ApiYoo S10 Rosa - Glasir\" \/>\n<meta property=\"og:description\" content=\"\u0415\u043b\u0435\u043a\u0442\u0440\u0438\u0447\u043d\u0430 \u0437\u0443\u0431\u043d\u0430 \u0449\u0456\u0442\u043a\u0430 ApiYoo S10 Rosa \u043d\u0430 \u0431\u0443\u0434\u044c-\u044f\u043a\u0438\u0439 \u0431\u044e\u0434\u0436\u0435\u0442.\" \/>\n<meta property=\"og:url\" content=\"https:\/\/glasir.com.ua\/es\/product\/\u0435\u043b\u0435\u043a\u0442\u0440\u0438\u0447\u043d\u0430-\u0437\u0443\u0431\u043d\u0430-\u0449\u0456\u0442\u043a\u0430-apiyoo-s10-rosa\/\" \/>\n<meta property=\"og:site_name\" content=\"Glasir\" \/>\n<meta property=\"article:modified_time\" content=\"2025-12-02T13:15:39+00:00\" \/>\n<meta property=\"og:image\" content=\"http:\/\/glasir.com.ua\/wp-content\/uploads\/2023\/09\/S10-9.jpg\" \/>\n\t<meta property=\"og:image:width\" content=\"800\" \/>\n\t<meta property=\"og:image:height\" content=\"800\" \/>\n\t<meta property=\"og:image:type\" content=\"image\/jpeg\" \/>\n<meta name=\"twitter:card\" content=\"summary_large_image\" \/>\n<meta name=\"twitter:label1\" content=\"Tiempo de lectura\" \/>\n\t<meta name=\"twitter:data1\" content=\"1 minuto\" \/>\n<script type=\"application\/ld+json\" class=\"yoast-schema-graph\">{\"@context\":\"https:\/\/schema.org\",\"@graph\":[{\"@type\":[\"WebPage\",\"ItemPage\"],\"@id\":\"https:\/\/glasir.com.ua\/product\/%d0%b5%d0%bb%d0%b5%d0%ba%d1%82%d1%80%d0%b8%d1%87%d0%bd%d0%b0-%d0%b7%d1%83%d0%b1%d0%bd%d0%b0-%d1%89%d1%96%d1%82%d0%ba%d0%b0-apiyoo-s10-rosa\/\",\"url\":\"https:\/\/glasir.com.ua\/product\/%d0%b5%d0%bb%d0%b5%d0%ba%d1%82%d1%80%d0%b8%d1%87%d0%bd%d0%b0-%d0%b7%d1%83%d0%b1%d0%bd%d0%b0-%d1%89%d1%96%d1%82%d0%ba%d0%b0-apiyoo-s10-rosa\/\",\"name\":\"\u0411\u0435\u0437\u0434\u0440\u043e\u0442\u043e\u0432\u0430 \u0435\u043b\u0435\u043a\u0442\u0440\u0438\u0447\u043d\u0430 \u0437\u0443\u0431\u043d\u0430 \u0449\u0456\u0442\u043a\u0430 ApiYoo S10 Rosa - Glasir\",\"isPartOf\":{\"@id\":\"https:\/\/glasir.com.ua\/#website\"},\"primaryImageOfPage\":{\"@id\":\"https:\/\/glasir.com.ua\/product\/%d0%b5%d0%bb%d0%b5%d0%ba%d1%82%d1%80%d0%b8%d1%87%d0%bd%d0%b0-%d0%b7%d1%83%d0%b1%d0%bd%d0%b0-%d1%89%d1%96%d1%82%d0%ba%d0%b0-apiyoo-s10-rosa\/#primaryimage\"},\"image\":{\"@id\":\"https:\/\/glasir.com.ua\/product\/%d0%b5%d0%bb%d0%b5%d0%ba%d1%82%d1%80%d0%b8%d1%87%d0%bd%d0%b0-%d0%b7%d1%83%d0%b1%d0%bd%d0%b0-%d1%89%d1%96%d1%82%d0%ba%d0%b0-apiyoo-s10-rosa\/#primaryimage\"},\"thumbnailUrl\":\"https:\/\/glasir.com.ua\/wp-content\/uploads\/2023\/09\/S10-9.jpg\",\"datePublished\":\"2023-09-16T14:56:40+00:00\",\"dateModified\":\"2025-12-02T13:15:39+00:00\",\"breadcrumb\":{\"@id\":\"https:\/\/glasir.com.ua\/product\/%d0%b5%d0%bb%d0%b5%d0%ba%d1%82%d1%80%d0%b8%d1%87%d0%bd%d0%b0-%d0%b7%d1%83%d0%b1%d0%bd%d0%b0-%d1%89%d1%96%d1%82%d0%ba%d0%b0-apiyoo-s10-rosa\/#breadcrumb\"},\"inLanguage\":\"es\",\"potentialAction\":[{\"@type\":\"ReadAction\",\"target\":[\"https:\/\/glasir.com.ua\/product\/%d0%b5%d0%bb%d0%b5%d0%ba%d1%82%d1%80%d0%b8%d1%87%d0%bd%d0%b0-%d0%b7%d1%83%d0%b1%d0%bd%d0%b0-%d1%89%d1%96%d1%82%d0%ba%d0%b0-apiyoo-s10-rosa\/\"]}]},{\"@type\":\"ImageObject\",\"inLanguage\":\"es\",\"@id\":\"https:\/\/glasir.com.ua\/product\/%d0%b5%d0%bb%d0%b5%d0%ba%d1%82%d1%80%d0%b8%d1%87%d0%bd%d0%b0-%d0%b7%d1%83%d0%b1%d0%bd%d0%b0-%d1%89%d1%96%d1%82%d0%ba%d0%b0-apiyoo-s10-rosa\/#primaryimage\",\"url\":\"https:\/\/glasir.com.ua\/wp-content\/uploads\/2023\/09\/S10-9.jpg\",\"contentUrl\":\"https:\/\/glasir.com.ua\/wp-content\/uploads\/2023\/09\/S10-9.jpg\",\"width\":800,\"height\":800},{\"@type\":\"BreadcrumbList\",\"@id\":\"https:\/\/glasir.com.ua\/product\/%d0%b5%d0%bb%d0%b5%d0%ba%d1%82%d1%80%d0%b8%d1%87%d0%bd%d0%b0-%d0%b7%d1%83%d0%b1%d0%bd%d0%b0-%d1%89%d1%96%d1%82%d0%ba%d0%b0-apiyoo-s10-rosa\/#breadcrumb\",\"itemListElement\":[{\"@type\":\"ListItem\",\"position\":1,\"name\":\"Home\",\"item\":\"https:\/\/glasir.com.ua\/\"},{\"@type\":\"ListItem\",\"position\":2,\"name\":\"\u0406\u043d\u0442\u0435\u0440\u043d\u0435\u0442-\u043c\u0430\u0433\u0430\u0437\u0438\u043d\",\"item\":\"https:\/\/glasir.com.ua\/shop\/\"},{\"@type\":\"ListItem\",\"position\":3,\"name\":\"\u0411\u0435\u0437\u0434\u0440\u043e\u0442\u043e\u0432\u0430 \u0435\u043b\u0435\u043a\u0442\u0440\u0438\u0447\u043d\u0430 \u0437\u0443\u0431\u043d\u0430 \u0449\u0456\u0442\u043a\u0430 ApiYoo S10 Rosa\"}]},{\"@type\":\"WebSite\",\"@id\":\"https:\/\/glasir.com.ua\/#website\",\"url\":\"https:\/\/glasir.com.ua\/\",\"name\":\"Glasir\",\"description\":\"\u041d\u0435\u043c\u0430\u0454 \u043f\u043e\u0440\u0456\u0432\u043d\u044f\u043d\u043d\u044f.\",\"publisher\":{\"@id\":\"https:\/\/glasir.com.ua\/#organization\"},\"potentialAction\":[{\"@type\":\"SearchAction\",\"target\":{\"@type\":\"EntryPoint\",\"urlTemplate\":\"https:\/\/glasir.com.ua\/?s={search_term_string}\"},\"query-input\":{\"@type\":\"PropertyValueSpecification\",\"valueRequired\":true,\"valueName\":\"search_term_string\"}}],\"inLanguage\":\"es\"},{\"@type\":\"Organization\",\"@id\":\"https:\/\/glasir.com.ua\/#organization\",\"name\":\"Glasir\",\"url\":\"https:\/\/glasir.com.ua\/\",\"logo\":{\"@type\":\"ImageObject\",\"inLanguage\":\"es\",\"@id\":\"https:\/\/glasir.com.ua\/#\/schema\/logo\/image\/\",\"url\":\"https:\/\/glasir.com.ua\/wp-content\/uploads\/2023\/06\/cropped-llc-glasir.png\",\"contentUrl\":\"https:\/\/glasir.com.ua\/wp-content\/uploads\/2023\/06\/cropped-llc-glasir.png\",\"width\":250,\"height\":250,\"caption\":\"Glasir\"},\"image\":{\"@id\":\"https:\/\/glasir.com.ua\/#\/schema\/logo\/image\/\"},\"sameAs\":[\"https:\/\/www.pinterest.com\/llc_glasir\",\"https:\/\/g.co\/kgs\/7CK1iZr\"]}]}<\/script>\n<!-- \/ Yoast SEO plugin. -->","yoast_head_json":{"title":"Cepillo de dientes el\u00e9ctrico inal\u00e1mbrico ApiYoo S10 Rosa - Glasir","robots":{"index":"index","follow":"follow","max-snippet":"max-snippet:-1","max-image-preview":"max-image-preview:large","max-video-preview":"max-video-preview:-1"},"canonical":"https:\/\/glasir.com.ua\/es\/product\/\u0435\u043b\u0435\u043a\u0442\u0440\u0438\u0447\u043d\u0430-\u0437\u0443\u0431\u043d\u0430-\u0449\u0456\u0442\u043a\u0430-apiyoo-s10-rosa\/","og_locale":"es_ES","og_type":"article","og_title":"\u0411\u0435\u0437\u0434\u0440\u043e\u0442\u043e\u0432\u0430 \u0435\u043b\u0435\u043a\u0442\u0440\u0438\u0447\u043d\u0430 \u0437\u0443\u0431\u043d\u0430 \u0449\u0456\u0442\u043a\u0430 ApiYoo S10 Rosa - Glasir","og_description":"\u0415\u043b\u0435\u043a\u0442\u0440\u0438\u0447\u043d\u0430 \u0437\u0443\u0431\u043d\u0430 \u0449\u0456\u0442\u043a\u0430 ApiYoo S10 Rosa \u043d\u0430 \u0431\u0443\u0434\u044c-\u044f\u043a\u0438\u0439 \u0431\u044e\u0434\u0436\u0435\u0442.","og_url":"https:\/\/glasir.com.ua\/es\/product\/\u0435\u043b\u0435\u043a\u0442\u0440\u0438\u0447\u043d\u0430-\u0437\u0443\u0431\u043d\u0430-\u0449\u0456\u0442\u043a\u0430-apiyoo-s10-rosa\/","og_site_name":"Glasir","article_modified_time":"2025-12-02T13:15:39+00:00","og_image":[{"width":800,"height":800,"url":"http:\/\/glasir.com.ua\/wp-content\/uploads\/2023\/09\/S10-9.jpg","type":"image\/jpeg"}],"twitter_card":"summary_large_image","twitter_misc":{"Tiempo de lectura":"1 minuto"},"schema":{"@context":"https:\/\/schema.org","@graph":[{"@type":["WebPage","ItemPage"],"@id":"https:\/\/glasir.com.ua\/product\/%d0%b5%d0%bb%d0%b5%d0%ba%d1%82%d1%80%d0%b8%d1%87%d0%bd%d0%b0-%d0%b7%d1%83%d0%b1%d0%bd%d0%b0-%d1%89%d1%96%d1%82%d0%ba%d0%b0-apiyoo-s10-rosa\/","url":"https:\/\/glasir.com.ua\/product\/%d0%b5%d0%bb%d0%b5%d0%ba%d1%82%d1%80%d0%b8%d1%87%d0%bd%d0%b0-%d0%b7%d1%83%d0%b1%d0%bd%d0%b0-%d1%89%d1%96%d1%82%d0%ba%d0%b0-apiyoo-s10-rosa\/","name":"Cepillo de dientes el\u00e9ctrico inal\u00e1mbrico ApiYoo S10 Rosa - Glasir","isPartOf":{"@id":"https:\/\/glasir.com.ua\/#website"},"primaryImageOfPage":{"@id":"https:\/\/glasir.com.ua\/product\/%d0%b5%d0%bb%d0%b5%d0%ba%d1%82%d1%80%d0%b8%d1%87%d0%bd%d0%b0-%d0%b7%d1%83%d0%b1%d0%bd%d0%b0-%d1%89%d1%96%d1%82%d0%ba%d0%b0-apiyoo-s10-rosa\/#primaryimage"},"image":{"@id":"https:\/\/glasir.com.ua\/product\/%d0%b5%d0%bb%d0%b5%d0%ba%d1%82%d1%80%d0%b8%d1%87%d0%bd%d0%b0-%d0%b7%d1%83%d0%b1%d0%bd%d0%b0-%d1%89%d1%96%d1%82%d0%ba%d0%b0-apiyoo-s10-rosa\/#primaryimage"},"thumbnailUrl":"https:\/\/glasir.com.ua\/wp-content\/uploads\/2023\/09\/S10-9.jpg","datePublished":"2023-09-16T14:56:40+00:00","dateModified":"2025-12-02T13:15:39+00:00","breadcrumb":{"@id":"https:\/\/glasir.com.ua\/product\/%d0%b5%d0%bb%d0%b5%d0%ba%d1%82%d1%80%d0%b8%d1%87%d0%bd%d0%b0-%d0%b7%d1%83%d0%b1%d0%bd%d0%b0-%d1%89%d1%96%d1%82%d0%ba%d0%b0-apiyoo-s10-rosa\/#breadcrumb"},"inLanguage":"es","potentialAction":[{"@type":"ReadAction","target":["https:\/\/glasir.com.ua\/product\/%d0%b5%d0%bb%d0%b5%d0%ba%d1%82%d1%80%d0%b8%d1%87%d0%bd%d0%b0-%d0%b7%d1%83%d0%b1%d0%bd%d0%b0-%d1%89%d1%96%d1%82%d0%ba%d0%b0-apiyoo-s10-rosa\/"]}]},{"@type":"ImageObject","inLanguage":"es","@id":"https:\/\/glasir.com.ua\/product\/%d0%b5%d0%bb%d0%b5%d0%ba%d1%82%d1%80%d0%b8%d1%87%d0%bd%d0%b0-%d0%b7%d1%83%d0%b1%d0%bd%d0%b0-%d1%89%d1%96%d1%82%d0%ba%d0%b0-apiyoo-s10-rosa\/#primaryimage","url":"https:\/\/glasir.com.ua\/wp-content\/uploads\/2023\/09\/S10-9.jpg","contentUrl":"https:\/\/glasir.com.ua\/wp-content\/uploads\/2023\/09\/S10-9.jpg","width":800,"height":800},{"@type":"BreadcrumbList","@id":"https:\/\/glasir.com.ua\/product\/%d0%b5%d0%bb%d0%b5%d0%ba%d1%82%d1%80%d0%b8%d1%87%d0%bd%d0%b0-%d0%b7%d1%83%d0%b1%d0%bd%d0%b0-%d1%89%d1%96%d1%82%d0%ba%d0%b0-apiyoo-s10-rosa\/#breadcrumb","itemListElement":[{"@type":"ListItem","position":1,"name":"Home","item":"https:\/\/glasir.com.ua\/"},{"@type":"ListItem","position":2,"name":"\u0406\u043d\u0442\u0435\u0440\u043d\u0435\u0442-\u043c\u0430\u0433\u0430\u0437\u0438\u043d","item":"https:\/\/glasir.com.ua\/shop\/"},{"@type":"ListItem","position":3,"name":"\u0411\u0435\u0437\u0434\u0440\u043e\u0442\u043e\u0432\u0430 \u0435\u043b\u0435\u043a\u0442\u0440\u0438\u0447\u043d\u0430 \u0437\u0443\u0431\u043d\u0430 \u0449\u0456\u0442\u043a\u0430 ApiYoo S10 Rosa"}]},{"@type":"WebSite","@id":"https:\/\/glasir.com.ua\/#website","url":"https:\/\/glasir.com.ua\/","name":"Glasir","description":"No hay comparaci\u00f3n","publisher":{"@id":"https:\/\/glasir.com.ua\/#organization"},"potentialAction":[{"@type":"SearchAction","target":{"@type":"EntryPoint","urlTemplate":"https:\/\/glasir.com.ua\/?s={search_term_string}"},"query-input":{"@type":"PropertyValueSpecification","valueRequired":true,"valueName":"search_term_string"}}],"inLanguage":"es"},{"@type":"Organization","@id":"https:\/\/glasir.com.ua\/#organization","name":"Glasir","url":"https:\/\/glasir.com.ua\/","logo":{"@type":"ImageObject","inLanguage":"es","@id":"https:\/\/glasir.com.ua\/#\/schema\/logo\/image\/","url":"https:\/\/glasir.com.ua\/wp-content\/uploads\/2023\/06\/cropped-llc-glasir.png","contentUrl":"https:\/\/glasir.com.ua\/wp-content\/uploads\/2023\/06\/cropped-llc-glasir.png","width":250,"height":250,"caption":"Glasir"},"image":{"@id":"https:\/\/glasir.com.ua\/#\/schema\/logo\/image\/"},"sameAs":["https:\/\/www.pinterest.com\/llc_glasir","https:\/\/g.co\/kgs\/7CK1iZr"]}]}},"_links":{"self":[{"href":"https:\/\/glasir.com.ua\/es\/wp-json\/wp\/v2\/product\/213","targetHints":{"allow":["GET"]}}],"collection":[{"href":"https:\/\/glasir.com.ua\/es\/wp-json\/wp\/v2\/product"}],"about":[{"href":"https:\/\/glasir.com.ua\/es\/wp-json\/wp\/v2\/types\/product"}],"replies":[{"embeddable":true,"href":"https:\/\/glasir.com.ua\/es\/wp-json\/wp\/v2\/comments?post=213"}],"wp:featuredmedia":[{"embeddable":true,"href":"https:\/\/glasir.com.ua\/es\/wp-json\/wp\/v2\/media\/214"}],"wp:attachment":[{"href":"https:\/\/glasir.com.ua\/es\/wp-json\/wp\/v2\/media?parent=213"}],"wp:term":[{"taxonomy":"product_brand","embeddable":true,"href":"https:\/\/glasir.com.ua\/es\/wp-json\/wp\/v2\/product_brand?post=213"},{"taxonomy":"product_cat","embeddable":true,"href":"https:\/\/glasir.com.ua\/es\/wp-json\/wp\/v2\/product_cat?post=213"},{"taxonomy":"product_tag","embeddable":true,"href":"https:\/\/glasir.com.ua\/es\/wp-json\/wp\/v2\/product_tag?post=213"}],"curies":[{"name":"wp","href":"https:\/\/api.w.org\/{rel}","templated":true}]}}