{"id":1835,"date":"2025-03-09T11:54:53","date_gmt":"2025-03-09T09:54:53","guid":{"rendered":"https:\/\/glasir.com.ua\/?post_type=product&#038;p=1835"},"modified":"2025-03-10T17:04:42","modified_gmt":"2025-03-10T15:04:42","slug":"%d1%82%d0%b5%d1%80%d0%bc%d0%be%d1%81-%d0%b7-%d0%bd%d0%b5%d1%80%d0%b6%d0%b0%d0%b2%d1%96%d1%8e%d1%87%d0%be%d1%97-%d1%81%d1%82%d0%b0%d0%bb%d1%96-600-%d0%bc%d0%bb-apiyoo-super-goom","status":"publish","type":"product","link":"https:\/\/glasir.com.ua\/es\/product\/%d1%82%d0%b5%d1%80%d0%bc%d0%be%d1%81-%d0%b7-%d0%bd%d0%b5%d1%80%d0%b6%d0%b0%d0%b2%d1%96%d1%8e%d1%87%d0%be%d1%97-%d1%81%d1%82%d0%b0%d0%bb%d1%96-600-%d0%bc%d0%bb-apiyoo-super-goom\/","title":{"rendered":"Termo de acero inoxidable 600 ml ApiYoo Super Goom"},"content":{"rendered":"<p>Termo de acero inoxidable 600 ml ApiYoo Super Goom<\/p>\n<p>Te presentamos el compa\u00f1ero perfecto para mantener la temperatura de tus bebidas: un termo de metal de 600 ml. El dise\u00f1o moderno y la retenci\u00f3n confiable del calor y el fr\u00edo hacen de este termo un accesorio indispensable en su vida diaria.<\/p>\n<p>El cuerpo duradero del termo est\u00e1 hecho de acero inoxidable de alta calidad, lo que garantiza la durabilidad y preserva el sabor de sus bebidas. La ausencia de BPA y otras sustancias nocivas lo hace respetuoso con el medio ambiente y seguro para la salud.<\/p>\n<p>Su tama\u00f1o compacto hace que el termo sea adecuado para cualquier situaci\u00f3n: desde viajes y caminatas hasta trabajo y deportes.<br \/>\n\u00a1Un vaso de energ\u00eda, a\u00f1ade motivaci\u00f3n a tu vida!<\/p>\n<p>Tipo: termo<br \/>\nProp\u00f3sito: para bebidas<br \/>\nVolumen: 600 ml<br \/>\nMaterial: revestimiento de acero inoxidable 316, exterior de acero inoxidable 304. Cubierta: PP, PU + cuerda de cera, goma de silicona.<br \/>\nTama\u00f1o del producto: 80 mm x 225 mm<\/p>\n<p>Consulta nuestros consejos para usar y limpiar termos de acero inoxidable: <a href=\"https:\/\/glasir.com.ua\/es\/blog\/2025\/03\/08\/\u043f\u043e\u0440\u0430\u0434\u0438-\u0442\u0430-\u0440\u0435\u043a\u043e\u043c\u0435\u043d\u0434\u0430\u0446\u0456\u0457-glasir-\u0449\u043e\u0434\u043e-\u0432\u0438\u043a\u043e\u0440\u0438\u0441-2\/\">https:\/\/glasir.com.ua\/blog\/2025\/03\/08\/consejos-y-recomendaciones-para-el-uso-de-glasir-2\/<\/a><\/p>","protected":false},"excerpt":{"rendered":"<p>Termo de acero inoxidable 600 ml ApiYoo Super Goom<\/p>","protected":false},"featured_media":1858,"comment_status":"open","ping_status":"closed","template":"","meta":[],"product_brand":[],"product_cat":[141],"product_tag":[33],"class_list":{"0":"post-1835","1":"product","2":"type-product","3":"status-publish","4":"has-post-thumbnail","6":"product_cat-141","7":"product_tag-apiyoo","9":"first","10":"onbackorder","11":"featured","12":"taxable","13":"shipping-taxable","14":"purchasable","15":"product-type-variable"},"yoast_head":"<!-- This site is optimized with the Yoast SEO plugin v27.2 - https:\/\/yoast.com\/product\/yoast-seo-wordpress\/ -->\n<title>\u0422\u0435\u0440\u043c\u043e\u0441 \u0437 \u043d\u0435\u0440\u0436\u0430\u0432\u0456\u044e\u0447\u043e\u0457 \u0441\u0442\u0430\u043b\u0456 600 \u043c\u043b ApiYoo Super Goom - Glasir<\/title>\n<meta name=\"robots\" content=\"index, follow, max-snippet:-1, max-image-preview:large, max-video-preview:-1\" \/>\n<link rel=\"canonical\" href=\"https:\/\/glasir.com.ua\/es\/product\/\u0442\u0435\u0440\u043c\u043e\u0441-\u0437-\u043d\u0435\u0440\u0436\u0430\u0432\u0456\u044e\u0447\u043e\u0457-\u0441\u0442\u0430\u043b\u0456-600-\u043c\u043b-apiyoo-super-goom\/\" \/>\n<meta property=\"og:locale\" content=\"es_ES\" \/>\n<meta property=\"og:type\" content=\"article\" \/>\n<meta property=\"og:title\" content=\"\u0422\u0435\u0440\u043c\u043e\u0441 \u0437 \u043d\u0435\u0440\u0436\u0430\u0432\u0456\u044e\u0447\u043e\u0457 \u0441\u0442\u0430\u043b\u0456 600 \u043c\u043b ApiYoo Super Goom - Glasir\" \/>\n<meta property=\"og:description\" content=\"\u0422\u0435\u0440\u043c\u043e\u0441 \u0437 \u043d\u0435\u0440\u0436\u0430\u0432\u0456\u044e\u0447\u043e\u0457 \u0441\u0442\u0430\u043b\u0456 600 \u043c\u043b ApiYoo Super Goom\" \/>\n<meta property=\"og:url\" content=\"https:\/\/glasir.com.ua\/es\/product\/\u0442\u0435\u0440\u043c\u043e\u0441-\u0437-\u043d\u0435\u0440\u0436\u0430\u0432\u0456\u044e\u0447\u043e\u0457-\u0441\u0442\u0430\u043b\u0456-600-\u043c\u043b-apiyoo-super-goom\/\" \/>\n<meta property=\"og:site_name\" content=\"Glasir\" \/>\n<meta property=\"article:modified_time\" content=\"2025-03-10T15:04:42+00:00\" \/>\n<meta property=\"og:image\" content=\"https:\/\/glasir.com.ua\/wp-content\/uploads\/2025\/03\/apiyoo-super-goom-by-glasir-thermal-cup15.jpg\" \/>\n\t<meta property=\"og:image:width\" content=\"1280\" \/>\n\t<meta property=\"og:image:height\" content=\"1707\" \/>\n\t<meta property=\"og:image:type\" content=\"image\/jpeg\" \/>\n<meta name=\"twitter:card\" content=\"summary_large_image\" \/>\n<script type=\"application\/ld+json\" class=\"yoast-schema-graph\">{\"@context\":\"https:\/\/schema.org\",\"@graph\":[{\"@type\":[\"WebPage\",\"ItemPage\"],\"@id\":\"https:\/\/glasir.com.ua\/product\/%d1%82%d0%b5%d1%80%d0%bc%d0%be%d1%81-%d0%b7-%d0%bd%d0%b5%d1%80%d0%b6%d0%b0%d0%b2%d1%96%d1%8e%d1%87%d0%be%d1%97-%d1%81%d1%82%d0%b0%d0%bb%d1%96-600-%d0%bc%d0%bb-apiyoo-super-goom\/\",\"url\":\"https:\/\/glasir.com.ua\/product\/%d1%82%d0%b5%d1%80%d0%bc%d0%be%d1%81-%d0%b7-%d0%bd%d0%b5%d1%80%d0%b6%d0%b0%d0%b2%d1%96%d1%8e%d1%87%d0%be%d1%97-%d1%81%d1%82%d0%b0%d0%bb%d1%96-600-%d0%bc%d0%bb-apiyoo-super-goom\/\",\"name\":\"\u0422\u0435\u0440\u043c\u043e\u0441 \u0437 \u043d\u0435\u0440\u0436\u0430\u0432\u0456\u044e\u0447\u043e\u0457 \u0441\u0442\u0430\u043b\u0456 600 \u043c\u043b ApiYoo Super Goom - Glasir\",\"isPartOf\":{\"@id\":\"https:\/\/glasir.com.ua\/#website\"},\"primaryImageOfPage\":{\"@id\":\"https:\/\/glasir.com.ua\/product\/%d1%82%d0%b5%d1%80%d0%bc%d0%be%d1%81-%d0%b7-%d0%bd%d0%b5%d1%80%d0%b6%d0%b0%d0%b2%d1%96%d1%8e%d1%87%d0%be%d1%97-%d1%81%d1%82%d0%b0%d0%bb%d1%96-600-%d0%bc%d0%bb-apiyoo-super-goom\/#primaryimage\"},\"image\":{\"@id\":\"https:\/\/glasir.com.ua\/product\/%d1%82%d0%b5%d1%80%d0%bc%d0%be%d1%81-%d0%b7-%d0%bd%d0%b5%d1%80%d0%b6%d0%b0%d0%b2%d1%96%d1%8e%d1%87%d0%be%d1%97-%d1%81%d1%82%d0%b0%d0%bb%d1%96-600-%d0%bc%d0%bb-apiyoo-super-goom\/#primaryimage\"},\"thumbnailUrl\":\"https:\/\/glasir.com.ua\/wp-content\/uploads\/2025\/03\/apiyoo-super-goom-by-glasir-thermal-cup15.jpg\",\"datePublished\":\"2025-03-09T09:54:53+00:00\",\"dateModified\":\"2025-03-10T15:04:42+00:00\",\"breadcrumb\":{\"@id\":\"https:\/\/glasir.com.ua\/product\/%d1%82%d0%b5%d1%80%d0%bc%d0%be%d1%81-%d0%b7-%d0%bd%d0%b5%d1%80%d0%b6%d0%b0%d0%b2%d1%96%d1%8e%d1%87%d0%be%d1%97-%d1%81%d1%82%d0%b0%d0%bb%d1%96-600-%d0%bc%d0%bb-apiyoo-super-goom\/#breadcrumb\"},\"inLanguage\":\"es\",\"potentialAction\":[{\"@type\":\"ReadAction\",\"target\":[\"https:\/\/glasir.com.ua\/product\/%d1%82%d0%b5%d1%80%d0%bc%d0%be%d1%81-%d0%b7-%d0%bd%d0%b5%d1%80%d0%b6%d0%b0%d0%b2%d1%96%d1%8e%d1%87%d0%be%d1%97-%d1%81%d1%82%d0%b0%d0%bb%d1%96-600-%d0%bc%d0%bb-apiyoo-super-goom\/\"]}]},{\"@type\":\"ImageObject\",\"inLanguage\":\"es\",\"@id\":\"https:\/\/glasir.com.ua\/product\/%d1%82%d0%b5%d1%80%d0%bc%d0%be%d1%81-%d0%b7-%d0%bd%d0%b5%d1%80%d0%b6%d0%b0%d0%b2%d1%96%d1%8e%d1%87%d0%be%d1%97-%d1%81%d1%82%d0%b0%d0%bb%d1%96-600-%d0%bc%d0%bb-apiyoo-super-goom\/#primaryimage\",\"url\":\"https:\/\/glasir.com.ua\/wp-content\/uploads\/2025\/03\/apiyoo-super-goom-by-glasir-thermal-cup15.jpg\",\"contentUrl\":\"https:\/\/glasir.com.ua\/wp-content\/uploads\/2025\/03\/apiyoo-super-goom-by-glasir-thermal-cup15.jpg\",\"width\":1280,\"height\":1707,\"caption\":\"\u0422\u0435\u0440\u043c\u043e\u0441 \u0437 \u043d\u0435\u0440\u0436\u0430\u0432\u0456\u044e\u0447\u043e\u0457 \u0441\u0442\u0430\u043b\u0456 600 \u043c\u043b ApiYoo Super Goom\"},{\"@type\":\"BreadcrumbList\",\"@id\":\"https:\/\/glasir.com.ua\/product\/%d1%82%d0%b5%d1%80%d0%bc%d0%be%d1%81-%d0%b7-%d0%bd%d0%b5%d1%80%d0%b6%d0%b0%d0%b2%d1%96%d1%8e%d1%87%d0%be%d1%97-%d1%81%d1%82%d0%b0%d0%bb%d1%96-600-%d0%bc%d0%bb-apiyoo-super-goom\/#breadcrumb\",\"itemListElement\":[{\"@type\":\"ListItem\",\"position\":1,\"name\":\"Home\",\"item\":\"https:\/\/glasir.com.ua\/\"},{\"@type\":\"ListItem\",\"position\":2,\"name\":\"\u0406\u043d\u0442\u0435\u0440\u043d\u0435\u0442-\u043c\u0430\u0433\u0430\u0437\u0438\u043d\",\"item\":\"https:\/\/glasir.com.ua\/shop\/\"},{\"@type\":\"ListItem\",\"position\":3,\"name\":\"\u0422\u0435\u0440\u043c\u043e\u0441 \u0437 \u043d\u0435\u0440\u0436\u0430\u0432\u0456\u044e\u0447\u043e\u0457 \u0441\u0442\u0430\u043b\u0456 600 \u043c\u043b ApiYoo Super Goom\"}]},{\"@type\":\"WebSite\",\"@id\":\"https:\/\/glasir.com.ua\/#website\",\"url\":\"https:\/\/glasir.com.ua\/\",\"name\":\"Glasir\",\"description\":\"\u041d\u0435\u043c\u0430\u0454 \u043f\u043e\u0440\u0456\u0432\u043d\u044f\u043d\u043d\u044f.\",\"publisher\":{\"@id\":\"https:\/\/glasir.com.ua\/#organization\"},\"potentialAction\":[{\"@type\":\"SearchAction\",\"target\":{\"@type\":\"EntryPoint\",\"urlTemplate\":\"https:\/\/glasir.com.ua\/?s={search_term_string}\"},\"query-input\":{\"@type\":\"PropertyValueSpecification\",\"valueRequired\":true,\"valueName\":\"search_term_string\"}}],\"inLanguage\":\"es\"},{\"@type\":\"Organization\",\"@id\":\"https:\/\/glasir.com.ua\/#organization\",\"name\":\"Glasir\",\"url\":\"https:\/\/glasir.com.ua\/\",\"logo\":{\"@type\":\"ImageObject\",\"inLanguage\":\"es\",\"@id\":\"https:\/\/glasir.com.ua\/#\/schema\/logo\/image\/\",\"url\":\"https:\/\/glasir.com.ua\/wp-content\/uploads\/2023\/06\/cropped-llc-glasir.png\",\"contentUrl\":\"https:\/\/glasir.com.ua\/wp-content\/uploads\/2023\/06\/cropped-llc-glasir.png\",\"width\":250,\"height\":250,\"caption\":\"Glasir\"},\"image\":{\"@id\":\"https:\/\/glasir.com.ua\/#\/schema\/logo\/image\/\"},\"sameAs\":[\"https:\/\/www.pinterest.com\/llc_glasir\",\"https:\/\/g.co\/kgs\/7CK1iZr\"]}]}<\/script>\n<!-- \/ Yoast SEO plugin. -->","yoast_head_json":{"title":"Termo de acero inoxidable 600 ml ApiYoo Super Goom - Glasir","robots":{"index":"index","follow":"follow","max-snippet":"max-snippet:-1","max-image-preview":"max-image-preview:large","max-video-preview":"max-video-preview:-1"},"canonical":"https:\/\/glasir.com.ua\/es\/product\/\u0442\u0435\u0440\u043c\u043e\u0441-\u0437-\u043d\u0435\u0440\u0436\u0430\u0432\u0456\u044e\u0447\u043e\u0457-\u0441\u0442\u0430\u043b\u0456-600-\u043c\u043b-apiyoo-super-goom\/","og_locale":"es_ES","og_type":"article","og_title":"\u0422\u0435\u0440\u043c\u043e\u0441 \u0437 \u043d\u0435\u0440\u0436\u0430\u0432\u0456\u044e\u0447\u043e\u0457 \u0441\u0442\u0430\u043b\u0456 600 \u043c\u043b ApiYoo Super Goom - Glasir","og_description":"\u0422\u0435\u0440\u043c\u043e\u0441 \u0437 \u043d\u0435\u0440\u0436\u0430\u0432\u0456\u044e\u0447\u043e\u0457 \u0441\u0442\u0430\u043b\u0456 600 \u043c\u043b ApiYoo Super Goom","og_url":"https:\/\/glasir.com.ua\/es\/product\/\u0442\u0435\u0440\u043c\u043e\u0441-\u0437-\u043d\u0435\u0440\u0436\u0430\u0432\u0456\u044e\u0447\u043e\u0457-\u0441\u0442\u0430\u043b\u0456-600-\u043c\u043b-apiyoo-super-goom\/","og_site_name":"Glasir","article_modified_time":"2025-03-10T15:04:42+00:00","og_image":[{"width":1280,"height":1707,"url":"https:\/\/glasir.com.ua\/wp-content\/uploads\/2025\/03\/apiyoo-super-goom-by-glasir-thermal-cup15.jpg","type":"image\/jpeg"}],"twitter_card":"summary_large_image","schema":{"@context":"https:\/\/schema.org","@graph":[{"@type":["WebPage","ItemPage"],"@id":"https:\/\/glasir.com.ua\/product\/%d1%82%d0%b5%d1%80%d0%bc%d0%be%d1%81-%d0%b7-%d0%bd%d0%b5%d1%80%d0%b6%d0%b0%d0%b2%d1%96%d1%8e%d1%87%d0%be%d1%97-%d1%81%d1%82%d0%b0%d0%bb%d1%96-600-%d0%bc%d0%bb-apiyoo-super-goom\/","url":"https:\/\/glasir.com.ua\/product\/%d1%82%d0%b5%d1%80%d0%bc%d0%be%d1%81-%d0%b7-%d0%bd%d0%b5%d1%80%d0%b6%d0%b0%d0%b2%d1%96%d1%8e%d1%87%d0%be%d1%97-%d1%81%d1%82%d0%b0%d0%bb%d1%96-600-%d0%bc%d0%bb-apiyoo-super-goom\/","name":"Termo de acero inoxidable 600 ml ApiYoo Super Goom - Glasir","isPartOf":{"@id":"https:\/\/glasir.com.ua\/#website"},"primaryImageOfPage":{"@id":"https:\/\/glasir.com.ua\/product\/%d1%82%d0%b5%d1%80%d0%bc%d0%be%d1%81-%d0%b7-%d0%bd%d0%b5%d1%80%d0%b6%d0%b0%d0%b2%d1%96%d1%8e%d1%87%d0%be%d1%97-%d1%81%d1%82%d0%b0%d0%bb%d1%96-600-%d0%bc%d0%bb-apiyoo-super-goom\/#primaryimage"},"image":{"@id":"https:\/\/glasir.com.ua\/product\/%d1%82%d0%b5%d1%80%d0%bc%d0%be%d1%81-%d0%b7-%d0%bd%d0%b5%d1%80%d0%b6%d0%b0%d0%b2%d1%96%d1%8e%d1%87%d0%be%d1%97-%d1%81%d1%82%d0%b0%d0%bb%d1%96-600-%d0%bc%d0%bb-apiyoo-super-goom\/#primaryimage"},"thumbnailUrl":"https:\/\/glasir.com.ua\/wp-content\/uploads\/2025\/03\/apiyoo-super-goom-by-glasir-thermal-cup15.jpg","datePublished":"2025-03-09T09:54:53+00:00","dateModified":"2025-03-10T15:04:42+00:00","breadcrumb":{"@id":"https:\/\/glasir.com.ua\/product\/%d1%82%d0%b5%d1%80%d0%bc%d0%be%d1%81-%d0%b7-%d0%bd%d0%b5%d1%80%d0%b6%d0%b0%d0%b2%d1%96%d1%8e%d1%87%d0%be%d1%97-%d1%81%d1%82%d0%b0%d0%bb%d1%96-600-%d0%bc%d0%bb-apiyoo-super-goom\/#breadcrumb"},"inLanguage":"es","potentialAction":[{"@type":"ReadAction","target":["https:\/\/glasir.com.ua\/product\/%d1%82%d0%b5%d1%80%d0%bc%d0%be%d1%81-%d0%b7-%d0%bd%d0%b5%d1%80%d0%b6%d0%b0%d0%b2%d1%96%d1%8e%d1%87%d0%be%d1%97-%d1%81%d1%82%d0%b0%d0%bb%d1%96-600-%d0%bc%d0%bb-apiyoo-super-goom\/"]}]},{"@type":"ImageObject","inLanguage":"es","@id":"https:\/\/glasir.com.ua\/product\/%d1%82%d0%b5%d1%80%d0%bc%d0%be%d1%81-%d0%b7-%d0%bd%d0%b5%d1%80%d0%b6%d0%b0%d0%b2%d1%96%d1%8e%d1%87%d0%be%d1%97-%d1%81%d1%82%d0%b0%d0%bb%d1%96-600-%d0%bc%d0%bb-apiyoo-super-goom\/#primaryimage","url":"https:\/\/glasir.com.ua\/wp-content\/uploads\/2025\/03\/apiyoo-super-goom-by-glasir-thermal-cup15.jpg","contentUrl":"https:\/\/glasir.com.ua\/wp-content\/uploads\/2025\/03\/apiyoo-super-goom-by-glasir-thermal-cup15.jpg","width":1280,"height":1707,"caption":"\u0422\u0435\u0440\u043c\u043e\u0441 \u0437 \u043d\u0435\u0440\u0436\u0430\u0432\u0456\u044e\u0447\u043e\u0457 \u0441\u0442\u0430\u043b\u0456 600 \u043c\u043b ApiYoo Super Goom"},{"@type":"BreadcrumbList","@id":"https:\/\/glasir.com.ua\/product\/%d1%82%d0%b5%d1%80%d0%bc%d0%be%d1%81-%d0%b7-%d0%bd%d0%b5%d1%80%d0%b6%d0%b0%d0%b2%d1%96%d1%8e%d1%87%d0%be%d1%97-%d1%81%d1%82%d0%b0%d0%bb%d1%96-600-%d0%bc%d0%bb-apiyoo-super-goom\/#breadcrumb","itemListElement":[{"@type":"ListItem","position":1,"name":"Home","item":"https:\/\/glasir.com.ua\/"},{"@type":"ListItem","position":2,"name":"\u0406\u043d\u0442\u0435\u0440\u043d\u0435\u0442-\u043c\u0430\u0433\u0430\u0437\u0438\u043d","item":"https:\/\/glasir.com.ua\/shop\/"},{"@type":"ListItem","position":3,"name":"\u0422\u0435\u0440\u043c\u043e\u0441 \u0437 \u043d\u0435\u0440\u0436\u0430\u0432\u0456\u044e\u0447\u043e\u0457 \u0441\u0442\u0430\u043b\u0456 600 \u043c\u043b ApiYoo Super Goom"}]},{"@type":"WebSite","@id":"https:\/\/glasir.com.ua\/#website","url":"https:\/\/glasir.com.ua\/","name":"Glasir","description":"No hay comparaci\u00f3n","publisher":{"@id":"https:\/\/glasir.com.ua\/#organization"},"potentialAction":[{"@type":"SearchAction","target":{"@type":"EntryPoint","urlTemplate":"https:\/\/glasir.com.ua\/?s={search_term_string}"},"query-input":{"@type":"PropertyValueSpecification","valueRequired":true,"valueName":"search_term_string"}}],"inLanguage":"es"},{"@type":"Organization","@id":"https:\/\/glasir.com.ua\/#organization","name":"Glasir","url":"https:\/\/glasir.com.ua\/","logo":{"@type":"ImageObject","inLanguage":"es","@id":"https:\/\/glasir.com.ua\/#\/schema\/logo\/image\/","url":"https:\/\/glasir.com.ua\/wp-content\/uploads\/2023\/06\/cropped-llc-glasir.png","contentUrl":"https:\/\/glasir.com.ua\/wp-content\/uploads\/2023\/06\/cropped-llc-glasir.png","width":250,"height":250,"caption":"Glasir"},"image":{"@id":"https:\/\/glasir.com.ua\/#\/schema\/logo\/image\/"},"sameAs":["https:\/\/www.pinterest.com\/llc_glasir","https:\/\/g.co\/kgs\/7CK1iZr"]}]}},"_links":{"self":[{"href":"https:\/\/glasir.com.ua\/es\/wp-json\/wp\/v2\/product\/1835","targetHints":{"allow":["GET"]}}],"collection":[{"href":"https:\/\/glasir.com.ua\/es\/wp-json\/wp\/v2\/product"}],"about":[{"href":"https:\/\/glasir.com.ua\/es\/wp-json\/wp\/v2\/types\/product"}],"replies":[{"embeddable":true,"href":"https:\/\/glasir.com.ua\/es\/wp-json\/wp\/v2\/comments?post=1835"}],"wp:featuredmedia":[{"embeddable":true,"href":"https:\/\/glasir.com.ua\/es\/wp-json\/wp\/v2\/media\/1858"}],"wp:attachment":[{"href":"https:\/\/glasir.com.ua\/es\/wp-json\/wp\/v2\/media?parent=1835"}],"wp:term":[{"taxonomy":"product_brand","embeddable":true,"href":"https:\/\/glasir.com.ua\/es\/wp-json\/wp\/v2\/product_brand?post=1835"},{"taxonomy":"product_cat","embeddable":true,"href":"https:\/\/glasir.com.ua\/es\/wp-json\/wp\/v2\/product_cat?post=1835"},{"taxonomy":"product_tag","embeddable":true,"href":"https:\/\/glasir.com.ua\/es\/wp-json\/wp\/v2\/product_tag?post=1835"}],"curies":[{"name":"wp","href":"https:\/\/api.w.org\/{rel}","templated":true}]}}