{"id":1346,"date":"2025-01-25T13:40:01","date_gmt":"2025-01-25T11:40:01","guid":{"rendered":"https:\/\/glasir.com.ua\/?post_type=product&#038;p=1346"},"modified":"2025-11-27T10:41:24","modified_gmt":"2025-11-27T08:41:24","slug":"%d0%b5%d0%bb%d0%b5%d0%ba%d1%82%d1%80%d0%be%d0%ba%d0%bb%d0%b0%d0%bf%d0%b0%d0%bd-waircom-skca815-kuc-zq-02400-24-v-dc-5-2-g1-8","status":"publish","type":"product","link":"https:\/\/glasir.com.ua\/es\/product\/%d0%b5%d0%bb%d0%b5%d0%ba%d1%82%d1%80%d0%be%d0%ba%d0%bb%d0%b0%d0%bf%d0%b0%d0%bd-waircom-skca815-kuc-zq-02400-24-v-dc-5-2-g1-8\/","title":{"rendered":"V\u00e1lvula solenoide Waircom SKCA815 KUC\/ZQ 02400 24 V CC 5\/2 G1\/8\u2033"},"content":{"rendered":"<p>V\u00e1lvula solenoide Waircom SKCA815 KUC\/ZQ 02400 24 V CC 5\/2 G1\/8\u2033<\/p>\n<p><a href=\"http:\/\/glasir.com.ua\/wp-content\/uploads\/2025\/01\/waircom-sk-catalogue.pdf\">V\u00e1lvulas solenoides Waircom SK \u2013 Descargar cat\u00e1logo<\/a><\/p>\n<p>Las v\u00e1lvulas de la serie &quot;SK&quot; est\u00e1n disponibles en los siguientes tama\u00f1os: G1\/8 y funciones neum\u00e1ticas: 3\/2, 5\/2, 5\/3 y &quot;3\/2+3\/2&quot;. La versi\u00f3n el\u00e9ctrica puede montar dos tipos de electrov\u00e1lvulas de control: de 15 mm (tipo \u201cSK815\u201d) o de 22 mm incorporadas (tipo \u201cSK822\u201d).<br \/>\nLas v\u00e1lvulas de la serie \u201cSK\u201d pueden utilizarse individualmente o en montaje en colector, independientemente de las funciones neum\u00e1ticas: 5\/3, 5\/2 y 3\/2, esta \u00faltima utilizando un adaptador del tipo \u201cKIT\/A\/SK8\u201d. La versi\u00f3n &quot;3\/2+3\/2&quot; contiene 2 v\u00e1lvulas 3\/2 en una sola carcasa, por lo que tiene unas dimensiones generales muy compactas en comparaci\u00f3n con las 2 v\u00e1lvulas que sustituye en cuanto a funci\u00f3n neum\u00e1tica, y tambi\u00e9n en comparaci\u00f3n con las versiones de presi\u00f3n o de centro abierto. Bajo pedido se pueden suministrar seg\u00fan directiva ATEX, categor\u00eda 3GD para la versi\u00f3n el\u00e9ctrica con electrov\u00e1lvula de control de 15 mm y categor\u00eda 2GD para el resto de versiones.<\/p>\n<p>Si est\u00e1 buscando un c\u00f3digo de producto espec\u00edfico de Waircom, pero no lo encontr\u00f3 entre nuestras ofertas, por favor <a href=\"https:\/\/glasir.com.ua\/es\/contactos\/\">Env\u00edanos una solicitud<\/a>.<br \/>\nEl equipo de Glasir estar\u00e1 encantado de atenderle y preparar una oferta comercial.<br \/>\nSiempre estamos dispuestos a brindarle la informaci\u00f3n necesaria y encontrar la soluci\u00f3n \u00f3ptima para su negocio.<br \/>\nEnv\u00edanos tus peticiones y estaremos encantados de ayudarte!<\/p>","protected":false},"excerpt":{"rendered":"<p>V\u00e1lvula solenoide Waircom SKCA815 KUC\/ZQ 02400 24 V CC 5\/2 G1\/8\u2033<\/p>","protected":false},"featured_media":1343,"comment_status":"open","ping_status":"closed","template":"","meta":[],"product_brand":[],"product_cat":[122],"product_tag":[178],"class_list":{"0":"post-1346","1":"product","2":"type-product","3":"status-publish","4":"has-post-thumbnail","6":"product_cat-122","7":"product_tag-waircom","9":"first","10":"instock","11":"taxable","12":"shipping-taxable","13":"purchasable","14":"product-type-simple"},"yoast_head":"<!-- This site is optimized with the Yoast SEO plugin v27.2 - https:\/\/yoast.com\/product\/yoast-seo-wordpress\/ -->\n<title>\u0415\u043b\u0435\u043a\u0442\u0440\u043e\u043a\u043b\u0430\u043f\u0430\u043d Waircom SKCA815 KUC\/ZQ 02400 24 V DC 5\/2 G1\/8&quot; - Glasir<\/title>\n<meta name=\"robots\" content=\"index, follow, max-snippet:-1, max-image-preview:large, max-video-preview:-1\" \/>\n<link rel=\"canonical\" href=\"https:\/\/glasir.com.ua\/es\/product\/\u0435\u043b\u0435\u043a\u0442\u0440\u043e\u043a\u043b\u0430\u043f\u0430\u043d-waircom-skca815-kuc-zq-02400-24-v-dc-5-2-g1-8\/\" \/>\n<meta property=\"og:locale\" content=\"es_ES\" \/>\n<meta property=\"og:type\" content=\"article\" \/>\n<meta property=\"og:title\" content=\"\u0415\u043b\u0435\u043a\u0442\u0440\u043e\u043a\u043b\u0430\u043f\u0430\u043d Waircom SKCA815 KUC\/ZQ 02400 24 V DC 5\/2 G1\/8&quot; - Glasir\" \/>\n<meta property=\"og:description\" content=\"\u0415\u043b\u0435\u043a\u0442\u0440\u043e\u043a\u043b\u0430\u043f\u0430\u043d Waircom SKCA815 KUC\/ZQ 02400 24 V DC 5\/2 G1\/8&quot;\" \/>\n<meta property=\"og:url\" content=\"https:\/\/glasir.com.ua\/es\/product\/\u0435\u043b\u0435\u043a\u0442\u0440\u043e\u043a\u043b\u0430\u043f\u0430\u043d-waircom-skca815-kuc-zq-02400-24-v-dc-5-2-g1-8\/\" \/>\n<meta property=\"og:site_name\" content=\"Glasir\" \/>\n<meta property=\"article:modified_time\" content=\"2025-11-27T08:41:24+00:00\" \/>\n<meta property=\"og:image\" content=\"http:\/\/glasir.com.ua\/wp-content\/uploads\/2025\/01\/waircom-sk.png\" \/>\n\t<meta property=\"og:image:width\" content=\"612\" \/>\n\t<meta property=\"og:image:height\" content=\"367\" \/>\n\t<meta property=\"og:image:type\" content=\"image\/png\" \/>\n<meta name=\"twitter:card\" content=\"summary_large_image\" \/>\n<meta name=\"twitter:label1\" content=\"Tiempo de lectura\" \/>\n\t<meta name=\"twitter:data1\" content=\"2 minutos\" \/>\n<script type=\"application\/ld+json\" class=\"yoast-schema-graph\">{\"@context\":\"https:\/\/schema.org\",\"@graph\":[{\"@type\":[\"WebPage\",\"ItemPage\"],\"@id\":\"https:\/\/glasir.com.ua\/product\/%d0%b5%d0%bb%d0%b5%d0%ba%d1%82%d1%80%d0%be%d0%ba%d0%bb%d0%b0%d0%bf%d0%b0%d0%bd-waircom-skca815-kuc-zq-02400-24-v-dc-5-2-g1-8\/\",\"url\":\"https:\/\/glasir.com.ua\/product\/%d0%b5%d0%bb%d0%b5%d0%ba%d1%82%d1%80%d0%be%d0%ba%d0%bb%d0%b0%d0%bf%d0%b0%d0%bd-waircom-skca815-kuc-zq-02400-24-v-dc-5-2-g1-8\/\",\"name\":\"\u0415\u043b\u0435\u043a\u0442\u0440\u043e\u043a\u043b\u0430\u043f\u0430\u043d Waircom SKCA815 KUC\/ZQ 02400 24 V DC 5\/2 G1\/8\\\" - Glasir\",\"isPartOf\":{\"@id\":\"https:\/\/glasir.com.ua\/#website\"},\"primaryImageOfPage\":{\"@id\":\"https:\/\/glasir.com.ua\/product\/%d0%b5%d0%bb%d0%b5%d0%ba%d1%82%d1%80%d0%be%d0%ba%d0%bb%d0%b0%d0%bf%d0%b0%d0%bd-waircom-skca815-kuc-zq-02400-24-v-dc-5-2-g1-8\/#primaryimage\"},\"image\":{\"@id\":\"https:\/\/glasir.com.ua\/product\/%d0%b5%d0%bb%d0%b5%d0%ba%d1%82%d1%80%d0%be%d0%ba%d0%bb%d0%b0%d0%bf%d0%b0%d0%bd-waircom-skca815-kuc-zq-02400-24-v-dc-5-2-g1-8\/#primaryimage\"},\"thumbnailUrl\":\"https:\/\/glasir.com.ua\/wp-content\/uploads\/2025\/01\/waircom-sk.png\",\"datePublished\":\"2025-01-25T11:40:01+00:00\",\"dateModified\":\"2025-11-27T08:41:24+00:00\",\"breadcrumb\":{\"@id\":\"https:\/\/glasir.com.ua\/product\/%d0%b5%d0%bb%d0%b5%d0%ba%d1%82%d1%80%d0%be%d0%ba%d0%bb%d0%b0%d0%bf%d0%b0%d0%bd-waircom-skca815-kuc-zq-02400-24-v-dc-5-2-g1-8\/#breadcrumb\"},\"inLanguage\":\"es\",\"potentialAction\":[{\"@type\":\"ReadAction\",\"target\":[\"https:\/\/glasir.com.ua\/product\/%d0%b5%d0%bb%d0%b5%d0%ba%d1%82%d1%80%d0%be%d0%ba%d0%bb%d0%b0%d0%bf%d0%b0%d0%bd-waircom-skca815-kuc-zq-02400-24-v-dc-5-2-g1-8\/\"]}]},{\"@type\":\"ImageObject\",\"inLanguage\":\"es\",\"@id\":\"https:\/\/glasir.com.ua\/product\/%d0%b5%d0%bb%d0%b5%d0%ba%d1%82%d1%80%d0%be%d0%ba%d0%bb%d0%b0%d0%bf%d0%b0%d0%bd-waircom-skca815-kuc-zq-02400-24-v-dc-5-2-g1-8\/#primaryimage\",\"url\":\"https:\/\/glasir.com.ua\/wp-content\/uploads\/2025\/01\/waircom-sk.png\",\"contentUrl\":\"https:\/\/glasir.com.ua\/wp-content\/uploads\/2025\/01\/waircom-sk.png\",\"width\":612,\"height\":367,\"caption\":\"Waircom SK\"},{\"@type\":\"BreadcrumbList\",\"@id\":\"https:\/\/glasir.com.ua\/product\/%d0%b5%d0%bb%d0%b5%d0%ba%d1%82%d1%80%d0%be%d0%ba%d0%bb%d0%b0%d0%bf%d0%b0%d0%bd-waircom-skca815-kuc-zq-02400-24-v-dc-5-2-g1-8\/#breadcrumb\",\"itemListElement\":[{\"@type\":\"ListItem\",\"position\":1,\"name\":\"Home\",\"item\":\"https:\/\/glasir.com.ua\/\"},{\"@type\":\"ListItem\",\"position\":2,\"name\":\"\u0406\u043d\u0442\u0435\u0440\u043d\u0435\u0442-\u043c\u0430\u0433\u0430\u0437\u0438\u043d\",\"item\":\"https:\/\/glasir.com.ua\/shop\/\"},{\"@type\":\"ListItem\",\"position\":3,\"name\":\"\u0415\u043b\u0435\u043a\u0442\u0440\u043e\u043a\u043b\u0430\u043f\u0430\u043d Waircom SKCA815 KUC\/ZQ 02400 24 V DC 5\/2 G1\/8&#8243;\"}]},{\"@type\":\"WebSite\",\"@id\":\"https:\/\/glasir.com.ua\/#website\",\"url\":\"https:\/\/glasir.com.ua\/\",\"name\":\"Glasir\",\"description\":\"\u041d\u0435\u043c\u0430\u0454 \u043f\u043e\u0440\u0456\u0432\u043d\u044f\u043d\u043d\u044f.\",\"publisher\":{\"@id\":\"https:\/\/glasir.com.ua\/#organization\"},\"potentialAction\":[{\"@type\":\"SearchAction\",\"target\":{\"@type\":\"EntryPoint\",\"urlTemplate\":\"https:\/\/glasir.com.ua\/?s={search_term_string}\"},\"query-input\":{\"@type\":\"PropertyValueSpecification\",\"valueRequired\":true,\"valueName\":\"search_term_string\"}}],\"inLanguage\":\"es\"},{\"@type\":\"Organization\",\"@id\":\"https:\/\/glasir.com.ua\/#organization\",\"name\":\"Glasir\",\"url\":\"https:\/\/glasir.com.ua\/\",\"logo\":{\"@type\":\"ImageObject\",\"inLanguage\":\"es\",\"@id\":\"https:\/\/glasir.com.ua\/#\/schema\/logo\/image\/\",\"url\":\"https:\/\/glasir.com.ua\/wp-content\/uploads\/2023\/06\/cropped-llc-glasir.png\",\"contentUrl\":\"https:\/\/glasir.com.ua\/wp-content\/uploads\/2023\/06\/cropped-llc-glasir.png\",\"width\":250,\"height\":250,\"caption\":\"Glasir\"},\"image\":{\"@id\":\"https:\/\/glasir.com.ua\/#\/schema\/logo\/image\/\"},\"sameAs\":[\"https:\/\/www.pinterest.com\/llc_glasir\",\"https:\/\/g.co\/kgs\/7CK1iZr\"]}]}<\/script>\n<!-- \/ Yoast SEO plugin. -->","yoast_head_json":{"title":"Electrov\u00e1lvula Waircom SKCA815 KUC\/ZQ 02400 24 V DC 5\/2 G1\/8&quot; - Glasir","robots":{"index":"index","follow":"follow","max-snippet":"max-snippet:-1","max-image-preview":"max-image-preview:large","max-video-preview":"max-video-preview:-1"},"canonical":"https:\/\/glasir.com.ua\/es\/product\/\u0435\u043b\u0435\u043a\u0442\u0440\u043e\u043a\u043b\u0430\u043f\u0430\u043d-waircom-skca815-kuc-zq-02400-24-v-dc-5-2-g1-8\/","og_locale":"es_ES","og_type":"article","og_title":"\u0415\u043b\u0435\u043a\u0442\u0440\u043e\u043a\u043b\u0430\u043f\u0430\u043d Waircom SKCA815 KUC\/ZQ 02400 24 V DC 5\/2 G1\/8\" - Glasir","og_description":"\u0415\u043b\u0435\u043a\u0442\u0440\u043e\u043a\u043b\u0430\u043f\u0430\u043d Waircom SKCA815 KUC\/ZQ 02400 24 V DC 5\/2 G1\/8\"","og_url":"https:\/\/glasir.com.ua\/es\/product\/\u0435\u043b\u0435\u043a\u0442\u0440\u043e\u043a\u043b\u0430\u043f\u0430\u043d-waircom-skca815-kuc-zq-02400-24-v-dc-5-2-g1-8\/","og_site_name":"Glasir","article_modified_time":"2025-11-27T08:41:24+00:00","og_image":[{"width":612,"height":367,"url":"http:\/\/glasir.com.ua\/wp-content\/uploads\/2025\/01\/waircom-sk.png","type":"image\/png"}],"twitter_card":"summary_large_image","twitter_misc":{"Tiempo de lectura":"2 minutos"},"schema":{"@context":"https:\/\/schema.org","@graph":[{"@type":["WebPage","ItemPage"],"@id":"https:\/\/glasir.com.ua\/product\/%d0%b5%d0%bb%d0%b5%d0%ba%d1%82%d1%80%d0%be%d0%ba%d0%bb%d0%b0%d0%bf%d0%b0%d0%bd-waircom-skca815-kuc-zq-02400-24-v-dc-5-2-g1-8\/","url":"https:\/\/glasir.com.ua\/product\/%d0%b5%d0%bb%d0%b5%d0%ba%d1%82%d1%80%d0%be%d0%ba%d0%bb%d0%b0%d0%bf%d0%b0%d0%bd-waircom-skca815-kuc-zq-02400-24-v-dc-5-2-g1-8\/","name":"Electrov\u00e1lvula Waircom SKCA815 KUC\/ZQ 02400 24 V DC 5\/2 G1\/8&quot; - Glasir","isPartOf":{"@id":"https:\/\/glasir.com.ua\/#website"},"primaryImageOfPage":{"@id":"https:\/\/glasir.com.ua\/product\/%d0%b5%d0%bb%d0%b5%d0%ba%d1%82%d1%80%d0%be%d0%ba%d0%bb%d0%b0%d0%bf%d0%b0%d0%bd-waircom-skca815-kuc-zq-02400-24-v-dc-5-2-g1-8\/#primaryimage"},"image":{"@id":"https:\/\/glasir.com.ua\/product\/%d0%b5%d0%bb%d0%b5%d0%ba%d1%82%d1%80%d0%be%d0%ba%d0%bb%d0%b0%d0%bf%d0%b0%d0%bd-waircom-skca815-kuc-zq-02400-24-v-dc-5-2-g1-8\/#primaryimage"},"thumbnailUrl":"https:\/\/glasir.com.ua\/wp-content\/uploads\/2025\/01\/waircom-sk.png","datePublished":"2025-01-25T11:40:01+00:00","dateModified":"2025-11-27T08:41:24+00:00","breadcrumb":{"@id":"https:\/\/glasir.com.ua\/product\/%d0%b5%d0%bb%d0%b5%d0%ba%d1%82%d1%80%d0%be%d0%ba%d0%bb%d0%b0%d0%bf%d0%b0%d0%bd-waircom-skca815-kuc-zq-02400-24-v-dc-5-2-g1-8\/#breadcrumb"},"inLanguage":"es","potentialAction":[{"@type":"ReadAction","target":["https:\/\/glasir.com.ua\/product\/%d0%b5%d0%bb%d0%b5%d0%ba%d1%82%d1%80%d0%be%d0%ba%d0%bb%d0%b0%d0%bf%d0%b0%d0%bd-waircom-skca815-kuc-zq-02400-24-v-dc-5-2-g1-8\/"]}]},{"@type":"ImageObject","inLanguage":"es","@id":"https:\/\/glasir.com.ua\/product\/%d0%b5%d0%bb%d0%b5%d0%ba%d1%82%d1%80%d0%be%d0%ba%d0%bb%d0%b0%d0%bf%d0%b0%d0%bd-waircom-skca815-kuc-zq-02400-24-v-dc-5-2-g1-8\/#primaryimage","url":"https:\/\/glasir.com.ua\/wp-content\/uploads\/2025\/01\/waircom-sk.png","contentUrl":"https:\/\/glasir.com.ua\/wp-content\/uploads\/2025\/01\/waircom-sk.png","width":612,"height":367,"caption":"Waircom SK"},{"@type":"BreadcrumbList","@id":"https:\/\/glasir.com.ua\/product\/%d0%b5%d0%bb%d0%b5%d0%ba%d1%82%d1%80%d0%be%d0%ba%d0%bb%d0%b0%d0%bf%d0%b0%d0%bd-waircom-skca815-kuc-zq-02400-24-v-dc-5-2-g1-8\/#breadcrumb","itemListElement":[{"@type":"ListItem","position":1,"name":"Home","item":"https:\/\/glasir.com.ua\/"},{"@type":"ListItem","position":2,"name":"\u0406\u043d\u0442\u0435\u0440\u043d\u0435\u0442-\u043c\u0430\u0433\u0430\u0437\u0438\u043d","item":"https:\/\/glasir.com.ua\/shop\/"},{"@type":"ListItem","position":3,"name":"\u0415\u043b\u0435\u043a\u0442\u0440\u043e\u043a\u043b\u0430\u043f\u0430\u043d Waircom SKCA815 KUC\/ZQ 02400 24 V DC 5\/2 G1\/8&#8243;"}]},{"@type":"WebSite","@id":"https:\/\/glasir.com.ua\/#website","url":"https:\/\/glasir.com.ua\/","name":"Glasir","description":"No hay comparaci\u00f3n","publisher":{"@id":"https:\/\/glasir.com.ua\/#organization"},"potentialAction":[{"@type":"SearchAction","target":{"@type":"EntryPoint","urlTemplate":"https:\/\/glasir.com.ua\/?s={search_term_string}"},"query-input":{"@type":"PropertyValueSpecification","valueRequired":true,"valueName":"search_term_string"}}],"inLanguage":"es"},{"@type":"Organization","@id":"https:\/\/glasir.com.ua\/#organization","name":"Glasir","url":"https:\/\/glasir.com.ua\/","logo":{"@type":"ImageObject","inLanguage":"es","@id":"https:\/\/glasir.com.ua\/#\/schema\/logo\/image\/","url":"https:\/\/glasir.com.ua\/wp-content\/uploads\/2023\/06\/cropped-llc-glasir.png","contentUrl":"https:\/\/glasir.com.ua\/wp-content\/uploads\/2023\/06\/cropped-llc-glasir.png","width":250,"height":250,"caption":"Glasir"},"image":{"@id":"https:\/\/glasir.com.ua\/#\/schema\/logo\/image\/"},"sameAs":["https:\/\/www.pinterest.com\/llc_glasir","https:\/\/g.co\/kgs\/7CK1iZr"]}]}},"_links":{"self":[{"href":"https:\/\/glasir.com.ua\/es\/wp-json\/wp\/v2\/product\/1346","targetHints":{"allow":["GET"]}}],"collection":[{"href":"https:\/\/glasir.com.ua\/es\/wp-json\/wp\/v2\/product"}],"about":[{"href":"https:\/\/glasir.com.ua\/es\/wp-json\/wp\/v2\/types\/product"}],"replies":[{"embeddable":true,"href":"https:\/\/glasir.com.ua\/es\/wp-json\/wp\/v2\/comments?post=1346"}],"wp:featuredmedia":[{"embeddable":true,"href":"https:\/\/glasir.com.ua\/es\/wp-json\/wp\/v2\/media\/1343"}],"wp:attachment":[{"href":"https:\/\/glasir.com.ua\/es\/wp-json\/wp\/v2\/media?parent=1346"}],"wp:term":[{"taxonomy":"product_brand","embeddable":true,"href":"https:\/\/glasir.com.ua\/es\/wp-json\/wp\/v2\/product_brand?post=1346"},{"taxonomy":"product_cat","embeddable":true,"href":"https:\/\/glasir.com.ua\/es\/wp-json\/wp\/v2\/product_cat?post=1346"},{"taxonomy":"product_tag","embeddable":true,"href":"https:\/\/glasir.com.ua\/es\/wp-json\/wp\/v2\/product_tag?post=1346"}],"curies":[{"name":"wp","href":"https:\/\/api.w.org\/{rel}","templated":true}]}}