{"id":1292,"date":"2025-01-24T12:58:06","date_gmt":"2025-01-24T10:58:06","guid":{"rendered":"https:\/\/glasir.com.ua\/?post_type=product&#038;p=1292"},"modified":"2025-11-27T10:01:43","modified_gmt":"2025-11-27T08:01:43","slug":"%d1%82%d1%80%d1%83%d0%b1%d0%ba%d0%b0-%d0%bf%d0%bd%d0%b5%d0%b2%d0%bc%d0%b0%d1%82%d0%b8%d1%87%d0%bd%d0%b0-%d0%bf%d0%be%d0%bb%d0%b8%d0%b0%d0%bc%d0%b8%d0%b4%d0%bd%d0%b0%d1%8f-mebra-plastik-italia-pa12-e-2","status":"publish","type":"product","link":"https:\/\/glasir.com.ua\/es\/product\/%d1%82%d1%80%d1%83%d0%b1%d0%ba%d0%b0-%d0%bf%d0%bd%d0%b5%d0%b2%d0%bc%d0%b0%d1%82%d0%b8%d1%87%d0%bd%d0%b0-%d0%bf%d0%be%d0%bb%d0%b8%d0%b0%d0%bc%d0%b8%d0%b4%d0%bd%d0%b0%d1%8f-mebra-plastik-italia-pa12-e-2\/","title":{"rendered":"Tubo neum\u00e1tico de poliamida Mebra Plastik Italia PA12 E-HF 6X8"},"content":{"rendered":"<p>Tubo neum\u00e1tico de poliamida Mebra Plastik Italia PA12 E-HF 6X8 (8 mm \u2013 exterior, 6 mm \u2013 interior, pared \u2013 1 mm)<\/p>\n<p>Presi\u00f3n de trabajo \u2013 15 bar (a 20\u00b0C)<\/p>\n<p>Bah\u00eda \u2013 100 metros. El precio es por metro.<\/p>\n<p>El producto es adecuado para aire comprimido, vac\u00edo, vibradores, piezas mec\u00e1nicas m\u00f3viles, manipuladores, herramientas neum\u00e1ticas y robots y para el paso de productos qu\u00edmicos menos agresivos.<\/p>\n<p>Se puede utilizar en el rango de temperatura de -40\u00b0C a +70\u00b0C.<br \/>\n<img loading=\"lazy\" decoding=\"async\" class=\"alignnone size-full wp-image-1289\" src=\"http:\/\/glasir.com.ua\/wp-content\/uploads\/2025\/01\/PA12EHF-catalogue.png\" alt=\"Tubos neum\u00e1ticos PA12\" width=\"398\" height=\"352\" srcset=\"https:\/\/glasir.com.ua\/wp-content\/uploads\/2025\/01\/PA12EHF-catalogue.png 398w, https:\/\/glasir.com.ua\/wp-content\/uploads\/2025\/01\/PA12EHF-catalogue-350x310.png 350w, https:\/\/glasir.com.ua\/wp-content\/uploads\/2025\/01\/PA12EHF-catalogue-64x57.png 64w\" sizes=\"auto, (max-width: 398px) 100vw, 398px\" \/><\/p>\n<p>Manguera de tres capas con dos capas de poliamida 12 PHL de alta calidad y una capa intermedia de poliuretano especial a base de \u00e9ster modificado para uni\u00f3n qu\u00edmica sin el uso de adhesivos adicionales.<br \/>\nLa manguera multicapa PA 12 Ether HF es una manguera altamente flexible dise\u00f1ada para aplicaciones neum\u00e1ticas, altamente resistente a bajas temperaturas.<br \/>\nAdem\u00e1s de la protecci\u00f3n qu\u00edmica, las capas interna y externa de poliamida 12 tambi\u00e9n protegen la manguera del deterioro causado por los efectos combinados de la luz solar y el agua de lluvia, demostrando una buena resistencia al envejecimiento (estabilizada a la luz, mejor rendimiento en mangueras negras cuando se utilizan en \u00e1reas iluminadas por el sol y cerca de fuentes de luz ultravioleta fuerte).<\/p>\n<p style=\"text-align: center\"><a href=\"http:\/\/glasir.com.ua\/wp-content\/uploads\/2024\/08\/mebra-catalogue.pdf\">Descargue el cat\u00e1logo completo de Mebra Plastik Italia<\/a><\/p>\n<p><img loading=\"lazy\" decoding=\"async\" class=\"size-medium wp-image-1125 aligncenter\" src=\"http:\/\/glasir.com.ua\/wp-content\/uploads\/2024\/08\/mebra-plastik-italia-371x500.png\" alt=\"Tubos neum\u00e1ticos Mebra Plastik Italia\" width=\"371\" height=\"500\" srcset=\"https:\/\/glasir.com.ua\/wp-content\/uploads\/2024\/08\/mebra-plastik-italia-371x500.png 371w, https:\/\/glasir.com.ua\/wp-content\/uploads\/2024\/08\/mebra-plastik-italia-350x472.png 350w, https:\/\/glasir.com.ua\/wp-content\/uploads\/2024\/08\/mebra-plastik-italia-64x86.png 64w, https:\/\/glasir.com.ua\/wp-content\/uploads\/2024\/08\/mebra-plastik-italia.png 766w\" sizes=\"auto, (max-width: 371px) 100vw, 371px\" \/><\/p>\n<p>Si est\u00e1 buscando un c\u00f3digo de producto espec\u00edfico de Mebra Plastik Italia, pero no lo encontr\u00f3 entre nuestras ofertas, por favor <a href=\"https:\/\/glasir.com.ua\/es\/contactos\/\">Env\u00edanos una solicitud<\/a>.<br \/>\nEl equipo de Glasir estar\u00e1 encantado de atenderle y preparar una oferta comercial.<br \/>\nSiempre estamos dispuestos a brindarle la informaci\u00f3n necesaria y encontrar la soluci\u00f3n \u00f3ptima para su negocio.<br \/>\nEnv\u00edanos tus peticiones y estaremos encantados de ayudarte!<\/p>","protected":false},"excerpt":{"rendered":"<p>Tubo neum\u00e1tico de poliamida Mebra Plastik Italia PA12 E-HF 6X8 (8 mm \u2013 exterior, 6 mm \u2013 interior, pared \u2013 1 mm)<\/p>","protected":false},"featured_media":1287,"comment_status":"open","ping_status":"closed","template":"","meta":[],"product_brand":[],"product_cat":[179],"product_tag":[182],"class_list":{"0":"post-1292","1":"product","2":"type-product","3":"status-publish","4":"has-post-thumbnail","6":"product_cat---mebra-plastik-italia","7":"product_tag-mebra-plastik-italia","9":"first","10":"onbackorder","11":"taxable","12":"shipping-taxable","13":"purchasable","14":"product-type-variable"},"yoast_head":"<!-- This site is optimized with the Yoast SEO plugin v27.2 - https:\/\/yoast.com\/product\/yoast-seo-wordpress\/ -->\n<title>\u0422\u0440\u0443\u0431\u043a\u0430 \u043f\u043d\u0435\u0432\u043c\u0430\u0442\u0438\u0447\u043d\u0430 \u043f\u043e\u043b\u0456\u0430\u043c\u0456\u0434\u043d\u0430 Mebra Plastik Italia PA12 E-HF 6X8 - Glasir<\/title>\n<meta name=\"robots\" content=\"index, follow, max-snippet:-1, max-image-preview:large, max-video-preview:-1\" \/>\n<link rel=\"canonical\" href=\"https:\/\/glasir.com.ua\/es\/product\/\u0442\u0440\u0443\u0431\u043a\u0430-\u043f\u043d\u0435\u0432\u043c\u0430\u0442\u0438\u0447\u043d\u0430-\u043f\u043e\u043b\u0438\u0430\u043c\u0438\u0434\u043d\u0430\u044f-mebra-plastik-italia-pa12-e-2\/\" \/>\n<meta property=\"og:locale\" content=\"es_ES\" \/>\n<meta property=\"og:type\" content=\"article\" \/>\n<meta property=\"og:title\" content=\"\u0422\u0440\u0443\u0431\u043a\u0430 \u043f\u043d\u0435\u0432\u043c\u0430\u0442\u0438\u0447\u043d\u0430 \u043f\u043e\u043b\u0456\u0430\u043c\u0456\u0434\u043d\u0430 Mebra Plastik Italia PA12 E-HF 6X8 - Glasir\" \/>\n<meta property=\"og:description\" content=\"\u0422\u0440\u0443\u0431\u043a\u0430 \u043f\u043d\u0435\u0432\u043c\u0430\u0442\u0438\u0447\u043d\u0430 \u043f\u043e\u043b\u0456\u0430\u043c\u0456\u0434\u043d\u0430 Mebra Plastik Italia PA12 E-HF 6X8 (8\u043c\u043c - \u0437\u043e\u0432\u043d\u0456\u0448\u043d\u0456\u0439, 6\u043c\u043c - \u0432\u043d\u0443\u0442\u0440\u0456\u0448\u043d\u0456\u0439, \u0441\u0442\u0456\u043d\u043a\u0430 - 1\u043c\u043c)\" \/>\n<meta property=\"og:url\" content=\"https:\/\/glasir.com.ua\/es\/product\/\u0442\u0440\u0443\u0431\u043a\u0430-\u043f\u043d\u0435\u0432\u043c\u0430\u0442\u0438\u0447\u043d\u0430-\u043f\u043e\u043b\u0438\u0430\u043c\u0438\u0434\u043d\u0430\u044f-mebra-plastik-italia-pa12-e-2\/\" \/>\n<meta property=\"og:site_name\" content=\"Glasir\" \/>\n<meta property=\"article:modified_time\" content=\"2025-11-27T08:01:43+00:00\" \/>\n<meta property=\"og:image\" content=\"http:\/\/glasir.com.ua\/wp-content\/uploads\/2025\/01\/pa-12-black.png\" \/>\n\t<meta property=\"og:image:width\" content=\"521\" \/>\n\t<meta property=\"og:image:height\" content=\"312\" \/>\n\t<meta property=\"og:image:type\" content=\"image\/png\" \/>\n<meta name=\"twitter:card\" content=\"summary_large_image\" \/>\n<meta name=\"twitter:label1\" content=\"Tiempo de lectura\" \/>\n\t<meta name=\"twitter:data1\" content=\"2 minutos\" \/>\n<script type=\"application\/ld+json\" class=\"yoast-schema-graph\">{\"@context\":\"https:\/\/schema.org\",\"@graph\":[{\"@type\":[\"WebPage\",\"ItemPage\"],\"@id\":\"https:\/\/glasir.com.ua\/product\/%d1%82%d1%80%d1%83%d0%b1%d0%ba%d0%b0-%d0%bf%d0%bd%d0%b5%d0%b2%d0%bc%d0%b0%d1%82%d0%b8%d1%87%d0%bd%d0%b0-%d0%bf%d0%be%d0%bb%d0%b8%d0%b0%d0%bc%d0%b8%d0%b4%d0%bd%d0%b0%d1%8f-mebra-plastik-italia-pa12-e-2\/\",\"url\":\"https:\/\/glasir.com.ua\/product\/%d1%82%d1%80%d1%83%d0%b1%d0%ba%d0%b0-%d0%bf%d0%bd%d0%b5%d0%b2%d0%bc%d0%b0%d1%82%d0%b8%d1%87%d0%bd%d0%b0-%d0%bf%d0%be%d0%bb%d0%b8%d0%b0%d0%bc%d0%b8%d0%b4%d0%bd%d0%b0%d1%8f-mebra-plastik-italia-pa12-e-2\/\",\"name\":\"\u0422\u0440\u0443\u0431\u043a\u0430 \u043f\u043d\u0435\u0432\u043c\u0430\u0442\u0438\u0447\u043d\u0430 \u043f\u043e\u043b\u0456\u0430\u043c\u0456\u0434\u043d\u0430 Mebra Plastik Italia PA12 E-HF 6X8 - Glasir\",\"isPartOf\":{\"@id\":\"https:\/\/glasir.com.ua\/#website\"},\"primaryImageOfPage\":{\"@id\":\"https:\/\/glasir.com.ua\/product\/%d1%82%d1%80%d1%83%d0%b1%d0%ba%d0%b0-%d0%bf%d0%bd%d0%b5%d0%b2%d0%bc%d0%b0%d1%82%d0%b8%d1%87%d0%bd%d0%b0-%d0%bf%d0%be%d0%bb%d0%b8%d0%b0%d0%bc%d0%b8%d0%b4%d0%bd%d0%b0%d1%8f-mebra-plastik-italia-pa12-e-2\/#primaryimage\"},\"image\":{\"@id\":\"https:\/\/glasir.com.ua\/product\/%d1%82%d1%80%d1%83%d0%b1%d0%ba%d0%b0-%d0%bf%d0%bd%d0%b5%d0%b2%d0%bc%d0%b0%d1%82%d0%b8%d1%87%d0%bd%d0%b0-%d0%bf%d0%be%d0%bb%d0%b8%d0%b0%d0%bc%d0%b8%d0%b4%d0%bd%d0%b0%d1%8f-mebra-plastik-italia-pa12-e-2\/#primaryimage\"},\"thumbnailUrl\":\"https:\/\/glasir.com.ua\/wp-content\/uploads\/2025\/01\/pa-12-black.png\",\"datePublished\":\"2025-01-24T10:58:06+00:00\",\"dateModified\":\"2025-11-27T08:01:43+00:00\",\"breadcrumb\":{\"@id\":\"https:\/\/glasir.com.ua\/product\/%d1%82%d1%80%d1%83%d0%b1%d0%ba%d0%b0-%d0%bf%d0%bd%d0%b5%d0%b2%d0%bc%d0%b0%d1%82%d0%b8%d1%87%d0%bd%d0%b0-%d0%bf%d0%be%d0%bb%d0%b8%d0%b0%d0%bc%d0%b8%d0%b4%d0%bd%d0%b0%d1%8f-mebra-plastik-italia-pa12-e-2\/#breadcrumb\"},\"inLanguage\":\"es\",\"potentialAction\":[{\"@type\":\"ReadAction\",\"target\":[\"https:\/\/glasir.com.ua\/product\/%d1%82%d1%80%d1%83%d0%b1%d0%ba%d0%b0-%d0%bf%d0%bd%d0%b5%d0%b2%d0%bc%d0%b0%d1%82%d0%b8%d1%87%d0%bd%d0%b0-%d0%bf%d0%be%d0%bb%d0%b8%d0%b0%d0%bc%d0%b8%d0%b4%d0%bd%d0%b0%d1%8f-mebra-plastik-italia-pa12-e-2\/\"]}]},{\"@type\":\"ImageObject\",\"inLanguage\":\"es\",\"@id\":\"https:\/\/glasir.com.ua\/product\/%d1%82%d1%80%d1%83%d0%b1%d0%ba%d0%b0-%d0%bf%d0%bd%d0%b5%d0%b2%d0%bc%d0%b0%d1%82%d0%b8%d1%87%d0%bd%d0%b0-%d0%bf%d0%be%d0%bb%d0%b8%d0%b0%d0%bc%d0%b8%d0%b4%d0%bd%d0%b0%d1%8f-mebra-plastik-italia-pa12-e-2\/#primaryimage\",\"url\":\"https:\/\/glasir.com.ua\/wp-content\/uploads\/2025\/01\/pa-12-black.png\",\"contentUrl\":\"https:\/\/glasir.com.ua\/wp-content\/uploads\/2025\/01\/pa-12-black.png\",\"width\":521,\"height\":312,\"caption\":\"\u041f\u043d\u0435\u0432\u043c\u0430\u0442\u0438\u0447\u043d\u0456 \u0442\u0440\u0443\u0431\u043a\u0438 PA12\"},{\"@type\":\"BreadcrumbList\",\"@id\":\"https:\/\/glasir.com.ua\/product\/%d1%82%d1%80%d1%83%d0%b1%d0%ba%d0%b0-%d0%bf%d0%bd%d0%b5%d0%b2%d0%bc%d0%b0%d1%82%d0%b8%d1%87%d0%bd%d0%b0-%d0%bf%d0%be%d0%bb%d0%b8%d0%b0%d0%bc%d0%b8%d0%b4%d0%bd%d0%b0%d1%8f-mebra-plastik-italia-pa12-e-2\/#breadcrumb\",\"itemListElement\":[{\"@type\":\"ListItem\",\"position\":1,\"name\":\"Home\",\"item\":\"https:\/\/glasir.com.ua\/\"},{\"@type\":\"ListItem\",\"position\":2,\"name\":\"\u0406\u043d\u0442\u0435\u0440\u043d\u0435\u0442-\u043c\u0430\u0433\u0430\u0437\u0438\u043d\",\"item\":\"https:\/\/glasir.com.ua\/shop\/\"},{\"@type\":\"ListItem\",\"position\":3,\"name\":\"\u0422\u0440\u0443\u0431\u043a\u0430 \u043f\u043d\u0435\u0432\u043c\u0430\u0442\u0438\u0447\u043d\u0430 \u043f\u043e\u043b\u0456\u0430\u043c\u0456\u0434\u043d\u0430 Mebra Plastik Italia PA12 E-HF 6X8\"}]},{\"@type\":\"WebSite\",\"@id\":\"https:\/\/glasir.com.ua\/#website\",\"url\":\"https:\/\/glasir.com.ua\/\",\"name\":\"Glasir\",\"description\":\"\u041d\u0435\u043c\u0430\u0454 \u043f\u043e\u0440\u0456\u0432\u043d\u044f\u043d\u043d\u044f.\",\"publisher\":{\"@id\":\"https:\/\/glasir.com.ua\/#organization\"},\"potentialAction\":[{\"@type\":\"SearchAction\",\"target\":{\"@type\":\"EntryPoint\",\"urlTemplate\":\"https:\/\/glasir.com.ua\/?s={search_term_string}\"},\"query-input\":{\"@type\":\"PropertyValueSpecification\",\"valueRequired\":true,\"valueName\":\"search_term_string\"}}],\"inLanguage\":\"es\"},{\"@type\":\"Organization\",\"@id\":\"https:\/\/glasir.com.ua\/#organization\",\"name\":\"Glasir\",\"url\":\"https:\/\/glasir.com.ua\/\",\"logo\":{\"@type\":\"ImageObject\",\"inLanguage\":\"es\",\"@id\":\"https:\/\/glasir.com.ua\/#\/schema\/logo\/image\/\",\"url\":\"https:\/\/glasir.com.ua\/wp-content\/uploads\/2023\/06\/cropped-llc-glasir.png\",\"contentUrl\":\"https:\/\/glasir.com.ua\/wp-content\/uploads\/2023\/06\/cropped-llc-glasir.png\",\"width\":250,\"height\":250,\"caption\":\"Glasir\"},\"image\":{\"@id\":\"https:\/\/glasir.com.ua\/#\/schema\/logo\/image\/\"},\"sameAs\":[\"https:\/\/www.pinterest.com\/llc_glasir\",\"https:\/\/g.co\/kgs\/7CK1iZr\"]}]}<\/script>\n<!-- \/ Yoast SEO plugin. -->","yoast_head_json":{"title":"Tubo neum\u00e1tico de poliamida Mebra Plastik Italia PA12 E-HF 6X8 - Glasir","robots":{"index":"index","follow":"follow","max-snippet":"max-snippet:-1","max-image-preview":"max-image-preview:large","max-video-preview":"max-video-preview:-1"},"canonical":"https:\/\/glasir.com.ua\/es\/product\/\u0442\u0440\u0443\u0431\u043a\u0430-\u043f\u043d\u0435\u0432\u043c\u0430\u0442\u0438\u0447\u043d\u0430-\u043f\u043e\u043b\u0438\u0430\u043c\u0438\u0434\u043d\u0430\u044f-mebra-plastik-italia-pa12-e-2\/","og_locale":"es_ES","og_type":"article","og_title":"\u0422\u0440\u0443\u0431\u043a\u0430 \u043f\u043d\u0435\u0432\u043c\u0430\u0442\u0438\u0447\u043d\u0430 \u043f\u043e\u043b\u0456\u0430\u043c\u0456\u0434\u043d\u0430 Mebra Plastik Italia PA12 E-HF 6X8 - Glasir","og_description":"\u0422\u0440\u0443\u0431\u043a\u0430 \u043f\u043d\u0435\u0432\u043c\u0430\u0442\u0438\u0447\u043d\u0430 \u043f\u043e\u043b\u0456\u0430\u043c\u0456\u0434\u043d\u0430 Mebra Plastik Italia PA12 E-HF 6X8 (8\u043c\u043c - \u0437\u043e\u0432\u043d\u0456\u0448\u043d\u0456\u0439, 6\u043c\u043c - \u0432\u043d\u0443\u0442\u0440\u0456\u0448\u043d\u0456\u0439, \u0441\u0442\u0456\u043d\u043a\u0430 - 1\u043c\u043c)","og_url":"https:\/\/glasir.com.ua\/es\/product\/\u0442\u0440\u0443\u0431\u043a\u0430-\u043f\u043d\u0435\u0432\u043c\u0430\u0442\u0438\u0447\u043d\u0430-\u043f\u043e\u043b\u0438\u0430\u043c\u0438\u0434\u043d\u0430\u044f-mebra-plastik-italia-pa12-e-2\/","og_site_name":"Glasir","article_modified_time":"2025-11-27T08:01:43+00:00","og_image":[{"width":521,"height":312,"url":"http:\/\/glasir.com.ua\/wp-content\/uploads\/2025\/01\/pa-12-black.png","type":"image\/png"}],"twitter_card":"summary_large_image","twitter_misc":{"Tiempo de lectura":"2 minutos"},"schema":{"@context":"https:\/\/schema.org","@graph":[{"@type":["WebPage","ItemPage"],"@id":"https:\/\/glasir.com.ua\/product\/%d1%82%d1%80%d1%83%d0%b1%d0%ba%d0%b0-%d0%bf%d0%bd%d0%b5%d0%b2%d0%bc%d0%b0%d1%82%d0%b8%d1%87%d0%bd%d0%b0-%d0%bf%d0%be%d0%bb%d0%b8%d0%b0%d0%bc%d0%b8%d0%b4%d0%bd%d0%b0%d1%8f-mebra-plastik-italia-pa12-e-2\/","url":"https:\/\/glasir.com.ua\/product\/%d1%82%d1%80%d1%83%d0%b1%d0%ba%d0%b0-%d0%bf%d0%bd%d0%b5%d0%b2%d0%bc%d0%b0%d1%82%d0%b8%d1%87%d0%bd%d0%b0-%d0%bf%d0%be%d0%bb%d0%b8%d0%b0%d0%bc%d0%b8%d0%b4%d0%bd%d0%b0%d1%8f-mebra-plastik-italia-pa12-e-2\/","name":"Tubo neum\u00e1tico de poliamida Mebra Plastik Italia PA12 E-HF 6X8 - Glasir","isPartOf":{"@id":"https:\/\/glasir.com.ua\/#website"},"primaryImageOfPage":{"@id":"https:\/\/glasir.com.ua\/product\/%d1%82%d1%80%d1%83%d0%b1%d0%ba%d0%b0-%d0%bf%d0%bd%d0%b5%d0%b2%d0%bc%d0%b0%d1%82%d0%b8%d1%87%d0%bd%d0%b0-%d0%bf%d0%be%d0%bb%d0%b8%d0%b0%d0%bc%d0%b8%d0%b4%d0%bd%d0%b0%d1%8f-mebra-plastik-italia-pa12-e-2\/#primaryimage"},"image":{"@id":"https:\/\/glasir.com.ua\/product\/%d1%82%d1%80%d1%83%d0%b1%d0%ba%d0%b0-%d0%bf%d0%bd%d0%b5%d0%b2%d0%bc%d0%b0%d1%82%d0%b8%d1%87%d0%bd%d0%b0-%d0%bf%d0%be%d0%bb%d0%b8%d0%b0%d0%bc%d0%b8%d0%b4%d0%bd%d0%b0%d1%8f-mebra-plastik-italia-pa12-e-2\/#primaryimage"},"thumbnailUrl":"https:\/\/glasir.com.ua\/wp-content\/uploads\/2025\/01\/pa-12-black.png","datePublished":"2025-01-24T10:58:06+00:00","dateModified":"2025-11-27T08:01:43+00:00","breadcrumb":{"@id":"https:\/\/glasir.com.ua\/product\/%d1%82%d1%80%d1%83%d0%b1%d0%ba%d0%b0-%d0%bf%d0%bd%d0%b5%d0%b2%d0%bc%d0%b0%d1%82%d0%b8%d1%87%d0%bd%d0%b0-%d0%bf%d0%be%d0%bb%d0%b8%d0%b0%d0%bc%d0%b8%d0%b4%d0%bd%d0%b0%d1%8f-mebra-plastik-italia-pa12-e-2\/#breadcrumb"},"inLanguage":"es","potentialAction":[{"@type":"ReadAction","target":["https:\/\/glasir.com.ua\/product\/%d1%82%d1%80%d1%83%d0%b1%d0%ba%d0%b0-%d0%bf%d0%bd%d0%b5%d0%b2%d0%bc%d0%b0%d1%82%d0%b8%d1%87%d0%bd%d0%b0-%d0%bf%d0%be%d0%bb%d0%b8%d0%b0%d0%bc%d0%b8%d0%b4%d0%bd%d0%b0%d1%8f-mebra-plastik-italia-pa12-e-2\/"]}]},{"@type":"ImageObject","inLanguage":"es","@id":"https:\/\/glasir.com.ua\/product\/%d1%82%d1%80%d1%83%d0%b1%d0%ba%d0%b0-%d0%bf%d0%bd%d0%b5%d0%b2%d0%bc%d0%b0%d1%82%d0%b8%d1%87%d0%bd%d0%b0-%d0%bf%d0%be%d0%bb%d0%b8%d0%b0%d0%bc%d0%b8%d0%b4%d0%bd%d0%b0%d1%8f-mebra-plastik-italia-pa12-e-2\/#primaryimage","url":"https:\/\/glasir.com.ua\/wp-content\/uploads\/2025\/01\/pa-12-black.png","contentUrl":"https:\/\/glasir.com.ua\/wp-content\/uploads\/2025\/01\/pa-12-black.png","width":521,"height":312,"caption":"\u041f\u043d\u0435\u0432\u043c\u0430\u0442\u0438\u0447\u043d\u0456 \u0442\u0440\u0443\u0431\u043a\u0438 PA12"},{"@type":"BreadcrumbList","@id":"https:\/\/glasir.com.ua\/product\/%d1%82%d1%80%d1%83%d0%b1%d0%ba%d0%b0-%d0%bf%d0%bd%d0%b5%d0%b2%d0%bc%d0%b0%d1%82%d0%b8%d1%87%d0%bd%d0%b0-%d0%bf%d0%be%d0%bb%d0%b8%d0%b0%d0%bc%d0%b8%d0%b4%d0%bd%d0%b0%d1%8f-mebra-plastik-italia-pa12-e-2\/#breadcrumb","itemListElement":[{"@type":"ListItem","position":1,"name":"Home","item":"https:\/\/glasir.com.ua\/"},{"@type":"ListItem","position":2,"name":"\u0406\u043d\u0442\u0435\u0440\u043d\u0435\u0442-\u043c\u0430\u0433\u0430\u0437\u0438\u043d","item":"https:\/\/glasir.com.ua\/shop\/"},{"@type":"ListItem","position":3,"name":"\u0422\u0440\u0443\u0431\u043a\u0430 \u043f\u043d\u0435\u0432\u043c\u0430\u0442\u0438\u0447\u043d\u0430 \u043f\u043e\u043b\u0456\u0430\u043c\u0456\u0434\u043d\u0430 Mebra Plastik Italia PA12 E-HF 6X8"}]},{"@type":"WebSite","@id":"https:\/\/glasir.com.ua\/#website","url":"https:\/\/glasir.com.ua\/","name":"Glasir","description":"No hay comparaci\u00f3n","publisher":{"@id":"https:\/\/glasir.com.ua\/#organization"},"potentialAction":[{"@type":"SearchAction","target":{"@type":"EntryPoint","urlTemplate":"https:\/\/glasir.com.ua\/?s={search_term_string}"},"query-input":{"@type":"PropertyValueSpecification","valueRequired":true,"valueName":"search_term_string"}}],"inLanguage":"es"},{"@type":"Organization","@id":"https:\/\/glasir.com.ua\/#organization","name":"Glasir","url":"https:\/\/glasir.com.ua\/","logo":{"@type":"ImageObject","inLanguage":"es","@id":"https:\/\/glasir.com.ua\/#\/schema\/logo\/image\/","url":"https:\/\/glasir.com.ua\/wp-content\/uploads\/2023\/06\/cropped-llc-glasir.png","contentUrl":"https:\/\/glasir.com.ua\/wp-content\/uploads\/2023\/06\/cropped-llc-glasir.png","width":250,"height":250,"caption":"Glasir"},"image":{"@id":"https:\/\/glasir.com.ua\/#\/schema\/logo\/image\/"},"sameAs":["https:\/\/www.pinterest.com\/llc_glasir","https:\/\/g.co\/kgs\/7CK1iZr"]}]}},"_links":{"self":[{"href":"https:\/\/glasir.com.ua\/es\/wp-json\/wp\/v2\/product\/1292","targetHints":{"allow":["GET"]}}],"collection":[{"href":"https:\/\/glasir.com.ua\/es\/wp-json\/wp\/v2\/product"}],"about":[{"href":"https:\/\/glasir.com.ua\/es\/wp-json\/wp\/v2\/types\/product"}],"replies":[{"embeddable":true,"href":"https:\/\/glasir.com.ua\/es\/wp-json\/wp\/v2\/comments?post=1292"}],"wp:featuredmedia":[{"embeddable":true,"href":"https:\/\/glasir.com.ua\/es\/wp-json\/wp\/v2\/media\/1287"}],"wp:attachment":[{"href":"https:\/\/glasir.com.ua\/es\/wp-json\/wp\/v2\/media?parent=1292"}],"wp:term":[{"taxonomy":"product_brand","embeddable":true,"href":"https:\/\/glasir.com.ua\/es\/wp-json\/wp\/v2\/product_brand?post=1292"},{"taxonomy":"product_cat","embeddable":true,"href":"https:\/\/glasir.com.ua\/es\/wp-json\/wp\/v2\/product_cat?post=1292"},{"taxonomy":"product_tag","embeddable":true,"href":"https:\/\/glasir.com.ua\/es\/wp-json\/wp\/v2\/product_tag?post=1292"}],"curies":[{"name":"wp","href":"https:\/\/api.w.org\/{rel}","templated":true}]}}