{"id":1229,"date":"2024-11-08T22:06:17","date_gmt":"2024-11-08T20:06:17","guid":{"rendered":"https:\/\/glasir.com.ua\/?post_type=product&#038;p=1229"},"modified":"2025-11-26T16:15:58","modified_gmt":"2025-11-26T14:15:58","slug":"%d1%84%d1%96%d1%82%d1%96%d0%bd%d0%b3-%d0%bf%d1%80%d1%8f%d0%bc%d0%b8%d0%b9-%d0%bf%d0%b5%d1%80%d0%b5%d1%85%d1%96%d0%b4%d0%bd%d0%b8%d0%b9-camozzi-6580","status":"publish","type":"product","link":"https:\/\/glasir.com.ua\/es\/product\/%d1%84%d1%96%d1%82%d1%96%d0%bd%d0%b3-%d0%bf%d1%80%d1%8f%d0%bc%d0%b8%d0%b9-%d0%bf%d0%b5%d1%80%d0%b5%d1%85%d1%96%d0%b4%d0%bd%d0%b8%d0%b9-camozzi-6580\/","title":{"rendered":"Adaptador recto Camozzi 6580"},"content":{"rendered":"<p>Adaptador recto Camozzi 6580<\/p>\n<p>Los accesorios de desconexi\u00f3n r\u00e1pida de la serie 6000 est\u00e1n dise\u00f1ados con un collar especial que proporciona un sellado uniforme de toda la superficie de los tubos de pl\u00e1stico, lo que garantiza una alta confiabilidad y una larga vida \u00fatil, permitiendo conectar y desconectar los tubos muchas veces. La amplia gama de estos accesorios incluye varios tipos de roscas de conexi\u00f3n: m\u00e9tricas, BSP y BSPT.<\/p>\n<p><img decoding=\"async\" src=\"http:\/\/glasir.com.ua\/wp-content\/uploads\/2024\/11\/camozzi-6580.png\" alt=\"Camozzi 6580\" \/><\/p>\n<p>Si est\u00e1s buscando un c\u00f3digo de producto espec\u00edfico de Camozzi, pero no lo encuentras entre nuestras ofertas, por favor <a href=\"https:\/\/glasir.com.ua\/es\/contactos\/\">Env\u00edanos una solicitud<\/a>.<br \/>\nEl equipo de Glasir estar\u00e1 encantado de atenderle y preparar una oferta comercial.<br \/>\nSiempre estamos dispuestos a brindarle la informaci\u00f3n necesaria y encontrar la soluci\u00f3n \u00f3ptima para su negocio.<br \/>\nEnv\u00edanos tus peticiones y estaremos encantados de ayudarte!<\/p>","protected":false},"excerpt":{"rendered":"<p>Adaptador recto Camozzi 6580<\/p>","protected":false},"featured_media":1231,"comment_status":"open","ping_status":"closed","template":"","meta":[],"product_brand":[],"product_cat":[171],"product_tag":[124],"class_list":{"0":"post-1229","1":"product","2":"type-product","3":"status-publish","4":"has-post-thumbnail","6":"product_cat-171","7":"product_tag-camozzi","9":"first","10":"onbackorder","11":"taxable","12":"shipping-taxable","13":"purchasable","14":"product-type-variable"},"yoast_head":"<!-- This site is optimized with the Yoast SEO plugin v27.2 - https:\/\/yoast.com\/product\/yoast-seo-wordpress\/ -->\n<title>\u0424\u0456\u0442\u0456\u043d\u0433 \u043f\u0440\u044f\u043c\u0438\u0439 \u043f\u0435\u0440\u0435\u0445\u0456\u0434\u043d\u0438\u0439 Camozzi 6580 - Glasir<\/title>\n<meta name=\"robots\" content=\"index, follow, max-snippet:-1, max-image-preview:large, max-video-preview:-1\" \/>\n<link rel=\"canonical\" href=\"https:\/\/glasir.com.ua\/es\/product\/\u0444\u0456\u0442\u0456\u043d\u0433-\u043f\u0440\u044f\u043c\u0438\u0439-\u043f\u0435\u0440\u0435\u0445\u0456\u0434\u043d\u0438\u0439-camozzi-6580\/\" \/>\n<meta property=\"og:locale\" content=\"es_ES\" \/>\n<meta property=\"og:type\" content=\"article\" \/>\n<meta property=\"og:title\" content=\"\u0424\u0456\u0442\u0456\u043d\u0433 \u043f\u0440\u044f\u043c\u0438\u0439 \u043f\u0435\u0440\u0435\u0445\u0456\u0434\u043d\u0438\u0439 Camozzi 6580 - Glasir\" \/>\n<meta property=\"og:description\" content=\"\u0424\u0456\u0442\u0456\u043d\u0433 \u043f\u0440\u044f\u043c\u0438\u0439 \u043f\u0435\u0440\u0435\u0445\u0456\u0434\u043d\u0438\u0439 Camozzi 6580\" \/>\n<meta property=\"og:url\" content=\"https:\/\/glasir.com.ua\/es\/product\/\u0444\u0456\u0442\u0456\u043d\u0433-\u043f\u0440\u044f\u043c\u0438\u0439-\u043f\u0435\u0440\u0435\u0445\u0456\u0434\u043d\u0438\u0439-camozzi-6580\/\" \/>\n<meta property=\"og:site_name\" content=\"Glasir\" \/>\n<meta property=\"article:modified_time\" content=\"2025-11-26T14:15:58+00:00\" \/>\n<meta property=\"og:image\" content=\"http:\/\/glasir.com.ua\/wp-content\/uploads\/2024\/11\/6580.jpg\" \/>\n\t<meta property=\"og:image:width\" content=\"331\" \/>\n\t<meta property=\"og:image:height\" content=\"333\" \/>\n\t<meta property=\"og:image:type\" content=\"image\/jpeg\" \/>\n<meta name=\"twitter:card\" content=\"summary_large_image\" \/>\n<meta name=\"twitter:label1\" content=\"Tiempo de lectura\" \/>\n\t<meta name=\"twitter:data1\" content=\"1 minuto\" \/>\n<script type=\"application\/ld+json\" class=\"yoast-schema-graph\">{\"@context\":\"https:\/\/schema.org\",\"@graph\":[{\"@type\":[\"WebPage\",\"ItemPage\"],\"@id\":\"https:\/\/glasir.com.ua\/product\/%d1%84%d1%96%d1%82%d1%96%d0%bd%d0%b3-%d0%bf%d1%80%d1%8f%d0%bc%d0%b8%d0%b9-%d0%bf%d0%b5%d1%80%d0%b5%d1%85%d1%96%d0%b4%d0%bd%d0%b8%d0%b9-camozzi-6580\/\",\"url\":\"https:\/\/glasir.com.ua\/product\/%d1%84%d1%96%d1%82%d1%96%d0%bd%d0%b3-%d0%bf%d1%80%d1%8f%d0%bc%d0%b8%d0%b9-%d0%bf%d0%b5%d1%80%d0%b5%d1%85%d1%96%d0%b4%d0%bd%d0%b8%d0%b9-camozzi-6580\/\",\"name\":\"\u0424\u0456\u0442\u0456\u043d\u0433 \u043f\u0440\u044f\u043c\u0438\u0439 \u043f\u0435\u0440\u0435\u0445\u0456\u0434\u043d\u0438\u0439 Camozzi 6580 - Glasir\",\"isPartOf\":{\"@id\":\"https:\/\/glasir.com.ua\/#website\"},\"primaryImageOfPage\":{\"@id\":\"https:\/\/glasir.com.ua\/product\/%d1%84%d1%96%d1%82%d1%96%d0%bd%d0%b3-%d0%bf%d1%80%d1%8f%d0%bc%d0%b8%d0%b9-%d0%bf%d0%b5%d1%80%d0%b5%d1%85%d1%96%d0%b4%d0%bd%d0%b8%d0%b9-camozzi-6580\/#primaryimage\"},\"image\":{\"@id\":\"https:\/\/glasir.com.ua\/product\/%d1%84%d1%96%d1%82%d1%96%d0%bd%d0%b3-%d0%bf%d1%80%d1%8f%d0%bc%d0%b8%d0%b9-%d0%bf%d0%b5%d1%80%d0%b5%d1%85%d1%96%d0%b4%d0%bd%d0%b8%d0%b9-camozzi-6580\/#primaryimage\"},\"thumbnailUrl\":\"https:\/\/glasir.com.ua\/wp-content\/uploads\/2024\/11\/6580.jpg\",\"datePublished\":\"2024-11-08T20:06:17+00:00\",\"dateModified\":\"2025-11-26T14:15:58+00:00\",\"breadcrumb\":{\"@id\":\"https:\/\/glasir.com.ua\/product\/%d1%84%d1%96%d1%82%d1%96%d0%bd%d0%b3-%d0%bf%d1%80%d1%8f%d0%bc%d0%b8%d0%b9-%d0%bf%d0%b5%d1%80%d0%b5%d1%85%d1%96%d0%b4%d0%bd%d0%b8%d0%b9-camozzi-6580\/#breadcrumb\"},\"inLanguage\":\"es\",\"potentialAction\":[{\"@type\":\"ReadAction\",\"target\":[\"https:\/\/glasir.com.ua\/product\/%d1%84%d1%96%d1%82%d1%96%d0%bd%d0%b3-%d0%bf%d1%80%d1%8f%d0%bc%d0%b8%d0%b9-%d0%bf%d0%b5%d1%80%d0%b5%d1%85%d1%96%d0%b4%d0%bd%d0%b8%d0%b9-camozzi-6580\/\"]}]},{\"@type\":\"ImageObject\",\"inLanguage\":\"es\",\"@id\":\"https:\/\/glasir.com.ua\/product\/%d1%84%d1%96%d1%82%d1%96%d0%bd%d0%b3-%d0%bf%d1%80%d1%8f%d0%bc%d0%b8%d0%b9-%d0%bf%d0%b5%d1%80%d0%b5%d1%85%d1%96%d0%b4%d0%bd%d0%b8%d0%b9-camozzi-6580\/#primaryimage\",\"url\":\"https:\/\/glasir.com.ua\/wp-content\/uploads\/2024\/11\/6580.jpg\",\"contentUrl\":\"https:\/\/glasir.com.ua\/wp-content\/uploads\/2024\/11\/6580.jpg\",\"width\":331,\"height\":333,\"caption\":\"Camozzi 6580\"},{\"@type\":\"BreadcrumbList\",\"@id\":\"https:\/\/glasir.com.ua\/product\/%d1%84%d1%96%d1%82%d1%96%d0%bd%d0%b3-%d0%bf%d1%80%d1%8f%d0%bc%d0%b8%d0%b9-%d0%bf%d0%b5%d1%80%d0%b5%d1%85%d1%96%d0%b4%d0%bd%d0%b8%d0%b9-camozzi-6580\/#breadcrumb\",\"itemListElement\":[{\"@type\":\"ListItem\",\"position\":1,\"name\":\"Home\",\"item\":\"https:\/\/glasir.com.ua\/\"},{\"@type\":\"ListItem\",\"position\":2,\"name\":\"\u0406\u043d\u0442\u0435\u0440\u043d\u0435\u0442-\u043c\u0430\u0433\u0430\u0437\u0438\u043d\",\"item\":\"https:\/\/glasir.com.ua\/shop\/\"},{\"@type\":\"ListItem\",\"position\":3,\"name\":\"\u0424\u0456\u0442\u0456\u043d\u0433 \u043f\u0440\u044f\u043c\u0438\u0439 \u043f\u0435\u0440\u0435\u0445\u0456\u0434\u043d\u0438\u0439 Camozzi 6580\"}]},{\"@type\":\"WebSite\",\"@id\":\"https:\/\/glasir.com.ua\/#website\",\"url\":\"https:\/\/glasir.com.ua\/\",\"name\":\"Glasir\",\"description\":\"\u041d\u0435\u043c\u0430\u0454 \u043f\u043e\u0440\u0456\u0432\u043d\u044f\u043d\u043d\u044f.\",\"publisher\":{\"@id\":\"https:\/\/glasir.com.ua\/#organization\"},\"potentialAction\":[{\"@type\":\"SearchAction\",\"target\":{\"@type\":\"EntryPoint\",\"urlTemplate\":\"https:\/\/glasir.com.ua\/?s={search_term_string}\"},\"query-input\":{\"@type\":\"PropertyValueSpecification\",\"valueRequired\":true,\"valueName\":\"search_term_string\"}}],\"inLanguage\":\"es\"},{\"@type\":\"Organization\",\"@id\":\"https:\/\/glasir.com.ua\/#organization\",\"name\":\"Glasir\",\"url\":\"https:\/\/glasir.com.ua\/\",\"logo\":{\"@type\":\"ImageObject\",\"inLanguage\":\"es\",\"@id\":\"https:\/\/glasir.com.ua\/#\/schema\/logo\/image\/\",\"url\":\"https:\/\/glasir.com.ua\/wp-content\/uploads\/2023\/06\/cropped-llc-glasir.png\",\"contentUrl\":\"https:\/\/glasir.com.ua\/wp-content\/uploads\/2023\/06\/cropped-llc-glasir.png\",\"width\":250,\"height\":250,\"caption\":\"Glasir\"},\"image\":{\"@id\":\"https:\/\/glasir.com.ua\/#\/schema\/logo\/image\/\"},\"sameAs\":[\"https:\/\/www.pinterest.com\/llc_glasir\",\"https:\/\/g.co\/kgs\/7CK1iZr\"]}]}<\/script>\n<!-- \/ Yoast SEO plugin. -->","yoast_head_json":{"title":"Adaptador recto Camozzi 6580 - Glasir","robots":{"index":"index","follow":"follow","max-snippet":"max-snippet:-1","max-image-preview":"max-image-preview:large","max-video-preview":"max-video-preview:-1"},"canonical":"https:\/\/glasir.com.ua\/es\/product\/\u0444\u0456\u0442\u0456\u043d\u0433-\u043f\u0440\u044f\u043c\u0438\u0439-\u043f\u0435\u0440\u0435\u0445\u0456\u0434\u043d\u0438\u0439-camozzi-6580\/","og_locale":"es_ES","og_type":"article","og_title":"\u0424\u0456\u0442\u0456\u043d\u0433 \u043f\u0440\u044f\u043c\u0438\u0439 \u043f\u0435\u0440\u0435\u0445\u0456\u0434\u043d\u0438\u0439 Camozzi 6580 - Glasir","og_description":"\u0424\u0456\u0442\u0456\u043d\u0433 \u043f\u0440\u044f\u043c\u0438\u0439 \u043f\u0435\u0440\u0435\u0445\u0456\u0434\u043d\u0438\u0439 Camozzi 6580","og_url":"https:\/\/glasir.com.ua\/es\/product\/\u0444\u0456\u0442\u0456\u043d\u0433-\u043f\u0440\u044f\u043c\u0438\u0439-\u043f\u0435\u0440\u0435\u0445\u0456\u0434\u043d\u0438\u0439-camozzi-6580\/","og_site_name":"Glasir","article_modified_time":"2025-11-26T14:15:58+00:00","og_image":[{"width":331,"height":333,"url":"http:\/\/glasir.com.ua\/wp-content\/uploads\/2024\/11\/6580.jpg","type":"image\/jpeg"}],"twitter_card":"summary_large_image","twitter_misc":{"Tiempo de lectura":"1 minuto"},"schema":{"@context":"https:\/\/schema.org","@graph":[{"@type":["WebPage","ItemPage"],"@id":"https:\/\/glasir.com.ua\/product\/%d1%84%d1%96%d1%82%d1%96%d0%bd%d0%b3-%d0%bf%d1%80%d1%8f%d0%bc%d0%b8%d0%b9-%d0%bf%d0%b5%d1%80%d0%b5%d1%85%d1%96%d0%b4%d0%bd%d0%b8%d0%b9-camozzi-6580\/","url":"https:\/\/glasir.com.ua\/product\/%d1%84%d1%96%d1%82%d1%96%d0%bd%d0%b3-%d0%bf%d1%80%d1%8f%d0%bc%d0%b8%d0%b9-%d0%bf%d0%b5%d1%80%d0%b5%d1%85%d1%96%d0%b4%d0%bd%d0%b8%d0%b9-camozzi-6580\/","name":"Adaptador recto Camozzi 6580 - Glasir","isPartOf":{"@id":"https:\/\/glasir.com.ua\/#website"},"primaryImageOfPage":{"@id":"https:\/\/glasir.com.ua\/product\/%d1%84%d1%96%d1%82%d1%96%d0%bd%d0%b3-%d0%bf%d1%80%d1%8f%d0%bc%d0%b8%d0%b9-%d0%bf%d0%b5%d1%80%d0%b5%d1%85%d1%96%d0%b4%d0%bd%d0%b8%d0%b9-camozzi-6580\/#primaryimage"},"image":{"@id":"https:\/\/glasir.com.ua\/product\/%d1%84%d1%96%d1%82%d1%96%d0%bd%d0%b3-%d0%bf%d1%80%d1%8f%d0%bc%d0%b8%d0%b9-%d0%bf%d0%b5%d1%80%d0%b5%d1%85%d1%96%d0%b4%d0%bd%d0%b8%d0%b9-camozzi-6580\/#primaryimage"},"thumbnailUrl":"https:\/\/glasir.com.ua\/wp-content\/uploads\/2024\/11\/6580.jpg","datePublished":"2024-11-08T20:06:17+00:00","dateModified":"2025-11-26T14:15:58+00:00","breadcrumb":{"@id":"https:\/\/glasir.com.ua\/product\/%d1%84%d1%96%d1%82%d1%96%d0%bd%d0%b3-%d0%bf%d1%80%d1%8f%d0%bc%d0%b8%d0%b9-%d0%bf%d0%b5%d1%80%d0%b5%d1%85%d1%96%d0%b4%d0%bd%d0%b8%d0%b9-camozzi-6580\/#breadcrumb"},"inLanguage":"es","potentialAction":[{"@type":"ReadAction","target":["https:\/\/glasir.com.ua\/product\/%d1%84%d1%96%d1%82%d1%96%d0%bd%d0%b3-%d0%bf%d1%80%d1%8f%d0%bc%d0%b8%d0%b9-%d0%bf%d0%b5%d1%80%d0%b5%d1%85%d1%96%d0%b4%d0%bd%d0%b8%d0%b9-camozzi-6580\/"]}]},{"@type":"ImageObject","inLanguage":"es","@id":"https:\/\/glasir.com.ua\/product\/%d1%84%d1%96%d1%82%d1%96%d0%bd%d0%b3-%d0%bf%d1%80%d1%8f%d0%bc%d0%b8%d0%b9-%d0%bf%d0%b5%d1%80%d0%b5%d1%85%d1%96%d0%b4%d0%bd%d0%b8%d0%b9-camozzi-6580\/#primaryimage","url":"https:\/\/glasir.com.ua\/wp-content\/uploads\/2024\/11\/6580.jpg","contentUrl":"https:\/\/glasir.com.ua\/wp-content\/uploads\/2024\/11\/6580.jpg","width":331,"height":333,"caption":"Camozzi 6580"},{"@type":"BreadcrumbList","@id":"https:\/\/glasir.com.ua\/product\/%d1%84%d1%96%d1%82%d1%96%d0%bd%d0%b3-%d0%bf%d1%80%d1%8f%d0%bc%d0%b8%d0%b9-%d0%bf%d0%b5%d1%80%d0%b5%d1%85%d1%96%d0%b4%d0%bd%d0%b8%d0%b9-camozzi-6580\/#breadcrumb","itemListElement":[{"@type":"ListItem","position":1,"name":"Home","item":"https:\/\/glasir.com.ua\/"},{"@type":"ListItem","position":2,"name":"\u0406\u043d\u0442\u0435\u0440\u043d\u0435\u0442-\u043c\u0430\u0433\u0430\u0437\u0438\u043d","item":"https:\/\/glasir.com.ua\/shop\/"},{"@type":"ListItem","position":3,"name":"\u0424\u0456\u0442\u0456\u043d\u0433 \u043f\u0440\u044f\u043c\u0438\u0439 \u043f\u0435\u0440\u0435\u0445\u0456\u0434\u043d\u0438\u0439 Camozzi 6580"}]},{"@type":"WebSite","@id":"https:\/\/glasir.com.ua\/#website","url":"https:\/\/glasir.com.ua\/","name":"Glasir","description":"No hay comparaci\u00f3n","publisher":{"@id":"https:\/\/glasir.com.ua\/#organization"},"potentialAction":[{"@type":"SearchAction","target":{"@type":"EntryPoint","urlTemplate":"https:\/\/glasir.com.ua\/?s={search_term_string}"},"query-input":{"@type":"PropertyValueSpecification","valueRequired":true,"valueName":"search_term_string"}}],"inLanguage":"es"},{"@type":"Organization","@id":"https:\/\/glasir.com.ua\/#organization","name":"Glasir","url":"https:\/\/glasir.com.ua\/","logo":{"@type":"ImageObject","inLanguage":"es","@id":"https:\/\/glasir.com.ua\/#\/schema\/logo\/image\/","url":"https:\/\/glasir.com.ua\/wp-content\/uploads\/2023\/06\/cropped-llc-glasir.png","contentUrl":"https:\/\/glasir.com.ua\/wp-content\/uploads\/2023\/06\/cropped-llc-glasir.png","width":250,"height":250,"caption":"Glasir"},"image":{"@id":"https:\/\/glasir.com.ua\/#\/schema\/logo\/image\/"},"sameAs":["https:\/\/www.pinterest.com\/llc_glasir","https:\/\/g.co\/kgs\/7CK1iZr"]}]}},"_links":{"self":[{"href":"https:\/\/glasir.com.ua\/es\/wp-json\/wp\/v2\/product\/1229","targetHints":{"allow":["GET"]}}],"collection":[{"href":"https:\/\/glasir.com.ua\/es\/wp-json\/wp\/v2\/product"}],"about":[{"href":"https:\/\/glasir.com.ua\/es\/wp-json\/wp\/v2\/types\/product"}],"replies":[{"embeddable":true,"href":"https:\/\/glasir.com.ua\/es\/wp-json\/wp\/v2\/comments?post=1229"}],"wp:featuredmedia":[{"embeddable":true,"href":"https:\/\/glasir.com.ua\/es\/wp-json\/wp\/v2\/media\/1231"}],"wp:attachment":[{"href":"https:\/\/glasir.com.ua\/es\/wp-json\/wp\/v2\/media?parent=1229"}],"wp:term":[{"taxonomy":"product_brand","embeddable":true,"href":"https:\/\/glasir.com.ua\/es\/wp-json\/wp\/v2\/product_brand?post=1229"},{"taxonomy":"product_cat","embeddable":true,"href":"https:\/\/glasir.com.ua\/es\/wp-json\/wp\/v2\/product_cat?post=1229"},{"taxonomy":"product_tag","embeddable":true,"href":"https:\/\/glasir.com.ua\/es\/wp-json\/wp\/v2\/product_tag?post=1229"}],"curies":[{"name":"wp","href":"https:\/\/api.w.org\/{rel}","templated":true}]}}