{"id":1159,"date":"2024-11-08T21:41:04","date_gmt":"2024-11-08T19:41:04","guid":{"rendered":"https:\/\/glasir.com.ua\/?post_type=product&#038;p=1159"},"modified":"2025-11-27T10:24:27","modified_gmt":"2025-11-27T08:24:27","slug":"%d1%82%d1%80%d1%83%d0%b1%d0%ba%d0%b0-%d0%bf%d0%bd%d0%b5%d0%b2%d0%bc%d0%b0%d1%82%d0%b8%d1%87%d0%bd%d0%b0-%d0%bf%d0%be%d0%bb%d1%96%d1%83%d1%80%d0%b5%d1%82%d0%b0%d0%bd%d0%be%d0%b2%d0%b0-mebra-plastik-i-5","status":"publish","type":"product","link":"https:\/\/glasir.com.ua\/es\/product\/%d1%82%d1%80%d1%83%d0%b1%d0%ba%d0%b0-%d0%bf%d0%bd%d0%b5%d0%b2%d0%bc%d0%b0%d1%82%d0%b8%d1%87%d0%bd%d0%b0-%d0%bf%d0%be%d0%bb%d1%96%d1%83%d1%80%d0%b5%d1%82%d0%b0%d0%bd%d0%be%d0%b2%d0%b0-mebra-plastik-i-5\/","title":{"rendered":"Tubo neum\u00e1tico de poliuretano Mebra Plastik Italia PU98 8X12"},"content":{"rendered":"<p>Tubo de poliuretano Mebra Plastik Italia PU98 8X12 (12 mm \u2013 exterior, 8 mm \u2013 interior, pared \u2013 2 mm)<\/p>\n<p>Presi\u00f3n de trabajo \u2013 9 bar (a 20\u00b0C)<\/p>\n<p>Bah\u00eda \u2013 50 metros. El precio es por metro.<\/p>\n<p>Tubo neum\u00e1tico de poliuretano PU98: alta elasticidad y superficie lisa. Los tubos de poliuretano se utilizan para la transmisi\u00f3n de aire en sistemas neum\u00e1ticos de presi\u00f3n est\u00e1ndar. Los tubos de poliuretano se utilizan ampliamente en sistemas neum\u00e1ticos m\u00f3viles, donde la elasticidad de los tubos es particularmente importante. Tiene una excelente resistencia a los aceites y solventes y no es susceptible al envejecimiento por ozono.<\/p>\n<p>Temperatura de funcionamiento del tubo de poliuretano: -40\u2026+60 \u00b0C, dureza 98 ShA\/52 ShD<\/p>\n<p style=\"text-align: center\"><a href=\"http:\/\/glasir.com.ua\/wp-content\/uploads\/2024\/08\/mebra-catalogue.pdf\">Descargue el cat\u00e1logo completo de Mebra Plastik Italia<\/a><\/p>\n<p><img loading=\"lazy\" decoding=\"async\" class=\"size-medium wp-image-1125 aligncenter\" src=\"http:\/\/glasir.com.ua\/wp-content\/uploads\/2024\/08\/mebra-plastik-italia-371x500.png\" alt=\"Tubos neum\u00e1ticos Mebra Plastik Italia\" width=\"371\" height=\"500\" srcset=\"https:\/\/glasir.com.ua\/wp-content\/uploads\/2024\/08\/mebra-plastik-italia-371x500.png 371w, https:\/\/glasir.com.ua\/wp-content\/uploads\/2024\/08\/mebra-plastik-italia-350x472.png 350w, https:\/\/glasir.com.ua\/wp-content\/uploads\/2024\/08\/mebra-plastik-italia-64x86.png 64w, https:\/\/glasir.com.ua\/wp-content\/uploads\/2024\/08\/mebra-plastik-italia.png 766w\" sizes=\"auto, (max-width: 371px) 100vw, 371px\" \/><\/p>\n<p>Si est\u00e1 buscando un c\u00f3digo de producto espec\u00edfico de Mebra Plastik Italia, pero no lo encontr\u00f3 entre nuestras ofertas, por favor <a href=\"https:\/\/glasir.com.ua\/es\/contactos\/\">Env\u00edanos una solicitud<\/a>.<br \/>\nEl equipo de Glasir estar\u00e1 encantado de atenderle y preparar una oferta comercial.<br \/>\nSiempre estamos dispuestos a brindarle la informaci\u00f3n necesaria y encontrar la soluci\u00f3n \u00f3ptima para su negocio.<br \/>\nEnv\u00edanos tus peticiones y estaremos encantados de ayudarte!<\/p>","protected":false},"excerpt":{"rendered":"<p>Tubo de poliuretano Mebra Plastik Italia PU98 8X12 (12 mm \u2013 exterior, 8 mm \u2013 interior, pared \u2013 2 mm)<\/p>","protected":false},"featured_media":1128,"comment_status":"open","ping_status":"closed","template":"","meta":[],"product_brand":[],"product_cat":[179],"product_tag":[182],"class_list":{"0":"post-1159","1":"product","2":"type-product","3":"status-publish","4":"has-post-thumbnail","6":"product_cat---mebra-plastik-italia","7":"product_tag-mebra-plastik-italia","9":"first","10":"onbackorder","11":"taxable","12":"shipping-taxable","13":"purchasable","14":"product-type-variable"},"yoast_head":"<!-- This site is optimized with the Yoast SEO plugin v27.2 - https:\/\/yoast.com\/product\/yoast-seo-wordpress\/ -->\n<title>\u0422\u0440\u0443\u0431\u043a\u0430 \u043f\u043d\u0435\u0432\u043c\u0430\u0442\u0438\u0447\u043d\u0430 \u043f\u043e\u043b\u0456\u0443\u0440\u0435\u0442\u0430\u043d\u043e\u0432\u0430 Mebra Plastik Italia PU98 8X12 - Glasir<\/title>\n<meta name=\"robots\" content=\"index, follow, max-snippet:-1, max-image-preview:large, max-video-preview:-1\" \/>\n<link rel=\"canonical\" href=\"https:\/\/glasir.com.ua\/es\/product\/\u0442\u0440\u0443\u0431\u043a\u0430-\u043f\u043d\u0435\u0432\u043c\u0430\u0442\u0438\u0447\u043d\u0430-\u043f\u043e\u043b\u0456\u0443\u0440\u0435\u0442\u0430\u043d\u043e\u0432\u0430-mebra-plastik-i-5\/\" \/>\n<meta property=\"og:locale\" content=\"es_ES\" \/>\n<meta property=\"og:type\" content=\"article\" \/>\n<meta property=\"og:title\" content=\"\u0422\u0440\u0443\u0431\u043a\u0430 \u043f\u043d\u0435\u0432\u043c\u0430\u0442\u0438\u0447\u043d\u0430 \u043f\u043e\u043b\u0456\u0443\u0440\u0435\u0442\u0430\u043d\u043e\u0432\u0430 Mebra Plastik Italia PU98 8X12 - Glasir\" \/>\n<meta property=\"og:description\" content=\"\u0422\u0440\u0443\u0431\u043a\u0430 \u043f\u043e\u043b\u0456\u0443\u0440\u0435\u0442\u0430\u043d\u043e\u0432\u0430 Mebra Plastik Italia PU98 8X12 (12\u043c\u043c - \u0437\u043e\u0432\u043d\u0456\u0448\u043d\u0456\u0439, 8\u043c\u043c - \u0432\u043d\u0443\u0442\u0440\u0456\u0448\u043d\u0456\u0439, \u0441\u0442\u0456\u043d\u043a\u0430 - 2\u043c\u043c)\" \/>\n<meta property=\"og:url\" content=\"https:\/\/glasir.com.ua\/es\/product\/\u0442\u0440\u0443\u0431\u043a\u0430-\u043f\u043d\u0435\u0432\u043c\u0430\u0442\u0438\u0447\u043d\u0430-\u043f\u043e\u043b\u0456\u0443\u0440\u0435\u0442\u0430\u043d\u043e\u0432\u0430-mebra-plastik-i-5\/\" \/>\n<meta property=\"og:site_name\" content=\"Glasir\" \/>\n<meta property=\"article:modified_time\" content=\"2025-11-27T08:24:27+00:00\" \/>\n<meta property=\"og:image\" content=\"http:\/\/glasir.com.ua\/wp-content\/uploads\/2024\/08\/pu10x14a100-mebra.jpg\" \/>\n\t<meta property=\"og:image:width\" content=\"800\" \/>\n\t<meta property=\"og:image:height\" content=\"600\" \/>\n\t<meta property=\"og:image:type\" content=\"image\/jpeg\" \/>\n<meta name=\"twitter:card\" content=\"summary_large_image\" \/>\n<meta name=\"twitter:label1\" content=\"Tiempo de lectura\" \/>\n\t<meta name=\"twitter:data1\" content=\"2 minutos\" \/>\n<script type=\"application\/ld+json\" class=\"yoast-schema-graph\">{\"@context\":\"https:\/\/schema.org\",\"@graph\":[{\"@type\":[\"WebPage\",\"ItemPage\"],\"@id\":\"https:\/\/glasir.com.ua\/product\/%d1%82%d1%80%d1%83%d0%b1%d0%ba%d0%b0-%d0%bf%d0%bd%d0%b5%d0%b2%d0%bc%d0%b0%d1%82%d0%b8%d1%87%d0%bd%d0%b0-%d0%bf%d0%be%d0%bb%d1%96%d1%83%d1%80%d0%b5%d1%82%d0%b0%d0%bd%d0%be%d0%b2%d0%b0-mebra-plastik-i-5\/\",\"url\":\"https:\/\/glasir.com.ua\/product\/%d1%82%d1%80%d1%83%d0%b1%d0%ba%d0%b0-%d0%bf%d0%bd%d0%b5%d0%b2%d0%bc%d0%b0%d1%82%d0%b8%d1%87%d0%bd%d0%b0-%d0%bf%d0%be%d0%bb%d1%96%d1%83%d1%80%d0%b5%d1%82%d0%b0%d0%bd%d0%be%d0%b2%d0%b0-mebra-plastik-i-5\/\",\"name\":\"\u0422\u0440\u0443\u0431\u043a\u0430 \u043f\u043d\u0435\u0432\u043c\u0430\u0442\u0438\u0447\u043d\u0430 \u043f\u043e\u043b\u0456\u0443\u0440\u0435\u0442\u0430\u043d\u043e\u0432\u0430 Mebra Plastik Italia PU98 8X12 - Glasir\",\"isPartOf\":{\"@id\":\"https:\/\/glasir.com.ua\/#website\"},\"primaryImageOfPage\":{\"@id\":\"https:\/\/glasir.com.ua\/product\/%d1%82%d1%80%d1%83%d0%b1%d0%ba%d0%b0-%d0%bf%d0%bd%d0%b5%d0%b2%d0%bc%d0%b0%d1%82%d0%b8%d1%87%d0%bd%d0%b0-%d0%bf%d0%be%d0%bb%d1%96%d1%83%d1%80%d0%b5%d1%82%d0%b0%d0%bd%d0%be%d0%b2%d0%b0-mebra-plastik-i-5\/#primaryimage\"},\"image\":{\"@id\":\"https:\/\/glasir.com.ua\/product\/%d1%82%d1%80%d1%83%d0%b1%d0%ba%d0%b0-%d0%bf%d0%bd%d0%b5%d0%b2%d0%bc%d0%b0%d1%82%d0%b8%d1%87%d0%bd%d0%b0-%d0%bf%d0%be%d0%bb%d1%96%d1%83%d1%80%d0%b5%d1%82%d0%b0%d0%bd%d0%be%d0%b2%d0%b0-mebra-plastik-i-5\/#primaryimage\"},\"thumbnailUrl\":\"https:\/\/glasir.com.ua\/wp-content\/uploads\/2024\/08\/pu10x14a100-mebra.jpg\",\"datePublished\":\"2024-11-08T19:41:04+00:00\",\"dateModified\":\"2025-11-27T08:24:27+00:00\",\"breadcrumb\":{\"@id\":\"https:\/\/glasir.com.ua\/product\/%d1%82%d1%80%d1%83%d0%b1%d0%ba%d0%b0-%d0%bf%d0%bd%d0%b5%d0%b2%d0%bc%d0%b0%d1%82%d0%b8%d1%87%d0%bd%d0%b0-%d0%bf%d0%be%d0%bb%d1%96%d1%83%d1%80%d0%b5%d1%82%d0%b0%d0%bd%d0%be%d0%b2%d0%b0-mebra-plastik-i-5\/#breadcrumb\"},\"inLanguage\":\"es\",\"potentialAction\":[{\"@type\":\"ReadAction\",\"target\":[\"https:\/\/glasir.com.ua\/product\/%d1%82%d1%80%d1%83%d0%b1%d0%ba%d0%b0-%d0%bf%d0%bd%d0%b5%d0%b2%d0%bc%d0%b0%d1%82%d0%b8%d1%87%d0%bd%d0%b0-%d0%bf%d0%be%d0%bb%d1%96%d1%83%d1%80%d0%b5%d1%82%d0%b0%d0%bd%d0%be%d0%b2%d0%b0-mebra-plastik-i-5\/\"]}]},{\"@type\":\"ImageObject\",\"inLanguage\":\"es\",\"@id\":\"https:\/\/glasir.com.ua\/product\/%d1%82%d1%80%d1%83%d0%b1%d0%ba%d0%b0-%d0%bf%d0%bd%d0%b5%d0%b2%d0%bc%d0%b0%d1%82%d0%b8%d1%87%d0%bd%d0%b0-%d0%bf%d0%be%d0%bb%d1%96%d1%83%d1%80%d0%b5%d1%82%d0%b0%d0%bd%d0%be%d0%b2%d0%b0-mebra-plastik-i-5\/#primaryimage\",\"url\":\"https:\/\/glasir.com.ua\/wp-content\/uploads\/2024\/08\/pu10x14a100-mebra.jpg\",\"contentUrl\":\"https:\/\/glasir.com.ua\/wp-content\/uploads\/2024\/08\/pu10x14a100-mebra.jpg\",\"width\":800,\"height\":600,\"caption\":\"\u041f\u043d\u0435\u0432\u043c\u0430\u0442\u0438\u0447\u043d\u0456 \u0442\u0440\u0443\u0431\u043a\u0438 PU98 10X14\"},{\"@type\":\"BreadcrumbList\",\"@id\":\"https:\/\/glasir.com.ua\/product\/%d1%82%d1%80%d1%83%d0%b1%d0%ba%d0%b0-%d0%bf%d0%bd%d0%b5%d0%b2%d0%bc%d0%b0%d1%82%d0%b8%d1%87%d0%bd%d0%b0-%d0%bf%d0%be%d0%bb%d1%96%d1%83%d1%80%d0%b5%d1%82%d0%b0%d0%bd%d0%be%d0%b2%d0%b0-mebra-plastik-i-5\/#breadcrumb\",\"itemListElement\":[{\"@type\":\"ListItem\",\"position\":1,\"name\":\"Home\",\"item\":\"https:\/\/glasir.com.ua\/\"},{\"@type\":\"ListItem\",\"position\":2,\"name\":\"\u0406\u043d\u0442\u0435\u0440\u043d\u0435\u0442-\u043c\u0430\u0433\u0430\u0437\u0438\u043d\",\"item\":\"https:\/\/glasir.com.ua\/shop\/\"},{\"@type\":\"ListItem\",\"position\":3,\"name\":\"\u0422\u0440\u0443\u0431\u043a\u0430 \u043f\u043d\u0435\u0432\u043c\u0430\u0442\u0438\u0447\u043d\u0430 \u043f\u043e\u043b\u0456\u0443\u0440\u0435\u0442\u0430\u043d\u043e\u0432\u0430 Mebra Plastik Italia PU98 8X12\"}]},{\"@type\":\"WebSite\",\"@id\":\"https:\/\/glasir.com.ua\/#website\",\"url\":\"https:\/\/glasir.com.ua\/\",\"name\":\"Glasir\",\"description\":\"\u041d\u0435\u043c\u0430\u0454 \u043f\u043e\u0440\u0456\u0432\u043d\u044f\u043d\u043d\u044f.\",\"publisher\":{\"@id\":\"https:\/\/glasir.com.ua\/#organization\"},\"potentialAction\":[{\"@type\":\"SearchAction\",\"target\":{\"@type\":\"EntryPoint\",\"urlTemplate\":\"https:\/\/glasir.com.ua\/?s={search_term_string}\"},\"query-input\":{\"@type\":\"PropertyValueSpecification\",\"valueRequired\":true,\"valueName\":\"search_term_string\"}}],\"inLanguage\":\"es\"},{\"@type\":\"Organization\",\"@id\":\"https:\/\/glasir.com.ua\/#organization\",\"name\":\"Glasir\",\"url\":\"https:\/\/glasir.com.ua\/\",\"logo\":{\"@type\":\"ImageObject\",\"inLanguage\":\"es\",\"@id\":\"https:\/\/glasir.com.ua\/#\/schema\/logo\/image\/\",\"url\":\"https:\/\/glasir.com.ua\/wp-content\/uploads\/2023\/06\/cropped-llc-glasir.png\",\"contentUrl\":\"https:\/\/glasir.com.ua\/wp-content\/uploads\/2023\/06\/cropped-llc-glasir.png\",\"width\":250,\"height\":250,\"caption\":\"Glasir\"},\"image\":{\"@id\":\"https:\/\/glasir.com.ua\/#\/schema\/logo\/image\/\"},\"sameAs\":[\"https:\/\/www.pinterest.com\/llc_glasir\",\"https:\/\/g.co\/kgs\/7CK1iZr\"]}]}<\/script>\n<!-- \/ Yoast SEO plugin. -->","yoast_head_json":{"title":"Tubo neum\u00e1tico de poliuretano Mebra Plastik Italia PU98 8X12 - Glasir","robots":{"index":"index","follow":"follow","max-snippet":"max-snippet:-1","max-image-preview":"max-image-preview:large","max-video-preview":"max-video-preview:-1"},"canonical":"https:\/\/glasir.com.ua\/es\/product\/\u0442\u0440\u0443\u0431\u043a\u0430-\u043f\u043d\u0435\u0432\u043c\u0430\u0442\u0438\u0447\u043d\u0430-\u043f\u043e\u043b\u0456\u0443\u0440\u0435\u0442\u0430\u043d\u043e\u0432\u0430-mebra-plastik-i-5\/","og_locale":"es_ES","og_type":"article","og_title":"\u0422\u0440\u0443\u0431\u043a\u0430 \u043f\u043d\u0435\u0432\u043c\u0430\u0442\u0438\u0447\u043d\u0430 \u043f\u043e\u043b\u0456\u0443\u0440\u0435\u0442\u0430\u043d\u043e\u0432\u0430 Mebra Plastik Italia PU98 8X12 - Glasir","og_description":"\u0422\u0440\u0443\u0431\u043a\u0430 \u043f\u043e\u043b\u0456\u0443\u0440\u0435\u0442\u0430\u043d\u043e\u0432\u0430 Mebra Plastik Italia PU98 8X12 (12\u043c\u043c - \u0437\u043e\u0432\u043d\u0456\u0448\u043d\u0456\u0439, 8\u043c\u043c - \u0432\u043d\u0443\u0442\u0440\u0456\u0448\u043d\u0456\u0439, \u0441\u0442\u0456\u043d\u043a\u0430 - 2\u043c\u043c)","og_url":"https:\/\/glasir.com.ua\/es\/product\/\u0442\u0440\u0443\u0431\u043a\u0430-\u043f\u043d\u0435\u0432\u043c\u0430\u0442\u0438\u0447\u043d\u0430-\u043f\u043e\u043b\u0456\u0443\u0440\u0435\u0442\u0430\u043d\u043e\u0432\u0430-mebra-plastik-i-5\/","og_site_name":"Glasir","article_modified_time":"2025-11-27T08:24:27+00:00","og_image":[{"width":800,"height":600,"url":"http:\/\/glasir.com.ua\/wp-content\/uploads\/2024\/08\/pu10x14a100-mebra.jpg","type":"image\/jpeg"}],"twitter_card":"summary_large_image","twitter_misc":{"Tiempo de lectura":"2 minutos"},"schema":{"@context":"https:\/\/schema.org","@graph":[{"@type":["WebPage","ItemPage"],"@id":"https:\/\/glasir.com.ua\/product\/%d1%82%d1%80%d1%83%d0%b1%d0%ba%d0%b0-%d0%bf%d0%bd%d0%b5%d0%b2%d0%bc%d0%b0%d1%82%d0%b8%d1%87%d0%bd%d0%b0-%d0%bf%d0%be%d0%bb%d1%96%d1%83%d1%80%d0%b5%d1%82%d0%b0%d0%bd%d0%be%d0%b2%d0%b0-mebra-plastik-i-5\/","url":"https:\/\/glasir.com.ua\/product\/%d1%82%d1%80%d1%83%d0%b1%d0%ba%d0%b0-%d0%bf%d0%bd%d0%b5%d0%b2%d0%bc%d0%b0%d1%82%d0%b8%d1%87%d0%bd%d0%b0-%d0%bf%d0%be%d0%bb%d1%96%d1%83%d1%80%d0%b5%d1%82%d0%b0%d0%bd%d0%be%d0%b2%d0%b0-mebra-plastik-i-5\/","name":"Tubo neum\u00e1tico de poliuretano Mebra Plastik Italia PU98 8X12 - Glasir","isPartOf":{"@id":"https:\/\/glasir.com.ua\/#website"},"primaryImageOfPage":{"@id":"https:\/\/glasir.com.ua\/product\/%d1%82%d1%80%d1%83%d0%b1%d0%ba%d0%b0-%d0%bf%d0%bd%d0%b5%d0%b2%d0%bc%d0%b0%d1%82%d0%b8%d1%87%d0%bd%d0%b0-%d0%bf%d0%be%d0%bb%d1%96%d1%83%d1%80%d0%b5%d1%82%d0%b0%d0%bd%d0%be%d0%b2%d0%b0-mebra-plastik-i-5\/#primaryimage"},"image":{"@id":"https:\/\/glasir.com.ua\/product\/%d1%82%d1%80%d1%83%d0%b1%d0%ba%d0%b0-%d0%bf%d0%bd%d0%b5%d0%b2%d0%bc%d0%b0%d1%82%d0%b8%d1%87%d0%bd%d0%b0-%d0%bf%d0%be%d0%bb%d1%96%d1%83%d1%80%d0%b5%d1%82%d0%b0%d0%bd%d0%be%d0%b2%d0%b0-mebra-plastik-i-5\/#primaryimage"},"thumbnailUrl":"https:\/\/glasir.com.ua\/wp-content\/uploads\/2024\/08\/pu10x14a100-mebra.jpg","datePublished":"2024-11-08T19:41:04+00:00","dateModified":"2025-11-27T08:24:27+00:00","breadcrumb":{"@id":"https:\/\/glasir.com.ua\/product\/%d1%82%d1%80%d1%83%d0%b1%d0%ba%d0%b0-%d0%bf%d0%bd%d0%b5%d0%b2%d0%bc%d0%b0%d1%82%d0%b8%d1%87%d0%bd%d0%b0-%d0%bf%d0%be%d0%bb%d1%96%d1%83%d1%80%d0%b5%d1%82%d0%b0%d0%bd%d0%be%d0%b2%d0%b0-mebra-plastik-i-5\/#breadcrumb"},"inLanguage":"es","potentialAction":[{"@type":"ReadAction","target":["https:\/\/glasir.com.ua\/product\/%d1%82%d1%80%d1%83%d0%b1%d0%ba%d0%b0-%d0%bf%d0%bd%d0%b5%d0%b2%d0%bc%d0%b0%d1%82%d0%b8%d1%87%d0%bd%d0%b0-%d0%bf%d0%be%d0%bb%d1%96%d1%83%d1%80%d0%b5%d1%82%d0%b0%d0%bd%d0%be%d0%b2%d0%b0-mebra-plastik-i-5\/"]}]},{"@type":"ImageObject","inLanguage":"es","@id":"https:\/\/glasir.com.ua\/product\/%d1%82%d1%80%d1%83%d0%b1%d0%ba%d0%b0-%d0%bf%d0%bd%d0%b5%d0%b2%d0%bc%d0%b0%d1%82%d0%b8%d1%87%d0%bd%d0%b0-%d0%bf%d0%be%d0%bb%d1%96%d1%83%d1%80%d0%b5%d1%82%d0%b0%d0%bd%d0%be%d0%b2%d0%b0-mebra-plastik-i-5\/#primaryimage","url":"https:\/\/glasir.com.ua\/wp-content\/uploads\/2024\/08\/pu10x14a100-mebra.jpg","contentUrl":"https:\/\/glasir.com.ua\/wp-content\/uploads\/2024\/08\/pu10x14a100-mebra.jpg","width":800,"height":600,"caption":"\u041f\u043d\u0435\u0432\u043c\u0430\u0442\u0438\u0447\u043d\u0456 \u0442\u0440\u0443\u0431\u043a\u0438 PU98 10X14"},{"@type":"BreadcrumbList","@id":"https:\/\/glasir.com.ua\/product\/%d1%82%d1%80%d1%83%d0%b1%d0%ba%d0%b0-%d0%bf%d0%bd%d0%b5%d0%b2%d0%bc%d0%b0%d1%82%d0%b8%d1%87%d0%bd%d0%b0-%d0%bf%d0%be%d0%bb%d1%96%d1%83%d1%80%d0%b5%d1%82%d0%b0%d0%bd%d0%be%d0%b2%d0%b0-mebra-plastik-i-5\/#breadcrumb","itemListElement":[{"@type":"ListItem","position":1,"name":"Home","item":"https:\/\/glasir.com.ua\/"},{"@type":"ListItem","position":2,"name":"\u0406\u043d\u0442\u0435\u0440\u043d\u0435\u0442-\u043c\u0430\u0433\u0430\u0437\u0438\u043d","item":"https:\/\/glasir.com.ua\/shop\/"},{"@type":"ListItem","position":3,"name":"\u0422\u0440\u0443\u0431\u043a\u0430 \u043f\u043d\u0435\u0432\u043c\u0430\u0442\u0438\u0447\u043d\u0430 \u043f\u043e\u043b\u0456\u0443\u0440\u0435\u0442\u0430\u043d\u043e\u0432\u0430 Mebra Plastik Italia PU98 8X12"}]},{"@type":"WebSite","@id":"https:\/\/glasir.com.ua\/#website","url":"https:\/\/glasir.com.ua\/","name":"Glasir","description":"No hay comparaci\u00f3n","publisher":{"@id":"https:\/\/glasir.com.ua\/#organization"},"potentialAction":[{"@type":"SearchAction","target":{"@type":"EntryPoint","urlTemplate":"https:\/\/glasir.com.ua\/?s={search_term_string}"},"query-input":{"@type":"PropertyValueSpecification","valueRequired":true,"valueName":"search_term_string"}}],"inLanguage":"es"},{"@type":"Organization","@id":"https:\/\/glasir.com.ua\/#organization","name":"Glasir","url":"https:\/\/glasir.com.ua\/","logo":{"@type":"ImageObject","inLanguage":"es","@id":"https:\/\/glasir.com.ua\/#\/schema\/logo\/image\/","url":"https:\/\/glasir.com.ua\/wp-content\/uploads\/2023\/06\/cropped-llc-glasir.png","contentUrl":"https:\/\/glasir.com.ua\/wp-content\/uploads\/2023\/06\/cropped-llc-glasir.png","width":250,"height":250,"caption":"Glasir"},"image":{"@id":"https:\/\/glasir.com.ua\/#\/schema\/logo\/image\/"},"sameAs":["https:\/\/www.pinterest.com\/llc_glasir","https:\/\/g.co\/kgs\/7CK1iZr"]}]}},"_links":{"self":[{"href":"https:\/\/glasir.com.ua\/es\/wp-json\/wp\/v2\/product\/1159","targetHints":{"allow":["GET"]}}],"collection":[{"href":"https:\/\/glasir.com.ua\/es\/wp-json\/wp\/v2\/product"}],"about":[{"href":"https:\/\/glasir.com.ua\/es\/wp-json\/wp\/v2\/types\/product"}],"replies":[{"embeddable":true,"href":"https:\/\/glasir.com.ua\/es\/wp-json\/wp\/v2\/comments?post=1159"}],"wp:featuredmedia":[{"embeddable":true,"href":"https:\/\/glasir.com.ua\/es\/wp-json\/wp\/v2\/media\/1128"}],"wp:attachment":[{"href":"https:\/\/glasir.com.ua\/es\/wp-json\/wp\/v2\/media?parent=1159"}],"wp:term":[{"taxonomy":"product_brand","embeddable":true,"href":"https:\/\/glasir.com.ua\/es\/wp-json\/wp\/v2\/product_brand?post=1159"},{"taxonomy":"product_cat","embeddable":true,"href":"https:\/\/glasir.com.ua\/es\/wp-json\/wp\/v2\/product_cat?post=1159"},{"taxonomy":"product_tag","embeddable":true,"href":"https:\/\/glasir.com.ua\/es\/wp-json\/wp\/v2\/product_tag?post=1159"}],"curies":[{"name":"wp","href":"https:\/\/api.w.org\/{rel}","templated":true}]}}