{"id":1063,"date":"2024-08-03T11:05:24","date_gmt":"2024-08-03T08:05:24","guid":{"rendered":"https:\/\/glasir.com.ua\/?post_type=product&#038;p=1063"},"modified":"2025-11-27T09:39:15","modified_gmt":"2025-11-27T07:39:15","slug":"%d0%ba%d0%b0%d1%82%d1%83%d1%88%d0%ba%d0%b0-camozzi-u7j-230v-50-60hz","status":"publish","type":"product","link":"https:\/\/glasir.com.ua\/es\/product\/%d0%ba%d0%b0%d1%82%d1%83%d1%88%d0%ba%d0%b0-camozzi-u7j-230v-50-60hz\/","title":{"rendered":"Bobina Camozzi U7J 230 V 50\/60 Hz"},"content":{"rendered":"<p>Bobina Camozzi U7J 230 V 50\/60 Hz<\/p>\n<p>Bobina de solenoide Camozzi U7J<br \/>\nVoltaje 230 V\/CA-50\/60 Hz, potencia 3,5 VA<br \/>\nVoltaje 240V\/AC-50\/60 Hz, potencia 4VA<br \/>\nRango de tensi\u00f3n admisible V\/AC: -15%\/+10%<br \/>\nMaterial del solenoide: PET<br \/>\nConector de respuesta est\u00e1ndar: 122-800<br \/>\nConectores con LED: 122-703<br \/>\nEntorno de funcionamiento: humedad moderada a alta<br \/>\nVersi\u00f3n disponible: Certificada ATEX<\/p>\n<p>Si est\u00e1s buscando un c\u00f3digo de producto espec\u00edfico de Camozzi, pero no lo encuentras entre nuestras ofertas, por favor <a href=\"https:\/\/glasir.com.ua\/es\/contactos\/\">Env\u00edanos una solicitud<\/a>.<br \/>\nEl equipo de Glasir estar\u00e1 encantado de atenderle y preparar una oferta comercial.<br \/>\nSiempre estamos dispuestos a brindarle la informaci\u00f3n necesaria y encontrar la soluci\u00f3n \u00f3ptima para su negocio.<br \/>\nEnv\u00edanos tus peticiones y estaremos encantados de ayudarte!<\/p>","protected":false},"excerpt":{"rendered":"<p>Bobina Camozzi U7J 230 V 50\/60 Hz<\/p>","protected":false},"featured_media":829,"comment_status":"open","ping_status":"closed","template":"","meta":[],"product_brand":[],"product_cat":[122],"product_tag":[124],"class_list":{"0":"post-1063","1":"product","2":"type-product","3":"status-publish","4":"has-post-thumbnail","6":"product_cat-122","7":"product_tag-camozzi","9":"first","10":"instock","11":"taxable","12":"shipping-taxable","13":"purchasable","14":"product-type-simple"},"yoast_head":"<!-- This site is optimized with the Yoast SEO plugin v27.2 - https:\/\/yoast.com\/product\/yoast-seo-wordpress\/ -->\n<title>\u041a\u0430\u0442\u0443\u0448\u043a\u0430 Camozzi U7J 230V 50\/60Hz - Glasir<\/title>\n<meta name=\"robots\" content=\"index, follow, max-snippet:-1, max-image-preview:large, max-video-preview:-1\" \/>\n<link rel=\"canonical\" href=\"https:\/\/glasir.com.ua\/es\/product\/\u043a\u0430\u0442\u0443\u0448\u043a\u0430-camozzi-u7j-230v-50-60hz\/\" \/>\n<meta property=\"og:locale\" content=\"es_ES\" \/>\n<meta property=\"og:type\" content=\"article\" \/>\n<meta property=\"og:title\" content=\"\u041a\u0430\u0442\u0443\u0448\u043a\u0430 Camozzi U7J 230V 50\/60Hz - Glasir\" \/>\n<meta property=\"og:description\" content=\"\u041a\u0430\u0442\u0443\u0448\u043a\u0430 Camozzi U7J 230V 50\/60Hz\" \/>\n<meta property=\"og:url\" content=\"https:\/\/glasir.com.ua\/es\/product\/\u043a\u0430\u0442\u0443\u0448\u043a\u0430-camozzi-u7j-230v-50-60hz\/\" \/>\n<meta property=\"og:site_name\" content=\"Glasir\" \/>\n<meta property=\"article:modified_time\" content=\"2025-11-27T07:39:15+00:00\" \/>\n<meta property=\"og:image\" content=\"http:\/\/glasir.com.ua\/wp-content\/uploads\/2024\/02\/camozzi-u77.jpg\" \/>\n\t<meta property=\"og:image:width\" content=\"515\" \/>\n\t<meta property=\"og:image:height\" content=\"515\" \/>\n\t<meta property=\"og:image:type\" content=\"image\/jpeg\" \/>\n<meta name=\"twitter:card\" content=\"summary_large_image\" \/>\n<meta name=\"twitter:label1\" content=\"Tiempo de lectura\" \/>\n\t<meta name=\"twitter:data1\" content=\"1 minuto\" \/>\n<script type=\"application\/ld+json\" class=\"yoast-schema-graph\">{\"@context\":\"https:\/\/schema.org\",\"@graph\":[{\"@type\":[\"WebPage\",\"ItemPage\"],\"@id\":\"https:\/\/glasir.com.ua\/product\/%d0%ba%d0%b0%d1%82%d1%83%d1%88%d0%ba%d0%b0-camozzi-u7j-230v-50-60hz\/\",\"url\":\"https:\/\/glasir.com.ua\/product\/%d0%ba%d0%b0%d1%82%d1%83%d1%88%d0%ba%d0%b0-camozzi-u7j-230v-50-60hz\/\",\"name\":\"\u041a\u0430\u0442\u0443\u0448\u043a\u0430 Camozzi U7J 230V 50\/60Hz - Glasir\",\"isPartOf\":{\"@id\":\"https:\/\/glasir.com.ua\/#website\"},\"primaryImageOfPage\":{\"@id\":\"https:\/\/glasir.com.ua\/product\/%d0%ba%d0%b0%d1%82%d1%83%d1%88%d0%ba%d0%b0-camozzi-u7j-230v-50-60hz\/#primaryimage\"},\"image\":{\"@id\":\"https:\/\/glasir.com.ua\/product\/%d0%ba%d0%b0%d1%82%d1%83%d1%88%d0%ba%d0%b0-camozzi-u7j-230v-50-60hz\/#primaryimage\"},\"thumbnailUrl\":\"https:\/\/glasir.com.ua\/wp-content\/uploads\/2024\/02\/camozzi-u77.jpg\",\"datePublished\":\"2024-08-03T08:05:24+00:00\",\"dateModified\":\"2025-11-27T07:39:15+00:00\",\"breadcrumb\":{\"@id\":\"https:\/\/glasir.com.ua\/product\/%d0%ba%d0%b0%d1%82%d1%83%d1%88%d0%ba%d0%b0-camozzi-u7j-230v-50-60hz\/#breadcrumb\"},\"inLanguage\":\"es\",\"potentialAction\":[{\"@type\":\"ReadAction\",\"target\":[\"https:\/\/glasir.com.ua\/product\/%d0%ba%d0%b0%d1%82%d1%83%d1%88%d0%ba%d0%b0-camozzi-u7j-230v-50-60hz\/\"]}]},{\"@type\":\"ImageObject\",\"inLanguage\":\"es\",\"@id\":\"https:\/\/glasir.com.ua\/product\/%d0%ba%d0%b0%d1%82%d1%83%d1%88%d0%ba%d0%b0-camozzi-u7j-230v-50-60hz\/#primaryimage\",\"url\":\"https:\/\/glasir.com.ua\/wp-content\/uploads\/2024\/02\/camozzi-u77.jpg\",\"contentUrl\":\"https:\/\/glasir.com.ua\/wp-content\/uploads\/2024\/02\/camozzi-u77.jpg\",\"width\":515,\"height\":515,\"caption\":\"Camozzi U77\"},{\"@type\":\"BreadcrumbList\",\"@id\":\"https:\/\/glasir.com.ua\/product\/%d0%ba%d0%b0%d1%82%d1%83%d1%88%d0%ba%d0%b0-camozzi-u7j-230v-50-60hz\/#breadcrumb\",\"itemListElement\":[{\"@type\":\"ListItem\",\"position\":1,\"name\":\"Home\",\"item\":\"https:\/\/glasir.com.ua\/\"},{\"@type\":\"ListItem\",\"position\":2,\"name\":\"\u0406\u043d\u0442\u0435\u0440\u043d\u0435\u0442-\u043c\u0430\u0433\u0430\u0437\u0438\u043d\",\"item\":\"https:\/\/glasir.com.ua\/shop\/\"},{\"@type\":\"ListItem\",\"position\":3,\"name\":\"\u041a\u0430\u0442\u0443\u0448\u043a\u0430 Camozzi U7J 230V 50\/60Hz\"}]},{\"@type\":\"WebSite\",\"@id\":\"https:\/\/glasir.com.ua\/#website\",\"url\":\"https:\/\/glasir.com.ua\/\",\"name\":\"Glasir\",\"description\":\"\u041d\u0435\u043c\u0430\u0454 \u043f\u043e\u0440\u0456\u0432\u043d\u044f\u043d\u043d\u044f.\",\"publisher\":{\"@id\":\"https:\/\/glasir.com.ua\/#organization\"},\"potentialAction\":[{\"@type\":\"SearchAction\",\"target\":{\"@type\":\"EntryPoint\",\"urlTemplate\":\"https:\/\/glasir.com.ua\/?s={search_term_string}\"},\"query-input\":{\"@type\":\"PropertyValueSpecification\",\"valueRequired\":true,\"valueName\":\"search_term_string\"}}],\"inLanguage\":\"es\"},{\"@type\":\"Organization\",\"@id\":\"https:\/\/glasir.com.ua\/#organization\",\"name\":\"Glasir\",\"url\":\"https:\/\/glasir.com.ua\/\",\"logo\":{\"@type\":\"ImageObject\",\"inLanguage\":\"es\",\"@id\":\"https:\/\/glasir.com.ua\/#\/schema\/logo\/image\/\",\"url\":\"https:\/\/glasir.com.ua\/wp-content\/uploads\/2023\/06\/cropped-llc-glasir.png\",\"contentUrl\":\"https:\/\/glasir.com.ua\/wp-content\/uploads\/2023\/06\/cropped-llc-glasir.png\",\"width\":250,\"height\":250,\"caption\":\"Glasir\"},\"image\":{\"@id\":\"https:\/\/glasir.com.ua\/#\/schema\/logo\/image\/\"},\"sameAs\":[\"https:\/\/www.pinterest.com\/llc_glasir\",\"https:\/\/g.co\/kgs\/7CK1iZr\"]}]}<\/script>\n<!-- \/ Yoast SEO plugin. -->","yoast_head_json":{"title":"Bobina Camozzi U7J 230V 50\/60Hz - Glasir","robots":{"index":"index","follow":"follow","max-snippet":"max-snippet:-1","max-image-preview":"max-image-preview:large","max-video-preview":"max-video-preview:-1"},"canonical":"https:\/\/glasir.com.ua\/es\/product\/\u043a\u0430\u0442\u0443\u0448\u043a\u0430-camozzi-u7j-230v-50-60hz\/","og_locale":"es_ES","og_type":"article","og_title":"\u041a\u0430\u0442\u0443\u0448\u043a\u0430 Camozzi U7J 230V 50\/60Hz - Glasir","og_description":"\u041a\u0430\u0442\u0443\u0448\u043a\u0430 Camozzi U7J 230V 50\/60Hz","og_url":"https:\/\/glasir.com.ua\/es\/product\/\u043a\u0430\u0442\u0443\u0448\u043a\u0430-camozzi-u7j-230v-50-60hz\/","og_site_name":"Glasir","article_modified_time":"2025-11-27T07:39:15+00:00","og_image":[{"width":515,"height":515,"url":"http:\/\/glasir.com.ua\/wp-content\/uploads\/2024\/02\/camozzi-u77.jpg","type":"image\/jpeg"}],"twitter_card":"summary_large_image","twitter_misc":{"Tiempo de lectura":"1 minuto"},"schema":{"@context":"https:\/\/schema.org","@graph":[{"@type":["WebPage","ItemPage"],"@id":"https:\/\/glasir.com.ua\/product\/%d0%ba%d0%b0%d1%82%d1%83%d1%88%d0%ba%d0%b0-camozzi-u7j-230v-50-60hz\/","url":"https:\/\/glasir.com.ua\/product\/%d0%ba%d0%b0%d1%82%d1%83%d1%88%d0%ba%d0%b0-camozzi-u7j-230v-50-60hz\/","name":"Bobina Camozzi U7J 230V 50\/60Hz - Glasir","isPartOf":{"@id":"https:\/\/glasir.com.ua\/#website"},"primaryImageOfPage":{"@id":"https:\/\/glasir.com.ua\/product\/%d0%ba%d0%b0%d1%82%d1%83%d1%88%d0%ba%d0%b0-camozzi-u7j-230v-50-60hz\/#primaryimage"},"image":{"@id":"https:\/\/glasir.com.ua\/product\/%d0%ba%d0%b0%d1%82%d1%83%d1%88%d0%ba%d0%b0-camozzi-u7j-230v-50-60hz\/#primaryimage"},"thumbnailUrl":"https:\/\/glasir.com.ua\/wp-content\/uploads\/2024\/02\/camozzi-u77.jpg","datePublished":"2024-08-03T08:05:24+00:00","dateModified":"2025-11-27T07:39:15+00:00","breadcrumb":{"@id":"https:\/\/glasir.com.ua\/product\/%d0%ba%d0%b0%d1%82%d1%83%d1%88%d0%ba%d0%b0-camozzi-u7j-230v-50-60hz\/#breadcrumb"},"inLanguage":"es","potentialAction":[{"@type":"ReadAction","target":["https:\/\/glasir.com.ua\/product\/%d0%ba%d0%b0%d1%82%d1%83%d1%88%d0%ba%d0%b0-camozzi-u7j-230v-50-60hz\/"]}]},{"@type":"ImageObject","inLanguage":"es","@id":"https:\/\/glasir.com.ua\/product\/%d0%ba%d0%b0%d1%82%d1%83%d1%88%d0%ba%d0%b0-camozzi-u7j-230v-50-60hz\/#primaryimage","url":"https:\/\/glasir.com.ua\/wp-content\/uploads\/2024\/02\/camozzi-u77.jpg","contentUrl":"https:\/\/glasir.com.ua\/wp-content\/uploads\/2024\/02\/camozzi-u77.jpg","width":515,"height":515,"caption":"Camozzi U77"},{"@type":"BreadcrumbList","@id":"https:\/\/glasir.com.ua\/product\/%d0%ba%d0%b0%d1%82%d1%83%d1%88%d0%ba%d0%b0-camozzi-u7j-230v-50-60hz\/#breadcrumb","itemListElement":[{"@type":"ListItem","position":1,"name":"Home","item":"https:\/\/glasir.com.ua\/"},{"@type":"ListItem","position":2,"name":"\u0406\u043d\u0442\u0435\u0440\u043d\u0435\u0442-\u043c\u0430\u0433\u0430\u0437\u0438\u043d","item":"https:\/\/glasir.com.ua\/shop\/"},{"@type":"ListItem","position":3,"name":"\u041a\u0430\u0442\u0443\u0448\u043a\u0430 Camozzi U7J 230V 50\/60Hz"}]},{"@type":"WebSite","@id":"https:\/\/glasir.com.ua\/#website","url":"https:\/\/glasir.com.ua\/","name":"Glasir","description":"No hay comparaci\u00f3n","publisher":{"@id":"https:\/\/glasir.com.ua\/#organization"},"potentialAction":[{"@type":"SearchAction","target":{"@type":"EntryPoint","urlTemplate":"https:\/\/glasir.com.ua\/?s={search_term_string}"},"query-input":{"@type":"PropertyValueSpecification","valueRequired":true,"valueName":"search_term_string"}}],"inLanguage":"es"},{"@type":"Organization","@id":"https:\/\/glasir.com.ua\/#organization","name":"Glasir","url":"https:\/\/glasir.com.ua\/","logo":{"@type":"ImageObject","inLanguage":"es","@id":"https:\/\/glasir.com.ua\/#\/schema\/logo\/image\/","url":"https:\/\/glasir.com.ua\/wp-content\/uploads\/2023\/06\/cropped-llc-glasir.png","contentUrl":"https:\/\/glasir.com.ua\/wp-content\/uploads\/2023\/06\/cropped-llc-glasir.png","width":250,"height":250,"caption":"Glasir"},"image":{"@id":"https:\/\/glasir.com.ua\/#\/schema\/logo\/image\/"},"sameAs":["https:\/\/www.pinterest.com\/llc_glasir","https:\/\/g.co\/kgs\/7CK1iZr"]}]}},"_links":{"self":[{"href":"https:\/\/glasir.com.ua\/es\/wp-json\/wp\/v2\/product\/1063","targetHints":{"allow":["GET"]}}],"collection":[{"href":"https:\/\/glasir.com.ua\/es\/wp-json\/wp\/v2\/product"}],"about":[{"href":"https:\/\/glasir.com.ua\/es\/wp-json\/wp\/v2\/types\/product"}],"replies":[{"embeddable":true,"href":"https:\/\/glasir.com.ua\/es\/wp-json\/wp\/v2\/comments?post=1063"}],"wp:featuredmedia":[{"embeddable":true,"href":"https:\/\/glasir.com.ua\/es\/wp-json\/wp\/v2\/media\/829"}],"wp:attachment":[{"href":"https:\/\/glasir.com.ua\/es\/wp-json\/wp\/v2\/media?parent=1063"}],"wp:term":[{"taxonomy":"product_brand","embeddable":true,"href":"https:\/\/glasir.com.ua\/es\/wp-json\/wp\/v2\/product_brand?post=1063"},{"taxonomy":"product_cat","embeddable":true,"href":"https:\/\/glasir.com.ua\/es\/wp-json\/wp\/v2\/product_cat?post=1063"},{"taxonomy":"product_tag","embeddable":true,"href":"https:\/\/glasir.com.ua\/es\/wp-json\/wp\/v2\/product_tag?post=1063"}],"curies":[{"name":"wp","href":"https:\/\/api.w.org\/{rel}","templated":true}]}}