{"id":1057,"date":"2024-08-03T10:19:22","date_gmt":"2024-08-03T07:19:22","guid":{"rendered":"https:\/\/glasir.com.ua\/?post_type=product&#038;p=1057"},"modified":"2025-11-26T16:33:06","modified_gmt":"2025-11-26T14:33:06","slug":"%d0%bc%d0%b0%d0%b3%d0%bd%d1%96%d1%82%d0%bd%d1%96-%d0%b4%d0%b0%d1%82%d1%87%d0%b8%d0%ba%d0%b8-%d0%bf%d0%be%d0%bb%d0%be%d0%b6%d0%b5%d0%bd%d0%bd%d1%8f-camozzi-cst-250n","status":"publish","type":"product","link":"https:\/\/glasir.com.ua\/es\/product\/%d0%bc%d0%b0%d0%b3%d0%bd%d1%96%d1%82%d0%bd%d1%96-%d0%b4%d0%b0%d1%82%d1%87%d0%b8%d0%ba%d0%b8-%d0%bf%d0%be%d0%bb%d0%be%d0%b6%d0%b5%d0%bd%d0%bd%d1%8f-camozzi-cst-250n\/","title":{"rendered":"Sensores de posici\u00f3n magn\u00e9ticos Camozzi CST-250N"},"content":{"rendered":"<p>Sensor de posici\u00f3n magn\u00e9tico Camozzi CST-250N, interruptor de l\u00e1minas para ranura en T, 2 hilos, cable de 2 m, con conector M8<\/p>\n<p>Voltaje: 10..110 CA\/CC<br \/>\nCorriente m\u00e1xima: 250 mA<br \/>\nCarga m\u00e1xima: 10VA\/8W<br \/>\nCarcasa: pl\u00e1stico relleno de resina epoxi.<\/p>\n<p>Si est\u00e1s buscando un c\u00f3digo de producto espec\u00edfico de Camozzi, pero no lo encuentras entre nuestras ofertas, por favor <a href=\"https:\/\/glasir.com.ua\/es\/contactos\/\">Env\u00edanos una solicitud<\/a>.<br \/>\nEl equipo de Glasir estar\u00e1 encantado de atenderle y preparar una oferta comercial.<br \/>\nSiempre estamos dispuestos a brindarle la informaci\u00f3n necesaria y encontrar la soluci\u00f3n \u00f3ptima para su negocio.<br \/>\nEnv\u00edanos tus peticiones y estaremos encantados de ayudarte!<\/p>","protected":false},"excerpt":{"rendered":"<p>Sensor de posici\u00f3n magn\u00e9tico Camozzi CST-250N, interruptor de l\u00e1minas para ranura en T, 2 hilos, cable de 2 m, con conector M8<\/p>","protected":false},"featured_media":1059,"comment_status":"open","ping_status":"closed","template":"","meta":[],"product_brand":[],"product_cat":[129],"product_tag":[124],"class_list":{"0":"post-1057","1":"product","2":"type-product","3":"status-publish","4":"has-post-thumbnail","6":"product_cat-129","7":"product_tag-camozzi","9":"first","10":"instock","11":"taxable","12":"shipping-taxable","13":"purchasable","14":"product-type-simple"},"yoast_head":"<!-- This site is optimized with the Yoast SEO plugin v27.2 - https:\/\/yoast.com\/product\/yoast-seo-wordpress\/ -->\n<title>\u041c\u0430\u0433\u043d\u0456\u0442\u043d\u0456 \u0434\u0430\u0442\u0447\u0438\u043a\u0438 \u043f\u043e\u043b\u043e\u0436\u0435\u043d\u043d\u044f Camozzi CST-250N - Glasir<\/title>\n<meta name=\"robots\" content=\"index, follow, max-snippet:-1, max-image-preview:large, max-video-preview:-1\" \/>\n<link rel=\"canonical\" href=\"https:\/\/glasir.com.ua\/es\/product\/\u043c\u0430\u0433\u043d\u0456\u0442\u043d\u0456-\u0434\u0430\u0442\u0447\u0438\u043a\u0438-\u043f\u043e\u043b\u043e\u0436\u0435\u043d\u043d\u044f-camozzi-cst-250n\/\" \/>\n<meta property=\"og:locale\" content=\"es_ES\" \/>\n<meta property=\"og:type\" content=\"article\" \/>\n<meta property=\"og:title\" content=\"\u041c\u0430\u0433\u043d\u0456\u0442\u043d\u0456 \u0434\u0430\u0442\u0447\u0438\u043a\u0438 \u043f\u043e\u043b\u043e\u0436\u0435\u043d\u043d\u044f Camozzi CST-250N - Glasir\" \/>\n<meta property=\"og:description\" content=\"\u041c\u0430\u0433\u043d\u0456\u0442\u043d\u0438\u0439 \u0434\u0430\u0442\u0447\u0438\u043a \u043f\u043e\u043b\u043e\u0436\u0435\u043d\u043d\u044f Camozzi CST-250N, \u0433\u0435\u0440\u043a\u043e\u043d \u0434\u043b\u044f \u0422-\u043f\u043e\u0434\u0456\u0431\u043d\u043e\u0457 \u043a\u0430\u043d\u0430\u0432\u043a\u0438, 2-\u0445 \u043f\u0440\u043e\u0432\u0456\u0434\u043d\u0438\u0439, \u043a\u0430\u0431\u0435\u043b\u044e 2\u043c, \u0441 \u043a\u043e\u043d\u043d\u0435\u043a\u0442\u043e\u0440\u043e\u043c \u041c8\" \/>\n<meta property=\"og:url\" content=\"https:\/\/glasir.com.ua\/es\/product\/\u043c\u0430\u0433\u043d\u0456\u0442\u043d\u0456-\u0434\u0430\u0442\u0447\u0438\u043a\u0438-\u043f\u043e\u043b\u043e\u0436\u0435\u043d\u043d\u044f-camozzi-cst-250n\/\" \/>\n<meta property=\"og:site_name\" content=\"Glasir\" \/>\n<meta property=\"article:modified_time\" content=\"2025-11-26T14:33:06+00:00\" \/>\n<meta property=\"og:image\" content=\"http:\/\/glasir.com.ua\/wp-content\/uploads\/2024\/08\/immagine_2024-08-03_103655407.png\" \/>\n\t<meta property=\"og:image:width\" content=\"575\" \/>\n\t<meta property=\"og:image:height\" content=\"409\" \/>\n\t<meta property=\"og:image:type\" content=\"image\/png\" \/>\n<meta name=\"twitter:card\" content=\"summary_large_image\" \/>\n<meta name=\"twitter:label1\" content=\"Tiempo de lectura\" \/>\n\t<meta name=\"twitter:data1\" content=\"1 minuto\" \/>\n<script type=\"application\/ld+json\" class=\"yoast-schema-graph\">{\"@context\":\"https:\/\/schema.org\",\"@graph\":[{\"@type\":[\"WebPage\",\"ItemPage\"],\"@id\":\"https:\/\/glasir.com.ua\/product\/%d0%bc%d0%b0%d0%b3%d0%bd%d1%96%d1%82%d0%bd%d1%96-%d0%b4%d0%b0%d1%82%d1%87%d0%b8%d0%ba%d0%b8-%d0%bf%d0%be%d0%bb%d0%be%d0%b6%d0%b5%d0%bd%d0%bd%d1%8f-camozzi-cst-250n\/\",\"url\":\"https:\/\/glasir.com.ua\/product\/%d0%bc%d0%b0%d0%b3%d0%bd%d1%96%d1%82%d0%bd%d1%96-%d0%b4%d0%b0%d1%82%d1%87%d0%b8%d0%ba%d0%b8-%d0%bf%d0%be%d0%bb%d0%be%d0%b6%d0%b5%d0%bd%d0%bd%d1%8f-camozzi-cst-250n\/\",\"name\":\"\u041c\u0430\u0433\u043d\u0456\u0442\u043d\u0456 \u0434\u0430\u0442\u0447\u0438\u043a\u0438 \u043f\u043e\u043b\u043e\u0436\u0435\u043d\u043d\u044f Camozzi CST-250N - Glasir\",\"isPartOf\":{\"@id\":\"https:\/\/glasir.com.ua\/#website\"},\"primaryImageOfPage\":{\"@id\":\"https:\/\/glasir.com.ua\/product\/%d0%bc%d0%b0%d0%b3%d0%bd%d1%96%d1%82%d0%bd%d1%96-%d0%b4%d0%b0%d1%82%d1%87%d0%b8%d0%ba%d0%b8-%d0%bf%d0%be%d0%bb%d0%be%d0%b6%d0%b5%d0%bd%d0%bd%d1%8f-camozzi-cst-250n\/#primaryimage\"},\"image\":{\"@id\":\"https:\/\/glasir.com.ua\/product\/%d0%bc%d0%b0%d0%b3%d0%bd%d1%96%d1%82%d0%bd%d1%96-%d0%b4%d0%b0%d1%82%d1%87%d0%b8%d0%ba%d0%b8-%d0%bf%d0%be%d0%bb%d0%be%d0%b6%d0%b5%d0%bd%d0%bd%d1%8f-camozzi-cst-250n\/#primaryimage\"},\"thumbnailUrl\":\"https:\/\/glasir.com.ua\/wp-content\/uploads\/2024\/08\/immagine_2024-08-03_103655407.png\",\"datePublished\":\"2024-08-03T07:19:22+00:00\",\"dateModified\":\"2025-11-26T14:33:06+00:00\",\"breadcrumb\":{\"@id\":\"https:\/\/glasir.com.ua\/product\/%d0%bc%d0%b0%d0%b3%d0%bd%d1%96%d1%82%d0%bd%d1%96-%d0%b4%d0%b0%d1%82%d1%87%d0%b8%d0%ba%d0%b8-%d0%bf%d0%be%d0%bb%d0%be%d0%b6%d0%b5%d0%bd%d0%bd%d1%8f-camozzi-cst-250n\/#breadcrumb\"},\"inLanguage\":\"es\",\"potentialAction\":[{\"@type\":\"ReadAction\",\"target\":[\"https:\/\/glasir.com.ua\/product\/%d0%bc%d0%b0%d0%b3%d0%bd%d1%96%d1%82%d0%bd%d1%96-%d0%b4%d0%b0%d1%82%d1%87%d0%b8%d0%ba%d0%b8-%d0%bf%d0%be%d0%bb%d0%be%d0%b6%d0%b5%d0%bd%d0%bd%d1%8f-camozzi-cst-250n\/\"]}]},{\"@type\":\"ImageObject\",\"inLanguage\":\"es\",\"@id\":\"https:\/\/glasir.com.ua\/product\/%d0%bc%d0%b0%d0%b3%d0%bd%d1%96%d1%82%d0%bd%d1%96-%d0%b4%d0%b0%d1%82%d1%87%d0%b8%d0%ba%d0%b8-%d0%bf%d0%be%d0%bb%d0%be%d0%b6%d0%b5%d0%bd%d0%bd%d1%8f-camozzi-cst-250n\/#primaryimage\",\"url\":\"https:\/\/glasir.com.ua\/wp-content\/uploads\/2024\/08\/immagine_2024-08-03_103655407.png\",\"contentUrl\":\"https:\/\/glasir.com.ua\/wp-content\/uploads\/2024\/08\/immagine_2024-08-03_103655407.png\",\"width\":575,\"height\":409,\"caption\":\"\u041c\u0430\u0433\u043d\u0456\u0442\u043d\u0456 \u0434\u0430\u0442\u0447\u0438\u043a\u0438 \u043f\u043e\u043b\u043e\u0436\u0435\u043d\u043d\u044f Camozzi 250N\"},{\"@type\":\"BreadcrumbList\",\"@id\":\"https:\/\/glasir.com.ua\/product\/%d0%bc%d0%b0%d0%b3%d0%bd%d1%96%d1%82%d0%bd%d1%96-%d0%b4%d0%b0%d1%82%d1%87%d0%b8%d0%ba%d0%b8-%d0%bf%d0%be%d0%bb%d0%be%d0%b6%d0%b5%d0%bd%d0%bd%d1%8f-camozzi-cst-250n\/#breadcrumb\",\"itemListElement\":[{\"@type\":\"ListItem\",\"position\":1,\"name\":\"Home\",\"item\":\"https:\/\/glasir.com.ua\/\"},{\"@type\":\"ListItem\",\"position\":2,\"name\":\"\u0406\u043d\u0442\u0435\u0440\u043d\u0435\u0442-\u043c\u0430\u0433\u0430\u0437\u0438\u043d\",\"item\":\"https:\/\/glasir.com.ua\/shop\/\"},{\"@type\":\"ListItem\",\"position\":3,\"name\":\"\u041c\u0430\u0433\u043d\u0456\u0442\u043d\u0456 \u0434\u0430\u0442\u0447\u0438\u043a\u0438 \u043f\u043e\u043b\u043e\u0436\u0435\u043d\u043d\u044f Camozzi CST-250N\"}]},{\"@type\":\"WebSite\",\"@id\":\"https:\/\/glasir.com.ua\/#website\",\"url\":\"https:\/\/glasir.com.ua\/\",\"name\":\"Glasir\",\"description\":\"\u041d\u0435\u043c\u0430\u0454 \u043f\u043e\u0440\u0456\u0432\u043d\u044f\u043d\u043d\u044f.\",\"publisher\":{\"@id\":\"https:\/\/glasir.com.ua\/#organization\"},\"potentialAction\":[{\"@type\":\"SearchAction\",\"target\":{\"@type\":\"EntryPoint\",\"urlTemplate\":\"https:\/\/glasir.com.ua\/?s={search_term_string}\"},\"query-input\":{\"@type\":\"PropertyValueSpecification\",\"valueRequired\":true,\"valueName\":\"search_term_string\"}}],\"inLanguage\":\"es\"},{\"@type\":\"Organization\",\"@id\":\"https:\/\/glasir.com.ua\/#organization\",\"name\":\"Glasir\",\"url\":\"https:\/\/glasir.com.ua\/\",\"logo\":{\"@type\":\"ImageObject\",\"inLanguage\":\"es\",\"@id\":\"https:\/\/glasir.com.ua\/#\/schema\/logo\/image\/\",\"url\":\"https:\/\/glasir.com.ua\/wp-content\/uploads\/2023\/06\/cropped-llc-glasir.png\",\"contentUrl\":\"https:\/\/glasir.com.ua\/wp-content\/uploads\/2023\/06\/cropped-llc-glasir.png\",\"width\":250,\"height\":250,\"caption\":\"Glasir\"},\"image\":{\"@id\":\"https:\/\/glasir.com.ua\/#\/schema\/logo\/image\/\"},\"sameAs\":[\"https:\/\/www.pinterest.com\/llc_glasir\",\"https:\/\/g.co\/kgs\/7CK1iZr\"]}]}<\/script>\n<!-- \/ Yoast SEO plugin. -->","yoast_head_json":{"title":"Sensores de posici\u00f3n magn\u00e9ticos Camozzi CST-250N - Glasir","robots":{"index":"index","follow":"follow","max-snippet":"max-snippet:-1","max-image-preview":"max-image-preview:large","max-video-preview":"max-video-preview:-1"},"canonical":"https:\/\/glasir.com.ua\/es\/product\/\u043c\u0430\u0433\u043d\u0456\u0442\u043d\u0456-\u0434\u0430\u0442\u0447\u0438\u043a\u0438-\u043f\u043e\u043b\u043e\u0436\u0435\u043d\u043d\u044f-camozzi-cst-250n\/","og_locale":"es_ES","og_type":"article","og_title":"\u041c\u0430\u0433\u043d\u0456\u0442\u043d\u0456 \u0434\u0430\u0442\u0447\u0438\u043a\u0438 \u043f\u043e\u043b\u043e\u0436\u0435\u043d\u043d\u044f Camozzi CST-250N - Glasir","og_description":"\u041c\u0430\u0433\u043d\u0456\u0442\u043d\u0438\u0439 \u0434\u0430\u0442\u0447\u0438\u043a \u043f\u043e\u043b\u043e\u0436\u0435\u043d\u043d\u044f Camozzi CST-250N, \u0433\u0435\u0440\u043a\u043e\u043d \u0434\u043b\u044f \u0422-\u043f\u043e\u0434\u0456\u0431\u043d\u043e\u0457 \u043a\u0430\u043d\u0430\u0432\u043a\u0438, 2-\u0445 \u043f\u0440\u043e\u0432\u0456\u0434\u043d\u0438\u0439, \u043a\u0430\u0431\u0435\u043b\u044e 2\u043c, \u0441 \u043a\u043e\u043d\u043d\u0435\u043a\u0442\u043e\u0440\u043e\u043c \u041c8","og_url":"https:\/\/glasir.com.ua\/es\/product\/\u043c\u0430\u0433\u043d\u0456\u0442\u043d\u0456-\u0434\u0430\u0442\u0447\u0438\u043a\u0438-\u043f\u043e\u043b\u043e\u0436\u0435\u043d\u043d\u044f-camozzi-cst-250n\/","og_site_name":"Glasir","article_modified_time":"2025-11-26T14:33:06+00:00","og_image":[{"width":575,"height":409,"url":"http:\/\/glasir.com.ua\/wp-content\/uploads\/2024\/08\/immagine_2024-08-03_103655407.png","type":"image\/png"}],"twitter_card":"summary_large_image","twitter_misc":{"Tiempo de lectura":"1 minuto"},"schema":{"@context":"https:\/\/schema.org","@graph":[{"@type":["WebPage","ItemPage"],"@id":"https:\/\/glasir.com.ua\/product\/%d0%bc%d0%b0%d0%b3%d0%bd%d1%96%d1%82%d0%bd%d1%96-%d0%b4%d0%b0%d1%82%d1%87%d0%b8%d0%ba%d0%b8-%d0%bf%d0%be%d0%bb%d0%be%d0%b6%d0%b5%d0%bd%d0%bd%d1%8f-camozzi-cst-250n\/","url":"https:\/\/glasir.com.ua\/product\/%d0%bc%d0%b0%d0%b3%d0%bd%d1%96%d1%82%d0%bd%d1%96-%d0%b4%d0%b0%d1%82%d1%87%d0%b8%d0%ba%d0%b8-%d0%bf%d0%be%d0%bb%d0%be%d0%b6%d0%b5%d0%bd%d0%bd%d1%8f-camozzi-cst-250n\/","name":"Sensores de posici\u00f3n magn\u00e9ticos Camozzi CST-250N - Glasir","isPartOf":{"@id":"https:\/\/glasir.com.ua\/#website"},"primaryImageOfPage":{"@id":"https:\/\/glasir.com.ua\/product\/%d0%bc%d0%b0%d0%b3%d0%bd%d1%96%d1%82%d0%bd%d1%96-%d0%b4%d0%b0%d1%82%d1%87%d0%b8%d0%ba%d0%b8-%d0%bf%d0%be%d0%bb%d0%be%d0%b6%d0%b5%d0%bd%d0%bd%d1%8f-camozzi-cst-250n\/#primaryimage"},"image":{"@id":"https:\/\/glasir.com.ua\/product\/%d0%bc%d0%b0%d0%b3%d0%bd%d1%96%d1%82%d0%bd%d1%96-%d0%b4%d0%b0%d1%82%d1%87%d0%b8%d0%ba%d0%b8-%d0%bf%d0%be%d0%bb%d0%be%d0%b6%d0%b5%d0%bd%d0%bd%d1%8f-camozzi-cst-250n\/#primaryimage"},"thumbnailUrl":"https:\/\/glasir.com.ua\/wp-content\/uploads\/2024\/08\/immagine_2024-08-03_103655407.png","datePublished":"2024-08-03T07:19:22+00:00","dateModified":"2025-11-26T14:33:06+00:00","breadcrumb":{"@id":"https:\/\/glasir.com.ua\/product\/%d0%bc%d0%b0%d0%b3%d0%bd%d1%96%d1%82%d0%bd%d1%96-%d0%b4%d0%b0%d1%82%d1%87%d0%b8%d0%ba%d0%b8-%d0%bf%d0%be%d0%bb%d0%be%d0%b6%d0%b5%d0%bd%d0%bd%d1%8f-camozzi-cst-250n\/#breadcrumb"},"inLanguage":"es","potentialAction":[{"@type":"ReadAction","target":["https:\/\/glasir.com.ua\/product\/%d0%bc%d0%b0%d0%b3%d0%bd%d1%96%d1%82%d0%bd%d1%96-%d0%b4%d0%b0%d1%82%d1%87%d0%b8%d0%ba%d0%b8-%d0%bf%d0%be%d0%bb%d0%be%d0%b6%d0%b5%d0%bd%d0%bd%d1%8f-camozzi-cst-250n\/"]}]},{"@type":"ImageObject","inLanguage":"es","@id":"https:\/\/glasir.com.ua\/product\/%d0%bc%d0%b0%d0%b3%d0%bd%d1%96%d1%82%d0%bd%d1%96-%d0%b4%d0%b0%d1%82%d1%87%d0%b8%d0%ba%d0%b8-%d0%bf%d0%be%d0%bb%d0%be%d0%b6%d0%b5%d0%bd%d0%bd%d1%8f-camozzi-cst-250n\/#primaryimage","url":"https:\/\/glasir.com.ua\/wp-content\/uploads\/2024\/08\/immagine_2024-08-03_103655407.png","contentUrl":"https:\/\/glasir.com.ua\/wp-content\/uploads\/2024\/08\/immagine_2024-08-03_103655407.png","width":575,"height":409,"caption":"\u041c\u0430\u0433\u043d\u0456\u0442\u043d\u0456 \u0434\u0430\u0442\u0447\u0438\u043a\u0438 \u043f\u043e\u043b\u043e\u0436\u0435\u043d\u043d\u044f Camozzi 250N"},{"@type":"BreadcrumbList","@id":"https:\/\/glasir.com.ua\/product\/%d0%bc%d0%b0%d0%b3%d0%bd%d1%96%d1%82%d0%bd%d1%96-%d0%b4%d0%b0%d1%82%d1%87%d0%b8%d0%ba%d0%b8-%d0%bf%d0%be%d0%bb%d0%be%d0%b6%d0%b5%d0%bd%d0%bd%d1%8f-camozzi-cst-250n\/#breadcrumb","itemListElement":[{"@type":"ListItem","position":1,"name":"Home","item":"https:\/\/glasir.com.ua\/"},{"@type":"ListItem","position":2,"name":"\u0406\u043d\u0442\u0435\u0440\u043d\u0435\u0442-\u043c\u0430\u0433\u0430\u0437\u0438\u043d","item":"https:\/\/glasir.com.ua\/shop\/"},{"@type":"ListItem","position":3,"name":"\u041c\u0430\u0433\u043d\u0456\u0442\u043d\u0456 \u0434\u0430\u0442\u0447\u0438\u043a\u0438 \u043f\u043e\u043b\u043e\u0436\u0435\u043d\u043d\u044f Camozzi CST-250N"}]},{"@type":"WebSite","@id":"https:\/\/glasir.com.ua\/#website","url":"https:\/\/glasir.com.ua\/","name":"Glasir","description":"No hay comparaci\u00f3n","publisher":{"@id":"https:\/\/glasir.com.ua\/#organization"},"potentialAction":[{"@type":"SearchAction","target":{"@type":"EntryPoint","urlTemplate":"https:\/\/glasir.com.ua\/?s={search_term_string}"},"query-input":{"@type":"PropertyValueSpecification","valueRequired":true,"valueName":"search_term_string"}}],"inLanguage":"es"},{"@type":"Organization","@id":"https:\/\/glasir.com.ua\/#organization","name":"Glasir","url":"https:\/\/glasir.com.ua\/","logo":{"@type":"ImageObject","inLanguage":"es","@id":"https:\/\/glasir.com.ua\/#\/schema\/logo\/image\/","url":"https:\/\/glasir.com.ua\/wp-content\/uploads\/2023\/06\/cropped-llc-glasir.png","contentUrl":"https:\/\/glasir.com.ua\/wp-content\/uploads\/2023\/06\/cropped-llc-glasir.png","width":250,"height":250,"caption":"Glasir"},"image":{"@id":"https:\/\/glasir.com.ua\/#\/schema\/logo\/image\/"},"sameAs":["https:\/\/www.pinterest.com\/llc_glasir","https:\/\/g.co\/kgs\/7CK1iZr"]}]}},"_links":{"self":[{"href":"https:\/\/glasir.com.ua\/es\/wp-json\/wp\/v2\/product\/1057","targetHints":{"allow":["GET"]}}],"collection":[{"href":"https:\/\/glasir.com.ua\/es\/wp-json\/wp\/v2\/product"}],"about":[{"href":"https:\/\/glasir.com.ua\/es\/wp-json\/wp\/v2\/types\/product"}],"replies":[{"embeddable":true,"href":"https:\/\/glasir.com.ua\/es\/wp-json\/wp\/v2\/comments?post=1057"}],"wp:featuredmedia":[{"embeddable":true,"href":"https:\/\/glasir.com.ua\/es\/wp-json\/wp\/v2\/media\/1059"}],"wp:attachment":[{"href":"https:\/\/glasir.com.ua\/es\/wp-json\/wp\/v2\/media?parent=1057"}],"wp:term":[{"taxonomy":"product_brand","embeddable":true,"href":"https:\/\/glasir.com.ua\/es\/wp-json\/wp\/v2\/product_brand?post=1057"},{"taxonomy":"product_cat","embeddable":true,"href":"https:\/\/glasir.com.ua\/es\/wp-json\/wp\/v2\/product_cat?post=1057"},{"taxonomy":"product_tag","embeddable":true,"href":"https:\/\/glasir.com.ua\/es\/wp-json\/wp\/v2\/product_tag?post=1057"}],"curies":[{"name":"wp","href":"https:\/\/api.w.org\/{rel}","templated":true}]}}