{"id":587,"date":"2023-09-28T20:30:51","date_gmt":"2023-09-28T17:30:51","guid":{"rendered":"https:\/\/glasir.com.ua\/?page_id=587"},"modified":"2025-10-03T11:13:47","modified_gmt":"2025-10-03T08:13:47","slug":"%d1%83%d0%bc%d0%be%d0%b2%d0%b8-%d0%bf%d0%be%d0%b2%d0%b5%d1%80%d0%bd%d0%b5%d0%bd%d0%bd%d1%8f-%d1%82%d0%be%d0%b2%d0%b0%d1%80%d1%83","status":"publish","type":"page","link":"https:\/\/glasir.com.ua\/es\/%d1%83%d0%bc%d0%be%d0%b2%d0%b8-%d0%bf%d0%be%d0%b2%d0%b5%d1%80%d0%bd%d0%b5%d0%bd%d0%bd%d1%8f-%d1%82%d0%be%d0%b2%d0%b0%d1%80%d1%83\/","title":{"rendered":"Condiciones de devoluci\u00f3n de mercanc\u00edas"},"content":{"rendered":"<p>La empresa realiza devoluciones de acuerdo con la Ley &quot;Sobre Protecci\u00f3n al Consumidor&quot;.<br>El art\u00edculo 9 de la actual Ley de Ucrania \u201cSobre la Protecci\u00f3n de los Derechos del Consumidor\u201d establece el derecho del consumidor <strong>cambiar un producto no alimenticio de buena calidad por uno similar<\/strong>, si la mercanc\u00eda comprada no se ajusta en forma, dimensiones, estilo, color, tama\u00f1o o por otras razones no puede utilizarse para el fin previsto, si la mercanc\u00eda no se ha utilizado y si se han conservado su presentaci\u00f3n, propiedades de consumo, sellos, etiquetas y el documento de factura emitido por el vendedor junto con la mercanc\u00eda.<br>El vendedor no tiene derecho a negarse a cambiar (devolver) un producto que no est\u00e9 incluido en la lista, si cumple todos los requisitos estipulados en el Art. 9 de la Ley (se conserva la presentaci\u00f3n, etiquetas, sellos, existe acta de liquidaci\u00f3n, etc.).<\/p>\n\n\n\n<p>Para devoluciones, por favor cont\u00e1ctenos por tel\u00e9fono. <a href=\"tel:+380632133808\" data-type=\"tel\" data-id=\"tel:0632133808\">+380 63 213 38 08<\/a> o por correo electr\u00f3nico <a href=\"mailto:info@glasir.com.ua\">info@glasir.com.ua<\/a>.<\/p>\n\n\n\n<p class=\"has-text-align-center\"><br><strong>Exclusi\u00f3n<\/strong><\/p>\n\n\n\n<p class=\"has-text-align-left\"><br>El Gabinete de Ministros de Ucrania aprob\u00f3 una lista de productos de calidad adecuada que no est\u00e1n sujetos a cambio o devoluci\u00f3n (Resoluci\u00f3n del CMU No. 172 del 19 de marzo de 1994).<br>La lista completa actual se puede encontrar en el enlace: <a href=\"https:\/\/zakon.rada.gov.ua\/laws\/show\/172-94-\u043f#Text\">https:\/\/zakon.rada.gov.ua\/laws\/show\/172-94-\u043f#Text<\/a><\/p>\n\n\n\n<p>Extracto de <a data-type=\"link\" data-id=\"https:\/\/glasir.com.ua\/\u0434\u043e\u0433\u043e\u0432\u0456\u0440-\u043f\u0443\u0431\u043b\u0456\u0447\u043d\u043e\u0457-\u043e\u0444\u0435\u0440\u0442\u0438\/\" href=\"https:\/\/glasir.com.ua\/es\/\u0434\u043e\u0433\u043e\u0432\u0456\u0440-\u043f\u0443\u0431\u043b\u0456\u0447\u043d\u043e\u0457-\u043e\u0444\u0435\u0440\u0442\u0438\/\">acuerdo de oferta p\u00fablica<\/a>:<br><em>3.8. El comprador est\u00e1 obligado a leer atentamente la informaci\u00f3n sobre los productos, su precio, condiciones de entrega y otras condiciones relativas a la compra de productos en el sitio web antes de realizar un pedido. El comprador es responsable del procesamiento incorrecto del pedido.<br>3.9. Antes de recibir la mercanc\u00eda, el comprador est\u00e1 obligado a inspeccionar el estado del embalaje y la propia mercanc\u00eda para detectar defectos, as\u00ed como comprobar el conjunto completo. Se informa al comprador de los derechos y obligaciones especificados en la Ley de la Rep\u00fablica de Ucrania \u201cSobre la Protecci\u00f3n de los Derechos del Consumidor\u201d. Despu\u00e9s de la aceptaci\u00f3n de la mercanc\u00eda, se considera que la misma cumple totalmente con el pedido, es de la calidad adecuada y no contiene defectos y satisface plenamente los requisitos del Comprador. La diferencia en los elementos de dise\u00f1o o en el dise\u00f1o respecto a la descripci\u00f3n indicada en el sitio web no es un signo de calidad inadecuada.<br>3.10. Si el coste de la mercanc\u00eda solicitada no corresponde al real. El Administrador est\u00e1 obligado a informar al Comprador para confirmar o cancelar el Pedido. Si no es posible contactar con el Comprador, el Pedido se cancela autom\u00e1ticamente. Si el Pedido ha sido pagado, el Administrador devolver\u00e1 el importe pagado al Comprador en la forma y dentro de los plazos establecidos por la legislaci\u00f3n de Ucrania.<br>3.11. De conformidad con la Ley de Ucrania \u201cSobre la protecci\u00f3n de los derechos del consumidor\u201d y la Resoluci\u00f3n del Gabinete de Ministros de Ucrania No. 172 del 19 de marzo de 1994 \u201cSobre la implementaci\u00f3n de ciertas disposiciones de la Ley de Ucrania\u201d, los productos incluidos en la lista de productos no alimenticios de calidad adecuada no est\u00e1n sujetos a devoluci\u00f3n o cambio.<br>3.12. El Comprador tiene derecho a devolver los Bienes de calidad inadecuada si presentan defectos y no pueden garantizar el desempe\u00f1o de sus cualidades funcionales y cumplir su prop\u00f3sito. En caso de devoluci\u00f3n de un Producto de mala calidad por parte del Comprador, el Vendedor deber\u00e1 devolver el dinero pagado por el Producto en la cantidad especificada en el recibo de pago del Producto. Las mercanc\u00edas de calidad inadecuada, cuyos defectos surgieron por culpa del Comprador, no est\u00e1n sujetas a devoluci\u00f3n.<\/em><br><em>3.13. Cumplimiento de la cl\u00e1usula 28 del Reglamento de Comercio Minorista de Bebidas Alcoh\u00f3licas,<br>aprobado por el Consejo de Ministros de Ucrania el 30 de julio de 1996, n\u00ba 854,<br>las bebidas alcoh\u00f3licas de calidad adecuada no est\u00e1n sujetas a cambio ni devoluci\u00f3n.<br>3.14. Las reclamaciones de devoluci\u00f3n del importe pagado por las mercanc\u00edas se efectuar\u00e1n en<br>de acuerdo con el procedimiento establecido por la Ley de Protecci\u00f3n de los Consumidores de Ucrania.<\/em><\/p>","protected":false},"excerpt":{"rendered":"<p>La empresa realiza devoluciones de acuerdo con la Ley &quot;Sobre Protecci\u00f3n al Consumidor&quot;. El art\u00edculo 9 de la actual Ley de Ucrania &quot;Sobre la Protecci\u00f3n del Consumidor&quot; establece el derecho del consumidor a cambiar un producto no alimenticio de calidad adecuada por uno similar si el producto adquirido no se ajusta en forma, dimensiones, estilo, color, tama\u00f1o o por otras razones no puede utilizarse para su prop\u00f3sito previsto, si este producto no ha sido utilizado y ... <\/p>\n<p class=\"link-more\"><a href=\"https:\/\/glasir.com.ua\/es\/%d1%83%d0%bc%d0%be%d0%b2%d0%b8-%d0%bf%d0%be%d0%b2%d0%b5%d1%80%d0%bd%d0%b5%d0%bd%d0%bd%d1%8f-%d1%82%d0%be%d0%b2%d0%b0%d1%80%d1%83\/\" class=\"more-link\">Sigue leyendo<span class=\"screen-reader-text\"> Condiciones de devoluci\u00f3n de mercanc\u00edas<\/span><\/a><\/p>","protected":false},"author":1,"featured_media":591,"parent":0,"menu_order":0,"comment_status":"closed","ping_status":"closed","template":"","meta":{"footnotes":""},"class_list":["post-587","page","type-page","status-publish","has-post-thumbnail","hentry"],"yoast_head":"<!-- This site is optimized with the Yoast SEO plugin v27.2 - https:\/\/yoast.com\/product\/yoast-seo-wordpress\/ -->\n<title>\u0423\u043c\u043e\u0432\u0438 \u043f\u043e\u0432\u0435\u0440\u043d\u0435\u043d\u043d\u044f \u0442\u043e\u0432\u0430\u0440\u0443 - Glasir<\/title>\n<meta name=\"robots\" content=\"index, follow, max-snippet:-1, max-image-preview:large, max-video-preview:-1\" \/>\n<link rel=\"canonical\" href=\"https:\/\/glasir.com.ua\/es\/\u0443\u043c\u043e\u0432\u0438-\u043f\u043e\u0432\u0435\u0440\u043d\u0435\u043d\u043d\u044f-\u0442\u043e\u0432\u0430\u0440\u0443\/\" \/>\n<meta property=\"og:locale\" content=\"es_ES\" \/>\n<meta property=\"og:type\" content=\"article\" \/>\n<meta property=\"og:title\" content=\"\u0423\u043c\u043e\u0432\u0438 \u043f\u043e\u0432\u0435\u0440\u043d\u0435\u043d\u043d\u044f \u0442\u043e\u0432\u0430\u0440\u0443 - Glasir\" \/>\n<meta property=\"og:description\" content=\"\u041a\u043e\u043c\u043f\u0430\u043d\u0456\u044f \u0437\u0434\u0456\u0439\u0441\u043d\u044e\u0454 \u043f\u043e\u0432\u0435\u0440\u043d\u0435\u043d\u043d\u044f \u0432\u0456\u0434\u043f\u043e\u0432\u0456\u0434\u043d\u043e \u0434\u043e \u0417\u0430\u043a\u043e\u043d\u0443 \u00ab\u041f\u0440\u043e \u0437\u0430\u0445\u0438\u0441\u0442 \u043f\u0440\u0430\u0432 \u0441\u043f\u043e\u0436\u0438\u0432\u0430\u0447\u0456\u0432\u00bb.\u0421\u0442\u0430\u0442\u0442\u0435\u044e 9 \u0447\u0438\u043d\u043d\u043e\u0433\u043e \u0417\u0430\u043a\u043e\u043d\u0443 \u0423\u043a\u0440\u0430\u0457\u043d\u0438 \u00ab\u041f\u0440\u043e \u0437\u0430\u0445\u0438\u0441\u0442 \u043f\u0440\u0430\u0432 \u0441\u043f\u043e\u0436\u0438\u0432\u0430\u0447\u0456\u0432\u00bb \u043f\u0435\u0440\u0435\u0434\u0431\u0430\u0447\u0435\u043d\u043e \u043f\u0440\u0430\u0432\u043e \u0441\u043f\u043e\u0436\u0438\u0432\u0430\u0447\u0430 \u043e\u0431\u043c\u0456\u043d\u044f\u0442\u0438 \u043d\u0435\u043f\u0440\u043e\u0434\u043e\u0432\u043e\u043b\u044c\u0447\u0438\u0439 \u0442\u043e\u0432\u0430\u0440 \u043d\u0430\u043b\u0435\u0436\u043d\u043e\u0457 \u044f\u043a\u043e\u0441\u0442\u0456 \u043d\u0430 \u0430\u043d\u0430\u043b\u043e\u0433\u0456\u0447\u043d\u0438\u0439, \u044f\u043a\u0449\u043e \u043a\u0443\u043f\u043b\u0435\u043d\u0438\u0439 \u0442\u043e\u0432\u0430\u0440 \u043d\u0435 \u043f\u0456\u0434\u0456\u0439\u0448\u043e\u0432 \u0437\u0430 \u0444\u043e\u0440\u043c\u043e\u044e, \u0433\u0430\u0431\u0430\u0440\u0438\u0442\u0430\u043c\u0438, \u0444\u0430\u0441\u043e\u043d\u043e\u043c, \u043a\u043e\u043b\u044c\u043e\u0440\u043e\u043c, \u0440\u043e\u0437\u043c\u0456\u0440\u043e\u043c \u0430\u0431\u043e \u0437 \u0456\u043d\u0448\u0438\u0445 \u043f\u0440\u0438\u0447\u0438\u043d \u043d\u0435 \u043c\u043e\u0436\u0435 \u0431\u0443\u0442\u0438 \u0432\u0438\u043a\u043e\u0440\u0438\u0441\u0442\u0430\u043d\u0438\u0439 \u0437\u0430 \u043f\u0440\u0438\u0437\u043d\u0430\u0447\u0435\u043d\u043d\u044f\u043c, \u044f\u043a\u0449\u043e \u0434\u0430\u043d\u0438\u0439 \u0442\u043e\u0432\u0430\u0440 \u043d\u0435 \u0432\u0438\u043a\u043e\u0440\u0438\u0441\u0442\u043e\u0432\u0443\u0432\u0430\u0432\u0441\u044f \u0456 &hellip; Continuar leyendo &quot;\u0423\u043c\u043e\u0432\u0438 \u043f\u043e\u0432\u0435\u0440\u043d\u0435\u043d\u043d\u044f \u0442\u043e\u0432\u0430\u0440\u0443&quot;\" \/>\n<meta property=\"og:url\" content=\"https:\/\/glasir.com.ua\/es\/\u0443\u043c\u043e\u0432\u0438-\u043f\u043e\u0432\u0435\u0440\u043d\u0435\u043d\u043d\u044f-\u0442\u043e\u0432\u0430\u0440\u0443\/\" \/>\n<meta property=\"og:site_name\" content=\"Glasir\" \/>\n<meta property=\"article:modified_time\" content=\"2025-10-03T08:13:47+00:00\" \/>\n<meta property=\"og:image\" content=\"http:\/\/glasir.com.ua\/wp-content\/uploads\/2023\/09\/giorgio-trovato-bYhDEWgqYLM-unsplash-scaled.jpg\" \/>\n\t<meta property=\"og:image:width\" content=\"2560\" \/>\n\t<meta property=\"og:image:height\" content=\"1706\" \/>\n\t<meta property=\"og:image:type\" content=\"image\/jpeg\" \/>\n<meta name=\"twitter:card\" content=\"summary_large_image\" \/>\n<meta name=\"twitter:label1\" content=\"Tiempo de lectura\" \/>\n\t<meta name=\"twitter:data1\" content=\"3 minutos\" \/>\n<script type=\"application\/ld+json\" class=\"yoast-schema-graph\">{\"@context\":\"https:\/\/schema.org\",\"@graph\":[{\"@type\":\"WebPage\",\"@id\":\"https:\/\/glasir.com.ua\/%d1%83%d0%bc%d0%be%d0%b2%d0%b8-%d0%bf%d0%be%d0%b2%d0%b5%d1%80%d0%bd%d0%b5%d0%bd%d0%bd%d1%8f-%d1%82%d0%be%d0%b2%d0%b0%d1%80%d1%83\/\",\"url\":\"https:\/\/glasir.com.ua\/%d1%83%d0%bc%d0%be%d0%b2%d0%b8-%d0%bf%d0%be%d0%b2%d0%b5%d1%80%d0%bd%d0%b5%d0%bd%d0%bd%d1%8f-%d1%82%d0%be%d0%b2%d0%b0%d1%80%d1%83\/\",\"name\":\"\u0423\u043c\u043e\u0432\u0438 \u043f\u043e\u0432\u0435\u0440\u043d\u0435\u043d\u043d\u044f \u0442\u043e\u0432\u0430\u0440\u0443 - Glasir\",\"isPartOf\":{\"@id\":\"https:\/\/glasir.com.ua\/#website\"},\"primaryImageOfPage\":{\"@id\":\"https:\/\/glasir.com.ua\/%d1%83%d0%bc%d0%be%d0%b2%d0%b8-%d0%bf%d0%be%d0%b2%d0%b5%d1%80%d0%bd%d0%b5%d0%bd%d0%bd%d1%8f-%d1%82%d0%be%d0%b2%d0%b0%d1%80%d1%83\/#primaryimage\"},\"image\":{\"@id\":\"https:\/\/glasir.com.ua\/%d1%83%d0%bc%d0%be%d0%b2%d0%b8-%d0%bf%d0%be%d0%b2%d0%b5%d1%80%d0%bd%d0%b5%d0%bd%d0%bd%d1%8f-%d1%82%d0%be%d0%b2%d0%b0%d1%80%d1%83\/#primaryimage\"},\"thumbnailUrl\":\"https:\/\/glasir.com.ua\/wp-content\/uploads\/2023\/09\/giorgio-trovato-bYhDEWgqYLM-unsplash-scaled.jpg\",\"datePublished\":\"2023-09-28T17:30:51+00:00\",\"dateModified\":\"2025-10-03T08:13:47+00:00\",\"breadcrumb\":{\"@id\":\"https:\/\/glasir.com.ua\/%d1%83%d0%bc%d0%be%d0%b2%d0%b8-%d0%bf%d0%be%d0%b2%d0%b5%d1%80%d0%bd%d0%b5%d0%bd%d0%bd%d1%8f-%d1%82%d0%be%d0%b2%d0%b0%d1%80%d1%83\/#breadcrumb\"},\"inLanguage\":\"es\",\"potentialAction\":[{\"@type\":\"ReadAction\",\"target\":[\"https:\/\/glasir.com.ua\/%d1%83%d0%bc%d0%be%d0%b2%d0%b8-%d0%bf%d0%be%d0%b2%d0%b5%d1%80%d0%bd%d0%b5%d0%bd%d0%bd%d1%8f-%d1%82%d0%be%d0%b2%d0%b0%d1%80%d1%83\/\"]}]},{\"@type\":\"ImageObject\",\"inLanguage\":\"es\",\"@id\":\"https:\/\/glasir.com.ua\/%d1%83%d0%bc%d0%be%d0%b2%d0%b8-%d0%bf%d0%be%d0%b2%d0%b5%d1%80%d0%bd%d0%b5%d0%bd%d0%bd%d1%8f-%d1%82%d0%be%d0%b2%d0%b0%d1%80%d1%83\/#primaryimage\",\"url\":\"https:\/\/glasir.com.ua\/wp-content\/uploads\/2023\/09\/giorgio-trovato-bYhDEWgqYLM-unsplash-scaled.jpg\",\"contentUrl\":\"https:\/\/glasir.com.ua\/wp-content\/uploads\/2023\/09\/giorgio-trovato-bYhDEWgqYLM-unsplash-scaled.jpg\",\"width\":2560,\"height\":1706},{\"@type\":\"BreadcrumbList\",\"@id\":\"https:\/\/glasir.com.ua\/%d1%83%d0%bc%d0%be%d0%b2%d0%b8-%d0%bf%d0%be%d0%b2%d0%b5%d1%80%d0%bd%d0%b5%d0%bd%d0%bd%d1%8f-%d1%82%d0%be%d0%b2%d0%b0%d1%80%d1%83\/#breadcrumb\",\"itemListElement\":[{\"@type\":\"ListItem\",\"position\":1,\"name\":\"Home\",\"item\":\"https:\/\/glasir.com.ua\/\"},{\"@type\":\"ListItem\",\"position\":2,\"name\":\"\u0423\u043c\u043e\u0432\u0438 \u043f\u043e\u0432\u0435\u0440\u043d\u0435\u043d\u043d\u044f \u0442\u043e\u0432\u0430\u0440\u0443\"}]},{\"@type\":\"WebSite\",\"@id\":\"https:\/\/glasir.com.ua\/#website\",\"url\":\"https:\/\/glasir.com.ua\/\",\"name\":\"Glasir\",\"description\":\"\u041d\u0435\u043c\u0430\u0454 \u043f\u043e\u0440\u0456\u0432\u043d\u044f\u043d\u043d\u044f.\",\"publisher\":{\"@id\":\"https:\/\/glasir.com.ua\/#organization\"},\"potentialAction\":[{\"@type\":\"SearchAction\",\"target\":{\"@type\":\"EntryPoint\",\"urlTemplate\":\"https:\/\/glasir.com.ua\/?s={search_term_string}\"},\"query-input\":{\"@type\":\"PropertyValueSpecification\",\"valueRequired\":true,\"valueName\":\"search_term_string\"}}],\"inLanguage\":\"es\"},{\"@type\":\"Organization\",\"@id\":\"https:\/\/glasir.com.ua\/#organization\",\"name\":\"Glasir\",\"url\":\"https:\/\/glasir.com.ua\/\",\"logo\":{\"@type\":\"ImageObject\",\"inLanguage\":\"es\",\"@id\":\"https:\/\/glasir.com.ua\/#\/schema\/logo\/image\/\",\"url\":\"https:\/\/glasir.com.ua\/wp-content\/uploads\/2023\/06\/cropped-llc-glasir.png\",\"contentUrl\":\"https:\/\/glasir.com.ua\/wp-content\/uploads\/2023\/06\/cropped-llc-glasir.png\",\"width\":250,\"height\":250,\"caption\":\"Glasir\"},\"image\":{\"@id\":\"https:\/\/glasir.com.ua\/#\/schema\/logo\/image\/\"},\"sameAs\":[\"https:\/\/www.pinterest.com\/llc_glasir\",\"https:\/\/g.co\/kgs\/7CK1iZr\"]}]}<\/script>\n<!-- \/ Yoast SEO plugin. -->","yoast_head_json":{"title":"Condiciones de devoluci\u00f3n de mercanc\u00edas - Glasir","robots":{"index":"index","follow":"follow","max-snippet":"max-snippet:-1","max-image-preview":"max-image-preview:large","max-video-preview":"max-video-preview:-1"},"canonical":"https:\/\/glasir.com.ua\/es\/\u0443\u043c\u043e\u0432\u0438-\u043f\u043e\u0432\u0435\u0440\u043d\u0435\u043d\u043d\u044f-\u0442\u043e\u0432\u0430\u0440\u0443\/","og_locale":"es_ES","og_type":"article","og_title":"\u0423\u043c\u043e\u0432\u0438 \u043f\u043e\u0432\u0435\u0440\u043d\u0435\u043d\u043d\u044f \u0442\u043e\u0432\u0430\u0440\u0443 - Glasir","og_description":"\u041a\u043e\u043c\u043f\u0430\u043d\u0456\u044f \u0437\u0434\u0456\u0439\u0441\u043d\u044e\u0454 \u043f\u043e\u0432\u0435\u0440\u043d\u0435\u043d\u043d\u044f \u0432\u0456\u0434\u043f\u043e\u0432\u0456\u0434\u043d\u043e \u0434\u043e \u0417\u0430\u043a\u043e\u043d\u0443 \u00ab\u041f\u0440\u043e \u0437\u0430\u0445\u0438\u0441\u0442 \u043f\u0440\u0430\u0432 \u0441\u043f\u043e\u0436\u0438\u0432\u0430\u0447\u0456\u0432\u00bb.\u0421\u0442\u0430\u0442\u0442\u0435\u044e 9 \u0447\u0438\u043d\u043d\u043e\u0433\u043e \u0417\u0430\u043a\u043e\u043d\u0443 \u0423\u043a\u0440\u0430\u0457\u043d\u0438 \u00ab\u041f\u0440\u043e \u0437\u0430\u0445\u0438\u0441\u0442 \u043f\u0440\u0430\u0432 \u0441\u043f\u043e\u0436\u0438\u0432\u0430\u0447\u0456\u0432\u00bb \u043f\u0435\u0440\u0435\u0434\u0431\u0430\u0447\u0435\u043d\u043e \u043f\u0440\u0430\u0432\u043e \u0441\u043f\u043e\u0436\u0438\u0432\u0430\u0447\u0430 \u043e\u0431\u043c\u0456\u043d\u044f\u0442\u0438 \u043d\u0435\u043f\u0440\u043e\u0434\u043e\u0432\u043e\u043b\u044c\u0447\u0438\u0439 \u0442\u043e\u0432\u0430\u0440 \u043d\u0430\u043b\u0435\u0436\u043d\u043e\u0457 \u044f\u043a\u043e\u0441\u0442\u0456 \u043d\u0430 \u0430\u043d\u0430\u043b\u043e\u0433\u0456\u0447\u043d\u0438\u0439, \u044f\u043a\u0449\u043e \u043a\u0443\u043f\u043b\u0435\u043d\u0438\u0439 \u0442\u043e\u0432\u0430\u0440 \u043d\u0435 \u043f\u0456\u0434\u0456\u0439\u0448\u043e\u0432 \u0437\u0430 \u0444\u043e\u0440\u043c\u043e\u044e, \u0433\u0430\u0431\u0430\u0440\u0438\u0442\u0430\u043c\u0438, \u0444\u0430\u0441\u043e\u043d\u043e\u043c, \u043a\u043e\u043b\u044c\u043e\u0440\u043e\u043c, \u0440\u043e\u0437\u043c\u0456\u0440\u043e\u043c \u0430\u0431\u043e \u0437 \u0456\u043d\u0448\u0438\u0445 \u043f\u0440\u0438\u0447\u0438\u043d \u043d\u0435 \u043c\u043e\u0436\u0435 \u0431\u0443\u0442\u0438 \u0432\u0438\u043a\u043e\u0440\u0438\u0441\u0442\u0430\u043d\u0438\u0439 \u0437\u0430 \u043f\u0440\u0438\u0437\u043d\u0430\u0447\u0435\u043d\u043d\u044f\u043c, \u044f\u043a\u0449\u043e \u0434\u0430\u043d\u0438\u0439 \u0442\u043e\u0432\u0430\u0440 \u043d\u0435 \u0432\u0438\u043a\u043e\u0440\u0438\u0441\u0442\u043e\u0432\u0443\u0432\u0430\u0432\u0441\u044f \u0456 &hellip; Continuar leyendo \"\u0423\u043c\u043e\u0432\u0438 \u043f\u043e\u0432\u0435\u0440\u043d\u0435\u043d\u043d\u044f \u0442\u043e\u0432\u0430\u0440\u0443\"","og_url":"https:\/\/glasir.com.ua\/es\/\u0443\u043c\u043e\u0432\u0438-\u043f\u043e\u0432\u0435\u0440\u043d\u0435\u043d\u043d\u044f-\u0442\u043e\u0432\u0430\u0440\u0443\/","og_site_name":"Glasir","article_modified_time":"2025-10-03T08:13:47+00:00","og_image":[{"width":2560,"height":1706,"url":"http:\/\/glasir.com.ua\/wp-content\/uploads\/2023\/09\/giorgio-trovato-bYhDEWgqYLM-unsplash-scaled.jpg","type":"image\/jpeg"}],"twitter_card":"summary_large_image","twitter_misc":{"Tiempo de lectura":"3 minutos"},"schema":{"@context":"https:\/\/schema.org","@graph":[{"@type":"WebPage","@id":"https:\/\/glasir.com.ua\/%d1%83%d0%bc%d0%be%d0%b2%d0%b8-%d0%bf%d0%be%d0%b2%d0%b5%d1%80%d0%bd%d0%b5%d0%bd%d0%bd%d1%8f-%d1%82%d0%be%d0%b2%d0%b0%d1%80%d1%83\/","url":"https:\/\/glasir.com.ua\/%d1%83%d0%bc%d0%be%d0%b2%d0%b8-%d0%bf%d0%be%d0%b2%d0%b5%d1%80%d0%bd%d0%b5%d0%bd%d0%bd%d1%8f-%d1%82%d0%be%d0%b2%d0%b0%d1%80%d1%83\/","name":"Condiciones de devoluci\u00f3n de mercanc\u00edas - Glasir","isPartOf":{"@id":"https:\/\/glasir.com.ua\/#website"},"primaryImageOfPage":{"@id":"https:\/\/glasir.com.ua\/%d1%83%d0%bc%d0%be%d0%b2%d0%b8-%d0%bf%d0%be%d0%b2%d0%b5%d1%80%d0%bd%d0%b5%d0%bd%d0%bd%d1%8f-%d1%82%d0%be%d0%b2%d0%b0%d1%80%d1%83\/#primaryimage"},"image":{"@id":"https:\/\/glasir.com.ua\/%d1%83%d0%bc%d0%be%d0%b2%d0%b8-%d0%bf%d0%be%d0%b2%d0%b5%d1%80%d0%bd%d0%b5%d0%bd%d0%bd%d1%8f-%d1%82%d0%be%d0%b2%d0%b0%d1%80%d1%83\/#primaryimage"},"thumbnailUrl":"https:\/\/glasir.com.ua\/wp-content\/uploads\/2023\/09\/giorgio-trovato-bYhDEWgqYLM-unsplash-scaled.jpg","datePublished":"2023-09-28T17:30:51+00:00","dateModified":"2025-10-03T08:13:47+00:00","breadcrumb":{"@id":"https:\/\/glasir.com.ua\/%d1%83%d0%bc%d0%be%d0%b2%d0%b8-%d0%bf%d0%be%d0%b2%d0%b5%d1%80%d0%bd%d0%b5%d0%bd%d0%bd%d1%8f-%d1%82%d0%be%d0%b2%d0%b0%d1%80%d1%83\/#breadcrumb"},"inLanguage":"es","potentialAction":[{"@type":"ReadAction","target":["https:\/\/glasir.com.ua\/%d1%83%d0%bc%d0%be%d0%b2%d0%b8-%d0%bf%d0%be%d0%b2%d0%b5%d1%80%d0%bd%d0%b5%d0%bd%d0%bd%d1%8f-%d1%82%d0%be%d0%b2%d0%b0%d1%80%d1%83\/"]}]},{"@type":"ImageObject","inLanguage":"es","@id":"https:\/\/glasir.com.ua\/%d1%83%d0%bc%d0%be%d0%b2%d0%b8-%d0%bf%d0%be%d0%b2%d0%b5%d1%80%d0%bd%d0%b5%d0%bd%d0%bd%d1%8f-%d1%82%d0%be%d0%b2%d0%b0%d1%80%d1%83\/#primaryimage","url":"https:\/\/glasir.com.ua\/wp-content\/uploads\/2023\/09\/giorgio-trovato-bYhDEWgqYLM-unsplash-scaled.jpg","contentUrl":"https:\/\/glasir.com.ua\/wp-content\/uploads\/2023\/09\/giorgio-trovato-bYhDEWgqYLM-unsplash-scaled.jpg","width":2560,"height":1706},{"@type":"BreadcrumbList","@id":"https:\/\/glasir.com.ua\/%d1%83%d0%bc%d0%be%d0%b2%d0%b8-%d0%bf%d0%be%d0%b2%d0%b5%d1%80%d0%bd%d0%b5%d0%bd%d0%bd%d1%8f-%d1%82%d0%be%d0%b2%d0%b0%d1%80%d1%83\/#breadcrumb","itemListElement":[{"@type":"ListItem","position":1,"name":"Home","item":"https:\/\/glasir.com.ua\/"},{"@type":"ListItem","position":2,"name":"\u0423\u043c\u043e\u0432\u0438 \u043f\u043e\u0432\u0435\u0440\u043d\u0435\u043d\u043d\u044f \u0442\u043e\u0432\u0430\u0440\u0443"}]},{"@type":"WebSite","@id":"https:\/\/glasir.com.ua\/#website","url":"https:\/\/glasir.com.ua\/","name":"Glasir","description":"No hay comparaci\u00f3n","publisher":{"@id":"https:\/\/glasir.com.ua\/#organization"},"potentialAction":[{"@type":"SearchAction","target":{"@type":"EntryPoint","urlTemplate":"https:\/\/glasir.com.ua\/?s={search_term_string}"},"query-input":{"@type":"PropertyValueSpecification","valueRequired":true,"valueName":"search_term_string"}}],"inLanguage":"es"},{"@type":"Organization","@id":"https:\/\/glasir.com.ua\/#organization","name":"Glasir","url":"https:\/\/glasir.com.ua\/","logo":{"@type":"ImageObject","inLanguage":"es","@id":"https:\/\/glasir.com.ua\/#\/schema\/logo\/image\/","url":"https:\/\/glasir.com.ua\/wp-content\/uploads\/2023\/06\/cropped-llc-glasir.png","contentUrl":"https:\/\/glasir.com.ua\/wp-content\/uploads\/2023\/06\/cropped-llc-glasir.png","width":250,"height":250,"caption":"Glasir"},"image":{"@id":"https:\/\/glasir.com.ua\/#\/schema\/logo\/image\/"},"sameAs":["https:\/\/www.pinterest.com\/llc_glasir","https:\/\/g.co\/kgs\/7CK1iZr"]}]}},"_links":{"self":[{"href":"https:\/\/glasir.com.ua\/es\/wp-json\/wp\/v2\/pages\/587","targetHints":{"allow":["GET"]}}],"collection":[{"href":"https:\/\/glasir.com.ua\/es\/wp-json\/wp\/v2\/pages"}],"about":[{"href":"https:\/\/glasir.com.ua\/es\/wp-json\/wp\/v2\/types\/page"}],"author":[{"embeddable":true,"href":"https:\/\/glasir.com.ua\/es\/wp-json\/wp\/v2\/users\/1"}],"replies":[{"embeddable":true,"href":"https:\/\/glasir.com.ua\/es\/wp-json\/wp\/v2\/comments?post=587"}],"version-history":[{"count":1,"href":"https:\/\/glasir.com.ua\/es\/wp-json\/wp\/v2\/pages\/587\/revisions"}],"predecessor-version":[{"id":2106,"href":"https:\/\/glasir.com.ua\/es\/wp-json\/wp\/v2\/pages\/587\/revisions\/2106"}],"wp:featuredmedia":[{"embeddable":true,"href":"https:\/\/glasir.com.ua\/es\/wp-json\/wp\/v2\/media\/591"}],"wp:attachment":[{"href":"https:\/\/glasir.com.ua\/es\/wp-json\/wp\/v2\/media?parent=587"}],"curies":[{"name":"wp","href":"https:\/\/api.w.org\/{rel}","templated":true}]}}