{"id":919,"date":"2024-07-05T21:13:41","date_gmt":"2024-07-05T18:13:41","guid":{"rendered":"https:\/\/glasir.com.ua\/?post_type=product&#038;p=919"},"modified":"2025-12-02T15:01:32","modified_gmt":"2025-12-02T13:01:32","slug":"%d0%bc%d0%b8%d0%bd%d0%b8-%d0%b1%d1%80%d0%b8%d1%82%d0%b2%d0%b0-apiyoo-ts-uomo","status":"publish","type":"product","link":"https:\/\/glasir.com.ua\/de\/product\/%d0%bc%d0%b8%d0%bd%d0%b8-%d0%b1%d1%80%d0%b8%d1%82%d0%b2%d0%b0-apiyoo-ts-uomo\/","title":{"rendered":"ApiYoo TS Uomo Kabelloser Mini-Rasierer"},"content":{"rendered":"<p>Hervorragende Akkulaufzeit, schlankes Design und geringe Gr\u00f6\u00dfe machen dieses Produkt zum perfekten Rasierer f\u00fcr M\u00e4nner, auch auf Reisen.<br \/>\nDer kabellose Minirasierer verf\u00fcgt \u00fcber ein Netzrasiersystem, das sowohl f\u00fcr die Trocken- als auch f\u00fcr die Nassrasur konzipiert ist. Dieser Rasierer ist gut f\u00fcr M\u00e4nner mit empfindlicher Gesichtshaut geeignet. Durch die Verwendung eines speziellen Netzes wird die Haut weniger verletzt und es kommt nicht zu Reizungen.<br \/>\nDer Rasierer verf\u00fcgt \u00fcber ein elegantes Smart-Display. Die Metallverpackung macht es zu einem perfekten Geschenk. Zwei schwebende K\u00f6pfe, Reisesperre, Ber\u00fchrungsschalter.<br \/>\nEs wird empfohlen, sich bei trockenem Gesicht zu rasieren. Rasieren Sie sich also vor oder einige Zeit nach dem Waschen Ihres Gesichts \u2013 dies optimiert die Qualit\u00e4t der Rasur und sorgt f\u00fcr Komfort. <\/p>\n<p>Das Kit enth\u00e4lt:<br \/>\n\u2013 Bedienungsanleitung<br \/>\n\u2013 Rasiermesser<br \/>\n\u2013 USB-Ladeger\u00e4t<br \/>\n- B\u00fcrste<br \/>\n\u2013 mit Metalletui \u2013 Ledertasche<br \/>\n\u2013 im Karton \u2013 Stoffbeutel<\/p>\n<div style=\"width: 525px;\" class=\"wp-video\"><video class=\"wp-video-shortcode\" id=\"video-919-1\" width=\"525\" height=\"295\" preload=\"metadata\" controls=\"controls\"><source type=\"video\/mp4\" src=\"http:\/\/glasir.com.ua\/wp-content\/uploads\/2024\/07\/\u0410\u043a\u0443\u043c\u0443\u043b\u044f\u0442\u043e\u0440\u043d\u0430-\u0431\u0435\u0437\u0434\u0440\u043e\u0442\u043e\u0432\u0430-\u043c\u0456\u043d\u0456-\u0431\u0440\u0438\u0442\u0432\u0430-ApiYoo-TS-Uomo-61.mp4?_=1\" \/><a href=\"http:\/\/glasir.com.ua\/wp-content\/uploads\/2024\/07\/Akumulyatorna-bezdrotova-mini-britva-ApiYoo-TS-Uomo-61.mp4\">http:\/\/glasir.com.ua\/wp-content\/uploads\/2024\/07\/Akumulyatorna-bezdrotova-mini-britva-ApiYoo-TS-Uomo-61.mp4<\/a><\/video><\/div>","protected":false},"excerpt":{"rendered":"<p>Hervorragende Akkulaufzeit, schlankes Design und geringe Gr\u00f6\u00dfe machen dieses Produkt zum perfekten Rasierer f\u00fcr M\u00e4nner, auch auf Reisen.<\/p>","protected":false},"featured_media":916,"comment_status":"open","ping_status":"closed","template":"","meta":[],"product_brand":[],"product_cat":[135,223],"product_tag":[33],"class_list":{"0":"post-919","1":"product","2":"type-product","3":"status-publish","4":"has-post-thumbnail","6":"product_cat-135","7":"product_cat-223","8":"product_tag-apiyoo","10":"first","11":"onbackorder","12":"featured","13":"taxable","14":"shipping-taxable","15":"purchasable","16":"product-type-variable","17":"has-default-attributes"},"yoast_head":"<!-- This site is optimized with the Yoast SEO plugin v27.2 - https:\/\/yoast.com\/product\/yoast-seo-wordpress\/ -->\n<title>\u0410\u043a\u0443\u043c\u0443\u043b\u044f\u0442\u043e\u0440\u043d\u0430 \u0431\u0435\u0437\u0434\u0440\u043e\u0442\u043e\u0432\u0430 \u043c\u0456\u043d\u0456 \u0431\u0440\u0438\u0442\u0432\u0430 ApiYoo TS Uomo - Glasir<\/title>\n<meta name=\"robots\" content=\"index, follow, max-snippet:-1, max-image-preview:large, max-video-preview:-1\" \/>\n<link rel=\"canonical\" href=\"https:\/\/glasir.com.ua\/de\/product\/\u043c\u0438\u043d\u0438-\u0431\u0440\u0438\u0442\u0432\u0430-apiyoo-ts-uomo\/\" \/>\n<meta property=\"og:locale\" content=\"de_DE\" \/>\n<meta property=\"og:type\" content=\"article\" \/>\n<meta property=\"og:title\" content=\"\u0410\u043a\u0443\u043c\u0443\u043b\u044f\u0442\u043e\u0440\u043d\u0430 \u0431\u0435\u0437\u0434\u0440\u043e\u0442\u043e\u0432\u0430 \u043c\u0456\u043d\u0456 \u0431\u0440\u0438\u0442\u0432\u0430 ApiYoo TS Uomo - Glasir\" \/>\n<meta property=\"og:description\" content=\"\u0427\u0443\u0434\u043e\u0432\u0438\u0439 \u0447\u0430\u0441 \u0430\u0432\u0442\u043e\u043d\u043e\u043c\u043d\u043e\u0457 \u0440\u043e\u0431\u043e\u0442\u0438, \u0432\u0438\u0448\u0443\u043a\u0430\u043d\u0438\u0439 \u0434\u0438\u0437\u0430\u0439\u043d \u0456 \u043d\u0435\u0432\u0435\u043b\u0438\u043a\u0456 \u0440\u043e\u0437\u043c\u0456\u0440\u0438, \u0440\u043e\u0431\u043b\u044f\u0442\u044c \u0446\u0435\u0439 \u043f\u0440\u043e\u0434\u0443\u043a\u0442 \u0456\u0434\u0435\u0430\u043b\u044c\u043d\u043e\u044e \u0431\u0440\u0438\u0442\u0432\u043e\u044e \u0434\u043b\u044f \u0447\u043e\u043b\u043e\u0432\u0456\u043a\u0456\u0432, \u043d\u0430\u0432\u0456\u0442\u044c \u043f\u0456\u0434 \u0447\u0430\u0441 \u043f\u043e\u0434\u043e\u0440\u043e\u0436\u0456.\" \/>\n<meta property=\"og:url\" content=\"https:\/\/glasir.com.ua\/de\/product\/\u043c\u0438\u043d\u0438-\u0431\u0440\u0438\u0442\u0432\u0430-apiyoo-ts-uomo\/\" \/>\n<meta property=\"og:site_name\" content=\"Glasir\" \/>\n<meta property=\"article:modified_time\" content=\"2025-12-02T13:01:32+00:00\" \/>\n<meta property=\"og:image\" content=\"http:\/\/glasir.com.ua\/wp-content\/uploads\/2024\/07\/1.jpg\" \/>\n\t<meta property=\"og:image:width\" content=\"800\" \/>\n\t<meta property=\"og:image:height\" content=\"800\" \/>\n\t<meta property=\"og:image:type\" content=\"image\/jpeg\" \/>\n<meta name=\"twitter:card\" content=\"summary_large_image\" \/>\n<meta name=\"twitter:label1\" content=\"Gesch\u00e4tzte Lesezeit\" \/>\n\t<meta name=\"twitter:data1\" content=\"1\u00a0Minute\" \/>\n<script type=\"application\/ld+json\" class=\"yoast-schema-graph\">{\"@context\":\"https:\/\/schema.org\",\"@graph\":[{\"@type\":[\"WebPage\",\"ItemPage\"],\"@id\":\"https:\/\/glasir.com.ua\/product\/%d0%bc%d0%b8%d0%bd%d0%b8-%d0%b1%d1%80%d0%b8%d1%82%d0%b2%d0%b0-apiyoo-ts-uomo\/\",\"url\":\"https:\/\/glasir.com.ua\/product\/%d0%bc%d0%b8%d0%bd%d0%b8-%d0%b1%d1%80%d0%b8%d1%82%d0%b2%d0%b0-apiyoo-ts-uomo\/\",\"name\":\"\u0410\u043a\u0443\u043c\u0443\u043b\u044f\u0442\u043e\u0440\u043d\u0430 \u0431\u0435\u0437\u0434\u0440\u043e\u0442\u043e\u0432\u0430 \u043c\u0456\u043d\u0456 \u0431\u0440\u0438\u0442\u0432\u0430 ApiYoo TS Uomo - Glasir\",\"isPartOf\":{\"@id\":\"https:\/\/glasir.com.ua\/#website\"},\"primaryImageOfPage\":{\"@id\":\"https:\/\/glasir.com.ua\/product\/%d0%bc%d0%b8%d0%bd%d0%b8-%d0%b1%d1%80%d0%b8%d1%82%d0%b2%d0%b0-apiyoo-ts-uomo\/#primaryimage\"},\"image\":{\"@id\":\"https:\/\/glasir.com.ua\/product\/%d0%bc%d0%b8%d0%bd%d0%b8-%d0%b1%d1%80%d0%b8%d1%82%d0%b2%d0%b0-apiyoo-ts-uomo\/#primaryimage\"},\"thumbnailUrl\":\"https:\/\/glasir.com.ua\/wp-content\/uploads\/2024\/07\/1.jpg\",\"datePublished\":\"2024-07-05T18:13:41+00:00\",\"dateModified\":\"2025-12-02T13:01:32+00:00\",\"breadcrumb\":{\"@id\":\"https:\/\/glasir.com.ua\/product\/%d0%bc%d0%b8%d0%bd%d0%b8-%d0%b1%d1%80%d0%b8%d1%82%d0%b2%d0%b0-apiyoo-ts-uomo\/#breadcrumb\"},\"inLanguage\":\"de\",\"potentialAction\":[{\"@type\":\"ReadAction\",\"target\":[\"https:\/\/glasir.com.ua\/product\/%d0%bc%d0%b8%d0%bd%d0%b8-%d0%b1%d1%80%d0%b8%d1%82%d0%b2%d0%b0-apiyoo-ts-uomo\/\"]}]},{\"@type\":\"ImageObject\",\"inLanguage\":\"de\",\"@id\":\"https:\/\/glasir.com.ua\/product\/%d0%bc%d0%b8%d0%bd%d0%b8-%d0%b1%d1%80%d0%b8%d1%82%d0%b2%d0%b0-apiyoo-ts-uomo\/#primaryimage\",\"url\":\"https:\/\/glasir.com.ua\/wp-content\/uploads\/2024\/07\/1.jpg\",\"contentUrl\":\"https:\/\/glasir.com.ua\/wp-content\/uploads\/2024\/07\/1.jpg\",\"width\":800,\"height\":800,\"caption\":\"ApiYoo TS \u0430\u043a\u043a\u0443\u043c\u0443\u043b\u044f\u0442\u043e\u0440\u043d\u0430\u044f \u0431\u0435\u0441\u043f\u0440\u043e\u0432\u043e\u0434\u043d\u0430\u044f \u043c\u0438\u043d\u0438 \u0431\u0440\u0438\u0442\u0432\u0430 USB\"},{\"@type\":\"BreadcrumbList\",\"@id\":\"https:\/\/glasir.com.ua\/product\/%d0%bc%d0%b8%d0%bd%d0%b8-%d0%b1%d1%80%d0%b8%d1%82%d0%b2%d0%b0-apiyoo-ts-uomo\/#breadcrumb\",\"itemListElement\":[{\"@type\":\"ListItem\",\"position\":1,\"name\":\"Home\",\"item\":\"https:\/\/glasir.com.ua\/\"},{\"@type\":\"ListItem\",\"position\":2,\"name\":\"\u0406\u043d\u0442\u0435\u0440\u043d\u0435\u0442-\u043c\u0430\u0433\u0430\u0437\u0438\u043d\",\"item\":\"https:\/\/glasir.com.ua\/shop\/\"},{\"@type\":\"ListItem\",\"position\":3,\"name\":\"\u0410\u043a\u0443\u043c\u0443\u043b\u044f\u0442\u043e\u0440\u043d\u0430 \u0431\u0435\u0437\u0434\u0440\u043e\u0442\u043e\u0432\u0430 \u043c\u0456\u043d\u0456 \u0431\u0440\u0438\u0442\u0432\u0430 ApiYoo TS Uomo\"}]},{\"@type\":\"WebSite\",\"@id\":\"https:\/\/glasir.com.ua\/#website\",\"url\":\"https:\/\/glasir.com.ua\/\",\"name\":\"Glasir\",\"description\":\"\u041d\u0435\u043c\u0430\u0454 \u043f\u043e\u0440\u0456\u0432\u043d\u044f\u043d\u043d\u044f.\",\"publisher\":{\"@id\":\"https:\/\/glasir.com.ua\/#organization\"},\"potentialAction\":[{\"@type\":\"SearchAction\",\"target\":{\"@type\":\"EntryPoint\",\"urlTemplate\":\"https:\/\/glasir.com.ua\/?s={search_term_string}\"},\"query-input\":{\"@type\":\"PropertyValueSpecification\",\"valueRequired\":true,\"valueName\":\"search_term_string\"}}],\"inLanguage\":\"de\"},{\"@type\":\"Organization\",\"@id\":\"https:\/\/glasir.com.ua\/#organization\",\"name\":\"Glasir\",\"url\":\"https:\/\/glasir.com.ua\/\",\"logo\":{\"@type\":\"ImageObject\",\"inLanguage\":\"de\",\"@id\":\"https:\/\/glasir.com.ua\/#\/schema\/logo\/image\/\",\"url\":\"https:\/\/glasir.com.ua\/wp-content\/uploads\/2023\/06\/cropped-llc-glasir.png\",\"contentUrl\":\"https:\/\/glasir.com.ua\/wp-content\/uploads\/2023\/06\/cropped-llc-glasir.png\",\"width\":250,\"height\":250,\"caption\":\"Glasir\"},\"image\":{\"@id\":\"https:\/\/glasir.com.ua\/#\/schema\/logo\/image\/\"},\"sameAs\":[\"https:\/\/www.pinterest.com\/llc_glasir\",\"https:\/\/g.co\/kgs\/7CK1iZr\"]}]}<\/script>\n<!-- \/ Yoast SEO plugin. -->","yoast_head_json":{"title":"ApiYoo TS Uomo kabelloser Mini-Rasierer \u2013 Glasir","robots":{"index":"index","follow":"follow","max-snippet":"max-snippet:-1","max-image-preview":"max-image-preview:large","max-video-preview":"max-video-preview:-1"},"canonical":"https:\/\/glasir.com.ua\/de\/product\/\u043c\u0438\u043d\u0438-\u0431\u0440\u0438\u0442\u0432\u0430-apiyoo-ts-uomo\/","og_locale":"de_DE","og_type":"article","og_title":"\u0410\u043a\u0443\u043c\u0443\u043b\u044f\u0442\u043e\u0440\u043d\u0430 \u0431\u0435\u0437\u0434\u0440\u043e\u0442\u043e\u0432\u0430 \u043c\u0456\u043d\u0456 \u0431\u0440\u0438\u0442\u0432\u0430 ApiYoo TS Uomo - Glasir","og_description":"\u0427\u0443\u0434\u043e\u0432\u0438\u0439 \u0447\u0430\u0441 \u0430\u0432\u0442\u043e\u043d\u043e\u043c\u043d\u043e\u0457 \u0440\u043e\u0431\u043e\u0442\u0438, \u0432\u0438\u0448\u0443\u043a\u0430\u043d\u0438\u0439 \u0434\u0438\u0437\u0430\u0439\u043d \u0456 \u043d\u0435\u0432\u0435\u043b\u0438\u043a\u0456 \u0440\u043e\u0437\u043c\u0456\u0440\u0438, \u0440\u043e\u0431\u043b\u044f\u0442\u044c \u0446\u0435\u0439 \u043f\u0440\u043e\u0434\u0443\u043a\u0442 \u0456\u0434\u0435\u0430\u043b\u044c\u043d\u043e\u044e \u0431\u0440\u0438\u0442\u0432\u043e\u044e \u0434\u043b\u044f \u0447\u043e\u043b\u043e\u0432\u0456\u043a\u0456\u0432, \u043d\u0430\u0432\u0456\u0442\u044c \u043f\u0456\u0434 \u0447\u0430\u0441 \u043f\u043e\u0434\u043e\u0440\u043e\u0436\u0456.","og_url":"https:\/\/glasir.com.ua\/de\/product\/\u043c\u0438\u043d\u0438-\u0431\u0440\u0438\u0442\u0432\u0430-apiyoo-ts-uomo\/","og_site_name":"Glasir","article_modified_time":"2025-12-02T13:01:32+00:00","og_image":[{"width":800,"height":800,"url":"http:\/\/glasir.com.ua\/wp-content\/uploads\/2024\/07\/1.jpg","type":"image\/jpeg"}],"twitter_card":"summary_large_image","twitter_misc":{"Gesch\u00e4tzte Lesezeit":"1\u00a0Minute"},"schema":{"@context":"https:\/\/schema.org","@graph":[{"@type":["WebPage","ItemPage"],"@id":"https:\/\/glasir.com.ua\/product\/%d0%bc%d0%b8%d0%bd%d0%b8-%d0%b1%d1%80%d0%b8%d1%82%d0%b2%d0%b0-apiyoo-ts-uomo\/","url":"https:\/\/glasir.com.ua\/product\/%d0%bc%d0%b8%d0%bd%d0%b8-%d0%b1%d1%80%d0%b8%d1%82%d0%b2%d0%b0-apiyoo-ts-uomo\/","name":"ApiYoo TS Uomo kabelloser Mini-Rasierer \u2013 Glasir","isPartOf":{"@id":"https:\/\/glasir.com.ua\/#website"},"primaryImageOfPage":{"@id":"https:\/\/glasir.com.ua\/product\/%d0%bc%d0%b8%d0%bd%d0%b8-%d0%b1%d1%80%d0%b8%d1%82%d0%b2%d0%b0-apiyoo-ts-uomo\/#primaryimage"},"image":{"@id":"https:\/\/glasir.com.ua\/product\/%d0%bc%d0%b8%d0%bd%d0%b8-%d0%b1%d1%80%d0%b8%d1%82%d0%b2%d0%b0-apiyoo-ts-uomo\/#primaryimage"},"thumbnailUrl":"https:\/\/glasir.com.ua\/wp-content\/uploads\/2024\/07\/1.jpg","datePublished":"2024-07-05T18:13:41+00:00","dateModified":"2025-12-02T13:01:32+00:00","breadcrumb":{"@id":"https:\/\/glasir.com.ua\/product\/%d0%bc%d0%b8%d0%bd%d0%b8-%d0%b1%d1%80%d0%b8%d1%82%d0%b2%d0%b0-apiyoo-ts-uomo\/#breadcrumb"},"inLanguage":"de","potentialAction":[{"@type":"ReadAction","target":["https:\/\/glasir.com.ua\/product\/%d0%bc%d0%b8%d0%bd%d0%b8-%d0%b1%d1%80%d0%b8%d1%82%d0%b2%d0%b0-apiyoo-ts-uomo\/"]}]},{"@type":"ImageObject","inLanguage":"de","@id":"https:\/\/glasir.com.ua\/product\/%d0%bc%d0%b8%d0%bd%d0%b8-%d0%b1%d1%80%d0%b8%d1%82%d0%b2%d0%b0-apiyoo-ts-uomo\/#primaryimage","url":"https:\/\/glasir.com.ua\/wp-content\/uploads\/2024\/07\/1.jpg","contentUrl":"https:\/\/glasir.com.ua\/wp-content\/uploads\/2024\/07\/1.jpg","width":800,"height":800,"caption":"ApiYoo TS \u0430\u043a\u043a\u0443\u043c\u0443\u043b\u044f\u0442\u043e\u0440\u043d\u0430\u044f \u0431\u0435\u0441\u043f\u0440\u043e\u0432\u043e\u0434\u043d\u0430\u044f \u043c\u0438\u043d\u0438 \u0431\u0440\u0438\u0442\u0432\u0430 USB"},{"@type":"BreadcrumbList","@id":"https:\/\/glasir.com.ua\/product\/%d0%bc%d0%b8%d0%bd%d0%b8-%d0%b1%d1%80%d0%b8%d1%82%d0%b2%d0%b0-apiyoo-ts-uomo\/#breadcrumb","itemListElement":[{"@type":"ListItem","position":1,"name":"Home","item":"https:\/\/glasir.com.ua\/"},{"@type":"ListItem","position":2,"name":"\u0406\u043d\u0442\u0435\u0440\u043d\u0435\u0442-\u043c\u0430\u0433\u0430\u0437\u0438\u043d","item":"https:\/\/glasir.com.ua\/shop\/"},{"@type":"ListItem","position":3,"name":"\u0410\u043a\u0443\u043c\u0443\u043b\u044f\u0442\u043e\u0440\u043d\u0430 \u0431\u0435\u0437\u0434\u0440\u043e\u0442\u043e\u0432\u0430 \u043c\u0456\u043d\u0456 \u0431\u0440\u0438\u0442\u0432\u0430 ApiYoo TS Uomo"}]},{"@type":"WebSite","@id":"https:\/\/glasir.com.ua\/#website","url":"https:\/\/glasir.com.ua\/","name":"Glasir","description":"Es gibt keinen Vergleich.","publisher":{"@id":"https:\/\/glasir.com.ua\/#organization"},"potentialAction":[{"@type":"SearchAction","target":{"@type":"EntryPoint","urlTemplate":"https:\/\/glasir.com.ua\/?s={search_term_string}"},"query-input":{"@type":"PropertyValueSpecification","valueRequired":true,"valueName":"search_term_string"}}],"inLanguage":"de"},{"@type":"Organization","@id":"https:\/\/glasir.com.ua\/#organization","name":"Glasir","url":"https:\/\/glasir.com.ua\/","logo":{"@type":"ImageObject","inLanguage":"de","@id":"https:\/\/glasir.com.ua\/#\/schema\/logo\/image\/","url":"https:\/\/glasir.com.ua\/wp-content\/uploads\/2023\/06\/cropped-llc-glasir.png","contentUrl":"https:\/\/glasir.com.ua\/wp-content\/uploads\/2023\/06\/cropped-llc-glasir.png","width":250,"height":250,"caption":"Glasir"},"image":{"@id":"https:\/\/glasir.com.ua\/#\/schema\/logo\/image\/"},"sameAs":["https:\/\/www.pinterest.com\/llc_glasir","https:\/\/g.co\/kgs\/7CK1iZr"]}]}},"_links":{"self":[{"href":"https:\/\/glasir.com.ua\/de\/wp-json\/wp\/v2\/product\/919","targetHints":{"allow":["GET"]}}],"collection":[{"href":"https:\/\/glasir.com.ua\/de\/wp-json\/wp\/v2\/product"}],"about":[{"href":"https:\/\/glasir.com.ua\/de\/wp-json\/wp\/v2\/types\/product"}],"replies":[{"embeddable":true,"href":"https:\/\/glasir.com.ua\/de\/wp-json\/wp\/v2\/comments?post=919"}],"wp:featuredmedia":[{"embeddable":true,"href":"https:\/\/glasir.com.ua\/de\/wp-json\/wp\/v2\/media\/916"}],"wp:attachment":[{"href":"https:\/\/glasir.com.ua\/de\/wp-json\/wp\/v2\/media?parent=919"}],"wp:term":[{"taxonomy":"product_brand","embeddable":true,"href":"https:\/\/glasir.com.ua\/de\/wp-json\/wp\/v2\/product_brand?post=919"},{"taxonomy":"product_cat","embeddable":true,"href":"https:\/\/glasir.com.ua\/de\/wp-json\/wp\/v2\/product_cat?post=919"},{"taxonomy":"product_tag","embeddable":true,"href":"https:\/\/glasir.com.ua\/de\/wp-json\/wp\/v2\/product_tag?post=919"}],"curies":[{"name":"wp","href":"https:\/\/api.w.org\/{rel}","templated":true}]}}