{"id":2384,"date":"2025-12-18T13:34:21","date_gmt":"2025-12-18T11:34:21","guid":{"rendered":"https:\/\/glasir.com.ua\/?post_type=product&#038;p=2384"},"modified":"2026-02-12T16:03:31","modified_gmt":"2026-02-12T14:03:31","slug":"%d0%bc%d1%96%d0%ba%d1%80%d0%be%d1%80%d0%b5%d0%b3%d1%83%d0%bb%d1%8f%d1%82%d0%be%d1%80-%d1%82%d0%b8%d1%81%d0%ba%d1%83-camozzi-m004-r10","status":"publish","type":"product","link":"https:\/\/glasir.com.ua\/de\/product\/%d0%bc%d1%96%d0%ba%d1%80%d0%be%d1%80%d0%b5%d0%b3%d1%83%d0%bb%d1%8f%d1%82%d0%be%d1%80-%d1%82%d0%b8%d1%81%d0%ba%d1%83-camozzi-m004-r10\/","title":{"rendered":"Mikroregler Druckregler Camozzi M004-R10"},"content":{"rendered":"<p><!--StartFragment --><\/p>\n<p><!--StartFragment --><\/p>\n<p><!--EndFragment --><\/p>\n<p><!--StartFragment --><\/p>\n<p class=\"pf0\"><!--StartFragment --><\/p>\n<p><!--StartFragment --><\/p>\n<p class=\"pf0\"><!--StartFragment --><\/p>\n<p><!--EndFragment --><\/p>\n<p><!--StartFragment --><\/p>\n<p><!--EndFragment --><\/p>\n<p>Mikroregler Druckregler Camozzi M004-R10<br \/>\nAnschluss: G1\/4<br \/>\nArbeitsdruck: von 0 bis 16 bar<br \/>\nDruckentlastung: mit Entlastung<br \/>\nRegelbereich des Ausgangsdrucks: 0 bis 4 bar<br \/>\nNennluftstrom bei 6 bar: 650 Nl\/min<br \/>\nBetriebstemperatur: -5 bis 50 \u00b0C<\/p>\n<p><!--EndFragment -->Wenn Sie einen bestimmten Produktcode von Camozzi suchen, ihn aber nicht in unseren Angeboten gefunden haben, wenden Sie sich bitte an <a href=\"https:\/\/glasir.com.ua\/de\/kontakte\/\">Senden Sie uns eine Anfrage<\/a>.<br \/>\nDas Glasir-Team ber\u00e4t Sie gerne und erstellt Ihnen ein kommerzielles Angebot.<br \/>\nWir stehen Ihnen jederzeit mit den notwendigen Informationen zur Verf\u00fcgung und finden die optimale L\u00f6sung f\u00fcr Ihr Unternehmen.<br \/>\nSenden Sie uns Ihre Anfragen und wir helfen Ihnen gerne weiter!<\/p>","protected":false},"excerpt":{"rendered":"<p>Mikroregler Druckregler Camozzi M004-R10<\/p>","protected":false},"featured_media":2386,"comment_status":"open","ping_status":"closed","template":"","meta":[],"product_brand":[],"product_cat":[130],"product_tag":[124],"class_list":{"0":"post-2384","1":"product","2":"type-product","3":"status-publish","4":"has-post-thumbnail","6":"product_cat-130","7":"product_tag-camozzi","9":"first","10":"instock","11":"taxable","12":"shipping-taxable","13":"purchasable","14":"product-type-simple"},"yoast_head":"<!-- This site is optimized with the Yoast SEO plugin v27.2 - https:\/\/yoast.com\/product\/yoast-seo-wordpress\/ -->\n<title>\u041c\u0456\u043a\u0440\u043e\u0440\u0435\u0433\u0443\u043b\u044f\u0442\u043e\u0440 \u0442\u0438\u0441\u043a\u0443 Camozzi M004-R10 - Glasir<\/title>\n<meta name=\"robots\" content=\"index, follow, max-snippet:-1, max-image-preview:large, max-video-preview:-1\" \/>\n<link rel=\"canonical\" href=\"https:\/\/glasir.com.ua\/de\/product\/\u043c\u0456\u043a\u0440\u043e\u0440\u0435\u0433\u0443\u043b\u044f\u0442\u043e\u0440-\u0442\u0438\u0441\u043a\u0443-camozzi-m004-r10\/\" \/>\n<meta property=\"og:locale\" content=\"de_DE\" \/>\n<meta property=\"og:type\" content=\"article\" \/>\n<meta property=\"og:title\" content=\"\u041c\u0456\u043a\u0440\u043e\u0440\u0435\u0433\u0443\u043b\u044f\u0442\u043e\u0440 \u0442\u0438\u0441\u043a\u0443 Camozzi M004-R10 - Glasir\" \/>\n<meta property=\"og:description\" content=\"\u041c\u0456\u043a\u0440\u043e\u0440\u0435\u0433\u0443\u043b\u044f\u0442\u043e\u0440 \u0442\u0438\u0441\u043a\u0443 Camozzi M004-R10\" \/>\n<meta property=\"og:url\" content=\"https:\/\/glasir.com.ua\/de\/product\/\u043c\u0456\u043a\u0440\u043e\u0440\u0435\u0433\u0443\u043b\u044f\u0442\u043e\u0440-\u0442\u0438\u0441\u043a\u0443-camozzi-m004-r10\/\" \/>\n<meta property=\"og:site_name\" content=\"Glasir\" \/>\n<meta property=\"article:modified_time\" content=\"2026-02-12T14:03:31+00:00\" \/>\n<meta property=\"og:image\" content=\"http:\/\/glasir.com.ua\/wp-content\/uploads\/2025\/12\/CAMOZZI-M004-R10.png\" \/>\n\t<meta property=\"og:image:width\" content=\"229\" \/>\n\t<meta property=\"og:image:height\" content=\"322\" \/>\n\t<meta property=\"og:image:type\" content=\"image\/png\" \/>\n<meta name=\"twitter:card\" content=\"summary_large_image\" \/>\n<meta name=\"twitter:label1\" content=\"Gesch\u00e4tzte Lesezeit\" \/>\n\t<meta name=\"twitter:data1\" content=\"1\u00a0Minute\" \/>\n<script type=\"application\/ld+json\" class=\"yoast-schema-graph\">{\"@context\":\"https:\/\/schema.org\",\"@graph\":[{\"@type\":[\"WebPage\",\"ItemPage\"],\"@id\":\"https:\/\/glasir.com.ua\/product\/%d0%bc%d1%96%d0%ba%d1%80%d0%be%d1%80%d0%b5%d0%b3%d1%83%d0%bb%d1%8f%d1%82%d0%be%d1%80-%d1%82%d0%b8%d1%81%d0%ba%d1%83-camozzi-m004-r10\/\",\"url\":\"https:\/\/glasir.com.ua\/product\/%d0%bc%d1%96%d0%ba%d1%80%d0%be%d1%80%d0%b5%d0%b3%d1%83%d0%bb%d1%8f%d1%82%d0%be%d1%80-%d1%82%d0%b8%d1%81%d0%ba%d1%83-camozzi-m004-r10\/\",\"name\":\"\u041c\u0456\u043a\u0440\u043e\u0440\u0435\u0433\u0443\u043b\u044f\u0442\u043e\u0440 \u0442\u0438\u0441\u043a\u0443 Camozzi M004-R10 - Glasir\",\"isPartOf\":{\"@id\":\"https:\/\/glasir.com.ua\/#website\"},\"primaryImageOfPage\":{\"@id\":\"https:\/\/glasir.com.ua\/product\/%d0%bc%d1%96%d0%ba%d1%80%d0%be%d1%80%d0%b5%d0%b3%d1%83%d0%bb%d1%8f%d1%82%d0%be%d1%80-%d1%82%d0%b8%d1%81%d0%ba%d1%83-camozzi-m004-r10\/#primaryimage\"},\"image\":{\"@id\":\"https:\/\/glasir.com.ua\/product\/%d0%bc%d1%96%d0%ba%d1%80%d0%be%d1%80%d0%b5%d0%b3%d1%83%d0%bb%d1%8f%d1%82%d0%be%d1%80-%d1%82%d0%b8%d1%81%d0%ba%d1%83-camozzi-m004-r10\/#primaryimage\"},\"thumbnailUrl\":\"https:\/\/glasir.com.ua\/wp-content\/uploads\/2025\/12\/CAMOZZI-M004-R10.png\",\"datePublished\":\"2025-12-18T11:34:21+00:00\",\"dateModified\":\"2026-02-12T14:03:31+00:00\",\"breadcrumb\":{\"@id\":\"https:\/\/glasir.com.ua\/product\/%d0%bc%d1%96%d0%ba%d1%80%d0%be%d1%80%d0%b5%d0%b3%d1%83%d0%bb%d1%8f%d1%82%d0%be%d1%80-%d1%82%d0%b8%d1%81%d0%ba%d1%83-camozzi-m004-r10\/#breadcrumb\"},\"inLanguage\":\"de\",\"potentialAction\":[{\"@type\":\"ReadAction\",\"target\":[\"https:\/\/glasir.com.ua\/product\/%d0%bc%d1%96%d0%ba%d1%80%d0%be%d1%80%d0%b5%d0%b3%d1%83%d0%bb%d1%8f%d1%82%d0%be%d1%80-%d1%82%d0%b8%d1%81%d0%ba%d1%83-camozzi-m004-r10\/\"]}]},{\"@type\":\"ImageObject\",\"inLanguage\":\"de\",\"@id\":\"https:\/\/glasir.com.ua\/product\/%d0%bc%d1%96%d0%ba%d1%80%d0%be%d1%80%d0%b5%d0%b3%d1%83%d0%bb%d1%8f%d1%82%d0%be%d1%80-%d1%82%d0%b8%d1%81%d0%ba%d1%83-camozzi-m004-r10\/#primaryimage\",\"url\":\"https:\/\/glasir.com.ua\/wp-content\/uploads\/2025\/12\/CAMOZZI-M004-R10.png\",\"contentUrl\":\"https:\/\/glasir.com.ua\/wp-content\/uploads\/2025\/12\/CAMOZZI-M004-R10.png\",\"width\":229,\"height\":322,\"caption\":\"Camozzi M004-R10\"},{\"@type\":\"BreadcrumbList\",\"@id\":\"https:\/\/glasir.com.ua\/product\/%d0%bc%d1%96%d0%ba%d1%80%d0%be%d1%80%d0%b5%d0%b3%d1%83%d0%bb%d1%8f%d1%82%d0%be%d1%80-%d1%82%d0%b8%d1%81%d0%ba%d1%83-camozzi-m004-r10\/#breadcrumb\",\"itemListElement\":[{\"@type\":\"ListItem\",\"position\":1,\"name\":\"Home\",\"item\":\"https:\/\/glasir.com.ua\/\"},{\"@type\":\"ListItem\",\"position\":2,\"name\":\"\u0406\u043d\u0442\u0435\u0440\u043d\u0435\u0442-\u043c\u0430\u0433\u0430\u0437\u0438\u043d\",\"item\":\"https:\/\/glasir.com.ua\/shop\/\"},{\"@type\":\"ListItem\",\"position\":3,\"name\":\"\u041c\u0456\u043a\u0440\u043e\u0440\u0435\u0433\u0443\u043b\u044f\u0442\u043e\u0440 \u0442\u0438\u0441\u043a\u0443 Camozzi M004-R10\"}]},{\"@type\":\"WebSite\",\"@id\":\"https:\/\/glasir.com.ua\/#website\",\"url\":\"https:\/\/glasir.com.ua\/\",\"name\":\"Glasir\",\"description\":\"\u041d\u0435\u043c\u0430\u0454 \u043f\u043e\u0440\u0456\u0432\u043d\u044f\u043d\u043d\u044f.\",\"publisher\":{\"@id\":\"https:\/\/glasir.com.ua\/#organization\"},\"potentialAction\":[{\"@type\":\"SearchAction\",\"target\":{\"@type\":\"EntryPoint\",\"urlTemplate\":\"https:\/\/glasir.com.ua\/?s={search_term_string}\"},\"query-input\":{\"@type\":\"PropertyValueSpecification\",\"valueRequired\":true,\"valueName\":\"search_term_string\"}}],\"inLanguage\":\"de\"},{\"@type\":\"Organization\",\"@id\":\"https:\/\/glasir.com.ua\/#organization\",\"name\":\"Glasir\",\"url\":\"https:\/\/glasir.com.ua\/\",\"logo\":{\"@type\":\"ImageObject\",\"inLanguage\":\"de\",\"@id\":\"https:\/\/glasir.com.ua\/#\/schema\/logo\/image\/\",\"url\":\"https:\/\/glasir.com.ua\/wp-content\/uploads\/2023\/06\/cropped-llc-glasir.png\",\"contentUrl\":\"https:\/\/glasir.com.ua\/wp-content\/uploads\/2023\/06\/cropped-llc-glasir.png\",\"width\":250,\"height\":250,\"caption\":\"Glasir\"},\"image\":{\"@id\":\"https:\/\/glasir.com.ua\/#\/schema\/logo\/image\/\"},\"sameAs\":[\"https:\/\/www.pinterest.com\/llc_glasir\",\"https:\/\/g.co\/kgs\/7CK1iZr\"]}]}<\/script>\n<!-- \/ Yoast SEO plugin. -->","yoast_head_json":{"title":"Mikro-Druckregler Camozzi M004-R10 - Glasir","robots":{"index":"index","follow":"follow","max-snippet":"max-snippet:-1","max-image-preview":"max-image-preview:large","max-video-preview":"max-video-preview:-1"},"canonical":"https:\/\/glasir.com.ua\/de\/product\/\u043c\u0456\u043a\u0440\u043e\u0440\u0435\u0433\u0443\u043b\u044f\u0442\u043e\u0440-\u0442\u0438\u0441\u043a\u0443-camozzi-m004-r10\/","og_locale":"de_DE","og_type":"article","og_title":"\u041c\u0456\u043a\u0440\u043e\u0440\u0435\u0433\u0443\u043b\u044f\u0442\u043e\u0440 \u0442\u0438\u0441\u043a\u0443 Camozzi M004-R10 - Glasir","og_description":"\u041c\u0456\u043a\u0440\u043e\u0440\u0435\u0433\u0443\u043b\u044f\u0442\u043e\u0440 \u0442\u0438\u0441\u043a\u0443 Camozzi M004-R10","og_url":"https:\/\/glasir.com.ua\/de\/product\/\u043c\u0456\u043a\u0440\u043e\u0440\u0435\u0433\u0443\u043b\u044f\u0442\u043e\u0440-\u0442\u0438\u0441\u043a\u0443-camozzi-m004-r10\/","og_site_name":"Glasir","article_modified_time":"2026-02-12T14:03:31+00:00","og_image":[{"width":229,"height":322,"url":"http:\/\/glasir.com.ua\/wp-content\/uploads\/2025\/12\/CAMOZZI-M004-R10.png","type":"image\/png"}],"twitter_card":"summary_large_image","twitter_misc":{"Gesch\u00e4tzte Lesezeit":"1\u00a0Minute"},"schema":{"@context":"https:\/\/schema.org","@graph":[{"@type":["WebPage","ItemPage"],"@id":"https:\/\/glasir.com.ua\/product\/%d0%bc%d1%96%d0%ba%d1%80%d0%be%d1%80%d0%b5%d0%b3%d1%83%d0%bb%d1%8f%d1%82%d0%be%d1%80-%d1%82%d0%b8%d1%81%d0%ba%d1%83-camozzi-m004-r10\/","url":"https:\/\/glasir.com.ua\/product\/%d0%bc%d1%96%d0%ba%d1%80%d0%be%d1%80%d0%b5%d0%b3%d1%83%d0%bb%d1%8f%d1%82%d0%be%d1%80-%d1%82%d0%b8%d1%81%d0%ba%d1%83-camozzi-m004-r10\/","name":"Mikro-Druckregler Camozzi M004-R10 - Glasir","isPartOf":{"@id":"https:\/\/glasir.com.ua\/#website"},"primaryImageOfPage":{"@id":"https:\/\/glasir.com.ua\/product\/%d0%bc%d1%96%d0%ba%d1%80%d0%be%d1%80%d0%b5%d0%b3%d1%83%d0%bb%d1%8f%d1%82%d0%be%d1%80-%d1%82%d0%b8%d1%81%d0%ba%d1%83-camozzi-m004-r10\/#primaryimage"},"image":{"@id":"https:\/\/glasir.com.ua\/product\/%d0%bc%d1%96%d0%ba%d1%80%d0%be%d1%80%d0%b5%d0%b3%d1%83%d0%bb%d1%8f%d1%82%d0%be%d1%80-%d1%82%d0%b8%d1%81%d0%ba%d1%83-camozzi-m004-r10\/#primaryimage"},"thumbnailUrl":"https:\/\/glasir.com.ua\/wp-content\/uploads\/2025\/12\/CAMOZZI-M004-R10.png","datePublished":"2025-12-18T11:34:21+00:00","dateModified":"2026-02-12T14:03:31+00:00","breadcrumb":{"@id":"https:\/\/glasir.com.ua\/product\/%d0%bc%d1%96%d0%ba%d1%80%d0%be%d1%80%d0%b5%d0%b3%d1%83%d0%bb%d1%8f%d1%82%d0%be%d1%80-%d1%82%d0%b8%d1%81%d0%ba%d1%83-camozzi-m004-r10\/#breadcrumb"},"inLanguage":"de","potentialAction":[{"@type":"ReadAction","target":["https:\/\/glasir.com.ua\/product\/%d0%bc%d1%96%d0%ba%d1%80%d0%be%d1%80%d0%b5%d0%b3%d1%83%d0%bb%d1%8f%d1%82%d0%be%d1%80-%d1%82%d0%b8%d1%81%d0%ba%d1%83-camozzi-m004-r10\/"]}]},{"@type":"ImageObject","inLanguage":"de","@id":"https:\/\/glasir.com.ua\/product\/%d0%bc%d1%96%d0%ba%d1%80%d0%be%d1%80%d0%b5%d0%b3%d1%83%d0%bb%d1%8f%d1%82%d0%be%d1%80-%d1%82%d0%b8%d1%81%d0%ba%d1%83-camozzi-m004-r10\/#primaryimage","url":"https:\/\/glasir.com.ua\/wp-content\/uploads\/2025\/12\/CAMOZZI-M004-R10.png","contentUrl":"https:\/\/glasir.com.ua\/wp-content\/uploads\/2025\/12\/CAMOZZI-M004-R10.png","width":229,"height":322,"caption":"Camozzi M004-R10"},{"@type":"BreadcrumbList","@id":"https:\/\/glasir.com.ua\/product\/%d0%bc%d1%96%d0%ba%d1%80%d0%be%d1%80%d0%b5%d0%b3%d1%83%d0%bb%d1%8f%d1%82%d0%be%d1%80-%d1%82%d0%b8%d1%81%d0%ba%d1%83-camozzi-m004-r10\/#breadcrumb","itemListElement":[{"@type":"ListItem","position":1,"name":"Home","item":"https:\/\/glasir.com.ua\/"},{"@type":"ListItem","position":2,"name":"\u0406\u043d\u0442\u0435\u0440\u043d\u0435\u0442-\u043c\u0430\u0433\u0430\u0437\u0438\u043d","item":"https:\/\/glasir.com.ua\/shop\/"},{"@type":"ListItem","position":3,"name":"\u041c\u0456\u043a\u0440\u043e\u0440\u0435\u0433\u0443\u043b\u044f\u0442\u043e\u0440 \u0442\u0438\u0441\u043a\u0443 Camozzi M004-R10"}]},{"@type":"WebSite","@id":"https:\/\/glasir.com.ua\/#website","url":"https:\/\/glasir.com.ua\/","name":"Glasir","description":"Es gibt keinen Vergleich.","publisher":{"@id":"https:\/\/glasir.com.ua\/#organization"},"potentialAction":[{"@type":"SearchAction","target":{"@type":"EntryPoint","urlTemplate":"https:\/\/glasir.com.ua\/?s={search_term_string}"},"query-input":{"@type":"PropertyValueSpecification","valueRequired":true,"valueName":"search_term_string"}}],"inLanguage":"de"},{"@type":"Organization","@id":"https:\/\/glasir.com.ua\/#organization","name":"Glasir","url":"https:\/\/glasir.com.ua\/","logo":{"@type":"ImageObject","inLanguage":"de","@id":"https:\/\/glasir.com.ua\/#\/schema\/logo\/image\/","url":"https:\/\/glasir.com.ua\/wp-content\/uploads\/2023\/06\/cropped-llc-glasir.png","contentUrl":"https:\/\/glasir.com.ua\/wp-content\/uploads\/2023\/06\/cropped-llc-glasir.png","width":250,"height":250,"caption":"Glasir"},"image":{"@id":"https:\/\/glasir.com.ua\/#\/schema\/logo\/image\/"},"sameAs":["https:\/\/www.pinterest.com\/llc_glasir","https:\/\/g.co\/kgs\/7CK1iZr"]}]}},"_links":{"self":[{"href":"https:\/\/glasir.com.ua\/de\/wp-json\/wp\/v2\/product\/2384","targetHints":{"allow":["GET"]}}],"collection":[{"href":"https:\/\/glasir.com.ua\/de\/wp-json\/wp\/v2\/product"}],"about":[{"href":"https:\/\/glasir.com.ua\/de\/wp-json\/wp\/v2\/types\/product"}],"replies":[{"embeddable":true,"href":"https:\/\/glasir.com.ua\/de\/wp-json\/wp\/v2\/comments?post=2384"}],"wp:featuredmedia":[{"embeddable":true,"href":"https:\/\/glasir.com.ua\/de\/wp-json\/wp\/v2\/media\/2386"}],"wp:attachment":[{"href":"https:\/\/glasir.com.ua\/de\/wp-json\/wp\/v2\/media?parent=2384"}],"wp:term":[{"taxonomy":"product_brand","embeddable":true,"href":"https:\/\/glasir.com.ua\/de\/wp-json\/wp\/v2\/product_brand?post=2384"},{"taxonomy":"product_cat","embeddable":true,"href":"https:\/\/glasir.com.ua\/de\/wp-json\/wp\/v2\/product_cat?post=2384"},{"taxonomy":"product_tag","embeddable":true,"href":"https:\/\/glasir.com.ua\/de\/wp-json\/wp\/v2\/product_tag?post=2384"}],"curies":[{"name":"wp","href":"https:\/\/api.w.org\/{rel}","templated":true}]}}