{"id":1865,"date":"2025-03-09T12:37:26","date_gmt":"2025-03-09T10:37:26","guid":{"rendered":"https:\/\/glasir.com.ua\/?post_type=product&#038;p=1865"},"modified":"2025-03-14T14:09:56","modified_gmt":"2025-03-14T12:09:56","slug":"%d1%82%d0%b5%d1%80%d0%bc%d0%be%d1%81-%d0%b7-%d0%bd%d0%b5%d1%80%d0%b6%d0%b0%d0%b2%d1%96%d1%8e%d1%87%d0%be%d1%97-%d1%81%d1%82%d0%b0%d0%bb%d1%96-600-%d0%bc%d0%bb-%d0%b4%d0%bb%d1%8f-%d0%b4%d1%96%d1%82","status":"publish","type":"product","link":"https:\/\/glasir.com.ua\/de\/product\/%d1%82%d0%b5%d1%80%d0%bc%d0%be%d1%81-%d0%b7-%d0%bd%d0%b5%d1%80%d0%b6%d0%b0%d0%b2%d1%96%d1%8e%d1%87%d0%be%d1%97-%d1%81%d1%82%d0%b0%d0%bb%d1%96-600-%d0%bc%d0%bb-%d0%b4%d0%bb%d1%8f-%d0%b4%d1%96%d1%82\/","title":{"rendered":"Edelstahl-Thermoskanne 600 ml f\u00fcr Kinder ApiYoo Gioco"},"content":{"rendered":"<p>Edelstahl-Thermoskanne 600 ml f\u00fcr Kinder ApiYoo Gioco<\/p>\n<p>Eine Kinderthermoskanne mit Riemen ist eine gute Wahl, um die Getr\u00e4nke Ihres Kindes den ganzen Tag \u00fcber hei\u00df oder kalt zu halten. Die Thermoskanne ist aus hochwertigem Edelstahl gefertigt, der nicht rostet und den Geschmack von Getr\u00e4nken nicht beeintr\u00e4chtigt. Es verf\u00fcgt \u00fcber Doppelw\u00e4nde mit Vakuumisolierung, wodurch es lange warm oder kalt bleibt. Die Thermoskanne verf\u00fcgt \u00fcber einen praktischen Schraubdeckel, der dicht schlie\u00dft und ein Auslaufen verhindert. Die Silikondichtung sorgt f\u00fcr zus\u00e4tzlichen Schutz vor Auslaufen. Ideal f\u00fcr Kindergarten oder Schule, f\u00fcr den Spaziergang und unterwegs sowie auf Reisen. Das sch\u00f6ne Dekor macht die Thermoskanne nicht nur f\u00fcr Kinder, sondern auch f\u00fcr Erwachsene interessant und attraktiv. Der integrierte Trinkschlauch erm\u00f6glicht sicheres Trinken und unterst\u00fctzt die Trinklust des Kindes in jeder Situation.<br \/>\nBitte beachten: Um unangenehme Ger\u00fcche und Schimmelbildung zu vermeiden, montieren Sie die Thermoskanne und den Deckel mit Silikondichtungen erst, wenn diese vollst\u00e4ndig getrocknet sind. Um einen Verlust der Dichtigkeit und der W\u00e4rmed\u00e4mmeigenschaften zu vermeiden, lassen Sie die Thermoskanne nicht fallen und gie\u00dfen Sie kein kochendes Wasser oder s\u00fc\u00dfe kohlens\u00e4urehaltige Getr\u00e4nke hinein. Es wird dringend davon abgeraten, die Tasse in der Mikrowelle zu erhitzen oder feste Gegenst\u00e4nde hineinzustellen.<\/p>\n<p>Typ: Thermoskanne<br \/>\nVerwendungszweck: f\u00fcr Getr\u00e4nke<br \/>\nVolumen: 600 ml<br \/>\nMaterial: Auskleidung aus Edelstahl 316, Au\u00dfenseite aus Edelstahl 304. Abdeckung: PP, PU + Wachsseil, Silikonkautschuk.<br \/>\nProduktgr\u00f6\u00dfe: 86 mm x 195 mm<\/p>\n<p>Schauen Sie sich unsere Tipps zur Verwendung und Reinigung von Thermoskannen aus Edelstahl an: <a href=\"https:\/\/glasir.com.ua\/de\/blog\/2025\/03\/08\/\u043f\u043e\u0440\u0430\u0434\u0438-\u0442\u0430-\u0440\u0435\u043a\u043e\u043c\u0435\u043d\u0434\u0430\u0446\u0456\u0457-glasir-\u0449\u043e\u0434\u043e-\u0432\u0438\u043a\u043e\u0440\u0438\u0441-2\/\">https:\/\/glasir.com.ua\/blog\/2025\/03\/08\/tips-and-recommendations-glasir-for-use-2\/<\/a><\/p>","protected":false},"excerpt":{"rendered":"<p>Edelstahl-Thermoskanne 600 ml f\u00fcr Kinder ApiYoo Gioco<\/p>","protected":false},"featured_media":1869,"comment_status":"open","ping_status":"closed","template":"","meta":[],"product_brand":[],"product_cat":[141],"product_tag":[33],"class_list":{"0":"post-1865","1":"product","2":"type-product","3":"status-publish","4":"has-post-thumbnail","6":"product_cat-141","7":"product_tag-apiyoo","9":"first","10":"onbackorder","11":"featured","12":"taxable","13":"shipping-taxable","14":"purchasable","15":"product-type-variable"},"yoast_head":"<!-- This site is optimized with the Yoast SEO plugin v27.2 - https:\/\/yoast.com\/product\/yoast-seo-wordpress\/ -->\n<title>\u0422\u0435\u0440\u043c\u043e\u0441 \u0437 \u043d\u0435\u0440\u0436\u0430\u0432\u0456\u044e\u0447\u043e\u0457 \u0441\u0442\u0430\u043b\u0456 600 \u043c\u043b \u0434\u043b\u044f \u0434\u0456\u0442\u0435\u0439 ApiYoo Gioco - Glasir<\/title>\n<meta name=\"robots\" content=\"index, follow, max-snippet:-1, max-image-preview:large, max-video-preview:-1\" \/>\n<link rel=\"canonical\" href=\"https:\/\/glasir.com.ua\/de\/product\/\u0442\u0435\u0440\u043c\u043e\u0441-\u0437-\u043d\u0435\u0440\u0436\u0430\u0432\u0456\u044e\u0447\u043e\u0457-\u0441\u0442\u0430\u043b\u0456-600-\u043c\u043b-\u0434\u043b\u044f-\u0434\u0456\u0442\/\" \/>\n<meta property=\"og:locale\" content=\"de_DE\" \/>\n<meta property=\"og:type\" content=\"article\" \/>\n<meta property=\"og:title\" content=\"\u0422\u0435\u0440\u043c\u043e\u0441 \u0437 \u043d\u0435\u0440\u0436\u0430\u0432\u0456\u044e\u0447\u043e\u0457 \u0441\u0442\u0430\u043b\u0456 600 \u043c\u043b \u0434\u043b\u044f \u0434\u0456\u0442\u0435\u0439 ApiYoo Gioco - Glasir\" \/>\n<meta property=\"og:description\" content=\"\u0422\u0435\u0440\u043c\u043e\u0441 \u0437 \u043d\u0435\u0440\u0436\u0430\u0432\u0456\u044e\u0447\u043e\u0457 \u0441\u0442\u0430\u043b\u0456 600 \u043c\u043b \u0434\u043b\u044f \u0434\u0456\u0442\u0435\u0439 ApiYoo Gioco\" \/>\n<meta property=\"og:url\" content=\"https:\/\/glasir.com.ua\/de\/product\/\u0442\u0435\u0440\u043c\u043e\u0441-\u0437-\u043d\u0435\u0440\u0436\u0430\u0432\u0456\u044e\u0447\u043e\u0457-\u0441\u0442\u0430\u043b\u0456-600-\u043c\u043b-\u0434\u043b\u044f-\u0434\u0456\u0442\/\" \/>\n<meta property=\"og:site_name\" content=\"Glasir\" \/>\n<meta property=\"article:modified_time\" content=\"2025-03-14T12:09:56+00:00\" \/>\n<meta property=\"og:image\" content=\"https:\/\/glasir.com.ua\/wp-content\/uploads\/2025\/03\/thermos-for-kids2.png\" \/>\n\t<meta property=\"og:image:width\" content=\"602\" \/>\n\t<meta property=\"og:image:height\" content=\"607\" \/>\n\t<meta property=\"og:image:type\" content=\"image\/png\" \/>\n<meta name=\"twitter:card\" content=\"summary_large_image\" \/>\n<script type=\"application\/ld+json\" class=\"yoast-schema-graph\">{\"@context\":\"https:\/\/schema.org\",\"@graph\":[{\"@type\":[\"WebPage\",\"ItemPage\"],\"@id\":\"https:\/\/glasir.com.ua\/product\/%d1%82%d0%b5%d1%80%d0%bc%d0%be%d1%81-%d0%b7-%d0%bd%d0%b5%d1%80%d0%b6%d0%b0%d0%b2%d1%96%d1%8e%d1%87%d0%be%d1%97-%d1%81%d1%82%d0%b0%d0%bb%d1%96-600-%d0%bc%d0%bb-%d0%b4%d0%bb%d1%8f-%d0%b4%d1%96%d1%82\/\",\"url\":\"https:\/\/glasir.com.ua\/product\/%d1%82%d0%b5%d1%80%d0%bc%d0%be%d1%81-%d0%b7-%d0%bd%d0%b5%d1%80%d0%b6%d0%b0%d0%b2%d1%96%d1%8e%d1%87%d0%be%d1%97-%d1%81%d1%82%d0%b0%d0%bb%d1%96-600-%d0%bc%d0%bb-%d0%b4%d0%bb%d1%8f-%d0%b4%d1%96%d1%82\/\",\"name\":\"\u0422\u0435\u0440\u043c\u043e\u0441 \u0437 \u043d\u0435\u0440\u0436\u0430\u0432\u0456\u044e\u0447\u043e\u0457 \u0441\u0442\u0430\u043b\u0456 600 \u043c\u043b \u0434\u043b\u044f \u0434\u0456\u0442\u0435\u0439 ApiYoo Gioco - Glasir\",\"isPartOf\":{\"@id\":\"https:\/\/glasir.com.ua\/#website\"},\"primaryImageOfPage\":{\"@id\":\"https:\/\/glasir.com.ua\/product\/%d1%82%d0%b5%d1%80%d0%bc%d0%be%d1%81-%d0%b7-%d0%bd%d0%b5%d1%80%d0%b6%d0%b0%d0%b2%d1%96%d1%8e%d1%87%d0%be%d1%97-%d1%81%d1%82%d0%b0%d0%bb%d1%96-600-%d0%bc%d0%bb-%d0%b4%d0%bb%d1%8f-%d0%b4%d1%96%d1%82\/#primaryimage\"},\"image\":{\"@id\":\"https:\/\/glasir.com.ua\/product\/%d1%82%d0%b5%d1%80%d0%bc%d0%be%d1%81-%d0%b7-%d0%bd%d0%b5%d1%80%d0%b6%d0%b0%d0%b2%d1%96%d1%8e%d1%87%d0%be%d1%97-%d1%81%d1%82%d0%b0%d0%bb%d1%96-600-%d0%bc%d0%bb-%d0%b4%d0%bb%d1%8f-%d0%b4%d1%96%d1%82\/#primaryimage\"},\"thumbnailUrl\":\"https:\/\/glasir.com.ua\/wp-content\/uploads\/2025\/03\/thermos-for-kids2.png\",\"datePublished\":\"2025-03-09T10:37:26+00:00\",\"dateModified\":\"2025-03-14T12:09:56+00:00\",\"breadcrumb\":{\"@id\":\"https:\/\/glasir.com.ua\/product\/%d1%82%d0%b5%d1%80%d0%bc%d0%be%d1%81-%d0%b7-%d0%bd%d0%b5%d1%80%d0%b6%d0%b0%d0%b2%d1%96%d1%8e%d1%87%d0%be%d1%97-%d1%81%d1%82%d0%b0%d0%bb%d1%96-600-%d0%bc%d0%bb-%d0%b4%d0%bb%d1%8f-%d0%b4%d1%96%d1%82\/#breadcrumb\"},\"inLanguage\":\"de\",\"potentialAction\":[{\"@type\":\"ReadAction\",\"target\":[\"https:\/\/glasir.com.ua\/product\/%d1%82%d0%b5%d1%80%d0%bc%d0%be%d1%81-%d0%b7-%d0%bd%d0%b5%d1%80%d0%b6%d0%b0%d0%b2%d1%96%d1%8e%d1%87%d0%be%d1%97-%d1%81%d1%82%d0%b0%d0%bb%d1%96-600-%d0%bc%d0%bb-%d0%b4%d0%bb%d1%8f-%d0%b4%d1%96%d1%82\/\"]}]},{\"@type\":\"ImageObject\",\"inLanguage\":\"de\",\"@id\":\"https:\/\/glasir.com.ua\/product\/%d1%82%d0%b5%d1%80%d0%bc%d0%be%d1%81-%d0%b7-%d0%bd%d0%b5%d1%80%d0%b6%d0%b0%d0%b2%d1%96%d1%8e%d1%87%d0%be%d1%97-%d1%81%d1%82%d0%b0%d0%bb%d1%96-600-%d0%bc%d0%bb-%d0%b4%d0%bb%d1%8f-%d0%b4%d1%96%d1%82\/#primaryimage\",\"url\":\"https:\/\/glasir.com.ua\/wp-content\/uploads\/2025\/03\/thermos-for-kids2.png\",\"contentUrl\":\"https:\/\/glasir.com.ua\/wp-content\/uploads\/2025\/03\/thermos-for-kids2.png\",\"width\":602,\"height\":607,\"caption\":\"\u0422\u0435\u0440\u043c\u043e\u0441 \u0437 \u043d\u0435\u0440\u0436\u0430\u0432\u0456\u044e\u0447\u043e\u0457 \u0441\u0442\u0430\u043b\u0456 600 \u043c\u043b \u0434\u043b\u044f \u0434\u0456\u0442\u0435\u0439\"},{\"@type\":\"BreadcrumbList\",\"@id\":\"https:\/\/glasir.com.ua\/product\/%d1%82%d0%b5%d1%80%d0%bc%d0%be%d1%81-%d0%b7-%d0%bd%d0%b5%d1%80%d0%b6%d0%b0%d0%b2%d1%96%d1%8e%d1%87%d0%be%d1%97-%d1%81%d1%82%d0%b0%d0%bb%d1%96-600-%d0%bc%d0%bb-%d0%b4%d0%bb%d1%8f-%d0%b4%d1%96%d1%82\/#breadcrumb\",\"itemListElement\":[{\"@type\":\"ListItem\",\"position\":1,\"name\":\"Home\",\"item\":\"https:\/\/glasir.com.ua\/\"},{\"@type\":\"ListItem\",\"position\":2,\"name\":\"\u0406\u043d\u0442\u0435\u0440\u043d\u0435\u0442-\u043c\u0430\u0433\u0430\u0437\u0438\u043d\",\"item\":\"https:\/\/glasir.com.ua\/shop\/\"},{\"@type\":\"ListItem\",\"position\":3,\"name\":\"\u0422\u0435\u0440\u043c\u043e\u0441 \u0437 \u043d\u0435\u0440\u0436\u0430\u0432\u0456\u044e\u0447\u043e\u0457 \u0441\u0442\u0430\u043b\u0456 600 \u043c\u043b \u0434\u043b\u044f \u0434\u0456\u0442\u0435\u0439 ApiYoo Gioco\"}]},{\"@type\":\"WebSite\",\"@id\":\"https:\/\/glasir.com.ua\/#website\",\"url\":\"https:\/\/glasir.com.ua\/\",\"name\":\"Glasir\",\"description\":\"\u041d\u0435\u043c\u0430\u0454 \u043f\u043e\u0440\u0456\u0432\u043d\u044f\u043d\u043d\u044f.\",\"publisher\":{\"@id\":\"https:\/\/glasir.com.ua\/#organization\"},\"potentialAction\":[{\"@type\":\"SearchAction\",\"target\":{\"@type\":\"EntryPoint\",\"urlTemplate\":\"https:\/\/glasir.com.ua\/?s={search_term_string}\"},\"query-input\":{\"@type\":\"PropertyValueSpecification\",\"valueRequired\":true,\"valueName\":\"search_term_string\"}}],\"inLanguage\":\"de\"},{\"@type\":\"Organization\",\"@id\":\"https:\/\/glasir.com.ua\/#organization\",\"name\":\"Glasir\",\"url\":\"https:\/\/glasir.com.ua\/\",\"logo\":{\"@type\":\"ImageObject\",\"inLanguage\":\"de\",\"@id\":\"https:\/\/glasir.com.ua\/#\/schema\/logo\/image\/\",\"url\":\"https:\/\/glasir.com.ua\/wp-content\/uploads\/2023\/06\/cropped-llc-glasir.png\",\"contentUrl\":\"https:\/\/glasir.com.ua\/wp-content\/uploads\/2023\/06\/cropped-llc-glasir.png\",\"width\":250,\"height\":250,\"caption\":\"Glasir\"},\"image\":{\"@id\":\"https:\/\/glasir.com.ua\/#\/schema\/logo\/image\/\"},\"sameAs\":[\"https:\/\/www.pinterest.com\/llc_glasir\",\"https:\/\/g.co\/kgs\/7CK1iZr\"]}]}<\/script>\n<!-- \/ Yoast SEO plugin. -->","yoast_head_json":{"title":"Edelstahl-Thermoskanne 600 ml f\u00fcr Kinder ApiYoo Gioco - Glasir","robots":{"index":"index","follow":"follow","max-snippet":"max-snippet:-1","max-image-preview":"max-image-preview:large","max-video-preview":"max-video-preview:-1"},"canonical":"https:\/\/glasir.com.ua\/de\/product\/\u0442\u0435\u0440\u043c\u043e\u0441-\u0437-\u043d\u0435\u0440\u0436\u0430\u0432\u0456\u044e\u0447\u043e\u0457-\u0441\u0442\u0430\u043b\u0456-600-\u043c\u043b-\u0434\u043b\u044f-\u0434\u0456\u0442\/","og_locale":"de_DE","og_type":"article","og_title":"\u0422\u0435\u0440\u043c\u043e\u0441 \u0437 \u043d\u0435\u0440\u0436\u0430\u0432\u0456\u044e\u0447\u043e\u0457 \u0441\u0442\u0430\u043b\u0456 600 \u043c\u043b \u0434\u043b\u044f \u0434\u0456\u0442\u0435\u0439 ApiYoo Gioco - Glasir","og_description":"\u0422\u0435\u0440\u043c\u043e\u0441 \u0437 \u043d\u0435\u0440\u0436\u0430\u0432\u0456\u044e\u0447\u043e\u0457 \u0441\u0442\u0430\u043b\u0456 600 \u043c\u043b \u0434\u043b\u044f \u0434\u0456\u0442\u0435\u0439 ApiYoo Gioco","og_url":"https:\/\/glasir.com.ua\/de\/product\/\u0442\u0435\u0440\u043c\u043e\u0441-\u0437-\u043d\u0435\u0440\u0436\u0430\u0432\u0456\u044e\u0447\u043e\u0457-\u0441\u0442\u0430\u043b\u0456-600-\u043c\u043b-\u0434\u043b\u044f-\u0434\u0456\u0442\/","og_site_name":"Glasir","article_modified_time":"2025-03-14T12:09:56+00:00","og_image":[{"width":602,"height":607,"url":"https:\/\/glasir.com.ua\/wp-content\/uploads\/2025\/03\/thermos-for-kids2.png","type":"image\/png"}],"twitter_card":"summary_large_image","schema":{"@context":"https:\/\/schema.org","@graph":[{"@type":["WebPage","ItemPage"],"@id":"https:\/\/glasir.com.ua\/product\/%d1%82%d0%b5%d1%80%d0%bc%d0%be%d1%81-%d0%b7-%d0%bd%d0%b5%d1%80%d0%b6%d0%b0%d0%b2%d1%96%d1%8e%d1%87%d0%be%d1%97-%d1%81%d1%82%d0%b0%d0%bb%d1%96-600-%d0%bc%d0%bb-%d0%b4%d0%bb%d1%8f-%d0%b4%d1%96%d1%82\/","url":"https:\/\/glasir.com.ua\/product\/%d1%82%d0%b5%d1%80%d0%bc%d0%be%d1%81-%d0%b7-%d0%bd%d0%b5%d1%80%d0%b6%d0%b0%d0%b2%d1%96%d1%8e%d1%87%d0%be%d1%97-%d1%81%d1%82%d0%b0%d0%bb%d1%96-600-%d0%bc%d0%bb-%d0%b4%d0%bb%d1%8f-%d0%b4%d1%96%d1%82\/","name":"Edelstahl-Thermoskanne 600 ml f\u00fcr Kinder ApiYoo Gioco - Glasir","isPartOf":{"@id":"https:\/\/glasir.com.ua\/#website"},"primaryImageOfPage":{"@id":"https:\/\/glasir.com.ua\/product\/%d1%82%d0%b5%d1%80%d0%bc%d0%be%d1%81-%d0%b7-%d0%bd%d0%b5%d1%80%d0%b6%d0%b0%d0%b2%d1%96%d1%8e%d1%87%d0%be%d1%97-%d1%81%d1%82%d0%b0%d0%bb%d1%96-600-%d0%bc%d0%bb-%d0%b4%d0%bb%d1%8f-%d0%b4%d1%96%d1%82\/#primaryimage"},"image":{"@id":"https:\/\/glasir.com.ua\/product\/%d1%82%d0%b5%d1%80%d0%bc%d0%be%d1%81-%d0%b7-%d0%bd%d0%b5%d1%80%d0%b6%d0%b0%d0%b2%d1%96%d1%8e%d1%87%d0%be%d1%97-%d1%81%d1%82%d0%b0%d0%bb%d1%96-600-%d0%bc%d0%bb-%d0%b4%d0%bb%d1%8f-%d0%b4%d1%96%d1%82\/#primaryimage"},"thumbnailUrl":"https:\/\/glasir.com.ua\/wp-content\/uploads\/2025\/03\/thermos-for-kids2.png","datePublished":"2025-03-09T10:37:26+00:00","dateModified":"2025-03-14T12:09:56+00:00","breadcrumb":{"@id":"https:\/\/glasir.com.ua\/product\/%d1%82%d0%b5%d1%80%d0%bc%d0%be%d1%81-%d0%b7-%d0%bd%d0%b5%d1%80%d0%b6%d0%b0%d0%b2%d1%96%d1%8e%d1%87%d0%be%d1%97-%d1%81%d1%82%d0%b0%d0%bb%d1%96-600-%d0%bc%d0%bb-%d0%b4%d0%bb%d1%8f-%d0%b4%d1%96%d1%82\/#breadcrumb"},"inLanguage":"de","potentialAction":[{"@type":"ReadAction","target":["https:\/\/glasir.com.ua\/product\/%d1%82%d0%b5%d1%80%d0%bc%d0%be%d1%81-%d0%b7-%d0%bd%d0%b5%d1%80%d0%b6%d0%b0%d0%b2%d1%96%d1%8e%d1%87%d0%be%d1%97-%d1%81%d1%82%d0%b0%d0%bb%d1%96-600-%d0%bc%d0%bb-%d0%b4%d0%bb%d1%8f-%d0%b4%d1%96%d1%82\/"]}]},{"@type":"ImageObject","inLanguage":"de","@id":"https:\/\/glasir.com.ua\/product\/%d1%82%d0%b5%d1%80%d0%bc%d0%be%d1%81-%d0%b7-%d0%bd%d0%b5%d1%80%d0%b6%d0%b0%d0%b2%d1%96%d1%8e%d1%87%d0%be%d1%97-%d1%81%d1%82%d0%b0%d0%bb%d1%96-600-%d0%bc%d0%bb-%d0%b4%d0%bb%d1%8f-%d0%b4%d1%96%d1%82\/#primaryimage","url":"https:\/\/glasir.com.ua\/wp-content\/uploads\/2025\/03\/thermos-for-kids2.png","contentUrl":"https:\/\/glasir.com.ua\/wp-content\/uploads\/2025\/03\/thermos-for-kids2.png","width":602,"height":607,"caption":"\u0422\u0435\u0440\u043c\u043e\u0441 \u0437 \u043d\u0435\u0440\u0436\u0430\u0432\u0456\u044e\u0447\u043e\u0457 \u0441\u0442\u0430\u043b\u0456 600 \u043c\u043b \u0434\u043b\u044f \u0434\u0456\u0442\u0435\u0439"},{"@type":"BreadcrumbList","@id":"https:\/\/glasir.com.ua\/product\/%d1%82%d0%b5%d1%80%d0%bc%d0%be%d1%81-%d0%b7-%d0%bd%d0%b5%d1%80%d0%b6%d0%b0%d0%b2%d1%96%d1%8e%d1%87%d0%be%d1%97-%d1%81%d1%82%d0%b0%d0%bb%d1%96-600-%d0%bc%d0%bb-%d0%b4%d0%bb%d1%8f-%d0%b4%d1%96%d1%82\/#breadcrumb","itemListElement":[{"@type":"ListItem","position":1,"name":"Home","item":"https:\/\/glasir.com.ua\/"},{"@type":"ListItem","position":2,"name":"\u0406\u043d\u0442\u0435\u0440\u043d\u0435\u0442-\u043c\u0430\u0433\u0430\u0437\u0438\u043d","item":"https:\/\/glasir.com.ua\/shop\/"},{"@type":"ListItem","position":3,"name":"\u0422\u0435\u0440\u043c\u043e\u0441 \u0437 \u043d\u0435\u0440\u0436\u0430\u0432\u0456\u044e\u0447\u043e\u0457 \u0441\u0442\u0430\u043b\u0456 600 \u043c\u043b \u0434\u043b\u044f \u0434\u0456\u0442\u0435\u0439 ApiYoo Gioco"}]},{"@type":"WebSite","@id":"https:\/\/glasir.com.ua\/#website","url":"https:\/\/glasir.com.ua\/","name":"Glasir","description":"Es gibt keinen Vergleich.","publisher":{"@id":"https:\/\/glasir.com.ua\/#organization"},"potentialAction":[{"@type":"SearchAction","target":{"@type":"EntryPoint","urlTemplate":"https:\/\/glasir.com.ua\/?s={search_term_string}"},"query-input":{"@type":"PropertyValueSpecification","valueRequired":true,"valueName":"search_term_string"}}],"inLanguage":"de"},{"@type":"Organization","@id":"https:\/\/glasir.com.ua\/#organization","name":"Glasir","url":"https:\/\/glasir.com.ua\/","logo":{"@type":"ImageObject","inLanguage":"de","@id":"https:\/\/glasir.com.ua\/#\/schema\/logo\/image\/","url":"https:\/\/glasir.com.ua\/wp-content\/uploads\/2023\/06\/cropped-llc-glasir.png","contentUrl":"https:\/\/glasir.com.ua\/wp-content\/uploads\/2023\/06\/cropped-llc-glasir.png","width":250,"height":250,"caption":"Glasir"},"image":{"@id":"https:\/\/glasir.com.ua\/#\/schema\/logo\/image\/"},"sameAs":["https:\/\/www.pinterest.com\/llc_glasir","https:\/\/g.co\/kgs\/7CK1iZr"]}]}},"_links":{"self":[{"href":"https:\/\/glasir.com.ua\/de\/wp-json\/wp\/v2\/product\/1865","targetHints":{"allow":["GET"]}}],"collection":[{"href":"https:\/\/glasir.com.ua\/de\/wp-json\/wp\/v2\/product"}],"about":[{"href":"https:\/\/glasir.com.ua\/de\/wp-json\/wp\/v2\/types\/product"}],"replies":[{"embeddable":true,"href":"https:\/\/glasir.com.ua\/de\/wp-json\/wp\/v2\/comments?post=1865"}],"wp:featuredmedia":[{"embeddable":true,"href":"https:\/\/glasir.com.ua\/de\/wp-json\/wp\/v2\/media\/1869"}],"wp:attachment":[{"href":"https:\/\/glasir.com.ua\/de\/wp-json\/wp\/v2\/media?parent=1865"}],"wp:term":[{"taxonomy":"product_brand","embeddable":true,"href":"https:\/\/glasir.com.ua\/de\/wp-json\/wp\/v2\/product_brand?post=1865"},{"taxonomy":"product_cat","embeddable":true,"href":"https:\/\/glasir.com.ua\/de\/wp-json\/wp\/v2\/product_cat?post=1865"},{"taxonomy":"product_tag","embeddable":true,"href":"https:\/\/glasir.com.ua\/de\/wp-json\/wp\/v2\/product_tag?post=1865"}],"curies":[{"name":"wp","href":"https:\/\/api.w.org\/{rel}","templated":true}]}}