{"id":1765,"date":"2025-03-08T16:47:49","date_gmt":"2025-03-08T14:47:49","guid":{"rendered":"https:\/\/glasir.com.ua\/?post_type=product&#038;p=1765"},"modified":"2025-03-11T12:54:56","modified_gmt":"2025-03-11T10:54:56","slug":"%d1%81%d0%bf%d0%be%d1%80%d1%82%d0%b8%d0%b2%d0%bd%d0%b0-%d0%bf%d0%bb%d1%8f%d1%88%d0%ba%d0%b0-%d0%b4%d0%bb%d1%8f-%d0%b2%d0%be%d0%b4%d0%b8-600-%d0%bc%d0%bb-apiyoo-te","status":"publish","type":"product","link":"https:\/\/glasir.com.ua\/de\/product\/%d1%81%d0%bf%d0%be%d1%80%d1%82%d0%b8%d0%b2%d0%bd%d0%b0-%d0%bf%d0%bb%d1%8f%d1%88%d0%ba%d0%b0-%d0%b4%d0%bb%d1%8f-%d0%b2%d0%be%d0%b4%d0%b8-600-%d0%bc%d0%bb-apiyoo-te\/","title":{"rendered":"Sport-Trinkflasche 600 ml mit Teesieb ApiYoo T\u00e8"},"content":{"rendered":"<p>Ein praktisches Accessoire mit ansprechendem Design. Praktisch zum Mitnehmen beim Spaziergang, ins Fitnessstudio, auf Reisen usw.<br \/>\nMaterial: Tritan, Deckel: PP, Dichtungsring: Silikon.<br \/>\nFall- und verschlei\u00dffest, hitze- und k\u00e4ltebest\u00e4ndig.<br \/>\nDer weite Hals erleichtert das Bef\u00fcllen und Reinigen der Flasche. <\/p>\n<p>Mit Teesieb.<\/p>\n<p>Produktgr\u00f6\u00dfe: 87 mm x 195 mm<\/p>\n<div style=\"width: 525px;\" class=\"wp-video\"><video class=\"wp-video-shortcode\" id=\"video-1765-1\" width=\"525\" height=\"700\" preload=\"metadata\" controls=\"controls\"><source type=\"video\/mp4\" src=\"http:\/\/glasir.com.ua\/wp-content\/uploads\/2025\/03\/apiyoo-te-by-glasir-water-bottle9.mp4?_=1\" \/><a href=\"http:\/\/glasir.com.ua\/wp-content\/uploads\/2025\/03\/apiyoo-te-by-glasir-water-bottle9.mp4\">http:\/\/glasir.com.ua\/wp-content\/uploads\/2025\/03\/apiyoo-te-by-glasir-water-bottle9.mp4<\/a><\/video><\/div>\n<div style=\"width: 525px;\" class=\"wp-video\"><video class=\"wp-video-shortcode\" id=\"video-1765-2\" width=\"525\" height=\"700\" preload=\"metadata\" controls=\"controls\"><source type=\"video\/mp4\" src=\"http:\/\/glasir.com.ua\/wp-content\/uploads\/2025\/03\/apiyoo-te-by-glasir-water-bottle10.mp4?_=2\" \/><a href=\"http:\/\/glasir.com.ua\/wp-content\/uploads\/2025\/03\/apiyoo-te-by-glasir-water-bottle10.mp4\">http:\/\/glasir.com.ua\/wp-content\/uploads\/2025\/03\/apiyoo-te-by-glasir-water-bottle10.mp4<\/a><\/video><\/div>\n<p>Schauen Sie sich unsere Tipps zur Verwendung und Reinigung von Wasserflaschen an: <a href=\"https:\/\/glasir.com.ua\/de\/blog\/2025\/03\/08\/\u043f\u043e\u0440\u0430\u0434\u0438-\u0442\u0430-\u0440\u0435\u043a\u043e\u043c\u0435\u043d\u0434\u0430\u0446\u0456\u0457-glasir-\u0449\u043e\u0434\u043e-\u0432\u0438\u043a\u043e\u0440\u0438\u0441\/\">https:\/\/glasir.com.ua\/blog\/2025\/03\/08\/tips-and-recommendations-glasir-for-use\/<\/a><\/p>","protected":false},"excerpt":{"rendered":"<p>Ein praktisches Accessoire mit ansprechendem Design.<\/p>","protected":false},"featured_media":1771,"comment_status":"open","ping_status":"closed","template":"","meta":[],"product_brand":[],"product_cat":[141],"product_tag":[33],"class_list":{"0":"post-1765","1":"product","2":"type-product","3":"status-publish","4":"has-post-thumbnail","6":"product_cat-141","7":"product_tag-apiyoo","9":"first","10":"onbackorder","11":"featured","12":"taxable","13":"shipping-taxable","14":"purchasable","15":"product-type-variable"},"yoast_head":"<!-- This site is optimized with the Yoast SEO plugin v27.2 - https:\/\/yoast.com\/product\/yoast-seo-wordpress\/ -->\n<title>\u0421\u043f\u043e\u0440\u0442\u0438\u0432\u043d\u0430 \u043f\u043b\u044f\u0448\u043a\u0430 \u0434\u043b\u044f \u0432\u043e\u0434\u0438 600 \u043c\u043b \u0437 \u0441\u0438\u0442\u0435\u0447\u043a\u043e\u043c \u0434\u043b\u044f \u0447\u0430\u044e ApiYoo T\u00e8 - Glasir<\/title>\n<meta name=\"robots\" content=\"index, follow, max-snippet:-1, max-image-preview:large, max-video-preview:-1\" \/>\n<link rel=\"canonical\" href=\"https:\/\/glasir.com.ua\/de\/product\/\u0441\u043f\u043e\u0440\u0442\u0438\u0432\u043d\u0430-\u043f\u043b\u044f\u0448\u043a\u0430-\u0434\u043b\u044f-\u0432\u043e\u0434\u0438-600-\u043c\u043b-apiyoo-te\/\" \/>\n<meta property=\"og:locale\" content=\"de_DE\" \/>\n<meta property=\"og:type\" content=\"article\" \/>\n<meta property=\"og:title\" content=\"\u0421\u043f\u043e\u0440\u0442\u0438\u0432\u043d\u0430 \u043f\u043b\u044f\u0448\u043a\u0430 \u0434\u043b\u044f \u0432\u043e\u0434\u0438 600 \u043c\u043b \u0437 \u0441\u0438\u0442\u0435\u0447\u043a\u043e\u043c \u0434\u043b\u044f \u0447\u0430\u044e ApiYoo T\u00e8 - Glasir\" \/>\n<meta property=\"og:description\" content=\"\u041f\u0440\u0430\u043a\u0442\u0438\u0447\u043d\u0438\u0439 \u0430\u043a\u0441\u0435\u0441\u0443\u0430\u0440 \u0437 \u043f\u0440\u0438\u0432\u0430\u0431\u043b\u0438\u0432\u0438\u043c \u0434\u0438\u0437\u0430\u0439\u043d\u043e\u043c.\" \/>\n<meta property=\"og:url\" content=\"https:\/\/glasir.com.ua\/de\/product\/\u0441\u043f\u043e\u0440\u0442\u0438\u0432\u043d\u0430-\u043f\u043b\u044f\u0448\u043a\u0430-\u0434\u043b\u044f-\u0432\u043e\u0434\u0438-600-\u043c\u043b-apiyoo-te\/\" \/>\n<meta property=\"og:site_name\" content=\"Glasir\" \/>\n<meta property=\"article:modified_time\" content=\"2025-03-11T10:54:56+00:00\" \/>\n<meta property=\"og:image\" content=\"https:\/\/glasir.com.ua\/wp-content\/uploads\/2025\/03\/signal-2024-05-10-170823.jpg\" \/>\n\t<meta property=\"og:image:width\" content=\"750\" \/>\n\t<meta property=\"og:image:height\" content=\"757\" \/>\n\t<meta property=\"og:image:type\" content=\"image\/jpeg\" \/>\n<meta name=\"twitter:card\" content=\"summary_large_image\" \/>\n<script type=\"application\/ld+json\" class=\"yoast-schema-graph\">{\"@context\":\"https:\/\/schema.org\",\"@graph\":[{\"@type\":[\"WebPage\",\"ItemPage\"],\"@id\":\"https:\/\/glasir.com.ua\/product\/%d1%81%d0%bf%d0%be%d1%80%d1%82%d0%b8%d0%b2%d0%bd%d0%b0-%d0%bf%d0%bb%d1%8f%d1%88%d0%ba%d0%b0-%d0%b4%d0%bb%d1%8f-%d0%b2%d0%be%d0%b4%d0%b8-600-%d0%bc%d0%bb-apiyoo-te\/\",\"url\":\"https:\/\/glasir.com.ua\/product\/%d1%81%d0%bf%d0%be%d1%80%d1%82%d0%b8%d0%b2%d0%bd%d0%b0-%d0%bf%d0%bb%d1%8f%d1%88%d0%ba%d0%b0-%d0%b4%d0%bb%d1%8f-%d0%b2%d0%be%d0%b4%d0%b8-600-%d0%bc%d0%bb-apiyoo-te\/\",\"name\":\"\u0421\u043f\u043e\u0440\u0442\u0438\u0432\u043d\u0430 \u043f\u043b\u044f\u0448\u043a\u0430 \u0434\u043b\u044f \u0432\u043e\u0434\u0438 600 \u043c\u043b \u0437 \u0441\u0438\u0442\u0435\u0447\u043a\u043e\u043c \u0434\u043b\u044f \u0447\u0430\u044e ApiYoo T\u00e8 - Glasir\",\"isPartOf\":{\"@id\":\"https:\/\/glasir.com.ua\/#website\"},\"primaryImageOfPage\":{\"@id\":\"https:\/\/glasir.com.ua\/product\/%d1%81%d0%bf%d0%be%d1%80%d1%82%d0%b8%d0%b2%d0%bd%d0%b0-%d0%bf%d0%bb%d1%8f%d1%88%d0%ba%d0%b0-%d0%b4%d0%bb%d1%8f-%d0%b2%d0%be%d0%b4%d0%b8-600-%d0%bc%d0%bb-apiyoo-te\/#primaryimage\"},\"image\":{\"@id\":\"https:\/\/glasir.com.ua\/product\/%d1%81%d0%bf%d0%be%d1%80%d1%82%d0%b8%d0%b2%d0%bd%d0%b0-%d0%bf%d0%bb%d1%8f%d1%88%d0%ba%d0%b0-%d0%b4%d0%bb%d1%8f-%d0%b2%d0%be%d0%b4%d0%b8-600-%d0%bc%d0%bb-apiyoo-te\/#primaryimage\"},\"thumbnailUrl\":\"https:\/\/glasir.com.ua\/wp-content\/uploads\/2025\/03\/signal-2024-05-10-170823.jpg\",\"datePublished\":\"2025-03-08T14:47:49+00:00\",\"dateModified\":\"2025-03-11T10:54:56+00:00\",\"breadcrumb\":{\"@id\":\"https:\/\/glasir.com.ua\/product\/%d1%81%d0%bf%d0%be%d1%80%d1%82%d0%b8%d0%b2%d0%bd%d0%b0-%d0%bf%d0%bb%d1%8f%d1%88%d0%ba%d0%b0-%d0%b4%d0%bb%d1%8f-%d0%b2%d0%be%d0%b4%d0%b8-600-%d0%bc%d0%bb-apiyoo-te\/#breadcrumb\"},\"inLanguage\":\"de\",\"potentialAction\":[{\"@type\":\"ReadAction\",\"target\":[\"https:\/\/glasir.com.ua\/product\/%d1%81%d0%bf%d0%be%d1%80%d1%82%d0%b8%d0%b2%d0%bd%d0%b0-%d0%bf%d0%bb%d1%8f%d1%88%d0%ba%d0%b0-%d0%b4%d0%bb%d1%8f-%d0%b2%d0%be%d0%b4%d0%b8-600-%d0%bc%d0%bb-apiyoo-te\/\"]}]},{\"@type\":\"ImageObject\",\"inLanguage\":\"de\",\"@id\":\"https:\/\/glasir.com.ua\/product\/%d1%81%d0%bf%d0%be%d1%80%d1%82%d0%b8%d0%b2%d0%bd%d0%b0-%d0%bf%d0%bb%d1%8f%d1%88%d0%ba%d0%b0-%d0%b4%d0%bb%d1%8f-%d0%b2%d0%be%d0%b4%d0%b8-600-%d0%bc%d0%bb-apiyoo-te\/#primaryimage\",\"url\":\"https:\/\/glasir.com.ua\/wp-content\/uploads\/2025\/03\/signal-2024-05-10-170823.jpg\",\"contentUrl\":\"https:\/\/glasir.com.ua\/wp-content\/uploads\/2025\/03\/signal-2024-05-10-170823.jpg\",\"width\":750,\"height\":757,\"caption\":\"\u0421\u043f\u043e\u0440\u0442\u0438\u0432\u043d\u0430 \u043f\u043b\u044f\u0448\u043a\u0430 \u0434\u043b\u044f \u0432\u043e\u0434\u0438 600 \u043c\u043b ApiYoo GM-24SS-S8 T\u00e8\"},{\"@type\":\"BreadcrumbList\",\"@id\":\"https:\/\/glasir.com.ua\/product\/%d1%81%d0%bf%d0%be%d1%80%d1%82%d0%b8%d0%b2%d0%bd%d0%b0-%d0%bf%d0%bb%d1%8f%d1%88%d0%ba%d0%b0-%d0%b4%d0%bb%d1%8f-%d0%b2%d0%be%d0%b4%d0%b8-600-%d0%bc%d0%bb-apiyoo-te\/#breadcrumb\",\"itemListElement\":[{\"@type\":\"ListItem\",\"position\":1,\"name\":\"Home\",\"item\":\"https:\/\/glasir.com.ua\/\"},{\"@type\":\"ListItem\",\"position\":2,\"name\":\"\u0406\u043d\u0442\u0435\u0440\u043d\u0435\u0442-\u043c\u0430\u0433\u0430\u0437\u0438\u043d\",\"item\":\"https:\/\/glasir.com.ua\/shop\/\"},{\"@type\":\"ListItem\",\"position\":3,\"name\":\"\u0421\u043f\u043e\u0440\u0442\u0438\u0432\u043d\u0430 \u043f\u043b\u044f\u0448\u043a\u0430 \u0434\u043b\u044f \u0432\u043e\u0434\u0438 600 \u043c\u043b \u0437 \u0441\u0438\u0442\u0435\u0447\u043a\u043e\u043c \u0434\u043b\u044f \u0447\u0430\u044e ApiYoo T\u00e8\"}]},{\"@type\":\"WebSite\",\"@id\":\"https:\/\/glasir.com.ua\/#website\",\"url\":\"https:\/\/glasir.com.ua\/\",\"name\":\"Glasir\",\"description\":\"\u041d\u0435\u043c\u0430\u0454 \u043f\u043e\u0440\u0456\u0432\u043d\u044f\u043d\u043d\u044f.\",\"publisher\":{\"@id\":\"https:\/\/glasir.com.ua\/#organization\"},\"potentialAction\":[{\"@type\":\"SearchAction\",\"target\":{\"@type\":\"EntryPoint\",\"urlTemplate\":\"https:\/\/glasir.com.ua\/?s={search_term_string}\"},\"query-input\":{\"@type\":\"PropertyValueSpecification\",\"valueRequired\":true,\"valueName\":\"search_term_string\"}}],\"inLanguage\":\"de\"},{\"@type\":\"Organization\",\"@id\":\"https:\/\/glasir.com.ua\/#organization\",\"name\":\"Glasir\",\"url\":\"https:\/\/glasir.com.ua\/\",\"logo\":{\"@type\":\"ImageObject\",\"inLanguage\":\"de\",\"@id\":\"https:\/\/glasir.com.ua\/#\/schema\/logo\/image\/\",\"url\":\"https:\/\/glasir.com.ua\/wp-content\/uploads\/2023\/06\/cropped-llc-glasir.png\",\"contentUrl\":\"https:\/\/glasir.com.ua\/wp-content\/uploads\/2023\/06\/cropped-llc-glasir.png\",\"width\":250,\"height\":250,\"caption\":\"Glasir\"},\"image\":{\"@id\":\"https:\/\/glasir.com.ua\/#\/schema\/logo\/image\/\"},\"sameAs\":[\"https:\/\/www.pinterest.com\/llc_glasir\",\"https:\/\/g.co\/kgs\/7CK1iZr\"]}]}<\/script>\n<!-- \/ Yoast SEO plugin. -->","yoast_head_json":{"title":"Sport-Trinkflasche 600 ml mit Teesieb ApiYoo T\u00e8 - Glasir","robots":{"index":"index","follow":"follow","max-snippet":"max-snippet:-1","max-image-preview":"max-image-preview:large","max-video-preview":"max-video-preview:-1"},"canonical":"https:\/\/glasir.com.ua\/de\/product\/\u0441\u043f\u043e\u0440\u0442\u0438\u0432\u043d\u0430-\u043f\u043b\u044f\u0448\u043a\u0430-\u0434\u043b\u044f-\u0432\u043e\u0434\u0438-600-\u043c\u043b-apiyoo-te\/","og_locale":"de_DE","og_type":"article","og_title":"\u0421\u043f\u043e\u0440\u0442\u0438\u0432\u043d\u0430 \u043f\u043b\u044f\u0448\u043a\u0430 \u0434\u043b\u044f \u0432\u043e\u0434\u0438 600 \u043c\u043b \u0437 \u0441\u0438\u0442\u0435\u0447\u043a\u043e\u043c \u0434\u043b\u044f \u0447\u0430\u044e ApiYoo T\u00e8 - Glasir","og_description":"\u041f\u0440\u0430\u043a\u0442\u0438\u0447\u043d\u0438\u0439 \u0430\u043a\u0441\u0435\u0441\u0443\u0430\u0440 \u0437 \u043f\u0440\u0438\u0432\u0430\u0431\u043b\u0438\u0432\u0438\u043c \u0434\u0438\u0437\u0430\u0439\u043d\u043e\u043c.","og_url":"https:\/\/glasir.com.ua\/de\/product\/\u0441\u043f\u043e\u0440\u0442\u0438\u0432\u043d\u0430-\u043f\u043b\u044f\u0448\u043a\u0430-\u0434\u043b\u044f-\u0432\u043e\u0434\u0438-600-\u043c\u043b-apiyoo-te\/","og_site_name":"Glasir","article_modified_time":"2025-03-11T10:54:56+00:00","og_image":[{"width":750,"height":757,"url":"https:\/\/glasir.com.ua\/wp-content\/uploads\/2025\/03\/signal-2024-05-10-170823.jpg","type":"image\/jpeg"}],"twitter_card":"summary_large_image","schema":{"@context":"https:\/\/schema.org","@graph":[{"@type":["WebPage","ItemPage"],"@id":"https:\/\/glasir.com.ua\/product\/%d1%81%d0%bf%d0%be%d1%80%d1%82%d0%b8%d0%b2%d0%bd%d0%b0-%d0%bf%d0%bb%d1%8f%d1%88%d0%ba%d0%b0-%d0%b4%d0%bb%d1%8f-%d0%b2%d0%be%d0%b4%d0%b8-600-%d0%bc%d0%bb-apiyoo-te\/","url":"https:\/\/glasir.com.ua\/product\/%d1%81%d0%bf%d0%be%d1%80%d1%82%d0%b8%d0%b2%d0%bd%d0%b0-%d0%bf%d0%bb%d1%8f%d1%88%d0%ba%d0%b0-%d0%b4%d0%bb%d1%8f-%d0%b2%d0%be%d0%b4%d0%b8-600-%d0%bc%d0%bb-apiyoo-te\/","name":"Sport-Trinkflasche 600 ml mit Teesieb ApiYoo T\u00e8 - Glasir","isPartOf":{"@id":"https:\/\/glasir.com.ua\/#website"},"primaryImageOfPage":{"@id":"https:\/\/glasir.com.ua\/product\/%d1%81%d0%bf%d0%be%d1%80%d1%82%d0%b8%d0%b2%d0%bd%d0%b0-%d0%bf%d0%bb%d1%8f%d1%88%d0%ba%d0%b0-%d0%b4%d0%bb%d1%8f-%d0%b2%d0%be%d0%b4%d0%b8-600-%d0%bc%d0%bb-apiyoo-te\/#primaryimage"},"image":{"@id":"https:\/\/glasir.com.ua\/product\/%d1%81%d0%bf%d0%be%d1%80%d1%82%d0%b8%d0%b2%d0%bd%d0%b0-%d0%bf%d0%bb%d1%8f%d1%88%d0%ba%d0%b0-%d0%b4%d0%bb%d1%8f-%d0%b2%d0%be%d0%b4%d0%b8-600-%d0%bc%d0%bb-apiyoo-te\/#primaryimage"},"thumbnailUrl":"https:\/\/glasir.com.ua\/wp-content\/uploads\/2025\/03\/signal-2024-05-10-170823.jpg","datePublished":"2025-03-08T14:47:49+00:00","dateModified":"2025-03-11T10:54:56+00:00","breadcrumb":{"@id":"https:\/\/glasir.com.ua\/product\/%d1%81%d0%bf%d0%be%d1%80%d1%82%d0%b8%d0%b2%d0%bd%d0%b0-%d0%bf%d0%bb%d1%8f%d1%88%d0%ba%d0%b0-%d0%b4%d0%bb%d1%8f-%d0%b2%d0%be%d0%b4%d0%b8-600-%d0%bc%d0%bb-apiyoo-te\/#breadcrumb"},"inLanguage":"de","potentialAction":[{"@type":"ReadAction","target":["https:\/\/glasir.com.ua\/product\/%d1%81%d0%bf%d0%be%d1%80%d1%82%d0%b8%d0%b2%d0%bd%d0%b0-%d0%bf%d0%bb%d1%8f%d1%88%d0%ba%d0%b0-%d0%b4%d0%bb%d1%8f-%d0%b2%d0%be%d0%b4%d0%b8-600-%d0%bc%d0%bb-apiyoo-te\/"]}]},{"@type":"ImageObject","inLanguage":"de","@id":"https:\/\/glasir.com.ua\/product\/%d1%81%d0%bf%d0%be%d1%80%d1%82%d0%b8%d0%b2%d0%bd%d0%b0-%d0%bf%d0%bb%d1%8f%d1%88%d0%ba%d0%b0-%d0%b4%d0%bb%d1%8f-%d0%b2%d0%be%d0%b4%d0%b8-600-%d0%bc%d0%bb-apiyoo-te\/#primaryimage","url":"https:\/\/glasir.com.ua\/wp-content\/uploads\/2025\/03\/signal-2024-05-10-170823.jpg","contentUrl":"https:\/\/glasir.com.ua\/wp-content\/uploads\/2025\/03\/signal-2024-05-10-170823.jpg","width":750,"height":757,"caption":"\u0421\u043f\u043e\u0440\u0442\u0438\u0432\u043d\u0430 \u043f\u043b\u044f\u0448\u043a\u0430 \u0434\u043b\u044f \u0432\u043e\u0434\u0438 600 \u043c\u043b ApiYoo GM-24SS-S8 T\u00e8"},{"@type":"BreadcrumbList","@id":"https:\/\/glasir.com.ua\/product\/%d1%81%d0%bf%d0%be%d1%80%d1%82%d0%b8%d0%b2%d0%bd%d0%b0-%d0%bf%d0%bb%d1%8f%d1%88%d0%ba%d0%b0-%d0%b4%d0%bb%d1%8f-%d0%b2%d0%be%d0%b4%d0%b8-600-%d0%bc%d0%bb-apiyoo-te\/#breadcrumb","itemListElement":[{"@type":"ListItem","position":1,"name":"Home","item":"https:\/\/glasir.com.ua\/"},{"@type":"ListItem","position":2,"name":"\u0406\u043d\u0442\u0435\u0440\u043d\u0435\u0442-\u043c\u0430\u0433\u0430\u0437\u0438\u043d","item":"https:\/\/glasir.com.ua\/shop\/"},{"@type":"ListItem","position":3,"name":"\u0421\u043f\u043e\u0440\u0442\u0438\u0432\u043d\u0430 \u043f\u043b\u044f\u0448\u043a\u0430 \u0434\u043b\u044f \u0432\u043e\u0434\u0438 600 \u043c\u043b \u0437 \u0441\u0438\u0442\u0435\u0447\u043a\u043e\u043c \u0434\u043b\u044f \u0447\u0430\u044e ApiYoo T\u00e8"}]},{"@type":"WebSite","@id":"https:\/\/glasir.com.ua\/#website","url":"https:\/\/glasir.com.ua\/","name":"Glasir","description":"Es gibt keinen Vergleich.","publisher":{"@id":"https:\/\/glasir.com.ua\/#organization"},"potentialAction":[{"@type":"SearchAction","target":{"@type":"EntryPoint","urlTemplate":"https:\/\/glasir.com.ua\/?s={search_term_string}"},"query-input":{"@type":"PropertyValueSpecification","valueRequired":true,"valueName":"search_term_string"}}],"inLanguage":"de"},{"@type":"Organization","@id":"https:\/\/glasir.com.ua\/#organization","name":"Glasir","url":"https:\/\/glasir.com.ua\/","logo":{"@type":"ImageObject","inLanguage":"de","@id":"https:\/\/glasir.com.ua\/#\/schema\/logo\/image\/","url":"https:\/\/glasir.com.ua\/wp-content\/uploads\/2023\/06\/cropped-llc-glasir.png","contentUrl":"https:\/\/glasir.com.ua\/wp-content\/uploads\/2023\/06\/cropped-llc-glasir.png","width":250,"height":250,"caption":"Glasir"},"image":{"@id":"https:\/\/glasir.com.ua\/#\/schema\/logo\/image\/"},"sameAs":["https:\/\/www.pinterest.com\/llc_glasir","https:\/\/g.co\/kgs\/7CK1iZr"]}]}},"_links":{"self":[{"href":"https:\/\/glasir.com.ua\/de\/wp-json\/wp\/v2\/product\/1765","targetHints":{"allow":["GET"]}}],"collection":[{"href":"https:\/\/glasir.com.ua\/de\/wp-json\/wp\/v2\/product"}],"about":[{"href":"https:\/\/glasir.com.ua\/de\/wp-json\/wp\/v2\/types\/product"}],"replies":[{"embeddable":true,"href":"https:\/\/glasir.com.ua\/de\/wp-json\/wp\/v2\/comments?post=1765"}],"wp:featuredmedia":[{"embeddable":true,"href":"https:\/\/glasir.com.ua\/de\/wp-json\/wp\/v2\/media\/1771"}],"wp:attachment":[{"href":"https:\/\/glasir.com.ua\/de\/wp-json\/wp\/v2\/media?parent=1765"}],"wp:term":[{"taxonomy":"product_brand","embeddable":true,"href":"https:\/\/glasir.com.ua\/de\/wp-json\/wp\/v2\/product_brand?post=1765"},{"taxonomy":"product_cat","embeddable":true,"href":"https:\/\/glasir.com.ua\/de\/wp-json\/wp\/v2\/product_cat?post=1765"},{"taxonomy":"product_tag","embeddable":true,"href":"https:\/\/glasir.com.ua\/de\/wp-json\/wp\/v2\/product_tag?post=1765"}],"curies":[{"name":"wp","href":"https:\/\/api.w.org\/{rel}","templated":true}]}}