{"id":1629,"date":"2025-03-08T13:55:07","date_gmt":"2025-03-08T11:55:07","guid":{"rendered":"https:\/\/glasir.com.ua\/?post_type=product&#038;p=1629"},"modified":"2025-03-10T16:45:36","modified_gmt":"2025-03-10T14:45:36","slug":"%d1%82%d0%b5%d1%80%d0%bc%d0%be%d1%81-%d0%b7-%d0%bd%d0%b5%d1%80%d0%b6%d0%b0%d0%b2%d1%96%d1%8e%d1%87%d0%be%d1%97-%d1%81%d1%82%d0%b0%d0%bb%d1%96-680-%d0%bc%d0%bb-apiyoo-sensazione","status":"publish","type":"product","link":"https:\/\/glasir.com.ua\/de\/product\/%d1%82%d0%b5%d1%80%d0%bc%d0%be%d1%81-%d0%b7-%d0%bd%d0%b5%d1%80%d0%b6%d0%b0%d0%b2%d1%96%d1%8e%d1%87%d0%be%d1%97-%d1%81%d1%82%d0%b0%d0%bb%d1%96-680-%d0%bc%d0%bb-apiyoo-sensazione\/","title":{"rendered":"Edelstahl-Thermoskanne 680 ml ApiYoo Sensazione"},"content":{"rendered":"<p>Edelstahl-Thermoskanne 680 ml ApiYoo Sensazione<\/p>\n<p>Wir pr\u00e4sentieren Ihnen den perfekten Begleiter zum Temperieren Ihrer Getr\u00e4nke \u2013 eine 680 ml fassende Metallthermoskanne mit Strohhalm zum Aufbewahren von Make-up. Modernes Design und zuverl\u00e4ssige Speicherung von W\u00e4rme und K\u00e4lte machen diese Thermoskanne zu einem unverzichtbaren Accessoire in Ihrem Alltag.<\/p>\n<p>Der robuste Korpus der Thermoskanne besteht aus hochwertigem Edelstahl, der f\u00fcr Langlebigkeit sorgt und den Geschmack Ihrer Getr\u00e4nke bewahrt. Da es weder BPA noch andere Schadstoffe enth\u00e4lt, ist es umweltfreundlich und sicher f\u00fcr Ihre Gesundheit.<\/p>\n<p>Durch die kompakten Abmessungen ist die Thermoskanne f\u00fcr jede Situation geeignet: von Reisen und Spazierg\u00e4ngen bis hin zu Arbeit und Sport. <\/p>\n<p>Typ: Thermoskanne<br \/>\nVerwendungszweck: f\u00fcr Getr\u00e4nke<br \/>\nVolumen: 680 ml<br \/>\nMaterial: Auskleidung aus Edelstahl 316, Au\u00dfenseite aus Edelstahl 304. Becherdeckel: PP, Dichtung: Silikonkautschuk.<br \/>\nProduktgr\u00f6\u00dfe: 78 mm x 263 mm<\/p>\n<p>Schauen Sie sich unsere Tipps zur Verwendung und Reinigung von Thermoskannen aus Edelstahl an: <a href=\"https:\/\/glasir.com.ua\/de\/blog\/2025\/03\/08\/\u043f\u043e\u0440\u0430\u0434\u0438-\u0442\u0430-\u0440\u0435\u043a\u043e\u043c\u0435\u043d\u0434\u0430\u0446\u0456\u0457-glasir-\u0449\u043e\u0434\u043e-\u0432\u0438\u043a\u043e\u0440\u0438\u0441-2\/\">https:\/\/glasir.com.ua\/blog\/2025\/03\/08\/tips-and-recommendations-glasir-for-use-2\/<\/a><\/p>","protected":false},"excerpt":{"rendered":"<p>Edelstahl-Thermoskanne 680 ml ApiYoo Sensazione<\/p>","protected":false},"featured_media":1642,"comment_status":"open","ping_status":"closed","template":"","meta":[],"product_brand":[],"product_cat":[141],"product_tag":[33],"class_list":{"0":"post-1629","1":"product","2":"type-product","3":"status-publish","4":"has-post-thumbnail","6":"product_cat-141","7":"product_tag-apiyoo","9":"first","10":"onbackorder","11":"featured","12":"taxable","13":"shipping-taxable","14":"purchasable","15":"product-type-variable"},"yoast_head":"<!-- This site is optimized with the Yoast SEO plugin v27.2 - https:\/\/yoast.com\/product\/yoast-seo-wordpress\/ -->\n<title>\u0422\u0435\u0440\u043c\u043e\u0441 \u0437 \u043d\u0435\u0440\u0436\u0430\u0432\u0456\u044e\u0447\u043e\u0457 \u0441\u0442\u0430\u043b\u0456 680 \u043c\u043b ApiYoo Sensazione - Glasir<\/title>\n<meta name=\"robots\" content=\"index, follow, max-snippet:-1, max-image-preview:large, max-video-preview:-1\" \/>\n<link rel=\"canonical\" href=\"https:\/\/glasir.com.ua\/de\/product\/\u0442\u0435\u0440\u043c\u043e\u0441-\u0437-\u043d\u0435\u0440\u0436\u0430\u0432\u0456\u044e\u0447\u043e\u0457-\u0441\u0442\u0430\u043b\u0456-680-\u043c\u043b-apiyoo-sensazione\/\" \/>\n<meta property=\"og:locale\" content=\"de_DE\" \/>\n<meta property=\"og:type\" content=\"article\" \/>\n<meta property=\"og:title\" content=\"\u0422\u0435\u0440\u043c\u043e\u0441 \u0437 \u043d\u0435\u0440\u0436\u0430\u0432\u0456\u044e\u0447\u043e\u0457 \u0441\u0442\u0430\u043b\u0456 680 \u043c\u043b ApiYoo Sensazione - Glasir\" \/>\n<meta property=\"og:description\" content=\"\u0422\u0435\u0440\u043c\u043e\u0441 \u0437 \u043d\u0435\u0440\u0436\u0430\u0432\u0456\u044e\u0447\u043e\u0457 \u0441\u0442\u0430\u043b\u0456 680 \u043c\u043b ApiYoo Sensazione\" \/>\n<meta property=\"og:url\" content=\"https:\/\/glasir.com.ua\/de\/product\/\u0442\u0435\u0440\u043c\u043e\u0441-\u0437-\u043d\u0435\u0440\u0436\u0430\u0432\u0456\u044e\u0447\u043e\u0457-\u0441\u0442\u0430\u043b\u0456-680-\u043c\u043b-apiyoo-sensazione\/\" \/>\n<meta property=\"og:site_name\" content=\"Glasir\" \/>\n<meta property=\"article:modified_time\" content=\"2025-03-10T14:45:36+00:00\" \/>\n<meta property=\"og:image\" content=\"https:\/\/glasir.com.ua\/wp-content\/uploads\/2025\/03\/apiyoo-sensazione-by-glasir-thermos9.jpg\" \/>\n\t<meta property=\"og:image:width\" content=\"1179\" \/>\n\t<meta property=\"og:image:height\" content=\"1530\" \/>\n\t<meta property=\"og:image:type\" content=\"image\/jpeg\" \/>\n<meta name=\"twitter:card\" content=\"summary_large_image\" \/>\n<script type=\"application\/ld+json\" class=\"yoast-schema-graph\">{\"@context\":\"https:\/\/schema.org\",\"@graph\":[{\"@type\":[\"WebPage\",\"ItemPage\"],\"@id\":\"https:\/\/glasir.com.ua\/product\/%d1%82%d0%b5%d1%80%d0%bc%d0%be%d1%81-%d0%b7-%d0%bd%d0%b5%d1%80%d0%b6%d0%b0%d0%b2%d1%96%d1%8e%d1%87%d0%be%d1%97-%d1%81%d1%82%d0%b0%d0%bb%d1%96-680-%d0%bc%d0%bb-apiyoo-sensazione\/\",\"url\":\"https:\/\/glasir.com.ua\/product\/%d1%82%d0%b5%d1%80%d0%bc%d0%be%d1%81-%d0%b7-%d0%bd%d0%b5%d1%80%d0%b6%d0%b0%d0%b2%d1%96%d1%8e%d1%87%d0%be%d1%97-%d1%81%d1%82%d0%b0%d0%bb%d1%96-680-%d0%bc%d0%bb-apiyoo-sensazione\/\",\"name\":\"\u0422\u0435\u0440\u043c\u043e\u0441 \u0437 \u043d\u0435\u0440\u0436\u0430\u0432\u0456\u044e\u0447\u043e\u0457 \u0441\u0442\u0430\u043b\u0456 680 \u043c\u043b ApiYoo Sensazione - Glasir\",\"isPartOf\":{\"@id\":\"https:\/\/glasir.com.ua\/#website\"},\"primaryImageOfPage\":{\"@id\":\"https:\/\/glasir.com.ua\/product\/%d1%82%d0%b5%d1%80%d0%bc%d0%be%d1%81-%d0%b7-%d0%bd%d0%b5%d1%80%d0%b6%d0%b0%d0%b2%d1%96%d1%8e%d1%87%d0%be%d1%97-%d1%81%d1%82%d0%b0%d0%bb%d1%96-680-%d0%bc%d0%bb-apiyoo-sensazione\/#primaryimage\"},\"image\":{\"@id\":\"https:\/\/glasir.com.ua\/product\/%d1%82%d0%b5%d1%80%d0%bc%d0%be%d1%81-%d0%b7-%d0%bd%d0%b5%d1%80%d0%b6%d0%b0%d0%b2%d1%96%d1%8e%d1%87%d0%be%d1%97-%d1%81%d1%82%d0%b0%d0%bb%d1%96-680-%d0%bc%d0%bb-apiyoo-sensazione\/#primaryimage\"},\"thumbnailUrl\":\"https:\/\/glasir.com.ua\/wp-content\/uploads\/2025\/03\/apiyoo-sensazione-by-glasir-thermos9.jpg\",\"datePublished\":\"2025-03-08T11:55:07+00:00\",\"dateModified\":\"2025-03-10T14:45:36+00:00\",\"breadcrumb\":{\"@id\":\"https:\/\/glasir.com.ua\/product\/%d1%82%d0%b5%d1%80%d0%bc%d0%be%d1%81-%d0%b7-%d0%bd%d0%b5%d1%80%d0%b6%d0%b0%d0%b2%d1%96%d1%8e%d1%87%d0%be%d1%97-%d1%81%d1%82%d0%b0%d0%bb%d1%96-680-%d0%bc%d0%bb-apiyoo-sensazione\/#breadcrumb\"},\"inLanguage\":\"de\",\"potentialAction\":[{\"@type\":\"ReadAction\",\"target\":[\"https:\/\/glasir.com.ua\/product\/%d1%82%d0%b5%d1%80%d0%bc%d0%be%d1%81-%d0%b7-%d0%bd%d0%b5%d1%80%d0%b6%d0%b0%d0%b2%d1%96%d1%8e%d1%87%d0%be%d1%97-%d1%81%d1%82%d0%b0%d0%bb%d1%96-680-%d0%bc%d0%bb-apiyoo-sensazione\/\"]}]},{\"@type\":\"ImageObject\",\"inLanguage\":\"de\",\"@id\":\"https:\/\/glasir.com.ua\/product\/%d1%82%d0%b5%d1%80%d0%bc%d0%be%d1%81-%d0%b7-%d0%bd%d0%b5%d1%80%d0%b6%d0%b0%d0%b2%d1%96%d1%8e%d1%87%d0%be%d1%97-%d1%81%d1%82%d0%b0%d0%bb%d1%96-680-%d0%bc%d0%bb-apiyoo-sensazione\/#primaryimage\",\"url\":\"https:\/\/glasir.com.ua\/wp-content\/uploads\/2025\/03\/apiyoo-sensazione-by-glasir-thermos9.jpg\",\"contentUrl\":\"https:\/\/glasir.com.ua\/wp-content\/uploads\/2025\/03\/apiyoo-sensazione-by-glasir-thermos9.jpg\",\"width\":1179,\"height\":1530,\"caption\":\"\u0422\u0435\u0440\u043c\u043e\u0441 \u0437 \u043d\u0435\u0440\u0436\u0430\u0432\u0456\u044e\u0447\u043e\u0457 \u0441\u0442\u0430\u043b\u0456 680 \u043c\u043b ApiYoo Sensazione\"},{\"@type\":\"BreadcrumbList\",\"@id\":\"https:\/\/glasir.com.ua\/product\/%d1%82%d0%b5%d1%80%d0%bc%d0%be%d1%81-%d0%b7-%d0%bd%d0%b5%d1%80%d0%b6%d0%b0%d0%b2%d1%96%d1%8e%d1%87%d0%be%d1%97-%d1%81%d1%82%d0%b0%d0%bb%d1%96-680-%d0%bc%d0%bb-apiyoo-sensazione\/#breadcrumb\",\"itemListElement\":[{\"@type\":\"ListItem\",\"position\":1,\"name\":\"Home\",\"item\":\"https:\/\/glasir.com.ua\/\"},{\"@type\":\"ListItem\",\"position\":2,\"name\":\"\u0406\u043d\u0442\u0435\u0440\u043d\u0435\u0442-\u043c\u0430\u0433\u0430\u0437\u0438\u043d\",\"item\":\"https:\/\/glasir.com.ua\/shop\/\"},{\"@type\":\"ListItem\",\"position\":3,\"name\":\"\u0422\u0435\u0440\u043c\u043e\u0441 \u0437 \u043d\u0435\u0440\u0436\u0430\u0432\u0456\u044e\u0447\u043e\u0457 \u0441\u0442\u0430\u043b\u0456 680 \u043c\u043b ApiYoo Sensazione\"}]},{\"@type\":\"WebSite\",\"@id\":\"https:\/\/glasir.com.ua\/#website\",\"url\":\"https:\/\/glasir.com.ua\/\",\"name\":\"Glasir\",\"description\":\"\u041d\u0435\u043c\u0430\u0454 \u043f\u043e\u0440\u0456\u0432\u043d\u044f\u043d\u043d\u044f.\",\"publisher\":{\"@id\":\"https:\/\/glasir.com.ua\/#organization\"},\"potentialAction\":[{\"@type\":\"SearchAction\",\"target\":{\"@type\":\"EntryPoint\",\"urlTemplate\":\"https:\/\/glasir.com.ua\/?s={search_term_string}\"},\"query-input\":{\"@type\":\"PropertyValueSpecification\",\"valueRequired\":true,\"valueName\":\"search_term_string\"}}],\"inLanguage\":\"de\"},{\"@type\":\"Organization\",\"@id\":\"https:\/\/glasir.com.ua\/#organization\",\"name\":\"Glasir\",\"url\":\"https:\/\/glasir.com.ua\/\",\"logo\":{\"@type\":\"ImageObject\",\"inLanguage\":\"de\",\"@id\":\"https:\/\/glasir.com.ua\/#\/schema\/logo\/image\/\",\"url\":\"https:\/\/glasir.com.ua\/wp-content\/uploads\/2023\/06\/cropped-llc-glasir.png\",\"contentUrl\":\"https:\/\/glasir.com.ua\/wp-content\/uploads\/2023\/06\/cropped-llc-glasir.png\",\"width\":250,\"height\":250,\"caption\":\"Glasir\"},\"image\":{\"@id\":\"https:\/\/glasir.com.ua\/#\/schema\/logo\/image\/\"},\"sameAs\":[\"https:\/\/www.pinterest.com\/llc_glasir\",\"https:\/\/g.co\/kgs\/7CK1iZr\"]}]}<\/script>\n<!-- \/ Yoast SEO plugin. -->","yoast_head_json":{"title":"Edelstahl-Thermoskanne 680 ml ApiYoo Sensazione - Glasir","robots":{"index":"index","follow":"follow","max-snippet":"max-snippet:-1","max-image-preview":"max-image-preview:large","max-video-preview":"max-video-preview:-1"},"canonical":"https:\/\/glasir.com.ua\/de\/product\/\u0442\u0435\u0440\u043c\u043e\u0441-\u0437-\u043d\u0435\u0440\u0436\u0430\u0432\u0456\u044e\u0447\u043e\u0457-\u0441\u0442\u0430\u043b\u0456-680-\u043c\u043b-apiyoo-sensazione\/","og_locale":"de_DE","og_type":"article","og_title":"\u0422\u0435\u0440\u043c\u043e\u0441 \u0437 \u043d\u0435\u0440\u0436\u0430\u0432\u0456\u044e\u0447\u043e\u0457 \u0441\u0442\u0430\u043b\u0456 680 \u043c\u043b ApiYoo Sensazione - Glasir","og_description":"\u0422\u0435\u0440\u043c\u043e\u0441 \u0437 \u043d\u0435\u0440\u0436\u0430\u0432\u0456\u044e\u0447\u043e\u0457 \u0441\u0442\u0430\u043b\u0456 680 \u043c\u043b ApiYoo Sensazione","og_url":"https:\/\/glasir.com.ua\/de\/product\/\u0442\u0435\u0440\u043c\u043e\u0441-\u0437-\u043d\u0435\u0440\u0436\u0430\u0432\u0456\u044e\u0447\u043e\u0457-\u0441\u0442\u0430\u043b\u0456-680-\u043c\u043b-apiyoo-sensazione\/","og_site_name":"Glasir","article_modified_time":"2025-03-10T14:45:36+00:00","og_image":[{"width":1179,"height":1530,"url":"https:\/\/glasir.com.ua\/wp-content\/uploads\/2025\/03\/apiyoo-sensazione-by-glasir-thermos9.jpg","type":"image\/jpeg"}],"twitter_card":"summary_large_image","schema":{"@context":"https:\/\/schema.org","@graph":[{"@type":["WebPage","ItemPage"],"@id":"https:\/\/glasir.com.ua\/product\/%d1%82%d0%b5%d1%80%d0%bc%d0%be%d1%81-%d0%b7-%d0%bd%d0%b5%d1%80%d0%b6%d0%b0%d0%b2%d1%96%d1%8e%d1%87%d0%be%d1%97-%d1%81%d1%82%d0%b0%d0%bb%d1%96-680-%d0%bc%d0%bb-apiyoo-sensazione\/","url":"https:\/\/glasir.com.ua\/product\/%d1%82%d0%b5%d1%80%d0%bc%d0%be%d1%81-%d0%b7-%d0%bd%d0%b5%d1%80%d0%b6%d0%b0%d0%b2%d1%96%d1%8e%d1%87%d0%be%d1%97-%d1%81%d1%82%d0%b0%d0%bb%d1%96-680-%d0%bc%d0%bb-apiyoo-sensazione\/","name":"Edelstahl-Thermoskanne 680 ml ApiYoo Sensazione - Glasir","isPartOf":{"@id":"https:\/\/glasir.com.ua\/#website"},"primaryImageOfPage":{"@id":"https:\/\/glasir.com.ua\/product\/%d1%82%d0%b5%d1%80%d0%bc%d0%be%d1%81-%d0%b7-%d0%bd%d0%b5%d1%80%d0%b6%d0%b0%d0%b2%d1%96%d1%8e%d1%87%d0%be%d1%97-%d1%81%d1%82%d0%b0%d0%bb%d1%96-680-%d0%bc%d0%bb-apiyoo-sensazione\/#primaryimage"},"image":{"@id":"https:\/\/glasir.com.ua\/product\/%d1%82%d0%b5%d1%80%d0%bc%d0%be%d1%81-%d0%b7-%d0%bd%d0%b5%d1%80%d0%b6%d0%b0%d0%b2%d1%96%d1%8e%d1%87%d0%be%d1%97-%d1%81%d1%82%d0%b0%d0%bb%d1%96-680-%d0%bc%d0%bb-apiyoo-sensazione\/#primaryimage"},"thumbnailUrl":"https:\/\/glasir.com.ua\/wp-content\/uploads\/2025\/03\/apiyoo-sensazione-by-glasir-thermos9.jpg","datePublished":"2025-03-08T11:55:07+00:00","dateModified":"2025-03-10T14:45:36+00:00","breadcrumb":{"@id":"https:\/\/glasir.com.ua\/product\/%d1%82%d0%b5%d1%80%d0%bc%d0%be%d1%81-%d0%b7-%d0%bd%d0%b5%d1%80%d0%b6%d0%b0%d0%b2%d1%96%d1%8e%d1%87%d0%be%d1%97-%d1%81%d1%82%d0%b0%d0%bb%d1%96-680-%d0%bc%d0%bb-apiyoo-sensazione\/#breadcrumb"},"inLanguage":"de","potentialAction":[{"@type":"ReadAction","target":["https:\/\/glasir.com.ua\/product\/%d1%82%d0%b5%d1%80%d0%bc%d0%be%d1%81-%d0%b7-%d0%bd%d0%b5%d1%80%d0%b6%d0%b0%d0%b2%d1%96%d1%8e%d1%87%d0%be%d1%97-%d1%81%d1%82%d0%b0%d0%bb%d1%96-680-%d0%bc%d0%bb-apiyoo-sensazione\/"]}]},{"@type":"ImageObject","inLanguage":"de","@id":"https:\/\/glasir.com.ua\/product\/%d1%82%d0%b5%d1%80%d0%bc%d0%be%d1%81-%d0%b7-%d0%bd%d0%b5%d1%80%d0%b6%d0%b0%d0%b2%d1%96%d1%8e%d1%87%d0%be%d1%97-%d1%81%d1%82%d0%b0%d0%bb%d1%96-680-%d0%bc%d0%bb-apiyoo-sensazione\/#primaryimage","url":"https:\/\/glasir.com.ua\/wp-content\/uploads\/2025\/03\/apiyoo-sensazione-by-glasir-thermos9.jpg","contentUrl":"https:\/\/glasir.com.ua\/wp-content\/uploads\/2025\/03\/apiyoo-sensazione-by-glasir-thermos9.jpg","width":1179,"height":1530,"caption":"\u0422\u0435\u0440\u043c\u043e\u0441 \u0437 \u043d\u0435\u0440\u0436\u0430\u0432\u0456\u044e\u0447\u043e\u0457 \u0441\u0442\u0430\u043b\u0456 680 \u043c\u043b ApiYoo Sensazione"},{"@type":"BreadcrumbList","@id":"https:\/\/glasir.com.ua\/product\/%d1%82%d0%b5%d1%80%d0%bc%d0%be%d1%81-%d0%b7-%d0%bd%d0%b5%d1%80%d0%b6%d0%b0%d0%b2%d1%96%d1%8e%d1%87%d0%be%d1%97-%d1%81%d1%82%d0%b0%d0%bb%d1%96-680-%d0%bc%d0%bb-apiyoo-sensazione\/#breadcrumb","itemListElement":[{"@type":"ListItem","position":1,"name":"Home","item":"https:\/\/glasir.com.ua\/"},{"@type":"ListItem","position":2,"name":"\u0406\u043d\u0442\u0435\u0440\u043d\u0435\u0442-\u043c\u0430\u0433\u0430\u0437\u0438\u043d","item":"https:\/\/glasir.com.ua\/shop\/"},{"@type":"ListItem","position":3,"name":"\u0422\u0435\u0440\u043c\u043e\u0441 \u0437 \u043d\u0435\u0440\u0436\u0430\u0432\u0456\u044e\u0447\u043e\u0457 \u0441\u0442\u0430\u043b\u0456 680 \u043c\u043b ApiYoo Sensazione"}]},{"@type":"WebSite","@id":"https:\/\/glasir.com.ua\/#website","url":"https:\/\/glasir.com.ua\/","name":"Glasir","description":"Es gibt keinen Vergleich.","publisher":{"@id":"https:\/\/glasir.com.ua\/#organization"},"potentialAction":[{"@type":"SearchAction","target":{"@type":"EntryPoint","urlTemplate":"https:\/\/glasir.com.ua\/?s={search_term_string}"},"query-input":{"@type":"PropertyValueSpecification","valueRequired":true,"valueName":"search_term_string"}}],"inLanguage":"de"},{"@type":"Organization","@id":"https:\/\/glasir.com.ua\/#organization","name":"Glasir","url":"https:\/\/glasir.com.ua\/","logo":{"@type":"ImageObject","inLanguage":"de","@id":"https:\/\/glasir.com.ua\/#\/schema\/logo\/image\/","url":"https:\/\/glasir.com.ua\/wp-content\/uploads\/2023\/06\/cropped-llc-glasir.png","contentUrl":"https:\/\/glasir.com.ua\/wp-content\/uploads\/2023\/06\/cropped-llc-glasir.png","width":250,"height":250,"caption":"Glasir"},"image":{"@id":"https:\/\/glasir.com.ua\/#\/schema\/logo\/image\/"},"sameAs":["https:\/\/www.pinterest.com\/llc_glasir","https:\/\/g.co\/kgs\/7CK1iZr"]}]}},"_links":{"self":[{"href":"https:\/\/glasir.com.ua\/de\/wp-json\/wp\/v2\/product\/1629","targetHints":{"allow":["GET"]}}],"collection":[{"href":"https:\/\/glasir.com.ua\/de\/wp-json\/wp\/v2\/product"}],"about":[{"href":"https:\/\/glasir.com.ua\/de\/wp-json\/wp\/v2\/types\/product"}],"replies":[{"embeddable":true,"href":"https:\/\/glasir.com.ua\/de\/wp-json\/wp\/v2\/comments?post=1629"}],"wp:featuredmedia":[{"embeddable":true,"href":"https:\/\/glasir.com.ua\/de\/wp-json\/wp\/v2\/media\/1642"}],"wp:attachment":[{"href":"https:\/\/glasir.com.ua\/de\/wp-json\/wp\/v2\/media?parent=1629"}],"wp:term":[{"taxonomy":"product_brand","embeddable":true,"href":"https:\/\/glasir.com.ua\/de\/wp-json\/wp\/v2\/product_brand?post=1629"},{"taxonomy":"product_cat","embeddable":true,"href":"https:\/\/glasir.com.ua\/de\/wp-json\/wp\/v2\/product_cat?post=1629"},{"taxonomy":"product_tag","embeddable":true,"href":"https:\/\/glasir.com.ua\/de\/wp-json\/wp\/v2\/product_tag?post=1629"}],"curies":[{"name":"wp","href":"https:\/\/api.w.org\/{rel}","templated":true}]}}