{"id":1494,"date":"2025-02-22T13:08:16","date_gmt":"2025-02-22T11:08:16","guid":{"rendered":"https:\/\/glasir.com.ua\/?post_type=product&#038;p=1494"},"modified":"2025-03-08T16:38:06","modified_gmt":"2025-03-08T14:38:06","slug":"%d0%b0%d0%ba%d1%83%d0%bc%d1%83%d0%bb%d1%8f%d1%82%d0%be%d1%80%d0%bd%d0%b0-%d0%b1%d0%b5%d0%b7%d0%b4%d1%80%d0%be%d1%82%d0%be%d0%b2%d0%b0-%d0%bc%d1%96%d0%bd%d1%96-%d0%b1%d1%80%d0%b8%d1%82%d0%b2%d0%b0-ap-2","status":"publish","type":"product","link":"https:\/\/glasir.com.ua\/de\/product\/%d0%b0%d0%ba%d1%83%d0%bc%d1%83%d0%bb%d1%8f%d1%82%d0%be%d1%80%d0%bd%d0%b0-%d0%b1%d0%b5%d0%b7%d0%b4%d1%80%d0%be%d1%82%d0%be%d0%b2%d0%b0-%d0%bc%d1%96%d0%bd%d1%96-%d0%b1%d1%80%d0%b8%d1%82%d0%b2%d0%b0-ap-2\/","title":{"rendered":"ApiYoo T3 Leggero Kabelloser Mini-Rasierer"},"content":{"rendered":"<p>ApiYoo T3 Leggero Kabelloser Mini-Rasierer<\/p>\n<p>Der kompakte und stylische Mini-Rasierer verf\u00fcgt \u00fcber ein Netzsystem f\u00fcr die Trocken- und Nassrasur. Dieser Rasierer ist gut f\u00fcr M\u00e4nner mit empfindlicher Gesichtshaut geeignet. Durch die Verwendung eines speziellen Netzes wird die Haut weniger verletzt und es kommt nicht zu Reizungen.<\/p>\n<p>Der Mini-Rasierer ist wiederaufladbar und klein, sodass Sie ihn bequem mitnehmen und mit einem USB-Ladekabel \u00fcberall aufladen k\u00f6nnen. Der Rasierer ist eine gro\u00dfartige L\u00f6sung f\u00fcr Reisen, Gesch\u00e4ftsreisen oder den Einsatz bei der Arbeit. Damit k\u00f6nnen Sie Ihren Stil und Ihr gepflegtes Erscheinungsbild unabh\u00e4ngig von den Umst\u00e4nden bewahren.<br \/>\nEs wird empfohlen, sich bei trockenem Gesicht zu rasieren. Rasieren Sie sich also vor oder einige Zeit nach dem Waschen Ihres Gesichts \u2013 dies optimiert die Qualit\u00e4t der Rasur und sorgt f\u00fcr Komfort. <\/p>\n<p>Besonderheit:<br \/>\n- Edelstahl<br \/>\n\u2013 Ber\u00fchrungsschalter,<br \/>\n\u2013 Intelligentes KI-Anti-Clipping<br \/>\n\u2013 Schwebende Doppelscherk\u00f6pfe<\/p>\n<p>Das Kit enth\u00e4lt:<br \/>\n\u2013 Bedienungsanleitung<br \/>\n\u2013 Rasiermesser<br \/>\n\u2013 USB-Ladeger\u00e4t<br \/>\n- B\u00fcrste<br \/>\n\u2013 Flanelltasche<\/p>\n<div style=\"width: 525px;\" class=\"wp-video\"><video class=\"wp-video-shortcode\" id=\"video-1494-1\" width=\"525\" height=\"700\" preload=\"metadata\" controls=\"controls\"><source type=\"video\/mp4\" src=\"http:\/\/glasir.com.ua\/wp-content\/uploads\/2025\/02\/rasoio-apiyoo-t3-leggero.mp4?_=1\" \/><a href=\"http:\/\/glasir.com.ua\/wp-content\/uploads\/2025\/02\/rasoio-apiyoo-t3-leggero.mp4\">http:\/\/glasir.com.ua\/wp-content\/uploads\/2025\/02\/rasoio-apiyoo-t3-leggero.mp4<\/a><\/video><\/div>","protected":false},"excerpt":{"rendered":"<p>ApiYoo T3 Leggero Kabelloser Mini-Rasierer<\/p>","protected":false},"featured_media":1496,"comment_status":"open","ping_status":"closed","template":"","meta":[],"product_brand":[],"product_cat":[135],"product_tag":[33],"class_list":{"0":"post-1494","1":"product","2":"type-product","3":"status-publish","4":"has-post-thumbnail","6":"product_cat-135","7":"product_tag-apiyoo","9":"first","10":"onbackorder","11":"taxable","12":"shipping-taxable","13":"purchasable","14":"product-type-variable"},"yoast_head":"<!-- This site is optimized with the Yoast SEO plugin v27.2 - https:\/\/yoast.com\/product\/yoast-seo-wordpress\/ -->\n<title>\u0410\u043a\u0443\u043c\u0443\u043b\u044f\u0442\u043e\u0440\u043d\u0430 \u0431\u0435\u0437\u0434\u0440\u043e\u0442\u043e\u0432\u0430 \u043c\u0456\u043d\u0456 \u0431\u0440\u0438\u0442\u0432\u0430 ApiYoo T3 Leggero - Glasir<\/title>\n<meta name=\"robots\" content=\"index, follow, max-snippet:-1, max-image-preview:large, max-video-preview:-1\" \/>\n<link rel=\"canonical\" href=\"https:\/\/glasir.com.ua\/de\/product\/\u0430\u043a\u0443\u043c\u0443\u043b\u044f\u0442\u043e\u0440\u043d\u0430-\u0431\u0435\u0437\u0434\u0440\u043e\u0442\u043e\u0432\u0430-\u043c\u0456\u043d\u0456-\u0431\u0440\u0438\u0442\u0432\u0430-ap-2\/\" \/>\n<meta property=\"og:locale\" content=\"de_DE\" \/>\n<meta property=\"og:type\" content=\"article\" \/>\n<meta property=\"og:title\" content=\"\u0410\u043a\u0443\u043c\u0443\u043b\u044f\u0442\u043e\u0440\u043d\u0430 \u0431\u0435\u0437\u0434\u0440\u043e\u0442\u043e\u0432\u0430 \u043c\u0456\u043d\u0456 \u0431\u0440\u0438\u0442\u0432\u0430 ApiYoo T3 Leggero - Glasir\" \/>\n<meta property=\"og:description\" content=\"\u0410\u043a\u0443\u043c\u0443\u043b\u044f\u0442\u043e\u0440\u043d\u0430 \u0431\u0435\u0437\u0434\u0440\u043e\u0442\u043e\u0432\u0430 \u043c\u0456\u043d\u0456 \u0431\u0440\u0438\u0442\u0432\u0430 ApiYoo T3 Leggero\" \/>\n<meta property=\"og:url\" content=\"https:\/\/glasir.com.ua\/de\/product\/\u0430\u043a\u0443\u043c\u0443\u043b\u044f\u0442\u043e\u0440\u043d\u0430-\u0431\u0435\u0437\u0434\u0440\u043e\u0442\u043e\u0432\u0430-\u043c\u0456\u043d\u0456-\u0431\u0440\u0438\u0442\u0432\u0430-ap-2\/\" \/>\n<meta property=\"og:site_name\" content=\"Glasir\" \/>\n<meta property=\"article:modified_time\" content=\"2025-03-08T14:38:06+00:00\" \/>\n<meta property=\"og:image\" content=\"https:\/\/glasir.com.ua\/wp-content\/uploads\/2025\/02\/rasoio-apiyoo-t3-leggero2.jpg\" \/>\n\t<meta property=\"og:image:width\" content=\"800\" \/>\n\t<meta property=\"og:image:height\" content=\"800\" \/>\n\t<meta property=\"og:image:type\" content=\"image\/jpeg\" \/>\n<meta name=\"twitter:card\" content=\"summary_large_image\" \/>\n<script type=\"application\/ld+json\" class=\"yoast-schema-graph\">{\"@context\":\"https:\/\/schema.org\",\"@graph\":[{\"@type\":[\"WebPage\",\"ItemPage\"],\"@id\":\"https:\/\/glasir.com.ua\/product\/%d0%b0%d0%ba%d1%83%d0%bc%d1%83%d0%bb%d1%8f%d1%82%d0%be%d1%80%d0%bd%d0%b0-%d0%b1%d0%b5%d0%b7%d0%b4%d1%80%d0%be%d1%82%d0%be%d0%b2%d0%b0-%d0%bc%d1%96%d0%bd%d1%96-%d0%b1%d1%80%d0%b8%d1%82%d0%b2%d0%b0-ap-2\/\",\"url\":\"https:\/\/glasir.com.ua\/product\/%d0%b0%d0%ba%d1%83%d0%bc%d1%83%d0%bb%d1%8f%d1%82%d0%be%d1%80%d0%bd%d0%b0-%d0%b1%d0%b5%d0%b7%d0%b4%d1%80%d0%be%d1%82%d0%be%d0%b2%d0%b0-%d0%bc%d1%96%d0%bd%d1%96-%d0%b1%d1%80%d0%b8%d1%82%d0%b2%d0%b0-ap-2\/\",\"name\":\"\u0410\u043a\u0443\u043c\u0443\u043b\u044f\u0442\u043e\u0440\u043d\u0430 \u0431\u0435\u0437\u0434\u0440\u043e\u0442\u043e\u0432\u0430 \u043c\u0456\u043d\u0456 \u0431\u0440\u0438\u0442\u0432\u0430 ApiYoo T3 Leggero - Glasir\",\"isPartOf\":{\"@id\":\"https:\/\/glasir.com.ua\/#website\"},\"primaryImageOfPage\":{\"@id\":\"https:\/\/glasir.com.ua\/product\/%d0%b0%d0%ba%d1%83%d0%bc%d1%83%d0%bb%d1%8f%d1%82%d0%be%d1%80%d0%bd%d0%b0-%d0%b1%d0%b5%d0%b7%d0%b4%d1%80%d0%be%d1%82%d0%be%d0%b2%d0%b0-%d0%bc%d1%96%d0%bd%d1%96-%d0%b1%d1%80%d0%b8%d1%82%d0%b2%d0%b0-ap-2\/#primaryimage\"},\"image\":{\"@id\":\"https:\/\/glasir.com.ua\/product\/%d0%b0%d0%ba%d1%83%d0%bc%d1%83%d0%bb%d1%8f%d1%82%d0%be%d1%80%d0%bd%d0%b0-%d0%b1%d0%b5%d0%b7%d0%b4%d1%80%d0%be%d1%82%d0%be%d0%b2%d0%b0-%d0%bc%d1%96%d0%bd%d1%96-%d0%b1%d1%80%d0%b8%d1%82%d0%b2%d0%b0-ap-2\/#primaryimage\"},\"thumbnailUrl\":\"https:\/\/glasir.com.ua\/wp-content\/uploads\/2025\/02\/rasoio-apiyoo-t3-leggero2.jpg\",\"datePublished\":\"2025-02-22T11:08:16+00:00\",\"dateModified\":\"2025-03-08T14:38:06+00:00\",\"breadcrumb\":{\"@id\":\"https:\/\/glasir.com.ua\/product\/%d0%b0%d0%ba%d1%83%d0%bc%d1%83%d0%bb%d1%8f%d1%82%d0%be%d1%80%d0%bd%d0%b0-%d0%b1%d0%b5%d0%b7%d0%b4%d1%80%d0%be%d1%82%d0%be%d0%b2%d0%b0-%d0%bc%d1%96%d0%bd%d1%96-%d0%b1%d1%80%d0%b8%d1%82%d0%b2%d0%b0-ap-2\/#breadcrumb\"},\"inLanguage\":\"de\",\"potentialAction\":[{\"@type\":\"ReadAction\",\"target\":[\"https:\/\/glasir.com.ua\/product\/%d0%b0%d0%ba%d1%83%d0%bc%d1%83%d0%bb%d1%8f%d1%82%d0%be%d1%80%d0%bd%d0%b0-%d0%b1%d0%b5%d0%b7%d0%b4%d1%80%d0%be%d1%82%d0%be%d0%b2%d0%b0-%d0%bc%d1%96%d0%bd%d1%96-%d0%b1%d1%80%d0%b8%d1%82%d0%b2%d0%b0-ap-2\/\"]}]},{\"@type\":\"ImageObject\",\"inLanguage\":\"de\",\"@id\":\"https:\/\/glasir.com.ua\/product\/%d0%b0%d0%ba%d1%83%d0%bc%d1%83%d0%bb%d1%8f%d1%82%d0%be%d1%80%d0%bd%d0%b0-%d0%b1%d0%b5%d0%b7%d0%b4%d1%80%d0%be%d1%82%d0%be%d0%b2%d0%b0-%d0%bc%d1%96%d0%bd%d1%96-%d0%b1%d1%80%d0%b8%d1%82%d0%b2%d0%b0-ap-2\/#primaryimage\",\"url\":\"https:\/\/glasir.com.ua\/wp-content\/uploads\/2025\/02\/rasoio-apiyoo-t3-leggero2.jpg\",\"contentUrl\":\"https:\/\/glasir.com.ua\/wp-content\/uploads\/2025\/02\/rasoio-apiyoo-t3-leggero2.jpg\",\"width\":800,\"height\":800,\"caption\":\"ApiYoo T3 Leggero\"},{\"@type\":\"BreadcrumbList\",\"@id\":\"https:\/\/glasir.com.ua\/product\/%d0%b0%d0%ba%d1%83%d0%bc%d1%83%d0%bb%d1%8f%d1%82%d0%be%d1%80%d0%bd%d0%b0-%d0%b1%d0%b5%d0%b7%d0%b4%d1%80%d0%be%d1%82%d0%be%d0%b2%d0%b0-%d0%bc%d1%96%d0%bd%d1%96-%d0%b1%d1%80%d0%b8%d1%82%d0%b2%d0%b0-ap-2\/#breadcrumb\",\"itemListElement\":[{\"@type\":\"ListItem\",\"position\":1,\"name\":\"Home\",\"item\":\"https:\/\/glasir.com.ua\/\"},{\"@type\":\"ListItem\",\"position\":2,\"name\":\"\u0406\u043d\u0442\u0435\u0440\u043d\u0435\u0442-\u043c\u0430\u0433\u0430\u0437\u0438\u043d\",\"item\":\"https:\/\/glasir.com.ua\/shop\/\"},{\"@type\":\"ListItem\",\"position\":3,\"name\":\"\u0410\u043a\u0443\u043c\u0443\u043b\u044f\u0442\u043e\u0440\u043d\u0430 \u0431\u0435\u0437\u0434\u0440\u043e\u0442\u043e\u0432\u0430 \u043c\u0456\u043d\u0456 \u0431\u0440\u0438\u0442\u0432\u0430 ApiYoo T3 Leggero\"}]},{\"@type\":\"WebSite\",\"@id\":\"https:\/\/glasir.com.ua\/#website\",\"url\":\"https:\/\/glasir.com.ua\/\",\"name\":\"Glasir\",\"description\":\"\u041d\u0435\u043c\u0430\u0454 \u043f\u043e\u0440\u0456\u0432\u043d\u044f\u043d\u043d\u044f.\",\"publisher\":{\"@id\":\"https:\/\/glasir.com.ua\/#organization\"},\"potentialAction\":[{\"@type\":\"SearchAction\",\"target\":{\"@type\":\"EntryPoint\",\"urlTemplate\":\"https:\/\/glasir.com.ua\/?s={search_term_string}\"},\"query-input\":{\"@type\":\"PropertyValueSpecification\",\"valueRequired\":true,\"valueName\":\"search_term_string\"}}],\"inLanguage\":\"de\"},{\"@type\":\"Organization\",\"@id\":\"https:\/\/glasir.com.ua\/#organization\",\"name\":\"Glasir\",\"url\":\"https:\/\/glasir.com.ua\/\",\"logo\":{\"@type\":\"ImageObject\",\"inLanguage\":\"de\",\"@id\":\"https:\/\/glasir.com.ua\/#\/schema\/logo\/image\/\",\"url\":\"https:\/\/glasir.com.ua\/wp-content\/uploads\/2023\/06\/cropped-llc-glasir.png\",\"contentUrl\":\"https:\/\/glasir.com.ua\/wp-content\/uploads\/2023\/06\/cropped-llc-glasir.png\",\"width\":250,\"height\":250,\"caption\":\"Glasir\"},\"image\":{\"@id\":\"https:\/\/glasir.com.ua\/#\/schema\/logo\/image\/\"},\"sameAs\":[\"https:\/\/www.pinterest.com\/llc_glasir\",\"https:\/\/g.co\/kgs\/7CK1iZr\"]}]}<\/script>\n<!-- \/ Yoast SEO plugin. -->","yoast_head_json":{"title":"ApiYoo T3 Leggero Akku-Minirasierer - Glasir","robots":{"index":"index","follow":"follow","max-snippet":"max-snippet:-1","max-image-preview":"max-image-preview:large","max-video-preview":"max-video-preview:-1"},"canonical":"https:\/\/glasir.com.ua\/de\/product\/\u0430\u043a\u0443\u043c\u0443\u043b\u044f\u0442\u043e\u0440\u043d\u0430-\u0431\u0435\u0437\u0434\u0440\u043e\u0442\u043e\u0432\u0430-\u043c\u0456\u043d\u0456-\u0431\u0440\u0438\u0442\u0432\u0430-ap-2\/","og_locale":"de_DE","og_type":"article","og_title":"\u0410\u043a\u0443\u043c\u0443\u043b\u044f\u0442\u043e\u0440\u043d\u0430 \u0431\u0435\u0437\u0434\u0440\u043e\u0442\u043e\u0432\u0430 \u043c\u0456\u043d\u0456 \u0431\u0440\u0438\u0442\u0432\u0430 ApiYoo T3 Leggero - Glasir","og_description":"\u0410\u043a\u0443\u043c\u0443\u043b\u044f\u0442\u043e\u0440\u043d\u0430 \u0431\u0435\u0437\u0434\u0440\u043e\u0442\u043e\u0432\u0430 \u043c\u0456\u043d\u0456 \u0431\u0440\u0438\u0442\u0432\u0430 ApiYoo T3 Leggero","og_url":"https:\/\/glasir.com.ua\/de\/product\/\u0430\u043a\u0443\u043c\u0443\u043b\u044f\u0442\u043e\u0440\u043d\u0430-\u0431\u0435\u0437\u0434\u0440\u043e\u0442\u043e\u0432\u0430-\u043c\u0456\u043d\u0456-\u0431\u0440\u0438\u0442\u0432\u0430-ap-2\/","og_site_name":"Glasir","article_modified_time":"2025-03-08T14:38:06+00:00","og_image":[{"width":800,"height":800,"url":"https:\/\/glasir.com.ua\/wp-content\/uploads\/2025\/02\/rasoio-apiyoo-t3-leggero2.jpg","type":"image\/jpeg"}],"twitter_card":"summary_large_image","schema":{"@context":"https:\/\/schema.org","@graph":[{"@type":["WebPage","ItemPage"],"@id":"https:\/\/glasir.com.ua\/product\/%d0%b0%d0%ba%d1%83%d0%bc%d1%83%d0%bb%d1%8f%d1%82%d0%be%d1%80%d0%bd%d0%b0-%d0%b1%d0%b5%d0%b7%d0%b4%d1%80%d0%be%d1%82%d0%be%d0%b2%d0%b0-%d0%bc%d1%96%d0%bd%d1%96-%d0%b1%d1%80%d0%b8%d1%82%d0%b2%d0%b0-ap-2\/","url":"https:\/\/glasir.com.ua\/product\/%d0%b0%d0%ba%d1%83%d0%bc%d1%83%d0%bb%d1%8f%d1%82%d0%be%d1%80%d0%bd%d0%b0-%d0%b1%d0%b5%d0%b7%d0%b4%d1%80%d0%be%d1%82%d0%be%d0%b2%d0%b0-%d0%bc%d1%96%d0%bd%d1%96-%d0%b1%d1%80%d0%b8%d1%82%d0%b2%d0%b0-ap-2\/","name":"ApiYoo T3 Leggero Akku-Minirasierer - Glasir","isPartOf":{"@id":"https:\/\/glasir.com.ua\/#website"},"primaryImageOfPage":{"@id":"https:\/\/glasir.com.ua\/product\/%d0%b0%d0%ba%d1%83%d0%bc%d1%83%d0%bb%d1%8f%d1%82%d0%be%d1%80%d0%bd%d0%b0-%d0%b1%d0%b5%d0%b7%d0%b4%d1%80%d0%be%d1%82%d0%be%d0%b2%d0%b0-%d0%bc%d1%96%d0%bd%d1%96-%d0%b1%d1%80%d0%b8%d1%82%d0%b2%d0%b0-ap-2\/#primaryimage"},"image":{"@id":"https:\/\/glasir.com.ua\/product\/%d0%b0%d0%ba%d1%83%d0%bc%d1%83%d0%bb%d1%8f%d1%82%d0%be%d1%80%d0%bd%d0%b0-%d0%b1%d0%b5%d0%b7%d0%b4%d1%80%d0%be%d1%82%d0%be%d0%b2%d0%b0-%d0%bc%d1%96%d0%bd%d1%96-%d0%b1%d1%80%d0%b8%d1%82%d0%b2%d0%b0-ap-2\/#primaryimage"},"thumbnailUrl":"https:\/\/glasir.com.ua\/wp-content\/uploads\/2025\/02\/rasoio-apiyoo-t3-leggero2.jpg","datePublished":"2025-02-22T11:08:16+00:00","dateModified":"2025-03-08T14:38:06+00:00","breadcrumb":{"@id":"https:\/\/glasir.com.ua\/product\/%d0%b0%d0%ba%d1%83%d0%bc%d1%83%d0%bb%d1%8f%d1%82%d0%be%d1%80%d0%bd%d0%b0-%d0%b1%d0%b5%d0%b7%d0%b4%d1%80%d0%be%d1%82%d0%be%d0%b2%d0%b0-%d0%bc%d1%96%d0%bd%d1%96-%d0%b1%d1%80%d0%b8%d1%82%d0%b2%d0%b0-ap-2\/#breadcrumb"},"inLanguage":"de","potentialAction":[{"@type":"ReadAction","target":["https:\/\/glasir.com.ua\/product\/%d0%b0%d0%ba%d1%83%d0%bc%d1%83%d0%bb%d1%8f%d1%82%d0%be%d1%80%d0%bd%d0%b0-%d0%b1%d0%b5%d0%b7%d0%b4%d1%80%d0%be%d1%82%d0%be%d0%b2%d0%b0-%d0%bc%d1%96%d0%bd%d1%96-%d0%b1%d1%80%d0%b8%d1%82%d0%b2%d0%b0-ap-2\/"]}]},{"@type":"ImageObject","inLanguage":"de","@id":"https:\/\/glasir.com.ua\/product\/%d0%b0%d0%ba%d1%83%d0%bc%d1%83%d0%bb%d1%8f%d1%82%d0%be%d1%80%d0%bd%d0%b0-%d0%b1%d0%b5%d0%b7%d0%b4%d1%80%d0%be%d1%82%d0%be%d0%b2%d0%b0-%d0%bc%d1%96%d0%bd%d1%96-%d0%b1%d1%80%d0%b8%d1%82%d0%b2%d0%b0-ap-2\/#primaryimage","url":"https:\/\/glasir.com.ua\/wp-content\/uploads\/2025\/02\/rasoio-apiyoo-t3-leggero2.jpg","contentUrl":"https:\/\/glasir.com.ua\/wp-content\/uploads\/2025\/02\/rasoio-apiyoo-t3-leggero2.jpg","width":800,"height":800,"caption":"ApiYoo T3 Leggero"},{"@type":"BreadcrumbList","@id":"https:\/\/glasir.com.ua\/product\/%d0%b0%d0%ba%d1%83%d0%bc%d1%83%d0%bb%d1%8f%d1%82%d0%be%d1%80%d0%bd%d0%b0-%d0%b1%d0%b5%d0%b7%d0%b4%d1%80%d0%be%d1%82%d0%be%d0%b2%d0%b0-%d0%bc%d1%96%d0%bd%d1%96-%d0%b1%d1%80%d0%b8%d1%82%d0%b2%d0%b0-ap-2\/#breadcrumb","itemListElement":[{"@type":"ListItem","position":1,"name":"Home","item":"https:\/\/glasir.com.ua\/"},{"@type":"ListItem","position":2,"name":"\u0406\u043d\u0442\u0435\u0440\u043d\u0435\u0442-\u043c\u0430\u0433\u0430\u0437\u0438\u043d","item":"https:\/\/glasir.com.ua\/shop\/"},{"@type":"ListItem","position":3,"name":"\u0410\u043a\u0443\u043c\u0443\u043b\u044f\u0442\u043e\u0440\u043d\u0430 \u0431\u0435\u0437\u0434\u0440\u043e\u0442\u043e\u0432\u0430 \u043c\u0456\u043d\u0456 \u0431\u0440\u0438\u0442\u0432\u0430 ApiYoo T3 Leggero"}]},{"@type":"WebSite","@id":"https:\/\/glasir.com.ua\/#website","url":"https:\/\/glasir.com.ua\/","name":"Glasir","description":"Es gibt keinen Vergleich.","publisher":{"@id":"https:\/\/glasir.com.ua\/#organization"},"potentialAction":[{"@type":"SearchAction","target":{"@type":"EntryPoint","urlTemplate":"https:\/\/glasir.com.ua\/?s={search_term_string}"},"query-input":{"@type":"PropertyValueSpecification","valueRequired":true,"valueName":"search_term_string"}}],"inLanguage":"de"},{"@type":"Organization","@id":"https:\/\/glasir.com.ua\/#organization","name":"Glasir","url":"https:\/\/glasir.com.ua\/","logo":{"@type":"ImageObject","inLanguage":"de","@id":"https:\/\/glasir.com.ua\/#\/schema\/logo\/image\/","url":"https:\/\/glasir.com.ua\/wp-content\/uploads\/2023\/06\/cropped-llc-glasir.png","contentUrl":"https:\/\/glasir.com.ua\/wp-content\/uploads\/2023\/06\/cropped-llc-glasir.png","width":250,"height":250,"caption":"Glasir"},"image":{"@id":"https:\/\/glasir.com.ua\/#\/schema\/logo\/image\/"},"sameAs":["https:\/\/www.pinterest.com\/llc_glasir","https:\/\/g.co\/kgs\/7CK1iZr"]}]}},"_links":{"self":[{"href":"https:\/\/glasir.com.ua\/de\/wp-json\/wp\/v2\/product\/1494","targetHints":{"allow":["GET"]}}],"collection":[{"href":"https:\/\/glasir.com.ua\/de\/wp-json\/wp\/v2\/product"}],"about":[{"href":"https:\/\/glasir.com.ua\/de\/wp-json\/wp\/v2\/types\/product"}],"replies":[{"embeddable":true,"href":"https:\/\/glasir.com.ua\/de\/wp-json\/wp\/v2\/comments?post=1494"}],"wp:featuredmedia":[{"embeddable":true,"href":"https:\/\/glasir.com.ua\/de\/wp-json\/wp\/v2\/media\/1496"}],"wp:attachment":[{"href":"https:\/\/glasir.com.ua\/de\/wp-json\/wp\/v2\/media?parent=1494"}],"wp:term":[{"taxonomy":"product_brand","embeddable":true,"href":"https:\/\/glasir.com.ua\/de\/wp-json\/wp\/v2\/product_brand?post=1494"},{"taxonomy":"product_cat","embeddable":true,"href":"https:\/\/glasir.com.ua\/de\/wp-json\/wp\/v2\/product_cat?post=1494"},{"taxonomy":"product_tag","embeddable":true,"href":"https:\/\/glasir.com.ua\/de\/wp-json\/wp\/v2\/product_tag?post=1494"}],"curies":[{"name":"wp","href":"https:\/\/api.w.org\/{rel}","templated":true}]}}