{"id":1281,"date":"2025-01-15T18:24:18","date_gmt":"2025-01-15T16:24:18","guid":{"rendered":"https:\/\/glasir.com.ua\/?post_type=product&#038;p=1281"},"modified":"2025-11-26T15:13:03","modified_gmt":"2025-11-26T13:13:03","slug":"%d1%81%d1%82%d1%80%d1%96%d1%87%d0%ba%d0%b0-%d1%82%d0%b5%d1%84%d0%bb%d0%be%d0%bd%d0%be%d0%b2%d0%b0-ptfe-angstpfister-tetratape-1-2%e2%80%b3-12-%d0%bc%d0%bc-%d1%85-12-%d0%bc-%d1%85-0076-%d0%bc%d0%bc","status":"publish","type":"product","link":"https:\/\/glasir.com.ua\/de\/product\/%d1%81%d1%82%d1%80%d1%96%d1%87%d0%ba%d0%b0-%d1%82%d0%b5%d1%84%d0%bb%d0%be%d0%bd%d0%be%d0%b2%d0%b0-ptfe-angstpfister-tetratape-1-2%e2%80%b3-12-%d0%bc%d0%bc-%d1%85-12-%d0%bc-%d1%85-0076-%d0%bc%d0%bc\/","title":{"rendered":"Teflon PTFE-Band ANGST+PFISTER Tetratape (1\/2\u2033) 12 mm x 12 m x 0,076 mm"},"content":{"rendered":"<p>Teflon PTFE-Band ANGST+PFISTER Tetratape (1\/2\u2033) 12 mm x 12 m x 0,076 mm<\/p>\n<p>Teflonband zum Abdichten von Gewindeverbindungen.<br \/>\nBandabmessungen: 12 mm x 12 m x 0,076 mm<\/p>\n<p>Wenn Sie einen bestimmten Produktcode von ANGST+PFISTER suchen, ihn aber nicht in unserem Angebot gefunden haben, <a href=\"https:\/\/glasir.com.ua\/de\/kontakte\/\">Senden Sie uns eine Anfrage<\/a>.<br \/>\nDas Glasir-Team ber\u00e4t Sie gerne und erstellt Ihnen ein kommerzielles Angebot.<br \/>\nWir stehen Ihnen jederzeit mit den notwendigen Informationen zur Verf\u00fcgung und finden die optimale L\u00f6sung f\u00fcr Ihr Unternehmen.<br \/>\nSenden Sie uns Ihre Anfragen und wir helfen Ihnen gerne weiter!<\/p>","protected":false},"excerpt":{"rendered":"<p>Teflon PTFE-Band ANGST+PFISTER Tetratape (1\/2\u2033) 12 mm x 12 m x 0,076 mm<\/p>","protected":false},"featured_media":1280,"comment_status":"closed","ping_status":"closed","template":"","meta":[],"product_brand":[],"product_cat":[171],"product_tag":[184],"class_list":{"0":"post-1281","1":"product","2":"type-product","3":"status-publish","4":"has-post-thumbnail","6":"product_cat-171","7":"product_tag-angstpfister","9":"first","10":"instock","11":"taxable","12":"shipping-taxable","13":"purchasable","14":"product-type-simple"},"yoast_head":"<!-- This site is optimized with the Yoast SEO plugin v27.2 - https:\/\/yoast.com\/product\/yoast-seo-wordpress\/ -->\n<title>\u0421\u0442\u0440\u0456\u0447\u043a\u0430 \u0442\u0435\u0444\u043b\u043e\u043d\u043e\u0432\u0430 PTFE ANGST+PFISTER Tetratape (1\/2\u2033) 12 \u043c\u043c \u0445 12 \u043c \u0445 0,076 \u043c\u043c - Glasir<\/title>\n<meta name=\"robots\" content=\"index, follow, max-snippet:-1, max-image-preview:large, max-video-preview:-1\" \/>\n<link rel=\"canonical\" href=\"https:\/\/glasir.com.ua\/de\/product\/\u0441\u0442\u0440\u0456\u0447\u043a\u0430-\u0442\u0435\u0444\u043b\u043e\u043d\u043e\u0432\u0430-ptfe-angstpfister-tetratape-1-2\u2033-12-\u043c\u043c-\u0445-12-\u043c-\u0445-0076-\u043c\u043c\/\" \/>\n<meta property=\"og:locale\" content=\"de_DE\" \/>\n<meta property=\"og:type\" content=\"article\" \/>\n<meta property=\"og:title\" content=\"\u0421\u0442\u0440\u0456\u0447\u043a\u0430 \u0442\u0435\u0444\u043b\u043e\u043d\u043e\u0432\u0430 PTFE ANGST+PFISTER Tetratape (1\/2\u2033) 12 \u043c\u043c \u0445 12 \u043c \u0445 0,076 \u043c\u043c - Glasir\" \/>\n<meta property=\"og:description\" content=\"\u0421\u0442\u0440\u0456\u0447\u043a\u0430 \u0442\u0435\u0444\u043b\u043e\u043d\u043e\u0432\u0430 PTFE ANGST+PFISTER Tetratape (1\/2\u2033) 12 \u043c\u043c \u0445 12 \u043c \u0445 0,076 \u043c\u043c\" \/>\n<meta property=\"og:url\" content=\"https:\/\/glasir.com.ua\/de\/product\/\u0441\u0442\u0440\u0456\u0447\u043a\u0430-\u0442\u0435\u0444\u043b\u043e\u043d\u043e\u0432\u0430-ptfe-angstpfister-tetratape-1-2\u2033-12-\u043c\u043c-\u0445-12-\u043c-\u0445-0076-\u043c\u043c\/\" \/>\n<meta property=\"og:site_name\" content=\"Glasir\" \/>\n<meta property=\"article:modified_time\" content=\"2025-11-26T13:13:03+00:00\" \/>\n<meta property=\"og:image\" content=\"http:\/\/glasir.com.ua\/wp-content\/uploads\/2025\/01\/ANGST-PFISTER-tetratape.png\" \/>\n\t<meta property=\"og:image:width\" content=\"594\" \/>\n\t<meta property=\"og:image:height\" content=\"647\" \/>\n\t<meta property=\"og:image:type\" content=\"image\/png\" \/>\n<meta name=\"twitter:card\" content=\"summary_large_image\" \/>\n<meta name=\"twitter:label1\" content=\"Gesch\u00e4tzte Lesezeit\" \/>\n\t<meta name=\"twitter:data1\" content=\"1\u00a0Minute\" \/>\n<script type=\"application\/ld+json\" class=\"yoast-schema-graph\">{\"@context\":\"https:\/\/schema.org\",\"@graph\":[{\"@type\":[\"WebPage\",\"ItemPage\"],\"@id\":\"https:\/\/glasir.com.ua\/product\/%d1%81%d1%82%d1%80%d1%96%d1%87%d0%ba%d0%b0-%d1%82%d0%b5%d1%84%d0%bb%d0%be%d0%bd%d0%be%d0%b2%d0%b0-ptfe-angstpfister-tetratape-1-2%e2%80%b3-12-%d0%bc%d0%bc-%d1%85-12-%d0%bc-%d1%85-0076-%d0%bc%d0%bc\/\",\"url\":\"https:\/\/glasir.com.ua\/product\/%d1%81%d1%82%d1%80%d1%96%d1%87%d0%ba%d0%b0-%d1%82%d0%b5%d1%84%d0%bb%d0%be%d0%bd%d0%be%d0%b2%d0%b0-ptfe-angstpfister-tetratape-1-2%e2%80%b3-12-%d0%bc%d0%bc-%d1%85-12-%d0%bc-%d1%85-0076-%d0%bc%d0%bc\/\",\"name\":\"\u0421\u0442\u0440\u0456\u0447\u043a\u0430 \u0442\u0435\u0444\u043b\u043e\u043d\u043e\u0432\u0430 PTFE ANGST+PFISTER Tetratape (1\/2\u2033) 12 \u043c\u043c \u0445 12 \u043c \u0445 0,076 \u043c\u043c - Glasir\",\"isPartOf\":{\"@id\":\"https:\/\/glasir.com.ua\/#website\"},\"primaryImageOfPage\":{\"@id\":\"https:\/\/glasir.com.ua\/product\/%d1%81%d1%82%d1%80%d1%96%d1%87%d0%ba%d0%b0-%d1%82%d0%b5%d1%84%d0%bb%d0%be%d0%bd%d0%be%d0%b2%d0%b0-ptfe-angstpfister-tetratape-1-2%e2%80%b3-12-%d0%bc%d0%bc-%d1%85-12-%d0%bc-%d1%85-0076-%d0%bc%d0%bc\/#primaryimage\"},\"image\":{\"@id\":\"https:\/\/glasir.com.ua\/product\/%d1%81%d1%82%d1%80%d1%96%d1%87%d0%ba%d0%b0-%d1%82%d0%b5%d1%84%d0%bb%d0%be%d0%bd%d0%be%d0%b2%d0%b0-ptfe-angstpfister-tetratape-1-2%e2%80%b3-12-%d0%bc%d0%bc-%d1%85-12-%d0%bc-%d1%85-0076-%d0%bc%d0%bc\/#primaryimage\"},\"thumbnailUrl\":\"https:\/\/glasir.com.ua\/wp-content\/uploads\/2025\/01\/ANGST-PFISTER-tetratape.png\",\"datePublished\":\"2025-01-15T16:24:18+00:00\",\"dateModified\":\"2025-11-26T13:13:03+00:00\",\"breadcrumb\":{\"@id\":\"https:\/\/glasir.com.ua\/product\/%d1%81%d1%82%d1%80%d1%96%d1%87%d0%ba%d0%b0-%d1%82%d0%b5%d1%84%d0%bb%d0%be%d0%bd%d0%be%d0%b2%d0%b0-ptfe-angstpfister-tetratape-1-2%e2%80%b3-12-%d0%bc%d0%bc-%d1%85-12-%d0%bc-%d1%85-0076-%d0%bc%d0%bc\/#breadcrumb\"},\"inLanguage\":\"de\",\"potentialAction\":[{\"@type\":\"ReadAction\",\"target\":[\"https:\/\/glasir.com.ua\/product\/%d1%81%d1%82%d1%80%d1%96%d1%87%d0%ba%d0%b0-%d1%82%d0%b5%d1%84%d0%bb%d0%be%d0%bd%d0%be%d0%b2%d0%b0-ptfe-angstpfister-tetratape-1-2%e2%80%b3-12-%d0%bc%d0%bc-%d1%85-12-%d0%bc-%d1%85-0076-%d0%bc%d0%bc\/\"]}]},{\"@type\":\"ImageObject\",\"inLanguage\":\"de\",\"@id\":\"https:\/\/glasir.com.ua\/product\/%d1%81%d1%82%d1%80%d1%96%d1%87%d0%ba%d0%b0-%d1%82%d0%b5%d1%84%d0%bb%d0%be%d0%bd%d0%be%d0%b2%d0%b0-ptfe-angstpfister-tetratape-1-2%e2%80%b3-12-%d0%bc%d0%bc-%d1%85-12-%d0%bc-%d1%85-0076-%d0%bc%d0%bc\/#primaryimage\",\"url\":\"https:\/\/glasir.com.ua\/wp-content\/uploads\/2025\/01\/ANGST-PFISTER-tetratape.png\",\"contentUrl\":\"https:\/\/glasir.com.ua\/wp-content\/uploads\/2025\/01\/ANGST-PFISTER-tetratape.png\",\"width\":594,\"height\":647,\"caption\":\"\u0421\u0442\u0440\u0456\u0447\u043a\u0430 \u0442\u0435\u0444\u043b\u043e\u043d\u043e\u0432\u0430 PTFE ANGST+PFISTER Tetratape\"},{\"@type\":\"BreadcrumbList\",\"@id\":\"https:\/\/glasir.com.ua\/product\/%d1%81%d1%82%d1%80%d1%96%d1%87%d0%ba%d0%b0-%d1%82%d0%b5%d1%84%d0%bb%d0%be%d0%bd%d0%be%d0%b2%d0%b0-ptfe-angstpfister-tetratape-1-2%e2%80%b3-12-%d0%bc%d0%bc-%d1%85-12-%d0%bc-%d1%85-0076-%d0%bc%d0%bc\/#breadcrumb\",\"itemListElement\":[{\"@type\":\"ListItem\",\"position\":1,\"name\":\"Home\",\"item\":\"https:\/\/glasir.com.ua\/\"},{\"@type\":\"ListItem\",\"position\":2,\"name\":\"\u0406\u043d\u0442\u0435\u0440\u043d\u0435\u0442-\u043c\u0430\u0433\u0430\u0437\u0438\u043d\",\"item\":\"https:\/\/glasir.com.ua\/shop\/\"},{\"@type\":\"ListItem\",\"position\":3,\"name\":\"\u0421\u0442\u0440\u0456\u0447\u043a\u0430 \u0442\u0435\u0444\u043b\u043e\u043d\u043e\u0432\u0430 PTFE ANGST+PFISTER Tetratape (1\/2\u2033) 12 \u043c\u043c \u0445 12 \u043c \u0445 0,076 \u043c\u043c\"}]},{\"@type\":\"WebSite\",\"@id\":\"https:\/\/glasir.com.ua\/#website\",\"url\":\"https:\/\/glasir.com.ua\/\",\"name\":\"Glasir\",\"description\":\"\u041d\u0435\u043c\u0430\u0454 \u043f\u043e\u0440\u0456\u0432\u043d\u044f\u043d\u043d\u044f.\",\"publisher\":{\"@id\":\"https:\/\/glasir.com.ua\/#organization\"},\"potentialAction\":[{\"@type\":\"SearchAction\",\"target\":{\"@type\":\"EntryPoint\",\"urlTemplate\":\"https:\/\/glasir.com.ua\/?s={search_term_string}\"},\"query-input\":{\"@type\":\"PropertyValueSpecification\",\"valueRequired\":true,\"valueName\":\"search_term_string\"}}],\"inLanguage\":\"de\"},{\"@type\":\"Organization\",\"@id\":\"https:\/\/glasir.com.ua\/#organization\",\"name\":\"Glasir\",\"url\":\"https:\/\/glasir.com.ua\/\",\"logo\":{\"@type\":\"ImageObject\",\"inLanguage\":\"de\",\"@id\":\"https:\/\/glasir.com.ua\/#\/schema\/logo\/image\/\",\"url\":\"https:\/\/glasir.com.ua\/wp-content\/uploads\/2023\/06\/cropped-llc-glasir.png\",\"contentUrl\":\"https:\/\/glasir.com.ua\/wp-content\/uploads\/2023\/06\/cropped-llc-glasir.png\",\"width\":250,\"height\":250,\"caption\":\"Glasir\"},\"image\":{\"@id\":\"https:\/\/glasir.com.ua\/#\/schema\/logo\/image\/\"},\"sameAs\":[\"https:\/\/www.pinterest.com\/llc_glasir\",\"https:\/\/g.co\/kgs\/7CK1iZr\"]}]}<\/script>\n<!-- \/ Yoast SEO plugin. -->","yoast_head_json":{"title":"Teflon-PTFE-Band ANGST+PFISTER Tetratape (1\/2\u2033) 12 mm x 12 m x 0,076 mm - Glasir","robots":{"index":"index","follow":"follow","max-snippet":"max-snippet:-1","max-image-preview":"max-image-preview:large","max-video-preview":"max-video-preview:-1"},"canonical":"https:\/\/glasir.com.ua\/de\/product\/\u0441\u0442\u0440\u0456\u0447\u043a\u0430-\u0442\u0435\u0444\u043b\u043e\u043d\u043e\u0432\u0430-ptfe-angstpfister-tetratape-1-2\u2033-12-\u043c\u043c-\u0445-12-\u043c-\u0445-0076-\u043c\u043c\/","og_locale":"de_DE","og_type":"article","og_title":"\u0421\u0442\u0440\u0456\u0447\u043a\u0430 \u0442\u0435\u0444\u043b\u043e\u043d\u043e\u0432\u0430 PTFE ANGST+PFISTER Tetratape (1\/2\u2033) 12 \u043c\u043c \u0445 12 \u043c \u0445 0,076 \u043c\u043c - Glasir","og_description":"\u0421\u0442\u0440\u0456\u0447\u043a\u0430 \u0442\u0435\u0444\u043b\u043e\u043d\u043e\u0432\u0430 PTFE ANGST+PFISTER Tetratape (1\/2\u2033) 12 \u043c\u043c \u0445 12 \u043c \u0445 0,076 \u043c\u043c","og_url":"https:\/\/glasir.com.ua\/de\/product\/\u0441\u0442\u0440\u0456\u0447\u043a\u0430-\u0442\u0435\u0444\u043b\u043e\u043d\u043e\u0432\u0430-ptfe-angstpfister-tetratape-1-2\u2033-12-\u043c\u043c-\u0445-12-\u043c-\u0445-0076-\u043c\u043c\/","og_site_name":"Glasir","article_modified_time":"2025-11-26T13:13:03+00:00","og_image":[{"width":594,"height":647,"url":"http:\/\/glasir.com.ua\/wp-content\/uploads\/2025\/01\/ANGST-PFISTER-tetratape.png","type":"image\/png"}],"twitter_card":"summary_large_image","twitter_misc":{"Gesch\u00e4tzte Lesezeit":"1\u00a0Minute"},"schema":{"@context":"https:\/\/schema.org","@graph":[{"@type":["WebPage","ItemPage"],"@id":"https:\/\/glasir.com.ua\/product\/%d1%81%d1%82%d1%80%d1%96%d1%87%d0%ba%d0%b0-%d1%82%d0%b5%d1%84%d0%bb%d0%be%d0%bd%d0%be%d0%b2%d0%b0-ptfe-angstpfister-tetratape-1-2%e2%80%b3-12-%d0%bc%d0%bc-%d1%85-12-%d0%bc-%d1%85-0076-%d0%bc%d0%bc\/","url":"https:\/\/glasir.com.ua\/product\/%d1%81%d1%82%d1%80%d1%96%d1%87%d0%ba%d0%b0-%d1%82%d0%b5%d1%84%d0%bb%d0%be%d0%bd%d0%be%d0%b2%d0%b0-ptfe-angstpfister-tetratape-1-2%e2%80%b3-12-%d0%bc%d0%bc-%d1%85-12-%d0%bc-%d1%85-0076-%d0%bc%d0%bc\/","name":"Teflon-PTFE-Band ANGST+PFISTER Tetratape (1\/2\u2033) 12 mm x 12 m x 0,076 mm - Glasir","isPartOf":{"@id":"https:\/\/glasir.com.ua\/#website"},"primaryImageOfPage":{"@id":"https:\/\/glasir.com.ua\/product\/%d1%81%d1%82%d1%80%d1%96%d1%87%d0%ba%d0%b0-%d1%82%d0%b5%d1%84%d0%bb%d0%be%d0%bd%d0%be%d0%b2%d0%b0-ptfe-angstpfister-tetratape-1-2%e2%80%b3-12-%d0%bc%d0%bc-%d1%85-12-%d0%bc-%d1%85-0076-%d0%bc%d0%bc\/#primaryimage"},"image":{"@id":"https:\/\/glasir.com.ua\/product\/%d1%81%d1%82%d1%80%d1%96%d1%87%d0%ba%d0%b0-%d1%82%d0%b5%d1%84%d0%bb%d0%be%d0%bd%d0%be%d0%b2%d0%b0-ptfe-angstpfister-tetratape-1-2%e2%80%b3-12-%d0%bc%d0%bc-%d1%85-12-%d0%bc-%d1%85-0076-%d0%bc%d0%bc\/#primaryimage"},"thumbnailUrl":"https:\/\/glasir.com.ua\/wp-content\/uploads\/2025\/01\/ANGST-PFISTER-tetratape.png","datePublished":"2025-01-15T16:24:18+00:00","dateModified":"2025-11-26T13:13:03+00:00","breadcrumb":{"@id":"https:\/\/glasir.com.ua\/product\/%d1%81%d1%82%d1%80%d1%96%d1%87%d0%ba%d0%b0-%d1%82%d0%b5%d1%84%d0%bb%d0%be%d0%bd%d0%be%d0%b2%d0%b0-ptfe-angstpfister-tetratape-1-2%e2%80%b3-12-%d0%bc%d0%bc-%d1%85-12-%d0%bc-%d1%85-0076-%d0%bc%d0%bc\/#breadcrumb"},"inLanguage":"de","potentialAction":[{"@type":"ReadAction","target":["https:\/\/glasir.com.ua\/product\/%d1%81%d1%82%d1%80%d1%96%d1%87%d0%ba%d0%b0-%d1%82%d0%b5%d1%84%d0%bb%d0%be%d0%bd%d0%be%d0%b2%d0%b0-ptfe-angstpfister-tetratape-1-2%e2%80%b3-12-%d0%bc%d0%bc-%d1%85-12-%d0%bc-%d1%85-0076-%d0%bc%d0%bc\/"]}]},{"@type":"ImageObject","inLanguage":"de","@id":"https:\/\/glasir.com.ua\/product\/%d1%81%d1%82%d1%80%d1%96%d1%87%d0%ba%d0%b0-%d1%82%d0%b5%d1%84%d0%bb%d0%be%d0%bd%d0%be%d0%b2%d0%b0-ptfe-angstpfister-tetratape-1-2%e2%80%b3-12-%d0%bc%d0%bc-%d1%85-12-%d0%bc-%d1%85-0076-%d0%bc%d0%bc\/#primaryimage","url":"https:\/\/glasir.com.ua\/wp-content\/uploads\/2025\/01\/ANGST-PFISTER-tetratape.png","contentUrl":"https:\/\/glasir.com.ua\/wp-content\/uploads\/2025\/01\/ANGST-PFISTER-tetratape.png","width":594,"height":647,"caption":"\u0421\u0442\u0440\u0456\u0447\u043a\u0430 \u0442\u0435\u0444\u043b\u043e\u043d\u043e\u0432\u0430 PTFE ANGST+PFISTER Tetratape"},{"@type":"BreadcrumbList","@id":"https:\/\/glasir.com.ua\/product\/%d1%81%d1%82%d1%80%d1%96%d1%87%d0%ba%d0%b0-%d1%82%d0%b5%d1%84%d0%bb%d0%be%d0%bd%d0%be%d0%b2%d0%b0-ptfe-angstpfister-tetratape-1-2%e2%80%b3-12-%d0%bc%d0%bc-%d1%85-12-%d0%bc-%d1%85-0076-%d0%bc%d0%bc\/#breadcrumb","itemListElement":[{"@type":"ListItem","position":1,"name":"Home","item":"https:\/\/glasir.com.ua\/"},{"@type":"ListItem","position":2,"name":"\u0406\u043d\u0442\u0435\u0440\u043d\u0435\u0442-\u043c\u0430\u0433\u0430\u0437\u0438\u043d","item":"https:\/\/glasir.com.ua\/shop\/"},{"@type":"ListItem","position":3,"name":"\u0421\u0442\u0440\u0456\u0447\u043a\u0430 \u0442\u0435\u0444\u043b\u043e\u043d\u043e\u0432\u0430 PTFE ANGST+PFISTER Tetratape (1\/2\u2033) 12 \u043c\u043c \u0445 12 \u043c \u0445 0,076 \u043c\u043c"}]},{"@type":"WebSite","@id":"https:\/\/glasir.com.ua\/#website","url":"https:\/\/glasir.com.ua\/","name":"Glasir","description":"Es gibt keinen Vergleich.","publisher":{"@id":"https:\/\/glasir.com.ua\/#organization"},"potentialAction":[{"@type":"SearchAction","target":{"@type":"EntryPoint","urlTemplate":"https:\/\/glasir.com.ua\/?s={search_term_string}"},"query-input":{"@type":"PropertyValueSpecification","valueRequired":true,"valueName":"search_term_string"}}],"inLanguage":"de"},{"@type":"Organization","@id":"https:\/\/glasir.com.ua\/#organization","name":"Glasir","url":"https:\/\/glasir.com.ua\/","logo":{"@type":"ImageObject","inLanguage":"de","@id":"https:\/\/glasir.com.ua\/#\/schema\/logo\/image\/","url":"https:\/\/glasir.com.ua\/wp-content\/uploads\/2023\/06\/cropped-llc-glasir.png","contentUrl":"https:\/\/glasir.com.ua\/wp-content\/uploads\/2023\/06\/cropped-llc-glasir.png","width":250,"height":250,"caption":"Glasir"},"image":{"@id":"https:\/\/glasir.com.ua\/#\/schema\/logo\/image\/"},"sameAs":["https:\/\/www.pinterest.com\/llc_glasir","https:\/\/g.co\/kgs\/7CK1iZr"]}]}},"_links":{"self":[{"href":"https:\/\/glasir.com.ua\/de\/wp-json\/wp\/v2\/product\/1281","targetHints":{"allow":["GET"]}}],"collection":[{"href":"https:\/\/glasir.com.ua\/de\/wp-json\/wp\/v2\/product"}],"about":[{"href":"https:\/\/glasir.com.ua\/de\/wp-json\/wp\/v2\/types\/product"}],"replies":[{"embeddable":true,"href":"https:\/\/glasir.com.ua\/de\/wp-json\/wp\/v2\/comments?post=1281"}],"wp:featuredmedia":[{"embeddable":true,"href":"https:\/\/glasir.com.ua\/de\/wp-json\/wp\/v2\/media\/1280"}],"wp:attachment":[{"href":"https:\/\/glasir.com.ua\/de\/wp-json\/wp\/v2\/media?parent=1281"}],"wp:term":[{"taxonomy":"product_brand","embeddable":true,"href":"https:\/\/glasir.com.ua\/de\/wp-json\/wp\/v2\/product_brand?post=1281"},{"taxonomy":"product_cat","embeddable":true,"href":"https:\/\/glasir.com.ua\/de\/wp-json\/wp\/v2\/product_cat?post=1281"},{"taxonomy":"product_tag","embeddable":true,"href":"https:\/\/glasir.com.ua\/de\/wp-json\/wp\/v2\/product_tag?post=1281"}],"curies":[{"name":"wp","href":"https:\/\/api.w.org\/{rel}","templated":true}]}}