{"id":1268,"date":"2025-01-15T17:41:04","date_gmt":"2025-01-15T15:41:04","guid":{"rendered":"https:\/\/glasir.com.ua\/?post_type=product&#038;p=1268"},"modified":"2025-11-27T09:41:24","modified_gmt":"2025-11-27T07:41:24","slug":"%d0%b3%d0%bb%d1%83%d1%88%d0%bd%d0%b8%d0%ba%d0%b8-emc-%d1%81%d0%b5%d1%80%d1%96%d1%8f-a","status":"publish","type":"product","link":"https:\/\/glasir.com.ua\/de\/product\/%d0%b3%d0%bb%d1%83%d1%88%d0%bd%d0%b8%d0%ba%d0%b8-emc-%d1%81%d0%b5%d1%80%d1%96%d1%8f-a\/","title":{"rendered":"EMV-Schalld\u00e4mpfer Serie A"},"content":{"rendered":"<p>EMV-Schalld\u00e4mpfer Serie A<\/p>\n<p>Schalld\u00e4mpfer sind notwendige Elemente, um Ger\u00e4usche beim Ablassen von Druckluft zu eliminieren oder zu reduzieren. Sie sollten immer an den Auslassanschl\u00fcssen 3\/2, 5\/2 oder 5\/3 Leitung\/Pos. installiert werden. Distributoren. W\u00e4hrend des Betriebs m\u00fcssen die Schalld\u00e4mpfer regelm\u00e4\u00dfig mit Testbenzin entfettet und mit Druckluft in die entgegengesetzte Richtung durchgeblasen werden. Der Nenndurchfluss wird bei einem Eingangsdruck von 6 bar und einem Ausgang zur Atmosph\u00e4re ermittelt. Zur Ermittlung des Ger\u00e4uschpegels wird ein Test mit einem Schallpegelmesser durchgef\u00fchrt. Positionieren Sie das Schallpegelmessger\u00e4t in einem Abstand von 1 Meter zum Objekt und auf gleicher H\u00f6he. Messzeitraum \u2013 10 s. Dieser Test ergibt einen Durchschnittswert des erzeugten L\u00e4rms.<\/p>\n<p>Wenn Sie nach einem bestimmten EMC-Produktcode suchen, ihn aber nicht in unserem Angebot finden k\u00f6nnen, wenden Sie sich bitte an <a href=\"https:\/\/glasir.com.ua\/de\/kontakte\/\">Senden Sie uns eine Anfrage<\/a>.<br \/>\nDas Glasir-Team ber\u00e4t Sie gerne und erstellt Ihnen ein kommerzielles Angebot.<br \/>\nWir stehen Ihnen jederzeit mit den notwendigen Informationen zur Verf\u00fcgung und finden die optimale L\u00f6sung f\u00fcr Ihr Unternehmen.<br \/>\nSenden Sie uns Ihre Anfragen und wir helfen Ihnen gerne weiter!<\/p>","protected":false},"excerpt":{"rendered":"<p>EMV-Schalld\u00e4mpfer Serie A<\/p>","protected":false},"featured_media":1271,"comment_status":"open","ping_status":"closed","template":"","meta":[],"product_brand":[],"product_cat":[171],"product_tag":[175],"class_list":{"0":"post-1268","1":"product","2":"type-product","3":"status-publish","4":"has-post-thumbnail","6":"product_cat-171","7":"product_tag-emc","9":"first","10":"onbackorder","11":"taxable","12":"shipping-taxable","13":"purchasable","14":"product-type-variable"},"yoast_head":"<!-- This site is optimized with the Yoast SEO plugin v27.2 - https:\/\/yoast.com\/product\/yoast-seo-wordpress\/ -->\n<title>\u0413\u043b\u0443\u0448\u043d\u0438\u043a\u0438 EMC \u0421\u0435\u0440\u0456\u044f A - Glasir<\/title>\n<meta name=\"robots\" content=\"index, follow, max-snippet:-1, max-image-preview:large, max-video-preview:-1\" \/>\n<link rel=\"canonical\" href=\"https:\/\/glasir.com.ua\/de\/product\/\u0433\u043b\u0443\u0448\u043d\u0438\u043a\u0438-emc-\u0441\u0435\u0440\u0456\u044f-a\/\" \/>\n<meta property=\"og:locale\" content=\"de_DE\" \/>\n<meta property=\"og:type\" content=\"article\" \/>\n<meta property=\"og:title\" content=\"\u0413\u043b\u0443\u0448\u043d\u0438\u043a\u0438 EMC \u0421\u0435\u0440\u0456\u044f A - Glasir\" \/>\n<meta property=\"og:description\" content=\"\u0413\u043b\u0443\u0448\u043d\u0438\u043a\u0438 EMC \u0421\u0435\u0440\u0456\u044f A\" \/>\n<meta property=\"og:url\" content=\"https:\/\/glasir.com.ua\/de\/product\/\u0433\u043b\u0443\u0448\u043d\u0438\u043a\u0438-emc-\u0441\u0435\u0440\u0456\u044f-a\/\" \/>\n<meta property=\"og:site_name\" content=\"Glasir\" \/>\n<meta property=\"article:modified_time\" content=\"2025-11-27T07:41:24+00:00\" \/>\n<meta property=\"og:image\" content=\"http:\/\/glasir.com.ua\/wp-content\/uploads\/2025\/01\/8116516_115.png\" \/>\n\t<meta property=\"og:image:width\" content=\"225\" \/>\n\t<meta property=\"og:image:height\" content=\"189\" \/>\n\t<meta property=\"og:image:type\" content=\"image\/png\" \/>\n<meta name=\"twitter:card\" content=\"summary_large_image\" \/>\n<meta name=\"twitter:label1\" content=\"Gesch\u00e4tzte Lesezeit\" \/>\n\t<meta name=\"twitter:data1\" content=\"2\u00a0Minuten\" \/>\n<script type=\"application\/ld+json\" class=\"yoast-schema-graph\">{\"@context\":\"https:\/\/schema.org\",\"@graph\":[{\"@type\":[\"WebPage\",\"ItemPage\"],\"@id\":\"https:\/\/glasir.com.ua\/product\/%d0%b3%d0%bb%d1%83%d1%88%d0%bd%d0%b8%d0%ba%d0%b8-emc-%d1%81%d0%b5%d1%80%d1%96%d1%8f-a\/\",\"url\":\"https:\/\/glasir.com.ua\/product\/%d0%b3%d0%bb%d1%83%d1%88%d0%bd%d0%b8%d0%ba%d0%b8-emc-%d1%81%d0%b5%d1%80%d1%96%d1%8f-a\/\",\"name\":\"\u0413\u043b\u0443\u0448\u043d\u0438\u043a\u0438 EMC \u0421\u0435\u0440\u0456\u044f A - Glasir\",\"isPartOf\":{\"@id\":\"https:\/\/glasir.com.ua\/#website\"},\"primaryImageOfPage\":{\"@id\":\"https:\/\/glasir.com.ua\/product\/%d0%b3%d0%bb%d1%83%d1%88%d0%bd%d0%b8%d0%ba%d0%b8-emc-%d1%81%d0%b5%d1%80%d1%96%d1%8f-a\/#primaryimage\"},\"image\":{\"@id\":\"https:\/\/glasir.com.ua\/product\/%d0%b3%d0%bb%d1%83%d1%88%d0%bd%d0%b8%d0%ba%d0%b8-emc-%d1%81%d0%b5%d1%80%d1%96%d1%8f-a\/#primaryimage\"},\"thumbnailUrl\":\"https:\/\/glasir.com.ua\/wp-content\/uploads\/2025\/01\/8116516_115.png\",\"datePublished\":\"2025-01-15T15:41:04+00:00\",\"dateModified\":\"2025-11-27T07:41:24+00:00\",\"breadcrumb\":{\"@id\":\"https:\/\/glasir.com.ua\/product\/%d0%b3%d0%bb%d1%83%d1%88%d0%bd%d0%b8%d0%ba%d0%b8-emc-%d1%81%d0%b5%d1%80%d1%96%d1%8f-a\/#breadcrumb\"},\"inLanguage\":\"de\",\"potentialAction\":[{\"@type\":\"ReadAction\",\"target\":[\"https:\/\/glasir.com.ua\/product\/%d0%b3%d0%bb%d1%83%d1%88%d0%bd%d0%b8%d0%ba%d0%b8-emc-%d1%81%d0%b5%d1%80%d1%96%d1%8f-a\/\"]}]},{\"@type\":\"ImageObject\",\"inLanguage\":\"de\",\"@id\":\"https:\/\/glasir.com.ua\/product\/%d0%b3%d0%bb%d1%83%d1%88%d0%bd%d0%b8%d0%ba%d0%b8-emc-%d1%81%d0%b5%d1%80%d1%96%d1%8f-a\/#primaryimage\",\"url\":\"https:\/\/glasir.com.ua\/wp-content\/uploads\/2025\/01\/8116516_115.png\",\"contentUrl\":\"https:\/\/glasir.com.ua\/wp-content\/uploads\/2025\/01\/8116516_115.png\",\"width\":225,\"height\":189,\"caption\":\"Camozzi 2931\"},{\"@type\":\"BreadcrumbList\",\"@id\":\"https:\/\/glasir.com.ua\/product\/%d0%b3%d0%bb%d1%83%d1%88%d0%bd%d0%b8%d0%ba%d0%b8-emc-%d1%81%d0%b5%d1%80%d1%96%d1%8f-a\/#breadcrumb\",\"itemListElement\":[{\"@type\":\"ListItem\",\"position\":1,\"name\":\"Home\",\"item\":\"https:\/\/glasir.com.ua\/\"},{\"@type\":\"ListItem\",\"position\":2,\"name\":\"\u0406\u043d\u0442\u0435\u0440\u043d\u0435\u0442-\u043c\u0430\u0433\u0430\u0437\u0438\u043d\",\"item\":\"https:\/\/glasir.com.ua\/shop\/\"},{\"@type\":\"ListItem\",\"position\":3,\"name\":\"\u0413\u043b\u0443\u0448\u043d\u0438\u043a\u0438 EMC \u0421\u0435\u0440\u0456\u044f A\"}]},{\"@type\":\"WebSite\",\"@id\":\"https:\/\/glasir.com.ua\/#website\",\"url\":\"https:\/\/glasir.com.ua\/\",\"name\":\"Glasir\",\"description\":\"\u041d\u0435\u043c\u0430\u0454 \u043f\u043e\u0440\u0456\u0432\u043d\u044f\u043d\u043d\u044f.\",\"publisher\":{\"@id\":\"https:\/\/glasir.com.ua\/#organization\"},\"potentialAction\":[{\"@type\":\"SearchAction\",\"target\":{\"@type\":\"EntryPoint\",\"urlTemplate\":\"https:\/\/glasir.com.ua\/?s={search_term_string}\"},\"query-input\":{\"@type\":\"PropertyValueSpecification\",\"valueRequired\":true,\"valueName\":\"search_term_string\"}}],\"inLanguage\":\"de\"},{\"@type\":\"Organization\",\"@id\":\"https:\/\/glasir.com.ua\/#organization\",\"name\":\"Glasir\",\"url\":\"https:\/\/glasir.com.ua\/\",\"logo\":{\"@type\":\"ImageObject\",\"inLanguage\":\"de\",\"@id\":\"https:\/\/glasir.com.ua\/#\/schema\/logo\/image\/\",\"url\":\"https:\/\/glasir.com.ua\/wp-content\/uploads\/2023\/06\/cropped-llc-glasir.png\",\"contentUrl\":\"https:\/\/glasir.com.ua\/wp-content\/uploads\/2023\/06\/cropped-llc-glasir.png\",\"width\":250,\"height\":250,\"caption\":\"Glasir\"},\"image\":{\"@id\":\"https:\/\/glasir.com.ua\/#\/schema\/logo\/image\/\"},\"sameAs\":[\"https:\/\/www.pinterest.com\/llc_glasir\",\"https:\/\/g.co\/kgs\/7CK1iZr\"]}]}<\/script>\n<!-- \/ Yoast SEO plugin. -->","yoast_head_json":{"title":"EMV-Schalld\u00e4mpfer Serie A - Glasir","robots":{"index":"index","follow":"follow","max-snippet":"max-snippet:-1","max-image-preview":"max-image-preview:large","max-video-preview":"max-video-preview:-1"},"canonical":"https:\/\/glasir.com.ua\/de\/product\/\u0433\u043b\u0443\u0448\u043d\u0438\u043a\u0438-emc-\u0441\u0435\u0440\u0456\u044f-a\/","og_locale":"de_DE","og_type":"article","og_title":"\u0413\u043b\u0443\u0448\u043d\u0438\u043a\u0438 EMC \u0421\u0435\u0440\u0456\u044f A - Glasir","og_description":"\u0413\u043b\u0443\u0448\u043d\u0438\u043a\u0438 EMC \u0421\u0435\u0440\u0456\u044f A","og_url":"https:\/\/glasir.com.ua\/de\/product\/\u0433\u043b\u0443\u0448\u043d\u0438\u043a\u0438-emc-\u0441\u0435\u0440\u0456\u044f-a\/","og_site_name":"Glasir","article_modified_time":"2025-11-27T07:41:24+00:00","og_image":[{"width":225,"height":189,"url":"http:\/\/glasir.com.ua\/wp-content\/uploads\/2025\/01\/8116516_115.png","type":"image\/png"}],"twitter_card":"summary_large_image","twitter_misc":{"Gesch\u00e4tzte Lesezeit":"2\u00a0Minuten"},"schema":{"@context":"https:\/\/schema.org","@graph":[{"@type":["WebPage","ItemPage"],"@id":"https:\/\/glasir.com.ua\/product\/%d0%b3%d0%bb%d1%83%d1%88%d0%bd%d0%b8%d0%ba%d0%b8-emc-%d1%81%d0%b5%d1%80%d1%96%d1%8f-a\/","url":"https:\/\/glasir.com.ua\/product\/%d0%b3%d0%bb%d1%83%d1%88%d0%bd%d0%b8%d0%ba%d0%b8-emc-%d1%81%d0%b5%d1%80%d1%96%d1%8f-a\/","name":"EMV-Schalld\u00e4mpfer Serie A - Glasir","isPartOf":{"@id":"https:\/\/glasir.com.ua\/#website"},"primaryImageOfPage":{"@id":"https:\/\/glasir.com.ua\/product\/%d0%b3%d0%bb%d1%83%d1%88%d0%bd%d0%b8%d0%ba%d0%b8-emc-%d1%81%d0%b5%d1%80%d1%96%d1%8f-a\/#primaryimage"},"image":{"@id":"https:\/\/glasir.com.ua\/product\/%d0%b3%d0%bb%d1%83%d1%88%d0%bd%d0%b8%d0%ba%d0%b8-emc-%d1%81%d0%b5%d1%80%d1%96%d1%8f-a\/#primaryimage"},"thumbnailUrl":"https:\/\/glasir.com.ua\/wp-content\/uploads\/2025\/01\/8116516_115.png","datePublished":"2025-01-15T15:41:04+00:00","dateModified":"2025-11-27T07:41:24+00:00","breadcrumb":{"@id":"https:\/\/glasir.com.ua\/product\/%d0%b3%d0%bb%d1%83%d1%88%d0%bd%d0%b8%d0%ba%d0%b8-emc-%d1%81%d0%b5%d1%80%d1%96%d1%8f-a\/#breadcrumb"},"inLanguage":"de","potentialAction":[{"@type":"ReadAction","target":["https:\/\/glasir.com.ua\/product\/%d0%b3%d0%bb%d1%83%d1%88%d0%bd%d0%b8%d0%ba%d0%b8-emc-%d1%81%d0%b5%d1%80%d1%96%d1%8f-a\/"]}]},{"@type":"ImageObject","inLanguage":"de","@id":"https:\/\/glasir.com.ua\/product\/%d0%b3%d0%bb%d1%83%d1%88%d0%bd%d0%b8%d0%ba%d0%b8-emc-%d1%81%d0%b5%d1%80%d1%96%d1%8f-a\/#primaryimage","url":"https:\/\/glasir.com.ua\/wp-content\/uploads\/2025\/01\/8116516_115.png","contentUrl":"https:\/\/glasir.com.ua\/wp-content\/uploads\/2025\/01\/8116516_115.png","width":225,"height":189,"caption":"Camozzi 2931"},{"@type":"BreadcrumbList","@id":"https:\/\/glasir.com.ua\/product\/%d0%b3%d0%bb%d1%83%d1%88%d0%bd%d0%b8%d0%ba%d0%b8-emc-%d1%81%d0%b5%d1%80%d1%96%d1%8f-a\/#breadcrumb","itemListElement":[{"@type":"ListItem","position":1,"name":"Home","item":"https:\/\/glasir.com.ua\/"},{"@type":"ListItem","position":2,"name":"\u0406\u043d\u0442\u0435\u0440\u043d\u0435\u0442-\u043c\u0430\u0433\u0430\u0437\u0438\u043d","item":"https:\/\/glasir.com.ua\/shop\/"},{"@type":"ListItem","position":3,"name":"\u0413\u043b\u0443\u0448\u043d\u0438\u043a\u0438 EMC \u0421\u0435\u0440\u0456\u044f A"}]},{"@type":"WebSite","@id":"https:\/\/glasir.com.ua\/#website","url":"https:\/\/glasir.com.ua\/","name":"Glasir","description":"Es gibt keinen Vergleich.","publisher":{"@id":"https:\/\/glasir.com.ua\/#organization"},"potentialAction":[{"@type":"SearchAction","target":{"@type":"EntryPoint","urlTemplate":"https:\/\/glasir.com.ua\/?s={search_term_string}"},"query-input":{"@type":"PropertyValueSpecification","valueRequired":true,"valueName":"search_term_string"}}],"inLanguage":"de"},{"@type":"Organization","@id":"https:\/\/glasir.com.ua\/#organization","name":"Glasir","url":"https:\/\/glasir.com.ua\/","logo":{"@type":"ImageObject","inLanguage":"de","@id":"https:\/\/glasir.com.ua\/#\/schema\/logo\/image\/","url":"https:\/\/glasir.com.ua\/wp-content\/uploads\/2023\/06\/cropped-llc-glasir.png","contentUrl":"https:\/\/glasir.com.ua\/wp-content\/uploads\/2023\/06\/cropped-llc-glasir.png","width":250,"height":250,"caption":"Glasir"},"image":{"@id":"https:\/\/glasir.com.ua\/#\/schema\/logo\/image\/"},"sameAs":["https:\/\/www.pinterest.com\/llc_glasir","https:\/\/g.co\/kgs\/7CK1iZr"]}]}},"_links":{"self":[{"href":"https:\/\/glasir.com.ua\/de\/wp-json\/wp\/v2\/product\/1268","targetHints":{"allow":["GET"]}}],"collection":[{"href":"https:\/\/glasir.com.ua\/de\/wp-json\/wp\/v2\/product"}],"about":[{"href":"https:\/\/glasir.com.ua\/de\/wp-json\/wp\/v2\/types\/product"}],"replies":[{"embeddable":true,"href":"https:\/\/glasir.com.ua\/de\/wp-json\/wp\/v2\/comments?post=1268"}],"wp:featuredmedia":[{"embeddable":true,"href":"https:\/\/glasir.com.ua\/de\/wp-json\/wp\/v2\/media\/1271"}],"wp:attachment":[{"href":"https:\/\/glasir.com.ua\/de\/wp-json\/wp\/v2\/media?parent=1268"}],"wp:term":[{"taxonomy":"product_brand","embeddable":true,"href":"https:\/\/glasir.com.ua\/de\/wp-json\/wp\/v2\/product_brand?post=1268"},{"taxonomy":"product_cat","embeddable":true,"href":"https:\/\/glasir.com.ua\/de\/wp-json\/wp\/v2\/product_cat?post=1268"},{"taxonomy":"product_tag","embeddable":true,"href":"https:\/\/glasir.com.ua\/de\/wp-json\/wp\/v2\/product_tag?post=1268"}],"curies":[{"name":"wp","href":"https:\/\/api.w.org\/{rel}","templated":true}]}}