{"id":1156,"date":"2024-11-08T21:31:11","date_gmt":"2024-11-08T19:31:11","guid":{"rendered":"https:\/\/glasir.com.ua\/?post_type=product&#038;p=1156"},"modified":"2025-11-27T10:29:37","modified_gmt":"2025-11-27T08:29:37","slug":"%d1%82%d1%80%d1%83%d0%b1%d0%ba%d0%b0-%d1%82%d0%b5%d1%84%d0%bb%d0%be%d0%bd%d0%be%d0%b2%d0%b0-mebra-plastik-italia-ptfe-4x6","status":"publish","type":"product","link":"https:\/\/glasir.com.ua\/de\/product\/%d1%82%d1%80%d1%83%d0%b1%d0%ba%d0%b0-%d1%82%d0%b5%d1%84%d0%bb%d0%be%d0%bd%d0%be%d0%b2%d0%b0-mebra-plastik-italia-ptfe-4x6\/","title":{"rendered":"Teflonschlauch Mebra Plastik Italia PTFE 4X6"},"content":{"rendered":"<p>Teflonschlauch Mebra Plastik Italia PTFE 4X6<br \/>\n6 mm \u2013 au\u00dfen, 4 mm \u2013 innen, Wand \u2013 1 mm<\/p>\n<p>PTFE kommt zum Einsatz, wenn hohe Temperaturen mit aggressiven und kritischen Arbeitsumgebungen einhergehen.<br \/>\nFluorpolymer-Werkstoffe sind f\u00fcr ihre hervorragenden Eigenschaften in verschiedenen Anwendungen bekannt:<br \/>\n* bietet eine hervorragende Best\u00e4ndigkeit gegen chemische Produkte<br \/>\n* extrem inert und stabil bis 260\u00b0C (500\u00b0F)<br \/>\n* hat nahezu ideale dielektrische Eigenschaften<br \/>\n* praktisch unempfindlich gegen\u00fcber Sauerstoff, Ozon und UV-Strahlen<br \/>\n* hat den niedrigsten Reibungskoeffizienten aller Polymere<br \/>\n* flammhemmend nach UL94 V0<\/p>\n<p>Arbeitsdruck \u2013 13 bar (bei 23\u00b0C)<\/p>\n<p>Bucht \u2013 50 Meter. Der Preis gilt pro Meter.<\/p>\n<p>Betriebstemperatur: -60 ~ 260 \u00b0C<\/p>\n<p style=\"text-align: center\"><a href=\"http:\/\/glasir.com.ua\/wp-content\/uploads\/2024\/08\/mebra-catalogue.pdf\">Laden Sie den vollst\u00e4ndigen Katalog von Mebra Plastik Italia herunter<\/a><\/p>\n<p><img loading=\"lazy\" decoding=\"async\" class=\"size-medium wp-image-1125 aligncenter\" src=\"http:\/\/glasir.com.ua\/wp-content\/uploads\/2024\/08\/mebra-plastik-italia-371x500.png\" alt=\"Pneumatikschl\u00e4uche Mebra Plastik Italia\" width=\"371\" height=\"500\" srcset=\"https:\/\/glasir.com.ua\/wp-content\/uploads\/2024\/08\/mebra-plastik-italia-371x500.png 371w, https:\/\/glasir.com.ua\/wp-content\/uploads\/2024\/08\/mebra-plastik-italia-350x472.png 350w, https:\/\/glasir.com.ua\/wp-content\/uploads\/2024\/08\/mebra-plastik-italia-64x86.png 64w, https:\/\/glasir.com.ua\/wp-content\/uploads\/2024\/08\/mebra-plastik-italia.png 766w\" sizes=\"auto, (max-width: 371px) 100vw, 371px\" \/><\/p>\n<p>Wenn Sie einen bestimmten Produktcode von Mebra Plastik Italia suchen, ihn aber nicht in unseren Angeboten gefunden haben, wenden Sie sich bitte an <a href=\"https:\/\/glasir.com.ua\/de\/kontakte\/\">Senden Sie uns eine Anfrage<\/a>.<br \/>\nDas Glasir-Team ber\u00e4t Sie gerne und erstellt Ihnen ein kommerzielles Angebot.<br \/>\nWir stehen Ihnen jederzeit mit den notwendigen Informationen zur Verf\u00fcgung und finden die optimale L\u00f6sung f\u00fcr Ihr Unternehmen.<br \/>\nSenden Sie uns Ihre Anfragen und wir helfen Ihnen gerne weiter!<\/p>","protected":false},"excerpt":{"rendered":"<p>Teflonschlauch Mebra Plastik Italia PTFE 4X6<br \/>\n6 mm \u2013 au\u00dfen, 4 mm \u2013 innen, Wand \u2013 1 mm<\/p>","protected":false},"featured_media":1138,"comment_status":"open","ping_status":"closed","template":"","meta":[],"product_brand":[],"product_cat":[179],"product_tag":[182],"class_list":{"0":"post-1156","1":"product","2":"type-product","3":"status-publish","4":"has-post-thumbnail","6":"product_cat---mebra-plastik-italia","7":"product_tag-mebra-plastik-italia","9":"first","10":"instock","11":"taxable","12":"shipping-taxable","13":"purchasable","14":"product-type-simple"},"yoast_head":"<!-- This site is optimized with the Yoast SEO plugin v27.2 - https:\/\/yoast.com\/product\/yoast-seo-wordpress\/ -->\n<title>\u0422\u0440\u0443\u0431\u043a\u0430 \u0442\u0435\u0444\u043b\u043e\u043d\u043e\u0432\u0430 Mebra Plastik Italia PTFE 4X6 - Glasir<\/title>\n<meta name=\"robots\" content=\"index, follow, max-snippet:-1, max-image-preview:large, max-video-preview:-1\" \/>\n<link rel=\"canonical\" href=\"https:\/\/glasir.com.ua\/de\/product\/\u0442\u0440\u0443\u0431\u043a\u0430-\u0442\u0435\u0444\u043b\u043e\u043d\u043e\u0432\u0430-mebra-plastik-italia-ptfe-4x6\/\" \/>\n<meta property=\"og:locale\" content=\"de_DE\" \/>\n<meta property=\"og:type\" content=\"article\" \/>\n<meta property=\"og:title\" content=\"\u0422\u0440\u0443\u0431\u043a\u0430 \u0442\u0435\u0444\u043b\u043e\u043d\u043e\u0432\u0430 Mebra Plastik Italia PTFE 4X6 - Glasir\" \/>\n<meta property=\"og:description\" content=\"\u0422\u0440\u0443\u0431\u043a\u0430 \u0442\u0435\u0444\u043b\u043e\u043d\u043e\u0432\u0430 Mebra Plastik Italia PTFE 4X6 6 \u043c\u043c - \u0437\u043e\u0432\u043d\u0456\u0448\u043d\u0456\u0439, 4 \u043c\u043c - \u0432\u043d\u0443\u0442\u0440\u0456\u0448\u043d\u0456\u0439, \u0441\u0442\u0456\u043d\u043a\u0430 - 1 \u043c\u043c\" \/>\n<meta property=\"og:url\" content=\"https:\/\/glasir.com.ua\/de\/product\/\u0442\u0440\u0443\u0431\u043a\u0430-\u0442\u0435\u0444\u043b\u043e\u043d\u043e\u0432\u0430-mebra-plastik-italia-ptfe-4x6\/\" \/>\n<meta property=\"og:site_name\" content=\"Glasir\" \/>\n<meta property=\"article:modified_time\" content=\"2025-11-27T08:29:37+00:00\" \/>\n<meta property=\"og:image\" content=\"http:\/\/glasir.com.ua\/wp-content\/uploads\/2024\/08\/PTFE6.35X9.52T-mebra.jpg\" \/>\n\t<meta property=\"og:image:width\" content=\"800\" \/>\n\t<meta property=\"og:image:height\" content=\"600\" \/>\n\t<meta property=\"og:image:type\" content=\"image\/jpeg\" \/>\n<meta name=\"twitter:card\" content=\"summary_large_image\" \/>\n<meta name=\"twitter:label1\" content=\"Gesch\u00e4tzte Lesezeit\" \/>\n\t<meta name=\"twitter:data1\" content=\"2\u00a0Minuten\" \/>\n<script type=\"application\/ld+json\" class=\"yoast-schema-graph\">{\"@context\":\"https:\/\/schema.org\",\"@graph\":[{\"@type\":[\"WebPage\",\"ItemPage\"],\"@id\":\"https:\/\/glasir.com.ua\/product\/%d1%82%d1%80%d1%83%d0%b1%d0%ba%d0%b0-%d1%82%d0%b5%d1%84%d0%bb%d0%be%d0%bd%d0%be%d0%b2%d0%b0-mebra-plastik-italia-ptfe-4x6\/\",\"url\":\"https:\/\/glasir.com.ua\/product\/%d1%82%d1%80%d1%83%d0%b1%d0%ba%d0%b0-%d1%82%d0%b5%d1%84%d0%bb%d0%be%d0%bd%d0%be%d0%b2%d0%b0-mebra-plastik-italia-ptfe-4x6\/\",\"name\":\"\u0422\u0440\u0443\u0431\u043a\u0430 \u0442\u0435\u0444\u043b\u043e\u043d\u043e\u0432\u0430 Mebra Plastik Italia PTFE 4X6 - Glasir\",\"isPartOf\":{\"@id\":\"https:\/\/glasir.com.ua\/#website\"},\"primaryImageOfPage\":{\"@id\":\"https:\/\/glasir.com.ua\/product\/%d1%82%d1%80%d1%83%d0%b1%d0%ba%d0%b0-%d1%82%d0%b5%d1%84%d0%bb%d0%be%d0%bd%d0%be%d0%b2%d0%b0-mebra-plastik-italia-ptfe-4x6\/#primaryimage\"},\"image\":{\"@id\":\"https:\/\/glasir.com.ua\/product\/%d1%82%d1%80%d1%83%d0%b1%d0%ba%d0%b0-%d1%82%d0%b5%d1%84%d0%bb%d0%be%d0%bd%d0%be%d0%b2%d0%b0-mebra-plastik-italia-ptfe-4x6\/#primaryimage\"},\"thumbnailUrl\":\"https:\/\/glasir.com.ua\/wp-content\/uploads\/2024\/08\/PTFE6.35X9.52T-mebra.jpg\",\"datePublished\":\"2024-11-08T19:31:11+00:00\",\"dateModified\":\"2025-11-27T08:29:37+00:00\",\"breadcrumb\":{\"@id\":\"https:\/\/glasir.com.ua\/product\/%d1%82%d1%80%d1%83%d0%b1%d0%ba%d0%b0-%d1%82%d0%b5%d1%84%d0%bb%d0%be%d0%bd%d0%be%d0%b2%d0%b0-mebra-plastik-italia-ptfe-4x6\/#breadcrumb\"},\"inLanguage\":\"de\",\"potentialAction\":[{\"@type\":\"ReadAction\",\"target\":[\"https:\/\/glasir.com.ua\/product\/%d1%82%d1%80%d1%83%d0%b1%d0%ba%d0%b0-%d1%82%d0%b5%d1%84%d0%bb%d0%be%d0%bd%d0%be%d0%b2%d0%b0-mebra-plastik-italia-ptfe-4x6\/\"]}]},{\"@type\":\"ImageObject\",\"inLanguage\":\"de\",\"@id\":\"https:\/\/glasir.com.ua\/product\/%d1%82%d1%80%d1%83%d0%b1%d0%ba%d0%b0-%d1%82%d0%b5%d1%84%d0%bb%d0%be%d0%bd%d0%be%d0%b2%d0%b0-mebra-plastik-italia-ptfe-4x6\/#primaryimage\",\"url\":\"https:\/\/glasir.com.ua\/wp-content\/uploads\/2024\/08\/PTFE6.35X9.52T-mebra.jpg\",\"contentUrl\":\"https:\/\/glasir.com.ua\/wp-content\/uploads\/2024\/08\/PTFE6.35X9.52T-mebra.jpg\",\"width\":800,\"height\":600,\"caption\":\"Mebra PTFE6.35X9.52T\"},{\"@type\":\"BreadcrumbList\",\"@id\":\"https:\/\/glasir.com.ua\/product\/%d1%82%d1%80%d1%83%d0%b1%d0%ba%d0%b0-%d1%82%d0%b5%d1%84%d0%bb%d0%be%d0%bd%d0%be%d0%b2%d0%b0-mebra-plastik-italia-ptfe-4x6\/#breadcrumb\",\"itemListElement\":[{\"@type\":\"ListItem\",\"position\":1,\"name\":\"Home\",\"item\":\"https:\/\/glasir.com.ua\/\"},{\"@type\":\"ListItem\",\"position\":2,\"name\":\"\u0406\u043d\u0442\u0435\u0440\u043d\u0435\u0442-\u043c\u0430\u0433\u0430\u0437\u0438\u043d\",\"item\":\"https:\/\/glasir.com.ua\/shop\/\"},{\"@type\":\"ListItem\",\"position\":3,\"name\":\"\u0422\u0440\u0443\u0431\u043a\u0430 \u0442\u0435\u0444\u043b\u043e\u043d\u043e\u0432\u0430 Mebra Plastik Italia PTFE 4X6\"}]},{\"@type\":\"WebSite\",\"@id\":\"https:\/\/glasir.com.ua\/#website\",\"url\":\"https:\/\/glasir.com.ua\/\",\"name\":\"Glasir\",\"description\":\"\u041d\u0435\u043c\u0430\u0454 \u043f\u043e\u0440\u0456\u0432\u043d\u044f\u043d\u043d\u044f.\",\"publisher\":{\"@id\":\"https:\/\/glasir.com.ua\/#organization\"},\"potentialAction\":[{\"@type\":\"SearchAction\",\"target\":{\"@type\":\"EntryPoint\",\"urlTemplate\":\"https:\/\/glasir.com.ua\/?s={search_term_string}\"},\"query-input\":{\"@type\":\"PropertyValueSpecification\",\"valueRequired\":true,\"valueName\":\"search_term_string\"}}],\"inLanguage\":\"de\"},{\"@type\":\"Organization\",\"@id\":\"https:\/\/glasir.com.ua\/#organization\",\"name\":\"Glasir\",\"url\":\"https:\/\/glasir.com.ua\/\",\"logo\":{\"@type\":\"ImageObject\",\"inLanguage\":\"de\",\"@id\":\"https:\/\/glasir.com.ua\/#\/schema\/logo\/image\/\",\"url\":\"https:\/\/glasir.com.ua\/wp-content\/uploads\/2023\/06\/cropped-llc-glasir.png\",\"contentUrl\":\"https:\/\/glasir.com.ua\/wp-content\/uploads\/2023\/06\/cropped-llc-glasir.png\",\"width\":250,\"height\":250,\"caption\":\"Glasir\"},\"image\":{\"@id\":\"https:\/\/glasir.com.ua\/#\/schema\/logo\/image\/\"},\"sameAs\":[\"https:\/\/www.pinterest.com\/llc_glasir\",\"https:\/\/g.co\/kgs\/7CK1iZr\"]}]}<\/script>\n<!-- \/ Yoast SEO plugin. -->","yoast_head_json":{"title":"Teflonschlauch Mebra Plastik Italia PTFE 4X6 - Glasir","robots":{"index":"index","follow":"follow","max-snippet":"max-snippet:-1","max-image-preview":"max-image-preview:large","max-video-preview":"max-video-preview:-1"},"canonical":"https:\/\/glasir.com.ua\/de\/product\/\u0442\u0440\u0443\u0431\u043a\u0430-\u0442\u0435\u0444\u043b\u043e\u043d\u043e\u0432\u0430-mebra-plastik-italia-ptfe-4x6\/","og_locale":"de_DE","og_type":"article","og_title":"\u0422\u0440\u0443\u0431\u043a\u0430 \u0442\u0435\u0444\u043b\u043e\u043d\u043e\u0432\u0430 Mebra Plastik Italia PTFE 4X6 - Glasir","og_description":"\u0422\u0440\u0443\u0431\u043a\u0430 \u0442\u0435\u0444\u043b\u043e\u043d\u043e\u0432\u0430 Mebra Plastik Italia PTFE 4X6 6 \u043c\u043c - \u0437\u043e\u0432\u043d\u0456\u0448\u043d\u0456\u0439, 4 \u043c\u043c - \u0432\u043d\u0443\u0442\u0440\u0456\u0448\u043d\u0456\u0439, \u0441\u0442\u0456\u043d\u043a\u0430 - 1 \u043c\u043c","og_url":"https:\/\/glasir.com.ua\/de\/product\/\u0442\u0440\u0443\u0431\u043a\u0430-\u0442\u0435\u0444\u043b\u043e\u043d\u043e\u0432\u0430-mebra-plastik-italia-ptfe-4x6\/","og_site_name":"Glasir","article_modified_time":"2025-11-27T08:29:37+00:00","og_image":[{"width":800,"height":600,"url":"http:\/\/glasir.com.ua\/wp-content\/uploads\/2024\/08\/PTFE6.35X9.52T-mebra.jpg","type":"image\/jpeg"}],"twitter_card":"summary_large_image","twitter_misc":{"Gesch\u00e4tzte Lesezeit":"2\u00a0Minuten"},"schema":{"@context":"https:\/\/schema.org","@graph":[{"@type":["WebPage","ItemPage"],"@id":"https:\/\/glasir.com.ua\/product\/%d1%82%d1%80%d1%83%d0%b1%d0%ba%d0%b0-%d1%82%d0%b5%d1%84%d0%bb%d0%be%d0%bd%d0%be%d0%b2%d0%b0-mebra-plastik-italia-ptfe-4x6\/","url":"https:\/\/glasir.com.ua\/product\/%d1%82%d1%80%d1%83%d0%b1%d0%ba%d0%b0-%d1%82%d0%b5%d1%84%d0%bb%d0%be%d0%bd%d0%be%d0%b2%d0%b0-mebra-plastik-italia-ptfe-4x6\/","name":"Teflonschlauch Mebra Plastik Italia PTFE 4X6 - Glasir","isPartOf":{"@id":"https:\/\/glasir.com.ua\/#website"},"primaryImageOfPage":{"@id":"https:\/\/glasir.com.ua\/product\/%d1%82%d1%80%d1%83%d0%b1%d0%ba%d0%b0-%d1%82%d0%b5%d1%84%d0%bb%d0%be%d0%bd%d0%be%d0%b2%d0%b0-mebra-plastik-italia-ptfe-4x6\/#primaryimage"},"image":{"@id":"https:\/\/glasir.com.ua\/product\/%d1%82%d1%80%d1%83%d0%b1%d0%ba%d0%b0-%d1%82%d0%b5%d1%84%d0%bb%d0%be%d0%bd%d0%be%d0%b2%d0%b0-mebra-plastik-italia-ptfe-4x6\/#primaryimage"},"thumbnailUrl":"https:\/\/glasir.com.ua\/wp-content\/uploads\/2024\/08\/PTFE6.35X9.52T-mebra.jpg","datePublished":"2024-11-08T19:31:11+00:00","dateModified":"2025-11-27T08:29:37+00:00","breadcrumb":{"@id":"https:\/\/glasir.com.ua\/product\/%d1%82%d1%80%d1%83%d0%b1%d0%ba%d0%b0-%d1%82%d0%b5%d1%84%d0%bb%d0%be%d0%bd%d0%be%d0%b2%d0%b0-mebra-plastik-italia-ptfe-4x6\/#breadcrumb"},"inLanguage":"de","potentialAction":[{"@type":"ReadAction","target":["https:\/\/glasir.com.ua\/product\/%d1%82%d1%80%d1%83%d0%b1%d0%ba%d0%b0-%d1%82%d0%b5%d1%84%d0%bb%d0%be%d0%bd%d0%be%d0%b2%d0%b0-mebra-plastik-italia-ptfe-4x6\/"]}]},{"@type":"ImageObject","inLanguage":"de","@id":"https:\/\/glasir.com.ua\/product\/%d1%82%d1%80%d1%83%d0%b1%d0%ba%d0%b0-%d1%82%d0%b5%d1%84%d0%bb%d0%be%d0%bd%d0%be%d0%b2%d0%b0-mebra-plastik-italia-ptfe-4x6\/#primaryimage","url":"https:\/\/glasir.com.ua\/wp-content\/uploads\/2024\/08\/PTFE6.35X9.52T-mebra.jpg","contentUrl":"https:\/\/glasir.com.ua\/wp-content\/uploads\/2024\/08\/PTFE6.35X9.52T-mebra.jpg","width":800,"height":600,"caption":"Mebra PTFE6.35X9.52T"},{"@type":"BreadcrumbList","@id":"https:\/\/glasir.com.ua\/product\/%d1%82%d1%80%d1%83%d0%b1%d0%ba%d0%b0-%d1%82%d0%b5%d1%84%d0%bb%d0%be%d0%bd%d0%be%d0%b2%d0%b0-mebra-plastik-italia-ptfe-4x6\/#breadcrumb","itemListElement":[{"@type":"ListItem","position":1,"name":"Home","item":"https:\/\/glasir.com.ua\/"},{"@type":"ListItem","position":2,"name":"\u0406\u043d\u0442\u0435\u0440\u043d\u0435\u0442-\u043c\u0430\u0433\u0430\u0437\u0438\u043d","item":"https:\/\/glasir.com.ua\/shop\/"},{"@type":"ListItem","position":3,"name":"\u0422\u0440\u0443\u0431\u043a\u0430 \u0442\u0435\u0444\u043b\u043e\u043d\u043e\u0432\u0430 Mebra Plastik Italia PTFE 4X6"}]},{"@type":"WebSite","@id":"https:\/\/glasir.com.ua\/#website","url":"https:\/\/glasir.com.ua\/","name":"Glasir","description":"Es gibt keinen Vergleich.","publisher":{"@id":"https:\/\/glasir.com.ua\/#organization"},"potentialAction":[{"@type":"SearchAction","target":{"@type":"EntryPoint","urlTemplate":"https:\/\/glasir.com.ua\/?s={search_term_string}"},"query-input":{"@type":"PropertyValueSpecification","valueRequired":true,"valueName":"search_term_string"}}],"inLanguage":"de"},{"@type":"Organization","@id":"https:\/\/glasir.com.ua\/#organization","name":"Glasir","url":"https:\/\/glasir.com.ua\/","logo":{"@type":"ImageObject","inLanguage":"de","@id":"https:\/\/glasir.com.ua\/#\/schema\/logo\/image\/","url":"https:\/\/glasir.com.ua\/wp-content\/uploads\/2023\/06\/cropped-llc-glasir.png","contentUrl":"https:\/\/glasir.com.ua\/wp-content\/uploads\/2023\/06\/cropped-llc-glasir.png","width":250,"height":250,"caption":"Glasir"},"image":{"@id":"https:\/\/glasir.com.ua\/#\/schema\/logo\/image\/"},"sameAs":["https:\/\/www.pinterest.com\/llc_glasir","https:\/\/g.co\/kgs\/7CK1iZr"]}]}},"_links":{"self":[{"href":"https:\/\/glasir.com.ua\/de\/wp-json\/wp\/v2\/product\/1156","targetHints":{"allow":["GET"]}}],"collection":[{"href":"https:\/\/glasir.com.ua\/de\/wp-json\/wp\/v2\/product"}],"about":[{"href":"https:\/\/glasir.com.ua\/de\/wp-json\/wp\/v2\/types\/product"}],"replies":[{"embeddable":true,"href":"https:\/\/glasir.com.ua\/de\/wp-json\/wp\/v2\/comments?post=1156"}],"wp:featuredmedia":[{"embeddable":true,"href":"https:\/\/glasir.com.ua\/de\/wp-json\/wp\/v2\/media\/1138"}],"wp:attachment":[{"href":"https:\/\/glasir.com.ua\/de\/wp-json\/wp\/v2\/media?parent=1156"}],"wp:term":[{"taxonomy":"product_brand","embeddable":true,"href":"https:\/\/glasir.com.ua\/de\/wp-json\/wp\/v2\/product_brand?post=1156"},{"taxonomy":"product_cat","embeddable":true,"href":"https:\/\/glasir.com.ua\/de\/wp-json\/wp\/v2\/product_cat?post=1156"},{"taxonomy":"product_tag","embeddable":true,"href":"https:\/\/glasir.com.ua\/de\/wp-json\/wp\/v2\/product_tag?post=1156"}],"curies":[{"name":"wp","href":"https:\/\/api.w.org\/{rel}","templated":true}]}}