{"id":1104,"date":"2024-08-06T10:51:30","date_gmt":"2024-08-06T07:51:30","guid":{"rendered":"https:\/\/glasir.com.ua\/?post_type=product&#038;p=1104"},"modified":"2025-11-26T15:37:21","modified_gmt":"2025-11-26T13:37:21","slug":"%d0%b5%d0%bb%d0%b5%d0%ba%d1%82%d1%80%d0%be%d0%ba%d0%bb%d0%b0%d0%bf%d0%b0%d0%bd-camozzi-354-011-02-5-2-g1-4","status":"publish","type":"product","link":"https:\/\/glasir.com.ua\/de\/product\/%d0%b5%d0%bb%d0%b5%d0%ba%d1%82%d1%80%d0%be%d0%ba%d0%bb%d0%b0%d0%bf%d0%b0%d0%bd-camozzi-354-011-02-5-2-g1-4\/","title":{"rendered":"Camozzi Magnetventil 354-011-02 5\/2 G1\/4"},"content":{"rendered":"<p>Camozzi Magnetventil 354-011-02 5\/2 G1\/4<\/p>\n<p>Dieses Verteilermodell ist geeignet f\u00fcr:<br \/>\nMagnetspulen: mod. A7*\/U7*\/G7*\/A8*\/H8*\/G9*<br \/>\nAnschl\u00fcsse: 122-800, 124-800<br \/>\nDient zur Steuerung doppeltwirkender Pneumatikzylinder.<\/p>\n<p>Wenn Sie einen bestimmten Produktcode von Camozzi suchen, ihn aber nicht in unseren Angeboten gefunden haben, wenden Sie sich bitte an <a href=\"https:\/\/glasir.com.ua\/de\/kontakte\/\">Senden Sie uns eine Anfrage<\/a>.<br \/>\nDas Glasir-Team ber\u00e4t Sie gerne und erstellt Ihnen ein kommerzielles Angebot.<br \/>\nWir stehen Ihnen jederzeit mit den notwendigen Informationen zur Verf\u00fcgung und finden die optimale L\u00f6sung f\u00fcr Ihr Unternehmen.<br \/>\nSenden Sie uns Ihre Anfragen und wir helfen Ihnen gerne weiter!<\/p>","protected":false},"excerpt":{"rendered":"<p>Camozzi Magnetventil 354-011-02 5\/2 G1\/4<\/p>","protected":false},"featured_media":1106,"comment_status":"open","ping_status":"closed","template":"","meta":[],"product_brand":[],"product_cat":[122],"product_tag":[124],"class_list":{"0":"post-1104","1":"product","2":"type-product","3":"status-publish","4":"has-post-thumbnail","6":"product_cat-122","7":"product_tag-camozzi","9":"first","10":"instock","11":"taxable","12":"shipping-taxable","13":"purchasable","14":"product-type-simple"},"yoast_head":"<!-- This site is optimized with the Yoast SEO plugin v27.2 - https:\/\/yoast.com\/product\/yoast-seo-wordpress\/ -->\n<title>\u0415\u043b\u0435\u043a\u0442\u0440\u043e\u043a\u043b\u0430\u043f\u0430\u043d Camozzi 354-011-02 5\/2 G1\/4 - Glasir<\/title>\n<meta name=\"robots\" content=\"index, follow, max-snippet:-1, max-image-preview:large, max-video-preview:-1\" \/>\n<link rel=\"canonical\" href=\"https:\/\/glasir.com.ua\/de\/product\/\u0435\u043b\u0435\u043a\u0442\u0440\u043e\u043a\u043b\u0430\u043f\u0430\u043d-camozzi-354-011-02-5-2-g1-4\/\" \/>\n<meta property=\"og:locale\" content=\"de_DE\" \/>\n<meta property=\"og:type\" content=\"article\" \/>\n<meta property=\"og:title\" content=\"\u0415\u043b\u0435\u043a\u0442\u0440\u043e\u043a\u043b\u0430\u043f\u0430\u043d Camozzi 354-011-02 5\/2 G1\/4 - Glasir\" \/>\n<meta property=\"og:description\" content=\"\u0415\u043b\u0435\u043a\u0442\u0440\u043e\u043a\u043b\u0430\u043f\u0430\u043d Camozzi 354-011-02 5\/2 G1\/4\" \/>\n<meta property=\"og:url\" content=\"https:\/\/glasir.com.ua\/de\/product\/\u0435\u043b\u0435\u043a\u0442\u0440\u043e\u043a\u043b\u0430\u043f\u0430\u043d-camozzi-354-011-02-5-2-g1-4\/\" \/>\n<meta property=\"og:site_name\" content=\"Glasir\" \/>\n<meta property=\"article:modified_time\" content=\"2025-11-26T13:37:21+00:00\" \/>\n<meta property=\"og:image\" content=\"http:\/\/glasir.com.ua\/wp-content\/uploads\/2024\/08\/camozzi-354-011-02.png\" \/>\n\t<meta property=\"og:image:width\" content=\"672\" \/>\n\t<meta property=\"og:image:height\" content=\"449\" \/>\n\t<meta property=\"og:image:type\" content=\"image\/png\" \/>\n<meta name=\"twitter:card\" content=\"summary_large_image\" \/>\n<meta name=\"twitter:label1\" content=\"Gesch\u00e4tzte Lesezeit\" \/>\n\t<meta name=\"twitter:data1\" content=\"1\u00a0Minute\" \/>\n<script type=\"application\/ld+json\" class=\"yoast-schema-graph\">{\"@context\":\"https:\/\/schema.org\",\"@graph\":[{\"@type\":[\"WebPage\",\"ItemPage\"],\"@id\":\"https:\/\/glasir.com.ua\/product\/%d0%b5%d0%bb%d0%b5%d0%ba%d1%82%d1%80%d0%be%d0%ba%d0%bb%d0%b0%d0%bf%d0%b0%d0%bd-camozzi-354-011-02-5-2-g1-4\/\",\"url\":\"https:\/\/glasir.com.ua\/product\/%d0%b5%d0%bb%d0%b5%d0%ba%d1%82%d1%80%d0%be%d0%ba%d0%bb%d0%b0%d0%bf%d0%b0%d0%bd-camozzi-354-011-02-5-2-g1-4\/\",\"name\":\"\u0415\u043b\u0435\u043a\u0442\u0440\u043e\u043a\u043b\u0430\u043f\u0430\u043d Camozzi 354-011-02 5\/2 G1\/4 - Glasir\",\"isPartOf\":{\"@id\":\"https:\/\/glasir.com.ua\/#website\"},\"primaryImageOfPage\":{\"@id\":\"https:\/\/glasir.com.ua\/product\/%d0%b5%d0%bb%d0%b5%d0%ba%d1%82%d1%80%d0%be%d0%ba%d0%bb%d0%b0%d0%bf%d0%b0%d0%bd-camozzi-354-011-02-5-2-g1-4\/#primaryimage\"},\"image\":{\"@id\":\"https:\/\/glasir.com.ua\/product\/%d0%b5%d0%bb%d0%b5%d0%ba%d1%82%d1%80%d0%be%d0%ba%d0%bb%d0%b0%d0%bf%d0%b0%d0%bd-camozzi-354-011-02-5-2-g1-4\/#primaryimage\"},\"thumbnailUrl\":\"https:\/\/glasir.com.ua\/wp-content\/uploads\/2024\/08\/camozzi-354-011-02.png\",\"datePublished\":\"2024-08-06T07:51:30+00:00\",\"dateModified\":\"2025-11-26T13:37:21+00:00\",\"breadcrumb\":{\"@id\":\"https:\/\/glasir.com.ua\/product\/%d0%b5%d0%bb%d0%b5%d0%ba%d1%82%d1%80%d0%be%d0%ba%d0%bb%d0%b0%d0%bf%d0%b0%d0%bd-camozzi-354-011-02-5-2-g1-4\/#breadcrumb\"},\"inLanguage\":\"de\",\"potentialAction\":[{\"@type\":\"ReadAction\",\"target\":[\"https:\/\/glasir.com.ua\/product\/%d0%b5%d0%bb%d0%b5%d0%ba%d1%82%d1%80%d0%be%d0%ba%d0%bb%d0%b0%d0%bf%d0%b0%d0%bd-camozzi-354-011-02-5-2-g1-4\/\"]}]},{\"@type\":\"ImageObject\",\"inLanguage\":\"de\",\"@id\":\"https:\/\/glasir.com.ua\/product\/%d0%b5%d0%bb%d0%b5%d0%ba%d1%82%d1%80%d0%be%d0%ba%d0%bb%d0%b0%d0%bf%d0%b0%d0%bd-camozzi-354-011-02-5-2-g1-4\/#primaryimage\",\"url\":\"https:\/\/glasir.com.ua\/wp-content\/uploads\/2024\/08\/camozzi-354-011-02.png\",\"contentUrl\":\"https:\/\/glasir.com.ua\/wp-content\/uploads\/2024\/08\/camozzi-354-011-02.png\",\"width\":672,\"height\":449,\"caption\":\"Camozzi 354-011-02\"},{\"@type\":\"BreadcrumbList\",\"@id\":\"https:\/\/glasir.com.ua\/product\/%d0%b5%d0%bb%d0%b5%d0%ba%d1%82%d1%80%d0%be%d0%ba%d0%bb%d0%b0%d0%bf%d0%b0%d0%bd-camozzi-354-011-02-5-2-g1-4\/#breadcrumb\",\"itemListElement\":[{\"@type\":\"ListItem\",\"position\":1,\"name\":\"Home\",\"item\":\"https:\/\/glasir.com.ua\/\"},{\"@type\":\"ListItem\",\"position\":2,\"name\":\"\u0406\u043d\u0442\u0435\u0440\u043d\u0435\u0442-\u043c\u0430\u0433\u0430\u0437\u0438\u043d\",\"item\":\"https:\/\/glasir.com.ua\/shop\/\"},{\"@type\":\"ListItem\",\"position\":3,\"name\":\"\u0415\u043b\u0435\u043a\u0442\u0440\u043e\u043a\u043b\u0430\u043f\u0430\u043d Camozzi 354-011-02 5\/2 G1\/4\"}]},{\"@type\":\"WebSite\",\"@id\":\"https:\/\/glasir.com.ua\/#website\",\"url\":\"https:\/\/glasir.com.ua\/\",\"name\":\"Glasir\",\"description\":\"\u041d\u0435\u043c\u0430\u0454 \u043f\u043e\u0440\u0456\u0432\u043d\u044f\u043d\u043d\u044f.\",\"publisher\":{\"@id\":\"https:\/\/glasir.com.ua\/#organization\"},\"potentialAction\":[{\"@type\":\"SearchAction\",\"target\":{\"@type\":\"EntryPoint\",\"urlTemplate\":\"https:\/\/glasir.com.ua\/?s={search_term_string}\"},\"query-input\":{\"@type\":\"PropertyValueSpecification\",\"valueRequired\":true,\"valueName\":\"search_term_string\"}}],\"inLanguage\":\"de\"},{\"@type\":\"Organization\",\"@id\":\"https:\/\/glasir.com.ua\/#organization\",\"name\":\"Glasir\",\"url\":\"https:\/\/glasir.com.ua\/\",\"logo\":{\"@type\":\"ImageObject\",\"inLanguage\":\"de\",\"@id\":\"https:\/\/glasir.com.ua\/#\/schema\/logo\/image\/\",\"url\":\"https:\/\/glasir.com.ua\/wp-content\/uploads\/2023\/06\/cropped-llc-glasir.png\",\"contentUrl\":\"https:\/\/glasir.com.ua\/wp-content\/uploads\/2023\/06\/cropped-llc-glasir.png\",\"width\":250,\"height\":250,\"caption\":\"Glasir\"},\"image\":{\"@id\":\"https:\/\/glasir.com.ua\/#\/schema\/logo\/image\/\"},\"sameAs\":[\"https:\/\/www.pinterest.com\/llc_glasir\",\"https:\/\/g.co\/kgs\/7CK1iZr\"]}]}<\/script>\n<!-- \/ Yoast SEO plugin. -->","yoast_head_json":{"title":"Camozzi-Magnetventil 354-011-02 5\/2 G1\/4 \u2013 Glasir","robots":{"index":"index","follow":"follow","max-snippet":"max-snippet:-1","max-image-preview":"max-image-preview:large","max-video-preview":"max-video-preview:-1"},"canonical":"https:\/\/glasir.com.ua\/de\/product\/\u0435\u043b\u0435\u043a\u0442\u0440\u043e\u043a\u043b\u0430\u043f\u0430\u043d-camozzi-354-011-02-5-2-g1-4\/","og_locale":"de_DE","og_type":"article","og_title":"\u0415\u043b\u0435\u043a\u0442\u0440\u043e\u043a\u043b\u0430\u043f\u0430\u043d Camozzi 354-011-02 5\/2 G1\/4 - Glasir","og_description":"\u0415\u043b\u0435\u043a\u0442\u0440\u043e\u043a\u043b\u0430\u043f\u0430\u043d Camozzi 354-011-02 5\/2 G1\/4","og_url":"https:\/\/glasir.com.ua\/de\/product\/\u0435\u043b\u0435\u043a\u0442\u0440\u043e\u043a\u043b\u0430\u043f\u0430\u043d-camozzi-354-011-02-5-2-g1-4\/","og_site_name":"Glasir","article_modified_time":"2025-11-26T13:37:21+00:00","og_image":[{"width":672,"height":449,"url":"http:\/\/glasir.com.ua\/wp-content\/uploads\/2024\/08\/camozzi-354-011-02.png","type":"image\/png"}],"twitter_card":"summary_large_image","twitter_misc":{"Gesch\u00e4tzte Lesezeit":"1\u00a0Minute"},"schema":{"@context":"https:\/\/schema.org","@graph":[{"@type":["WebPage","ItemPage"],"@id":"https:\/\/glasir.com.ua\/product\/%d0%b5%d0%bb%d0%b5%d0%ba%d1%82%d1%80%d0%be%d0%ba%d0%bb%d0%b0%d0%bf%d0%b0%d0%bd-camozzi-354-011-02-5-2-g1-4\/","url":"https:\/\/glasir.com.ua\/product\/%d0%b5%d0%bb%d0%b5%d0%ba%d1%82%d1%80%d0%be%d0%ba%d0%bb%d0%b0%d0%bf%d0%b0%d0%bd-camozzi-354-011-02-5-2-g1-4\/","name":"Camozzi-Magnetventil 354-011-02 5\/2 G1\/4 \u2013 Glasir","isPartOf":{"@id":"https:\/\/glasir.com.ua\/#website"},"primaryImageOfPage":{"@id":"https:\/\/glasir.com.ua\/product\/%d0%b5%d0%bb%d0%b5%d0%ba%d1%82%d1%80%d0%be%d0%ba%d0%bb%d0%b0%d0%bf%d0%b0%d0%bd-camozzi-354-011-02-5-2-g1-4\/#primaryimage"},"image":{"@id":"https:\/\/glasir.com.ua\/product\/%d0%b5%d0%bb%d0%b5%d0%ba%d1%82%d1%80%d0%be%d0%ba%d0%bb%d0%b0%d0%bf%d0%b0%d0%bd-camozzi-354-011-02-5-2-g1-4\/#primaryimage"},"thumbnailUrl":"https:\/\/glasir.com.ua\/wp-content\/uploads\/2024\/08\/camozzi-354-011-02.png","datePublished":"2024-08-06T07:51:30+00:00","dateModified":"2025-11-26T13:37:21+00:00","breadcrumb":{"@id":"https:\/\/glasir.com.ua\/product\/%d0%b5%d0%bb%d0%b5%d0%ba%d1%82%d1%80%d0%be%d0%ba%d0%bb%d0%b0%d0%bf%d0%b0%d0%bd-camozzi-354-011-02-5-2-g1-4\/#breadcrumb"},"inLanguage":"de","potentialAction":[{"@type":"ReadAction","target":["https:\/\/glasir.com.ua\/product\/%d0%b5%d0%bb%d0%b5%d0%ba%d1%82%d1%80%d0%be%d0%ba%d0%bb%d0%b0%d0%bf%d0%b0%d0%bd-camozzi-354-011-02-5-2-g1-4\/"]}]},{"@type":"ImageObject","inLanguage":"de","@id":"https:\/\/glasir.com.ua\/product\/%d0%b5%d0%bb%d0%b5%d0%ba%d1%82%d1%80%d0%be%d0%ba%d0%bb%d0%b0%d0%bf%d0%b0%d0%bd-camozzi-354-011-02-5-2-g1-4\/#primaryimage","url":"https:\/\/glasir.com.ua\/wp-content\/uploads\/2024\/08\/camozzi-354-011-02.png","contentUrl":"https:\/\/glasir.com.ua\/wp-content\/uploads\/2024\/08\/camozzi-354-011-02.png","width":672,"height":449,"caption":"Camozzi 354-011-02"},{"@type":"BreadcrumbList","@id":"https:\/\/glasir.com.ua\/product\/%d0%b5%d0%bb%d0%b5%d0%ba%d1%82%d1%80%d0%be%d0%ba%d0%bb%d0%b0%d0%bf%d0%b0%d0%bd-camozzi-354-011-02-5-2-g1-4\/#breadcrumb","itemListElement":[{"@type":"ListItem","position":1,"name":"Home","item":"https:\/\/glasir.com.ua\/"},{"@type":"ListItem","position":2,"name":"\u0406\u043d\u0442\u0435\u0440\u043d\u0435\u0442-\u043c\u0430\u0433\u0430\u0437\u0438\u043d","item":"https:\/\/glasir.com.ua\/shop\/"},{"@type":"ListItem","position":3,"name":"\u0415\u043b\u0435\u043a\u0442\u0440\u043e\u043a\u043b\u0430\u043f\u0430\u043d Camozzi 354-011-02 5\/2 G1\/4"}]},{"@type":"WebSite","@id":"https:\/\/glasir.com.ua\/#website","url":"https:\/\/glasir.com.ua\/","name":"Glasir","description":"Es gibt keinen Vergleich.","publisher":{"@id":"https:\/\/glasir.com.ua\/#organization"},"potentialAction":[{"@type":"SearchAction","target":{"@type":"EntryPoint","urlTemplate":"https:\/\/glasir.com.ua\/?s={search_term_string}"},"query-input":{"@type":"PropertyValueSpecification","valueRequired":true,"valueName":"search_term_string"}}],"inLanguage":"de"},{"@type":"Organization","@id":"https:\/\/glasir.com.ua\/#organization","name":"Glasir","url":"https:\/\/glasir.com.ua\/","logo":{"@type":"ImageObject","inLanguage":"de","@id":"https:\/\/glasir.com.ua\/#\/schema\/logo\/image\/","url":"https:\/\/glasir.com.ua\/wp-content\/uploads\/2023\/06\/cropped-llc-glasir.png","contentUrl":"https:\/\/glasir.com.ua\/wp-content\/uploads\/2023\/06\/cropped-llc-glasir.png","width":250,"height":250,"caption":"Glasir"},"image":{"@id":"https:\/\/glasir.com.ua\/#\/schema\/logo\/image\/"},"sameAs":["https:\/\/www.pinterest.com\/llc_glasir","https:\/\/g.co\/kgs\/7CK1iZr"]}]}},"_links":{"self":[{"href":"https:\/\/glasir.com.ua\/de\/wp-json\/wp\/v2\/product\/1104","targetHints":{"allow":["GET"]}}],"collection":[{"href":"https:\/\/glasir.com.ua\/de\/wp-json\/wp\/v2\/product"}],"about":[{"href":"https:\/\/glasir.com.ua\/de\/wp-json\/wp\/v2\/types\/product"}],"replies":[{"embeddable":true,"href":"https:\/\/glasir.com.ua\/de\/wp-json\/wp\/v2\/comments?post=1104"}],"wp:featuredmedia":[{"embeddable":true,"href":"https:\/\/glasir.com.ua\/de\/wp-json\/wp\/v2\/media\/1106"}],"wp:attachment":[{"href":"https:\/\/glasir.com.ua\/de\/wp-json\/wp\/v2\/media?parent=1104"}],"wp:term":[{"taxonomy":"product_brand","embeddable":true,"href":"https:\/\/glasir.com.ua\/de\/wp-json\/wp\/v2\/product_brand?post=1104"},{"taxonomy":"product_cat","embeddable":true,"href":"https:\/\/glasir.com.ua\/de\/wp-json\/wp\/v2\/product_cat?post=1104"},{"taxonomy":"product_tag","embeddable":true,"href":"https:\/\/glasir.com.ua\/de\/wp-json\/wp\/v2\/product_tag?post=1104"}],"curies":[{"name":"wp","href":"https:\/\/api.w.org\/{rel}","templated":true}]}}