{"id":1065,"date":"2024-08-03T11:50:00","date_gmt":"2024-08-03T08:50:00","guid":{"rendered":"https:\/\/glasir.com.ua\/?post_type=product&#038;p=1065"},"modified":"2025-11-27T09:33:01","modified_gmt":"2025-11-27T07:33:01","slug":"%d0%ba%d0%b0%d1%82%d1%83%d1%88%d0%ba%d0%b0-camozzi-u73-24v-dc","status":"publish","type":"product","link":"https:\/\/glasir.com.ua\/de\/product\/%d0%ba%d0%b0%d1%82%d1%83%d1%88%d0%ba%d0%b0-camozzi-u73-24v-dc\/","title":{"rendered":"Camozzi U73 24V DC-Spule"},"content":{"rendered":"<p>Camozzi U73 24V DC-Spule<\/p>\n<p>Spannung: 24V\/DC<br \/>\nLeistung: 5W<br \/>\nZul\u00e4ssige Spannungsabweichung V\/DC: +\/-10%<br \/>\nMagnetmaterial: PET<br \/>\nStandard-Antwortanschluss: 122-800<br \/>\nSteckverbinder mit LED und Varistor: 122-601<br \/>\nBetriebsumgebung: mittlere bis hohe Luftfeuchtigkeit<br \/>\nVerf\u00fcgbare Version: ATEX-zertifiziert<\/p>\n<p>Wenn Sie einen bestimmten Produktcode von Camozzi suchen, ihn aber nicht in unseren Angeboten gefunden haben, wenden Sie sich bitte an <a href=\"https:\/\/glasir.com.ua\/de\/kontakte\/\">Senden Sie uns eine Anfrage<\/a>.<br \/>\nDas Glasir-Team ber\u00e4t Sie gerne und erstellt Ihnen ein kommerzielles Angebot.<br \/>\nWir stehen Ihnen jederzeit mit den notwendigen Informationen zur Verf\u00fcgung und finden die optimale L\u00f6sung f\u00fcr Ihr Unternehmen.<br \/>\nSenden Sie uns Ihre Anfragen und wir helfen Ihnen gerne weiter!<\/p>","protected":false},"excerpt":{"rendered":"<p>Camozzi U73 24V DC-Spule<\/p>","protected":false},"featured_media":829,"comment_status":"open","ping_status":"closed","template":"","meta":[],"product_brand":[],"product_cat":[122],"product_tag":[124],"class_list":{"0":"post-1065","1":"product","2":"type-product","3":"status-publish","4":"has-post-thumbnail","6":"product_cat-122","7":"product_tag-camozzi","9":"first","10":"instock","11":"taxable","12":"shipping-taxable","13":"purchasable","14":"product-type-simple"},"yoast_head":"<!-- This site is optimized with the Yoast SEO plugin v27.2 - https:\/\/yoast.com\/product\/yoast-seo-wordpress\/ -->\n<title>\u041a\u0430\u0442\u0443\u0448\u043a\u0430 Camozzi U73 24V DC - Glasir<\/title>\n<meta name=\"robots\" content=\"index, follow, max-snippet:-1, max-image-preview:large, max-video-preview:-1\" \/>\n<link rel=\"canonical\" href=\"https:\/\/glasir.com.ua\/de\/product\/\u043a\u0430\u0442\u0443\u0448\u043a\u0430-camozzi-u73-24v-dc\/\" \/>\n<meta property=\"og:locale\" content=\"de_DE\" \/>\n<meta property=\"og:type\" content=\"article\" \/>\n<meta property=\"og:title\" content=\"\u041a\u0430\u0442\u0443\u0448\u043a\u0430 Camozzi U73 24V DC - Glasir\" \/>\n<meta property=\"og:description\" content=\"\u041a\u0430\u0442\u0443\u0448\u043a\u0430 Camozzi U73 24V DC\" \/>\n<meta property=\"og:url\" content=\"https:\/\/glasir.com.ua\/de\/product\/\u043a\u0430\u0442\u0443\u0448\u043a\u0430-camozzi-u73-24v-dc\/\" \/>\n<meta property=\"og:site_name\" content=\"Glasir\" \/>\n<meta property=\"article:modified_time\" content=\"2025-11-27T07:33:01+00:00\" \/>\n<meta property=\"og:image\" content=\"http:\/\/glasir.com.ua\/wp-content\/uploads\/2024\/02\/camozzi-u77.jpg\" \/>\n\t<meta property=\"og:image:width\" content=\"515\" \/>\n\t<meta property=\"og:image:height\" content=\"515\" \/>\n\t<meta property=\"og:image:type\" content=\"image\/jpeg\" \/>\n<meta name=\"twitter:card\" content=\"summary_large_image\" \/>\n<meta name=\"twitter:label1\" content=\"Gesch\u00e4tzte Lesezeit\" \/>\n\t<meta name=\"twitter:data1\" content=\"1\u00a0Minute\" \/>\n<script type=\"application\/ld+json\" class=\"yoast-schema-graph\">{\"@context\":\"https:\/\/schema.org\",\"@graph\":[{\"@type\":[\"WebPage\",\"ItemPage\"],\"@id\":\"https:\/\/glasir.com.ua\/product\/%d0%ba%d0%b0%d1%82%d1%83%d1%88%d0%ba%d0%b0-camozzi-u73-24v-dc\/\",\"url\":\"https:\/\/glasir.com.ua\/product\/%d0%ba%d0%b0%d1%82%d1%83%d1%88%d0%ba%d0%b0-camozzi-u73-24v-dc\/\",\"name\":\"\u041a\u0430\u0442\u0443\u0448\u043a\u0430 Camozzi U73 24V DC - Glasir\",\"isPartOf\":{\"@id\":\"https:\/\/glasir.com.ua\/#website\"},\"primaryImageOfPage\":{\"@id\":\"https:\/\/glasir.com.ua\/product\/%d0%ba%d0%b0%d1%82%d1%83%d1%88%d0%ba%d0%b0-camozzi-u73-24v-dc\/#primaryimage\"},\"image\":{\"@id\":\"https:\/\/glasir.com.ua\/product\/%d0%ba%d0%b0%d1%82%d1%83%d1%88%d0%ba%d0%b0-camozzi-u73-24v-dc\/#primaryimage\"},\"thumbnailUrl\":\"https:\/\/glasir.com.ua\/wp-content\/uploads\/2024\/02\/camozzi-u77.jpg\",\"datePublished\":\"2024-08-03T08:50:00+00:00\",\"dateModified\":\"2025-11-27T07:33:01+00:00\",\"breadcrumb\":{\"@id\":\"https:\/\/glasir.com.ua\/product\/%d0%ba%d0%b0%d1%82%d1%83%d1%88%d0%ba%d0%b0-camozzi-u73-24v-dc\/#breadcrumb\"},\"inLanguage\":\"de\",\"potentialAction\":[{\"@type\":\"ReadAction\",\"target\":[\"https:\/\/glasir.com.ua\/product\/%d0%ba%d0%b0%d1%82%d1%83%d1%88%d0%ba%d0%b0-camozzi-u73-24v-dc\/\"]}]},{\"@type\":\"ImageObject\",\"inLanguage\":\"de\",\"@id\":\"https:\/\/glasir.com.ua\/product\/%d0%ba%d0%b0%d1%82%d1%83%d1%88%d0%ba%d0%b0-camozzi-u73-24v-dc\/#primaryimage\",\"url\":\"https:\/\/glasir.com.ua\/wp-content\/uploads\/2024\/02\/camozzi-u77.jpg\",\"contentUrl\":\"https:\/\/glasir.com.ua\/wp-content\/uploads\/2024\/02\/camozzi-u77.jpg\",\"width\":515,\"height\":515,\"caption\":\"Camozzi U77\"},{\"@type\":\"BreadcrumbList\",\"@id\":\"https:\/\/glasir.com.ua\/product\/%d0%ba%d0%b0%d1%82%d1%83%d1%88%d0%ba%d0%b0-camozzi-u73-24v-dc\/#breadcrumb\",\"itemListElement\":[{\"@type\":\"ListItem\",\"position\":1,\"name\":\"Home\",\"item\":\"https:\/\/glasir.com.ua\/\"},{\"@type\":\"ListItem\",\"position\":2,\"name\":\"\u0406\u043d\u0442\u0435\u0440\u043d\u0435\u0442-\u043c\u0430\u0433\u0430\u0437\u0438\u043d\",\"item\":\"https:\/\/glasir.com.ua\/shop\/\"},{\"@type\":\"ListItem\",\"position\":3,\"name\":\"\u041a\u0430\u0442\u0443\u0448\u043a\u0430 Camozzi U73 24V DC\"}]},{\"@type\":\"WebSite\",\"@id\":\"https:\/\/glasir.com.ua\/#website\",\"url\":\"https:\/\/glasir.com.ua\/\",\"name\":\"Glasir\",\"description\":\"\u041d\u0435\u043c\u0430\u0454 \u043f\u043e\u0440\u0456\u0432\u043d\u044f\u043d\u043d\u044f.\",\"publisher\":{\"@id\":\"https:\/\/glasir.com.ua\/#organization\"},\"potentialAction\":[{\"@type\":\"SearchAction\",\"target\":{\"@type\":\"EntryPoint\",\"urlTemplate\":\"https:\/\/glasir.com.ua\/?s={search_term_string}\"},\"query-input\":{\"@type\":\"PropertyValueSpecification\",\"valueRequired\":true,\"valueName\":\"search_term_string\"}}],\"inLanguage\":\"de\"},{\"@type\":\"Organization\",\"@id\":\"https:\/\/glasir.com.ua\/#organization\",\"name\":\"Glasir\",\"url\":\"https:\/\/glasir.com.ua\/\",\"logo\":{\"@type\":\"ImageObject\",\"inLanguage\":\"de\",\"@id\":\"https:\/\/glasir.com.ua\/#\/schema\/logo\/image\/\",\"url\":\"https:\/\/glasir.com.ua\/wp-content\/uploads\/2023\/06\/cropped-llc-glasir.png\",\"contentUrl\":\"https:\/\/glasir.com.ua\/wp-content\/uploads\/2023\/06\/cropped-llc-glasir.png\",\"width\":250,\"height\":250,\"caption\":\"Glasir\"},\"image\":{\"@id\":\"https:\/\/glasir.com.ua\/#\/schema\/logo\/image\/\"},\"sameAs\":[\"https:\/\/www.pinterest.com\/llc_glasir\",\"https:\/\/g.co\/kgs\/7CK1iZr\"]}]}<\/script>\n<!-- \/ Yoast SEO plugin. -->","yoast_head_json":{"title":"Spule Camozzi U73 24V DC - Glasir","robots":{"index":"index","follow":"follow","max-snippet":"max-snippet:-1","max-image-preview":"max-image-preview:large","max-video-preview":"max-video-preview:-1"},"canonical":"https:\/\/glasir.com.ua\/de\/product\/\u043a\u0430\u0442\u0443\u0448\u043a\u0430-camozzi-u73-24v-dc\/","og_locale":"de_DE","og_type":"article","og_title":"\u041a\u0430\u0442\u0443\u0448\u043a\u0430 Camozzi U73 24V DC - Glasir","og_description":"\u041a\u0430\u0442\u0443\u0448\u043a\u0430 Camozzi U73 24V DC","og_url":"https:\/\/glasir.com.ua\/de\/product\/\u043a\u0430\u0442\u0443\u0448\u043a\u0430-camozzi-u73-24v-dc\/","og_site_name":"Glasir","article_modified_time":"2025-11-27T07:33:01+00:00","og_image":[{"width":515,"height":515,"url":"http:\/\/glasir.com.ua\/wp-content\/uploads\/2024\/02\/camozzi-u77.jpg","type":"image\/jpeg"}],"twitter_card":"summary_large_image","twitter_misc":{"Gesch\u00e4tzte Lesezeit":"1\u00a0Minute"},"schema":{"@context":"https:\/\/schema.org","@graph":[{"@type":["WebPage","ItemPage"],"@id":"https:\/\/glasir.com.ua\/product\/%d0%ba%d0%b0%d1%82%d1%83%d1%88%d0%ba%d0%b0-camozzi-u73-24v-dc\/","url":"https:\/\/glasir.com.ua\/product\/%d0%ba%d0%b0%d1%82%d1%83%d1%88%d0%ba%d0%b0-camozzi-u73-24v-dc\/","name":"Spule Camozzi U73 24V DC - Glasir","isPartOf":{"@id":"https:\/\/glasir.com.ua\/#website"},"primaryImageOfPage":{"@id":"https:\/\/glasir.com.ua\/product\/%d0%ba%d0%b0%d1%82%d1%83%d1%88%d0%ba%d0%b0-camozzi-u73-24v-dc\/#primaryimage"},"image":{"@id":"https:\/\/glasir.com.ua\/product\/%d0%ba%d0%b0%d1%82%d1%83%d1%88%d0%ba%d0%b0-camozzi-u73-24v-dc\/#primaryimage"},"thumbnailUrl":"https:\/\/glasir.com.ua\/wp-content\/uploads\/2024\/02\/camozzi-u77.jpg","datePublished":"2024-08-03T08:50:00+00:00","dateModified":"2025-11-27T07:33:01+00:00","breadcrumb":{"@id":"https:\/\/glasir.com.ua\/product\/%d0%ba%d0%b0%d1%82%d1%83%d1%88%d0%ba%d0%b0-camozzi-u73-24v-dc\/#breadcrumb"},"inLanguage":"de","potentialAction":[{"@type":"ReadAction","target":["https:\/\/glasir.com.ua\/product\/%d0%ba%d0%b0%d1%82%d1%83%d1%88%d0%ba%d0%b0-camozzi-u73-24v-dc\/"]}]},{"@type":"ImageObject","inLanguage":"de","@id":"https:\/\/glasir.com.ua\/product\/%d0%ba%d0%b0%d1%82%d1%83%d1%88%d0%ba%d0%b0-camozzi-u73-24v-dc\/#primaryimage","url":"https:\/\/glasir.com.ua\/wp-content\/uploads\/2024\/02\/camozzi-u77.jpg","contentUrl":"https:\/\/glasir.com.ua\/wp-content\/uploads\/2024\/02\/camozzi-u77.jpg","width":515,"height":515,"caption":"Camozzi U77"},{"@type":"BreadcrumbList","@id":"https:\/\/glasir.com.ua\/product\/%d0%ba%d0%b0%d1%82%d1%83%d1%88%d0%ba%d0%b0-camozzi-u73-24v-dc\/#breadcrumb","itemListElement":[{"@type":"ListItem","position":1,"name":"Home","item":"https:\/\/glasir.com.ua\/"},{"@type":"ListItem","position":2,"name":"\u0406\u043d\u0442\u0435\u0440\u043d\u0435\u0442-\u043c\u0430\u0433\u0430\u0437\u0438\u043d","item":"https:\/\/glasir.com.ua\/shop\/"},{"@type":"ListItem","position":3,"name":"\u041a\u0430\u0442\u0443\u0448\u043a\u0430 Camozzi U73 24V DC"}]},{"@type":"WebSite","@id":"https:\/\/glasir.com.ua\/#website","url":"https:\/\/glasir.com.ua\/","name":"Glasir","description":"Es gibt keinen Vergleich.","publisher":{"@id":"https:\/\/glasir.com.ua\/#organization"},"potentialAction":[{"@type":"SearchAction","target":{"@type":"EntryPoint","urlTemplate":"https:\/\/glasir.com.ua\/?s={search_term_string}"},"query-input":{"@type":"PropertyValueSpecification","valueRequired":true,"valueName":"search_term_string"}}],"inLanguage":"de"},{"@type":"Organization","@id":"https:\/\/glasir.com.ua\/#organization","name":"Glasir","url":"https:\/\/glasir.com.ua\/","logo":{"@type":"ImageObject","inLanguage":"de","@id":"https:\/\/glasir.com.ua\/#\/schema\/logo\/image\/","url":"https:\/\/glasir.com.ua\/wp-content\/uploads\/2023\/06\/cropped-llc-glasir.png","contentUrl":"https:\/\/glasir.com.ua\/wp-content\/uploads\/2023\/06\/cropped-llc-glasir.png","width":250,"height":250,"caption":"Glasir"},"image":{"@id":"https:\/\/glasir.com.ua\/#\/schema\/logo\/image\/"},"sameAs":["https:\/\/www.pinterest.com\/llc_glasir","https:\/\/g.co\/kgs\/7CK1iZr"]}]}},"_links":{"self":[{"href":"https:\/\/glasir.com.ua\/de\/wp-json\/wp\/v2\/product\/1065","targetHints":{"allow":["GET"]}}],"collection":[{"href":"https:\/\/glasir.com.ua\/de\/wp-json\/wp\/v2\/product"}],"about":[{"href":"https:\/\/glasir.com.ua\/de\/wp-json\/wp\/v2\/types\/product"}],"replies":[{"embeddable":true,"href":"https:\/\/glasir.com.ua\/de\/wp-json\/wp\/v2\/comments?post=1065"}],"wp:featuredmedia":[{"embeddable":true,"href":"https:\/\/glasir.com.ua\/de\/wp-json\/wp\/v2\/media\/829"}],"wp:attachment":[{"href":"https:\/\/glasir.com.ua\/de\/wp-json\/wp\/v2\/media?parent=1065"}],"wp:term":[{"taxonomy":"product_brand","embeddable":true,"href":"https:\/\/glasir.com.ua\/de\/wp-json\/wp\/v2\/product_brand?post=1065"},{"taxonomy":"product_cat","embeddable":true,"href":"https:\/\/glasir.com.ua\/de\/wp-json\/wp\/v2\/product_cat?post=1065"},{"taxonomy":"product_tag","embeddable":true,"href":"https:\/\/glasir.com.ua\/de\/wp-json\/wp\/v2\/product_tag?post=1065"}],"curies":[{"name":"wp","href":"https:\/\/api.w.org\/{rel}","templated":true}]}}