{"id":1062,"date":"2024-08-03T10:54:44","date_gmt":"2024-08-03T07:54:44","guid":{"rendered":"https:\/\/glasir.com.ua\/?post_type=product&#038;p=1062"},"modified":"2025-11-27T09:39:59","modified_gmt":"2025-11-27T07:39:59","slug":"%d0%ba%d0%b0%d1%82%d1%83%d1%88%d0%ba%d0%b0-camozzi-u7k-110v-50-60hz","status":"publish","type":"product","link":"https:\/\/glasir.com.ua\/de\/product\/%d0%ba%d0%b0%d1%82%d1%83%d1%88%d0%ba%d0%b0-camozzi-u7k-110v-50-60hz\/","title":{"rendered":"Camozzi U7K 110V 50\/60Hz Spule"},"content":{"rendered":"<p>Camozzi U7K 110V 50\/60Hz Spule<\/p>\n<p>Elektromagnetische Spule Camozzi U7K<br \/>\nSpannung: 72V\/DC, Leistung 4,8W<br \/>\nSpannung: 110 V\/AC-50\/60 Hz, Leistung 3,8 VA<br \/>\nSpannung: 125 V\/AC-50\/60 Hz, Leistung 5,5 VA<br \/>\nZul\u00e4ssiger Spannungsbereich: V\/AC: -15%\/+10%<br \/>\nZul\u00e4ssige Spannungsabweichung V\/DC: +\/-10%<br \/>\nMagnetmaterial: PET<br \/>\nStandard-Antwortanschluss: 122-800<br \/>\nSteckverbinder mit LED: 122-702<br \/>\nBetriebsumgebung: mittlere bis hohe Luftfeuchtigkeit<br \/>\nVerf\u00fcgbare Version: ATEX-zertifiziert<\/p>\n<p>Wenn Sie einen bestimmten Produktcode von Camozzi suchen, ihn aber nicht in unseren Angeboten gefunden haben, wenden Sie sich bitte an <a href=\"https:\/\/glasir.com.ua\/de\/kontakte\/\">Senden Sie uns eine Anfrage<\/a>.<br \/>\nDas Glasir-Team ber\u00e4t Sie gerne und erstellt Ihnen ein kommerzielles Angebot.<br \/>\nWir stehen Ihnen jederzeit mit den notwendigen Informationen zur Verf\u00fcgung und finden die optimale L\u00f6sung f\u00fcr Ihr Unternehmen.<br \/>\nSenden Sie uns Ihre Anfragen und wir helfen Ihnen gerne weiter!<\/p>","protected":false},"excerpt":{"rendered":"<p>Camozzi U7K 110V 50\/60Hz Spule<\/p>","protected":false},"featured_media":829,"comment_status":"open","ping_status":"closed","template":"","meta":[],"product_brand":[],"product_cat":[122],"product_tag":[124],"class_list":{"0":"post-1062","1":"product","2":"type-product","3":"status-publish","4":"has-post-thumbnail","6":"product_cat-122","7":"product_tag-camozzi","9":"first","10":"instock","11":"taxable","12":"shipping-taxable","13":"purchasable","14":"product-type-simple"},"yoast_head":"<!-- This site is optimized with the Yoast SEO plugin v27.2 - https:\/\/yoast.com\/product\/yoast-seo-wordpress\/ -->\n<title>\u041a\u0430\u0442\u0443\u0448\u043a\u0430 Camozzi U7K 110V 50\/60Hz - Glasir<\/title>\n<meta name=\"robots\" content=\"index, follow, max-snippet:-1, max-image-preview:large, max-video-preview:-1\" \/>\n<link rel=\"canonical\" href=\"https:\/\/glasir.com.ua\/de\/product\/\u043a\u0430\u0442\u0443\u0448\u043a\u0430-camozzi-u7k-110v-50-60hz\/\" \/>\n<meta property=\"og:locale\" content=\"de_DE\" \/>\n<meta property=\"og:type\" content=\"article\" \/>\n<meta property=\"og:title\" content=\"\u041a\u0430\u0442\u0443\u0448\u043a\u0430 Camozzi U7K 110V 50\/60Hz - Glasir\" \/>\n<meta property=\"og:description\" content=\"\u041a\u0430\u0442\u0443\u0448\u043a\u0430 Camozzi U7K 110V 50\/60Hz\" \/>\n<meta property=\"og:url\" content=\"https:\/\/glasir.com.ua\/de\/product\/\u043a\u0430\u0442\u0443\u0448\u043a\u0430-camozzi-u7k-110v-50-60hz\/\" \/>\n<meta property=\"og:site_name\" content=\"Glasir\" \/>\n<meta property=\"article:modified_time\" content=\"2025-11-27T07:39:59+00:00\" \/>\n<meta property=\"og:image\" content=\"http:\/\/glasir.com.ua\/wp-content\/uploads\/2024\/02\/camozzi-u77.jpg\" \/>\n\t<meta property=\"og:image:width\" content=\"515\" \/>\n\t<meta property=\"og:image:height\" content=\"515\" \/>\n\t<meta property=\"og:image:type\" content=\"image\/jpeg\" \/>\n<meta name=\"twitter:card\" content=\"summary_large_image\" \/>\n<meta name=\"twitter:label1\" content=\"Gesch\u00e4tzte Lesezeit\" \/>\n\t<meta name=\"twitter:data1\" content=\"1\u00a0Minute\" \/>\n<script type=\"application\/ld+json\" class=\"yoast-schema-graph\">{\"@context\":\"https:\/\/schema.org\",\"@graph\":[{\"@type\":[\"WebPage\",\"ItemPage\"],\"@id\":\"https:\/\/glasir.com.ua\/product\/%d0%ba%d0%b0%d1%82%d1%83%d1%88%d0%ba%d0%b0-camozzi-u7k-110v-50-60hz\/\",\"url\":\"https:\/\/glasir.com.ua\/product\/%d0%ba%d0%b0%d1%82%d1%83%d1%88%d0%ba%d0%b0-camozzi-u7k-110v-50-60hz\/\",\"name\":\"\u041a\u0430\u0442\u0443\u0448\u043a\u0430 Camozzi U7K 110V 50\/60Hz - Glasir\",\"isPartOf\":{\"@id\":\"https:\/\/glasir.com.ua\/#website\"},\"primaryImageOfPage\":{\"@id\":\"https:\/\/glasir.com.ua\/product\/%d0%ba%d0%b0%d1%82%d1%83%d1%88%d0%ba%d0%b0-camozzi-u7k-110v-50-60hz\/#primaryimage\"},\"image\":{\"@id\":\"https:\/\/glasir.com.ua\/product\/%d0%ba%d0%b0%d1%82%d1%83%d1%88%d0%ba%d0%b0-camozzi-u7k-110v-50-60hz\/#primaryimage\"},\"thumbnailUrl\":\"https:\/\/glasir.com.ua\/wp-content\/uploads\/2024\/02\/camozzi-u77.jpg\",\"datePublished\":\"2024-08-03T07:54:44+00:00\",\"dateModified\":\"2025-11-27T07:39:59+00:00\",\"breadcrumb\":{\"@id\":\"https:\/\/glasir.com.ua\/product\/%d0%ba%d0%b0%d1%82%d1%83%d1%88%d0%ba%d0%b0-camozzi-u7k-110v-50-60hz\/#breadcrumb\"},\"inLanguage\":\"de\",\"potentialAction\":[{\"@type\":\"ReadAction\",\"target\":[\"https:\/\/glasir.com.ua\/product\/%d0%ba%d0%b0%d1%82%d1%83%d1%88%d0%ba%d0%b0-camozzi-u7k-110v-50-60hz\/\"]}]},{\"@type\":\"ImageObject\",\"inLanguage\":\"de\",\"@id\":\"https:\/\/glasir.com.ua\/product\/%d0%ba%d0%b0%d1%82%d1%83%d1%88%d0%ba%d0%b0-camozzi-u7k-110v-50-60hz\/#primaryimage\",\"url\":\"https:\/\/glasir.com.ua\/wp-content\/uploads\/2024\/02\/camozzi-u77.jpg\",\"contentUrl\":\"https:\/\/glasir.com.ua\/wp-content\/uploads\/2024\/02\/camozzi-u77.jpg\",\"width\":515,\"height\":515,\"caption\":\"Camozzi U77\"},{\"@type\":\"BreadcrumbList\",\"@id\":\"https:\/\/glasir.com.ua\/product\/%d0%ba%d0%b0%d1%82%d1%83%d1%88%d0%ba%d0%b0-camozzi-u7k-110v-50-60hz\/#breadcrumb\",\"itemListElement\":[{\"@type\":\"ListItem\",\"position\":1,\"name\":\"Home\",\"item\":\"https:\/\/glasir.com.ua\/\"},{\"@type\":\"ListItem\",\"position\":2,\"name\":\"\u0406\u043d\u0442\u0435\u0440\u043d\u0435\u0442-\u043c\u0430\u0433\u0430\u0437\u0438\u043d\",\"item\":\"https:\/\/glasir.com.ua\/shop\/\"},{\"@type\":\"ListItem\",\"position\":3,\"name\":\"\u041a\u0430\u0442\u0443\u0448\u043a\u0430 Camozzi U7K 110V 50\/60Hz\"}]},{\"@type\":\"WebSite\",\"@id\":\"https:\/\/glasir.com.ua\/#website\",\"url\":\"https:\/\/glasir.com.ua\/\",\"name\":\"Glasir\",\"description\":\"\u041d\u0435\u043c\u0430\u0454 \u043f\u043e\u0440\u0456\u0432\u043d\u044f\u043d\u043d\u044f.\",\"publisher\":{\"@id\":\"https:\/\/glasir.com.ua\/#organization\"},\"potentialAction\":[{\"@type\":\"SearchAction\",\"target\":{\"@type\":\"EntryPoint\",\"urlTemplate\":\"https:\/\/glasir.com.ua\/?s={search_term_string}\"},\"query-input\":{\"@type\":\"PropertyValueSpecification\",\"valueRequired\":true,\"valueName\":\"search_term_string\"}}],\"inLanguage\":\"de\"},{\"@type\":\"Organization\",\"@id\":\"https:\/\/glasir.com.ua\/#organization\",\"name\":\"Glasir\",\"url\":\"https:\/\/glasir.com.ua\/\",\"logo\":{\"@type\":\"ImageObject\",\"inLanguage\":\"de\",\"@id\":\"https:\/\/glasir.com.ua\/#\/schema\/logo\/image\/\",\"url\":\"https:\/\/glasir.com.ua\/wp-content\/uploads\/2023\/06\/cropped-llc-glasir.png\",\"contentUrl\":\"https:\/\/glasir.com.ua\/wp-content\/uploads\/2023\/06\/cropped-llc-glasir.png\",\"width\":250,\"height\":250,\"caption\":\"Glasir\"},\"image\":{\"@id\":\"https:\/\/glasir.com.ua\/#\/schema\/logo\/image\/\"},\"sameAs\":[\"https:\/\/www.pinterest.com\/llc_glasir\",\"https:\/\/g.co\/kgs\/7CK1iZr\"]}]}<\/script>\n<!-- \/ Yoast SEO plugin. -->","yoast_head_json":{"title":"Spule Camozzi U7K 110V 50\/60Hz - Glasir","robots":{"index":"index","follow":"follow","max-snippet":"max-snippet:-1","max-image-preview":"max-image-preview:large","max-video-preview":"max-video-preview:-1"},"canonical":"https:\/\/glasir.com.ua\/de\/product\/\u043a\u0430\u0442\u0443\u0448\u043a\u0430-camozzi-u7k-110v-50-60hz\/","og_locale":"de_DE","og_type":"article","og_title":"\u041a\u0430\u0442\u0443\u0448\u043a\u0430 Camozzi U7K 110V 50\/60Hz - Glasir","og_description":"\u041a\u0430\u0442\u0443\u0448\u043a\u0430 Camozzi U7K 110V 50\/60Hz","og_url":"https:\/\/glasir.com.ua\/de\/product\/\u043a\u0430\u0442\u0443\u0448\u043a\u0430-camozzi-u7k-110v-50-60hz\/","og_site_name":"Glasir","article_modified_time":"2025-11-27T07:39:59+00:00","og_image":[{"width":515,"height":515,"url":"http:\/\/glasir.com.ua\/wp-content\/uploads\/2024\/02\/camozzi-u77.jpg","type":"image\/jpeg"}],"twitter_card":"summary_large_image","twitter_misc":{"Gesch\u00e4tzte Lesezeit":"1\u00a0Minute"},"schema":{"@context":"https:\/\/schema.org","@graph":[{"@type":["WebPage","ItemPage"],"@id":"https:\/\/glasir.com.ua\/product\/%d0%ba%d0%b0%d1%82%d1%83%d1%88%d0%ba%d0%b0-camozzi-u7k-110v-50-60hz\/","url":"https:\/\/glasir.com.ua\/product\/%d0%ba%d0%b0%d1%82%d1%83%d1%88%d0%ba%d0%b0-camozzi-u7k-110v-50-60hz\/","name":"Spule Camozzi U7K 110V 50\/60Hz - Glasir","isPartOf":{"@id":"https:\/\/glasir.com.ua\/#website"},"primaryImageOfPage":{"@id":"https:\/\/glasir.com.ua\/product\/%d0%ba%d0%b0%d1%82%d1%83%d1%88%d0%ba%d0%b0-camozzi-u7k-110v-50-60hz\/#primaryimage"},"image":{"@id":"https:\/\/glasir.com.ua\/product\/%d0%ba%d0%b0%d1%82%d1%83%d1%88%d0%ba%d0%b0-camozzi-u7k-110v-50-60hz\/#primaryimage"},"thumbnailUrl":"https:\/\/glasir.com.ua\/wp-content\/uploads\/2024\/02\/camozzi-u77.jpg","datePublished":"2024-08-03T07:54:44+00:00","dateModified":"2025-11-27T07:39:59+00:00","breadcrumb":{"@id":"https:\/\/glasir.com.ua\/product\/%d0%ba%d0%b0%d1%82%d1%83%d1%88%d0%ba%d0%b0-camozzi-u7k-110v-50-60hz\/#breadcrumb"},"inLanguage":"de","potentialAction":[{"@type":"ReadAction","target":["https:\/\/glasir.com.ua\/product\/%d0%ba%d0%b0%d1%82%d1%83%d1%88%d0%ba%d0%b0-camozzi-u7k-110v-50-60hz\/"]}]},{"@type":"ImageObject","inLanguage":"de","@id":"https:\/\/glasir.com.ua\/product\/%d0%ba%d0%b0%d1%82%d1%83%d1%88%d0%ba%d0%b0-camozzi-u7k-110v-50-60hz\/#primaryimage","url":"https:\/\/glasir.com.ua\/wp-content\/uploads\/2024\/02\/camozzi-u77.jpg","contentUrl":"https:\/\/glasir.com.ua\/wp-content\/uploads\/2024\/02\/camozzi-u77.jpg","width":515,"height":515,"caption":"Camozzi U77"},{"@type":"BreadcrumbList","@id":"https:\/\/glasir.com.ua\/product\/%d0%ba%d0%b0%d1%82%d1%83%d1%88%d0%ba%d0%b0-camozzi-u7k-110v-50-60hz\/#breadcrumb","itemListElement":[{"@type":"ListItem","position":1,"name":"Home","item":"https:\/\/glasir.com.ua\/"},{"@type":"ListItem","position":2,"name":"\u0406\u043d\u0442\u0435\u0440\u043d\u0435\u0442-\u043c\u0430\u0433\u0430\u0437\u0438\u043d","item":"https:\/\/glasir.com.ua\/shop\/"},{"@type":"ListItem","position":3,"name":"\u041a\u0430\u0442\u0443\u0448\u043a\u0430 Camozzi U7K 110V 50\/60Hz"}]},{"@type":"WebSite","@id":"https:\/\/glasir.com.ua\/#website","url":"https:\/\/glasir.com.ua\/","name":"Glasir","description":"Es gibt keinen Vergleich.","publisher":{"@id":"https:\/\/glasir.com.ua\/#organization"},"potentialAction":[{"@type":"SearchAction","target":{"@type":"EntryPoint","urlTemplate":"https:\/\/glasir.com.ua\/?s={search_term_string}"},"query-input":{"@type":"PropertyValueSpecification","valueRequired":true,"valueName":"search_term_string"}}],"inLanguage":"de"},{"@type":"Organization","@id":"https:\/\/glasir.com.ua\/#organization","name":"Glasir","url":"https:\/\/glasir.com.ua\/","logo":{"@type":"ImageObject","inLanguage":"de","@id":"https:\/\/glasir.com.ua\/#\/schema\/logo\/image\/","url":"https:\/\/glasir.com.ua\/wp-content\/uploads\/2023\/06\/cropped-llc-glasir.png","contentUrl":"https:\/\/glasir.com.ua\/wp-content\/uploads\/2023\/06\/cropped-llc-glasir.png","width":250,"height":250,"caption":"Glasir"},"image":{"@id":"https:\/\/glasir.com.ua\/#\/schema\/logo\/image\/"},"sameAs":["https:\/\/www.pinterest.com\/llc_glasir","https:\/\/g.co\/kgs\/7CK1iZr"]}]}},"_links":{"self":[{"href":"https:\/\/glasir.com.ua\/de\/wp-json\/wp\/v2\/product\/1062","targetHints":{"allow":["GET"]}}],"collection":[{"href":"https:\/\/glasir.com.ua\/de\/wp-json\/wp\/v2\/product"}],"about":[{"href":"https:\/\/glasir.com.ua\/de\/wp-json\/wp\/v2\/types\/product"}],"replies":[{"embeddable":true,"href":"https:\/\/glasir.com.ua\/de\/wp-json\/wp\/v2\/comments?post=1062"}],"wp:featuredmedia":[{"embeddable":true,"href":"https:\/\/glasir.com.ua\/de\/wp-json\/wp\/v2\/media\/829"}],"wp:attachment":[{"href":"https:\/\/glasir.com.ua\/de\/wp-json\/wp\/v2\/media?parent=1062"}],"wp:term":[{"taxonomy":"product_brand","embeddable":true,"href":"https:\/\/glasir.com.ua\/de\/wp-json\/wp\/v2\/product_brand?post=1062"},{"taxonomy":"product_cat","embeddable":true,"href":"https:\/\/glasir.com.ua\/de\/wp-json\/wp\/v2\/product_cat?post=1062"},{"taxonomy":"product_tag","embeddable":true,"href":"https:\/\/glasir.com.ua\/de\/wp-json\/wp\/v2\/product_tag?post=1062"}],"curies":[{"name":"wp","href":"https:\/\/api.w.org\/{rel}","templated":true}]}}