{"id":587,"date":"2023-09-28T20:30:51","date_gmt":"2023-09-28T17:30:51","guid":{"rendered":"https:\/\/glasir.com.ua\/?page_id=587"},"modified":"2025-10-03T11:13:47","modified_gmt":"2025-10-03T08:13:47","slug":"%d1%83%d0%bc%d0%be%d0%b2%d0%b8-%d0%bf%d0%be%d0%b2%d0%b5%d1%80%d0%bd%d0%b5%d0%bd%d0%bd%d1%8f-%d1%82%d0%be%d0%b2%d0%b0%d1%80%d1%83","status":"publish","type":"page","link":"https:\/\/glasir.com.ua\/de\/%d1%83%d0%bc%d0%be%d0%b2%d0%b8-%d0%bf%d0%be%d0%b2%d0%b5%d1%80%d0%bd%d0%b5%d0%bd%d0%bd%d1%8f-%d1%82%d0%be%d0%b2%d0%b0%d1%80%d1%83\/","title":{"rendered":"R\u00fcckgabebedingungen"},"content":{"rendered":"<p>Das Unternehmen f\u00fchrt R\u00fccksendungen gem\u00e4\u00df dem Gesetz \u201eZum Verbraucherschutz\u201c durch.<br>Artikel 9 des geltenden Gesetzes der Ukraine \u201e\u00dcber den Schutz der Verbraucherrechte\u201c sieht das Recht des Verbrauchers vor <strong>ein Non-Food-Produkt guter Qualit\u00e4t gegen ein \u00e4hnliches austauschen<\/strong>, wenn die gekaufte Ware nicht in Form, Abmessungen, Stil, Farbe, Gr\u00f6\u00dfe passt oder aus anderen Gr\u00fcnden nicht f\u00fcr den vorgesehenen Zweck verwendet werden kann, wenn die Ware nicht verwendet wurde und wenn ihre Aufmachung, Verbrauchereigenschaften, Siegel, Etiketten und der vom Verk\u00e4ufer zusammen mit der Ware ausgestellte Rechnungsbeleg erhalten geblieben sind.<br>Der Verk\u00e4ufer hat nicht das Recht, den Umtausch (die R\u00fcckgabe) eines Produkts zu verweigern, das nicht in der Liste enthalten ist, wenn es alle in Art. 10 genannten Anforderungen erf\u00fcllt. 9 des Gesetzes (die Aufmachung, Etiketten, Siegel bleiben erhalten, es liegt ein Abrechnungsdokument vor usw.).<\/p>\n\n\n\n<p>F\u00fcr R\u00fccksendungen kontaktieren Sie uns bitte telefonisch. <a href=\"tel:+380632133808\" data-type=\"tel\" data-id=\"tel:0632133808\">+380 63 213 38 08<\/a> oder per E-Mail <a href=\"mailto:info@glasir.com.ua\">info@glasir.com.ua<\/a>.<\/p>\n\n\n\n<p class=\"has-text-align-center\"><br><strong>Ausschluss<\/strong><\/p>\n\n\n\n<p class=\"has-text-align-left\"><br>Das Ministerkabinett der Ukraine hat eine Liste von Waren angemessener Qualit\u00e4t genehmigt, die nicht umgetauscht oder zur\u00fcckgegeben werden k\u00f6nnen (CMU-Beschluss Nr. 172 vom 19. M\u00e4rz 1994).<br>Die aktuelle und umfassende Liste finden Sie unter folgendem Link: <a href=\"https:\/\/zakon.rada.gov.ua\/laws\/show\/172-94-\u043f#Text\">https:\/\/zakon.rada.gov.ua\/laws\/show\/172-94-\u043f#Text<\/a><\/p>\n\n\n\n<p>Auszug aus <a data-type=\"link\" data-id=\"https:\/\/glasir.com.ua\/\u0434\u043e\u0433\u043e\u0432\u0456\u0440-\u043f\u0443\u0431\u043b\u0456\u0447\u043d\u043e\u0457-\u043e\u0444\u0435\u0440\u0442\u0438\/\" href=\"https:\/\/glasir.com.ua\/de\/\u0434\u043e\u0433\u043e\u0432\u0456\u0440-\u043f\u0443\u0431\u043b\u0456\u0447\u043d\u043e\u0457-\u043e\u0444\u0435\u0440\u0442\u0438\/\">\u00f6ffentliche Angebotsvereinbarung<\/a>:<br><em>3.8. Der K\u00e4ufer ist verpflichtet, vor der Aufgabe einer Bestellung die Informationen \u00fcber die Ware, ihren Preis, die Lieferbedingungen und sonstige Bedingungen im Zusammenhang mit dem Warenkauf auf der Website sorgf\u00e4ltig durchzulesen. F\u00fcr eine fehlerhafte Auftragsabwicklung ist der K\u00e4ufer verantwortlich.<br>3.9. Der K\u00e4ufer ist verpflichtet, vor Erhalt der Ware den Zustand der Verpackung und die Ware selbst auf M\u00e4ngel zu pr\u00fcfen und die Vollst\u00e4ndigkeit zu kontrollieren. Der K\u00e4ufer wird \u00fcber die im Gesetz der Republik Ukraine \u201eZum Schutz der Verbraucherrechte\u201c festgelegten Rechte und Pflichten informiert. Nach der Annahme der Ware wird davon ausgegangen, dass die Ware der Bestellung vollst\u00e4ndig entspricht, von ordnungsgem\u00e4\u00dfer Qualit\u00e4t ist, keine M\u00e4ngel aufweist und die Anforderungen des K\u00e4ufers vollst\u00e4ndig erf\u00fcllt. Eine Abweichung der Gestaltungselemente oder des Designs von der auf der Website angegebenen Beschreibung stellt keinen Hinweis auf mangelhafte Qualit\u00e4t dar.<br>3.10. Wenn der Preis der bestellten Ware nicht der Wahrheit entspricht. Der Administrator ist verpflichtet, den K\u00e4ufer zu informieren, um die Bestellung zu best\u00e4tigen oder zu stornieren. Wenn der K\u00e4ufer nicht kontaktiert werden kann, wird die Bestellung automatisch storniert. Wenn die Bestellung bezahlt wurde, erstattet der Administrator dem K\u00e4ufer den gezahlten Betrag in der Art und Weise und innerhalb der Fristen zur\u00fcck, die in der Gesetzgebung der Ukraine festgelegt sind.<br>3.11. Gem\u00e4\u00df dem Gesetz der Ukraine \u201eZum Schutz der Verbraucherrechte\u201c und der Verordnung des Ministerkabinetts der Ukraine Nr. 172 vom 19. M\u00e4rz 1994 \u201eZur Umsetzung bestimmter Bestimmungen des Gesetzes der Ukraine\u201c unterliegen Waren, die in der Liste der Non-Food-Waren angemessener Qualit\u00e4t aufgef\u00fchrt sind, weder der R\u00fcckgabe noch dem Umtausch.<br>3.12. Der K\u00e4ufer hat das Recht, Waren mangelhafter Qualit\u00e4t zur\u00fcckzugeben, wenn diese M\u00e4ngel aufweisen und ihre Funktionseigenschaften und ihren Zweck nicht erf\u00fcllen k\u00f6nnen. Im Falle der R\u00fcckgabe eines Produkts minderer Qualit\u00e4t durch den K\u00e4ufer erstattet der Verk\u00e4ufer den f\u00fcr das Produkt gezahlten Betrag in der auf der Quittung f\u00fcr die Zahlung des Produkts angegebenen H\u00f6he zur\u00fcck. Von der R\u00fcckgabe ausgeschlossen sind Waren mangelhafter Qualit\u00e4t, deren M\u00e4ngel durch Verschulden des K\u00e4ufers entstanden sind.<\/em><br><em>3.13. Einhaltung von Klausel 28 der Vorschriften f\u00fcr den Einzelhandel mit alkoholischen Getr\u00e4nken,<br>genehmigt durch das Ministerkabinett der Ukraine am 30. Juli 1996, Nr. 854,<br>Alkoholische Getr\u00e4nke von einwandfreier Qualit\u00e4t sind von Umtausch und R\u00fcckgabe ausgeschlossen.<br>3.14. Der Anspruch auf R\u00fcckerstattung des f\u00fcr die Waren gezahlten Geldbetrags ist zu stellen an<br>nach dem im Gesetz der Ukraine \"\u00dcber den Verbraucherschutz\" festgelegten Verfahren.<\/em><\/p>","protected":false},"excerpt":{"rendered":"<p>Das Unternehmen f\u00fchrt R\u00fccksendungen gem\u00e4\u00df dem Gesetz \u201eZum Verbraucherschutz\u201c durch. Artikel 9 des geltenden ukrainischen Gesetzes \u201e\u00dcber den Verbraucherschutz\u201c sieht das Recht des Verbrauchers vor, ein Non-Food-Produkt angemessener Qualit\u00e4t gegen ein \u00e4hnliches auszutauschen, wenn das gekaufte Produkt in Form, Abmessungen, Stil, Farbe, Gr\u00f6\u00dfe nicht passt oder aus anderen Gr\u00fcnden nicht f\u00fcr den vorgesehenen Zweck verwendet werden kann, wenn dieses Produkt nicht verwendet wurde und ... <\/p>\n<p class=\"link-more\"><a href=\"https:\/\/glasir.com.ua\/de\/%d1%83%d0%bc%d0%be%d0%b2%d0%b8-%d0%bf%d0%be%d0%b2%d0%b5%d1%80%d0%bd%d0%b5%d0%bd%d0%bd%d1%8f-%d1%82%d0%be%d0%b2%d0%b0%d1%80%d1%83\/\" class=\"more-link\"><span class=\"screen-reader-text\">&quot;Warenr\u00fcckgabebedingungen&quot; <\/span>mehr lesen<\/a><\/p>","protected":false},"author":1,"featured_media":591,"parent":0,"menu_order":0,"comment_status":"closed","ping_status":"closed","template":"","meta":{"footnotes":""},"class_list":["post-587","page","type-page","status-publish","has-post-thumbnail","hentry"],"yoast_head":"<!-- This site is optimized with the Yoast SEO plugin v27.2 - https:\/\/yoast.com\/product\/yoast-seo-wordpress\/ -->\n<title>\u0423\u043c\u043e\u0432\u0438 \u043f\u043e\u0432\u0435\u0440\u043d\u0435\u043d\u043d\u044f \u0442\u043e\u0432\u0430\u0440\u0443 - Glasir<\/title>\n<meta name=\"robots\" content=\"index, follow, max-snippet:-1, max-image-preview:large, max-video-preview:-1\" \/>\n<link rel=\"canonical\" href=\"https:\/\/glasir.com.ua\/de\/\u0443\u043c\u043e\u0432\u0438-\u043f\u043e\u0432\u0435\u0440\u043d\u0435\u043d\u043d\u044f-\u0442\u043e\u0432\u0430\u0440\u0443\/\" \/>\n<meta property=\"og:locale\" content=\"de_DE\" \/>\n<meta property=\"og:type\" content=\"article\" \/>\n<meta property=\"og:title\" content=\"\u0423\u043c\u043e\u0432\u0438 \u043f\u043e\u0432\u0435\u0440\u043d\u0435\u043d\u043d\u044f \u0442\u043e\u0432\u0430\u0440\u0443 - Glasir\" \/>\n<meta property=\"og:description\" content=\"\u041a\u043e\u043c\u043f\u0430\u043d\u0456\u044f \u0437\u0434\u0456\u0439\u0441\u043d\u044e\u0454 \u043f\u043e\u0432\u0435\u0440\u043d\u0435\u043d\u043d\u044f \u0432\u0456\u0434\u043f\u043e\u0432\u0456\u0434\u043d\u043e \u0434\u043e \u0417\u0430\u043a\u043e\u043d\u0443 \u00ab\u041f\u0440\u043e \u0437\u0430\u0445\u0438\u0441\u0442 \u043f\u0440\u0430\u0432 \u0441\u043f\u043e\u0436\u0438\u0432\u0430\u0447\u0456\u0432\u00bb.\u0421\u0442\u0430\u0442\u0442\u0435\u044e 9 \u0447\u0438\u043d\u043d\u043e\u0433\u043e \u0417\u0430\u043a\u043e\u043d\u0443 \u0423\u043a\u0440\u0430\u0457\u043d\u0438 \u00ab\u041f\u0440\u043e \u0437\u0430\u0445\u0438\u0441\u0442 \u043f\u0440\u0430\u0432 \u0441\u043f\u043e\u0436\u0438\u0432\u0430\u0447\u0456\u0432\u00bb \u043f\u0435\u0440\u0435\u0434\u0431\u0430\u0447\u0435\u043d\u043e \u043f\u0440\u0430\u0432\u043e \u0441\u043f\u043e\u0436\u0438\u0432\u0430\u0447\u0430 \u043e\u0431\u043c\u0456\u043d\u044f\u0442\u0438 \u043d\u0435\u043f\u0440\u043e\u0434\u043e\u0432\u043e\u043b\u044c\u0447\u0438\u0439 \u0442\u043e\u0432\u0430\u0440 \u043d\u0430\u043b\u0435\u0436\u043d\u043e\u0457 \u044f\u043a\u043e\u0441\u0442\u0456 \u043d\u0430 \u0430\u043d\u0430\u043b\u043e\u0433\u0456\u0447\u043d\u0438\u0439, \u044f\u043a\u0449\u043e \u043a\u0443\u043f\u043b\u0435\u043d\u0438\u0439 \u0442\u043e\u0432\u0430\u0440 \u043d\u0435 \u043f\u0456\u0434\u0456\u0439\u0448\u043e\u0432 \u0437\u0430 \u0444\u043e\u0440\u043c\u043e\u044e, \u0433\u0430\u0431\u0430\u0440\u0438\u0442\u0430\u043c\u0438, \u0444\u0430\u0441\u043e\u043d\u043e\u043c, \u043a\u043e\u043b\u044c\u043e\u0440\u043e\u043c, \u0440\u043e\u0437\u043c\u0456\u0440\u043e\u043c \u0430\u0431\u043e \u0437 \u0456\u043d\u0448\u0438\u0445 \u043f\u0440\u0438\u0447\u0438\u043d \u043d\u0435 \u043c\u043e\u0436\u0435 \u0431\u0443\u0442\u0438 \u0432\u0438\u043a\u043e\u0440\u0438\u0441\u0442\u0430\u043d\u0438\u0439 \u0437\u0430 \u043f\u0440\u0438\u0437\u043d\u0430\u0447\u0435\u043d\u043d\u044f\u043c, \u044f\u043a\u0449\u043e \u0434\u0430\u043d\u0438\u0439 \u0442\u043e\u0432\u0430\u0440 \u043d\u0435 \u0432\u0438\u043a\u043e\u0440\u0438\u0441\u0442\u043e\u0432\u0443\u0432\u0430\u0432\u0441\u044f \u0456 &hellip; \u201e\u0423\u043c\u043e\u0432\u0438 \u043f\u043e\u0432\u0435\u0440\u043d\u0435\u043d\u043d\u044f \u0442\u043e\u0432\u0430\u0440\u0443\u201c weiterlesen\" \/>\n<meta property=\"og:url\" content=\"https:\/\/glasir.com.ua\/de\/\u0443\u043c\u043e\u0432\u0438-\u043f\u043e\u0432\u0435\u0440\u043d\u0435\u043d\u043d\u044f-\u0442\u043e\u0432\u0430\u0440\u0443\/\" \/>\n<meta property=\"og:site_name\" content=\"Glasir\" \/>\n<meta property=\"article:modified_time\" content=\"2025-10-03T08:13:47+00:00\" \/>\n<meta property=\"og:image\" content=\"http:\/\/glasir.com.ua\/wp-content\/uploads\/2023\/09\/giorgio-trovato-bYhDEWgqYLM-unsplash-scaled.jpg\" \/>\n\t<meta property=\"og:image:width\" content=\"2560\" \/>\n\t<meta property=\"og:image:height\" content=\"1706\" \/>\n\t<meta property=\"og:image:type\" content=\"image\/jpeg\" \/>\n<meta name=\"twitter:card\" content=\"summary_large_image\" \/>\n<meta name=\"twitter:label1\" content=\"Gesch\u00e4tzte Lesezeit\" \/>\n\t<meta name=\"twitter:data1\" content=\"3\u00a0Minuten\" \/>\n<script type=\"application\/ld+json\" class=\"yoast-schema-graph\">{\"@context\":\"https:\/\/schema.org\",\"@graph\":[{\"@type\":\"WebPage\",\"@id\":\"https:\/\/glasir.com.ua\/%d1%83%d0%bc%d0%be%d0%b2%d0%b8-%d0%bf%d0%be%d0%b2%d0%b5%d1%80%d0%bd%d0%b5%d0%bd%d0%bd%d1%8f-%d1%82%d0%be%d0%b2%d0%b0%d1%80%d1%83\/\",\"url\":\"https:\/\/glasir.com.ua\/%d1%83%d0%bc%d0%be%d0%b2%d0%b8-%d0%bf%d0%be%d0%b2%d0%b5%d1%80%d0%bd%d0%b5%d0%bd%d0%bd%d1%8f-%d1%82%d0%be%d0%b2%d0%b0%d1%80%d1%83\/\",\"name\":\"\u0423\u043c\u043e\u0432\u0438 \u043f\u043e\u0432\u0435\u0440\u043d\u0435\u043d\u043d\u044f \u0442\u043e\u0432\u0430\u0440\u0443 - Glasir\",\"isPartOf\":{\"@id\":\"https:\/\/glasir.com.ua\/#website\"},\"primaryImageOfPage\":{\"@id\":\"https:\/\/glasir.com.ua\/%d1%83%d0%bc%d0%be%d0%b2%d0%b8-%d0%bf%d0%be%d0%b2%d0%b5%d1%80%d0%bd%d0%b5%d0%bd%d0%bd%d1%8f-%d1%82%d0%be%d0%b2%d0%b0%d1%80%d1%83\/#primaryimage\"},\"image\":{\"@id\":\"https:\/\/glasir.com.ua\/%d1%83%d0%bc%d0%be%d0%b2%d0%b8-%d0%bf%d0%be%d0%b2%d0%b5%d1%80%d0%bd%d0%b5%d0%bd%d0%bd%d1%8f-%d1%82%d0%be%d0%b2%d0%b0%d1%80%d1%83\/#primaryimage\"},\"thumbnailUrl\":\"https:\/\/glasir.com.ua\/wp-content\/uploads\/2023\/09\/giorgio-trovato-bYhDEWgqYLM-unsplash-scaled.jpg\",\"datePublished\":\"2023-09-28T17:30:51+00:00\",\"dateModified\":\"2025-10-03T08:13:47+00:00\",\"breadcrumb\":{\"@id\":\"https:\/\/glasir.com.ua\/%d1%83%d0%bc%d0%be%d0%b2%d0%b8-%d0%bf%d0%be%d0%b2%d0%b5%d1%80%d0%bd%d0%b5%d0%bd%d0%bd%d1%8f-%d1%82%d0%be%d0%b2%d0%b0%d1%80%d1%83\/#breadcrumb\"},\"inLanguage\":\"de\",\"potentialAction\":[{\"@type\":\"ReadAction\",\"target\":[\"https:\/\/glasir.com.ua\/%d1%83%d0%bc%d0%be%d0%b2%d0%b8-%d0%bf%d0%be%d0%b2%d0%b5%d1%80%d0%bd%d0%b5%d0%bd%d0%bd%d1%8f-%d1%82%d0%be%d0%b2%d0%b0%d1%80%d1%83\/\"]}]},{\"@type\":\"ImageObject\",\"inLanguage\":\"de\",\"@id\":\"https:\/\/glasir.com.ua\/%d1%83%d0%bc%d0%be%d0%b2%d0%b8-%d0%bf%d0%be%d0%b2%d0%b5%d1%80%d0%bd%d0%b5%d0%bd%d0%bd%d1%8f-%d1%82%d0%be%d0%b2%d0%b0%d1%80%d1%83\/#primaryimage\",\"url\":\"https:\/\/glasir.com.ua\/wp-content\/uploads\/2023\/09\/giorgio-trovato-bYhDEWgqYLM-unsplash-scaled.jpg\",\"contentUrl\":\"https:\/\/glasir.com.ua\/wp-content\/uploads\/2023\/09\/giorgio-trovato-bYhDEWgqYLM-unsplash-scaled.jpg\",\"width\":2560,\"height\":1706},{\"@type\":\"BreadcrumbList\",\"@id\":\"https:\/\/glasir.com.ua\/%d1%83%d0%bc%d0%be%d0%b2%d0%b8-%d0%bf%d0%be%d0%b2%d0%b5%d1%80%d0%bd%d0%b5%d0%bd%d0%bd%d1%8f-%d1%82%d0%be%d0%b2%d0%b0%d1%80%d1%83\/#breadcrumb\",\"itemListElement\":[{\"@type\":\"ListItem\",\"position\":1,\"name\":\"Home\",\"item\":\"https:\/\/glasir.com.ua\/\"},{\"@type\":\"ListItem\",\"position\":2,\"name\":\"\u0423\u043c\u043e\u0432\u0438 \u043f\u043e\u0432\u0435\u0440\u043d\u0435\u043d\u043d\u044f \u0442\u043e\u0432\u0430\u0440\u0443\"}]},{\"@type\":\"WebSite\",\"@id\":\"https:\/\/glasir.com.ua\/#website\",\"url\":\"https:\/\/glasir.com.ua\/\",\"name\":\"Glasir\",\"description\":\"\u041d\u0435\u043c\u0430\u0454 \u043f\u043e\u0440\u0456\u0432\u043d\u044f\u043d\u043d\u044f.\",\"publisher\":{\"@id\":\"https:\/\/glasir.com.ua\/#organization\"},\"potentialAction\":[{\"@type\":\"SearchAction\",\"target\":{\"@type\":\"EntryPoint\",\"urlTemplate\":\"https:\/\/glasir.com.ua\/?s={search_term_string}\"},\"query-input\":{\"@type\":\"PropertyValueSpecification\",\"valueRequired\":true,\"valueName\":\"search_term_string\"}}],\"inLanguage\":\"de\"},{\"@type\":\"Organization\",\"@id\":\"https:\/\/glasir.com.ua\/#organization\",\"name\":\"Glasir\",\"url\":\"https:\/\/glasir.com.ua\/\",\"logo\":{\"@type\":\"ImageObject\",\"inLanguage\":\"de\",\"@id\":\"https:\/\/glasir.com.ua\/#\/schema\/logo\/image\/\",\"url\":\"https:\/\/glasir.com.ua\/wp-content\/uploads\/2023\/06\/cropped-llc-glasir.png\",\"contentUrl\":\"https:\/\/glasir.com.ua\/wp-content\/uploads\/2023\/06\/cropped-llc-glasir.png\",\"width\":250,\"height\":250,\"caption\":\"Glasir\"},\"image\":{\"@id\":\"https:\/\/glasir.com.ua\/#\/schema\/logo\/image\/\"},\"sameAs\":[\"https:\/\/www.pinterest.com\/llc_glasir\",\"https:\/\/g.co\/kgs\/7CK1iZr\"]}]}<\/script>\n<!-- \/ Yoast SEO plugin. -->","yoast_head_json":{"title":"R\u00fcckgabebedingungen f\u00fcr Waren - Glasir","robots":{"index":"index","follow":"follow","max-snippet":"max-snippet:-1","max-image-preview":"max-image-preview:large","max-video-preview":"max-video-preview:-1"},"canonical":"https:\/\/glasir.com.ua\/de\/\u0443\u043c\u043e\u0432\u0438-\u043f\u043e\u0432\u0435\u0440\u043d\u0435\u043d\u043d\u044f-\u0442\u043e\u0432\u0430\u0440\u0443\/","og_locale":"de_DE","og_type":"article","og_title":"\u0423\u043c\u043e\u0432\u0438 \u043f\u043e\u0432\u0435\u0440\u043d\u0435\u043d\u043d\u044f \u0442\u043e\u0432\u0430\u0440\u0443 - Glasir","og_description":"\u041a\u043e\u043c\u043f\u0430\u043d\u0456\u044f \u0437\u0434\u0456\u0439\u0441\u043d\u044e\u0454 \u043f\u043e\u0432\u0435\u0440\u043d\u0435\u043d\u043d\u044f \u0432\u0456\u0434\u043f\u043e\u0432\u0456\u0434\u043d\u043e \u0434\u043e \u0417\u0430\u043a\u043e\u043d\u0443 \u00ab\u041f\u0440\u043e \u0437\u0430\u0445\u0438\u0441\u0442 \u043f\u0440\u0430\u0432 \u0441\u043f\u043e\u0436\u0438\u0432\u0430\u0447\u0456\u0432\u00bb.\u0421\u0442\u0430\u0442\u0442\u0435\u044e 9 \u0447\u0438\u043d\u043d\u043e\u0433\u043e \u0417\u0430\u043a\u043e\u043d\u0443 \u0423\u043a\u0440\u0430\u0457\u043d\u0438 \u00ab\u041f\u0440\u043e \u0437\u0430\u0445\u0438\u0441\u0442 \u043f\u0440\u0430\u0432 \u0441\u043f\u043e\u0436\u0438\u0432\u0430\u0447\u0456\u0432\u00bb \u043f\u0435\u0440\u0435\u0434\u0431\u0430\u0447\u0435\u043d\u043e \u043f\u0440\u0430\u0432\u043e \u0441\u043f\u043e\u0436\u0438\u0432\u0430\u0447\u0430 \u043e\u0431\u043c\u0456\u043d\u044f\u0442\u0438 \u043d\u0435\u043f\u0440\u043e\u0434\u043e\u0432\u043e\u043b\u044c\u0447\u0438\u0439 \u0442\u043e\u0432\u0430\u0440 \u043d\u0430\u043b\u0435\u0436\u043d\u043e\u0457 \u044f\u043a\u043e\u0441\u0442\u0456 \u043d\u0430 \u0430\u043d\u0430\u043b\u043e\u0433\u0456\u0447\u043d\u0438\u0439, \u044f\u043a\u0449\u043e \u043a\u0443\u043f\u043b\u0435\u043d\u0438\u0439 \u0442\u043e\u0432\u0430\u0440 \u043d\u0435 \u043f\u0456\u0434\u0456\u0439\u0448\u043e\u0432 \u0437\u0430 \u0444\u043e\u0440\u043c\u043e\u044e, \u0433\u0430\u0431\u0430\u0440\u0438\u0442\u0430\u043c\u0438, \u0444\u0430\u0441\u043e\u043d\u043e\u043c, \u043a\u043e\u043b\u044c\u043e\u0440\u043e\u043c, \u0440\u043e\u0437\u043c\u0456\u0440\u043e\u043c \u0430\u0431\u043e \u0437 \u0456\u043d\u0448\u0438\u0445 \u043f\u0440\u0438\u0447\u0438\u043d \u043d\u0435 \u043c\u043e\u0436\u0435 \u0431\u0443\u0442\u0438 \u0432\u0438\u043a\u043e\u0440\u0438\u0441\u0442\u0430\u043d\u0438\u0439 \u0437\u0430 \u043f\u0440\u0438\u0437\u043d\u0430\u0447\u0435\u043d\u043d\u044f\u043c, \u044f\u043a\u0449\u043e \u0434\u0430\u043d\u0438\u0439 \u0442\u043e\u0432\u0430\u0440 \u043d\u0435 \u0432\u0438\u043a\u043e\u0440\u0438\u0441\u0442\u043e\u0432\u0443\u0432\u0430\u0432\u0441\u044f \u0456 &hellip; \u201e\u0423\u043c\u043e\u0432\u0438 \u043f\u043e\u0432\u0435\u0440\u043d\u0435\u043d\u043d\u044f \u0442\u043e\u0432\u0430\u0440\u0443\u201c weiterlesen","og_url":"https:\/\/glasir.com.ua\/de\/\u0443\u043c\u043e\u0432\u0438-\u043f\u043e\u0432\u0435\u0440\u043d\u0435\u043d\u043d\u044f-\u0442\u043e\u0432\u0430\u0440\u0443\/","og_site_name":"Glasir","article_modified_time":"2025-10-03T08:13:47+00:00","og_image":[{"width":2560,"height":1706,"url":"http:\/\/glasir.com.ua\/wp-content\/uploads\/2023\/09\/giorgio-trovato-bYhDEWgqYLM-unsplash-scaled.jpg","type":"image\/jpeg"}],"twitter_card":"summary_large_image","twitter_misc":{"Gesch\u00e4tzte Lesezeit":"3\u00a0Minuten"},"schema":{"@context":"https:\/\/schema.org","@graph":[{"@type":"WebPage","@id":"https:\/\/glasir.com.ua\/%d1%83%d0%bc%d0%be%d0%b2%d0%b8-%d0%bf%d0%be%d0%b2%d0%b5%d1%80%d0%bd%d0%b5%d0%bd%d0%bd%d1%8f-%d1%82%d0%be%d0%b2%d0%b0%d1%80%d1%83\/","url":"https:\/\/glasir.com.ua\/%d1%83%d0%bc%d0%be%d0%b2%d0%b8-%d0%bf%d0%be%d0%b2%d0%b5%d1%80%d0%bd%d0%b5%d0%bd%d0%bd%d1%8f-%d1%82%d0%be%d0%b2%d0%b0%d1%80%d1%83\/","name":"R\u00fcckgabebedingungen f\u00fcr Waren - Glasir","isPartOf":{"@id":"https:\/\/glasir.com.ua\/#website"},"primaryImageOfPage":{"@id":"https:\/\/glasir.com.ua\/%d1%83%d0%bc%d0%be%d0%b2%d0%b8-%d0%bf%d0%be%d0%b2%d0%b5%d1%80%d0%bd%d0%b5%d0%bd%d0%bd%d1%8f-%d1%82%d0%be%d0%b2%d0%b0%d1%80%d1%83\/#primaryimage"},"image":{"@id":"https:\/\/glasir.com.ua\/%d1%83%d0%bc%d0%be%d0%b2%d0%b8-%d0%bf%d0%be%d0%b2%d0%b5%d1%80%d0%bd%d0%b5%d0%bd%d0%bd%d1%8f-%d1%82%d0%be%d0%b2%d0%b0%d1%80%d1%83\/#primaryimage"},"thumbnailUrl":"https:\/\/glasir.com.ua\/wp-content\/uploads\/2023\/09\/giorgio-trovato-bYhDEWgqYLM-unsplash-scaled.jpg","datePublished":"2023-09-28T17:30:51+00:00","dateModified":"2025-10-03T08:13:47+00:00","breadcrumb":{"@id":"https:\/\/glasir.com.ua\/%d1%83%d0%bc%d0%be%d0%b2%d0%b8-%d0%bf%d0%be%d0%b2%d0%b5%d1%80%d0%bd%d0%b5%d0%bd%d0%bd%d1%8f-%d1%82%d0%be%d0%b2%d0%b0%d1%80%d1%83\/#breadcrumb"},"inLanguage":"de","potentialAction":[{"@type":"ReadAction","target":["https:\/\/glasir.com.ua\/%d1%83%d0%bc%d0%be%d0%b2%d0%b8-%d0%bf%d0%be%d0%b2%d0%b5%d1%80%d0%bd%d0%b5%d0%bd%d0%bd%d1%8f-%d1%82%d0%be%d0%b2%d0%b0%d1%80%d1%83\/"]}]},{"@type":"ImageObject","inLanguage":"de","@id":"https:\/\/glasir.com.ua\/%d1%83%d0%bc%d0%be%d0%b2%d0%b8-%d0%bf%d0%be%d0%b2%d0%b5%d1%80%d0%bd%d0%b5%d0%bd%d0%bd%d1%8f-%d1%82%d0%be%d0%b2%d0%b0%d1%80%d1%83\/#primaryimage","url":"https:\/\/glasir.com.ua\/wp-content\/uploads\/2023\/09\/giorgio-trovato-bYhDEWgqYLM-unsplash-scaled.jpg","contentUrl":"https:\/\/glasir.com.ua\/wp-content\/uploads\/2023\/09\/giorgio-trovato-bYhDEWgqYLM-unsplash-scaled.jpg","width":2560,"height":1706},{"@type":"BreadcrumbList","@id":"https:\/\/glasir.com.ua\/%d1%83%d0%bc%d0%be%d0%b2%d0%b8-%d0%bf%d0%be%d0%b2%d0%b5%d1%80%d0%bd%d0%b5%d0%bd%d0%bd%d1%8f-%d1%82%d0%be%d0%b2%d0%b0%d1%80%d1%83\/#breadcrumb","itemListElement":[{"@type":"ListItem","position":1,"name":"Home","item":"https:\/\/glasir.com.ua\/"},{"@type":"ListItem","position":2,"name":"\u0423\u043c\u043e\u0432\u0438 \u043f\u043e\u0432\u0435\u0440\u043d\u0435\u043d\u043d\u044f \u0442\u043e\u0432\u0430\u0440\u0443"}]},{"@type":"WebSite","@id":"https:\/\/glasir.com.ua\/#website","url":"https:\/\/glasir.com.ua\/","name":"Glasir","description":"Es gibt keinen Vergleich.","publisher":{"@id":"https:\/\/glasir.com.ua\/#organization"},"potentialAction":[{"@type":"SearchAction","target":{"@type":"EntryPoint","urlTemplate":"https:\/\/glasir.com.ua\/?s={search_term_string}"},"query-input":{"@type":"PropertyValueSpecification","valueRequired":true,"valueName":"search_term_string"}}],"inLanguage":"de"},{"@type":"Organization","@id":"https:\/\/glasir.com.ua\/#organization","name":"Glasir","url":"https:\/\/glasir.com.ua\/","logo":{"@type":"ImageObject","inLanguage":"de","@id":"https:\/\/glasir.com.ua\/#\/schema\/logo\/image\/","url":"https:\/\/glasir.com.ua\/wp-content\/uploads\/2023\/06\/cropped-llc-glasir.png","contentUrl":"https:\/\/glasir.com.ua\/wp-content\/uploads\/2023\/06\/cropped-llc-glasir.png","width":250,"height":250,"caption":"Glasir"},"image":{"@id":"https:\/\/glasir.com.ua\/#\/schema\/logo\/image\/"},"sameAs":["https:\/\/www.pinterest.com\/llc_glasir","https:\/\/g.co\/kgs\/7CK1iZr"]}]}},"_links":{"self":[{"href":"https:\/\/glasir.com.ua\/de\/wp-json\/wp\/v2\/pages\/587","targetHints":{"allow":["GET"]}}],"collection":[{"href":"https:\/\/glasir.com.ua\/de\/wp-json\/wp\/v2\/pages"}],"about":[{"href":"https:\/\/glasir.com.ua\/de\/wp-json\/wp\/v2\/types\/page"}],"author":[{"embeddable":true,"href":"https:\/\/glasir.com.ua\/de\/wp-json\/wp\/v2\/users\/1"}],"replies":[{"embeddable":true,"href":"https:\/\/glasir.com.ua\/de\/wp-json\/wp\/v2\/comments?post=587"}],"version-history":[{"count":1,"href":"https:\/\/glasir.com.ua\/de\/wp-json\/wp\/v2\/pages\/587\/revisions"}],"predecessor-version":[{"id":2106,"href":"https:\/\/glasir.com.ua\/de\/wp-json\/wp\/v2\/pages\/587\/revisions\/2106"}],"wp:featuredmedia":[{"embeddable":true,"href":"https:\/\/glasir.com.ua\/de\/wp-json\/wp\/v2\/media\/591"}],"wp:attachment":[{"href":"https:\/\/glasir.com.ua\/de\/wp-json\/wp\/v2\/media?parent=587"}],"curies":[{"name":"wp","href":"https:\/\/api.w.org\/{rel}","templated":true}]}}