{"id":271,"date":"2023-09-16T22:01:35","date_gmt":"2023-09-16T19:01:35","guid":{"rendered":"https:\/\/glasir.com.ua\/homepage-2\/"},"modified":"2025-03-28T12:54:08","modified_gmt":"2025-03-28T10:54:08","slug":"homepage-2","status":"publish","type":"page","link":"https:\/\/glasir.com.ua\/de\/","title":{"rendered":"Startseite"},"content":{"rendered":"<p><strong>Willkommen bei Glasir.<\/strong><\/p>\n\n\n\n<p>Ihr One-Stop-Ziel, um einen Hauch Italien zu erleben und ein strahlendes L\u00e4cheln zu bekommen.<\/p>\n\n\n\n<p>Wenn unsere Pr\u00e4sentation geschrieben w\u00e4re <a href=\"https:\/\/de.wikipedia.org\/wiki\/K\u00fcnstliche_Intelligenz\" data-type=\"URL\" data-id=\"https:\/\/uk.wikipedia.org\/wiki\/\u0428\u0442\u0443\u0447\u043d\u0438\u0439_\u0456\u043d\u0442\u0435\u043b\u0435\u043a\u0442\">k\u00fcnstliche Intelligenz<\/a>, w\u00fcrde es ungef\u00e4hr so aussehen:<\/p>\n\n\n\n<p><em>Entdecken Sie unsere charmanten Apartments, genie\u00dfen Sie authentische italienische Lebensmittel und erlesene Weine und verbessern Sie Ihre t\u00e4gliche Mundpflege mit unseren Premiumprodukten. Erleben Sie La Dolce Vita mit unserer einzigartigen Mischung aus Luxus und Komfort.<\/em><\/p>\n\n\n<div  class=\"dgwt-wcas-search-wrapp dgwt-wcas-is-detail-box dgwt-wcas-has-submit woocommerce dgwt-wcas-style-pirx js-dgwt-wcas-layout-classic dgwt-wcas-layout-classic js-dgwt-wcas-mobile-overlay-enabled\">\n\t\t<form class=\"dgwt-wcas-search-form\" role=\"search\" action=\"https:\/\/glasir.com.ua\/de\/\" method=\"get\" data-trp-original-action=\"https:\/\/glasir.com.ua\/de\/\">\n\t\t<div class=\"dgwt-wcas-sf-wrapp\">\n\t\t\t\t\t\t<label class=\"screen-reader-text\"\n\t\t\t\tfor=\"dgwt-wcas-search-input-1\">\n\t\t\t\tProduktsuche\t\t\t<\/label>\n\n\t\t\t<input\n\t\t\t\tid=\"dgwt-wcas-search-input-1\"\n\t\t\t\ttype=\"search\"\n\t\t\t\tclass=\"dgwt-wcas-search-input\"\n\t\t\t\tname=\"s\"\n\t\t\t\tvalue=\"\"\n\t\t\t\tplaceholder=\"Produktsuche...\"\n\t\t\t\tautocomplete=\"off\"\n\t\t\t\t\t\t\t\/>\n\t\t\t<div class=\"dgwt-wcas-preloader\"><\/div>\n\n\t\t\t<div class=\"dgwt-wcas-voice-search\"><\/div>\n\n\t\t\t\t\t\t\t<button type=\"submit\"\n\t\t\t\t\t\taria-label=\"Suchen\"\n\t\t\t\t\t\tclass=\"dgwt-wcas-search-submit\">\t\t\t\t<svg\n\t\t\t\t\tclass=\"dgwt-wcas-ico-magnifier\" xmlns=\"http:\/\/www.w3.org\/2000\/svg\" width=\"18\" height=\"18\" viewbox=\"0 0 18 18\">\n\t\t\t\t\t<path  d=\" M 16.722523,17.901412 C 16.572585,17.825208 15.36088,16.670476 14.029846,15.33534 L 11.609782,12.907819 11.01926,13.29667 C 8.7613237,14.783493 5.6172703,14.768302 3.332423,13.259528 -0.07366363,11.010358 -1.0146502,6.5989684 1.1898146,3.2148776\t\t\t\t\t1.5505179,2.6611594 2.4056498,1.7447266 2.9644271,1.3130497 3.4423015,0.94387379 4.3921825,0.48568469 5.1732652,0.2475835 5.886299,0.03022609 6.1341883,0 7.2037391,0 8.2732897,0 8.521179,0.03022609 9.234213,0.2475835 c 0.781083,0.23810119 1.730962,0.69629029 2.208837,1.0654662\t\t\t\t\t0.532501,0.4113763 1.39922,1.3400096 1.760153,1.8858877 1.520655,2.2998531 1.599025,5.3023778 0.199549,7.6451086 -0.208076,0.348322 -0.393306,0.668209 -0.411622,0.710863 -0.01831,0.04265 1.065556,1.18264 2.408603,2.533307 1.343046,1.350666 2.486621,2.574792 2.541278,2.720279 0.282475,0.7519\t\t\t\t\t-0.503089,1.456506 -1.218488,1.092917 z M 8.4027892,12.475062 C 9.434946,12.25579 10.131043,11.855461 10.99416,10.984753 11.554519,10.419467 11.842507,10.042366 12.062078,9.5863882 12.794223,8.0659672 12.793657,6.2652398 12.060578,4.756293 11.680383,3.9737304 10.453587,2.7178427\t\t\t\t\t9.730569,2.3710306 8.6921295,1.8729196 8.3992147,1.807606 7.2037567,1.807606 6.0082984,1.807606 5.7153841,1.87292 4.6769446,2.3710306 3.9539263,2.7178427 2.7271301,3.9737304 2.3469352,4.756293 1.6138384,6.2652398 1.6132726,8.0659672 2.3454252,9.5863882 c 0.4167354,0.8654208 1.5978784,2.0575608\t\t\t\t\t2.4443766,2.4671358 1.0971012,0.530827 2.3890403,0.681561 3.6130134,0.421538 z\t\t\t\t\t\"\/>\n\t\t\t\t<\/svg>\n\t\t\t\t<\/button>\n\t\t\t\n\t\t\t<input type=\"hidden\" name=\"post_type\" value=\"product\"\/>\n\t\t\t<input type=\"hidden\" name=\"dgwt_wcas\" value=\"1\"\/>\n\n\t\t\t\n\t\t\t\t\t<\/div>\n\t<input type=\"hidden\" name=\"trp-form-language\" value=\"de\"\/><\/form>\n<\/div>\n\n\n\n<p><\/p>","protected":false},"excerpt":{"rendered":"<p>Willkommen bei Glasir. Ihr One-Stop-Ziel, um einen Hauch Italien zu erleben und ein strahlendes L\u00e4cheln zu bekommen. W\u00fcrde unsere Pr\u00e4sentation von einer k\u00fcnstlichen Intelligenz geschrieben, s\u00e4he sie ungef\u00e4hr so aus: Entdecken Sie unsere charmanten Apartments, genie\u00dfen Sie authentische italienische Lebensmittel und erlesene Weine und verbessern Sie Ihre t\u00e4gliche Mundpflege mit unseren Premium-Produkten. F\u00fchlen \u2026 <\/p>\n<p class=\"link-more\"><a href=\"https:\/\/glasir.com.ua\/de\/\" class=\"more-link\"><span class=\"screen-reader-text\">&quot;Startseite&quot; <\/span>mehr lesen<\/a><\/p>","protected":false},"author":1,"featured_media":0,"parent":0,"menu_order":0,"comment_status":"closed","ping_status":"closed","template":"","meta":{"footnotes":""},"class_list":["post-271","page","type-page","status-publish","hentry"],"yoast_head":"<!-- This site is optimized with the Yoast SEO plugin v27.2 - https:\/\/yoast.com\/product\/yoast-seo-wordpress\/ -->\n<title>\u0413\u043e\u043b\u043e\u0432\u043d\u0430 \u0441\u0442\u043e\u0440\u0456\u043d\u043a\u0430 - Glasir<\/title>\n<meta name=\"robots\" content=\"index, follow, max-snippet:-1, max-image-preview:large, max-video-preview:-1\" \/>\n<link rel=\"canonical\" href=\"https:\/\/glasir.com.ua\/de\/\" \/>\n<meta property=\"og:locale\" content=\"de_DE\" \/>\n<meta property=\"og:type\" content=\"article\" \/>\n<meta property=\"og:title\" content=\"\u0413\u043e\u043b\u043e\u0432\u043d\u0430 \u0441\u0442\u043e\u0440\u0456\u043d\u043a\u0430 - Glasir\" \/>\n<meta property=\"og:description\" content=\"\u041b\u0430\u0441\u043a\u0430\u0432\u043e \u043f\u0440\u043e\u0441\u0438\u043c\u043e \u0432 Glasir. \u0412\u0430\u0448 \u0454\u0434\u0438\u043d\u0438\u0439 \u043f\u0443\u043d\u043a\u0442 \u043f\u0440\u0438\u0437\u043d\u0430\u0447\u0435\u043d\u043d\u044f, \u0449\u043e\u0431 \u0432\u0456\u0434\u0447\u0443\u0442\u0438 \u0441\u043c\u0430\u043a \u0406\u0442\u0430\u043b\u0456\u0457 \u0442\u0430 \u043c\u0430\u0442\u0438 \u0431\u043b\u0438\u0441\u043a\u0443\u0447\u0443 \u043f\u043e\u0441\u043c\u0456\u0448\u043a\u0443. \u042f\u043a\u0431\u0438 \u043d\u0430\u0448\u0430 \u043f\u0440\u0435\u0437\u0435\u043d\u0442\u0430\u0446\u0456\u044f \u0431\u0443\u043b\u0430 \u043d\u0430\u043f\u0438\u0441\u0430\u043d\u0430 \u0448\u0442\u0443\u0447\u043d\u0438\u043c \u0456\u043d\u0442\u0435\u043b\u0435\u043a\u0442\u043e\u043c, \u0432\u043e\u043d\u0430 \u0432\u0438\u0433\u043b\u044f\u0434\u0430\u043b\u0430 \u0431 \u043f\u0440\u0438\u0431\u043b\u0438\u0437\u043d\u043e \u0442\u0430\u043a: \u0412\u0456\u0434\u043a\u0440\u0438\u0439\u0442\u0435 \u0434\u043b\u044f \u0441\u0435\u0431\u0435 \u043d\u0430\u0448\u0456 \u0447\u0430\u0440\u0456\u0432\u043d\u0456 \u0430\u043f\u0430\u0440\u0442\u0430\u043c\u0435\u043d\u0442\u0438, \u043d\u0430\u0441\u043e\u043b\u043e\u0434\u0456\u0442\u044c\u0441\u044f \u0441\u043f\u0440\u0430\u0432\u0436\u043d\u044c\u043e\u044e \u0456\u0442\u0430\u043b\u0456\u0439\u0441\u044c\u043a\u043e\u044e \u0431\u0430\u043a\u0430\u043b\u0456\u0454\u044e \u0442\u0430 \u0432\u0438\u0448\u0443\u043a\u0430\u043d\u0438\u043c\u0438 \u0432\u0438\u043d\u0430\u043c\u0438 \u0442\u0430 \u0432\u0434\u043e\u0441\u043a\u043e\u043d\u0430\u043b\u0456\u0442\u044c \u0441\u0432\u0456\u0439 \u0449\u043e\u0434\u0435\u043d\u043d\u0438\u0439 \u0434\u043e\u0433\u043b\u044f\u0434 \u0437\u0430 \u0440\u043e\u0442\u043e\u0432\u043e\u044e \u043f\u043e\u0440\u043e\u0436\u043d\u0438\u043d\u043e\u044e \u0437\u0430 \u0434\u043e\u043f\u043e\u043c\u043e\u0433\u043e\u044e \u043d\u0430\u0448\u0438\u0445 \u043f\u0440\u043e\u0434\u0443\u043a\u0442\u0456\u0432 \u043f\u0440\u0435\u043c\u0456\u0443\u043c-\u043a\u043b\u0430\u0441\u0443. \u0412\u0456\u0434\u0447\u0443\u0439\u0442\u0435 &hellip; \u201e\u0413\u043e\u043b\u043e\u0432\u043d\u0430 \u0441\u0442\u043e\u0440\u0456\u043d\u043a\u0430\u201c weiterlesen\" \/>\n<meta property=\"og:url\" content=\"https:\/\/glasir.com.ua\/de\/\" \/>\n<meta property=\"og:site_name\" content=\"Glasir\" \/>\n<meta property=\"article:modified_time\" content=\"2025-03-28T10:54:08+00:00\" \/>\n<meta property=\"og:image\" content=\"https:\/\/glasir.com.ua\/wp-content\/uploads\/2023\/06\/glasir-there-is-no-comparison-1.png\" \/>\n\t<meta property=\"og:image:width\" content=\"3156\" \/>\n\t<meta property=\"og:image:height\" content=\"3065\" \/>\n\t<meta property=\"og:image:type\" content=\"image\/png\" \/>\n<meta name=\"twitter:card\" content=\"summary_large_image\" \/>\n<script type=\"application\/ld+json\" class=\"yoast-schema-graph\">{\"@context\":\"https:\/\/schema.org\",\"@graph\":[{\"@type\":\"WebPage\",\"@id\":\"https:\/\/glasir.com.ua\/\",\"url\":\"https:\/\/glasir.com.ua\/\",\"name\":\"\u0413\u043e\u043b\u043e\u0432\u043d\u0430 \u0441\u0442\u043e\u0440\u0456\u043d\u043a\u0430 - Glasir\",\"isPartOf\":{\"@id\":\"https:\/\/glasir.com.ua\/#website\"},\"datePublished\":\"2023-09-16T19:01:35+00:00\",\"dateModified\":\"2025-03-28T10:54:08+00:00\",\"breadcrumb\":{\"@id\":\"https:\/\/glasir.com.ua\/#breadcrumb\"},\"inLanguage\":\"de\",\"potentialAction\":[{\"@type\":\"ReadAction\",\"target\":[\"https:\/\/glasir.com.ua\/\"]}]},{\"@type\":\"BreadcrumbList\",\"@id\":\"https:\/\/glasir.com.ua\/#breadcrumb\",\"itemListElement\":[{\"@type\":\"ListItem\",\"position\":1,\"name\":\"Home\",\"item\":\"https:\/\/glasir.com.ua\/\"},{\"@type\":\"ListItem\",\"position\":2,\"name\":\"\u0413\u043e\u043b\u043e\u0432\u043d\u0430 \u0441\u0442\u043e\u0440\u0456\u043d\u043a\u0430\"}]},{\"@type\":\"WebSite\",\"@id\":\"https:\/\/glasir.com.ua\/#website\",\"url\":\"https:\/\/glasir.com.ua\/\",\"name\":\"Glasir\",\"description\":\"\u041d\u0435\u043c\u0430\u0454 \u043f\u043e\u0440\u0456\u0432\u043d\u044f\u043d\u043d\u044f.\",\"publisher\":{\"@id\":\"https:\/\/glasir.com.ua\/#organization\"},\"potentialAction\":[{\"@type\":\"SearchAction\",\"target\":{\"@type\":\"EntryPoint\",\"urlTemplate\":\"https:\/\/glasir.com.ua\/?s={search_term_string}\"},\"query-input\":{\"@type\":\"PropertyValueSpecification\",\"valueRequired\":true,\"valueName\":\"search_term_string\"}}],\"inLanguage\":\"de\"},{\"@type\":\"Organization\",\"@id\":\"https:\/\/glasir.com.ua\/#organization\",\"name\":\"Glasir\",\"url\":\"https:\/\/glasir.com.ua\/\",\"logo\":{\"@type\":\"ImageObject\",\"inLanguage\":\"de\",\"@id\":\"https:\/\/glasir.com.ua\/#\/schema\/logo\/image\/\",\"url\":\"https:\/\/glasir.com.ua\/wp-content\/uploads\/2023\/06\/cropped-llc-glasir.png\",\"contentUrl\":\"https:\/\/glasir.com.ua\/wp-content\/uploads\/2023\/06\/cropped-llc-glasir.png\",\"width\":250,\"height\":250,\"caption\":\"Glasir\"},\"image\":{\"@id\":\"https:\/\/glasir.com.ua\/#\/schema\/logo\/image\/\"},\"sameAs\":[\"https:\/\/www.pinterest.com\/llc_glasir\",\"https:\/\/g.co\/kgs\/7CK1iZr\"]}]}<\/script>\n<!-- \/ Yoast SEO plugin. -->","yoast_head_json":{"title":"Startseite - Glasir","robots":{"index":"index","follow":"follow","max-snippet":"max-snippet:-1","max-image-preview":"max-image-preview:large","max-video-preview":"max-video-preview:-1"},"canonical":"https:\/\/glasir.com.ua\/de\/","og_locale":"de_DE","og_type":"article","og_title":"\u0413\u043e\u043b\u043e\u0432\u043d\u0430 \u0441\u0442\u043e\u0440\u0456\u043d\u043a\u0430 - Glasir","og_description":"\u041b\u0430\u0441\u043a\u0430\u0432\u043e \u043f\u0440\u043e\u0441\u0438\u043c\u043e \u0432 Glasir. \u0412\u0430\u0448 \u0454\u0434\u0438\u043d\u0438\u0439 \u043f\u0443\u043d\u043a\u0442 \u043f\u0440\u0438\u0437\u043d\u0430\u0447\u0435\u043d\u043d\u044f, \u0449\u043e\u0431 \u0432\u0456\u0434\u0447\u0443\u0442\u0438 \u0441\u043c\u0430\u043a \u0406\u0442\u0430\u043b\u0456\u0457 \u0442\u0430 \u043c\u0430\u0442\u0438 \u0431\u043b\u0438\u0441\u043a\u0443\u0447\u0443 \u043f\u043e\u0441\u043c\u0456\u0448\u043a\u0443. \u042f\u043a\u0431\u0438 \u043d\u0430\u0448\u0430 \u043f\u0440\u0435\u0437\u0435\u043d\u0442\u0430\u0446\u0456\u044f \u0431\u0443\u043b\u0430 \u043d\u0430\u043f\u0438\u0441\u0430\u043d\u0430 \u0448\u0442\u0443\u0447\u043d\u0438\u043c \u0456\u043d\u0442\u0435\u043b\u0435\u043a\u0442\u043e\u043c, \u0432\u043e\u043d\u0430 \u0432\u0438\u0433\u043b\u044f\u0434\u0430\u043b\u0430 \u0431 \u043f\u0440\u0438\u0431\u043b\u0438\u0437\u043d\u043e \u0442\u0430\u043a: \u0412\u0456\u0434\u043a\u0440\u0438\u0439\u0442\u0435 \u0434\u043b\u044f \u0441\u0435\u0431\u0435 \u043d\u0430\u0448\u0456 \u0447\u0430\u0440\u0456\u0432\u043d\u0456 \u0430\u043f\u0430\u0440\u0442\u0430\u043c\u0435\u043d\u0442\u0438, \u043d\u0430\u0441\u043e\u043b\u043e\u0434\u0456\u0442\u044c\u0441\u044f \u0441\u043f\u0440\u0430\u0432\u0436\u043d\u044c\u043e\u044e \u0456\u0442\u0430\u043b\u0456\u0439\u0441\u044c\u043a\u043e\u044e \u0431\u0430\u043a\u0430\u043b\u0456\u0454\u044e \u0442\u0430 \u0432\u0438\u0448\u0443\u043a\u0430\u043d\u0438\u043c\u0438 \u0432\u0438\u043d\u0430\u043c\u0438 \u0442\u0430 \u0432\u0434\u043e\u0441\u043a\u043e\u043d\u0430\u043b\u0456\u0442\u044c \u0441\u0432\u0456\u0439 \u0449\u043e\u0434\u0435\u043d\u043d\u0438\u0439 \u0434\u043e\u0433\u043b\u044f\u0434 \u0437\u0430 \u0440\u043e\u0442\u043e\u0432\u043e\u044e \u043f\u043e\u0440\u043e\u0436\u043d\u0438\u043d\u043e\u044e \u0437\u0430 \u0434\u043e\u043f\u043e\u043c\u043e\u0433\u043e\u044e \u043d\u0430\u0448\u0438\u0445 \u043f\u0440\u043e\u0434\u0443\u043a\u0442\u0456\u0432 \u043f\u0440\u0435\u043c\u0456\u0443\u043c-\u043a\u043b\u0430\u0441\u0443. \u0412\u0456\u0434\u0447\u0443\u0439\u0442\u0435 &hellip; \u201e\u0413\u043e\u043b\u043e\u0432\u043d\u0430 \u0441\u0442\u043e\u0440\u0456\u043d\u043a\u0430\u201c weiterlesen","og_url":"https:\/\/glasir.com.ua\/de\/","og_site_name":"Glasir","article_modified_time":"2025-03-28T10:54:08+00:00","og_image":[{"width":3156,"height":3065,"url":"https:\/\/glasir.com.ua\/wp-content\/uploads\/2023\/06\/glasir-there-is-no-comparison-1.png","type":"image\/png"}],"twitter_card":"summary_large_image","schema":{"@context":"https:\/\/schema.org","@graph":[{"@type":"WebPage","@id":"https:\/\/glasir.com.ua\/","url":"https:\/\/glasir.com.ua\/","name":"Startseite - Glasir","isPartOf":{"@id":"https:\/\/glasir.com.ua\/#website"},"datePublished":"2023-09-16T19:01:35+00:00","dateModified":"2025-03-28T10:54:08+00:00","breadcrumb":{"@id":"https:\/\/glasir.com.ua\/#breadcrumb"},"inLanguage":"de","potentialAction":[{"@type":"ReadAction","target":["https:\/\/glasir.com.ua\/"]}]},{"@type":"BreadcrumbList","@id":"https:\/\/glasir.com.ua\/#breadcrumb","itemListElement":[{"@type":"ListItem","position":1,"name":"Home","item":"https:\/\/glasir.com.ua\/"},{"@type":"ListItem","position":2,"name":"\u0413\u043e\u043b\u043e\u0432\u043d\u0430 \u0441\u0442\u043e\u0440\u0456\u043d\u043a\u0430"}]},{"@type":"WebSite","@id":"https:\/\/glasir.com.ua\/#website","url":"https:\/\/glasir.com.ua\/","name":"Glasir","description":"Es gibt keinen Vergleich.","publisher":{"@id":"https:\/\/glasir.com.ua\/#organization"},"potentialAction":[{"@type":"SearchAction","target":{"@type":"EntryPoint","urlTemplate":"https:\/\/glasir.com.ua\/?s={search_term_string}"},"query-input":{"@type":"PropertyValueSpecification","valueRequired":true,"valueName":"search_term_string"}}],"inLanguage":"de"},{"@type":"Organization","@id":"https:\/\/glasir.com.ua\/#organization","name":"Glasir","url":"https:\/\/glasir.com.ua\/","logo":{"@type":"ImageObject","inLanguage":"de","@id":"https:\/\/glasir.com.ua\/#\/schema\/logo\/image\/","url":"https:\/\/glasir.com.ua\/wp-content\/uploads\/2023\/06\/cropped-llc-glasir.png","contentUrl":"https:\/\/glasir.com.ua\/wp-content\/uploads\/2023\/06\/cropped-llc-glasir.png","width":250,"height":250,"caption":"Glasir"},"image":{"@id":"https:\/\/glasir.com.ua\/#\/schema\/logo\/image\/"},"sameAs":["https:\/\/www.pinterest.com\/llc_glasir","https:\/\/g.co\/kgs\/7CK1iZr"]}]}},"_links":{"self":[{"href":"https:\/\/glasir.com.ua\/de\/wp-json\/wp\/v2\/pages\/271","targetHints":{"allow":["GET"]}}],"collection":[{"href":"https:\/\/glasir.com.ua\/de\/wp-json\/wp\/v2\/pages"}],"about":[{"href":"https:\/\/glasir.com.ua\/de\/wp-json\/wp\/v2\/types\/page"}],"author":[{"embeddable":true,"href":"https:\/\/glasir.com.ua\/de\/wp-json\/wp\/v2\/users\/1"}],"replies":[{"embeddable":true,"href":"https:\/\/glasir.com.ua\/de\/wp-json\/wp\/v2\/comments?post=271"}],"version-history":[{"count":0,"href":"https:\/\/glasir.com.ua\/de\/wp-json\/wp\/v2\/pages\/271\/revisions"}],"wp:attachment":[{"href":"https:\/\/glasir.com.ua\/de\/wp-json\/wp\/v2\/media?parent=271"}],"curies":[{"name":"wp","href":"https:\/\/api.w.org\/{rel}","templated":true}]}}