{"id":14,"date":"2023-05-19T13:07:30","date_gmt":"2023-05-19T10:07:30","guid":{"rendered":"http:\/\/glasir.com.ua\/?page_id=14"},"modified":"2025-12-09T14:02:14","modified_gmt":"2025-12-09T12:02:14","slug":"mundpflege","status":"publish","type":"page","link":"https:\/\/glasir.com.ua\/de\/%d0%b4%d0%be%d0%b3%d0%bb%d1%8f%d0%b4-%d0%b7%d0%b0-%d1%80%d0%be%d1%82%d0%be%d0%b2%d0%be%d1%8e-%d0%bf%d0%be%d1%80%d0%be%d0%b6%d0%bd%d0%b8%d0%bd%d0%be%d1%8e\/","title":{"rendered":"Mundpflege"},"content":{"rendered":"<p>Glasir bietet eine gro\u00dfe Auswahl an hochwertigen Mundhygieneprodukten f\u00fcr Erwachsene und Kinder. H\u00f6r zu <a href=\"http:\/\/glasir.com.ua\/de\/shop\/\" data-type=\"URL\" data-id=\"http:\/\/glasir.com.ua\/shop\/\">unser Katalog<\/a> elektrische Zahnb\u00fcrsten und Mundduschen!<\/p>\n\n\n\n<figure class=\"wp-block-video\"><video height=\"720\" style=\"aspect-ratio: 1280 \/ 720;\" width=\"1280\" controls src=\"https:\/\/glasir.com.ua\/wp-content\/uploads\/2023\/06\/video-2.mp4\"><\/video><\/figure>\n\n\n\n<figure class=\"wp-block-video\"><video height=\"720\" style=\"aspect-ratio: 1280 \/ 720;\" width=\"1280\" controls src=\"http:\/\/glasir.com.ua\/wp-content\/uploads\/2023\/09\/glasir-x7-irygator-dlya-rotovoj-porozhnyny.mp4\"><\/video><\/figure>\n\n\n\n<figure class=\"wp-block-image size-large\"><img loading=\"lazy\" decoding=\"async\" width=\"2048\" height=\"1381\" src=\"http:\/\/glasir.com.ua\/wp-content\/uploads\/2023\/10\/apiyoo-by-glasir-2048x1381.png\" alt=\"ApiYoo von Glasir\" class=\"wp-image-630\" srcset=\"https:\/\/glasir.com.ua\/wp-content\/uploads\/2023\/10\/apiyoo-by-glasir-2048x1381.png 2048w, https:\/\/glasir.com.ua\/wp-content\/uploads\/2023\/10\/apiyoo-by-glasir-350x236.png 350w, https:\/\/glasir.com.ua\/wp-content\/uploads\/2023\/10\/apiyoo-by-glasir-64x43.png 64w, https:\/\/glasir.com.ua\/wp-content\/uploads\/2023\/10\/apiyoo-by-glasir-500x337.png 500w, https:\/\/glasir.com.ua\/wp-content\/uploads\/2023\/10\/apiyoo-by-glasir-768x518.png 768w, https:\/\/glasir.com.ua\/wp-content\/uploads\/2023\/10\/apiyoo-by-glasir-1536x1036.png 1536w\" sizes=\"auto, (max-width: 767px) 89vw, (max-width: 1000px) 54vw, (max-width: 1071px) 543px, 580px\" \/><\/figure>\n\n\n\n<p><strong>Wir sind offizieller Distributor von ApiYoo<\/strong>, <strong>ein f\u00fchrendes Unternehmen im Bereich der Mundhygiene.<\/strong><\/p>\n\n\n\n<p>ApiYoo-Produkte sind anders <strong>mit exquisitem Design und legend\u00e4rer Akkulaufzeit<\/strong> im Vergleich zur Konkurrenz bis zu 180 Tage. Bei Bedarf lassen sie sich schnell und bequem per USB aufladen. Wir testen ihre Produkte seit Monaten und sind begeistert von <strong>Verarbeitungsqualit\u00e4t<\/strong> ihre Zahnb\u00fcrsten und Mundduschen. <\/p>\n\n\n\n<p>ApiYoo \u2013 <strong>die beste Wahl f\u00fcr Kinder und Erwachsene<\/strong>. <\/p>\n\n\n\n<p>Sie m\u00f6chten ein Geschenk machen, wissen aber nicht was? Schauen Sie sich unser Set an <a href=\"https:\/\/glasir.com.ua\/de\/product\/%d0%b5%d0%bb%d0%b5%d0%ba%d1%82%d1%80%d0%b8%d1%87%d0%bd%d0%b0-%d0%b7%d1%83%d0%b1%d0%bd%d0%b0-%d1%89%d1%96%d1%82%d0%ba%d0%b0-apiyoo-t12-a-amore\/\" data-type=\"link\" data-id=\"https:\/\/glasir.com.ua\/product\/\u0435\u043b\u0435\u043a\u0442\u0440\u0438\u0447\u043d\u0430-\u0437\u0443\u0431\u043d\u0430-\u0449\u0456\u0442\u043a\u0430-apiyoo-t12-a-amore\/\">Amore<\/a>.<\/p>\n\n\n<div data-block-name=\"woocommerce\/featured-product\" data-dim-ratio=\"30\" data-edit-mode=\"false\" data-image-fit=\"cover\" data-product-id=\"207\" data-show-desc=\"false\" data-show-price=\"false\" class=\"wc-block-featured-product alignnone has-background-dim has-background-dim-30 wp-block-woocommerce-featured-product\" style=\"min-height:500px;\"><div class=\"wc-block-featured-product__wrapper\"><div class=\"background-dim__overlay\" style=\"background-color: #000000\"><\/div><img decoding=\"async\" alt=\"ApiYoo T12-A Amore kabellose elektrische Zahnb\u00fcrste (Love Set)\" class=\"wc-block-featured-product__background-image\" src=\"https:\/\/glasir.com.ua\/wp-content\/uploads\/2023\/09\/Gift-box-for-couple.jpg\" style=\"object-fit: cover;object-position: 50% 50%;\" \/><h2 class=\"wc-block-featured-product__title\">ApiYoo T12-A Amore kabellose elektrische Zahnb\u00fcrste (Love Set)<\/h2><div class=\"wc-block-featured-product__inner-blocks\">\n\n<div class=\"wp-block-buttons is-content-justification-center is-layout-flex wp-container-core-buttons-is-layout-16018d1d wp-block-buttons-is-layout-flex\">\n<div class=\"wp-block-button\"><a class=\"wp-block-button__link wp-element-button\" href=\"https:\/\/glasir.com.ua\/de\/product\/%d0%b5%d0%bb%d0%b5%d0%ba%d1%82%d1%80%d0%b8%d1%87%d0%bd%d0%b0-%d0%b7%d1%83%d0%b1%d0%bd%d0%b0-%d1%89%d1%96%d1%82%d0%ba%d0%b0-apiyoo-t12-a-amore\/\">Jetzt kaufen<\/a><\/div>\n<\/div>\n\n<\/div><\/div><\/div>","protected":false},"excerpt":{"rendered":"<p>Glasir bietet eine gro\u00dfe Auswahl an hochwertigen Mundhygieneprodukten f\u00fcr Erwachsene und Kinder. Entdecken Sie unseren Katalog an elektrischen Zahnb\u00fcrsten und Mundduschen! Wir sind offizieller Vertriebspartner von ApiYoo, einem f\u00fchrenden Unternehmen im Bereich der Mundhygiene. Die Produkte von ApiYoo zeichnen sich durch ein elegantes Design und eine legend\u00e4re Akkulaufzeit von bis zu 180 Tagen im Vergleich zu Wettbewerbern aus. Bei Bedarf k\u00f6nnen sie schnell... <\/p>\n<p class=\"link-more\"><a href=\"https:\/\/glasir.com.ua\/de\/%d0%b4%d0%be%d0%b3%d0%bb%d1%8f%d0%b4-%d0%b7%d0%b0-%d1%80%d0%be%d1%82%d0%be%d0%b2%d0%be%d1%8e-%d0%bf%d0%be%d1%80%d0%be%d0%b6%d0%bd%d0%b8%d0%bd%d0%be%d1%8e\/\" class=\"more-link\"><span class=\"screen-reader-text\">&quot;Mundpflege&quot; <\/span>mehr lesen<\/a><\/p>","protected":false},"author":1,"featured_media":124,"parent":0,"menu_order":0,"comment_status":"closed","ping_status":"closed","template":"","meta":{"footnotes":""},"class_list":["post-14","page","type-page","status-publish","has-post-thumbnail","hentry"],"yoast_head":"<!-- This site is optimized with the Yoast SEO plugin v27.2 - https:\/\/yoast.com\/product\/yoast-seo-wordpress\/ -->\n<title>\u0414\u043e\u0433\u043b\u044f\u0434 \u0437\u0430 \u0440\u043e\u0442\u043e\u0432\u043e\u044e \u043f\u043e\u0440\u043e\u0436\u043d\u0438\u043d\u043e\u044e - Glasir<\/title>\n<meta name=\"robots\" content=\"index, follow, max-snippet:-1, max-image-preview:large, max-video-preview:-1\" \/>\n<link rel=\"canonical\" href=\"https:\/\/glasir.com.ua\/de\/mundpflege\/\" \/>\n<meta property=\"og:locale\" content=\"de_DE\" \/>\n<meta property=\"og:type\" content=\"article\" \/>\n<meta property=\"og:title\" content=\"\u0414\u043e\u0433\u043b\u044f\u0434 \u0437\u0430 \u0440\u043e\u0442\u043e\u0432\u043e\u044e \u043f\u043e\u0440\u043e\u0436\u043d\u0438\u043d\u043e\u044e - Glasir\" \/>\n<meta property=\"og:description\" content=\"Glasir \u043f\u0440\u043e\u043f\u043e\u043d\u0443\u0454 \u0448\u0438\u0440\u043e\u043a\u0438\u0439 \u0430\u0441\u043e\u0440\u0442\u0438\u043c\u0435\u043d\u0442 \u0432\u0438\u0441\u043e\u043a\u043e\u044f\u043a\u0456\u0441\u043d\u0438\u0445 \u0437\u0430\u0441\u043e\u0431\u0456\u0432 \u0433\u0456\u0433\u0456\u0454\u043d\u0438 \u043f\u043e\u0440\u043e\u0436\u043d\u0438\u043d\u0438 \u0440\u043e\u0442\u0430 \u0434\u043b\u044f \u0434\u043e\u0440\u043e\u0441\u043b\u0438\u0445 \u0456 \u0434\u0456\u0442\u0435\u0439. \u041f\u0435\u0440\u0435\u0433\u043b\u044f\u043d\u044c\u0442\u0435 \u043d\u0430\u0448 \u043a\u0430\u0442\u0430\u043b\u043e\u0433 \u0435\u043b\u0435\u043a\u0442\u0440\u0438\u0447\u043d\u0438\u0445 \u0437\u0443\u0431\u043d\u0438\u0445 \u0449\u0456\u0442\u043e\u043a \u0442\u0430 \u0456\u0440\u0438\u0433\u0430\u0442\u043e\u0440\u0456\u0432! \u041c\u0438 \u0454 \u043e\u0444\u0456\u0446\u0456\u0439\u043d\u0438\u043c\u0438 \u0434\u0438\u0441\u0442\u0440\u0438\u0431&#8217;\u044e\u0442\u043e\u0440\u0430\u043c\u0438 ApiYoo, \u043f\u0440\u043e\u0432\u0456\u0434\u043d\u0430 \u043a\u043e\u043c\u043f\u0430\u043d\u0456\u044f \u0432 \u0433\u0430\u043b\u0443\u0437\u0456 \u0433\u0456\u0433\u0456\u0454\u043d\u0438 \u043f\u043e\u0440\u043e\u0436\u043d\u0438\u043d\u0438 \u0440\u043e\u0442\u0430. \u041f\u0440\u043e\u0434\u0443\u043a\u0442\u0438 ApiYoo \u0432\u0456\u0434\u0440\u0456\u0437\u043d\u044f\u044e\u0442\u044c\u0441\u044f \u0432\u0438\u0448\u0443\u043a\u0430\u043d\u0438\u043c \u0434\u0438\u0437\u0430\u0439\u043d\u043e\u043c \u0456 \u043b\u0435\u0433\u0435\u043d\u0434\u0430\u0440\u043d\u0438\u043c \u0447\u0430\u0441\u043e\u043c \u0430\u0432\u0442\u043e\u043d\u043e\u043c\u043d\u043e\u0457 \u0440\u043e\u0431\u043e\u0442\u0438 \u0432 \u043f\u043e\u0440\u0456\u0432\u043d\u044f\u043d\u043d\u0456 \u0437 \u043a\u043e\u043d\u043a\u0443\u0440\u0435\u043d\u0442\u0430\u043c\u0438, \u0434\u043e 180 \u0434\u043d\u0456\u0432. \u0417\u0430 \u043f\u043e\u0442\u0440\u0435\u0431\u0438 \u0457\u0445 \u043c\u043e\u0436\u043d\u0430 \u0448\u0432\u0438\u0434\u043a\u043e &hellip; \u201e\u0414\u043e\u0433\u043b\u044f\u0434 \u0437\u0430 \u0440\u043e\u0442\u043e\u0432\u043e\u044e \u043f\u043e\u0440\u043e\u0436\u043d\u0438\u043d\u043e\u044e\u201c weiterlesen\" \/>\n<meta property=\"og:url\" content=\"https:\/\/glasir.com.ua\/de\/mundpflege\/\" \/>\n<meta property=\"og:site_name\" content=\"Glasir\" \/>\n<meta property=\"article:modified_time\" content=\"2025-12-09T12:02:14+00:00\" \/>\n<meta property=\"og:image\" content=\"http:\/\/glasir.com.ua\/wp-content\/uploads\/2023\/05\/superkitina-rCT928GIboM-unsplash.jpg\" \/>\n\t<meta property=\"og:image:width\" content=\"1944\" \/>\n\t<meta property=\"og:image:height\" content=\"1296\" \/>\n\t<meta property=\"og:image:type\" content=\"image\/jpeg\" \/>\n<meta name=\"twitter:card\" content=\"summary_large_image\" \/>\n<meta name=\"twitter:label1\" content=\"Gesch\u00e4tzte Lesezeit\" \/>\n\t<meta name=\"twitter:data1\" content=\"1\u00a0Minute\" \/>\n<script type=\"application\/ld+json\" class=\"yoast-schema-graph\">{\"@context\":\"https:\/\/schema.org\",\"@graph\":[{\"@type\":\"WebPage\",\"@id\":\"https:\/\/glasir.com.ua\/%d0%b4%d0%be%d0%b3%d0%bb%d1%8f%d0%b4-%d0%b7%d0%b0-%d1%80%d0%be%d1%82%d0%be%d0%b2%d0%be%d1%8e-%d0%bf%d0%be%d1%80%d0%be%d0%b6%d0%bd%d0%b8%d0%bd%d0%be%d1%8e\/\",\"url\":\"https:\/\/glasir.com.ua\/%d0%b4%d0%be%d0%b3%d0%bb%d1%8f%d0%b4-%d0%b7%d0%b0-%d1%80%d0%be%d1%82%d0%be%d0%b2%d0%be%d1%8e-%d0%bf%d0%be%d1%80%d0%be%d0%b6%d0%bd%d0%b8%d0%bd%d0%be%d1%8e\/\",\"name\":\"\u0414\u043e\u0433\u043b\u044f\u0434 \u0437\u0430 \u0440\u043e\u0442\u043e\u0432\u043e\u044e \u043f\u043e\u0440\u043e\u0436\u043d\u0438\u043d\u043e\u044e - Glasir\",\"isPartOf\":{\"@id\":\"https:\/\/glasir.com.ua\/#website\"},\"primaryImageOfPage\":{\"@id\":\"https:\/\/glasir.com.ua\/%d0%b4%d0%be%d0%b3%d0%bb%d1%8f%d0%b4-%d0%b7%d0%b0-%d1%80%d0%be%d1%82%d0%be%d0%b2%d0%be%d1%8e-%d0%bf%d0%be%d1%80%d0%be%d0%b6%d0%bd%d0%b8%d0%bd%d0%be%d1%8e\/#primaryimage\"},\"image\":{\"@id\":\"https:\/\/glasir.com.ua\/%d0%b4%d0%be%d0%b3%d0%bb%d1%8f%d0%b4-%d0%b7%d0%b0-%d1%80%d0%be%d1%82%d0%be%d0%b2%d0%be%d1%8e-%d0%bf%d0%be%d1%80%d0%be%d0%b6%d0%bd%d0%b8%d0%bd%d0%be%d1%8e\/#primaryimage\"},\"thumbnailUrl\":\"https:\/\/glasir.com.ua\/wp-content\/uploads\/2023\/05\/superkitina-rCT928GIboM-unsplash.jpg\",\"datePublished\":\"2023-05-19T10:07:30+00:00\",\"dateModified\":\"2025-12-09T12:02:14+00:00\",\"breadcrumb\":{\"@id\":\"https:\/\/glasir.com.ua\/%d0%b4%d0%be%d0%b3%d0%bb%d1%8f%d0%b4-%d0%b7%d0%b0-%d1%80%d0%be%d1%82%d0%be%d0%b2%d0%be%d1%8e-%d0%bf%d0%be%d1%80%d0%be%d0%b6%d0%bd%d0%b8%d0%bd%d0%be%d1%8e\/#breadcrumb\"},\"inLanguage\":\"de\",\"potentialAction\":[{\"@type\":\"ReadAction\",\"target\":[\"https:\/\/glasir.com.ua\/%d0%b4%d0%be%d0%b3%d0%bb%d1%8f%d0%b4-%d0%b7%d0%b0-%d1%80%d0%be%d1%82%d0%be%d0%b2%d0%be%d1%8e-%d0%bf%d0%be%d1%80%d0%be%d0%b6%d0%bd%d0%b8%d0%bd%d0%be%d1%8e\/\"]}]},{\"@type\":\"ImageObject\",\"inLanguage\":\"de\",\"@id\":\"https:\/\/glasir.com.ua\/%d0%b4%d0%be%d0%b3%d0%bb%d1%8f%d0%b4-%d0%b7%d0%b0-%d1%80%d0%be%d1%82%d0%be%d0%b2%d0%be%d1%8e-%d0%bf%d0%be%d1%80%d0%be%d0%b6%d0%bd%d0%b8%d0%bd%d0%be%d1%8e\/#primaryimage\",\"url\":\"https:\/\/glasir.com.ua\/wp-content\/uploads\/2023\/05\/superkitina-rCT928GIboM-unsplash.jpg\",\"contentUrl\":\"https:\/\/glasir.com.ua\/wp-content\/uploads\/2023\/05\/superkitina-rCT928GIboM-unsplash.jpg\",\"width\":1944,\"height\":1296},{\"@type\":\"BreadcrumbList\",\"@id\":\"https:\/\/glasir.com.ua\/%d0%b4%d0%be%d0%b3%d0%bb%d1%8f%d0%b4-%d0%b7%d0%b0-%d1%80%d0%be%d1%82%d0%be%d0%b2%d0%be%d1%8e-%d0%bf%d0%be%d1%80%d0%be%d0%b6%d0%bd%d0%b8%d0%bd%d0%be%d1%8e\/#breadcrumb\",\"itemListElement\":[{\"@type\":\"ListItem\",\"position\":1,\"name\":\"Home\",\"item\":\"https:\/\/glasir.com.ua\/\"},{\"@type\":\"ListItem\",\"position\":2,\"name\":\"\u0414\u043e\u0433\u043b\u044f\u0434 \u0437\u0430 \u0440\u043e\u0442\u043e\u0432\u043e\u044e \u043f\u043e\u0440\u043e\u0436\u043d\u0438\u043d\u043e\u044e\"}]},{\"@type\":\"WebSite\",\"@id\":\"https:\/\/glasir.com.ua\/#website\",\"url\":\"https:\/\/glasir.com.ua\/\",\"name\":\"Glasir\",\"description\":\"\u041d\u0435\u043c\u0430\u0454 \u043f\u043e\u0440\u0456\u0432\u043d\u044f\u043d\u043d\u044f.\",\"publisher\":{\"@id\":\"https:\/\/glasir.com.ua\/#organization\"},\"potentialAction\":[{\"@type\":\"SearchAction\",\"target\":{\"@type\":\"EntryPoint\",\"urlTemplate\":\"https:\/\/glasir.com.ua\/?s={search_term_string}\"},\"query-input\":{\"@type\":\"PropertyValueSpecification\",\"valueRequired\":true,\"valueName\":\"search_term_string\"}}],\"inLanguage\":\"de\"},{\"@type\":\"Organization\",\"@id\":\"https:\/\/glasir.com.ua\/#organization\",\"name\":\"Glasir\",\"url\":\"https:\/\/glasir.com.ua\/\",\"logo\":{\"@type\":\"ImageObject\",\"inLanguage\":\"de\",\"@id\":\"https:\/\/glasir.com.ua\/#\/schema\/logo\/image\/\",\"url\":\"https:\/\/glasir.com.ua\/wp-content\/uploads\/2023\/06\/cropped-llc-glasir.png\",\"contentUrl\":\"https:\/\/glasir.com.ua\/wp-content\/uploads\/2023\/06\/cropped-llc-glasir.png\",\"width\":250,\"height\":250,\"caption\":\"Glasir\"},\"image\":{\"@id\":\"https:\/\/glasir.com.ua\/#\/schema\/logo\/image\/\"},\"sameAs\":[\"https:\/\/www.pinterest.com\/llc_glasir\",\"https:\/\/g.co\/kgs\/7CK1iZr\"]}]}<\/script>\n<!-- \/ Yoast SEO plugin. -->","yoast_head_json":{"title":"Mundpflege - Glasir","robots":{"index":"index","follow":"follow","max-snippet":"max-snippet:-1","max-image-preview":"max-image-preview:large","max-video-preview":"max-video-preview:-1"},"canonical":"https:\/\/glasir.com.ua\/de\/mundpflege\/","og_locale":"de_DE","og_type":"article","og_title":"\u0414\u043e\u0433\u043b\u044f\u0434 \u0437\u0430 \u0440\u043e\u0442\u043e\u0432\u043e\u044e \u043f\u043e\u0440\u043e\u0436\u043d\u0438\u043d\u043e\u044e - Glasir","og_description":"Glasir \u043f\u0440\u043e\u043f\u043e\u043d\u0443\u0454 \u0448\u0438\u0440\u043e\u043a\u0438\u0439 \u0430\u0441\u043e\u0440\u0442\u0438\u043c\u0435\u043d\u0442 \u0432\u0438\u0441\u043e\u043a\u043e\u044f\u043a\u0456\u0441\u043d\u0438\u0445 \u0437\u0430\u0441\u043e\u0431\u0456\u0432 \u0433\u0456\u0433\u0456\u0454\u043d\u0438 \u043f\u043e\u0440\u043e\u0436\u043d\u0438\u043d\u0438 \u0440\u043e\u0442\u0430 \u0434\u043b\u044f \u0434\u043e\u0440\u043e\u0441\u043b\u0438\u0445 \u0456 \u0434\u0456\u0442\u0435\u0439. \u041f\u0435\u0440\u0435\u0433\u043b\u044f\u043d\u044c\u0442\u0435 \u043d\u0430\u0448 \u043a\u0430\u0442\u0430\u043b\u043e\u0433 \u0435\u043b\u0435\u043a\u0442\u0440\u0438\u0447\u043d\u0438\u0445 \u0437\u0443\u0431\u043d\u0438\u0445 \u0449\u0456\u0442\u043e\u043a \u0442\u0430 \u0456\u0440\u0438\u0433\u0430\u0442\u043e\u0440\u0456\u0432! \u041c\u0438 \u0454 \u043e\u0444\u0456\u0446\u0456\u0439\u043d\u0438\u043c\u0438 \u0434\u0438\u0441\u0442\u0440\u0438\u0431&#8217;\u044e\u0442\u043e\u0440\u0430\u043c\u0438 ApiYoo, \u043f\u0440\u043e\u0432\u0456\u0434\u043d\u0430 \u043a\u043e\u043c\u043f\u0430\u043d\u0456\u044f \u0432 \u0433\u0430\u043b\u0443\u0437\u0456 \u0433\u0456\u0433\u0456\u0454\u043d\u0438 \u043f\u043e\u0440\u043e\u0436\u043d\u0438\u043d\u0438 \u0440\u043e\u0442\u0430. \u041f\u0440\u043e\u0434\u0443\u043a\u0442\u0438 ApiYoo \u0432\u0456\u0434\u0440\u0456\u0437\u043d\u044f\u044e\u0442\u044c\u0441\u044f \u0432\u0438\u0448\u0443\u043a\u0430\u043d\u0438\u043c \u0434\u0438\u0437\u0430\u0439\u043d\u043e\u043c \u0456 \u043b\u0435\u0433\u0435\u043d\u0434\u0430\u0440\u043d\u0438\u043c \u0447\u0430\u0441\u043e\u043c \u0430\u0432\u0442\u043e\u043d\u043e\u043c\u043d\u043e\u0457 \u0440\u043e\u0431\u043e\u0442\u0438 \u0432 \u043f\u043e\u0440\u0456\u0432\u043d\u044f\u043d\u043d\u0456 \u0437 \u043a\u043e\u043d\u043a\u0443\u0440\u0435\u043d\u0442\u0430\u043c\u0438, \u0434\u043e 180 \u0434\u043d\u0456\u0432. \u0417\u0430 \u043f\u043e\u0442\u0440\u0435\u0431\u0438 \u0457\u0445 \u043c\u043e\u0436\u043d\u0430 \u0448\u0432\u0438\u0434\u043a\u043e &hellip; \u201e\u0414\u043e\u0433\u043b\u044f\u0434 \u0437\u0430 \u0440\u043e\u0442\u043e\u0432\u043e\u044e \u043f\u043e\u0440\u043e\u0436\u043d\u0438\u043d\u043e\u044e\u201c weiterlesen","og_url":"https:\/\/glasir.com.ua\/de\/mundpflege\/","og_site_name":"Glasir","article_modified_time":"2025-12-09T12:02:14+00:00","og_image":[{"width":1944,"height":1296,"url":"http:\/\/glasir.com.ua\/wp-content\/uploads\/2023\/05\/superkitina-rCT928GIboM-unsplash.jpg","type":"image\/jpeg"}],"twitter_card":"summary_large_image","twitter_misc":{"Gesch\u00e4tzte Lesezeit":"1\u00a0Minute"},"schema":{"@context":"https:\/\/schema.org","@graph":[{"@type":"WebPage","@id":"https:\/\/glasir.com.ua\/%d0%b4%d0%be%d0%b3%d0%bb%d1%8f%d0%b4-%d0%b7%d0%b0-%d1%80%d0%be%d1%82%d0%be%d0%b2%d0%be%d1%8e-%d0%bf%d0%be%d1%80%d0%be%d0%b6%d0%bd%d0%b8%d0%bd%d0%be%d1%8e\/","url":"https:\/\/glasir.com.ua\/%d0%b4%d0%be%d0%b3%d0%bb%d1%8f%d0%b4-%d0%b7%d0%b0-%d1%80%d0%be%d1%82%d0%be%d0%b2%d0%be%d1%8e-%d0%bf%d0%be%d1%80%d0%be%d0%b6%d0%bd%d0%b8%d0%bd%d0%be%d1%8e\/","name":"Mundpflege - Glasir","isPartOf":{"@id":"https:\/\/glasir.com.ua\/#website"},"primaryImageOfPage":{"@id":"https:\/\/glasir.com.ua\/%d0%b4%d0%be%d0%b3%d0%bb%d1%8f%d0%b4-%d0%b7%d0%b0-%d1%80%d0%be%d1%82%d0%be%d0%b2%d0%be%d1%8e-%d0%bf%d0%be%d1%80%d0%be%d0%b6%d0%bd%d0%b8%d0%bd%d0%be%d1%8e\/#primaryimage"},"image":{"@id":"https:\/\/glasir.com.ua\/%d0%b4%d0%be%d0%b3%d0%bb%d1%8f%d0%b4-%d0%b7%d0%b0-%d1%80%d0%be%d1%82%d0%be%d0%b2%d0%be%d1%8e-%d0%bf%d0%be%d1%80%d0%be%d0%b6%d0%bd%d0%b8%d0%bd%d0%be%d1%8e\/#primaryimage"},"thumbnailUrl":"https:\/\/glasir.com.ua\/wp-content\/uploads\/2023\/05\/superkitina-rCT928GIboM-unsplash.jpg","datePublished":"2023-05-19T10:07:30+00:00","dateModified":"2025-12-09T12:02:14+00:00","breadcrumb":{"@id":"https:\/\/glasir.com.ua\/%d0%b4%d0%be%d0%b3%d0%bb%d1%8f%d0%b4-%d0%b7%d0%b0-%d1%80%d0%be%d1%82%d0%be%d0%b2%d0%be%d1%8e-%d0%bf%d0%be%d1%80%d0%be%d0%b6%d0%bd%d0%b8%d0%bd%d0%be%d1%8e\/#breadcrumb"},"inLanguage":"de","potentialAction":[{"@type":"ReadAction","target":["https:\/\/glasir.com.ua\/%d0%b4%d0%be%d0%b3%d0%bb%d1%8f%d0%b4-%d0%b7%d0%b0-%d1%80%d0%be%d1%82%d0%be%d0%b2%d0%be%d1%8e-%d0%bf%d0%be%d1%80%d0%be%d0%b6%d0%bd%d0%b8%d0%bd%d0%be%d1%8e\/"]}]},{"@type":"ImageObject","inLanguage":"de","@id":"https:\/\/glasir.com.ua\/%d0%b4%d0%be%d0%b3%d0%bb%d1%8f%d0%b4-%d0%b7%d0%b0-%d1%80%d0%be%d1%82%d0%be%d0%b2%d0%be%d1%8e-%d0%bf%d0%be%d1%80%d0%be%d0%b6%d0%bd%d0%b8%d0%bd%d0%be%d1%8e\/#primaryimage","url":"https:\/\/glasir.com.ua\/wp-content\/uploads\/2023\/05\/superkitina-rCT928GIboM-unsplash.jpg","contentUrl":"https:\/\/glasir.com.ua\/wp-content\/uploads\/2023\/05\/superkitina-rCT928GIboM-unsplash.jpg","width":1944,"height":1296},{"@type":"BreadcrumbList","@id":"https:\/\/glasir.com.ua\/%d0%b4%d0%be%d0%b3%d0%bb%d1%8f%d0%b4-%d0%b7%d0%b0-%d1%80%d0%be%d1%82%d0%be%d0%b2%d0%be%d1%8e-%d0%bf%d0%be%d1%80%d0%be%d0%b6%d0%bd%d0%b8%d0%bd%d0%be%d1%8e\/#breadcrumb","itemListElement":[{"@type":"ListItem","position":1,"name":"Home","item":"https:\/\/glasir.com.ua\/"},{"@type":"ListItem","position":2,"name":"\u0414\u043e\u0433\u043b\u044f\u0434 \u0437\u0430 \u0440\u043e\u0442\u043e\u0432\u043e\u044e \u043f\u043e\u0440\u043e\u0436\u043d\u0438\u043d\u043e\u044e"}]},{"@type":"WebSite","@id":"https:\/\/glasir.com.ua\/#website","url":"https:\/\/glasir.com.ua\/","name":"Glasir","description":"Es gibt keinen Vergleich.","publisher":{"@id":"https:\/\/glasir.com.ua\/#organization"},"potentialAction":[{"@type":"SearchAction","target":{"@type":"EntryPoint","urlTemplate":"https:\/\/glasir.com.ua\/?s={search_term_string}"},"query-input":{"@type":"PropertyValueSpecification","valueRequired":true,"valueName":"search_term_string"}}],"inLanguage":"de"},{"@type":"Organization","@id":"https:\/\/glasir.com.ua\/#organization","name":"Glasir","url":"https:\/\/glasir.com.ua\/","logo":{"@type":"ImageObject","inLanguage":"de","@id":"https:\/\/glasir.com.ua\/#\/schema\/logo\/image\/","url":"https:\/\/glasir.com.ua\/wp-content\/uploads\/2023\/06\/cropped-llc-glasir.png","contentUrl":"https:\/\/glasir.com.ua\/wp-content\/uploads\/2023\/06\/cropped-llc-glasir.png","width":250,"height":250,"caption":"Glasir"},"image":{"@id":"https:\/\/glasir.com.ua\/#\/schema\/logo\/image\/"},"sameAs":["https:\/\/www.pinterest.com\/llc_glasir","https:\/\/g.co\/kgs\/7CK1iZr"]}]}},"_links":{"self":[{"href":"https:\/\/glasir.com.ua\/de\/wp-json\/wp\/v2\/pages\/14","targetHints":{"allow":["GET"]}}],"collection":[{"href":"https:\/\/glasir.com.ua\/de\/wp-json\/wp\/v2\/pages"}],"about":[{"href":"https:\/\/glasir.com.ua\/de\/wp-json\/wp\/v2\/types\/page"}],"author":[{"embeddable":true,"href":"https:\/\/glasir.com.ua\/de\/wp-json\/wp\/v2\/users\/1"}],"replies":[{"embeddable":true,"href":"https:\/\/glasir.com.ua\/de\/wp-json\/wp\/v2\/comments?post=14"}],"version-history":[{"count":1,"href":"https:\/\/glasir.com.ua\/de\/wp-json\/wp\/v2\/pages\/14\/revisions"}],"predecessor-version":[{"id":2290,"href":"https:\/\/glasir.com.ua\/de\/wp-json\/wp\/v2\/pages\/14\/revisions\/2290"}],"wp:featuredmedia":[{"embeddable":true,"href":"https:\/\/glasir.com.ua\/de\/wp-json\/wp\/v2\/media\/124"}],"wp:attachment":[{"href":"https:\/\/glasir.com.ua\/de\/wp-json\/wp\/v2\/media?parent=14"}],"curies":[{"name":"wp","href":"https:\/\/api.w.org\/{rel}","templated":true}]}}